{"id":35428,"date":"2025-11-24T17:08:35","date_gmt":"2025-11-24T22:08:35","guid":{"rendered":"https:\/\/www.mastercam.com\/solutions\/products\/dynamisk-rorelse\/"},"modified":"2026-02-11T12:58:12","modified_gmt":"2026-02-11T17:58:12","slug":"dynamisk-rorelse","status":"publish","type":"product","link":"https:\/\/www.mastercam.com\/sv\/solutions\/products\/dynamisk-rorelse\/","title":{"rendered":"Dynamic Motion"},"content":{"rendered":"<div class=\"hero__breadcrumbs\">\n    <div class=\"container-fluid\">\n      <div class=\"row\">\n        <div class=\"col\">\n          <nav aria-label=\"breadcrumbs\"><ol class=\"breadcrumb\"><li><a href=\"https:\/\/www.mastercam.com\/sv\/\">Home<\/a><\/li><\/ol><\/nav>\n        <\/div>\n      <\/div>\n    <\/div>\n  <\/div>\n\n<div class=\"hero hero--minimal wp-block-acf-block-hero\">\n  <div class=\"container-fluid\">\n    <div class=\"row align-items-center\">\n      \n      \n      \n      <div class=\"col-12 col-lg-7 order-2 order-lg-2 hero__content-column\">\n        <div class=\"hero__content\">\n                      <h1 class=\"hero__heading\">\n              \n              Teknik f\u00f6r dynamisk r\u00f6relse\n            <\/h1>\n          \n          \n          \n          \n          \n                  <\/div>\n      <\/div>\n    <\/div>\n  <\/div>\n<\/div>\n\n<div class=\"wp-block-group is-style-light-gray-bg is-layout-constrained wp-block-group-is-layout-constrained\" style=\"padding-top:var(--wp--preset--spacing--6);padding-bottom:var(--wp--preset--spacing--6)\">\n<div class=\"wp-block-columns is-style-container is-layout-flex wp-container-core-columns-is-layout-28f84493 wp-block-columns-is-layout-flex\">\n<div class=\"wp-block-column is-layout-flow wp-block-column-is-layout-flow\">\n<h2 class=\"wp-block-heading has-text-align-left\">Varf\u00f6r Dynamic Motion<\/h2>\n\n\n\n<p>Dynamic Motion\u00ae-tekniken f\u00f6r\u00e4ndrar hur du bearbetar. Dina verktyg h\u00e5ller l\u00e4ngre, dina detaljer blir f\u00e4rdiga snabbare och dina maskiner g\u00e5r smidigare &#8211; \u00e4ven vid de tuffaste jobben. Genom att optimera sk\u00e4rr\u00f6relserna f\u00f6r att minska krafterna p\u00e5 utrustningen kan du snabbare bearbeta komplexa komponenter och kr\u00e4vande material samtidigt som du skyddar din investering i verktyg och maskiner. Utforska f\u00f6rdelarna med Dynamic Motion\u00ae genom att titta p\u00e5 dessa korta videor.   <\/p>\n\n\n<div class=\"container-fluid aligncenter wp-block-acf-block-cards\">\n  <div class=\"cards row g-4\">\n                                    <div class=\"col col-12 col-md-6 col-lg-4\">\n  <div class=\"card h-100 card--default card--linked\">\n          <img decoding=\"async\" src=\"https:\/\/www.mastercam.com\/wp-content\/uploads\/2025\/11\/icon-check-red.svg\" class=\"card-img-top\" alt=\"Tuffa material g\u00f6rs enkelt\" loading=\"lazy\" \/>\n    \n    <div class=\"card-body\">\n      \n      <h3 class=\"card-title\">Tuffa material g\u00f6rs enkelt<\/h3>\n\n              <p class=\"card-text\">H\u00e5rda material inneb\u00e4r unika problem &#8211; Dynamic Motion g\u00f6r de tuffa materialen enklare.<\/p>\n      \n          <\/div>\n\n          \n      <div class=\"card-footer\">\n        <a class=\"btn btn-outline-secondary stretched-link\" href=\"https:\/\/youtu.be\/IxoAp_N7b3I\">\n          Titta p\u00e5 video<span class=\"sr-only\"> about Tuffa material g\u00f6rs enkelt<\/span>\n        <\/a>\n      <\/div>\n      <\/div>\n\n  <\/div>\n                                        <div class=\"col col-12 col-md-6 col-lg-4\">\n  <div class=\"card h-100 card--default card--linked\">\n          <img decoding=\"async\" src=\"https:\/\/www.mastercam.com\/wp-content\/uploads\/2025\/11\/icon-training.svg\" class=\"card-img-top\" alt=\"Optimera varje maskin\" loading=\"lazy\" \/>\n    \n    <div class=\"card-body\">\n      \n      <h3 class=\"card-title\">Optimera varje maskin<\/h3>\n\n              <p class=\"card-text\">Nya maskiner, gamla maskiner &#8211; Dynamic Motion f\u00e5r dem alla att prestera b\u00e4ttre.<\/p>\n      \n          <\/div>\n\n          \n      <div class=\"card-footer\">\n        <a class=\"btn btn-outline-secondary stretched-link\" href=\"https:\/\/youtu.be\/U51ZO2Pb37U%5D\">\n          Titta p\u00e5 video<span class=\"sr-only\"> about Optimera varje maskin<\/span>\n        <\/a>\n      <\/div>\n      <\/div>\n\n  <\/div>\n                                        <div class=\"col col-12 col-md-6 col-lg-4\">\n  <div class=\"card h-100 card--default card--linked\">\n          <img decoding=\"async\" src=\"https:\/\/www.mastercam.com\/wp-content\/uploads\/2025\/11\/icon-solution-arrow.svg\" class=\"card-img-top\" alt=\"Minska cykeltiden\" loading=\"lazy\" \/>\n    \n    <div class=\"card-body\">\n      \n      <h3 class=\"card-title\">Minska cykeltiden<\/h3>\n\n              <p class=\"card-text\">Dynamic Motions materialmedvetna teknik kan minska cykeltiderna med 25-75 %.<\/p>\n      \n          <\/div>\n\n          \n      <div class=\"card-footer\">\n        <a class=\"btn btn-outline-secondary stretched-link\" href=\"https:\/\/youtu.be\/5WRE4jwnRE4?t=1\">\n          Titta p\u00e5 video<span class=\"sr-only\"> about Minska cykeltiden<\/span>\n        <\/a>\n      <\/div>\n      <\/div>\n\n  <\/div>\n                    <\/div>\n<\/div>\n\n\n<div class=\"container-fluid aligncenter wp-block-acf-block-cards\">\n  <div class=\"cards row g-4\">\n                                    <div class=\"col col-12 col-md-6 col-lg-4\">\n  <div class=\"card h-100 card--default card--linked\">\n          <img decoding=\"async\" src=\"https:\/\/www.mastercam.com\/wp-content\/uploads\/2025\/11\/icon-drivers.svg\" class=\"card-img-top\" alt=\"Minskar maskinslitaget\" loading=\"lazy\" \/>\n    \n    <div class=\"card-body\">\n      \n      <h3 class=\"card-title\">Minskar maskinslitaget<\/h3>\n\n              <p class=\"card-text\">Smidig r\u00f6relse och f\u00e4rre verktygsbanereverseringar inneb\u00e4r att dina maskiner slits mindre.<\/p>\n      \n          <\/div>\n\n          \n      <div class=\"card-footer\">\n        <a class=\"btn btn-outline-secondary stretched-link\" href=\"https:\/\/youtu.be\/lPv8_JxdHK01\">\n          Titta p\u00e5 video<span class=\"sr-only\"> about Minskar maskinslitaget<\/span>\n        <\/a>\n      <\/div>\n      <\/div>\n\n  <\/div>\n                                        <div class=\"col col-12 col-md-6 col-lg-4\">\n  <div class=\"card h-100 card--default card--linked\">\n          <img decoding=\"async\" src=\"https:\/\/www.mastercam.com\/wp-content\/uploads\/2025\/11\/icon-results-chart.svg\" class=\"card-img-top\" alt=\"F\u00f6rl\u00e4ng verktygens livsl\u00e4ngd\" loading=\"lazy\" \/>\n    \n    <div class=\"card-body\">\n      \n      <h3 class=\"card-title\">F\u00f6rl\u00e4ng verktygens livsl\u00e4ngd<\/h3>\n\n              <p class=\"card-text\">Dramatiskt f\u00f6rl\u00e4ngd verktygslivsl\u00e4ngd inneb\u00e4r f\u00e4rre verktygsbyten, fler delar och l\u00e4gre kostnader.<\/p>\n      \n          <\/div>\n\n          \n      <div class=\"card-footer\">\n        <a class=\"btn btn-outline-secondary stretched-link\" href=\"https:\/\/www.youtube.com\/watch?v=kP9DcTABvXg\">\n          Titta p\u00e5 video<span class=\"sr-only\"> about F\u00f6rl\u00e4ng verktygens livsl\u00e4ngd<\/span>\n        <\/a>\n      <\/div>\n      <\/div>\n\n  <\/div>\n                    <\/div>\n<\/div>\n<\/div>\n<\/div>\n<\/div>\n","protected":false},"featured_media":35434,"parent":0,"menu_order":0,"template":"","meta":{"_acf_changed":false,"footnotes":""},"class_list":["post-35428","product","type-product","status-publish","has-post-thumbnail","hentry"],"acf":[],"yoast_head":"<!-- This site is optimized with the Yoast SEO plugin v26.8 - https:\/\/yoast.com\/product\/yoast-seo-wordpress\/ -->\n<title>Dynamic Motion - mastercam.com<\/title>\n<meta name=\"description\" content=\"Utforska Dynamic Motion-tekniken f\u00f6r att f\u00f6rb\u00e4ttra din bearbetningsprocess och minska cykeltiderna med upp till 75 %.\" \/>\n<meta name=\"robots\" content=\"index, follow, max-snippet:-1, max-image-preview:large, max-video-preview:-1\" \/>\n<link rel=\"canonical\" href=\"https:\/\/www.mastercam.com\/sv\/solutions\/products\/dynamisk-rorelse\/\" \/>\n<meta property=\"og:locale\" content=\"sv_SE\" \/>\n<meta property=\"og:type\" content=\"article\" \/>\n<meta property=\"og:title\" content=\"Dynamic Motion - mastercam.com\" \/>\n<meta property=\"og:description\" content=\"Utforska Dynamic Motion-tekniken f\u00f6r att f\u00f6rb\u00e4ttra din bearbetningsprocess och minska cykeltiderna med upp till 75 %.\" \/>\n<meta property=\"og:url\" content=\"https:\/\/www.mastercam.com\/sv\/solutions\/products\/dynamisk-rorelse\/\" \/>\n<meta property=\"og:site_name\" content=\"mastercam.com\" \/>\n<meta property=\"article:publisher\" content=\"https:\/\/www.facebook.com\/Mastercam\/\" \/>\n<meta property=\"article:modified_time\" content=\"2026-02-11T17:58:12+00:00\" \/>\n<meta property=\"og:image\" content=\"https:\/\/www.mastercam.com\/wp-content\/uploads\/2025\/11\/0161-1024x683.jpg\" \/>\n<meta name=\"twitter:card\" content=\"summary_large_image\" \/>\n<meta name=\"twitter:site\" content=\"@mastercam\" \/>\n<script type=\"application\/ld+json\" class=\"yoast-schema-graph\">{\"@context\":\"https:\/\/schema.org\",\"@graph\":[{\"@type\":\"WebPage\",\"@id\":\"https:\/\/www.mastercam.com\/sv\/solutions\/products\/dynamisk-rorelse\/\",\"url\":\"https:\/\/www.mastercam.com\/sv\/solutions\/products\/dynamisk-rorelse\/\",\"name\":\"Dynamic Motion - mastercam.com\",\"isPartOf\":{\"@id\":\"https:\/\/www.mastercam.com\/sv\/#website\"},\"primaryImageOfPage\":{\"@id\":\"https:\/\/www.mastercam.com\/sv\/solutions\/products\/dynamisk-rorelse\/#primaryimage\"},\"image\":{\"@id\":\"https:\/\/www.mastercam.com\/sv\/solutions\/products\/dynamisk-rorelse\/#primaryimage\"},\"thumbnailUrl\":\"https:\/\/www.mastercam.com\/wp-content\/uploads\/2025\/11\/Mastercam-Dynamic-Motion-web.png\",\"datePublished\":\"2025-11-24T22:08:35+00:00\",\"dateModified\":\"2026-02-11T17:58:12+00:00\",\"description\":\"Utforska Dynamic Motion-tekniken f\u00f6r att f\u00f6rb\u00e4ttra din bearbetningsprocess och minska cykeltiderna med upp till 75 %.\",\"breadcrumb\":{\"@id\":\"https:\/\/www.mastercam.com\/sv\/solutions\/products\/dynamisk-rorelse\/#breadcrumb\"},\"inLanguage\":\"sv-SE\",\"potentialAction\":[{\"@type\":\"ReadAction\",\"target\":[\"https:\/\/www.mastercam.com\/sv\/solutions\/products\/dynamisk-rorelse\/\"]}]},{\"@type\":\"ImageObject\",\"inLanguage\":\"sv-SE\",\"@id\":\"https:\/\/www.mastercam.com\/sv\/solutions\/products\/dynamisk-rorelse\/#primaryimage\",\"url\":\"https:\/\/www.mastercam.com\/wp-content\/uploads\/2025\/11\/Mastercam-Dynamic-Motion-web.png\",\"contentUrl\":\"https:\/\/www.mastercam.com\/wp-content\/uploads\/2025\/11\/Mastercam-Dynamic-Motion-web.png\",\"width\":1000,\"height\":1000},{\"@type\":\"BreadcrumbList\",\"@id\":\"https:\/\/www.mastercam.com\/sv\/solutions\/products\/dynamisk-rorelse\/#breadcrumb\",\"itemListElement\":[{\"@type\":\"ListItem\",\"position\":1,\"name\":\"Home\",\"item\":\"https:\/\/www.mastercam.com\/sv\/\"},{\"@type\":\"ListItem\",\"position\":2,\"name\":\"Dynamic Motion\"}]},{\"@type\":\"WebSite\",\"@id\":\"https:\/\/www.mastercam.com\/sv\/#website\",\"url\":\"https:\/\/www.mastercam.com\/sv\/\",\"name\":\"Mastercam\",\"description\":\"Creating software and services that solve the world&#039;s manufacturing challenges\",\"publisher\":{\"@id\":\"https:\/\/www.mastercam.com\/sv\/#organization\"},\"potentialAction\":[{\"@type\":\"SearchAction\",\"target\":{\"@type\":\"EntryPoint\",\"urlTemplate\":\"https:\/\/www.mastercam.com\/sv\/?s={search_term_string}\"},\"query-input\":{\"@type\":\"PropertyValueSpecification\",\"valueRequired\":true,\"valueName\":\"search_term_string\"}}],\"inLanguage\":\"sv-SE\"},{\"@type\":\"Organization\",\"@id\":\"https:\/\/www.mastercam.com\/sv\/#organization\",\"name\":\"Mastercam\",\"url\":\"https:\/\/www.mastercam.com\/sv\/\",\"logo\":{\"@type\":\"ImageObject\",\"inLanguage\":\"sv-SE\",\"@id\":\"https:\/\/www.mastercam.com\/sv\/#\/schema\/logo\/image\/\",\"url\":\"https:\/\/www.mastercam.com\/wp-content\/uploads\/2023\/02\/MC_logo.svg\",\"contentUrl\":\"https:\/\/www.mastercam.com\/wp-content\/uploads\/2023\/02\/MC_logo.svg\",\"width\":230,\"height\":40,\"caption\":\"Mastercam\"},\"image\":{\"@id\":\"https:\/\/www.mastercam.com\/sv\/#\/schema\/logo\/image\/\"},\"sameAs\":[\"https:\/\/www.facebook.com\/Mastercam\/\",\"https:\/\/x.com\/mastercam\",\"https:\/\/www.linkedin.com\/company\/mastercam\",\"https:\/\/www.youtube.com\/channel\/UChJt5ruSkqnmFH44WsXVZLw\",\"https:\/\/www.instagram.com\/mastercam\/\"]}]}<\/script>\n<!-- \/ Yoast SEO plugin. -->","yoast_head_json":{"title":"Dynamic Motion - mastercam.com","description":"Utforska Dynamic Motion-tekniken f\u00f6r att f\u00f6rb\u00e4ttra din bearbetningsprocess och minska cykeltiderna med upp till 75 %.","robots":{"index":"index","follow":"follow","max-snippet":"max-snippet:-1","max-image-preview":"max-image-preview:large","max-video-preview":"max-video-preview:-1"},"canonical":"https:\/\/www.mastercam.com\/sv\/solutions\/products\/dynamisk-rorelse\/","og_locale":"sv_SE","og_type":"article","og_title":"Dynamic Motion - mastercam.com","og_description":"Utforska Dynamic Motion-tekniken f\u00f6r att f\u00f6rb\u00e4ttra din bearbetningsprocess och minska cykeltiderna med upp till 75 %.","og_url":"https:\/\/www.mastercam.com\/sv\/solutions\/products\/dynamisk-rorelse\/","og_site_name":"mastercam.com","article_publisher":"https:\/\/www.facebook.com\/Mastercam\/","article_modified_time":"2026-02-11T17:58:12+00:00","og_image":[{"url":"https:\/\/www.mastercam.com\/wp-content\/uploads\/2025\/11\/0161-1024x683.jpg","type":"","width":"","height":""}],"twitter_card":"summary_large_image","twitter_site":"@mastercam","schema":{"@context":"https:\/\/schema.org","@graph":[{"@type":"WebPage","@id":"https:\/\/www.mastercam.com\/sv\/solutions\/products\/dynamisk-rorelse\/","url":"https:\/\/www.mastercam.com\/sv\/solutions\/products\/dynamisk-rorelse\/","name":"Dynamic Motion - mastercam.com","isPartOf":{"@id":"https:\/\/www.mastercam.com\/sv\/#website"},"primaryImageOfPage":{"@id":"https:\/\/www.mastercam.com\/sv\/solutions\/products\/dynamisk-rorelse\/#primaryimage"},"image":{"@id":"https:\/\/www.mastercam.com\/sv\/solutions\/products\/dynamisk-rorelse\/#primaryimage"},"thumbnailUrl":"https:\/\/www.mastercam.com\/wp-content\/uploads\/2025\/11\/Mastercam-Dynamic-Motion-web.png","datePublished":"2025-11-24T22:08:35+00:00","dateModified":"2026-02-11T17:58:12+00:00","description":"Utforska Dynamic Motion-tekniken f\u00f6r att f\u00f6rb\u00e4ttra din bearbetningsprocess och minska cykeltiderna med upp till 75 %.","breadcrumb":{"@id":"https:\/\/www.mastercam.com\/sv\/solutions\/products\/dynamisk-rorelse\/#breadcrumb"},"inLanguage":"sv-SE","potentialAction":[{"@type":"ReadAction","target":["https:\/\/www.mastercam.com\/sv\/solutions\/products\/dynamisk-rorelse\/"]}]},{"@type":"ImageObject","inLanguage":"sv-SE","@id":"https:\/\/www.mastercam.com\/sv\/solutions\/products\/dynamisk-rorelse\/#primaryimage","url":"https:\/\/www.mastercam.com\/wp-content\/uploads\/2025\/11\/Mastercam-Dynamic-Motion-web.png","contentUrl":"https:\/\/www.mastercam.com\/wp-content\/uploads\/2025\/11\/Mastercam-Dynamic-Motion-web.png","width":1000,"height":1000},{"@type":"BreadcrumbList","@id":"https:\/\/www.mastercam.com\/sv\/solutions\/products\/dynamisk-rorelse\/#breadcrumb","itemListElement":[{"@type":"ListItem","position":1,"name":"Home","item":"https:\/\/www.mastercam.com\/sv\/"},{"@type":"ListItem","position":2,"name":"Dynamic Motion"}]},{"@type":"WebSite","@id":"https:\/\/www.mastercam.com\/sv\/#website","url":"https:\/\/www.mastercam.com\/sv\/","name":"Mastercam","description":"Creating software and services that solve the world&#039;s manufacturing challenges","publisher":{"@id":"https:\/\/www.mastercam.com\/sv\/#organization"},"potentialAction":[{"@type":"SearchAction","target":{"@type":"EntryPoint","urlTemplate":"https:\/\/www.mastercam.com\/sv\/?s={search_term_string}"},"query-input":{"@type":"PropertyValueSpecification","valueRequired":true,"valueName":"search_term_string"}}],"inLanguage":"sv-SE"},{"@type":"Organization","@id":"https:\/\/www.mastercam.com\/sv\/#organization","name":"Mastercam","url":"https:\/\/www.mastercam.com\/sv\/","logo":{"@type":"ImageObject","inLanguage":"sv-SE","@id":"https:\/\/www.mastercam.com\/sv\/#\/schema\/logo\/image\/","url":"https:\/\/www.mastercam.com\/wp-content\/uploads\/2023\/02\/MC_logo.svg","contentUrl":"https:\/\/www.mastercam.com\/wp-content\/uploads\/2023\/02\/MC_logo.svg","width":230,"height":40,"caption":"Mastercam"},"image":{"@id":"https:\/\/www.mastercam.com\/sv\/#\/schema\/logo\/image\/"},"sameAs":["https:\/\/www.facebook.com\/Mastercam\/","https:\/\/x.com\/mastercam","https:\/\/www.linkedin.com\/company\/mastercam","https:\/\/www.youtube.com\/channel\/UChJt5ruSkqnmFH44WsXVZLw","https:\/\/www.instagram.com\/mastercam\/"]}]}},"_links":{"self":[{"href":"https:\/\/www.mastercam.com\/sv\/wp-json\/wp\/v2\/product\/35428","targetHints":{"allow":["GET"]}}],"collection":[{"href":"https:\/\/www.mastercam.com\/sv\/wp-json\/wp\/v2\/product"}],"about":[{"href":"https:\/\/www.mastercam.com\/sv\/wp-json\/wp\/v2\/types\/product"}],"version-history":[{"count":0,"href":"https:\/\/www.mastercam.com\/sv\/wp-json\/wp\/v2\/product\/35428\/revisions"}],"wp:featuredmedia":[{"embeddable":true,"href":"https:\/\/www.mastercam.com\/sv\/wp-json\/wp\/v2\/media\/35434"}],"wp:attachment":[{"href":"https:\/\/www.mastercam.com\/sv\/wp-json\/wp\/v2\/media?parent=35428"}],"curies":[{"name":"wp","href":"https:\/\/api.w.org\/{rel}","templated":true}]}}