{"id":37315,"date":"2023-01-31T19:02:44","date_gmt":"2023-02-01T00:02:44","guid":{"rendered":"https:\/\/www.mastercam.com\/gemenskap\/tavlingar\/mastercam-skillsusa-program\/"},"modified":"2026-01-16T11:19:35","modified_gmt":"2026-01-16T16:19:35","slug":"mastercam-skillsusa-program","status":"publish","type":"page","link":"https:\/\/www.mastercam.com\/sv\/gemenskap\/tavlingar\/mastercam-skillsusa-program\/","title":{"rendered":"Mastercam SkillsUSA-program"},"content":{"rendered":"\n<div class=\"wp-block-group is-style-container is-layout-flow wp-block-group-is-layout-flow\" style=\"margin-bottom:var(--wp--preset--spacing--6)\">\n<div class=\"wp-block-group is-layout-flow wp-block-group-is-layout-flow\"\/>\n\n\n\n<figure class=\"wp-block-image aligncenter size-full is-resized\"><img loading=\"lazy\" decoding=\"async\" width=\"768\" height=\"498\" src=\"http:\/\/www.mastercam.com\/wp-content\/uploads\/2023\/03\/SkillsUSALogo1-768x498-1.jpg\" alt=\"\" class=\"wp-image-6026\" style=\"width:280px;height:182px\" srcset=\"https:\/\/www.mastercam.com\/wp-content\/uploads\/2023\/03\/SkillsUSALogo1-768x498-1.jpg 768w, https:\/\/www.mastercam.com\/wp-content\/uploads\/2023\/03\/SkillsUSALogo1-768x498-1-300x195.jpg 300w, https:\/\/www.mastercam.com\/wp-content\/uploads\/2023\/03\/SkillsUSALogo1-768x498-1-112x73.jpg 112w, https:\/\/www.mastercam.com\/wp-content\/uploads\/2023\/03\/SkillsUSALogo1-768x498-1-224x145.jpg 224w\" sizes=\"auto, (max-width: 768px) 100vw, 768px\" \/><\/figure>\n\n\n\n<p>Mastercam \u00e4r glada att kunna erbjuda st\u00f6d till studenter som t\u00e4vlar i SkillsUSA CNC-t\u00e4vlingar. Studenter som deltar i dessa CNC-t\u00e4vlingar \u00e4r ber\u00e4ttigade till gratis programvara och teknisk support. F\u00f6r skolor som redan anv\u00e4nder Mastercam Educational Suite, v\u00e4nligen fyll i detta formul\u00e4r om eleverna beh\u00f6ver tillf\u00e4lliga licenser f\u00f6r att f\u00f6rbereda sig inf\u00f6r t\u00e4vlingen. Om du \u00e4r l\u00e4rare eller elev p\u00e5 en skola som inte redan anv\u00e4nder Mastercam Educational Suite i klassrummet, uppmuntras du ocks\u00e5 att fylla i formul\u00e4ret. Efter godk\u00e4nnande kommer sex m\u00e5naders tidsbegr\u00e4nsade licenser av Mastercam Educational Suite med Multiaxis att tillhandah\u00e5llas. I programvaran ing\u00e5r Mastercam Mill, Lathe, Wire, Router, Design, Art, ProDrill och Mastercam f\u00f6r <sup>SOLIDWORKS\u00ae<\/sup>.     <\/p>\n\n\n\n<p>L\u00e4s igenom <a href=\"http:\/\/www.mastercam.com\/wp-content\/uploads\/2023\/05\/MastercamEducationSponsorshipAgreement-GenericFinal.pdf\" target=\"_blank\" rel=\"noreferrer noopener\">Mastercam Sponsorship Agreement<\/a> f\u00f6r SkillsUSA-deltagare och fyll sedan i anm\u00e4lningsformul\u00e4ret f\u00f6r att komma ig\u00e5ng.<\/p>\n\n\n\n<script charset=\"utf-8\" type=\"text\/javascript\" src=\"\/\/js.hsforms.net\/forms\/embed\/v2.js\"><\/script><script>hbspt.forms.create({\n    portalId: \"3375755\",\n    formId: \"bf3b82e7-700c-4cf9-a141-999be42a1ddb\",\n    region: \"na1\"\n  });\n<\/script>\n<\/div>\n","protected":false},"excerpt":{"rendered":"<p>Mastercam \u00e4r glada att kunna erbjuda st\u00f6d till studenter som t\u00e4vlar i SkillsUSA CNC-t\u00e4vlingar. Studenter [&hellip;]<\/p>\n","protected":false},"author":1,"featured_media":0,"parent":36845,"menu_order":0,"comment_status":"closed","ping_status":"closed","template":"","meta":{"_acf_changed":false,"footnotes":""},"class_list":["post-37315","page","type-page","status-publish","hentry"],"acf":[],"yoast_head":"<!-- This site is optimized with the Yoast SEO plugin v27.3 - https:\/\/yoast.com\/product\/yoast-seo-wordpress\/ -->\n<title>Mastercam SkillsUSA-program - mastercam.com<\/title>\n<meta name=\"description\" content=\"Mastercam \u00e4r glada att kunna erbjuda st\u00f6d till studenter som t\u00e4vlar i SkillsUSA CNC-t\u00e4vlingar. Studenter som deltar i dessa CNC-t\u00e4vlingar \u00e4r ber\u00e4ttigade\" \/>\n<meta name=\"robots\" content=\"index, follow, max-snippet:-1, max-image-preview:large, max-video-preview:-1\" \/>\n<link rel=\"canonical\" href=\"https:\/\/www.mastercam.com\/sv\/gemenskap\/tavlingar\/mastercam-skillsusa-program\/\" \/>\n<meta property=\"og:locale\" content=\"sv_SE\" \/>\n<meta property=\"og:type\" content=\"article\" \/>\n<meta property=\"og:title\" content=\"Mastercam SkillsUSA-program - mastercam.com\" \/>\n<meta property=\"og:description\" content=\"Mastercam \u00e4r glada att kunna erbjuda st\u00f6d till studenter som t\u00e4vlar i SkillsUSA CNC-t\u00e4vlingar. Studenter som deltar i dessa CNC-t\u00e4vlingar \u00e4r ber\u00e4ttigade\" \/>\n<meta property=\"og:url\" content=\"https:\/\/www.mastercam.com\/sv\/gemenskap\/tavlingar\/mastercam-skillsusa-program\/\" \/>\n<meta property=\"og:site_name\" content=\"mastercam.com\" \/>\n<meta property=\"article:publisher\" content=\"https:\/\/www.facebook.com\/Mastercam\/\" \/>\n<meta property=\"article:modified_time\" content=\"2026-01-16T16:19:35+00:00\" \/>\n<meta property=\"og:image\" content=\"http:\/\/www.mastercam.com\/wp-content\/uploads\/2023\/03\/SkillsUSALogo1-768x498-1.jpg\" \/>\n<meta name=\"twitter:card\" content=\"summary_large_image\" \/>\n<meta name=\"twitter:site\" content=\"@mastercam\" \/>\n<meta name=\"twitter:label1\" content=\"Est. reading time\" \/>\n\t<meta name=\"twitter:data1\" content=\"1 minute\" \/>\n<script type=\"application\/ld+json\" class=\"yoast-schema-graph\">{\"@context\":\"https:\\\/\\\/schema.org\",\"@graph\":[{\"@type\":\"WebPage\",\"@id\":\"https:\\\/\\\/www.mastercam.com\\\/sv\\\/gemenskap\\\/tavlingar\\\/mastercam-skillsusa-program\\\/\",\"url\":\"https:\\\/\\\/www.mastercam.com\\\/sv\\\/gemenskap\\\/tavlingar\\\/mastercam-skillsusa-program\\\/\",\"name\":\"Mastercam SkillsUSA-program - mastercam.com\",\"isPartOf\":{\"@id\":\"https:\\\/\\\/www.mastercam.com\\\/sv\\\/#website\"},\"primaryImageOfPage\":{\"@id\":\"https:\\\/\\\/www.mastercam.com\\\/sv\\\/gemenskap\\\/tavlingar\\\/mastercam-skillsusa-program\\\/#primaryimage\"},\"image\":{\"@id\":\"https:\\\/\\\/www.mastercam.com\\\/sv\\\/gemenskap\\\/tavlingar\\\/mastercam-skillsusa-program\\\/#primaryimage\"},\"thumbnailUrl\":\"http:\\\/\\\/www.mastercam.com\\\/wp-content\\\/uploads\\\/2023\\\/03\\\/SkillsUSALogo1-768x498-1.jpg\",\"datePublished\":\"2023-02-01T00:02:44+00:00\",\"dateModified\":\"2026-01-16T16:19:35+00:00\",\"description\":\"Mastercam \u00e4r glada att kunna erbjuda st\u00f6d till studenter som t\u00e4vlar i SkillsUSA CNC-t\u00e4vlingar. Studenter som deltar i dessa CNC-t\u00e4vlingar \u00e4r ber\u00e4ttigade\",\"breadcrumb\":{\"@id\":\"https:\\\/\\\/www.mastercam.com\\\/sv\\\/gemenskap\\\/tavlingar\\\/mastercam-skillsusa-program\\\/#breadcrumb\"},\"inLanguage\":\"sv-SE\",\"potentialAction\":[{\"@type\":\"ReadAction\",\"target\":[\"https:\\\/\\\/www.mastercam.com\\\/sv\\\/gemenskap\\\/tavlingar\\\/mastercam-skillsusa-program\\\/\"]}]},{\"@type\":\"ImageObject\",\"inLanguage\":\"sv-SE\",\"@id\":\"https:\\\/\\\/www.mastercam.com\\\/sv\\\/gemenskap\\\/tavlingar\\\/mastercam-skillsusa-program\\\/#primaryimage\",\"url\":\"http:\\\/\\\/www.mastercam.com\\\/wp-content\\\/uploads\\\/2023\\\/03\\\/SkillsUSALogo1-768x498-1.jpg\",\"contentUrl\":\"http:\\\/\\\/www.mastercam.com\\\/wp-content\\\/uploads\\\/2023\\\/03\\\/SkillsUSALogo1-768x498-1.jpg\"},{\"@type\":\"BreadcrumbList\",\"@id\":\"https:\\\/\\\/www.mastercam.com\\\/sv\\\/gemenskap\\\/tavlingar\\\/mastercam-skillsusa-program\\\/#breadcrumb\",\"itemListElement\":[{\"@type\":\"ListItem\",\"position\":1,\"name\":\"Home\",\"item\":\"https:\\\/\\\/www.mastercam.com\\\/sv\\\/\"},{\"@type\":\"ListItem\",\"position\":2,\"name\":\"Gemenskap\",\"item\":\"https:\\\/\\\/www.mastercam.com\\\/sv\\\/gemenskap\\\/\"},{\"@type\":\"ListItem\",\"position\":3,\"name\":\"T\u00e4vlingar\",\"item\":\"https:\\\/\\\/www.mastercam.com\\\/sv\\\/gemenskap\\\/tavlingar\\\/\"},{\"@type\":\"ListItem\",\"position\":4,\"name\":\"Mastercam SkillsUSA-program\"}]},{\"@type\":\"WebSite\",\"@id\":\"https:\\\/\\\/www.mastercam.com\\\/sv\\\/#website\",\"url\":\"https:\\\/\\\/www.mastercam.com\\\/sv\\\/\",\"name\":\"Mastercam\",\"description\":\"Creating software and services that solve the world&#039;s manufacturing challenges\",\"publisher\":{\"@id\":\"https:\\\/\\\/www.mastercam.com\\\/sv\\\/#organization\"},\"potentialAction\":[{\"@type\":\"SearchAction\",\"target\":{\"@type\":\"EntryPoint\",\"urlTemplate\":\"https:\\\/\\\/www.mastercam.com\\\/sv\\\/?s={search_term_string}\"},\"query-input\":{\"@type\":\"PropertyValueSpecification\",\"valueRequired\":true,\"valueName\":\"search_term_string\"}}],\"inLanguage\":\"sv-SE\"},{\"@type\":\"Organization\",\"@id\":\"https:\\\/\\\/www.mastercam.com\\\/sv\\\/#organization\",\"name\":\"Mastercam\",\"url\":\"https:\\\/\\\/www.mastercam.com\\\/sv\\\/\",\"logo\":{\"@type\":\"ImageObject\",\"inLanguage\":\"sv-SE\",\"@id\":\"https:\\\/\\\/www.mastercam.com\\\/sv\\\/#\\\/schema\\\/logo\\\/image\\\/\",\"url\":\"https:\\\/\\\/www.mastercam.com\\\/wp-content\\\/uploads\\\/2023\\\/02\\\/MC_logo.svg\",\"contentUrl\":\"https:\\\/\\\/www.mastercam.com\\\/wp-content\\\/uploads\\\/2023\\\/02\\\/MC_logo.svg\",\"width\":230,\"height\":40,\"caption\":\"Mastercam\"},\"image\":{\"@id\":\"https:\\\/\\\/www.mastercam.com\\\/sv\\\/#\\\/schema\\\/logo\\\/image\\\/\"},\"sameAs\":[\"https:\\\/\\\/www.facebook.com\\\/Mastercam\\\/\",\"https:\\\/\\\/x.com\\\/mastercam\",\"https:\\\/\\\/www.linkedin.com\\\/company\\\/mastercam\",\"https:\\\/\\\/www.youtube.com\\\/channel\\\/UChJt5ruSkqnmFH44WsXVZLw\",\"https:\\\/\\\/www.instagram.com\\\/mastercam\\\/\"]}]}<\/script>\n<!-- \/ Yoast SEO plugin. -->","yoast_head_json":{"title":"Mastercam SkillsUSA-program - mastercam.com","description":"Mastercam \u00e4r glada att kunna erbjuda st\u00f6d till studenter som t\u00e4vlar i SkillsUSA CNC-t\u00e4vlingar. Studenter som deltar i dessa CNC-t\u00e4vlingar \u00e4r ber\u00e4ttigade","robots":{"index":"index","follow":"follow","max-snippet":"max-snippet:-1","max-image-preview":"max-image-preview:large","max-video-preview":"max-video-preview:-1"},"canonical":"https:\/\/www.mastercam.com\/sv\/gemenskap\/tavlingar\/mastercam-skillsusa-program\/","og_locale":"sv_SE","og_type":"article","og_title":"Mastercam SkillsUSA-program - mastercam.com","og_description":"Mastercam \u00e4r glada att kunna erbjuda st\u00f6d till studenter som t\u00e4vlar i SkillsUSA CNC-t\u00e4vlingar. Studenter som deltar i dessa CNC-t\u00e4vlingar \u00e4r ber\u00e4ttigade","og_url":"https:\/\/www.mastercam.com\/sv\/gemenskap\/tavlingar\/mastercam-skillsusa-program\/","og_site_name":"mastercam.com","article_publisher":"https:\/\/www.facebook.com\/Mastercam\/","article_modified_time":"2026-01-16T16:19:35+00:00","og_image":[{"url":"http:\/\/www.mastercam.com\/wp-content\/uploads\/2023\/03\/SkillsUSALogo1-768x498-1.jpg","type":"","width":"","height":""}],"twitter_card":"summary_large_image","twitter_site":"@mastercam","twitter_misc":{"Est. reading time":"1 minute"},"schema":{"@context":"https:\/\/schema.org","@graph":[{"@type":"WebPage","@id":"https:\/\/www.mastercam.com\/sv\/gemenskap\/tavlingar\/mastercam-skillsusa-program\/","url":"https:\/\/www.mastercam.com\/sv\/gemenskap\/tavlingar\/mastercam-skillsusa-program\/","name":"Mastercam SkillsUSA-program - mastercam.com","isPartOf":{"@id":"https:\/\/www.mastercam.com\/sv\/#website"},"primaryImageOfPage":{"@id":"https:\/\/www.mastercam.com\/sv\/gemenskap\/tavlingar\/mastercam-skillsusa-program\/#primaryimage"},"image":{"@id":"https:\/\/www.mastercam.com\/sv\/gemenskap\/tavlingar\/mastercam-skillsusa-program\/#primaryimage"},"thumbnailUrl":"http:\/\/www.mastercam.com\/wp-content\/uploads\/2023\/03\/SkillsUSALogo1-768x498-1.jpg","datePublished":"2023-02-01T00:02:44+00:00","dateModified":"2026-01-16T16:19:35+00:00","description":"Mastercam \u00e4r glada att kunna erbjuda st\u00f6d till studenter som t\u00e4vlar i SkillsUSA CNC-t\u00e4vlingar. Studenter som deltar i dessa CNC-t\u00e4vlingar \u00e4r ber\u00e4ttigade","breadcrumb":{"@id":"https:\/\/www.mastercam.com\/sv\/gemenskap\/tavlingar\/mastercam-skillsusa-program\/#breadcrumb"},"inLanguage":"sv-SE","potentialAction":[{"@type":"ReadAction","target":["https:\/\/www.mastercam.com\/sv\/gemenskap\/tavlingar\/mastercam-skillsusa-program\/"]}]},{"@type":"ImageObject","inLanguage":"sv-SE","@id":"https:\/\/www.mastercam.com\/sv\/gemenskap\/tavlingar\/mastercam-skillsusa-program\/#primaryimage","url":"http:\/\/www.mastercam.com\/wp-content\/uploads\/2023\/03\/SkillsUSALogo1-768x498-1.jpg","contentUrl":"http:\/\/www.mastercam.com\/wp-content\/uploads\/2023\/03\/SkillsUSALogo1-768x498-1.jpg"},{"@type":"BreadcrumbList","@id":"https:\/\/www.mastercam.com\/sv\/gemenskap\/tavlingar\/mastercam-skillsusa-program\/#breadcrumb","itemListElement":[{"@type":"ListItem","position":1,"name":"Home","item":"https:\/\/www.mastercam.com\/sv\/"},{"@type":"ListItem","position":2,"name":"Gemenskap","item":"https:\/\/www.mastercam.com\/sv\/gemenskap\/"},{"@type":"ListItem","position":3,"name":"T\u00e4vlingar","item":"https:\/\/www.mastercam.com\/sv\/gemenskap\/tavlingar\/"},{"@type":"ListItem","position":4,"name":"Mastercam SkillsUSA-program"}]},{"@type":"WebSite","@id":"https:\/\/www.mastercam.com\/sv\/#website","url":"https:\/\/www.mastercam.com\/sv\/","name":"Mastercam","description":"Creating software and services that solve the world&#039;s manufacturing challenges","publisher":{"@id":"https:\/\/www.mastercam.com\/sv\/#organization"},"potentialAction":[{"@type":"SearchAction","target":{"@type":"EntryPoint","urlTemplate":"https:\/\/www.mastercam.com\/sv\/?s={search_term_string}"},"query-input":{"@type":"PropertyValueSpecification","valueRequired":true,"valueName":"search_term_string"}}],"inLanguage":"sv-SE"},{"@type":"Organization","@id":"https:\/\/www.mastercam.com\/sv\/#organization","name":"Mastercam","url":"https:\/\/www.mastercam.com\/sv\/","logo":{"@type":"ImageObject","inLanguage":"sv-SE","@id":"https:\/\/www.mastercam.com\/sv\/#\/schema\/logo\/image\/","url":"https:\/\/www.mastercam.com\/wp-content\/uploads\/2023\/02\/MC_logo.svg","contentUrl":"https:\/\/www.mastercam.com\/wp-content\/uploads\/2023\/02\/MC_logo.svg","width":230,"height":40,"caption":"Mastercam"},"image":{"@id":"https:\/\/www.mastercam.com\/sv\/#\/schema\/logo\/image\/"},"sameAs":["https:\/\/www.facebook.com\/Mastercam\/","https:\/\/x.com\/mastercam","https:\/\/www.linkedin.com\/company\/mastercam","https:\/\/www.youtube.com\/channel\/UChJt5ruSkqnmFH44WsXVZLw","https:\/\/www.instagram.com\/mastercam\/"]}]}},"_links":{"self":[{"href":"https:\/\/www.mastercam.com\/sv\/wp-json\/wp\/v2\/pages\/37315","targetHints":{"allow":["GET"]}}],"collection":[{"href":"https:\/\/www.mastercam.com\/sv\/wp-json\/wp\/v2\/pages"}],"about":[{"href":"https:\/\/www.mastercam.com\/sv\/wp-json\/wp\/v2\/types\/page"}],"author":[{"embeddable":true,"href":"https:\/\/www.mastercam.com\/sv\/wp-json\/wp\/v2\/users\/1"}],"replies":[{"embeddable":true,"href":"https:\/\/www.mastercam.com\/sv\/wp-json\/wp\/v2\/comments?post=37315"}],"version-history":[{"count":0,"href":"https:\/\/www.mastercam.com\/sv\/wp-json\/wp\/v2\/pages\/37315\/revisions"}],"up":[{"embeddable":true,"href":"https:\/\/www.mastercam.com\/sv\/wp-json\/wp\/v2\/pages\/36845"}],"wp:attachment":[{"href":"https:\/\/www.mastercam.com\/sv\/wp-json\/wp\/v2\/media?parent=37315"}],"curies":[{"name":"wp","href":"https:\/\/api.w.org\/{rel}","templated":true}]}}