{"id":37181,"date":"2023-01-31T18:25:29","date_gmt":"2023-01-31T23:25:29","guid":{"rendered":"https:\/\/www.mastercam.com\/losningar\/industriell\/transport\/"},"modified":"2026-01-16T11:16:56","modified_gmt":"2026-01-16T16:16:56","slug":"transport","status":"publish","type":"page","link":"https:\/\/www.mastercam.com\/sv\/losningar\/industriell\/transport\/","title":{"rendered":"Transport"},"content":{"rendered":"<div class=\"hero__breadcrumbs\">\n    <div class=\"container-fluid\">\n      <div class=\"row\">\n        <div class=\"col\">\n          <nav aria-label=\"breadcrumbs\"><ol class=\"breadcrumb\"><li><a href=\"https:\/\/www.mastercam.com\/sv\/\">Home<\/a><\/li><\/ol><\/nav>\n        <\/div>\n      <\/div>\n    <\/div>\n  <\/div>\n\n<div class=\"hero hero--minimal wp-block-acf-block-hero\">\n  <div class=\"container-fluid\">\n    <div class=\"row align-items-center\">\n      \n      \n      \n      <div class=\"col-12 col-lg-7 order-2 order-lg-2 hero__content-column\">\n        <div class=\"hero__content\">\n                      <h1 class=\"hero__heading\">\n              \n              Transport\n            <\/h1>\n          \n                      <p class=\"hero__text\">Mastercam-l\u00f6sningar f\u00f6r tillverkning inom transportsektorn<\/p>\n          \n          \n          \n          \n                  <\/div>\n      <\/div>\n    <\/div>\n  <\/div>\n<\/div>\n\n<div class=\"wp-block-group is-style-light-gray-bg is-layout-constrained wp-block-group-is-layout-constrained\" style=\"padding-top:var(--wp--preset--spacing--6);padding-bottom:var(--wp--preset--spacing--6)\">\n<div class=\"wp-block-columns is-style-container is-layout-flex wp-container-core-columns-is-layout-28f84493 wp-block-columns-is-layout-flex\">\n<div class=\"wp-block-column is-layout-flow wp-block-column-is-layout-flow\" style=\"flex-basis:50%\">\n<p>Transport- och fordonstillverkare s\u00f6ker produktivitetsf\u00f6rb\u00e4ttringar i olika applikationer.<\/p>\n\n\n\n<p>Finns det n\u00e5got b\u00e4ttre s\u00e4tt att uppn\u00e5 detta \u00e4n med den senaste programvaran fr\u00e5n v\u00e4rldens fr\u00e4msta CAM-system? Lita p\u00e5 att Mastercam ger tillf\u00f6rlitlig precision till dina f\u00e4rdiga delar med v\u00e5ra omfattande CAD\/CAM-l\u00f6sningar f\u00f6r tillverkare och leverant\u00f6rer inom fordons- och transportsektorn. <\/p>\n<\/div>\n\n\n\n<div class=\"wp-block-column is-layout-flow wp-block-column-is-layout-flow\" style=\"flex-basis:50%\">\n<p>Inom transporttillverkning beror framg\u00e5ng p\u00e5 precision, tillf\u00f6rlitlighet och snabbhet. Mastercam \u00e4r en etablerad ledare inom denna bransch och erbjuder CAD\/CAM-l\u00f6sningar f\u00f6r att m\u00f6ta ett brett spektrum av produktivitetskrav p\u00e5 f\u00e4ltet. <\/p>\n\n\n\n<ul class=\"wp-block-list\">\n<li>Du f\u00e5r ett brett utbud av CAM-verktyg f\u00f6r att l\u00f6sa komplexa maskinbearbetningsproblem.<\/li>\n\n\n\n<li>Mastercam anv\u00e4nds av de flesta ledande f\u00f6retag och leverant\u00f6rer inom fordonsindustrin.<\/li>\n\n\n\n<li>Industriell fordonsindustri och motorsport \u00e4r ett av v\u00e5ra st\u00f6rre industrisegment.<\/li>\n\n\n\n<li>Dynamic Motion\u2122 justerar matningar, hastigheter, entry-punkter och dwell f\u00f6r snabbare kapning med mindre verktygsslitage.<\/li>\n\n\n\n<li>Eliminerar behovet av dyr PLM eller integreras med befintlig PLM.<\/li>\n\n\n\n<li>Egenutvecklade strategier f\u00f6rb\u00e4ttrar produktionen av formar, m\u00f6nster och andra viktiga produkter.<\/li>\n\n\n\n<li>Accelerated Finishing\u2122 minskar b\u00e4nktiden.<\/li>\n\n\n\n<li>M\u00e5nga tredjepartsl\u00f6sningar integreras med Mastercam f\u00f6r sp\u00e5rning av verkstadsgolv och processer.<\/li>\n<\/ul>\n<\/div>\n<\/div>\n<\/div>\n\n<div class=\"wp-block-columns is-style-medium is-layout-flex wp-container-core-columns-is-layout-b9053888 wp-block-columns-is-layout-flex\" style=\"padding-top:var(--wp--preset--spacing--5)\">\n<div class=\"wp-block-column is-layout-flow wp-block-column-is-layout-flow\">\n<h2 class=\"wp-block-heading\">Mastercam-l\u00f6sningar f\u00f6r tillverkning inom transportsektorn<\/h2>\n\n\n\n<p>Programvara som \u00e4r idealisk f\u00f6r transporttillverkning \u00e4r bara en ingrediens f\u00f6r framg\u00e5ng. Tillsammans utg\u00f6r v\u00e5rt globala community av Mastercam-anv\u00e4ndare, experter, utbildare och entusiaster en v\u00e4rdefull resurs f\u00f6r kunskap och innovation. Och v\u00e5ra Mastercam-representanter har m\u00e5nga \u00e5rs praktisk erfarenhet av olika industriella branscher och lokala marknader, vilket bidrar till att s\u00e4kerst\u00e4lla att du alltid har det st\u00f6d du beh\u00f6ver f\u00f6r att f\u00e5 ut mesta m\u00f6jliga av din investering i CAD\/CAM.  <\/p>\n\n\n\n<p>Vi har utvecklat det st\u00f6rsta globala n\u00e4tverket av CAM-partners f\u00f6r att ge v\u00e5ra anv\u00e4ndare inom fordons- och transporttillverkning en rad alternativ som g\u00f6r att produktionsutmaningarna f\u00f6rsvinner. V\u00e5ra l\u00f6sningar drar nytta av den senaste tekniken som utvecklats av verktygs-, programvaru- och verktygsmaskintillverkare \u00f6ver hela v\u00e4rlden. <\/p>\n\n\n\n<p>V\u00e5r 5-axliga kapacitet och v\u00e5ra egenutvecklade strategier f\u00f6r metallborttagning \u00e4r industristandard inom transport och motorsport. Med r\u00e4tt verktyg kan ingen annan CAD\/CAM-mjukvara ta bort s\u00e5 mycket material fr\u00e5n en detalj p\u00e5 s\u00e5 kort tid och dessutom f\u00f6rl\u00e4nga verktygens livsl\u00e4ngd. <\/p>\n\n\n\n<p>Inom transporttillverkning \u00e4r hastighet ingenting utan ett exakt resultat, och vi erbjuder verktyg f\u00f6r att komplettera precisionsbehoven i din verkstad, fr\u00e5n design till svarvning till multitasking, tr\u00e5dgnistning och mycket mer. Kolla in hela utbudet av <a href=\"http:\/\/www.mastercam.com\/solutions\/products\/\">Mastercam-produkter<\/a> f\u00f6r att hitta r\u00e4tt l\u00f6sningar f\u00f6r dina tillverkningsutmaningar. Om din verkstad g\u00f6r det, hj\u00e4lper vi dig att g\u00f6ra det b\u00e4ttre.  <\/p>\n\n\n\n<div class=\"wp-block-buttons is-layout-flex wp-block-buttons-is-layout-flex\">\n<div class=\"wp-block-button is-style-secondary\"><a class=\"wp-block-button__link wp-element-button\" href=\"\/sv\/?page_id=36664\">Visa produkter<\/a><\/div>\n<\/div>\n<\/div>\n<\/div>\n\n<div class=\"wp-block-columns is-style-container is-layout-flex wp-container-core-columns-is-layout-28f84493 wp-block-columns-is-layout-flex\">\n<div class=\"wp-block-column is-layout-flow wp-block-column-is-layout-flow\">\n<h2 class=\"wp-block-heading\" style=\"padding-top:var(--wp--preset--spacing--6)\">Till\u00e4gg<\/h2>\n\n\n<div class=\"aligncenter wp-block-acf-block-add-ons\">\n  <div class=\"row block-addons\">\n                                        <div class=\"block-addons__item col-xs-12 col-sm-6 col-md-4 col-lg-3\">\n              <a href=\"https:\/\/www.mastercam.com\/sv\/solutions\/add-ons\/port-expert\/\" class=\"btn btn-outline-secondary w-100\">\n                Port Expert\n              <\/a>\n            <\/div>\n                                                                <div class=\"block-addons__item col-xs-12 col-sm-6 col-md-4 col-lg-3\">\n              <a href=\"https:\/\/www.mastercam.com\/sv\/solutions\/add-ons\/blade-expert\/\" class=\"btn btn-outline-secondary w-100\">\n                Blade Expert\n              <\/a>\n            <\/div>\n                                                                <div class=\"block-addons__item col-xs-12 col-sm-6 col-md-4 col-lg-3\">\n              <a href=\"https:\/\/www.mastercam.com\/sv\/solutions\/add-ons\/multiaxis-bearbetning\/\" class=\"btn btn-outline-secondary w-100\">\n                Multiaxis Machining\n              <\/a>\n            <\/div>\n                                                                <div class=\"block-addons__item col-xs-12 col-sm-6 col-md-4 col-lg-3\">\n              <a href=\"https:\/\/www.mastercam.com\/sv\/solutions\/add-ons\/produktivitet\/\" class=\"btn btn-outline-secondary w-100\">\n                Productivity+\u2122\n              <\/a>\n            <\/div>\n                              <\/div>\n<\/div>\n<\/div>\n<\/div>\n<div style=\"padding-bottom:var(--wp--preset--spacing--6);\" class=\"container-fluid align wp-block-acf-block-media-object\">\n  <div class=\"row\">\n    <div class=\"col\">\n      <div class=\"d-flex flex-column flex-lg-row media-object media-object--shaded\">\n        <div class=\"flex-shrink-0 media-object__image order-1  order-lg-3 \">\n                                    \n              <a href=\"https:\/\/www.mastercam.com\/sv\/hitta-en-partner\/\" tabindex=\"-1\">\n                <img decoding=\"async\" src=\"https:\/\/www.mastercam.com\/wp-content\/uploads\/2023\/01\/Rectangle-2.jpg\" alt=\"man wearing a headset typing on a desktop computer\" loading=\"lazy\">\n              <\/a>\n                              <\/div>\n        <div class=\"media-object__body flex-grow-1 d-lg-flex flex-column order-2 justify-content-lg-center\">\n                                <h2 class=\"media-object__header h3\">Kontakta Mastercam<\/h2>\n                                <div class=\"media-object__content\">\n              <p>Kontakta oss f\u00f6r att utforska CAD\/CAM-programvarul\u00f6sningar f\u00f6r transporttillverkning.<\/p>\n\n            <\/div>\n                                <div class=\"media-object__cta\">\n              <a href=\"https:\/\/www.mastercam.com\/sv\/hitta-en-partner\/\" class=\"btn btn-outline-secondary\">Kontakta Mastercam<\/a>\n            <\/div>\n                  <\/div>\n      <\/div>\n    <\/div>\n  <\/div>\n<\/div>\n\n<div class=\"wp-block-group is-style-light-gray-bg is-layout-constrained wp-block-group-is-layout-constrained\" style=\"margin-top:0;margin-bottom:0;padding-top:var(--wp--preset--spacing--6);padding-bottom:var(--wp--preset--spacing--6)\"><div class=\"container-fluid aligncenter wp-block-acf-block-case-studies\">\n  <div id=\"case-studies\" class=\"row\">\n    <div class=\"col-12 col-md-8\">\n      <h2>Success Stories<\/h2>\n          <\/div>\n    <div class=\"col-12 col-md-4 mt-5 mt-md-0 text-md-end\">\n      <a href=\"https:\/\/www.mastercam.com\/sv\/success-stories\/\" class=\"btn btn-outline-secondary btn-view-all\">View all<\/a>\n    <\/div>\n  <\/div>\n  <div class=\"cards mt-5\">\n          \n              <div class=\"col col-12 col-md-6 col-lg-6\">\n  <div class=\"card h-100 case-studies card--linked\">\n          \n      <a href=\"https:\/\/www.mastercam.com\/sv\/success-stories\/achates-kraft\/\" aria-hidden=\"true\" tabindex=\"-1\">\n        <div class=\"skeleton-image card-img-top\" style=\"--skeleton-aspect-ratio: 375 \/ 236;\">\n          <img decoding=\"async\" src=\"https:\/\/www.mastercam.com\/wp-content\/uploads\/2023\/04\/AchatesGroupShot-1024x341.jpeg\" alt=\"\" loading=\"lazy\" onload=\"this.classList.add('loaded')\" \/>\n        <\/div>\n      <\/a>\n    \n    <div class=\"card-body\">\n              <span class=\"card-category card-category--static\">Success Stories<\/span>\n      \n      <h3 class=\"card-title\">Achates Kraft<\/h3>\n\n              <p class=\"card-text\">Achates Power i San Diego, Kalifornien, anv\u00e4nder Mastercam f\u00f6r att skapa prototypdelar till en milj\u00f6v\u00e4nlig bensinmotor med kompressionst\u00e4ndning och motsatta kolvar. Forskningssamarbetet har genomf\u00f6rts av Achates, Argonne National Laboratory och Delphi Technologies. Den producerades med hj\u00e4lp av finansiering fr\u00e5n det amerikanska energidepartementets ARPA-E-program.<\/p>\n      \n          <\/div>\n\n          \n      <div class=\"card-footer\">\n        <a class=\"btn btn-outline-secondary\" href=\"https:\/\/www.mastercam.com\/sv\/success-stories\/achates-kraft\/\">\n          Read more<span class=\"sr-only\"> about Achates Kraft<\/span>\n        <\/a>\n      <\/div>\n      <\/div>\n\n  <\/div>\n                \n              <div class=\"col col-12 col-md-6 col-lg-6\">\n  <div class=\"card h-100 case-studies card--linked\">\n          \n      <a href=\"https:\/\/www.mastercam.com\/sv\/success-stories\/allstrap-framgangshistoria\/\" aria-hidden=\"true\" tabindex=\"-1\">\n        <div class=\"skeleton-image card-img-top\" style=\"--skeleton-aspect-ratio: 375 \/ 236;\">\n          <img decoding=\"async\" src=\"https:\/\/www.mastercam.com\/wp-content\/uploads\/2023\/04\/Allstrap-1400x420-1-1024x356.jpeg\" alt=\"\" loading=\"lazy\" onload=\"this.classList.add('loaded')\" \/>\n        <\/div>\n      <\/a>\n    \n    <div class=\"card-body\">\n              <span class=\"card-category card-category--static\">Success Stories<\/span>\n      \n      <h3 class=\"card-title\">Allstrap framg\u00e5ngshistoria<\/h3>\n\n              <p class=\"card-text\">Allstrap, Inc (Upper Arlington, OH) \u00e4r specialiserat p\u00e5 tillverkning av st\u00e5l- och polystyrenband som h\u00e5ller samman stora laster, samt pneumatiska och batteridrivna sp\u00e4nnverktyg som h\u00e5ller banden sp\u00e4nda. F\u00f6retaget har sett en \u00f6kad efterfr\u00e5gan p\u00e5 batteridrivna verktyg som utf\u00f6r kapning, sp\u00e4nning och f\u00f6rsegling 30-50 procent snabbare \u00e4n sina pneumatiska motsvarigheter. F\u00f6r att m\u00f6ta behovet kombinerade de\u2026<\/p>\n      \n          <\/div>\n\n          \n      <div class=\"card-footer\">\n        <a class=\"btn btn-outline-secondary\" href=\"https:\/\/www.mastercam.com\/sv\/success-stories\/allstrap-framgangshistoria\/\">\n          Read more<span class=\"sr-only\"> about Allstrap framg\u00e5ngshistoria<\/span>\n        <\/a>\n      <\/div>\n      <\/div>\n\n  <\/div>\n            <\/div>\n<\/div>\n<\/div>\n","protected":false},"excerpt":{"rendered":"<p>Transport- och fordonstillverkare s\u00f6ker produktivitetsf\u00f6rb\u00e4ttringar i olika applikationer. Finns det n\u00e5got b\u00e4ttre s\u00e4tt att uppn\u00e5 [&hellip;]<\/p>\n","protected":false},"author":1,"featured_media":0,"parent":36577,"menu_order":0,"comment_status":"closed","ping_status":"closed","template":"","meta":{"_acf_changed":false,"footnotes":""},"class_list":["post-37181","page","type-page","status-publish","hentry"],"acf":[],"yoast_head":"<!-- This site is optimized with the Yoast SEO plugin v26.8 - https:\/\/yoast.com\/product\/yoast-seo-wordpress\/ -->\n<title>CAD\/CAM-programvara f\u00f6r transportindustrin | Mastercam<\/title>\n<meta name=\"description\" content=\"V\u00e5ra CAD\/CAM-l\u00f6sningar hj\u00e4lper tillverkare inom transportindustrin att producera fordon, t\u00e5g och marina fordon, delar, prototyper och mycket mer.\" \/>\n<meta name=\"robots\" content=\"index, follow, max-snippet:-1, max-image-preview:large, max-video-preview:-1\" \/>\n<link rel=\"canonical\" href=\"https:\/\/www.mastercam.com\/sv\/losningar\/industriell\/transport\/\" \/>\n<meta property=\"og:locale\" content=\"sv_SE\" \/>\n<meta property=\"og:type\" content=\"article\" \/>\n<meta property=\"og:title\" content=\"CAD\/CAM-programvara f\u00f6r transportindustrin | Mastercam\" \/>\n<meta property=\"og:description\" content=\"V\u00e5ra CAD\/CAM-l\u00f6sningar hj\u00e4lper tillverkare inom transportindustrin att producera fordon, t\u00e5g och marina fordon, delar, prototyper och mycket mer.\" \/>\n<meta property=\"og:url\" content=\"https:\/\/www.mastercam.com\/sv\/losningar\/industriell\/transport\/\" \/>\n<meta property=\"og:site_name\" content=\"mastercam.com\" \/>\n<meta property=\"article:publisher\" content=\"https:\/\/www.facebook.com\/Mastercam\/\" \/>\n<meta property=\"article:modified_time\" content=\"2026-01-16T16:16:56+00:00\" \/>\n<meta property=\"og:image\" content=\"https:\/\/www.mastercam.com\/wp-content\/uploads\/2024\/02\/drill-wide-photo-1200x675-1.jpg\" \/>\n\t<meta property=\"og:image:width\" content=\"1200\" \/>\n\t<meta property=\"og:image:height\" content=\"675\" \/>\n\t<meta property=\"og:image:type\" content=\"image\/jpeg\" \/>\n<meta name=\"twitter:card\" content=\"summary_large_image\" \/>\n<meta name=\"twitter:site\" content=\"@mastercam\" \/>\n<meta name=\"twitter:label1\" content=\"Est. reading time\" \/>\n\t<meta name=\"twitter:data1\" content=\"2 minutes\" \/>\n<script type=\"application\/ld+json\" class=\"yoast-schema-graph\">{\"@context\":\"https:\/\/schema.org\",\"@graph\":[{\"@type\":\"WebPage\",\"@id\":\"https:\/\/www.mastercam.com\/sv\/losningar\/industriell\/transport\/\",\"url\":\"https:\/\/www.mastercam.com\/sv\/losningar\/industriell\/transport\/\",\"name\":\"CAD\/CAM-programvara f\u00f6r transportindustrin | Mastercam\",\"isPartOf\":{\"@id\":\"https:\/\/www.mastercam.com\/sv\/#website\"},\"datePublished\":\"2023-01-31T23:25:29+00:00\",\"dateModified\":\"2026-01-16T16:16:56+00:00\",\"description\":\"V\u00e5ra CAD\/CAM-l\u00f6sningar hj\u00e4lper tillverkare inom transportindustrin att producera fordon, t\u00e5g och marina fordon, delar, prototyper och mycket mer.\",\"breadcrumb\":{\"@id\":\"https:\/\/www.mastercam.com\/sv\/losningar\/industriell\/transport\/#breadcrumb\"},\"inLanguage\":\"sv-SE\",\"potentialAction\":[{\"@type\":\"ReadAction\",\"target\":[\"https:\/\/www.mastercam.com\/sv\/losningar\/industriell\/transport\/\"]}]},{\"@type\":\"BreadcrumbList\",\"@id\":\"https:\/\/www.mastercam.com\/sv\/losningar\/industriell\/transport\/#breadcrumb\",\"itemListElement\":[{\"@type\":\"ListItem\",\"position\":1,\"name\":\"Home\",\"item\":\"https:\/\/www.mastercam.com\/sv\/\"},{\"@type\":\"ListItem\",\"position\":2,\"name\":\"L\u00f6sningar\",\"item\":\"https:\/\/www.mastercam.com\/sv\/losningar\/\"},{\"@type\":\"ListItem\",\"position\":3,\"name\":\"Industriell\",\"item\":\"https:\/\/www.mastercam.com\/sv\/losningar\/industriell\/\"},{\"@type\":\"ListItem\",\"position\":4,\"name\":\"Transport\"}]},{\"@type\":\"WebSite\",\"@id\":\"https:\/\/www.mastercam.com\/sv\/#website\",\"url\":\"https:\/\/www.mastercam.com\/sv\/\",\"name\":\"Mastercam\",\"description\":\"Creating software and services that solve the world&#039;s manufacturing challenges\",\"publisher\":{\"@id\":\"https:\/\/www.mastercam.com\/sv\/#organization\"},\"potentialAction\":[{\"@type\":\"SearchAction\",\"target\":{\"@type\":\"EntryPoint\",\"urlTemplate\":\"https:\/\/www.mastercam.com\/sv\/?s={search_term_string}\"},\"query-input\":{\"@type\":\"PropertyValueSpecification\",\"valueRequired\":true,\"valueName\":\"search_term_string\"}}],\"inLanguage\":\"sv-SE\"},{\"@type\":\"Organization\",\"@id\":\"https:\/\/www.mastercam.com\/sv\/#organization\",\"name\":\"Mastercam\",\"url\":\"https:\/\/www.mastercam.com\/sv\/\",\"logo\":{\"@type\":\"ImageObject\",\"inLanguage\":\"sv-SE\",\"@id\":\"https:\/\/www.mastercam.com\/sv\/#\/schema\/logo\/image\/\",\"url\":\"https:\/\/www.mastercam.com\/wp-content\/uploads\/2023\/02\/MC_logo.svg\",\"contentUrl\":\"https:\/\/www.mastercam.com\/wp-content\/uploads\/2023\/02\/MC_logo.svg\",\"width\":230,\"height\":40,\"caption\":\"Mastercam\"},\"image\":{\"@id\":\"https:\/\/www.mastercam.com\/sv\/#\/schema\/logo\/image\/\"},\"sameAs\":[\"https:\/\/www.facebook.com\/Mastercam\/\",\"https:\/\/x.com\/mastercam\",\"https:\/\/www.linkedin.com\/company\/mastercam\",\"https:\/\/www.youtube.com\/channel\/UChJt5ruSkqnmFH44WsXVZLw\",\"https:\/\/www.instagram.com\/mastercam\/\"]}]}<\/script>\n<!-- \/ Yoast SEO plugin. -->","yoast_head_json":{"title":"CAD\/CAM-programvara f\u00f6r transportindustrin | Mastercam","description":"V\u00e5ra CAD\/CAM-l\u00f6sningar hj\u00e4lper tillverkare inom transportindustrin att producera fordon, t\u00e5g och marina fordon, delar, prototyper och mycket mer.","robots":{"index":"index","follow":"follow","max-snippet":"max-snippet:-1","max-image-preview":"max-image-preview:large","max-video-preview":"max-video-preview:-1"},"canonical":"https:\/\/www.mastercam.com\/sv\/losningar\/industriell\/transport\/","og_locale":"sv_SE","og_type":"article","og_title":"CAD\/CAM-programvara f\u00f6r transportindustrin | Mastercam","og_description":"V\u00e5ra CAD\/CAM-l\u00f6sningar hj\u00e4lper tillverkare inom transportindustrin att producera fordon, t\u00e5g och marina fordon, delar, prototyper och mycket mer.","og_url":"https:\/\/www.mastercam.com\/sv\/losningar\/industriell\/transport\/","og_site_name":"mastercam.com","article_publisher":"https:\/\/www.facebook.com\/Mastercam\/","article_modified_time":"2026-01-16T16:16:56+00:00","og_image":[{"width":1200,"height":675,"url":"https:\/\/www.mastercam.com\/wp-content\/uploads\/2024\/02\/drill-wide-photo-1200x675-1.jpg","type":"image\/jpeg"}],"twitter_card":"summary_large_image","twitter_site":"@mastercam","twitter_misc":{"Est. reading time":"2 minutes"},"schema":{"@context":"https:\/\/schema.org","@graph":[{"@type":"WebPage","@id":"https:\/\/www.mastercam.com\/sv\/losningar\/industriell\/transport\/","url":"https:\/\/www.mastercam.com\/sv\/losningar\/industriell\/transport\/","name":"CAD\/CAM-programvara f\u00f6r transportindustrin | Mastercam","isPartOf":{"@id":"https:\/\/www.mastercam.com\/sv\/#website"},"datePublished":"2023-01-31T23:25:29+00:00","dateModified":"2026-01-16T16:16:56+00:00","description":"V\u00e5ra CAD\/CAM-l\u00f6sningar hj\u00e4lper tillverkare inom transportindustrin att producera fordon, t\u00e5g och marina fordon, delar, prototyper och mycket mer.","breadcrumb":{"@id":"https:\/\/www.mastercam.com\/sv\/losningar\/industriell\/transport\/#breadcrumb"},"inLanguage":"sv-SE","potentialAction":[{"@type":"ReadAction","target":["https:\/\/www.mastercam.com\/sv\/losningar\/industriell\/transport\/"]}]},{"@type":"BreadcrumbList","@id":"https:\/\/www.mastercam.com\/sv\/losningar\/industriell\/transport\/#breadcrumb","itemListElement":[{"@type":"ListItem","position":1,"name":"Home","item":"https:\/\/www.mastercam.com\/sv\/"},{"@type":"ListItem","position":2,"name":"L\u00f6sningar","item":"https:\/\/www.mastercam.com\/sv\/losningar\/"},{"@type":"ListItem","position":3,"name":"Industriell","item":"https:\/\/www.mastercam.com\/sv\/losningar\/industriell\/"},{"@type":"ListItem","position":4,"name":"Transport"}]},{"@type":"WebSite","@id":"https:\/\/www.mastercam.com\/sv\/#website","url":"https:\/\/www.mastercam.com\/sv\/","name":"Mastercam","description":"Creating software and services that solve the world&#039;s manufacturing challenges","publisher":{"@id":"https:\/\/www.mastercam.com\/sv\/#organization"},"potentialAction":[{"@type":"SearchAction","target":{"@type":"EntryPoint","urlTemplate":"https:\/\/www.mastercam.com\/sv\/?s={search_term_string}"},"query-input":{"@type":"PropertyValueSpecification","valueRequired":true,"valueName":"search_term_string"}}],"inLanguage":"sv-SE"},{"@type":"Organization","@id":"https:\/\/www.mastercam.com\/sv\/#organization","name":"Mastercam","url":"https:\/\/www.mastercam.com\/sv\/","logo":{"@type":"ImageObject","inLanguage":"sv-SE","@id":"https:\/\/www.mastercam.com\/sv\/#\/schema\/logo\/image\/","url":"https:\/\/www.mastercam.com\/wp-content\/uploads\/2023\/02\/MC_logo.svg","contentUrl":"https:\/\/www.mastercam.com\/wp-content\/uploads\/2023\/02\/MC_logo.svg","width":230,"height":40,"caption":"Mastercam"},"image":{"@id":"https:\/\/www.mastercam.com\/sv\/#\/schema\/logo\/image\/"},"sameAs":["https:\/\/www.facebook.com\/Mastercam\/","https:\/\/x.com\/mastercam","https:\/\/www.linkedin.com\/company\/mastercam","https:\/\/www.youtube.com\/channel\/UChJt5ruSkqnmFH44WsXVZLw","https:\/\/www.instagram.com\/mastercam\/"]}]}},"_links":{"self":[{"href":"https:\/\/www.mastercam.com\/sv\/wp-json\/wp\/v2\/pages\/37181","targetHints":{"allow":["GET"]}}],"collection":[{"href":"https:\/\/www.mastercam.com\/sv\/wp-json\/wp\/v2\/pages"}],"about":[{"href":"https:\/\/www.mastercam.com\/sv\/wp-json\/wp\/v2\/types\/page"}],"author":[{"embeddable":true,"href":"https:\/\/www.mastercam.com\/sv\/wp-json\/wp\/v2\/users\/1"}],"replies":[{"embeddable":true,"href":"https:\/\/www.mastercam.com\/sv\/wp-json\/wp\/v2\/comments?post=37181"}],"version-history":[{"count":0,"href":"https:\/\/www.mastercam.com\/sv\/wp-json\/wp\/v2\/pages\/37181\/revisions"}],"up":[{"embeddable":true,"href":"https:\/\/www.mastercam.com\/sv\/wp-json\/wp\/v2\/pages\/36577"}],"wp:attachment":[{"href":"https:\/\/www.mastercam.com\/sv\/wp-json\/wp\/v2\/media?parent=37181"}],"curies":[{"name":"wp","href":"https:\/\/api.w.org\/{rel}","templated":true}]}}