{"id":37123,"date":"2023-01-31T18:25:11","date_gmt":"2023-01-31T23:25:11","guid":{"rendered":"https:\/\/www.mastercam.com\/losningar\/industriell\/verktyg-formar\/"},"modified":"2026-01-16T11:16:58","modified_gmt":"2026-01-16T16:16:58","slug":"verktyg-formar","status":"publish","type":"page","link":"https:\/\/www.mastercam.com\/sv\/losningar\/industriell\/verktyg-formar\/","title":{"rendered":"Verktyg &amp; formar"},"content":{"rendered":"<div class=\"hero__breadcrumbs\">\n    <div class=\"container-fluid\">\n      <div class=\"row\">\n        <div class=\"col\">\n          <nav aria-label=\"breadcrumbs\"><ol class=\"breadcrumb\"><li><a href=\"https:\/\/www.mastercam.com\/sv\/\">Home<\/a><\/li><\/ol><\/nav>\n        <\/div>\n      <\/div>\n    <\/div>\n  <\/div>\n\n<div class=\"hero hero--minimal wp-block-acf-block-hero\">\n  <div class=\"container-fluid\">\n    <div class=\"row align-items-center\">\n      \n      \n      \n      <div class=\"col-12 col-lg-7 order-2 order-lg-2 hero__content-column\">\n        <div class=\"hero__content\">\n                      <h1 class=\"hero__heading\">\n              \n              Verktyg &amp; formar  \n            <\/h1>\n          \n                      <p class=\"hero__text\">Verktygs- och formtillverkare str\u00e4var efter kortare cykeltider och precisionsfinish f\u00f6r att uppn\u00e5 produktivitet och vinst. Finns det n\u00e5got b\u00e4ttre s\u00e4tt att uppn\u00e5 detta \u00e4n med den senaste programvaran f\u00f6r verktygstillverkning fr\u00e5n v\u00e4rldens fr\u00e4msta CAM-system? Lita p\u00e5 att Mastercam ger precision och effektivitet till dina f\u00e4rdiga detaljer med v\u00e5ra h\u00f6ga materialavverkningshastigheter i \u00e4ven de tuffaste materialen som anv\u00e4nds inom verktygs- och formindustrin.  <\/p>\n          \n          \n          \n          \n                  <\/div>\n      <\/div>\n    <\/div>\n  <\/div>\n<\/div>\n\n<div class=\"wp-block-group is-style-light-gray-bg is-layout-constrained wp-block-group-is-layout-constrained\" style=\"padding-top:var(--wp--preset--spacing--6);padding-bottom:var(--wp--preset--spacing--6)\">\n<div class=\"wp-block-columns is-style-container is-layout-flex wp-container-core-columns-is-layout-28f84493 wp-block-columns-is-layout-flex\">\n<div class=\"wp-block-column is-layout-flow wp-block-column-is-layout-flow\">\n<p><strong>Inom verktygs- och formtillverkning beror framg\u00e5ng p\u00e5 flexibilitet, snabbhet och \u00f6verl\u00e4gsen finish. Mastercam tillhandah\u00e5ller CAD\/CAM-programvarul\u00f6sningar f\u00f6r verktygstillverkning som uppfyller de str\u00e4nga kraven fr\u00e5n industrin inom detta omr\u00e5de, t.ex: <\/strong><\/p>\n\n\n\n<ul id=\"block-a8f469fe-f22e-4f45-a2bc-e34307b1f311\" class=\"wp-block-list\">\n<li>M\u00f6jlighet att importera, skapa eller sk\u00e4ra i praktiskt taget alla CAD-modeller.<\/li>\n\n\n\n<li>Brett utbud av CAM-verktyg f\u00f6r att l\u00f6sa komplexa bearbetningsfr\u00e5gor.<\/li>\n\n\n\n<li>Dynamic Motion\u2122 justerar matningar, hastigheter, entry-punkter och dwell f\u00f6r snabbare kapning med mindre verktygsslitage.<\/li>\n\n\n\n<li>Verktygsbanor med h\u00f6g precision f\u00f6r sk\u00e4rning av extremt sm\u00e5 detaljer.<\/li>\n\n\n\n<li>Str\u00f6mlinjeformad 5-axlig sk\u00e4rning, trimning och borrning.<\/li>\n\n\n\n<li>Accelerated Finishing\u2122 minskar b\u00e4nktiden.<\/li>\n\n\n\n<li>Tredjepartsl\u00f6sningar som integreras med Mastercam f\u00f6r sp\u00e5rning av verkstadsgolv och processer.<\/li>\n<\/ul>\n<\/div>\n<\/div>\n<\/div>\n\n<div class=\"wp-block-columns is-style-medium is-layout-flex wp-container-core-columns-is-layout-b9053888 wp-block-columns-is-layout-flex\" style=\"padding-top:var(--wp--preset--spacing--5)\">\n<div class=\"wp-block-column is-layout-flow wp-block-column-is-layout-flow\">\n<h2 class=\"wp-block-heading has-text-align-left\">Mastercam-l\u00f6sningar f\u00f6r verktygs- och formtillverkning<\/h2>\n\n\n\n<p class=\"has-text-align-left\">Programvara som \u00e4r idealisk f\u00f6r verktygs- och formtillverkning \u00e4r bara en ingrediens f\u00f6r framg\u00e5ng. Tillsammans utg\u00f6r v\u00e5r globala gemenskap av Mastercam-anv\u00e4ndare, experter, utbildare och entusiaster en v\u00e4rdefull resurs f\u00f6r kunskap och innovation. Och v\u00e5ra Mastercam-representanter har m\u00e5nga \u00e5rs praktisk erfarenhet fr\u00e5n olika industrier och lokala marknader, vilket bidrar till att s\u00e4kerst\u00e4lla att du har allt du beh\u00f6ver idag och \u00e4r f\u00f6rberedd f\u00f6r morgondagen.  <\/p>\n\n\n\n<p class=\"has-text-align-left\">Vi har utvecklat det st\u00f6rsta globala n\u00e4tverket av CAM-partners f\u00f6r att ge verktygs- och formtillverkare en rad alternativ som g\u00f6r att produktionsutmaningar f\u00f6rsvinner. V\u00e5ra CAM-l\u00f6sningar implementerar den senaste tekniken som utvecklats av verktygs-, programvaru- och verktygsmaskintillverkare \u00f6ver hela v\u00e4rlden. <\/p>\n\n\n\n<p>V\u00e5r 5-axliga kapacitet och v\u00e5ra strategier f\u00f6r materialavverkning \u00e4r industristandard f\u00f6r verktygs- och formtillverkning. Omsorg om detaljer och \u00f6verl\u00e4gsen ytfinish av h\u00f6g kvalitet g\u00f6r Mastercam till det definitiva verktyget f\u00f6r produktion av allt fr\u00e5n formar, jiggar och fixturer till verktygsmaskiner, sk\u00e4rande verktyg, handverktyg och m\u00e4tinstrument. <\/p>\n\n\n\n<p>Inom verktygs- och formtillverkning \u00e4r hastighet ingenting utan ett exakt resultat, och vi erbjuder verktygen f\u00f6r att st\u00f6dja precisionsbehoven i din verkstad, fr\u00e5n design till svarvning till multitasking, <a href=\"http:\/\/www.mastercam.com\/solutions\/products\/wire\/\">tr\u00e5dgnistning<\/a> och mycket mer. Kolla in hela utbudet av <a href=\"http:\/\/www.mastercam.com\/solutions\/products\/\">Mastercam-programvaruprodukter<\/a> f\u00f6r att hitta r\u00e4tt l\u00f6sningar f\u00f6r dina tillverkningsutmaningar. Om din verkstad g\u00f6r det, kan vi st\u00f6dja det.  <\/p>\n\n\n\n<div class=\"wp-block-buttons is-layout-flex wp-block-buttons-is-layout-flex\">\n<div class=\"wp-block-button is-style-secondary\"><a class=\"wp-block-button__link wp-element-button\" href=\"\/sv\/?page_id=36664\">Visa produkter<\/a><\/div>\n<\/div>\n<\/div>\n<\/div>\n\n<div class=\"wp-block-columns is-style-container is-layout-flex wp-container-core-columns-is-layout-28f84493 wp-block-columns-is-layout-flex\">\n<div class=\"wp-block-column is-layout-flow wp-block-column-is-layout-flow\">\n<h2 class=\"wp-block-heading\" style=\"padding-top:var(--wp--preset--spacing--6)\">Till\u00e4gg<\/h2>\n\n\n<div class=\"aligncenter wp-block-acf-block-add-ons\">\n  <div class=\"row block-addons\">\n                                        <div class=\"block-addons__item col-xs-12 col-sm-6 col-md-4 col-lg-3\">\n              <a href=\"https:\/\/www.mastercam.com\/sv\/solutions\/add-ons\/multiaxis-bearbetning\/\" class=\"btn btn-outline-secondary w-100\">\n                Multiaxis Machining\n              <\/a>\n            <\/div>\n                                                                <div class=\"block-addons__item col-xs-12 col-sm-6 col-md-4 col-lg-3\">\n              <a href=\"https:\/\/www.mastercam.com\/sv\/solutions\/add-ons\/produktivitet\/\" class=\"btn btn-outline-secondary w-100\">\n                Productivity+\u2122\n              <\/a>\n            <\/div>\n                              <\/div>\n<\/div>\n<\/div>\n<\/div>\n<div style=\"padding-bottom:var(--wp--preset--spacing--6);\" class=\"container-fluid align wp-block-acf-block-media-object\">\n  <div class=\"row\">\n    <div class=\"col\">\n      <div class=\"d-flex flex-column flex-lg-row media-object media-object--shaded\">\n        <div class=\"flex-shrink-0 media-object__image order-1  order-lg-3 \">\n                                    \n              <a href=\"https:\/\/www.mastercam.com\/sv\/hitta-en-partner\/\" tabindex=\"-1\">\n                <img decoding=\"async\" src=\"https:\/\/www.mastercam.com\/wp-content\/uploads\/2023\/01\/Rectangle-2.jpg\" alt=\"man wearing a headset typing on a desktop computer\" loading=\"lazy\">\n              <\/a>\n                              <\/div>\n        <div class=\"media-object__body flex-grow-1 d-lg-flex flex-column order-2 justify-content-lg-center\">\n                                <h2 class=\"media-object__header h3\">Kontakta Mastercam<\/h2>\n                                <div class=\"media-object__content\">\n              <p>Kontakta oss f\u00f6r att utforska CAD\/CAM-programvarul\u00f6sningar f\u00f6r f\u00f6rb\u00e4ttrad verktygs- och formtillverkning.<\/p>\n\n            <\/div>\n                                <div class=\"media-object__cta\">\n              <a href=\"https:\/\/www.mastercam.com\/sv\/hitta-en-partner\/\" class=\"btn btn-outline-secondary\">Kontakta Mastercam<\/a>\n            <\/div>\n                  <\/div>\n      <\/div>\n    <\/div>\n  <\/div>\n<\/div>\n\n<div class=\"wp-block-group is-style-light-gray-bg is-layout-constrained wp-block-group-is-layout-constrained\" style=\"margin-top:0;margin-bottom:0;padding-top:var(--wp--preset--spacing--6);padding-bottom:var(--wp--preset--spacing--6)\"><div class=\"container-fluid aligncenter wp-block-acf-block-case-studies\">\n  <div id=\"case-studies\" class=\"row\">\n    <div class=\"col-12 col-md-8\">\n      <h2>Success Stories<\/h2>\n          <\/div>\n    <div class=\"col-12 col-md-4 mt-5 mt-md-0 text-md-end\">\n      <a href=\"https:\/\/www.mastercam.com\/sv\/success-stories\/\" class=\"btn btn-outline-secondary btn-view-all\">View all<\/a>\n    <\/div>\n  <\/div>\n  <div class=\"cards mt-5\">\n          \n              <div class=\"col col-12 col-md-6 col-lg-6\">\n  <div class=\"card h-100 case-studies card--linked\">\n          <img decoding=\"async\" src=\"https:\/\/www.mastercam.com\/wp-content\/uploads\/2023\/04\/Amada13.jpeg\" class=\"card-img-top\" alt=\"AMADA TOOL AMERICA, INC.\" loading=\"lazy\" \/>\n    \n    <div class=\"card-body\">\n              <span class=\"card-category card-category--static\">Success Stories<\/span>\n      \n      <h3 class=\"card-title\">AMADA TOOL AMERICA, INC.<\/h3>\n\n              <p class=\"card-text\">AMADA TOOL AMERICA, INC. frigjorde potentialen i sin CAM-programvara genom processf\u00f6rb\u00e4ttringar som leddes av medarbetarna. Resultatet blev att den kombinerade produktionscykeln och avgradningstiden halverades och verktygstillverkaren har nu f\u00f6rm\u00e5gan att snabbt anpassa sig till produktbyten.<\/p>\n      \n          <\/div>\n\n          \n      <div class=\"card-footer\">\n        <a class=\"btn btn-outline-secondary stretched-link\" href=\"https:\/\/www.mastercam.com\/sv\/success-stories\/amada-tool-america-inc\/\">\n          Read more<span class=\"sr-only\"> about AMADA TOOL AMERICA, INC.<\/span>\n        <\/a>\n      <\/div>\n      <\/div>\n\n  <\/div>\n                \n              <div class=\"col col-12 col-md-6 col-lg-6\">\n  <div class=\"card h-100 case-studies card--linked\">\n          <img decoding=\"async\" src=\"https:\/\/www.mastercam.com\/wp-content\/uploads\/2023\/04\/HoistdrumMachine-1024x356.jpeg\" class=\"card-img-top\" alt=\"3D-Machine, Inc.\" loading=\"lazy\" \/>\n    \n    <div class=\"card-body\">\n              <span class=\"card-category card-category--static\">Success Stories<\/span>\n      \n      <h3 class=\"card-title\">3D-Machine, Inc.<\/h3>\n\n              <p class=\"card-text\">Innan man anv\u00e4nde Mastercam Lathe Custom Thread-verktygsbanan tog det minst 40 timmar att tillverka en lyfttrumma &#8211; inklusive maskinuppst\u00e4llning, verktyg och bearbetning. Med CAM-verktygsbanan producerade 3D-Machine, Inc. detaljen p\u00e5 bara sju timmar.<\/p>\n      \n          <\/div>\n\n          \n      <div class=\"card-footer\">\n        <a class=\"btn btn-outline-secondary stretched-link\" href=\"https:\/\/www.mastercam.com\/sv\/success-stories\/3d-machine-inc\/\">\n          Read more<span class=\"sr-only\"> about 3D-Machine, Inc.<\/span>\n        <\/a>\n      <\/div>\n      <\/div>\n\n  <\/div>\n            <\/div>\n<\/div>\n<\/div>\n","protected":false},"excerpt":{"rendered":"<p>Inom verktygs- och formtillverkning beror framg\u00e5ng p\u00e5 flexibilitet, snabbhet och \u00f6verl\u00e4gsen finish. Mastercam tillhandah\u00e5ller CAD\/CAM-programvarul\u00f6sningar [&hellip;]<\/p>\n","protected":false},"author":1,"featured_media":0,"parent":36577,"menu_order":0,"comment_status":"closed","ping_status":"closed","template":"","meta":{"_acf_changed":false,"footnotes":""},"class_list":["post-37123","page","type-page","status-publish","hentry"],"acf":[],"yoast_head":"<!-- This site is optimized with the Yoast SEO plugin v26.8 - https:\/\/yoast.com\/product\/yoast-seo-wordpress\/ -->\n<title>CAD\/CAM-programvara f\u00f6r verktygs- och formtillverkning | Mastercam<\/title>\n<meta name=\"description\" content=\"V\u00e5ra CAD\/CAM-programvarul\u00f6sningar f\u00f6r verktygs- och formtillverkning tillverkar jiggar, fixturer, formar, verktygsmaskiner och andra verktyg. Klicka f\u00f6r att l\u00e4ra dig mer idag.\" \/>\n<meta name=\"robots\" content=\"index, follow, max-snippet:-1, max-image-preview:large, max-video-preview:-1\" \/>\n<link rel=\"canonical\" href=\"https:\/\/www.mastercam.com\/sv\/losningar\/industriell\/verktyg-formar\/\" \/>\n<meta property=\"og:locale\" content=\"sv_SE\" \/>\n<meta property=\"og:type\" content=\"article\" \/>\n<meta property=\"og:title\" content=\"CAD\/CAM-programvara f\u00f6r verktygs- och formtillverkning | Mastercam\" \/>\n<meta property=\"og:description\" content=\"V\u00e5ra CAD\/CAM-programvarul\u00f6sningar f\u00f6r verktygs- och formtillverkning tillverkar jiggar, fixturer, formar, verktygsmaskiner och andra verktyg. Klicka f\u00f6r att l\u00e4ra dig mer idag.\" \/>\n<meta property=\"og:url\" content=\"https:\/\/www.mastercam.com\/sv\/losningar\/industriell\/verktyg-formar\/\" \/>\n<meta property=\"og:site_name\" content=\"mastercam.com\" \/>\n<meta property=\"article:publisher\" content=\"https:\/\/www.facebook.com\/Mastercam\/\" \/>\n<meta property=\"article:modified_time\" content=\"2026-01-16T16:16:58+00:00\" \/>\n<meta property=\"og:image\" content=\"https:\/\/www.mastercam.com\/wp-content\/uploads\/2024\/02\/drill-wide-photo-1200x675-1.jpg\" \/>\n\t<meta property=\"og:image:width\" content=\"1200\" \/>\n\t<meta property=\"og:image:height\" content=\"675\" \/>\n\t<meta property=\"og:image:type\" content=\"image\/jpeg\" \/>\n<meta name=\"twitter:card\" content=\"summary_large_image\" \/>\n<meta name=\"twitter:site\" content=\"@mastercam\" \/>\n<meta name=\"twitter:label1\" content=\"Est. reading time\" \/>\n\t<meta name=\"twitter:data1\" content=\"2 minutes\" \/>\n<script type=\"application\/ld+json\" class=\"yoast-schema-graph\">{\"@context\":\"https:\/\/schema.org\",\"@graph\":[{\"@type\":\"WebPage\",\"@id\":\"https:\/\/www.mastercam.com\/sv\/losningar\/industriell\/verktyg-formar\/\",\"url\":\"https:\/\/www.mastercam.com\/sv\/losningar\/industriell\/verktyg-formar\/\",\"name\":\"CAD\/CAM-programvara f\u00f6r verktygs- och formtillverkning | Mastercam\",\"isPartOf\":{\"@id\":\"https:\/\/www.mastercam.com\/sv\/#website\"},\"datePublished\":\"2023-01-31T23:25:11+00:00\",\"dateModified\":\"2026-01-16T16:16:58+00:00\",\"description\":\"V\u00e5ra CAD\/CAM-programvarul\u00f6sningar f\u00f6r verktygs- och formtillverkning tillverkar jiggar, fixturer, formar, verktygsmaskiner och andra verktyg. Klicka f\u00f6r att l\u00e4ra dig mer idag.\",\"breadcrumb\":{\"@id\":\"https:\/\/www.mastercam.com\/sv\/losningar\/industriell\/verktyg-formar\/#breadcrumb\"},\"inLanguage\":\"sv-SE\",\"potentialAction\":[{\"@type\":\"ReadAction\",\"target\":[\"https:\/\/www.mastercam.com\/sv\/losningar\/industriell\/verktyg-formar\/\"]}]},{\"@type\":\"BreadcrumbList\",\"@id\":\"https:\/\/www.mastercam.com\/sv\/losningar\/industriell\/verktyg-formar\/#breadcrumb\",\"itemListElement\":[{\"@type\":\"ListItem\",\"position\":1,\"name\":\"Home\",\"item\":\"https:\/\/www.mastercam.com\/sv\/\"},{\"@type\":\"ListItem\",\"position\":2,\"name\":\"L\u00f6sningar\",\"item\":\"https:\/\/www.mastercam.com\/sv\/losningar\/\"},{\"@type\":\"ListItem\",\"position\":3,\"name\":\"Industriell\",\"item\":\"https:\/\/www.mastercam.com\/sv\/losningar\/industriell\/\"},{\"@type\":\"ListItem\",\"position\":4,\"name\":\"Verktyg &amp; formar\"}]},{\"@type\":\"WebSite\",\"@id\":\"https:\/\/www.mastercam.com\/sv\/#website\",\"url\":\"https:\/\/www.mastercam.com\/sv\/\",\"name\":\"Mastercam\",\"description\":\"Creating software and services that solve the world&#039;s manufacturing challenges\",\"publisher\":{\"@id\":\"https:\/\/www.mastercam.com\/sv\/#organization\"},\"potentialAction\":[{\"@type\":\"SearchAction\",\"target\":{\"@type\":\"EntryPoint\",\"urlTemplate\":\"https:\/\/www.mastercam.com\/sv\/?s={search_term_string}\"},\"query-input\":{\"@type\":\"PropertyValueSpecification\",\"valueRequired\":true,\"valueName\":\"search_term_string\"}}],\"inLanguage\":\"sv-SE\"},{\"@type\":\"Organization\",\"@id\":\"https:\/\/www.mastercam.com\/sv\/#organization\",\"name\":\"Mastercam\",\"url\":\"https:\/\/www.mastercam.com\/sv\/\",\"logo\":{\"@type\":\"ImageObject\",\"inLanguage\":\"sv-SE\",\"@id\":\"https:\/\/www.mastercam.com\/sv\/#\/schema\/logo\/image\/\",\"url\":\"https:\/\/www.mastercam.com\/wp-content\/uploads\/2023\/02\/MC_logo.svg\",\"contentUrl\":\"https:\/\/www.mastercam.com\/wp-content\/uploads\/2023\/02\/MC_logo.svg\",\"width\":230,\"height\":40,\"caption\":\"Mastercam\"},\"image\":{\"@id\":\"https:\/\/www.mastercam.com\/sv\/#\/schema\/logo\/image\/\"},\"sameAs\":[\"https:\/\/www.facebook.com\/Mastercam\/\",\"https:\/\/x.com\/mastercam\",\"https:\/\/www.linkedin.com\/company\/mastercam\",\"https:\/\/www.youtube.com\/channel\/UChJt5ruSkqnmFH44WsXVZLw\",\"https:\/\/www.instagram.com\/mastercam\/\"]}]}<\/script>\n<!-- \/ Yoast SEO plugin. -->","yoast_head_json":{"title":"CAD\/CAM-programvara f\u00f6r verktygs- och formtillverkning | Mastercam","description":"V\u00e5ra CAD\/CAM-programvarul\u00f6sningar f\u00f6r verktygs- och formtillverkning tillverkar jiggar, fixturer, formar, verktygsmaskiner och andra verktyg. Klicka f\u00f6r att l\u00e4ra dig mer idag.","robots":{"index":"index","follow":"follow","max-snippet":"max-snippet:-1","max-image-preview":"max-image-preview:large","max-video-preview":"max-video-preview:-1"},"canonical":"https:\/\/www.mastercam.com\/sv\/losningar\/industriell\/verktyg-formar\/","og_locale":"sv_SE","og_type":"article","og_title":"CAD\/CAM-programvara f\u00f6r verktygs- och formtillverkning | Mastercam","og_description":"V\u00e5ra CAD\/CAM-programvarul\u00f6sningar f\u00f6r verktygs- och formtillverkning tillverkar jiggar, fixturer, formar, verktygsmaskiner och andra verktyg. Klicka f\u00f6r att l\u00e4ra dig mer idag.","og_url":"https:\/\/www.mastercam.com\/sv\/losningar\/industriell\/verktyg-formar\/","og_site_name":"mastercam.com","article_publisher":"https:\/\/www.facebook.com\/Mastercam\/","article_modified_time":"2026-01-16T16:16:58+00:00","og_image":[{"width":1200,"height":675,"url":"https:\/\/www.mastercam.com\/wp-content\/uploads\/2024\/02\/drill-wide-photo-1200x675-1.jpg","type":"image\/jpeg"}],"twitter_card":"summary_large_image","twitter_site":"@mastercam","twitter_misc":{"Est. reading time":"2 minutes"},"schema":{"@context":"https:\/\/schema.org","@graph":[{"@type":"WebPage","@id":"https:\/\/www.mastercam.com\/sv\/losningar\/industriell\/verktyg-formar\/","url":"https:\/\/www.mastercam.com\/sv\/losningar\/industriell\/verktyg-formar\/","name":"CAD\/CAM-programvara f\u00f6r verktygs- och formtillverkning | Mastercam","isPartOf":{"@id":"https:\/\/www.mastercam.com\/sv\/#website"},"datePublished":"2023-01-31T23:25:11+00:00","dateModified":"2026-01-16T16:16:58+00:00","description":"V\u00e5ra CAD\/CAM-programvarul\u00f6sningar f\u00f6r verktygs- och formtillverkning tillverkar jiggar, fixturer, formar, verktygsmaskiner och andra verktyg. Klicka f\u00f6r att l\u00e4ra dig mer idag.","breadcrumb":{"@id":"https:\/\/www.mastercam.com\/sv\/losningar\/industriell\/verktyg-formar\/#breadcrumb"},"inLanguage":"sv-SE","potentialAction":[{"@type":"ReadAction","target":["https:\/\/www.mastercam.com\/sv\/losningar\/industriell\/verktyg-formar\/"]}]},{"@type":"BreadcrumbList","@id":"https:\/\/www.mastercam.com\/sv\/losningar\/industriell\/verktyg-formar\/#breadcrumb","itemListElement":[{"@type":"ListItem","position":1,"name":"Home","item":"https:\/\/www.mastercam.com\/sv\/"},{"@type":"ListItem","position":2,"name":"L\u00f6sningar","item":"https:\/\/www.mastercam.com\/sv\/losningar\/"},{"@type":"ListItem","position":3,"name":"Industriell","item":"https:\/\/www.mastercam.com\/sv\/losningar\/industriell\/"},{"@type":"ListItem","position":4,"name":"Verktyg &amp; formar"}]},{"@type":"WebSite","@id":"https:\/\/www.mastercam.com\/sv\/#website","url":"https:\/\/www.mastercam.com\/sv\/","name":"Mastercam","description":"Creating software and services that solve the world&#039;s manufacturing challenges","publisher":{"@id":"https:\/\/www.mastercam.com\/sv\/#organization"},"potentialAction":[{"@type":"SearchAction","target":{"@type":"EntryPoint","urlTemplate":"https:\/\/www.mastercam.com\/sv\/?s={search_term_string}"},"query-input":{"@type":"PropertyValueSpecification","valueRequired":true,"valueName":"search_term_string"}}],"inLanguage":"sv-SE"},{"@type":"Organization","@id":"https:\/\/www.mastercam.com\/sv\/#organization","name":"Mastercam","url":"https:\/\/www.mastercam.com\/sv\/","logo":{"@type":"ImageObject","inLanguage":"sv-SE","@id":"https:\/\/www.mastercam.com\/sv\/#\/schema\/logo\/image\/","url":"https:\/\/www.mastercam.com\/wp-content\/uploads\/2023\/02\/MC_logo.svg","contentUrl":"https:\/\/www.mastercam.com\/wp-content\/uploads\/2023\/02\/MC_logo.svg","width":230,"height":40,"caption":"Mastercam"},"image":{"@id":"https:\/\/www.mastercam.com\/sv\/#\/schema\/logo\/image\/"},"sameAs":["https:\/\/www.facebook.com\/Mastercam\/","https:\/\/x.com\/mastercam","https:\/\/www.linkedin.com\/company\/mastercam","https:\/\/www.youtube.com\/channel\/UChJt5ruSkqnmFH44WsXVZLw","https:\/\/www.instagram.com\/mastercam\/"]}]}},"_links":{"self":[{"href":"https:\/\/www.mastercam.com\/sv\/wp-json\/wp\/v2\/pages\/37123","targetHints":{"allow":["GET"]}}],"collection":[{"href":"https:\/\/www.mastercam.com\/sv\/wp-json\/wp\/v2\/pages"}],"about":[{"href":"https:\/\/www.mastercam.com\/sv\/wp-json\/wp\/v2\/types\/page"}],"author":[{"embeddable":true,"href":"https:\/\/www.mastercam.com\/sv\/wp-json\/wp\/v2\/users\/1"}],"replies":[{"embeddable":true,"href":"https:\/\/www.mastercam.com\/sv\/wp-json\/wp\/v2\/comments?post=37123"}],"version-history":[{"count":0,"href":"https:\/\/www.mastercam.com\/sv\/wp-json\/wp\/v2\/pages\/37123\/revisions"}],"up":[{"embeddable":true,"href":"https:\/\/www.mastercam.com\/sv\/wp-json\/wp\/v2\/pages\/36577"}],"wp:attachment":[{"href":"https:\/\/www.mastercam.com\/sv\/wp-json\/wp\/v2\/media?parent=37123"}],"curies":[{"name":"wp","href":"https:\/\/api.w.org\/{rel}","templated":true}]}}