{"id":37024,"date":"2023-01-31T18:23:46","date_gmt":"2023-01-31T23:23:46","guid":{"rendered":"https:\/\/www.mastercam.com\/losningar\/industriell\/utbildning\/"},"modified":"2026-01-16T11:16:12","modified_gmt":"2026-01-16T16:16:12","slug":"utbildning","status":"publish","type":"page","link":"https:\/\/www.mastercam.com\/sv\/losningar\/industriell\/utbildning\/","title":{"rendered":"Utbildning"},"content":{"rendered":"<div class=\"hero__breadcrumbs\">\n    <div class=\"container-fluid\">\n      <div class=\"row\">\n        <div class=\"col\">\n          <nav aria-label=\"breadcrumbs\"><ol class=\"breadcrumb\"><li><a href=\"https:\/\/www.mastercam.com\/sv\/\">Home<\/a><\/li><\/ol><\/nav>\n        <\/div>\n      <\/div>\n    <\/div>\n  <\/div>\n\n<div class=\"hero hero--minimal wp-block-acf-block-hero\">\n  <div class=\"container-fluid\">\n    <div class=\"row align-items-center\">\n      \n      \n      \n      <div class=\"col-12 col-lg-7 order-2 order-lg-2 hero__content-column\">\n        <div class=\"hero__content\">\n                      <h1 class=\"hero__heading\">\n              \n              Utbildning\n            <\/h1>\n          \n                      <p class=\"hero__text\">Mastercam-l\u00f6sningar f\u00f6r utbildning inom tillverkning<\/p>\n          \n          \n          \n          \n                  <\/div>\n      <\/div>\n    <\/div>\n  <\/div>\n<\/div>\n\n<div class=\"wp-block-group is-style-light-gray-bg is-layout-constrained wp-block-group-is-layout-constrained\" style=\"padding-top:var(--wp--preset--spacing--6);padding-bottom:var(--wp--preset--spacing--6)\">\n<div class=\"wp-block-columns is-style-container is-layout-flex wp-container-core-columns-is-layout-28f84493 wp-block-columns-is-layout-flex\">\n<div class=\"wp-block-column is-layout-flow wp-block-column-is-layout-flow\" style=\"flex-basis:50%\">\n<p>Tillverkningsutbildningar f\u00f6rtj\u00e4nar de b\u00e4sta CAM-l\u00f6sningarna och st\u00f6d p\u00e5 h\u00f6gsta niv\u00e5. Utbildare v\u00e4ljer Mastercam f\u00f6r att introducera studenterna till tillverkning och ge dem praktiska f\u00e4rdigheter och erfarenheter med hj\u00e4lp av samma CAD\/CAM-programvara som b\u00e5de ledande tillverkningsf\u00f6retag och mindre verkst\u00e4der litar p\u00e5. <\/p>\n\n\n\n<p>Mastercam \u00e4r dedikerat till att st\u00f6dja <a href=\"https:\/\/www.mastercam.com\/sv\/?post_type=product&amp;p=35343\">utbildning inom tillverkning<\/a>. Det \u00e4r v\u00e5r prioritet att se till att l\u00e4rare har tillg\u00e5ng till de <a href=\"http:\/\/www.mastercam.com\/community\/education-resources\/\">b\u00e4sta undervisningsverktygen<\/a>, CAD\/CAM-programvara och support, inklusive material, utbildning, l\u00e4rresurser och verkliga l\u00f6sningar.   <\/p>\n<\/div>\n\n\n\n<div class=\"wp-block-column is-layout-flow wp-block-column-is-layout-flow\" style=\"flex-basis:50%\">\n<p><strong>Fr\u00e5n gymnasieskolor till tekniska institut och h\u00f6gskolor till universitet \u00e4r utbildare dedikerade till att s\u00f6ka innovativa l\u00f6sningar som tillgodoser de v\u00e4xande kraven i klassrummet inom tillverkningsutbildning. F\u00f6rdelarna med att undervisa med Mastercam \u00e4r bland annat <\/strong><\/p>\n\n\n\n<ul id=\"block-b0931e0a-abcc-44d9-b260-ccfd809f8af6\" class=\"wp-block-list\">\n<li>Undervisa studenter med v\u00e4rldens mest anv\u00e4nda CAD\/CAM-programvara.<\/li>\n\n\n\n<li><a href=\"\/sv\/?page_id=37024\">Mastercam Educational Suite<\/a> inneh\u00e5ller en rad olika CAD\/CAM-l\u00f6sningar f\u00f6r klassrummet.<\/li>\n\n\n\n<li>Prisv\u00e4rda underh\u00e5llsalternativ h\u00e5ller skolorna uppdaterade med den senaste tekniken.<\/li>\n\n\n\n<li>Ett brett urval av <a href=\"http:\/\/www.mastercam.com\/community\/education-resources\/\">utbildningsresurser<\/a> finns tillg\u00e4ngliga.<\/li>\n\n\n\n<li>Mastercam sponsrar flera <a href=\"http:\/\/www.mastercam.com\/community\/competitions\/\">t\u00e4vlingar<\/a> och <a href=\"http:\/\/www.mastercam.com\/community\/sponsorships\/\">organisationer<\/a> f\u00f6r att hj\u00e4lpa studenter att f\u00e5 STEM-f\u00e4rdigheter f\u00f6r tillverkningskarri\u00e4rer.<\/li>\n<\/ul>\n<\/div>\n<\/div>\n<\/div>\n\n<div class=\"wp-block-columns is-style-medium is-layout-flex wp-container-core-columns-is-layout-b9053888 wp-block-columns-is-layout-flex\" style=\"padding-top:var(--wp--preset--spacing--5)\">\n<div class=\"wp-block-column is-layout-flow wp-block-column-is-layout-flow\">\n<h2 class=\"wp-block-heading\">Mastercam-l\u00f6sningar f\u00f6r utbildning inom tillverkning<\/h2>\n\n\n\n<p>Ett CAD\/CAM-programvarupaket som utvecklats f\u00f6r utbildning inom tillverkningsindustrin \u00e4r bara en ingrediens f\u00f6r framg\u00e5ng. V\u00e5rt dedikerade utbildningsteam, tillsammans med v\u00e5r globala gemenskap av Mastercam-anv\u00e4ndare, experter, l\u00e4rare och entusiaster, utg\u00f6r en v\u00e4rdefull resurs f\u00f6r kunskap och innovation. Och v\u00e5ra Mastercam-representanter har m\u00e5nga \u00e5rs praktisk erfarenhet fr\u00e5n olika industrier och lokala marknader, vilket bidrar till att s\u00e4kerst\u00e4lla att du alltid har det st\u00f6d du beh\u00f6ver f\u00f6r att f\u00f6rbereda framtidens tillverkare.    <\/p>\n\n\n\n<p>Antalet lediga jobb inom tillverkningsindustrin forts\u00e4tter att vara st\u00f6rre \u00e4n antalet kvalificerade studenter och yrkesverksamma kandidater.<\/p>\n\n\n\n<p>Nu mer \u00e4n n\u00e5gonsin \u00e4r utbildning inom tillverkningsindustrin avg\u00f6rande f\u00f6r framg\u00e5ngen f\u00f6r ekonomier regionalt och globalt. Med fler installerade platser inom industri och utbildning \u00e4n n\u00e5gon annan CAM-programvara \u00e4r Mastercam det b\u00e4sta valet f\u00f6r skolor som s\u00f6ker st\u00f6d och verkliga l\u00f6sningar f\u00f6r att hj\u00e4lpa eleverna att \u00f6verbrygga kompetensgapet och p\u00e5b\u00f6rja givande karri\u00e4rer inom tillverkningsindustrin. Oavsett om din skola fokuserar p\u00e5 STEM, karri\u00e4r och teknisk utbildning, CNC, avancerad tillverkningsteknik, tr\u00e4 och kompositer, maskinteknik eller andra liknande \u00e4mnen,    <\/p>\n\n\n\n<p>Mastercams programvara och l\u00e4roplan kan hj\u00e4lpa dig att f\u00f6rb\u00e4ttra framg\u00e5ngen f\u00f6r ditt program. V\u00e5ra l\u00f6sningar inneh\u00e5ller den senaste tekniken som utvecklats av verktygs-, programvaru- och verktygsmaskintillverkare \u00f6ver hela v\u00e4rlden. <\/p>\n\n\n\n<div class=\"wp-block-buttons is-layout-flex wp-block-buttons-is-layout-flex\">\n<div class=\"wp-block-button is-style-secondary\"><a class=\"wp-block-button__link wp-element-button\" href=\"\/sv\/?page_id=36664\">Visa produkter<\/a><\/div>\n<\/div>\n<\/div>\n<\/div>\n\n<div class=\"wp-block-columns is-style-container is-layout-flex wp-container-core-columns-is-layout-28f84493 wp-block-columns-is-layout-flex\">\n<div class=\"wp-block-column is-layout-flow wp-block-column-is-layout-flow\">\n<h2 class=\"wp-block-heading\" style=\"padding-top:var(--wp--preset--spacing--6)\">Till\u00e4gg<\/h2>\n\n\n<div class=\"aligncenter wp-block-acf-block-add-ons\">\n  <div class=\"row block-addons\">\n                                        <div class=\"block-addons__item col-xs-12 col-sm-6 col-md-4 col-lg-3\">\n              <a href=\"https:\/\/www.mastercam.com\/sv\/solutions\/add-ons\/multiaxis-bearbetning\/\" class=\"btn btn-outline-secondary w-100\">\n                Multiaxis Machining\n              <\/a>\n            <\/div>\n                                                                <div class=\"block-addons__item col-xs-12 col-sm-6 col-md-4 col-lg-3\">\n              <a href=\"https:\/\/www.mastercam.com\/sv\/solutions\/add-ons\/konst\/\" class=\"btn btn-outline-secondary w-100\">\n                Konst\n              <\/a>\n            <\/div>\n                              <\/div>\n<\/div>\n<\/div>\n<\/div>\n<div class=\"container-fluid align wp-block-acf-block-media-object\">\n  <div class=\"row\">\n    <div class=\"col\">\n      <div class=\"d-flex flex-column flex-lg-row media-object media-object--shaded\">\n        <div class=\"flex-shrink-0 media-object__image order-1  order-lg-3 \">\n                                    \n              <a href=\"https:\/\/www.mastercam.com\/sv\/hitta-en-partner\/\" tabindex=\"-1\">\n                <img decoding=\"async\" src=\"https:\/\/www.mastercam.com\/wp-content\/uploads\/2023\/01\/Rectangle-2.jpg\" alt=\"man wearing a headset typing on a desktop computer\" loading=\"lazy\">\n              <\/a>\n                              <\/div>\n        <div class=\"media-object__body flex-grow-1 d-lg-flex flex-column order-2 justify-content-lg-center\">\n                                <h2 class=\"media-object__header h3\">Kontakta Mastercam<\/h2>\n                                <div class=\"media-object__content\">\n              <p>Kontakta oss f\u00f6r att utforska CAD\/CAM-l\u00f6sningar f\u00f6r f\u00f6rb\u00e4ttrad tillverkningsplanering.<\/p>\n\n            <\/div>\n                                <div class=\"media-object__cta\">\n              <a href=\"https:\/\/www.mastercam.com\/sv\/hitta-en-partner\/\" class=\"btn btn-outline-secondary\">Kontakta Mastercam<\/a>\n            <\/div>\n                  <\/div>\n      <\/div>\n    <\/div>\n  <\/div>\n<\/div>\n\n<div class=\"wp-block-group is-style-light-gray-bg is-layout-constrained wp-block-group-is-layout-constrained\" style=\"margin-top:0;margin-bottom:0;padding-top:var(--wp--preset--spacing--6);padding-bottom:var(--wp--preset--spacing--6)\"><div class=\"container-fluid aligncenter wp-block-acf-block-case-studies\">\n  <div id=\"case-studies\" class=\"row\">\n    <div class=\"col-12 col-md-8\">\n      <h2>Success Stories<\/h2>\n          <\/div>\n    <div class=\"col-12 col-md-4 mt-5 mt-md-0 text-md-end\">\n      <a href=\"https:\/\/www.mastercam.com\/sv\/success-stories\/\" class=\"btn btn-outline-secondary btn-view-all\">View all<\/a>\n    <\/div>\n  <\/div>\n  <div class=\"cards mt-5\">\n          \n              <div class=\"col col-12 col-md-6 col-lg-6\">\n  <div class=\"card h-100 case-studies card--linked\">\n          <div class=\"skeleton-image card-img-top\" style=\"--skeleton-aspect-ratio: 375 \/ 236;\">\n        <img decoding=\"async\" src=\"https:\/\/www.mastercam.com\/wp-content\/uploads\/2023\/04\/AsnuntuckMachineSetupDemo-1024x356.jpeg\" alt=\"Asnuntuck Community College\" loading=\"lazy\" onload=\"this.classList.add('loaded')\" \/>\n      <\/div>\n    \n    <div class=\"card-body\">\n              <span class=\"card-category card-category--static\">Success Stories<\/span>\n      \n      <h3 class=\"card-title\">Asnuntuck Community College<\/h3>\n\n              <p class=\"card-text\">Asnuntuck Community College&#039;s Advanced Manufacturing Program i Enfield, Connecticut, grundades f\u00f6r tjugo \u00e5r sedan och har blivit en viktig k\u00e4lla till medarbetare f\u00f6r delstatens m\u00e5nga tillverkningsf\u00f6retag. Eftersom f\u00f6rh\u00e5llandet mellan arbetsgivare och arbetstagare har blivit en \u00f6msesidig relation f\u00f6r studenterna, har de involverade tillverkarna f\u00f6rsett skolan med b\u00e5de grundl\u00e4ggande undervisning och verkstadsutrustning f\u00f6r att s\u00e4kerst\u00e4lla ett\u2026<\/p>\n      \n          <\/div>\n\n          \n      <div class=\"card-footer\">\n        <a class=\"btn btn-outline-secondary stretched-link\" href=\"https:\/\/www.mastercam.com\/sv\/success-stories\/asnuntuck-community-college\/\">\n          Read more<span class=\"sr-only\"> about Asnuntuck Community College<\/span>\n        <\/a>\n      <\/div>\n      <\/div>\n\n  <\/div>\n                \n              <div class=\"col col-12 col-md-6 col-lg-6\">\n  <div class=\"card h-100 case-studies card--linked\">\n          <div class=\"skeleton-image card-img-top\" style=\"--skeleton-aspect-ratio: 375 \/ 236;\">\n        <img decoding=\"async\" src=\"https:\/\/www.mastercam.com\/wp-content\/uploads\/2023\/04\/ATCStudentswithMastercamUCertificate-1024x356.jpeg\" alt=\"ATC Teknik f\u00f6r maskinbearbetning\" loading=\"lazy\" onload=\"this.classList.add('loaded')\" \/>\n      <\/div>\n    \n    <div class=\"card-body\">\n              <span class=\"card-category card-category--static\">Success Stories<\/span>\n      \n      <h3 class=\"card-title\">ATC Teknik f\u00f6r maskinbearbetning<\/h3>\n\n              <p class=\"card-text\">Atlantic Technical College och Technical High School, som i Coconut Creek i Florida \u00e4r k\u00e4nda som ATC, anv\u00e4nder sig av undervisning i Computer-Assisted Design (CAD) och Computer-Assisted Manufacturing (CAM) f\u00f6r att hj\u00e4lpa intresserade studenter till givande karri\u00e4rer i dagens v\u00e4rld av fabriksautomation. Kevin Finan, instrukt\u00f6r p\u00e5 Machining Technologies Program, har arbetat i automatiserade tillverkningsanl\u00e4ggningar b\u00e5de\u2026<\/p>\n      \n          <\/div>\n\n          \n      <div class=\"card-footer\">\n        <a class=\"btn btn-outline-secondary stretched-link\" href=\"https:\/\/www.mastercam.com\/sv\/success-stories\/atc-teknik-for-maskinbearbetning\/\">\n          Read more<span class=\"sr-only\"> about ATC Teknik f\u00f6r maskinbearbetning<\/span>\n        <\/a>\n      <\/div>\n      <\/div>\n\n  <\/div>\n            <\/div>\n<\/div>\n<\/div>\n","protected":false},"excerpt":{"rendered":"<p>Tillverkningsutbildningar f\u00f6rtj\u00e4nar de b\u00e4sta CAM-l\u00f6sningarna och st\u00f6d p\u00e5 h\u00f6gsta niv\u00e5. Utbildare v\u00e4ljer Mastercam f\u00f6r att [&hellip;]<\/p>\n","protected":false},"author":1,"featured_media":0,"parent":36577,"menu_order":0,"comment_status":"closed","ping_status":"closed","template":"","meta":{"_acf_changed":false,"footnotes":""},"class_list":["post-37024","page","type-page","status-publish","hentry"],"acf":[],"yoast_head":"<!-- This site is optimized with the Yoast SEO plugin v27.4 - https:\/\/yoast.com\/product\/yoast-seo-wordpress\/ -->\n<title>CAD\/CAM-programvara f\u00f6r utbildningsindustrin<\/title>\n<meta name=\"description\" content=\"Mastercams CAD\/CAM-programvara f\u00f6r utbildning l\u00e4r studenterna att designa och tillverka produkter inom en m\u00e4ngd olika industrier. L\u00e4r dig mer redan idag.\" \/>\n<meta name=\"robots\" content=\"index, follow, max-snippet:-1, max-image-preview:large, max-video-preview:-1\" \/>\n<link rel=\"canonical\" href=\"https:\/\/www.mastercam.com\/sv\/losningar\/industriell\/utbildning\/\" \/>\n<meta property=\"og:locale\" content=\"sv_SE\" \/>\n<meta property=\"og:type\" content=\"article\" \/>\n<meta property=\"og:title\" content=\"CAD\/CAM-programvara f\u00f6r utbildningsindustrin\" \/>\n<meta property=\"og:description\" content=\"Mastercams CAD\/CAM-programvara f\u00f6r utbildning l\u00e4r studenterna att designa och tillverka produkter inom en m\u00e4ngd olika industrier. L\u00e4r dig mer redan idag.\" \/>\n<meta property=\"og:url\" content=\"https:\/\/www.mastercam.com\/sv\/losningar\/industriell\/utbildning\/\" \/>\n<meta property=\"og:site_name\" content=\"mastercam.com\" \/>\n<meta property=\"article:publisher\" content=\"https:\/\/www.facebook.com\/Mastercam\/\" \/>\n<meta property=\"article:modified_time\" content=\"2026-01-16T16:16:12+00:00\" \/>\n<meta property=\"og:image\" content=\"https:\/\/www.mastercam.com\/wp-content\/uploads\/2024\/02\/drill-wide-photo-1200x675-1.jpg\" \/>\n\t<meta property=\"og:image:width\" content=\"1200\" \/>\n\t<meta property=\"og:image:height\" content=\"675\" \/>\n\t<meta property=\"og:image:type\" content=\"image\/jpeg\" \/>\n<meta name=\"twitter:card\" content=\"summary_large_image\" \/>\n<meta name=\"twitter:site\" content=\"@mastercam\" \/>\n<meta name=\"twitter:label1\" content=\"Est. reading time\" \/>\n\t<meta name=\"twitter:data1\" content=\"2 minutes\" \/>\n<script type=\"application\/ld+json\" class=\"yoast-schema-graph\">{\"@context\":\"https:\\\/\\\/schema.org\",\"@graph\":[{\"@type\":\"WebPage\",\"@id\":\"https:\\\/\\\/www.mastercam.com\\\/sv\\\/losningar\\\/industriell\\\/utbildning\\\/\",\"url\":\"https:\\\/\\\/www.mastercam.com\\\/sv\\\/losningar\\\/industriell\\\/utbildning\\\/\",\"name\":\"CAD\\\/CAM-programvara f\u00f6r utbildningsindustrin\",\"isPartOf\":{\"@id\":\"https:\\\/\\\/www.mastercam.com\\\/sv\\\/#website\"},\"datePublished\":\"2023-01-31T23:23:46+00:00\",\"dateModified\":\"2026-01-16T16:16:12+00:00\",\"description\":\"Mastercams CAD\\\/CAM-programvara f\u00f6r utbildning l\u00e4r studenterna att designa och tillverka produkter inom en m\u00e4ngd olika industrier. L\u00e4r dig mer redan idag.\",\"breadcrumb\":{\"@id\":\"https:\\\/\\\/www.mastercam.com\\\/sv\\\/losningar\\\/industriell\\\/utbildning\\\/#breadcrumb\"},\"inLanguage\":\"sv-SE\",\"potentialAction\":[{\"@type\":\"ReadAction\",\"target\":[\"https:\\\/\\\/www.mastercam.com\\\/sv\\\/losningar\\\/industriell\\\/utbildning\\\/\"]}]},{\"@type\":\"BreadcrumbList\",\"@id\":\"https:\\\/\\\/www.mastercam.com\\\/sv\\\/losningar\\\/industriell\\\/utbildning\\\/#breadcrumb\",\"itemListElement\":[{\"@type\":\"ListItem\",\"position\":1,\"name\":\"Home\",\"item\":\"https:\\\/\\\/www.mastercam.com\\\/sv\\\/\"},{\"@type\":\"ListItem\",\"position\":2,\"name\":\"L\u00f6sningar\",\"item\":\"https:\\\/\\\/www.mastercam.com\\\/sv\\\/losningar\\\/\"},{\"@type\":\"ListItem\",\"position\":3,\"name\":\"Industriell\",\"item\":\"https:\\\/\\\/www.mastercam.com\\\/sv\\\/losningar\\\/industriell\\\/\"},{\"@type\":\"ListItem\",\"position\":4,\"name\":\"Utbildning\"}]},{\"@type\":\"WebSite\",\"@id\":\"https:\\\/\\\/www.mastercam.com\\\/sv\\\/#website\",\"url\":\"https:\\\/\\\/www.mastercam.com\\\/sv\\\/\",\"name\":\"Mastercam\",\"description\":\"Creating software and services that solve the world&#039;s manufacturing challenges\",\"publisher\":{\"@id\":\"https:\\\/\\\/www.mastercam.com\\\/sv\\\/#organization\"},\"potentialAction\":[{\"@type\":\"SearchAction\",\"target\":{\"@type\":\"EntryPoint\",\"urlTemplate\":\"https:\\\/\\\/www.mastercam.com\\\/sv\\\/?s={search_term_string}\"},\"query-input\":{\"@type\":\"PropertyValueSpecification\",\"valueRequired\":true,\"valueName\":\"search_term_string\"}}],\"inLanguage\":\"sv-SE\"},{\"@type\":\"Organization\",\"@id\":\"https:\\\/\\\/www.mastercam.com\\\/sv\\\/#organization\",\"name\":\"Mastercam\",\"url\":\"https:\\\/\\\/www.mastercam.com\\\/sv\\\/\",\"logo\":{\"@type\":\"ImageObject\",\"inLanguage\":\"sv-SE\",\"@id\":\"https:\\\/\\\/www.mastercam.com\\\/sv\\\/#\\\/schema\\\/logo\\\/image\\\/\",\"url\":\"https:\\\/\\\/www.mastercam.com\\\/wp-content\\\/uploads\\\/2023\\\/02\\\/MC_logo.svg\",\"contentUrl\":\"https:\\\/\\\/www.mastercam.com\\\/wp-content\\\/uploads\\\/2023\\\/02\\\/MC_logo.svg\",\"width\":230,\"height\":40,\"caption\":\"Mastercam\"},\"image\":{\"@id\":\"https:\\\/\\\/www.mastercam.com\\\/sv\\\/#\\\/schema\\\/logo\\\/image\\\/\"},\"sameAs\":[\"https:\\\/\\\/www.facebook.com\\\/Mastercam\\\/\",\"https:\\\/\\\/x.com\\\/mastercam\",\"https:\\\/\\\/www.linkedin.com\\\/company\\\/mastercam\",\"https:\\\/\\\/www.youtube.com\\\/channel\\\/UChJt5ruSkqnmFH44WsXVZLw\",\"https:\\\/\\\/www.instagram.com\\\/mastercam\\\/\"]}]}<\/script>\n<!-- \/ Yoast SEO plugin. -->","yoast_head_json":{"title":"CAD\/CAM-programvara f\u00f6r utbildningsindustrin","description":"Mastercams CAD\/CAM-programvara f\u00f6r utbildning l\u00e4r studenterna att designa och tillverka produkter inom en m\u00e4ngd olika industrier. L\u00e4r dig mer redan idag.","robots":{"index":"index","follow":"follow","max-snippet":"max-snippet:-1","max-image-preview":"max-image-preview:large","max-video-preview":"max-video-preview:-1"},"canonical":"https:\/\/www.mastercam.com\/sv\/losningar\/industriell\/utbildning\/","og_locale":"sv_SE","og_type":"article","og_title":"CAD\/CAM-programvara f\u00f6r utbildningsindustrin","og_description":"Mastercams CAD\/CAM-programvara f\u00f6r utbildning l\u00e4r studenterna att designa och tillverka produkter inom en m\u00e4ngd olika industrier. L\u00e4r dig mer redan idag.","og_url":"https:\/\/www.mastercam.com\/sv\/losningar\/industriell\/utbildning\/","og_site_name":"mastercam.com","article_publisher":"https:\/\/www.facebook.com\/Mastercam\/","article_modified_time":"2026-01-16T16:16:12+00:00","og_image":[{"width":1200,"height":675,"url":"https:\/\/www.mastercam.com\/wp-content\/uploads\/2024\/02\/drill-wide-photo-1200x675-1.jpg","type":"image\/jpeg"}],"twitter_card":"summary_large_image","twitter_site":"@mastercam","twitter_misc":{"Est. reading time":"2 minutes"},"schema":{"@context":"https:\/\/schema.org","@graph":[{"@type":"WebPage","@id":"https:\/\/www.mastercam.com\/sv\/losningar\/industriell\/utbildning\/","url":"https:\/\/www.mastercam.com\/sv\/losningar\/industriell\/utbildning\/","name":"CAD\/CAM-programvara f\u00f6r utbildningsindustrin","isPartOf":{"@id":"https:\/\/www.mastercam.com\/sv\/#website"},"datePublished":"2023-01-31T23:23:46+00:00","dateModified":"2026-01-16T16:16:12+00:00","description":"Mastercams CAD\/CAM-programvara f\u00f6r utbildning l\u00e4r studenterna att designa och tillverka produkter inom en m\u00e4ngd olika industrier. L\u00e4r dig mer redan idag.","breadcrumb":{"@id":"https:\/\/www.mastercam.com\/sv\/losningar\/industriell\/utbildning\/#breadcrumb"},"inLanguage":"sv-SE","potentialAction":[{"@type":"ReadAction","target":["https:\/\/www.mastercam.com\/sv\/losningar\/industriell\/utbildning\/"]}]},{"@type":"BreadcrumbList","@id":"https:\/\/www.mastercam.com\/sv\/losningar\/industriell\/utbildning\/#breadcrumb","itemListElement":[{"@type":"ListItem","position":1,"name":"Home","item":"https:\/\/www.mastercam.com\/sv\/"},{"@type":"ListItem","position":2,"name":"L\u00f6sningar","item":"https:\/\/www.mastercam.com\/sv\/losningar\/"},{"@type":"ListItem","position":3,"name":"Industriell","item":"https:\/\/www.mastercam.com\/sv\/losningar\/industriell\/"},{"@type":"ListItem","position":4,"name":"Utbildning"}]},{"@type":"WebSite","@id":"https:\/\/www.mastercam.com\/sv\/#website","url":"https:\/\/www.mastercam.com\/sv\/","name":"Mastercam","description":"Creating software and services that solve the world&#039;s manufacturing challenges","publisher":{"@id":"https:\/\/www.mastercam.com\/sv\/#organization"},"potentialAction":[{"@type":"SearchAction","target":{"@type":"EntryPoint","urlTemplate":"https:\/\/www.mastercam.com\/sv\/?s={search_term_string}"},"query-input":{"@type":"PropertyValueSpecification","valueRequired":true,"valueName":"search_term_string"}}],"inLanguage":"sv-SE"},{"@type":"Organization","@id":"https:\/\/www.mastercam.com\/sv\/#organization","name":"Mastercam","url":"https:\/\/www.mastercam.com\/sv\/","logo":{"@type":"ImageObject","inLanguage":"sv-SE","@id":"https:\/\/www.mastercam.com\/sv\/#\/schema\/logo\/image\/","url":"https:\/\/www.mastercam.com\/wp-content\/uploads\/2023\/02\/MC_logo.svg","contentUrl":"https:\/\/www.mastercam.com\/wp-content\/uploads\/2023\/02\/MC_logo.svg","width":230,"height":40,"caption":"Mastercam"},"image":{"@id":"https:\/\/www.mastercam.com\/sv\/#\/schema\/logo\/image\/"},"sameAs":["https:\/\/www.facebook.com\/Mastercam\/","https:\/\/x.com\/mastercam","https:\/\/www.linkedin.com\/company\/mastercam","https:\/\/www.youtube.com\/channel\/UChJt5ruSkqnmFH44WsXVZLw","https:\/\/www.instagram.com\/mastercam\/"]}]}},"_links":{"self":[{"href":"https:\/\/www.mastercam.com\/sv\/wp-json\/wp\/v2\/pages\/37024","targetHints":{"allow":["GET"]}}],"collection":[{"href":"https:\/\/www.mastercam.com\/sv\/wp-json\/wp\/v2\/pages"}],"about":[{"href":"https:\/\/www.mastercam.com\/sv\/wp-json\/wp\/v2\/types\/page"}],"author":[{"embeddable":true,"href":"https:\/\/www.mastercam.com\/sv\/wp-json\/wp\/v2\/users\/1"}],"replies":[{"embeddable":true,"href":"https:\/\/www.mastercam.com\/sv\/wp-json\/wp\/v2\/comments?post=37024"}],"version-history":[{"count":0,"href":"https:\/\/www.mastercam.com\/sv\/wp-json\/wp\/v2\/pages\/37024\/revisions"}],"up":[{"embeddable":true,"href":"https:\/\/www.mastercam.com\/sv\/wp-json\/wp\/v2\/pages\/36577"}],"wp:attachment":[{"href":"https:\/\/www.mastercam.com\/sv\/wp-json\/wp\/v2\/media?parent=37024"}],"curies":[{"name":"wp","href":"https:\/\/api.w.org\/{rel}","templated":true}]}}