{"id":37002,"date":"2023-01-31T18:24:36","date_gmt":"2023-01-31T23:24:36","guid":{"rendered":"https:\/\/www.mastercam.com\/losningar\/industriell\/tung-industri\/"},"modified":"2026-01-16T11:16:57","modified_gmt":"2026-01-16T16:16:57","slug":"tung-industri","status":"publish","type":"page","link":"https:\/\/www.mastercam.com\/sv\/losningar\/industriell\/tung-industri\/","title":{"rendered":"Tung industri"},"content":{"rendered":"<div class=\"hero__breadcrumbs\">\n    <div class=\"container-fluid\">\n      <div class=\"row\">\n        <div class=\"col\">\n          <nav aria-label=\"breadcrumbs\"><ol class=\"breadcrumb\"><li><a href=\"https:\/\/www.mastercam.com\/sv\/\">Home<\/a><\/li><\/ol><\/nav>\n        <\/div>\n      <\/div>\n    <\/div>\n  <\/div>\n\n<div class=\"hero hero--minimal wp-block-acf-block-hero\">\n  <div class=\"container-fluid\">\n    <div class=\"row align-items-center\">\n      \n      \n      \n      <div class=\"col-12 col-lg-7 order-2 order-lg-2 hero__content-column\">\n        <div class=\"hero__content\">\n                      <h1 class=\"hero__heading\">\n              \n              Tung industri\n            <\/h1>\n          \n                      <p class=\"hero__text\">Mastercam-l\u00f6sningar f\u00f6r tillverkning inom tung industri<\/p>\n          \n          \n          \n          \n                  <\/div>\n      <\/div>\n    <\/div>\n  <\/div>\n<\/div>\n\n<div class=\"wp-block-group is-style-light-gray-bg is-layout-constrained wp-block-group-is-layout-constrained\" style=\"padding-top:var(--wp--preset--spacing--6);padding-bottom:var(--wp--preset--spacing--6)\">\n<div class=\"wp-block-columns is-style-container is-layout-flex wp-container-core-columns-is-layout-28f84493 wp-block-columns-is-layout-flex\">\n<div class=\"wp-block-column is-layout-flow wp-block-column-is-layout-flow\" style=\"flex-basis:50%\">\n<p>Tillverkare inom den tunga industrin str\u00e4var efter att maximera produktionskapaciteten utan att g\u00f6ra avkall p\u00e5 kvaliteten. Finns det n\u00e5got b\u00e4ttre s\u00e4tt att uppn\u00e5 detta \u00e4n med den senaste programvaran fr\u00e5n v\u00e4rldens fr\u00e4msta CAM-system? Lita p\u00e5 att Mastercam ger precision och effektivitet till dina f\u00e4rdiga detaljer med o\u00f6vertr\u00e4ffade metallborttagningsprocesser f\u00f6r \u00e4ven de tuffaste materialen inom den tunga industrin.  <\/p>\n<\/div>\n\n\n\n<div class=\"wp-block-column is-layout-flow wp-block-column-is-layout-flow\" style=\"flex-basis:50%\">\n<p><strong>Inom tung industriell tillverkning \u00e4r framg\u00e5ng beroende av tillf\u00f6rlitlig precision, flexibilitet och snabbhet. Mastercam tillhandah\u00e5ller CAD\/CAM-l\u00f6sningar f\u00f6r att effektivt pl\u00f6ja igenom den tyngsta arbetsbelastningen, inklusive: <\/strong><\/p>\n\n\n\n<ul id=\"block-c0357bd6-b835-4c88-904e-b240df4aba9c\" class=\"wp-block-list\">\n<li>Mjukvarustrategier f\u00f6r komplexa bearbetningsutmaningar.<\/li>\n\n\n\n<li>Effektiva verktygsbanor som anpassar sig till smide och gjutgods.<\/li>\n\n\n\n<li>Str\u00f6mlinjeformad 5-axlig kapning, trimning och borrning.<\/li>\n\n\n\n<li>Accelerated Finishing\u2122 f\u00f6r f\u00e4rre \u00f6verfarter, plattare spetsar och b\u00e4ttre ytfinish.<\/li>\n\n\n\n<li>Dynamic Motion\u2122 f\u00f6r l\u00e4ngre verktygslivsl\u00e4ngd och kortare kaptid.<\/li>\n\n\n\n<li>Tredjepartsl\u00f6sningar som integreras med Mastercam f\u00f6r sp\u00e5rning av verkstadsgolv och processer.<\/li>\n<\/ul>\n<\/div>\n<\/div>\n<\/div>\n\n<div class=\"wp-block-columns is-style-medium is-layout-flex wp-container-core-columns-is-layout-b9053888 wp-block-columns-is-layout-flex\" style=\"padding-top:var(--wp--preset--spacing--5)\">\n<div class=\"wp-block-column is-layout-flow wp-block-column-is-layout-flow\">\n<h2 class=\"wp-block-heading\">Mastercam-l\u00f6sningar f\u00f6r tillverkning inom tung industri<\/h2>\n\n\n\n<p>Programvara som \u00e4r idealisk f\u00f6r den tunga industrin \u00e4r bara en ingrediens f\u00f6r framg\u00e5ng. Tillsammans utg\u00f6r v\u00e5rt globala community av Mastercam-anv\u00e4ndare, experter, utbildare och entusiaster en v\u00e4rdefull resurs f\u00f6r kunskap och innovation. Och v\u00e5ra Mastercam-representanter har m\u00e5nga \u00e5rs praktisk erfarenhet av olika industriella branscher och lokala marknader, vilket bidrar till att s\u00e4kerst\u00e4lla att du alltid har det st\u00f6d du beh\u00f6ver f\u00f6r att f\u00e5 ut mesta m\u00f6jliga av din investering i CAD\/CAM.  <\/p>\n\n\n\n<p>Vi har utvecklat det st\u00f6rsta globala n\u00e4tverket av CAM-partners f\u00f6r att ge v\u00e5ra anv\u00e4ndare inom tung industriell tillverkning en rad alternativ som g\u00f6r att produktionsutmaningar f\u00f6rsvinner. V\u00e5ra l\u00f6sningar drar nytta av den senaste tekniken som utvecklats av verktygs-, programvaru- och verktygsmaskintillverkare \u00f6ver hela v\u00e4rlden. Mastercam levererar en kraftfull upps\u00e4ttning fokuserade verktygsbanor och designverktyg till globala f\u00f6retag som str\u00e4cker sig fr\u00e5n Fortune 500 komponent- och utrustningstillverkare till sm\u00e5 nystartade supportverkst\u00e4der.  <\/p>\n\n\n\n<p>V\u00e5rt utbud av bearbetningsl\u00f6sningar f\u00f6r tung industri hj\u00e4lper till att maximera produktiviteten utan att g\u00f6ra avkall p\u00e5 kvaliteten. Oavsett om det g\u00e4ller grovbearbetning eller slutbearbetning ger Mastercam de verktyg som beh\u00f6vs f\u00f6r att effektivisera och automatisera din produktionslinje. Inom tung industri har tillverkarna olika bearbetningskrav och vi erbjuder programvaruverktygen f\u00f6r att komplettera precisionsbehoven i din verkstad, fr\u00e5n design till fr\u00e4sning till svarvning, multitasking och mycket mer. Kolla in hela utbudet av <a href=\"http:\/\/www.mastercam.com\/solutions\/products\/\">Mastercam-produkter<\/a> f\u00f6r att hitta r\u00e4tt l\u00f6sningar f\u00f6r dina tillverkningsutmaningar. Om din verkstad g\u00f6r det, s\u00e5 kan vi st\u00f6dja det.   <\/p>\n\n\n\n<div class=\"wp-block-buttons is-layout-flex wp-block-buttons-is-layout-flex\">\n<div class=\"wp-block-button is-style-secondary\"><a class=\"wp-block-button__link wp-element-button\" href=\"\/sv\/?page_id=36664\">Visa produkter<\/a><\/div>\n<\/div>\n<\/div>\n<\/div>\n\n<div class=\"wp-block-columns is-style-container is-layout-flex wp-container-core-columns-is-layout-28f84493 wp-block-columns-is-layout-flex\">\n<div class=\"wp-block-column is-layout-flow wp-block-column-is-layout-flow\">\n<h2 class=\"wp-block-heading\" style=\"padding-top:var(--wp--preset--spacing--6)\">Till\u00e4gg<\/h2>\n\n\n<div class=\"aligncenter wp-block-acf-block-add-ons\">\n  <div class=\"row block-addons\">\n                                        <div class=\"block-addons__item col-xs-12 col-sm-6 col-md-4 col-lg-3\">\n              <a href=\"https:\/\/www.mastercam.com\/sv\/solutions\/add-ons\/multiaxis-bearbetning\/\" class=\"btn btn-outline-secondary w-100\">\n                Multiaxis Machining\n              <\/a>\n            <\/div>\n                                                                <div class=\"block-addons__item col-xs-12 col-sm-6 col-md-4 col-lg-3\">\n              <a href=\"https:\/\/www.mastercam.com\/sv\/solutions\/add-ons\/produktivitet\/\" class=\"btn btn-outline-secondary w-100\">\n                Productivity+\u2122\n              <\/a>\n            <\/div>\n                              <\/div>\n<\/div>\n<\/div>\n<\/div>\n<div style=\"padding-bottom:var(--wp--preset--spacing--6);\" class=\"container-fluid align wp-block-acf-block-media-object\">\n  <div class=\"row\">\n    <div class=\"col\">\n      <div class=\"d-flex flex-column flex-lg-row media-object media-object--shaded\">\n        <div class=\"flex-shrink-0 media-object__image order-1  order-lg-3 \">\n                                    \n              <a href=\"https:\/\/www.mastercam.com\/sv\/hitta-en-partner\/\" tabindex=\"-1\">\n                <img decoding=\"async\" src=\"https:\/\/www.mastercam.com\/wp-content\/uploads\/2023\/01\/Rectangle-2.jpg\" alt=\"man wearing a headset typing on a desktop computer\" loading=\"lazy\">\n              <\/a>\n                              <\/div>\n        <div class=\"media-object__body flex-grow-1 d-lg-flex flex-column order-2 justify-content-lg-center\">\n                                <h2 class=\"media-object__header h3\">Kontakta Mastercam<\/h2>\n                                <div class=\"media-object__content\">\n              <p>Kontakta oss f\u00f6r att utforska CAD\/CAM-l\u00f6sningar f\u00f6r f\u00f6rb\u00e4ttrad tillverkning inom tung industri.<\/p>\n\n            <\/div>\n                                <div class=\"media-object__cta\">\n              <a href=\"https:\/\/www.mastercam.com\/sv\/hitta-en-partner\/\" class=\"btn btn-outline-secondary\">Kontakta Mastercam<\/a>\n            <\/div>\n                  <\/div>\n      <\/div>\n    <\/div>\n  <\/div>\n<\/div>\n\n<div class=\"wp-block-group is-style-light-gray-bg is-layout-constrained wp-block-group-is-layout-constrained\" style=\"margin-top:0;margin-bottom:0;padding-top:var(--wp--preset--spacing--6);padding-bottom:var(--wp--preset--spacing--6)\"><div class=\"container-fluid aligncenter wp-block-acf-block-case-studies\">\n  <div id=\"case-studies\" class=\"row\">\n    <div class=\"col-12 col-md-8\">\n      <h2>Success Stories<\/h2>\n          <\/div>\n    <div class=\"col-12 col-md-4 mt-5 mt-md-0 text-md-end\">\n      <a href=\"https:\/\/www.mastercam.com\/sv\/success-stories\/\" class=\"btn btn-outline-secondary btn-view-all\">View all<\/a>\n    <\/div>\n  <\/div>\n  <div class=\"cards mt-5\">\n          \n              <div class=\"col col-12 col-md-6 col-lg-6\">\n  <div class=\"card h-100 case-studies card--linked\">\n          <div class=\"skeleton-image card-img-top\" style=\"--skeleton-aspect-ratio: 375 \/ 236;\">\n        <img decoding=\"async\" src=\"https:\/\/www.mastercam.com\/wp-content\/uploads\/2023\/04\/MRSComplexedMachineddParts-1024x356.jpeg\" alt=\"M.R.S. Maskinbearbetning\" loading=\"lazy\" onload=\"this.classList.add('loaded')\" \/>\n      <\/div>\n    \n    <div class=\"card-body\">\n              <span class=\"card-category card-category--static\">Success Stories<\/span>\n      \n      <h3 class=\"card-title\">M.R.S. Maskinbearbetning<\/h3>\n\n              <p class=\"card-text\">M.R.S. Machining tillverkar ett brett utbud av l\u00e5gvolymdetaljer, varav m\u00e5nga har komplexa geometrier eller sn\u00e4va toleranser. F\u00f6r att f\u00f6rbli konkurrenskraftig och samtidigt kunna producera i genomsnitt 50 detaljer per jobb m\u00e5ste M.R.S. spara pengar genom att anv\u00e4nda material och verktyg p\u00e5 ett effektivt s\u00e4tt. F\u00f6retaget anv\u00e4nder Mastercams Dynamic Motion-teknik f\u00f6r att minska skador p\u00e5 sk\u00e4rverktyg,\u2026<\/p>\n      \n          <\/div>\n\n          \n      <div class=\"card-footer\">\n        <a class=\"btn btn-outline-secondary stretched-link\" href=\"https:\/\/www.mastercam.com\/sv\/success-stories\/m-r-s-maskinbearbetning\/\">\n          Read more<span class=\"sr-only\"> about M.R.S. Maskinbearbetning<\/span>\n        <\/a>\n      <\/div>\n      <\/div>\n\n  <\/div>\n                \n              <div class=\"col col-12 col-md-6 col-lg-6\">\n  <div class=\"card h-100 case-studies card--linked\">\n          <div class=\"skeleton-image card-img-top\" style=\"--skeleton-aspect-ratio: 375 \/ 236;\">\n        <img decoding=\"async\" src=\"https:\/\/www.mastercam.com\/wp-content\/uploads\/2023\/04\/DiversifiedMetalsShopCrew-1024x356.jpeg\" alt=\"Diversified Metals Services, Inc.\" loading=\"lazy\" onload=\"this.classList.add('loaded')\" \/>\n      <\/div>\n    \n    <div class=\"card-body\">\n              <span class=\"card-category card-category--static\">Success Stories<\/span>\n      \n      <h3 class=\"card-title\">Diversified Metals Services, Inc.<\/h3>\n\n              <p class=\"card-text\">Genom att kombinera den flexibilitet som en sj\u00e4tte och sjunde axel ger med en router har Diversified Metals Services, Inc. (DMSI) i Salt Lake City, Utah, kunnat ut\u00f6ka sin kapacitet f\u00f6r vattensk\u00e4rning och routersk\u00e4rning till att omfatta ett brett utbud av storlekar och material, sk\u00e4ra snabbare \u00e4n n\u00e5gonsin tidigare och spara mycket tid.<\/p>\n      \n          <\/div>\n\n          \n      <div class=\"card-footer\">\n        <a class=\"btn btn-outline-secondary stretched-link\" href=\"https:\/\/www.mastercam.com\/sv\/success-stories\/diversified-metals-services-inc\/\">\n          Read more<span class=\"sr-only\"> about Diversified Metals Services, Inc.<\/span>\n        <\/a>\n      <\/div>\n      <\/div>\n\n  <\/div>\n            <\/div>\n<\/div>\n<\/div>\n","protected":false},"excerpt":{"rendered":"<p>Tillverkare inom den tunga industrin str\u00e4var efter att maximera produktionskapaciteten utan att g\u00f6ra avkall p\u00e5 [&hellip;]<\/p>\n","protected":false},"author":1,"featured_media":0,"parent":36577,"menu_order":0,"comment_status":"closed","ping_status":"closed","template":"","meta":{"_acf_changed":false,"footnotes":""},"class_list":["post-37002","page","type-page","status-publish","hentry"],"acf":[],"yoast_head":"<!-- This site is optimized with the Yoast SEO plugin v27.4 - https:\/\/yoast.com\/product\/yoast-seo-wordpress\/ -->\n<title>CAD\/CAM-programvara f\u00f6r tillverkning inom tung industri | Mastercam<\/title>\n<meta name=\"description\" content=\"V\u00e5r CAD\/CAM-programvara f\u00f6r tillverkning inom tung industri \u00e4r ett kraftfullt verktyg f\u00f6r design och tillverkning av komplexa produkter med h\u00f6g precision. L\u00e4r dig mer redan idag.\" \/>\n<meta name=\"robots\" content=\"index, follow, max-snippet:-1, max-image-preview:large, max-video-preview:-1\" \/>\n<link rel=\"canonical\" href=\"https:\/\/www.mastercam.com\/sv\/losningar\/industriell\/tung-industri\/\" \/>\n<meta property=\"og:locale\" content=\"sv_SE\" \/>\n<meta property=\"og:type\" content=\"article\" \/>\n<meta property=\"og:title\" content=\"CAD\/CAM-programvara f\u00f6r tillverkning inom tung industri | Mastercam\" \/>\n<meta property=\"og:description\" content=\"V\u00e5r CAD\/CAM-programvara f\u00f6r tillverkning inom tung industri \u00e4r ett kraftfullt verktyg f\u00f6r design och tillverkning av komplexa produkter med h\u00f6g precision. L\u00e4r dig mer redan idag.\" \/>\n<meta property=\"og:url\" content=\"https:\/\/www.mastercam.com\/sv\/losningar\/industriell\/tung-industri\/\" \/>\n<meta property=\"og:site_name\" content=\"mastercam.com\" \/>\n<meta property=\"article:publisher\" content=\"https:\/\/www.facebook.com\/Mastercam\/\" \/>\n<meta property=\"article:modified_time\" content=\"2026-01-16T16:16:57+00:00\" \/>\n<meta property=\"og:image\" content=\"https:\/\/www.mastercam.com\/wp-content\/uploads\/2024\/02\/drill-wide-photo-1200x675-1.jpg\" \/>\n\t<meta property=\"og:image:width\" content=\"1200\" \/>\n\t<meta property=\"og:image:height\" content=\"675\" \/>\n\t<meta property=\"og:image:type\" content=\"image\/jpeg\" \/>\n<meta name=\"twitter:card\" content=\"summary_large_image\" \/>\n<meta name=\"twitter:site\" content=\"@mastercam\" \/>\n<meta name=\"twitter:label1\" content=\"Est. reading time\" \/>\n\t<meta name=\"twitter:data1\" content=\"2 minutes\" \/>\n<script type=\"application\/ld+json\" class=\"yoast-schema-graph\">{\"@context\":\"https:\\\/\\\/schema.org\",\"@graph\":[{\"@type\":\"WebPage\",\"@id\":\"https:\\\/\\\/www.mastercam.com\\\/sv\\\/losningar\\\/industriell\\\/tung-industri\\\/\",\"url\":\"https:\\\/\\\/www.mastercam.com\\\/sv\\\/losningar\\\/industriell\\\/tung-industri\\\/\",\"name\":\"CAD\\\/CAM-programvara f\u00f6r tillverkning inom tung industri | Mastercam\",\"isPartOf\":{\"@id\":\"https:\\\/\\\/www.mastercam.com\\\/sv\\\/#website\"},\"datePublished\":\"2023-01-31T23:24:36+00:00\",\"dateModified\":\"2026-01-16T16:16:57+00:00\",\"description\":\"V\u00e5r CAD\\\/CAM-programvara f\u00f6r tillverkning inom tung industri \u00e4r ett kraftfullt verktyg f\u00f6r design och tillverkning av komplexa produkter med h\u00f6g precision. L\u00e4r dig mer redan idag.\",\"breadcrumb\":{\"@id\":\"https:\\\/\\\/www.mastercam.com\\\/sv\\\/losningar\\\/industriell\\\/tung-industri\\\/#breadcrumb\"},\"inLanguage\":\"sv-SE\",\"potentialAction\":[{\"@type\":\"ReadAction\",\"target\":[\"https:\\\/\\\/www.mastercam.com\\\/sv\\\/losningar\\\/industriell\\\/tung-industri\\\/\"]}]},{\"@type\":\"BreadcrumbList\",\"@id\":\"https:\\\/\\\/www.mastercam.com\\\/sv\\\/losningar\\\/industriell\\\/tung-industri\\\/#breadcrumb\",\"itemListElement\":[{\"@type\":\"ListItem\",\"position\":1,\"name\":\"Home\",\"item\":\"https:\\\/\\\/www.mastercam.com\\\/sv\\\/\"},{\"@type\":\"ListItem\",\"position\":2,\"name\":\"L\u00f6sningar\",\"item\":\"https:\\\/\\\/www.mastercam.com\\\/sv\\\/losningar\\\/\"},{\"@type\":\"ListItem\",\"position\":3,\"name\":\"Industriell\",\"item\":\"https:\\\/\\\/www.mastercam.com\\\/sv\\\/losningar\\\/industriell\\\/\"},{\"@type\":\"ListItem\",\"position\":4,\"name\":\"Tung industri\"}]},{\"@type\":\"WebSite\",\"@id\":\"https:\\\/\\\/www.mastercam.com\\\/sv\\\/#website\",\"url\":\"https:\\\/\\\/www.mastercam.com\\\/sv\\\/\",\"name\":\"Mastercam\",\"description\":\"Creating software and services that solve the world&#039;s manufacturing challenges\",\"publisher\":{\"@id\":\"https:\\\/\\\/www.mastercam.com\\\/sv\\\/#organization\"},\"potentialAction\":[{\"@type\":\"SearchAction\",\"target\":{\"@type\":\"EntryPoint\",\"urlTemplate\":\"https:\\\/\\\/www.mastercam.com\\\/sv\\\/?s={search_term_string}\"},\"query-input\":{\"@type\":\"PropertyValueSpecification\",\"valueRequired\":true,\"valueName\":\"search_term_string\"}}],\"inLanguage\":\"sv-SE\"},{\"@type\":\"Organization\",\"@id\":\"https:\\\/\\\/www.mastercam.com\\\/sv\\\/#organization\",\"name\":\"Mastercam\",\"url\":\"https:\\\/\\\/www.mastercam.com\\\/sv\\\/\",\"logo\":{\"@type\":\"ImageObject\",\"inLanguage\":\"sv-SE\",\"@id\":\"https:\\\/\\\/www.mastercam.com\\\/sv\\\/#\\\/schema\\\/logo\\\/image\\\/\",\"url\":\"https:\\\/\\\/www.mastercam.com\\\/wp-content\\\/uploads\\\/2023\\\/02\\\/MC_logo.svg\",\"contentUrl\":\"https:\\\/\\\/www.mastercam.com\\\/wp-content\\\/uploads\\\/2023\\\/02\\\/MC_logo.svg\",\"width\":230,\"height\":40,\"caption\":\"Mastercam\"},\"image\":{\"@id\":\"https:\\\/\\\/www.mastercam.com\\\/sv\\\/#\\\/schema\\\/logo\\\/image\\\/\"},\"sameAs\":[\"https:\\\/\\\/www.facebook.com\\\/Mastercam\\\/\",\"https:\\\/\\\/x.com\\\/mastercam\",\"https:\\\/\\\/www.linkedin.com\\\/company\\\/mastercam\",\"https:\\\/\\\/www.youtube.com\\\/channel\\\/UChJt5ruSkqnmFH44WsXVZLw\",\"https:\\\/\\\/www.instagram.com\\\/mastercam\\\/\"]}]}<\/script>\n<!-- \/ Yoast SEO plugin. -->","yoast_head_json":{"title":"CAD\/CAM-programvara f\u00f6r tillverkning inom tung industri | Mastercam","description":"V\u00e5r CAD\/CAM-programvara f\u00f6r tillverkning inom tung industri \u00e4r ett kraftfullt verktyg f\u00f6r design och tillverkning av komplexa produkter med h\u00f6g precision. L\u00e4r dig mer redan idag.","robots":{"index":"index","follow":"follow","max-snippet":"max-snippet:-1","max-image-preview":"max-image-preview:large","max-video-preview":"max-video-preview:-1"},"canonical":"https:\/\/www.mastercam.com\/sv\/losningar\/industriell\/tung-industri\/","og_locale":"sv_SE","og_type":"article","og_title":"CAD\/CAM-programvara f\u00f6r tillverkning inom tung industri | Mastercam","og_description":"V\u00e5r CAD\/CAM-programvara f\u00f6r tillverkning inom tung industri \u00e4r ett kraftfullt verktyg f\u00f6r design och tillverkning av komplexa produkter med h\u00f6g precision. L\u00e4r dig mer redan idag.","og_url":"https:\/\/www.mastercam.com\/sv\/losningar\/industriell\/tung-industri\/","og_site_name":"mastercam.com","article_publisher":"https:\/\/www.facebook.com\/Mastercam\/","article_modified_time":"2026-01-16T16:16:57+00:00","og_image":[{"width":1200,"height":675,"url":"https:\/\/www.mastercam.com\/wp-content\/uploads\/2024\/02\/drill-wide-photo-1200x675-1.jpg","type":"image\/jpeg"}],"twitter_card":"summary_large_image","twitter_site":"@mastercam","twitter_misc":{"Est. reading time":"2 minutes"},"schema":{"@context":"https:\/\/schema.org","@graph":[{"@type":"WebPage","@id":"https:\/\/www.mastercam.com\/sv\/losningar\/industriell\/tung-industri\/","url":"https:\/\/www.mastercam.com\/sv\/losningar\/industriell\/tung-industri\/","name":"CAD\/CAM-programvara f\u00f6r tillverkning inom tung industri | Mastercam","isPartOf":{"@id":"https:\/\/www.mastercam.com\/sv\/#website"},"datePublished":"2023-01-31T23:24:36+00:00","dateModified":"2026-01-16T16:16:57+00:00","description":"V\u00e5r CAD\/CAM-programvara f\u00f6r tillverkning inom tung industri \u00e4r ett kraftfullt verktyg f\u00f6r design och tillverkning av komplexa produkter med h\u00f6g precision. L\u00e4r dig mer redan idag.","breadcrumb":{"@id":"https:\/\/www.mastercam.com\/sv\/losningar\/industriell\/tung-industri\/#breadcrumb"},"inLanguage":"sv-SE","potentialAction":[{"@type":"ReadAction","target":["https:\/\/www.mastercam.com\/sv\/losningar\/industriell\/tung-industri\/"]}]},{"@type":"BreadcrumbList","@id":"https:\/\/www.mastercam.com\/sv\/losningar\/industriell\/tung-industri\/#breadcrumb","itemListElement":[{"@type":"ListItem","position":1,"name":"Home","item":"https:\/\/www.mastercam.com\/sv\/"},{"@type":"ListItem","position":2,"name":"L\u00f6sningar","item":"https:\/\/www.mastercam.com\/sv\/losningar\/"},{"@type":"ListItem","position":3,"name":"Industriell","item":"https:\/\/www.mastercam.com\/sv\/losningar\/industriell\/"},{"@type":"ListItem","position":4,"name":"Tung industri"}]},{"@type":"WebSite","@id":"https:\/\/www.mastercam.com\/sv\/#website","url":"https:\/\/www.mastercam.com\/sv\/","name":"Mastercam","description":"Creating software and services that solve the world&#039;s manufacturing challenges","publisher":{"@id":"https:\/\/www.mastercam.com\/sv\/#organization"},"potentialAction":[{"@type":"SearchAction","target":{"@type":"EntryPoint","urlTemplate":"https:\/\/www.mastercam.com\/sv\/?s={search_term_string}"},"query-input":{"@type":"PropertyValueSpecification","valueRequired":true,"valueName":"search_term_string"}}],"inLanguage":"sv-SE"},{"@type":"Organization","@id":"https:\/\/www.mastercam.com\/sv\/#organization","name":"Mastercam","url":"https:\/\/www.mastercam.com\/sv\/","logo":{"@type":"ImageObject","inLanguage":"sv-SE","@id":"https:\/\/www.mastercam.com\/sv\/#\/schema\/logo\/image\/","url":"https:\/\/www.mastercam.com\/wp-content\/uploads\/2023\/02\/MC_logo.svg","contentUrl":"https:\/\/www.mastercam.com\/wp-content\/uploads\/2023\/02\/MC_logo.svg","width":230,"height":40,"caption":"Mastercam"},"image":{"@id":"https:\/\/www.mastercam.com\/sv\/#\/schema\/logo\/image\/"},"sameAs":["https:\/\/www.facebook.com\/Mastercam\/","https:\/\/x.com\/mastercam","https:\/\/www.linkedin.com\/company\/mastercam","https:\/\/www.youtube.com\/channel\/UChJt5ruSkqnmFH44WsXVZLw","https:\/\/www.instagram.com\/mastercam\/"]}]}},"_links":{"self":[{"href":"https:\/\/www.mastercam.com\/sv\/wp-json\/wp\/v2\/pages\/37002","targetHints":{"allow":["GET"]}}],"collection":[{"href":"https:\/\/www.mastercam.com\/sv\/wp-json\/wp\/v2\/pages"}],"about":[{"href":"https:\/\/www.mastercam.com\/sv\/wp-json\/wp\/v2\/types\/page"}],"author":[{"embeddable":true,"href":"https:\/\/www.mastercam.com\/sv\/wp-json\/wp\/v2\/users\/1"}],"replies":[{"embeddable":true,"href":"https:\/\/www.mastercam.com\/sv\/wp-json\/wp\/v2\/comments?post=37002"}],"version-history":[{"count":0,"href":"https:\/\/www.mastercam.com\/sv\/wp-json\/wp\/v2\/pages\/37002\/revisions"}],"up":[{"embeddable":true,"href":"https:\/\/www.mastercam.com\/sv\/wp-json\/wp\/v2\/pages\/36577"}],"wp:attachment":[{"href":"https:\/\/www.mastercam.com\/sv\/wp-json\/wp\/v2\/media?parent=37002"}],"curies":[{"name":"wp","href":"https:\/\/api.w.org\/{rel}","templated":true}]}}