{"id":36958,"date":"2023-01-31T18:24:20","date_gmt":"2023-01-31T23:24:20","guid":{"rendered":"https:\/\/www.mastercam.com\/losningar\/industriell\/energi\/"},"modified":"2026-01-16T11:16:55","modified_gmt":"2026-01-16T16:16:55","slug":"energi","status":"publish","type":"page","link":"https:\/\/www.mastercam.com\/sv\/losningar\/industriell\/energi\/","title":{"rendered":"Energi"},"content":{"rendered":"<div class=\"hero__breadcrumbs\">\n    <div class=\"container-fluid\">\n      <div class=\"row\">\n        <div class=\"col\">\n          <nav aria-label=\"breadcrumbs\"><ol class=\"breadcrumb\"><li><a href=\"https:\/\/www.mastercam.com\/sv\/\">Home<\/a><\/li><\/ol><\/nav>\n        <\/div>\n      <\/div>\n    <\/div>\n  <\/div>\n\n<div class=\"hero hero--minimal wp-block-acf-block-hero\">\n  <div class=\"container-fluid\">\n    <div class=\"row align-items-center\">\n      \n      \n      \n      <div class=\"col-12 col-lg-7 order-2 order-lg-2 hero__content-column\">\n        <div class=\"hero__content\">\n                      <h1 class=\"hero__heading\">\n              \n              Energi\n            <\/h1>\n          \n                      <p class=\"hero__text\">Mastercam-programvara f\u00f6r tillverkning av energil\u00f6sningar<\/p>\n          \n          \n          \n          \n                  <\/div>\n      <\/div>\n    <\/div>\n  <\/div>\n<\/div>\n\n<div class=\"wp-block-group is-style-light-gray-bg is-layout-constrained wp-block-group-is-layout-constrained\" style=\"padding-top:var(--wp--preset--spacing--6);padding-bottom:var(--wp--preset--spacing--6)\">\n<div class=\"wp-block-columns is-style-container is-layout-flex wp-container-core-columns-is-layout-28f84493 wp-block-columns-is-layout-flex\">\n<div class=\"wp-block-column is-layout-flow wp-block-column-is-layout-flow\" style=\"flex-basis:50%\">\n<p>Industriella tillverkare inom energibranschen kr\u00e4ver precision, flexibilitet och innovation. Finns det n\u00e5got b\u00e4ttre s\u00e4tt att uppn\u00e5 detta \u00e4n med den senaste CNC-programvaran f\u00f6r energibranschen fr\u00e5n v\u00e4rldens fr\u00e4msta CAM-system? Fr\u00e5n energif\u00f6retag p\u00e5 Fortune 500 till nystartade f\u00f6retag inom f\u00f6rnybar energi och leverant\u00f6rer till tillverkare av vindkraftverk och oljeborrkronor, litar tillverkarna p\u00e5 Mastercam f\u00f6r att uppfylla kraven p\u00e5 produktivitet och precision inom alla sektorer av energiindustrin.  <\/p>\n<\/div>\n\n\n\n<div class=\"wp-block-column is-layout-flow wp-block-column-is-layout-flow\" style=\"flex-basis:50%\">\n<p><strong>Inom den industriella tillverkningsindustrin f\u00f6r energi beror framg\u00e5ng p\u00e5 snabbhet och kvalitet i produktionen av delar och komponenter. Mastercam tillhandah\u00e5ller CAD\/CAM-programvara f\u00f6r att uppfylla de rigor\u00f6sa kraven inom energiproduktion och kraftgenerering, inklusive <\/strong><\/p>\n\n\n\n<ul id=\"block-37b89dbd-524b-4ae6-92bb-be62941cde3e\" class=\"wp-block-list\">\n<li>De senaste CAM-verktygen f\u00f6r att l\u00f6sa komplexa bearbetningsfr\u00e5gor.<\/li>\n\n\n\n<li>Effektiva verktygsbanor som anpassar sig till smide och gjutgods.<\/li>\n\n\n\n<li>Str\u00f6mlinjeformad 5-axlig sk\u00e4rning, trimning och borrning.<\/li>\n\n\n\n<li>Dynamic Motion\u2122 \u00f6kar verktygens livsl\u00e4ngd och f\u00f6rkortar kaptiden.<\/li>\n\n\n\n<li>Intelligenta verktygsbanor som effektivt riktar in sig p\u00e5 obearbetade omr\u00e5den.<\/li>\n<\/ul>\n<\/div>\n<\/div>\n<\/div>\n\n<div class=\"wp-block-columns is-style-medium is-layout-flex wp-container-core-columns-is-layout-b9053888 wp-block-columns-is-layout-flex\" style=\"padding-top:var(--wp--preset--spacing--5)\">\n<div class=\"wp-block-column is-layout-flow wp-block-column-is-layout-flow\">\n<h2 class=\"wp-block-heading\">Mastercam-programvara f\u00f6r tillverkning av energil\u00f6sningar<\/h2>\n\n\n\n<p>Vi har utvecklat det st\u00f6rsta globala n\u00e4tverket av CAM-partners f\u00f6r att ge v\u00e5ra anv\u00e4ndare inom energisektorn de verktyg de beh\u00f6ver f\u00f6r att f\u00e5 sina produktionsutmaningar att f\u00f6rsvinna. V\u00e5ra l\u00f6sningar drar nytta av den senaste tekniken som utvecklats av verktygs-, programvaru- och verktygsmaskintillverkare \u00f6ver hela v\u00e4rlden. <\/p>\n\n\n\n<p>Mastercam s\u00e4tter standarden f\u00f6r CNC-programmering med flexibla alternativ f\u00f6r energitillverkning. Du hittar en m\u00e4ngd omfattande CAD\/CAM-l\u00f6sningar f\u00f6r att importera, designa och programmera delar p\u00e5 en rad olika maskiner enligt rigor\u00f6sa specifikationer och kr\u00e4vande produktionsscheman. <\/p>\n\n\n\n<p>Inom Industriell industri har tillverkarna olika bearbetningskrav, och vi erbjuder programvaruverktygen f\u00f6r att komplettera precisionsbehoven i din verkstad, fr\u00e5n design till svarvning till multitasking, tr\u00e5dgnistning och mer. Kolla in hela utbudet av <a href=\"http:\/\/www.mastercam.com\/solutions\/products\/\">Mastercam-produkter<\/a> f\u00f6r att hitta r\u00e4tt l\u00f6sningar f\u00f6r dina tillverkningsutmaningar. Om din verkstad g\u00f6r det, kan vi st\u00f6dja det.  <\/p>\n\n\n\n<div class=\"wp-block-buttons is-layout-flex wp-block-buttons-is-layout-flex\">\n<div class=\"wp-block-button is-style-secondary\"><a class=\"wp-block-button__link wp-element-button\" href=\"\/sv\/?page_id=36664\">Visa produkter<\/a><\/div>\n<\/div>\n<\/div>\n<\/div>\n\n<div class=\"wp-block-columns is-style-container is-layout-flex wp-container-core-columns-is-layout-28f84493 wp-block-columns-is-layout-flex\">\n<div class=\"wp-block-column is-layout-flow wp-block-column-is-layout-flow\">\n<h2 class=\"wp-block-heading\" style=\"padding-top:var(--wp--preset--spacing--6)\">Till\u00e4gg<\/h2>\n\n\n<div class=\"aligncenter wp-block-acf-block-add-ons\">\n  <div class=\"row block-addons\">\n                                        <div class=\"block-addons__item col-xs-12 col-sm-6 col-md-4 col-lg-3\">\n              <a href=\"https:\/\/www.mastercam.com\/sv\/solutions\/add-ons\/multiaxis-bearbetning\/\" class=\"btn btn-outline-secondary w-100\">\n                Multiaxis Machining\n              <\/a>\n            <\/div>\n                                                                <div class=\"block-addons__item col-xs-12 col-sm-6 col-md-4 col-lg-3\">\n              <a href=\"https:\/\/www.mastercam.com\/sv\/solutions\/add-ons\/produktivitet\/\" class=\"btn btn-outline-secondary w-100\">\n                Productivity+\u2122\n              <\/a>\n            <\/div>\n                              <\/div>\n<\/div>\n<\/div>\n<\/div>\n<div style=\"padding-bottom:var(--wp--preset--spacing--6);\" class=\"container-fluid align wp-block-acf-block-media-object\">\n  <div class=\"row\">\n    <div class=\"col\">\n      <div class=\"d-flex flex-column flex-lg-row media-object media-object--shaded\">\n        <div class=\"flex-shrink-0 media-object__image order-1  order-lg-3 \">\n                                    \n              <a href=\"https:\/\/www.mastercam.com\/sv\/hitta-en-partner\/\" tabindex=\"-1\">\n                <img decoding=\"async\" src=\"https:\/\/www.mastercam.com\/wp-content\/uploads\/2023\/01\/Rectangle-2.jpg\" alt=\"man wearing a headset typing on a desktop computer\" loading=\"lazy\">\n              <\/a>\n                              <\/div>\n        <div class=\"media-object__body flex-grow-1 d-lg-flex flex-column order-2 justify-content-lg-center\">\n                                <h2 class=\"media-object__header h3\">Kontakta Mastercam<\/h2>\n                                <div class=\"media-object__content\">\n              <p>Kontakta oss f\u00f6r att utforska CAD\/CAM-programvara f\u00f6r f\u00f6rb\u00e4ttrade l\u00f6sningar f\u00f6r energitillverkning<\/p>\n\n            <\/div>\n                                <div class=\"media-object__cta\">\n              <a href=\"https:\/\/www.mastercam.com\/sv\/hitta-en-partner\/\" class=\"btn btn-outline-secondary\">Kontakta Mastercam<\/a>\n            <\/div>\n                  <\/div>\n      <\/div>\n    <\/div>\n  <\/div>\n<\/div>\n\n<div class=\"wp-block-group is-style-light-gray-bg is-layout-constrained wp-block-group-is-layout-constrained\" style=\"margin-top:0;margin-bottom:0;padding-top:var(--wp--preset--spacing--6);padding-bottom:var(--wp--preset--spacing--6)\"><div class=\"container-fluid aligncenter wp-block-acf-block-case-studies\">\n  <div id=\"case-studies\" class=\"row\">\n    <div class=\"col-12 col-md-8\">\n      <h2>Success Stories<\/h2>\n          <\/div>\n    <div class=\"col-12 col-md-4 mt-5 mt-md-0 text-md-end\">\n      <a href=\"https:\/\/www.mastercam.com\/sv\/success-stories\/\" class=\"btn btn-outline-secondary btn-view-all\">View all<\/a>\n    <\/div>\n  <\/div>\n  <div class=\"cards mt-5\">\n          \n              <div class=\"col col-12 col-md-6 col-lg-6\">\n  <div class=\"card h-100 case-studies card--linked\">\n          \n      <a href=\"https:\/\/www.mastercam.com\/sv\/success-stories\/achates-kraft\/\" aria-hidden=\"true\" tabindex=\"-1\">\n        <div class=\"skeleton-image card-img-top\" style=\"--skeleton-aspect-ratio: 375 \/ 236;\">\n          <img decoding=\"async\" src=\"https:\/\/www.mastercam.com\/wp-content\/uploads\/2023\/04\/AchatesGroupShot-1024x341.jpeg\" alt=\"\" loading=\"lazy\" onload=\"this.classList.add('loaded')\" \/>\n        <\/div>\n      <\/a>\n    \n    <div class=\"card-body\">\n              <span class=\"card-category card-category--static\">Success Stories<\/span>\n      \n      <h3 class=\"card-title\">Achates Kraft<\/h3>\n\n              <p class=\"card-text\">Achates Power i San Diego, Kalifornien, anv\u00e4nder Mastercam f\u00f6r att skapa prototypdelar till en milj\u00f6v\u00e4nlig bensinmotor med kompressionst\u00e4ndning och motsatta kolvar. Forskningssamarbetet har genomf\u00f6rts av Achates, Argonne National Laboratory och Delphi Technologies. Den producerades med hj\u00e4lp av finansiering fr\u00e5n det amerikanska energidepartementets ARPA-E-program.<\/p>\n      \n          <\/div>\n\n          \n      <div class=\"card-footer\">\n        <a class=\"btn btn-outline-secondary\" href=\"https:\/\/www.mastercam.com\/sv\/success-stories\/achates-kraft\/\">\n          Read more<span class=\"sr-only\"> about Achates Kraft<\/span>\n        <\/a>\n      <\/div>\n      <\/div>\n\n  <\/div>\n                \n              <div class=\"col col-12 col-md-6 col-lg-6\">\n  <div class=\"card h-100 case-studies card--linked\">\n          \n      <a href=\"https:\/\/www.mastercam.com\/sv\/success-stories\/bloomsburg-area-high-school\/\" aria-hidden=\"true\" tabindex=\"-1\">\n        <div class=\"skeleton-image card-img-top\" style=\"--skeleton-aspect-ratio: 375 \/ 236;\">\n          <img decoding=\"async\" src=\"https:\/\/www.mastercam.com\/wp-content\/uploads\/2023\/04\/BloomsburgHSMachineShop-1024x356.jpeg\" alt=\"\" loading=\"lazy\" onload=\"this.classList.add('loaded')\" \/>\n        <\/div>\n      <\/a>\n    \n    <div class=\"card-body\">\n              <span class=\"card-category card-category--static\">Success Stories<\/span>\n      \n      <h3 class=\"card-title\">Bloomsburg Area High School<\/h3>\n\n              <p class=\"card-text\">Instrukt\u00f6ren Kirk Marshals klass f\u00f6r teknikutbildning vid Bloomsburg Area High School i Bloomsburg, Pennsylvania, har i m\u00e5nga \u00e5r anm\u00e4lt sina stridande robotar till nationella BattleBots\u00ae IQ- och National Robotics League-evenemang. Dessa \u00f6verlevnadst\u00e4vlingar h\u00e5lls p\u00e5 olika platser runt om i landet. De har inte bara t\u00e4vlat, de har ocks\u00e5 vunnit. Mr Marshall tillskriver mycket av framg\u00e5ngen\u2026<\/p>\n      \n          <\/div>\n\n          \n      <div class=\"card-footer\">\n        <a class=\"btn btn-outline-secondary\" href=\"https:\/\/www.mastercam.com\/sv\/success-stories\/bloomsburg-area-high-school\/\">\n          Read more<span class=\"sr-only\"> about Bloomsburg Area High School<\/span>\n        <\/a>\n      <\/div>\n      <\/div>\n\n  <\/div>\n            <\/div>\n<\/div>\n<\/div>\n","protected":false},"excerpt":{"rendered":"<p>Industriella tillverkare inom energibranschen kr\u00e4ver precision, flexibilitet och innovation. Finns det n\u00e5got b\u00e4ttre s\u00e4tt att [&hellip;]<\/p>\n","protected":false},"author":1,"featured_media":0,"parent":36577,"menu_order":0,"comment_status":"closed","ping_status":"closed","template":"","meta":{"_acf_changed":false,"footnotes":""},"class_list":["post-36958","page","type-page","status-publish","hentry"],"acf":[],"yoast_head":"<!-- This site is optimized with the Yoast SEO plugin v26.8 - https:\/\/yoast.com\/product\/yoast-seo-wordpress\/ -->\n<title>CAD\/CAM-programvara f\u00f6r utbildningsindustrin | Mastercam<\/title>\n<meta name=\"description\" content=\"V\u00e5r CAD\/CAM-programvara hj\u00e4lper till att designa och tillverka komplexa system f\u00f6r energibranschen. L\u00e4s mer om hur v\u00e5r programvara skapar tillf\u00f6rlitliga l\u00f6sningar.\" \/>\n<meta name=\"robots\" content=\"index, follow, max-snippet:-1, max-image-preview:large, max-video-preview:-1\" \/>\n<link rel=\"canonical\" href=\"https:\/\/www.mastercam.com\/sv\/losningar\/industriell\/energi\/\" \/>\n<meta property=\"og:locale\" content=\"sv_SE\" \/>\n<meta property=\"og:type\" content=\"article\" \/>\n<meta property=\"og:title\" content=\"CAD\/CAM-programvara f\u00f6r utbildningsindustrin | Mastercam\" \/>\n<meta property=\"og:description\" content=\"V\u00e5r CAD\/CAM-programvara hj\u00e4lper till att designa och tillverka komplexa system f\u00f6r energibranschen. L\u00e4s mer om hur v\u00e5r programvara skapar tillf\u00f6rlitliga l\u00f6sningar.\" \/>\n<meta property=\"og:url\" content=\"https:\/\/www.mastercam.com\/sv\/losningar\/industriell\/energi\/\" \/>\n<meta property=\"og:site_name\" content=\"mastercam.com\" \/>\n<meta property=\"article:publisher\" content=\"https:\/\/www.facebook.com\/Mastercam\/\" \/>\n<meta property=\"article:modified_time\" content=\"2026-01-16T16:16:55+00:00\" \/>\n<meta property=\"og:image\" content=\"https:\/\/www.mastercam.com\/wp-content\/uploads\/2024\/02\/drill-wide-photo-1200x675-1.jpg\" \/>\n\t<meta property=\"og:image:width\" content=\"1200\" \/>\n\t<meta property=\"og:image:height\" content=\"675\" \/>\n\t<meta property=\"og:image:type\" content=\"image\/jpeg\" \/>\n<meta name=\"twitter:card\" content=\"summary_large_image\" \/>\n<meta name=\"twitter:site\" content=\"@mastercam\" \/>\n<meta name=\"twitter:label1\" content=\"Est. reading time\" \/>\n\t<meta name=\"twitter:data1\" content=\"2 minutes\" \/>\n<script type=\"application\/ld+json\" class=\"yoast-schema-graph\">{\"@context\":\"https:\/\/schema.org\",\"@graph\":[{\"@type\":\"WebPage\",\"@id\":\"https:\/\/www.mastercam.com\/sv\/losningar\/industriell\/energi\/\",\"url\":\"https:\/\/www.mastercam.com\/sv\/losningar\/industriell\/energi\/\",\"name\":\"CAD\/CAM-programvara f\u00f6r utbildningsindustrin | Mastercam\",\"isPartOf\":{\"@id\":\"https:\/\/www.mastercam.com\/sv\/#website\"},\"datePublished\":\"2023-01-31T23:24:20+00:00\",\"dateModified\":\"2026-01-16T16:16:55+00:00\",\"description\":\"V\u00e5r CAD\/CAM-programvara hj\u00e4lper till att designa och tillverka komplexa system f\u00f6r energibranschen. L\u00e4s mer om hur v\u00e5r programvara skapar tillf\u00f6rlitliga l\u00f6sningar.\",\"breadcrumb\":{\"@id\":\"https:\/\/www.mastercam.com\/sv\/losningar\/industriell\/energi\/#breadcrumb\"},\"inLanguage\":\"sv-SE\",\"potentialAction\":[{\"@type\":\"ReadAction\",\"target\":[\"https:\/\/www.mastercam.com\/sv\/losningar\/industriell\/energi\/\"]}]},{\"@type\":\"BreadcrumbList\",\"@id\":\"https:\/\/www.mastercam.com\/sv\/losningar\/industriell\/energi\/#breadcrumb\",\"itemListElement\":[{\"@type\":\"ListItem\",\"position\":1,\"name\":\"Home\",\"item\":\"https:\/\/www.mastercam.com\/sv\/\"},{\"@type\":\"ListItem\",\"position\":2,\"name\":\"L\u00f6sningar\",\"item\":\"https:\/\/www.mastercam.com\/sv\/losningar\/\"},{\"@type\":\"ListItem\",\"position\":3,\"name\":\"Industriell\",\"item\":\"https:\/\/www.mastercam.com\/sv\/losningar\/industriell\/\"},{\"@type\":\"ListItem\",\"position\":4,\"name\":\"Energi\"}]},{\"@type\":\"WebSite\",\"@id\":\"https:\/\/www.mastercam.com\/sv\/#website\",\"url\":\"https:\/\/www.mastercam.com\/sv\/\",\"name\":\"Mastercam\",\"description\":\"Creating software and services that solve the world&#039;s manufacturing challenges\",\"publisher\":{\"@id\":\"https:\/\/www.mastercam.com\/sv\/#organization\"},\"potentialAction\":[{\"@type\":\"SearchAction\",\"target\":{\"@type\":\"EntryPoint\",\"urlTemplate\":\"https:\/\/www.mastercam.com\/sv\/?s={search_term_string}\"},\"query-input\":{\"@type\":\"PropertyValueSpecification\",\"valueRequired\":true,\"valueName\":\"search_term_string\"}}],\"inLanguage\":\"sv-SE\"},{\"@type\":\"Organization\",\"@id\":\"https:\/\/www.mastercam.com\/sv\/#organization\",\"name\":\"Mastercam\",\"url\":\"https:\/\/www.mastercam.com\/sv\/\",\"logo\":{\"@type\":\"ImageObject\",\"inLanguage\":\"sv-SE\",\"@id\":\"https:\/\/www.mastercam.com\/sv\/#\/schema\/logo\/image\/\",\"url\":\"https:\/\/www.mastercam.com\/wp-content\/uploads\/2023\/02\/MC_logo.svg\",\"contentUrl\":\"https:\/\/www.mastercam.com\/wp-content\/uploads\/2023\/02\/MC_logo.svg\",\"width\":230,\"height\":40,\"caption\":\"Mastercam\"},\"image\":{\"@id\":\"https:\/\/www.mastercam.com\/sv\/#\/schema\/logo\/image\/\"},\"sameAs\":[\"https:\/\/www.facebook.com\/Mastercam\/\",\"https:\/\/x.com\/mastercam\",\"https:\/\/www.linkedin.com\/company\/mastercam\",\"https:\/\/www.youtube.com\/channel\/UChJt5ruSkqnmFH44WsXVZLw\",\"https:\/\/www.instagram.com\/mastercam\/\"]}]}<\/script>\n<!-- \/ Yoast SEO plugin. -->","yoast_head_json":{"title":"CAD\/CAM-programvara f\u00f6r utbildningsindustrin | Mastercam","description":"V\u00e5r CAD\/CAM-programvara hj\u00e4lper till att designa och tillverka komplexa system f\u00f6r energibranschen. L\u00e4s mer om hur v\u00e5r programvara skapar tillf\u00f6rlitliga l\u00f6sningar.","robots":{"index":"index","follow":"follow","max-snippet":"max-snippet:-1","max-image-preview":"max-image-preview:large","max-video-preview":"max-video-preview:-1"},"canonical":"https:\/\/www.mastercam.com\/sv\/losningar\/industriell\/energi\/","og_locale":"sv_SE","og_type":"article","og_title":"CAD\/CAM-programvara f\u00f6r utbildningsindustrin | Mastercam","og_description":"V\u00e5r CAD\/CAM-programvara hj\u00e4lper till att designa och tillverka komplexa system f\u00f6r energibranschen. L\u00e4s mer om hur v\u00e5r programvara skapar tillf\u00f6rlitliga l\u00f6sningar.","og_url":"https:\/\/www.mastercam.com\/sv\/losningar\/industriell\/energi\/","og_site_name":"mastercam.com","article_publisher":"https:\/\/www.facebook.com\/Mastercam\/","article_modified_time":"2026-01-16T16:16:55+00:00","og_image":[{"width":1200,"height":675,"url":"https:\/\/www.mastercam.com\/wp-content\/uploads\/2024\/02\/drill-wide-photo-1200x675-1.jpg","type":"image\/jpeg"}],"twitter_card":"summary_large_image","twitter_site":"@mastercam","twitter_misc":{"Est. reading time":"2 minutes"},"schema":{"@context":"https:\/\/schema.org","@graph":[{"@type":"WebPage","@id":"https:\/\/www.mastercam.com\/sv\/losningar\/industriell\/energi\/","url":"https:\/\/www.mastercam.com\/sv\/losningar\/industriell\/energi\/","name":"CAD\/CAM-programvara f\u00f6r utbildningsindustrin | Mastercam","isPartOf":{"@id":"https:\/\/www.mastercam.com\/sv\/#website"},"datePublished":"2023-01-31T23:24:20+00:00","dateModified":"2026-01-16T16:16:55+00:00","description":"V\u00e5r CAD\/CAM-programvara hj\u00e4lper till att designa och tillverka komplexa system f\u00f6r energibranschen. L\u00e4s mer om hur v\u00e5r programvara skapar tillf\u00f6rlitliga l\u00f6sningar.","breadcrumb":{"@id":"https:\/\/www.mastercam.com\/sv\/losningar\/industriell\/energi\/#breadcrumb"},"inLanguage":"sv-SE","potentialAction":[{"@type":"ReadAction","target":["https:\/\/www.mastercam.com\/sv\/losningar\/industriell\/energi\/"]}]},{"@type":"BreadcrumbList","@id":"https:\/\/www.mastercam.com\/sv\/losningar\/industriell\/energi\/#breadcrumb","itemListElement":[{"@type":"ListItem","position":1,"name":"Home","item":"https:\/\/www.mastercam.com\/sv\/"},{"@type":"ListItem","position":2,"name":"L\u00f6sningar","item":"https:\/\/www.mastercam.com\/sv\/losningar\/"},{"@type":"ListItem","position":3,"name":"Industriell","item":"https:\/\/www.mastercam.com\/sv\/losningar\/industriell\/"},{"@type":"ListItem","position":4,"name":"Energi"}]},{"@type":"WebSite","@id":"https:\/\/www.mastercam.com\/sv\/#website","url":"https:\/\/www.mastercam.com\/sv\/","name":"Mastercam","description":"Creating software and services that solve the world&#039;s manufacturing challenges","publisher":{"@id":"https:\/\/www.mastercam.com\/sv\/#organization"},"potentialAction":[{"@type":"SearchAction","target":{"@type":"EntryPoint","urlTemplate":"https:\/\/www.mastercam.com\/sv\/?s={search_term_string}"},"query-input":{"@type":"PropertyValueSpecification","valueRequired":true,"valueName":"search_term_string"}}],"inLanguage":"sv-SE"},{"@type":"Organization","@id":"https:\/\/www.mastercam.com\/sv\/#organization","name":"Mastercam","url":"https:\/\/www.mastercam.com\/sv\/","logo":{"@type":"ImageObject","inLanguage":"sv-SE","@id":"https:\/\/www.mastercam.com\/sv\/#\/schema\/logo\/image\/","url":"https:\/\/www.mastercam.com\/wp-content\/uploads\/2023\/02\/MC_logo.svg","contentUrl":"https:\/\/www.mastercam.com\/wp-content\/uploads\/2023\/02\/MC_logo.svg","width":230,"height":40,"caption":"Mastercam"},"image":{"@id":"https:\/\/www.mastercam.com\/sv\/#\/schema\/logo\/image\/"},"sameAs":["https:\/\/www.facebook.com\/Mastercam\/","https:\/\/x.com\/mastercam","https:\/\/www.linkedin.com\/company\/mastercam","https:\/\/www.youtube.com\/channel\/UChJt5ruSkqnmFH44WsXVZLw","https:\/\/www.instagram.com\/mastercam\/"]}]}},"_links":{"self":[{"href":"https:\/\/www.mastercam.com\/sv\/wp-json\/wp\/v2\/pages\/36958","targetHints":{"allow":["GET"]}}],"collection":[{"href":"https:\/\/www.mastercam.com\/sv\/wp-json\/wp\/v2\/pages"}],"about":[{"href":"https:\/\/www.mastercam.com\/sv\/wp-json\/wp\/v2\/types\/page"}],"author":[{"embeddable":true,"href":"https:\/\/www.mastercam.com\/sv\/wp-json\/wp\/v2\/users\/1"}],"replies":[{"embeddable":true,"href":"https:\/\/www.mastercam.com\/sv\/wp-json\/wp\/v2\/comments?post=36958"}],"version-history":[{"count":0,"href":"https:\/\/www.mastercam.com\/sv\/wp-json\/wp\/v2\/pages\/36958\/revisions"}],"up":[{"embeddable":true,"href":"https:\/\/www.mastercam.com\/sv\/wp-json\/wp\/v2\/pages\/36577"}],"wp:attachment":[{"href":"https:\/\/www.mastercam.com\/sv\/wp-json\/wp\/v2\/media?parent=36958"}],"curies":[{"name":"wp","href":"https:\/\/api.w.org\/{rel}","templated":true}]}}