{"id":36924,"date":"2023-01-13T18:25:59","date_gmt":"2023-01-13T23:25:59","guid":{"rendered":"https:\/\/www.mastercam.com\/integritet\/"},"modified":"2026-01-16T11:19:41","modified_gmt":"2026-01-16T16:19:41","slug":"integritet","status":"publish","type":"page","link":"https:\/\/www.mastercam.com\/sv\/integritet\/","title":{"rendered":"Integritet"},"content":{"rendered":"\n<div class=\"wp-block-columns is-style-container is-layout-flex wp-container-core-columns-is-layout-a61e1d87 wp-block-columns-is-layout-flex\" style=\"padding-bottom:var(--wp--preset--spacing--6)\">\n<div class=\"wp-block-column is-layout-flow wp-block-column-is-layout-flow\">\n<p>Mastercam tar webbplatsanv\u00e4ndarnas integritet och s\u00e4kerheten f\u00f6r din personliga information p\u00e5 st\u00f6rsta allvar och v\u00e5rt m\u00e5l \u00e4r att du ska k\u00e4nna dig trygg med att din integritet respekteras och att din personliga information hanteras med omsorg. Programvarupaketet Mastercam inneh\u00e5ller ett komplett licensavtal. <\/p>\n\n\n\n<h2 class=\"wp-block-heading\">Integritetspolicy<\/h2>\n\n\n\n<p class=\"mt-1\">Mastercams integritetsf\u00f6rklaring f\u00f6r kunder, leverant\u00f6rer, partners och andra beskriver den personliga information som Mastercam samlar in, sk\u00e4len till detta och ger andra anv\u00e4ndbar information om Mastercams anv\u00e4ndning av personuppgifter.<br\/><a href=\"http:\/\/www.mastercam.com\/privacy\/privacy-statement\/\">L\u00e4s integritetsf\u00f6rklaringen<\/a><\/p>\n\n\n\n<h3 class=\"wp-block-heading\">Samtycke till l\u00e4nkning<\/h3>\n\n\n\n<p class=\"mt-1\">Villkor f\u00f6r l\u00e4nkning till Mastercams webbplats.<br\/><a href=\"http:\/\/www.mastercam.com\/privacy\/consent-for-linking\/\">L\u00e4s samtycke<\/a> till l\u00e4nkning<\/p>\n\n\n\n<h3 class=\"wp-block-heading\">Information om cookies<\/h3>\n\n\n\n<p class=\"mt-1\">Information om hur och varf\u00f6r vi anv\u00e4nder cookies.<br\/><a href=\"http:\/\/www.mastercam.com\/privacy\/cookie-policy\/\">L\u00e4s mer om hur vi anv\u00e4nder cookies<\/a><\/p>\n\n\n\n<h3 class=\"wp-block-heading\">Mastercam licensavtal f\u00f6r slutanv\u00e4ndare<\/h3>\n\n\n\n<p>L\u00e4s igenom licensavtalet f\u00f6r slutanv\u00e4ndare, anv\u00e4ndarvillkoren f\u00f6r Mastercam Copilot och policyn f\u00f6r serviceniv\u00e5 helt och h\u00e5llet innan du anv\u00e4nder v\u00e5r programvara.<\/p>\n\n\n\n<ul class=\"wp-block-list\">\n<li>L\u00e4s <a href=\"\/sv\/?page_id=36037\">licensavtalet f\u00f6r slutanv\u00e4ndare<\/a><\/li>\n\n\n\n<li>L\u00e4s <a href=\"\/sv\/?page_id=36032\" target=\"_blank\" rel=\"noreferrer noopener\">policyn f\u00f6r serviceniv\u00e5er<\/a><\/li>\n\n\n\n<li>L\u00e4s <a href=\"\/sv\/?page_id=36035\" target=\"_blank\" rel=\"noreferrer noopener\">integritetsmeddelandet<\/a><\/li>\n\n\n\n<li>L\u00e4s Mastercam Copilots <a href=\"\/sv\/?page_id=36027\" target=\"_blank\" rel=\"noreferrer noopener\">anv\u00e4ndarvillkor<\/a> och <a href=\"\/sv\/?page_id=36033\" target=\"_blank\" rel=\"noreferrer noopener\">transparensmeddelande<\/a><\/li>\n<\/ul>\n\n\n\n<h3 class=\"wp-block-heading\">Mastercam Training and Consulting <br\/>Villkor och best\u00e4mmelser<\/h3>\n\n\n\n<p><a href=\"\/privacy\/training-terms-and-conditions\">L\u00e4s mer om Villkor f\u00f6r utbildning och konsultverksamhet<\/a><\/p>\n\n\n\n<h3 class=\"wp-block-heading\">CISA Intygsformul\u00e4r f\u00f6r s\u00e4ker mjukvaruutveckling<\/h3>\n\n\n\n<p class=\"mt-1\">Mastercam uppfyller de krav p\u00e5 s\u00e4ker utveckling som anv\u00e4nds av federala myndigheter.<\/p>\n\n\n\n<h3 class=\"wp-block-heading\">Anv\u00e4ndning av Mastercam-varum\u00e4rket<\/h3>\n\n\n\n<p class=\"mt-1\">Information om Mastercams varum\u00e4rke och anv\u00e4ndning.<br\/><a href=\"http:\/\/www.mastercam.com\/privacy\/mastercam-trademarks\/\">Mastercam Trademark Usage<\/a><\/p>\n\n\n\n<h3 class=\"wp-block-heading\">F\u00f6rebyggande av piratkopiering<\/h3>\n\n\n\n<p class=\"mt-1\">Vi \u00e5tar oss att se till att v\u00e5ra licensierade kunders investeringar skyddas genom att inte tolerera piratkopiering av Mastercam-programvara.<br\/><a href=\"http:\/\/www.mastercam.com\/privacy\/piracy\/\">L\u00e4s mer om v\u00e5rt f\u00f6rebyggande av piratkopiering<\/a><\/p>\n\n\n\n<h3 class=\"wp-block-heading\">Villkor f\u00f6r anv\u00e4ndning<\/h3>\n\n\n\n<p class=\"mt-1\">CNC Software, LLC ger allm\u00e4nheten tillg\u00e5ng till denna webbplats som en bekv\u00e4mlighet, men med f\u00f6rbeh\u00e5ll f\u00f6r dessa anv\u00e4ndarvillkor.<br\/><a href=\"http:\/\/www.mastercam.com\/privacy\/terms-of-use\/\">L\u00e4s mer om v\u00e5ra anv\u00e4ndarvillkor<\/a><\/p>\n\n\n\n<h3 class=\"wp-block-heading\">Frivillig mall f\u00f6r produkttillg\u00e4nglighet (VPAT), avsnitt 508<\/h3>\n\n\n\n<p class=\"mt-0\">CNC Software, LLC Rapport om \u00f6verensst\u00e4mmelse med tillg\u00e4nglighet Reviderad version av avsnitt 508.<br\/><a href=\"https:\/\/www.mastercam.com\/wp-content\/uploads\/2025\/06\/CNC-Software-VPAT-Mastercam-2026.pdf\">Voluntary Product Accessibility Template (VPAT), avsnitt 50<\/a><\/p>\n\n\n\n<h3 class=\"wp-block-heading\">Formul\u00e4r f\u00f6r \u00f6verensst\u00e4mmelse och avhj\u00e4lpande<\/h3>\n\n\n\n<p>Detta formul\u00e4r fungerar som ett s\u00e4tt f\u00f6r revisorer och leverant\u00f6rer att dokumentera brister i tillg\u00e4ngligheten som \u00e4r f\u00f6rknippade med AIMT-produkter och att ange planer f\u00f6r att \u00e5tg\u00e4rda dessa brister i framtiden.<br\/><a href=\"https:\/\/www.mastercam.com\/wp-content\/uploads\/2025\/09\/Mastercam-2026-Accessibility-Conformance-and-Remediation-Form-1.pdf\">Formul\u00e4r f\u00f6r \u00f6verensst\u00e4mmelse och \u00e5tg\u00e4rdande<\/a><\/p>\n\n\n\n<h3 class=\"wp-block-heading\">Beg\u00e4ran om personuppgifter<\/h3>\n\n\n\n<p class=\"mt-0\">Fyll i detta formul\u00e4r f\u00f6r att ut\u00f6va din r\u00e4tt att f\u00e5 tillg\u00e5ng till, r\u00e4tta till eller beg\u00e4ra att vi slutar behandla dina personuppgifter.<br\/><a href=\"http:\/\/www.mastercam.com\/privacy\/personal-data-request\/\">G\u00e5 till formul\u00e4r f\u00f6r beg\u00e4ran om personuppgifter<\/a><\/p>\n\n\n\n<h3 class=\"wp-block-heading\">Offentligg\u00f6rande av s\u00e5rbarheter<\/h3>\n\n\n\n<p class=\"mt-0\">Information om v\u00e5r Vulnerability Disclosure <br\/><a href=\"\/sv\/?page_id=35956\">L\u00e4s mer om v\u00e5r Vulnerability Disclosure<\/a><\/p>\n<\/div>\n<\/div>\n","protected":false},"excerpt":{"rendered":"<p>Mastercam tar webbplatsanv\u00e4ndarnas integritet och s\u00e4kerheten f\u00f6r din personliga information p\u00e5 st\u00f6rsta allvar och v\u00e5rt [&hellip;]<\/p>\n","protected":false},"author":1,"featured_media":0,"parent":0,"menu_order":0,"comment_status":"closed","ping_status":"closed","template":"","meta":{"_acf_changed":false,"footnotes":""},"class_list":["post-36924","page","type-page","status-publish","hentry"],"acf":[],"yoast_head":"<!-- This site is optimized with the Yoast SEO plugin v27.5 - https:\/\/yoast.com\/product\/yoast-seo-wordpress\/ -->\n<title>Integritet - mastercam.com<\/title>\n<meta name=\"description\" content=\"Mastercam tar webbplatsanv\u00e4ndarnas integritet och s\u00e4kerheten f\u00f6r din personliga information p\u00e5 st\u00f6rsta allvar och v\u00e5rt m\u00e5l \u00e4r att du ska k\u00e4nna dig trygg\" \/>\n<meta name=\"robots\" content=\"index, follow, max-snippet:-1, max-image-preview:large, max-video-preview:-1\" \/>\n<link rel=\"canonical\" href=\"https:\/\/www.mastercam.com\/sv\/integritet\/\" \/>\n<meta property=\"og:locale\" content=\"sv_SE\" \/>\n<meta property=\"og:type\" content=\"article\" \/>\n<meta property=\"og:title\" content=\"Integritet - mastercam.com\" \/>\n<meta property=\"og:description\" content=\"Mastercam tar webbplatsanv\u00e4ndarnas integritet och s\u00e4kerheten f\u00f6r din personliga information p\u00e5 st\u00f6rsta allvar och v\u00e5rt m\u00e5l \u00e4r att du ska k\u00e4nna dig trygg\" \/>\n<meta property=\"og:url\" content=\"https:\/\/www.mastercam.com\/sv\/integritet\/\" \/>\n<meta property=\"og:site_name\" content=\"mastercam.com\" \/>\n<meta property=\"article:publisher\" content=\"https:\/\/www.facebook.com\/Mastercam\/\" \/>\n<meta property=\"article:modified_time\" content=\"2026-01-16T16:19:41+00:00\" \/>\n<meta property=\"og:image\" content=\"https:\/\/www.mastercam.com\/wp-content\/uploads\/2024\/02\/drill-wide-photo-1200x675-1.jpg\" \/>\n\t<meta property=\"og:image:width\" content=\"1200\" \/>\n\t<meta property=\"og:image:height\" content=\"675\" \/>\n\t<meta property=\"og:image:type\" content=\"image\/jpeg\" \/>\n<meta name=\"twitter:card\" content=\"summary_large_image\" \/>\n<meta name=\"twitter:site\" content=\"@mastercam\" \/>\n<meta name=\"twitter:label1\" content=\"Est. reading time\" \/>\n\t<meta name=\"twitter:data1\" content=\"2 minutes\" \/>\n<script type=\"application\/ld+json\" class=\"yoast-schema-graph\">{\"@context\":\"https:\\\/\\\/schema.org\",\"@graph\":[{\"@type\":\"WebPage\",\"@id\":\"https:\\\/\\\/www.mastercam.com\\\/sv\\\/integritet\\\/\",\"url\":\"https:\\\/\\\/www.mastercam.com\\\/sv\\\/integritet\\\/\",\"name\":\"Integritet - mastercam.com\",\"isPartOf\":{\"@id\":\"https:\\\/\\\/www.mastercam.com\\\/sv\\\/#website\"},\"datePublished\":\"2023-01-13T23:25:59+00:00\",\"dateModified\":\"2026-01-16T16:19:41+00:00\",\"description\":\"Mastercam tar webbplatsanv\u00e4ndarnas integritet och s\u00e4kerheten f\u00f6r din personliga information p\u00e5 st\u00f6rsta allvar och v\u00e5rt m\u00e5l \u00e4r att du ska k\u00e4nna dig trygg\",\"breadcrumb\":{\"@id\":\"https:\\\/\\\/www.mastercam.com\\\/sv\\\/integritet\\\/#breadcrumb\"},\"inLanguage\":\"sv-SE\",\"potentialAction\":[{\"@type\":\"ReadAction\",\"target\":[\"https:\\\/\\\/www.mastercam.com\\\/sv\\\/integritet\\\/\"]}]},{\"@type\":\"BreadcrumbList\",\"@id\":\"https:\\\/\\\/www.mastercam.com\\\/sv\\\/integritet\\\/#breadcrumb\",\"itemListElement\":[{\"@type\":\"ListItem\",\"position\":1,\"name\":\"Home\",\"item\":\"https:\\\/\\\/www.mastercam.com\\\/sv\\\/\"},{\"@type\":\"ListItem\",\"position\":2,\"name\":\"Integritet\"}]},{\"@type\":\"WebSite\",\"@id\":\"https:\\\/\\\/www.mastercam.com\\\/sv\\\/#website\",\"url\":\"https:\\\/\\\/www.mastercam.com\\\/sv\\\/\",\"name\":\"Mastercam\",\"description\":\"Creating software and services that solve the world&#039;s manufacturing challenges\",\"publisher\":{\"@id\":\"https:\\\/\\\/www.mastercam.com\\\/sv\\\/#organization\"},\"potentialAction\":[{\"@type\":\"SearchAction\",\"target\":{\"@type\":\"EntryPoint\",\"urlTemplate\":\"https:\\\/\\\/www.mastercam.com\\\/sv\\\/?s={search_term_string}\"},\"query-input\":{\"@type\":\"PropertyValueSpecification\",\"valueRequired\":true,\"valueName\":\"search_term_string\"}}],\"inLanguage\":\"sv-SE\"},{\"@type\":\"Organization\",\"@id\":\"https:\\\/\\\/www.mastercam.com\\\/sv\\\/#organization\",\"name\":\"Mastercam\",\"url\":\"https:\\\/\\\/www.mastercam.com\\\/sv\\\/\",\"logo\":{\"@type\":\"ImageObject\",\"inLanguage\":\"sv-SE\",\"@id\":\"https:\\\/\\\/www.mastercam.com\\\/sv\\\/#\\\/schema\\\/logo\\\/image\\\/\",\"url\":\"https:\\\/\\\/www.mastercam.com\\\/wp-content\\\/uploads\\\/2023\\\/02\\\/MC_logo.svg\",\"contentUrl\":\"https:\\\/\\\/www.mastercam.com\\\/wp-content\\\/uploads\\\/2023\\\/02\\\/MC_logo.svg\",\"width\":230,\"height\":40,\"caption\":\"Mastercam\"},\"image\":{\"@id\":\"https:\\\/\\\/www.mastercam.com\\\/sv\\\/#\\\/schema\\\/logo\\\/image\\\/\"},\"sameAs\":[\"https:\\\/\\\/www.facebook.com\\\/Mastercam\\\/\",\"https:\\\/\\\/x.com\\\/mastercam\",\"https:\\\/\\\/www.linkedin.com\\\/company\\\/mastercam\",\"https:\\\/\\\/www.youtube.com\\\/channel\\\/UChJt5ruSkqnmFH44WsXVZLw\",\"https:\\\/\\\/www.instagram.com\\\/mastercam\\\/\"]}]}<\/script>\n<!-- \/ Yoast SEO plugin. -->","yoast_head_json":{"title":"Integritet - mastercam.com","description":"Mastercam tar webbplatsanv\u00e4ndarnas integritet och s\u00e4kerheten f\u00f6r din personliga information p\u00e5 st\u00f6rsta allvar och v\u00e5rt m\u00e5l \u00e4r att du ska k\u00e4nna dig trygg","robots":{"index":"index","follow":"follow","max-snippet":"max-snippet:-1","max-image-preview":"max-image-preview:large","max-video-preview":"max-video-preview:-1"},"canonical":"https:\/\/www.mastercam.com\/sv\/integritet\/","og_locale":"sv_SE","og_type":"article","og_title":"Integritet - mastercam.com","og_description":"Mastercam tar webbplatsanv\u00e4ndarnas integritet och s\u00e4kerheten f\u00f6r din personliga information p\u00e5 st\u00f6rsta allvar och v\u00e5rt m\u00e5l \u00e4r att du ska k\u00e4nna dig trygg","og_url":"https:\/\/www.mastercam.com\/sv\/integritet\/","og_site_name":"mastercam.com","article_publisher":"https:\/\/www.facebook.com\/Mastercam\/","article_modified_time":"2026-01-16T16:19:41+00:00","og_image":[{"width":1200,"height":675,"url":"https:\/\/www.mastercam.com\/wp-content\/uploads\/2024\/02\/drill-wide-photo-1200x675-1.jpg","type":"image\/jpeg"}],"twitter_card":"summary_large_image","twitter_site":"@mastercam","twitter_misc":{"Est. reading time":"2 minutes"},"schema":{"@context":"https:\/\/schema.org","@graph":[{"@type":"WebPage","@id":"https:\/\/www.mastercam.com\/sv\/integritet\/","url":"https:\/\/www.mastercam.com\/sv\/integritet\/","name":"Integritet - mastercam.com","isPartOf":{"@id":"https:\/\/www.mastercam.com\/sv\/#website"},"datePublished":"2023-01-13T23:25:59+00:00","dateModified":"2026-01-16T16:19:41+00:00","description":"Mastercam tar webbplatsanv\u00e4ndarnas integritet och s\u00e4kerheten f\u00f6r din personliga information p\u00e5 st\u00f6rsta allvar och v\u00e5rt m\u00e5l \u00e4r att du ska k\u00e4nna dig trygg","breadcrumb":{"@id":"https:\/\/www.mastercam.com\/sv\/integritet\/#breadcrumb"},"inLanguage":"sv-SE","potentialAction":[{"@type":"ReadAction","target":["https:\/\/www.mastercam.com\/sv\/integritet\/"]}]},{"@type":"BreadcrumbList","@id":"https:\/\/www.mastercam.com\/sv\/integritet\/#breadcrumb","itemListElement":[{"@type":"ListItem","position":1,"name":"Home","item":"https:\/\/www.mastercam.com\/sv\/"},{"@type":"ListItem","position":2,"name":"Integritet"}]},{"@type":"WebSite","@id":"https:\/\/www.mastercam.com\/sv\/#website","url":"https:\/\/www.mastercam.com\/sv\/","name":"Mastercam","description":"Creating software and services that solve the world&#039;s manufacturing challenges","publisher":{"@id":"https:\/\/www.mastercam.com\/sv\/#organization"},"potentialAction":[{"@type":"SearchAction","target":{"@type":"EntryPoint","urlTemplate":"https:\/\/www.mastercam.com\/sv\/?s={search_term_string}"},"query-input":{"@type":"PropertyValueSpecification","valueRequired":true,"valueName":"search_term_string"}}],"inLanguage":"sv-SE"},{"@type":"Organization","@id":"https:\/\/www.mastercam.com\/sv\/#organization","name":"Mastercam","url":"https:\/\/www.mastercam.com\/sv\/","logo":{"@type":"ImageObject","inLanguage":"sv-SE","@id":"https:\/\/www.mastercam.com\/sv\/#\/schema\/logo\/image\/","url":"https:\/\/www.mastercam.com\/wp-content\/uploads\/2023\/02\/MC_logo.svg","contentUrl":"https:\/\/www.mastercam.com\/wp-content\/uploads\/2023\/02\/MC_logo.svg","width":230,"height":40,"caption":"Mastercam"},"image":{"@id":"https:\/\/www.mastercam.com\/sv\/#\/schema\/logo\/image\/"},"sameAs":["https:\/\/www.facebook.com\/Mastercam\/","https:\/\/x.com\/mastercam","https:\/\/www.linkedin.com\/company\/mastercam","https:\/\/www.youtube.com\/channel\/UChJt5ruSkqnmFH44WsXVZLw","https:\/\/www.instagram.com\/mastercam\/"]}]}},"_links":{"self":[{"href":"https:\/\/www.mastercam.com\/sv\/wp-json\/wp\/v2\/pages\/36924","targetHints":{"allow":["GET"]}}],"collection":[{"href":"https:\/\/www.mastercam.com\/sv\/wp-json\/wp\/v2\/pages"}],"about":[{"href":"https:\/\/www.mastercam.com\/sv\/wp-json\/wp\/v2\/types\/page"}],"author":[{"embeddable":true,"href":"https:\/\/www.mastercam.com\/sv\/wp-json\/wp\/v2\/users\/1"}],"replies":[{"embeddable":true,"href":"https:\/\/www.mastercam.com\/sv\/wp-json\/wp\/v2\/comments?post=36924"}],"version-history":[{"count":0,"href":"https:\/\/www.mastercam.com\/sv\/wp-json\/wp\/v2\/pages\/36924\/revisions"}],"wp:attachment":[{"href":"https:\/\/www.mastercam.com\/sv\/wp-json\/wp\/v2\/media?parent=36924"}],"curies":[{"name":"wp","href":"https:\/\/api.w.org\/{rel}","templated":true}]}}