{"id":36846,"date":"2023-01-13T18:25:15","date_gmt":"2023-01-13T23:25:15","guid":{"rendered":"https:\/\/www.mastercam.com\/om-oss\/"},"modified":"2026-02-26T11:50:44","modified_gmt":"2026-02-26T16:50:44","slug":"om-oss","status":"publish","type":"page","link":"https:\/\/www.mastercam.com\/sv\/nyheter\/om-oss\/","title":{"rendered":"V\u00e5r historia"},"content":{"rendered":"<div class=\"hero__breadcrumbs\">\n    <div class=\"container-fluid\">\n      <div class=\"row\">\n        <div class=\"col\">\n          <nav aria-label=\"breadcrumbs\"><ol class=\"breadcrumb\"><li><a href=\"https:\/\/www.mastercam.com\/sv\/\">Home<\/a><\/li><\/ol><\/nav>\n        <\/div>\n      <\/div>\n    <\/div>\n  <\/div>\n\n<div class=\"hero hero--minimal wp-block-acf-block-hero\">\n  <div class=\"container-fluid\">\n    <div class=\"row align-items-center\">\n      \n      \n      \n      <div class=\"col-12 col-lg-7 order-2 order-lg-2 hero__content-column\">\n        <div class=\"hero__content\">\n                      <h1 class=\"hero__heading\">\n              \n              V\u00e5r historia\n            <\/h1>\n          \n          \n          \n          \n          \n                  <\/div>\n      <\/div>\n    <\/div>\n  <\/div>\n<\/div>\n\n\n\n<div class=\"wp-block-columns is-style-container is-layout-flex wp-container-core-columns-is-layout-28f84493 wp-block-columns-is-layout-flex\">\n<div class=\"wp-block-column is-layout-flow wp-block-column-is-layout-flow\">\n<h2 class=\"wp-block-heading has-text-align-left\">V\u00e5rt uppdrag<\/h2>\n\n\n\n<p>Att skapa programvara och tj\u00e4nster som l\u00f6ser v\u00e4rldens tillverkningsutmaningar.<\/p>\n\n\n\n<h2 class=\"wp-block-heading\">Styrka och stabilitet<\/h2>\n\n\n\n<figure class=\"wp-block-image alignright size-full is-resized is-style-default\"><img loading=\"lazy\" decoding=\"async\" width=\"525\" height=\"350\" src=\"https:\/\/www.mastercam.com\/wp-content\/uploads\/2023\/10\/Building.jpg\" alt=\"Byggnadens exteri\u00f6r\" class=\"wp-image-20588\" style=\"width:651px;height:auto\" srcset=\"https:\/\/www.mastercam.com\/wp-content\/uploads\/2023\/10\/Building.jpg 525w, https:\/\/www.mastercam.com\/wp-content\/uploads\/2023\/10\/Building-300x200.jpg 300w, https:\/\/www.mastercam.com\/wp-content\/uploads\/2023\/10\/Building-112x75.jpg 112w, https:\/\/www.mastercam.com\/wp-content\/uploads\/2023\/10\/Building-224x149.jpg 224w\" sizes=\"auto, (max-width: 525px) 100vw, 525px\" \/><\/figure>\n\n\n\n<p>I \u00f6ver 40 \u00e5r har Mastercam varit en drivkraft f\u00f6r v\u00e4rldens mest kr\u00e4vande tillverkare. Vi bygger v\u00e5r programvara d\u00e4r det spelar roll &#8211; p\u00e5 verkstadsgolv, i programmeringsavdelningar och tillsammans med de m\u00e4nniskor som anv\u00e4nder den varje dag. <\/p>\n\n\n\n<p>V\u00e5r strategi \u00e4r enkel: att kombinera spjutspetsteknik med tillverkningsexpertis fr\u00e5n verkligheten. Vi utvecklar inte bara isolerade funktioner &#8211; vi l\u00f6ser de faktiska produktionsutmaningar som v\u00e5ra kunder st\u00e5r inf\u00f6r. Den h\u00e4r direkta kopplingen till verkligheten \u00e4r anledningen till att \u00f6ver 450 000 installationer v\u00e4rlden \u00f6ver f\u00f6rlitar sig p\u00e5 Mastercam f\u00f6r att driva sin verksamhet, fr\u00e5n flyg- och bilindustrin till formtillverkning och mycket mer.  <\/p>\n\n\n\n<p>Vi ligger steget f\u00f6re genom att h\u00e5lla oss uppkopplade. Varje uppdatering, varje funktion, varje innovation kommer fr\u00e5n att vi lyssnar p\u00e5 vad du beh\u00f6ver f\u00f6r att lyckas. Eftersom den b\u00e4sta CAD\/CAM-programvaran inte byggs i styrelserum &#8211; den \u00e4r byggd f\u00f6r de m\u00e4nniskor som g\u00f6r saker.  <\/p>\n\n\n\n<h2 class=\"wp-block-heading\">Marknadsr\u00e4ckvidd<\/h2>\n\n\n\n<p>Mastercam erbjuder l\u00f6sningar f\u00f6r designers och CNC-programmerare runt om i v\u00e4rlden, inom ett spektrum av applikationer, inklusive 2- till 5-axlig fr\u00e4sning och svarvning; 2- och 4-axlig tr\u00e5dgnistning; 2D- och 3D-design och ritning; yt- och solidmodellering; konstn\u00e4rlig reliefsk\u00e4rning; och Mill-Turn. Kunderna str\u00e4cker sig fr\u00e5n enmansf\u00f6retag till Fortune 100-tillverkare. Med Mastercam \u00e4r samma programvara som anv\u00e4nds av f\u00f6retag som Boeing, IBM och Sikorsky fortfarande tillr\u00e4ckligt prisv\u00e4rd f\u00f6r den lilla verkstaden. F\u00f6r att s\u00e4kerst\u00e4lla en kontinuerlig tillg\u00e5ng p\u00e5 utbildade programmerare och maskinister \u00e4r Mastercam tillg\u00e4ngligt f\u00f6r utbildningsinstitutioner med betydande rabatter.   <\/p>\n\n\n\n<p>Samtidigt som v\u00e5r flaggskeppsprodukt forts\u00e4tter att v\u00e4xa och expandera till nya marknader och ny teknik, ligger f\u00f6retagets fokus p\u00e5 v\u00e5ra kunder. Mastercam har \u00e5tagit sig att leverera l\u00f6sningar som st\u00f6der h\u00f6gre produktivitet och st\u00f6rre precision f\u00f6r de omfattande behoven inom tillverkningsindustrin. <\/p>\n\n\n<div class=\"container-fluid align wp-block-acf-block-icon-ctas\">\n  \n      <div class=\"row icon-ctas\">\n              \n                  <div class=\"icon-ctas__item col-12 col-md-6 icon-ctas__item--horizontal\">\n            <div class=\"card h-100\">\n\n              \n              \n              <div class=\"card-content\">\n                \n                <div class=\"card-title h3\">\n                  F\u00f6rvaltning av milj\u00f6n\n                <\/div>\n\n                \n                                  <div class=\"card-text lead\">\n                    <p>P\u00e5 Mastercam handlar milj\u00f6h\u00e4nsyn inte bara om att minska f\u00f6retagets koldioxidavtryck, utan ocks\u00e5 om att anamma h\u00e5llbara levnadss\u00e4tt som bevarar milj\u00f6n. Tonvikten ligger p\u00e5 att anv\u00e4nda rena, f\u00f6rnybara produkter och energi. <\/p>\n\n                  <\/div>\n                \n                \n                                  <div class=\"card-footer\">\n                    <a href=\"http:\/\/www.mastercam.com\/sv\/about-us\/green-initiative\/\" class=\"btn btn-outline-secondary mb-5 mb-lg-0\" target=\"\">\n                      L\u00e4s mer om det gr\u00f6na initiativet\n                    <\/a>\n                  <\/div>\n                              <\/div>\n\n            <\/div>\n          <\/div>\n                      \n                  <div class=\"icon-ctas__item col-12 col-md-6 icon-ctas__item--horizontal\">\n            <div class=\"card h-100\">\n\n              \n              \n              <div class=\"card-content\">\n                \n                <div class=\"card-title h3\">\n                  Ledningsgrupp\n                <\/div>\n\n                \n                                  <div class=\"card-text lead\">\n                    <p>F\u00f6retaget leds av en ledningsgrupp som best\u00e5r av medlemmar med l\u00e5ng erfarenhet inom teknik och tillverkning. Mastercams ledarskap har f\u00f6rm\u00e5gan att svara direkt p\u00e5 behoven hos industrin och Mastercam-anv\u00e4ndarna. Teamet arbetar f\u00f6r att f\u00f6retaget i stort ska beh\u00e5lla fokus p\u00e5 att skapa l\u00f6sningar f\u00f6r v\u00e4rldens tillverkningsutmaningar.  <\/p>\n\n                  <\/div>\n                \n                \n                                  <div class=\"card-footer\">\n                    <a href=\"http:\/\/www.mastercam.com\/sv\/about-us\/management\/\" class=\"btn btn-outline-secondary mb-5 mb-lg-0\" target=\"\">\n                      Tr\u00e4ffa ledningsgruppen\n                    <\/a>\n                  <\/div>\n                              <\/div>\n\n            <\/div>\n          <\/div>\n                      \n                  <div class=\"icon-ctas__item col-12 col-md-6 icon-ctas__item--horizontal\">\n            <div class=\"card h-100\">\n\n              \n              \n              <div class=\"card-content\">\n                \n                <div class=\"card-title h3\">\n                  Skapa m\u00f6jligheter genom kontakter\n                <\/div>\n\n                \n                                  <div class=\"card-text lead\">\n                    <p>Introduktion, tillg\u00e5ng och exponering \u00e4r n\u00e5gra av de b\u00e4sta s\u00e4tten att introducera m\u00e5ngfald i v\u00e5ra industriella verksamheter. Vi \u00e4lskar att ha m\u00f6jlighet att f\u00e5 kontakt med v\u00e5ra samh\u00e4llen lokalt och runt om i v\u00e4rlden. <\/p>\n\n                  <\/div>\n                \n                \n                                  <div class=\"card-footer\">\n                    <a href=\"https:\/\/www.mastercam.com\/sv\/about-us\/diversity-equity-and-inclusion\/\" class=\"btn btn-outline-secondary mb-5 mb-lg-0\" target=\"\">\n                      Initiativ f\u00f6r m\u00e5ngfald, r\u00e4ttvisa och inkludering\n                    <\/a>\n                  <\/div>\n                              <\/div>\n\n            <\/div>\n          <\/div>\n                      \n                  <div class=\"icon-ctas__item col-12 col-md-6 icon-ctas__item--horizontal\">\n            <div class=\"card h-100\">\n\n              \n              \n              <div class=\"card-content\">\n                \n                <div class=\"card-title h3\">\n                  M\u00f6jligheter till anst\u00e4llning\n                <\/div>\n\n                \n                                  <div class=\"card-text lead\">\n                    <p>Bli en del av teamet som tillverkar v\u00e4rldens mest anv\u00e4nda CAM-programvara.<\/p>\n\n                  <\/div>\n                \n                \n                                  <div class=\"card-footer\">\n                    <a href=\"http:\/\/www.mastercam.com\/sv\/about-us\/careers\/\" class=\"btn btn-outline-secondary mb-5 mb-lg-0\" target=\"\">\n                      Karri\u00e4r hos Mastercam\n                    <\/a>\n                  <\/div>\n                              <\/div>\n\n            <\/div>\n          <\/div>\n                  <\/div>\n  <\/div>\n<\/div>\n<\/div>\n\n\n\n<div class=\"wp-block-group is-style-dark-bg is-layout-constrained wp-block-group-is-layout-constrained\" style=\"padding-top:var(--wp--preset--spacing--7);padding-bottom:var(--wp--preset--spacing--7)\"><div class=\"container-fluid aligncenter wp-block-acf-block-case-studies\">\n  <div id=\"case-studies\" class=\"row\">\n    <div class=\"col-12 col-md-8\">\n      <h2>Success Stories<\/h2>\n          <\/div>\n    <div class=\"col-12 col-md-4 mt-5 mt-md-0 text-md-end\">\n      <a href=\"https:\/\/www.mastercam.com\/sv\/success-stories\/\" class=\"btn btn-outline-secondary btn-view-all\">View all<\/a>\n    <\/div>\n  <\/div>\n  <div class=\"cards mt-5\">\n          \n              <div class=\"col col-12 col-md-6 col-lg-6\">\n  <div class=\"card h-100 case-studies\">\n          <img decoding=\"async\" src=\"https:\/\/www.mastercam.com\/wp-content\/uploads\/2023\/04\/HoistdrumMachine-1024x356.jpeg\" class=\"card-img-top\" alt=\"3D-Machine, Inc.\" loading=\"lazy\" \/>\n    \n    <div class=\"card-body\">\n              <span class=\"card-category card-category--static\">Success Stories<\/span>\n      \n      <h3 class=\"card-title\">3D-Machine, Inc.<\/h3>\n\n              <p class=\"card-text\">Innan man anv\u00e4nde Mastercam Lathe Custom Thread-verktygsbanan tog det minst 40 timmar att tillverka en lyfttrumma &#8211; inklusive maskinuppst\u00e4llning, verktyg och bearbetning. Med CAM-verktygsbanan producerade 3D-Machine, Inc. detaljen p\u00e5 bara sju timmar.<\/p>\n      \n          <\/div>\n\n          \n      <div class=\"card-footer\">\n        <a class=\"btn btn-outline-secondary stretched-link\" href=\"https:\/\/www.mastercam.com\/sv\/success-stories\/3d-machine-inc\/\">\n          Read more<span class=\"sr-only\"> about 3D-Machine, Inc.<\/span>\n        <\/a>\n      <\/div>\n      <\/div>\n\n  <\/div>\n                \n              <div class=\"col col-12 col-md-6 col-lg-6\">\n  <div class=\"card h-100 case-studies\">\n          <img decoding=\"async\" src=\"https:\/\/www.mastercam.com\/wp-content\/uploads\/2023\/04\/HiTechWireEDM-1024x356.jpeg\" class=\"card-img-top\" alt=\"Hi-Tech Maskinbearbetningsf\u00f6retag\" loading=\"lazy\" \/>\n    \n    <div class=\"card-body\">\n              <span class=\"card-category card-category--static\">Success Stories<\/span>\n      \n      <h3 class=\"card-title\">Hi-Tech Maskinbearbetningsf\u00f6retag<\/h3>\n\n              <p class=\"card-text\">Hi-Tech Machining Company i Spartanburg, South Carolina, har kommit en l\u00e5ng v\u00e4g sedan starten p\u00e5 Robert Fowlers bakg\u00e5rd 1987. Hi-Tech \u00e4r nu en drivande kraft inom tillverkningsindustrin och specialiserar sig p\u00e5 design, bearbetning och reparation av anpassade formar och delar f\u00f6r en m\u00e4ngd olika kunder.<\/p>\n      \n          <\/div>\n\n          \n      <div class=\"card-footer\">\n        <a class=\"btn btn-outline-secondary stretched-link\" href=\"https:\/\/www.mastercam.com\/sv\/success-stories\/hi-tech-maskinbearbetningsforetag\/\">\n          Read more<span class=\"sr-only\"> about Hi-Tech Maskinbearbetningsf\u00f6retag<\/span>\n        <\/a>\n      <\/div>\n      <\/div>\n\n  <\/div>\n            <\/div>\n<\/div>\n<\/div>\n\n\n\n<div class=\"wp-block-group is-style-light-gray-bg is-layout-constrained wp-block-group-is-layout-constrained\" style=\"padding-top:var(--wp--preset--spacing--7);padding-bottom:var(--wp--preset--spacing--7)\"><div class=\"container-fluid align wp-block-acf-block-media-object\">\n  <div class=\"row\">\n    <div class=\"col\">\n      <div class=\"d-flex flex-column flex-lg-row media-object media-object--shaded\">\n        <div class=\"flex-shrink-0 media-object__image order-1 \">\n                                    \n              <a href=\"https:\/\/health1.meritain.com\/app\/public\/#\/one\/insurerCode=MERITAIN_I&#038;brandCode=MERITAINOVER\/machine-readable-transparency-in-coverage?reportingEntityType=TPA_15891&#038;lock=true\" tabindex=\"-1\" target=\"_blank\" rel=\"noopener noreferrer\" >\n                <img decoding=\"async\" src=\"https:\/\/www.mastercam.com\/wp-content\/uploads\/2023\/01\/Rectangle-2.jpg\" alt=\"man wearing a headset typing on a desktop computer\" loading=\"lazy\">\n              <\/a>\n                              <\/div>\n        <div class=\"media-object__body flex-grow-1 d-lg-flex flex-column order-2 justify-content-lg-center\">\n                                <h2 class=\"media-object__header h3\">\u00d6ppenhet i t\u00e4ckningen<\/h2>\n                                <div class=\"media-object__content\">\n              <p>Den h\u00e4r l\u00e4nken leder till de maskinl\u00e4sbara filer som g\u00f6rs tillg\u00e4ngliga som svar p\u00e5 den federala Transparency in Coverage Rule och omfattar f\u00f6rhandlade servicepriser och till\u00e5tna belopp utanf\u00f6r n\u00e4tverket mellan h\u00e4lsoplaner och v\u00e5rdgivare. De maskinl\u00e4sbara filerna \u00e4r formaterade s\u00e5 att forskare, tillsynsmyndigheter och applikationsutvecklare l\u00e4ttare kan f\u00e5 tillg\u00e5ng till och analysera data. <\/p>\n\n            <\/div>\n                                <div class=\"media-object__cta\">\n              <a href=\"https:\/\/health1.meritain.com\/app\/public\/#\/one\/insurerCode=MERITAIN_I&#038;brandCode=MERITAINOVER\/machine-readable-transparency-in-coverage?reportingEntityType=TPA_15891&#038;lock=true\" class=\"btn btn-outline-secondary\" target=\"_blank\" rel=\"noopener noreferrer\" >L\u00e4s mer om transparens i t\u00e4ckningen<\/a>\n            <\/div>\n                  <\/div>\n      <\/div>\n    <\/div>\n  <\/div>\n<\/div>\n<\/div>\n","protected":false},"excerpt":{"rendered":"<p>V\u00e5rt uppdrag Att skapa programvara och tj\u00e4nster som l\u00f6ser v\u00e4rldens tillverkningsutmaningar. Styrka och stabilitet I [&hellip;]<\/p>\n","protected":false},"author":1,"featured_media":0,"parent":36904,"menu_order":0,"comment_status":"closed","ping_status":"closed","template":"","meta":{"_acf_changed":true,"footnotes":""},"class_list":["post-36846","page","type-page","status-publish","hentry"],"acf":[],"yoast_head":"<!-- This site is optimized with the Yoast SEO plugin v27.3 - https:\/\/yoast.com\/product\/yoast-seo-wordpress\/ -->\n<title>Om oss | Mastercam<\/title>\n<meta name=\"description\" content=\"Mastercam str\u00e4var efter att skapa programvara och tj\u00e4nster som l\u00f6ser v\u00e4rldens tillverkningsutmaningar. Klicka f\u00f6r att l\u00e4ra dig mer om vad vi g\u00f6r.\" \/>\n<meta name=\"robots\" content=\"index, follow, max-snippet:-1, max-image-preview:large, max-video-preview:-1\" \/>\n<link rel=\"canonical\" href=\"https:\/\/www.mastercam.com\/sv\/nyheter\/om-oss\/\" \/>\n<meta property=\"og:locale\" content=\"sv_SE\" \/>\n<meta property=\"og:type\" content=\"article\" \/>\n<meta property=\"og:title\" content=\"Om oss | Mastercam\" \/>\n<meta property=\"og:description\" content=\"Mastercam str\u00e4var efter att skapa programvara och tj\u00e4nster som l\u00f6ser v\u00e4rldens tillverkningsutmaningar. Klicka f\u00f6r att l\u00e4ra dig mer om vad vi g\u00f6r.\" \/>\n<meta property=\"og:url\" content=\"https:\/\/www.mastercam.com\/sv\/nyheter\/om-oss\/\" \/>\n<meta property=\"og:site_name\" content=\"mastercam.com\" \/>\n<meta property=\"article:publisher\" content=\"https:\/\/www.facebook.com\/Mastercam\/\" \/>\n<meta property=\"article:modified_time\" content=\"2026-02-26T16:50:44+00:00\" \/>\n<meta property=\"og:image\" content=\"https:\/\/www.mastercam.com\/wp-content\/uploads\/2023\/10\/Building.jpg\" \/>\n\t<meta property=\"og:image:width\" content=\"525\" \/>\n\t<meta property=\"og:image:height\" content=\"350\" \/>\n\t<meta property=\"og:image:type\" content=\"image\/jpeg\" \/>\n<meta name=\"twitter:card\" content=\"summary_large_image\" \/>\n<meta name=\"twitter:site\" content=\"@mastercam\" \/>\n<meta name=\"twitter:label1\" content=\"Est. reading time\" \/>\n\t<meta name=\"twitter:data1\" content=\"2 minutes\" \/>\n<script type=\"application\/ld+json\" class=\"yoast-schema-graph\">{\"@context\":\"https:\\\/\\\/schema.org\",\"@graph\":[{\"@type\":\"WebPage\",\"@id\":\"https:\\\/\\\/www.mastercam.com\\\/sv\\\/nyheter\\\/om-oss\\\/\",\"url\":\"https:\\\/\\\/www.mastercam.com\\\/sv\\\/nyheter\\\/om-oss\\\/\",\"name\":\"Om oss | Mastercam\",\"isPartOf\":{\"@id\":\"https:\\\/\\\/www.mastercam.com\\\/sv\\\/#website\"},\"primaryImageOfPage\":{\"@id\":\"https:\\\/\\\/www.mastercam.com\\\/sv\\\/nyheter\\\/om-oss\\\/#primaryimage\"},\"image\":{\"@id\":\"https:\\\/\\\/www.mastercam.com\\\/sv\\\/nyheter\\\/om-oss\\\/#primaryimage\"},\"thumbnailUrl\":\"https:\\\/\\\/www.mastercam.com\\\/wp-content\\\/uploads\\\/2023\\\/10\\\/Building.jpg\",\"datePublished\":\"2023-01-13T23:25:15+00:00\",\"dateModified\":\"2026-02-26T16:50:44+00:00\",\"description\":\"Mastercam str\u00e4var efter att skapa programvara och tj\u00e4nster som l\u00f6ser v\u00e4rldens tillverkningsutmaningar. Klicka f\u00f6r att l\u00e4ra dig mer om vad vi g\u00f6r.\",\"breadcrumb\":{\"@id\":\"https:\\\/\\\/www.mastercam.com\\\/sv\\\/nyheter\\\/om-oss\\\/#breadcrumb\"},\"inLanguage\":\"sv-SE\",\"potentialAction\":[{\"@type\":\"ReadAction\",\"target\":[\"https:\\\/\\\/www.mastercam.com\\\/sv\\\/nyheter\\\/om-oss\\\/\"]}]},{\"@type\":\"ImageObject\",\"inLanguage\":\"sv-SE\",\"@id\":\"https:\\\/\\\/www.mastercam.com\\\/sv\\\/nyheter\\\/om-oss\\\/#primaryimage\",\"url\":\"https:\\\/\\\/www.mastercam.com\\\/wp-content\\\/uploads\\\/2023\\\/10\\\/Building.jpg\",\"contentUrl\":\"https:\\\/\\\/www.mastercam.com\\\/wp-content\\\/uploads\\\/2023\\\/10\\\/Building.jpg\"},{\"@type\":\"BreadcrumbList\",\"@id\":\"https:\\\/\\\/www.mastercam.com\\\/sv\\\/nyheter\\\/om-oss\\\/#breadcrumb\",\"itemListElement\":[{\"@type\":\"ListItem\",\"position\":1,\"name\":\"Home\",\"item\":\"https:\\\/\\\/www.mastercam.com\\\/sv\\\/\"},{\"@type\":\"ListItem\",\"position\":2,\"name\":\"Nyheter\",\"item\":\"https:\\\/\\\/www.mastercam.com\\\/sv\\\/nyheter\\\/\"},{\"@type\":\"ListItem\",\"position\":3,\"name\":\"V\u00e5r historia\"}]},{\"@type\":\"WebSite\",\"@id\":\"https:\\\/\\\/www.mastercam.com\\\/sv\\\/#website\",\"url\":\"https:\\\/\\\/www.mastercam.com\\\/sv\\\/\",\"name\":\"Mastercam\",\"description\":\"Creating software and services that solve the world&#039;s manufacturing challenges\",\"publisher\":{\"@id\":\"https:\\\/\\\/www.mastercam.com\\\/sv\\\/#organization\"},\"potentialAction\":[{\"@type\":\"SearchAction\",\"target\":{\"@type\":\"EntryPoint\",\"urlTemplate\":\"https:\\\/\\\/www.mastercam.com\\\/sv\\\/?s={search_term_string}\"},\"query-input\":{\"@type\":\"PropertyValueSpecification\",\"valueRequired\":true,\"valueName\":\"search_term_string\"}}],\"inLanguage\":\"sv-SE\"},{\"@type\":\"Organization\",\"@id\":\"https:\\\/\\\/www.mastercam.com\\\/sv\\\/#organization\",\"name\":\"Mastercam\",\"url\":\"https:\\\/\\\/www.mastercam.com\\\/sv\\\/\",\"logo\":{\"@type\":\"ImageObject\",\"inLanguage\":\"sv-SE\",\"@id\":\"https:\\\/\\\/www.mastercam.com\\\/sv\\\/#\\\/schema\\\/logo\\\/image\\\/\",\"url\":\"https:\\\/\\\/www.mastercam.com\\\/wp-content\\\/uploads\\\/2023\\\/02\\\/MC_logo.svg\",\"contentUrl\":\"https:\\\/\\\/www.mastercam.com\\\/wp-content\\\/uploads\\\/2023\\\/02\\\/MC_logo.svg\",\"width\":230,\"height\":40,\"caption\":\"Mastercam\"},\"image\":{\"@id\":\"https:\\\/\\\/www.mastercam.com\\\/sv\\\/#\\\/schema\\\/logo\\\/image\\\/\"},\"sameAs\":[\"https:\\\/\\\/www.facebook.com\\\/Mastercam\\\/\",\"https:\\\/\\\/x.com\\\/mastercam\",\"https:\\\/\\\/www.linkedin.com\\\/company\\\/mastercam\",\"https:\\\/\\\/www.youtube.com\\\/channel\\\/UChJt5ruSkqnmFH44WsXVZLw\",\"https:\\\/\\\/www.instagram.com\\\/mastercam\\\/\"]}]}<\/script>\n<!-- \/ Yoast SEO plugin. -->","yoast_head_json":{"title":"Om oss | Mastercam","description":"Mastercam str\u00e4var efter att skapa programvara och tj\u00e4nster som l\u00f6ser v\u00e4rldens tillverkningsutmaningar. Klicka f\u00f6r att l\u00e4ra dig mer om vad vi g\u00f6r.","robots":{"index":"index","follow":"follow","max-snippet":"max-snippet:-1","max-image-preview":"max-image-preview:large","max-video-preview":"max-video-preview:-1"},"canonical":"https:\/\/www.mastercam.com\/sv\/nyheter\/om-oss\/","og_locale":"sv_SE","og_type":"article","og_title":"Om oss | Mastercam","og_description":"Mastercam str\u00e4var efter att skapa programvara och tj\u00e4nster som l\u00f6ser v\u00e4rldens tillverkningsutmaningar. Klicka f\u00f6r att l\u00e4ra dig mer om vad vi g\u00f6r.","og_url":"https:\/\/www.mastercam.com\/sv\/nyheter\/om-oss\/","og_site_name":"mastercam.com","article_publisher":"https:\/\/www.facebook.com\/Mastercam\/","article_modified_time":"2026-02-26T16:50:44+00:00","og_image":[{"width":525,"height":350,"url":"https:\/\/www.mastercam.com\/wp-content\/uploads\/2023\/10\/Building.jpg","type":"image\/jpeg"}],"twitter_card":"summary_large_image","twitter_site":"@mastercam","twitter_misc":{"Est. reading time":"2 minutes"},"schema":{"@context":"https:\/\/schema.org","@graph":[{"@type":"WebPage","@id":"https:\/\/www.mastercam.com\/sv\/nyheter\/om-oss\/","url":"https:\/\/www.mastercam.com\/sv\/nyheter\/om-oss\/","name":"Om oss | Mastercam","isPartOf":{"@id":"https:\/\/www.mastercam.com\/sv\/#website"},"primaryImageOfPage":{"@id":"https:\/\/www.mastercam.com\/sv\/nyheter\/om-oss\/#primaryimage"},"image":{"@id":"https:\/\/www.mastercam.com\/sv\/nyheter\/om-oss\/#primaryimage"},"thumbnailUrl":"https:\/\/www.mastercam.com\/wp-content\/uploads\/2023\/10\/Building.jpg","datePublished":"2023-01-13T23:25:15+00:00","dateModified":"2026-02-26T16:50:44+00:00","description":"Mastercam str\u00e4var efter att skapa programvara och tj\u00e4nster som l\u00f6ser v\u00e4rldens tillverkningsutmaningar. Klicka f\u00f6r att l\u00e4ra dig mer om vad vi g\u00f6r.","breadcrumb":{"@id":"https:\/\/www.mastercam.com\/sv\/nyheter\/om-oss\/#breadcrumb"},"inLanguage":"sv-SE","potentialAction":[{"@type":"ReadAction","target":["https:\/\/www.mastercam.com\/sv\/nyheter\/om-oss\/"]}]},{"@type":"ImageObject","inLanguage":"sv-SE","@id":"https:\/\/www.mastercam.com\/sv\/nyheter\/om-oss\/#primaryimage","url":"https:\/\/www.mastercam.com\/wp-content\/uploads\/2023\/10\/Building.jpg","contentUrl":"https:\/\/www.mastercam.com\/wp-content\/uploads\/2023\/10\/Building.jpg"},{"@type":"BreadcrumbList","@id":"https:\/\/www.mastercam.com\/sv\/nyheter\/om-oss\/#breadcrumb","itemListElement":[{"@type":"ListItem","position":1,"name":"Home","item":"https:\/\/www.mastercam.com\/sv\/"},{"@type":"ListItem","position":2,"name":"Nyheter","item":"https:\/\/www.mastercam.com\/sv\/nyheter\/"},{"@type":"ListItem","position":3,"name":"V\u00e5r historia"}]},{"@type":"WebSite","@id":"https:\/\/www.mastercam.com\/sv\/#website","url":"https:\/\/www.mastercam.com\/sv\/","name":"Mastercam","description":"Creating software and services that solve the world&#039;s manufacturing challenges","publisher":{"@id":"https:\/\/www.mastercam.com\/sv\/#organization"},"potentialAction":[{"@type":"SearchAction","target":{"@type":"EntryPoint","urlTemplate":"https:\/\/www.mastercam.com\/sv\/?s={search_term_string}"},"query-input":{"@type":"PropertyValueSpecification","valueRequired":true,"valueName":"search_term_string"}}],"inLanguage":"sv-SE"},{"@type":"Organization","@id":"https:\/\/www.mastercam.com\/sv\/#organization","name":"Mastercam","url":"https:\/\/www.mastercam.com\/sv\/","logo":{"@type":"ImageObject","inLanguage":"sv-SE","@id":"https:\/\/www.mastercam.com\/sv\/#\/schema\/logo\/image\/","url":"https:\/\/www.mastercam.com\/wp-content\/uploads\/2023\/02\/MC_logo.svg","contentUrl":"https:\/\/www.mastercam.com\/wp-content\/uploads\/2023\/02\/MC_logo.svg","width":230,"height":40,"caption":"Mastercam"},"image":{"@id":"https:\/\/www.mastercam.com\/sv\/#\/schema\/logo\/image\/"},"sameAs":["https:\/\/www.facebook.com\/Mastercam\/","https:\/\/x.com\/mastercam","https:\/\/www.linkedin.com\/company\/mastercam","https:\/\/www.youtube.com\/channel\/UChJt5ruSkqnmFH44WsXVZLw","https:\/\/www.instagram.com\/mastercam\/"]}]}},"_links":{"self":[{"href":"https:\/\/www.mastercam.com\/sv\/wp-json\/wp\/v2\/pages\/36846","targetHints":{"allow":["GET"]}}],"collection":[{"href":"https:\/\/www.mastercam.com\/sv\/wp-json\/wp\/v2\/pages"}],"about":[{"href":"https:\/\/www.mastercam.com\/sv\/wp-json\/wp\/v2\/types\/page"}],"author":[{"embeddable":true,"href":"https:\/\/www.mastercam.com\/sv\/wp-json\/wp\/v2\/users\/1"}],"replies":[{"embeddable":true,"href":"https:\/\/www.mastercam.com\/sv\/wp-json\/wp\/v2\/comments?post=36846"}],"version-history":[{"count":0,"href":"https:\/\/www.mastercam.com\/sv\/wp-json\/wp\/v2\/pages\/36846\/revisions"}],"up":[{"embeddable":true,"href":"https:\/\/www.mastercam.com\/sv\/wp-json\/wp\/v2\/pages\/36904"}],"wp:attachment":[{"href":"https:\/\/www.mastercam.com\/sv\/wp-json\/wp\/v2\/media?parent=36846"}],"curies":[{"name":"wp","href":"https:\/\/api.w.org\/{rel}","templated":true}]}}