{"id":36678,"date":"2023-01-12T19:56:55","date_gmt":"2023-01-13T00:56:55","guid":{"rendered":"https:\/\/www.mastercam.com\/losningar\/mastercam-tillaggsprogram\/"},"modified":"2026-03-09T12:51:00","modified_gmt":"2026-03-09T16:51:00","slug":"mastercam-tillaggsprogram","status":"publish","type":"page","link":"https:\/\/www.mastercam.com\/sv\/losningar\/mastercam-tillaggsprogram\/","title":{"rendered":"Mastercam till\u00e4ggsprogram"},"content":{"rendered":"<div class=\"hero__breadcrumbs\">\n    <div class=\"container-fluid\">\n      <div class=\"row\">\n        <div class=\"col\">\n          <nav aria-label=\"breadcrumbs\"><ol class=\"breadcrumb\"><li><a href=\"https:\/\/www.mastercam.com\/sv\/\">Home<\/a><\/li><\/ol><\/nav>\n        <\/div>\n      <\/div>\n    <\/div>\n  <\/div>\n\n<div class=\"hero hero--minimal wp-block-acf-block-hero\">\n  <div class=\"container-fluid\">\n    <div class=\"row align-items-center\">\n      \n      \n      \n      <div class=\"col-12 col-lg-7 order-2 order-lg-2 hero__content-column\">\n        <div class=\"hero__content\">\n                      <h1 class=\"hero__heading\">\n              \n              Mastercam <span class=\"text-nowrap\">till\u00e4ggsprogram<\/span>\n            <\/h1>\n          \n                      <p class=\"hero__text\">Bygg din helt\u00e4ckande CAD\/CAM-l\u00f6sning med Mastercam\u00ae. F\u00f6rb\u00e4ttra din produktivitet med en m\u00e4ngd specialiserade till\u00e4ggsprogram f\u00f6r dina specifika bearbetningsbehov. <\/p>\n          \n          \n          \n          \n                  <\/div>\n      <\/div>\n    <\/div>\n  <\/div>\n<\/div>\n\n<div class=\"wp-block-group is-style-light-gray-bg is-layout-constrained wp-block-group-is-layout-constrained\" style=\"padding-top:var(--wp--preset--spacing--0);padding-bottom:var(--wp--preset--spacing--0)\">\n<div class=\"wp-block-columns is-style-container is-layout-flex wp-container-core-columns-is-layout-299ef634 wp-block-columns-is-layout-flex\" style=\"padding-top:var(--wp--preset--spacing--0);padding-bottom:var(--wp--preset--spacing--6)\">\n<div class=\"wp-block-column is-layout-flow wp-block-column-is-layout-flow\">\n<h2 class=\"wp-block-heading\" style=\"margin-top:0;margin-bottom:var(--wp--preset--spacing--5)\">Till\u00e4ggstj\u00e4nster<\/h2>\n\n\n<div style=\"margin-bottom:var(--wp--preset--spacing--6);\" class=\"container-fluid aligncenter wp-block-acf-block-featured-items\">\r\n  <div class=\"cards row g-4\">\r\n                  \r\n                  \r\n                      <div class=\"col col-12 col-md-6 col-lg-4\">\n  <div class=\"card h-100  card--linked\">\n          <div class=\"skeleton-image card-img-top\" style=\"--skeleton-aspect-ratio: 375 \/ 236;\">\n        <img decoding=\"async\" src=\"https:\/\/www.mastercam.com\/wp-content\/uploads\/2025\/06\/Probing-Still-2-1024x576.png\" alt=\"Probing\" loading=\"lazy\" onload=\"this.classList.add('loaded')\" \/>\n      <\/div>\n    \n    <div class=\"card-body\">\n      \n      <h3 class=\"card-title\">Probing<\/h3>\n\n              <p class=\"card-text\">Mastercam Probing genererar s\u00f6ml\u00f6st maskinoberoende G-kod och integrerar den direkt i ditt NC-program. Programmera enkelt ditt bearbetningscenters spindelmonterade avk\u00e4nnarsystem, precis som du programmerar verktygsbanor.<\/p>\n      \n          <\/div>\n\n          \n      <div class=\"card-footer\">\n        <a class=\"btn btn-outline-secondary stretched-link\" href=\"https:\/\/www.mastercam.com\/sv\/solutions\/add-ons\/sondering\/\">\n          Explore<span class=\"sr-only\"> about Probing<\/span>\n        <\/a>\n      <\/div>\n      <\/div>\n\n  <\/div>\n                                \r\n                  \r\n                      <div class=\"col col-12 col-md-6 col-lg-4\">\n  <div class=\"card h-100  card--linked\">\n          <div class=\"skeleton-image card-img-top\" style=\"--skeleton-aspect-ratio: 375 \/ 236;\">\n        <img decoding=\"async\" src=\"https:\/\/www.mastercam.com\/wp-content\/uploads\/2024\/06\/Deburr-Background_Wrapped-1024x588.jpg\" alt=\"Deburr\" loading=\"lazy\" onload=\"this.classList.add('loaded')\" \/>\n      <\/div>\n    \n    <div class=\"card-body\">\n      \n      <h3 class=\"card-title\">Deburr<\/h3>\n\n              <p class=\"card-text\">Mastercam Deburr f\u00f6r 3-axlig, en avancerad l\u00f6sning som revolutionerar avgradningsprocessen f\u00f6r Mastercam Mill, Mastercam Mill 3D, Mastercam Router och Mastercam Mill-Turn.<\/p>\n      \n          <\/div>\n\n          \n      <div class=\"card-footer\">\n        <a class=\"btn btn-outline-secondary stretched-link\" href=\"https:\/\/www.mastercam.com\/sv\/solutions\/add-ons\/deburr\/\">\n          Explore<span class=\"sr-only\"> about Deburr<\/span>\n        <\/a>\n      <\/div>\n      <\/div>\n\n  <\/div>\n                                \r\n                  \r\n                      <div class=\"col col-12 col-md-6 col-lg-4\">\n  <div class=\"card h-100  card--linked\">\n          <div class=\"skeleton-image card-img-top\" style=\"--skeleton-aspect-ratio: 375 \/ 236;\">\n        <img decoding=\"async\" src=\"https:\/\/www.mastercam.com\/wp-content\/uploads\/2023\/03\/Multiaxis-1024x683.jpg\" alt=\"Multiaxis Machining\" loading=\"lazy\" onload=\"this.classList.add('loaded')\" \/>\n      <\/div>\n    \n    <div class=\"card-body\">\n      \n      <h3 class=\"card-title\">Multiaxis Machining<\/h3>\n\n              <p class=\"card-text\">Mastercam Multiaxis erbjuder ett brett utbud av strategier f\u00f6r multiaxis machining &#8211; b\u00e5de grundl\u00e4ggande och avancerade.<\/p>\n      \n          <\/div>\n\n          \n      <div class=\"card-footer\">\n        <a class=\"btn btn-outline-secondary stretched-link\" href=\"https:\/\/www.mastercam.com\/sv\/solutions\/add-ons\/multiaxis-bearbetning\/\">\n          Explore<span class=\"sr-only\"> about Multiaxis Machining<\/span>\n        <\/a>\n      <\/div>\n      <\/div>\n\n  <\/div>\n                                \r\n                  \r\n                      <div class=\"col col-12 col-md-6 col-lg-4\">\n  <div class=\"card h-100  card--linked\">\n          <div class=\"skeleton-image card-img-top\" style=\"--skeleton-aspect-ratio: 375 \/ 236;\">\n        <img decoding=\"async\" src=\"https:\/\/www.mastercam.com\/wp-content\/uploads\/2023\/03\/Group-73.jpg\" alt=\"Port Expert\" loading=\"lazy\" onload=\"this.classList.add('loaded')\" \/>\n      <\/div>\n    \n    <div class=\"card-body\">\n      \n      <h3 class=\"card-title\">Port Expert<\/h3>\n\n              <p class=\"card-text\">Mastercam Port Expert underl\u00e4ttar generering av verktygsbanor f\u00f6r CNC-portning av topplock.<\/p>\n      \n          <\/div>\n\n          \n      <div class=\"card-footer\">\n        <a class=\"btn btn-outline-secondary stretched-link\" href=\"https:\/\/www.mastercam.com\/sv\/solutions\/add-ons\/port-expert\/\">\n          Explore<span class=\"sr-only\"> about Port Expert<\/span>\n        <\/a>\n      <\/div>\n      <\/div>\n\n  <\/div>\n                                \r\n                  \r\n                      <div class=\"col col-12 col-md-6 col-lg-4\">\n  <div class=\"card h-100  card--linked\">\n          <div class=\"skeleton-image card-img-top\" style=\"--skeleton-aspect-ratio: 375 \/ 236;\">\n        <img decoding=\"async\" src=\"https:\/\/www.mastercam.com\/wp-content\/uploads\/2023\/03\/3.jpg\" alt=\"Blade Expert\" loading=\"lazy\" onload=\"this.classList.add('loaded')\" \/>\n      <\/div>\n    \n    <div class=\"card-body\">\n      \n      <h3 class=\"card-title\">Blade Expert<\/h3>\n\n              <p class=\"card-text\">Mastercam Blade Expert ger en helt\u00e4ckande l\u00f6sning f\u00f6r olika bladkonfigurationer.<\/p>\n      \n          <\/div>\n\n          \n      <div class=\"card-footer\">\n        <a class=\"btn btn-outline-secondary stretched-link\" href=\"https:\/\/www.mastercam.com\/sv\/solutions\/add-ons\/blade-expert\/\">\n          Explore<span class=\"sr-only\"> about Blade Expert<\/span>\n        <\/a>\n      <\/div>\n      <\/div>\n\n  <\/div>\n                                \r\n                  \r\n                      <div class=\"col col-12 col-md-6 col-lg-4\">\n  <div class=\"card h-100  card--linked\">\n          <div class=\"skeleton-image card-img-top\" style=\"--skeleton-aspect-ratio: 375 \/ 236;\">\n        <img decoding=\"async\" src=\"https:\/\/www.mastercam.com\/wp-content\/uploads\/2023\/02\/ProdrillExample-1024x792-2.jpeg\" alt=\"ProDrill\" loading=\"lazy\" onload=\"this.classList.add('loaded')\" \/>\n      <\/div>\n    \n    <div class=\"card-body\">\n      \n      <h3 class=\"card-title\">ProDrill<\/h3>\n\n              <p class=\"card-text\">Mastercam ProDrill \u00e4r ett mycket anpassningsbart, funktionsbaserat borrningstill\u00e4gg f\u00f6r Mastercam.<\/p>\n      \n          <\/div>\n\n          \n      <div class=\"card-footer\">\n        <a class=\"btn btn-outline-secondary stretched-link\" href=\"https:\/\/www.mastercam.com\/sv\/solutions\/add-ons\/prodrill\/\">\n          Explore<span class=\"sr-only\"> about ProDrill<\/span>\n        <\/a>\n      <\/div>\n      <\/div>\n\n  <\/div>\n                                \r\n                  \r\n                      <div class=\"col col-12 col-md-6 col-lg-4\">\n  <div class=\"card h-100  card--linked\">\n          <div class=\"skeleton-image card-img-top\" style=\"--skeleton-aspect-ratio: 375 \/ 236;\">\n        <img decoding=\"async\" src=\"https:\/\/www.mastercam.com\/wp-content\/uploads\/2023\/03\/5-axis.jpg\" alt=\"5-Axis Curve Machining\" loading=\"lazy\" onload=\"this.classList.add('loaded')\" \/>\n      <\/div>\n    \n    <div class=\"card-body\">\n      \n      <h3 class=\"card-title\">5-Axis Curve Machining<\/h3>\n\n              <p class=\"card-text\">5-Axis Curve Machining hj\u00e4lper dig att b\u00e4ttre utnyttja de m\u00f6jligheter som 5-axliga maskiner erbjuder.<\/p>\n      \n          <\/div>\n\n          \n      <div class=\"card-footer\">\n        <a class=\"btn btn-outline-secondary stretched-link\" href=\"https:\/\/www.mastercam.com\/sv\/solutions\/add-ons\/kurvbearbetning-med-5-axlar\/\">\n          Explore<span class=\"sr-only\"> about 5-Axis Curve Machining<\/span>\n        <\/a>\n      <\/div>\n      <\/div>\n\n  <\/div>\n                                \r\n                  \r\n                      <div class=\"col col-12 col-md-6 col-lg-4\">\n  <div class=\"card h-100  card--linked\">\n          <div class=\"skeleton-image card-img-top\" style=\"--skeleton-aspect-ratio: 375 \/ 236;\">\n        <img decoding=\"async\" src=\"https:\/\/www.mastercam.com\/wp-content\/uploads\/2023\/02\/TranslatorHero-1024x632.jpeg\" alt=\"File Translators\" loading=\"lazy\" onload=\"this.classList.add('loaded')\" \/>\n      <\/div>\n    \n    <div class=\"card-body\">\n      \n      <h3 class=\"card-title\">File Translators<\/h3>\n\n              <p class=\"card-text\">File Translators g\u00f6r det m\u00f6jligt att importera och exportera delfiler mellan program.<\/p>\n      \n          <\/div>\n\n          \n      <div class=\"card-footer\">\n        <a class=\"btn btn-outline-secondary stretched-link\" href=\"https:\/\/www.mastercam.com\/sv\/solutions\/add-ons\/filoversattare\/\">\n          Explore<span class=\"sr-only\"> about File Translators<\/span>\n        <\/a>\n      <\/div>\n      <\/div>\n\n  <\/div>\n                                \r\n                  \r\n                      <div class=\"col col-12 col-md-6 col-lg-4\">\n  <div class=\"card h-100  card--linked\">\n          <div class=\"skeleton-image card-img-top\" style=\"--skeleton-aspect-ratio: 375 \/ 236;\">\n        <img decoding=\"async\" src=\"https:\/\/www.mastercam.com\/wp-content\/uploads\/2024\/02\/aplus.jpeg\" alt=\"APlus\" loading=\"lazy\" onload=\"this.classList.add('loaded')\" \/>\n      <\/div>\n    \n    <div class=\"card-body\">\n      \n      <h3 class=\"card-title\">APlus<\/h3>\n\n              <p class=\"card-text\">I samarbete med CAMufacturing Solutions, Inc. har Mastercam ett till\u00e4gg f\u00f6r Additive Manufacturing (AM) i Mastercam\u00ae.<\/p>\n      \n          <\/div>\n\n          \n      <div class=\"card-footer\">\n        <a class=\"btn btn-outline-secondary stretched-link\" href=\"https:\/\/www.mastercam.com\/sv\/solutions\/add-ons\/aplus\/\">\n          Explore<span class=\"sr-only\"> about APlus<\/span>\n        <\/a>\n      <\/div>\n      <\/div>\n\n  <\/div>\n                              <\/div>\r\n<\/div>\r\n<\/div>\n<\/div>\n<\/div>\n","protected":false},"excerpt":{"rendered":"<p>Till\u00e4ggstj\u00e4nster<\/p>\n","protected":false},"author":1,"featured_media":36679,"parent":36527,"menu_order":0,"comment_status":"closed","ping_status":"closed","template":"addons.blade.php","meta":{"_acf_changed":false,"footnotes":""},"class_list":["post-36678","page","type-page","status-publish","has-post-thumbnail","hentry"],"acf":[],"yoast_head":"<!-- This site is optimized with the Yoast SEO plugin v27.4 - https:\/\/yoast.com\/product\/yoast-seo-wordpress\/ -->\n<title>Till\u00e4ggsprogram f\u00f6r CAD\/CAM | Mastercam<\/title>\n<meta name=\"description\" content=\"Uppt\u00e4ck en m\u00e4ngd olika till\u00e4gg och plugins f\u00f6r CAD\/CAM-programvara som kan f\u00f6rb\u00e4ttra funktionerna i din tillverkningsprogramvara. Klicka h\u00e4r f\u00f6r att l\u00e4sa mer.\" \/>\n<meta name=\"robots\" content=\"index, follow, max-snippet:-1, max-image-preview:large, max-video-preview:-1\" \/>\n<link rel=\"canonical\" href=\"https:\/\/www.mastercam.com\/sv\/losningar\/mastercam-tillaggsprogram\/\" \/>\n<meta property=\"og:locale\" content=\"sv_SE\" \/>\n<meta property=\"og:type\" content=\"article\" \/>\n<meta property=\"og:title\" content=\"Till\u00e4ggsprogram f\u00f6r CAD\/CAM | Mastercam\" \/>\n<meta property=\"og:description\" content=\"Uppt\u00e4ck en m\u00e4ngd olika till\u00e4gg och plugins f\u00f6r CAD\/CAM-programvara som kan f\u00f6rb\u00e4ttra funktionerna i din tillverkningsprogramvara. Klicka h\u00e4r f\u00f6r att l\u00e4sa mer.\" \/>\n<meta property=\"og:url\" content=\"https:\/\/www.mastercam.com\/sv\/losningar\/mastercam-tillaggsprogram\/\" \/>\n<meta property=\"og:site_name\" content=\"mastercam.com\" \/>\n<meta property=\"article:publisher\" content=\"https:\/\/www.facebook.com\/Mastercam\/\" \/>\n<meta property=\"article:modified_time\" content=\"2026-03-09T16:51:00+00:00\" \/>\n<meta property=\"og:image\" content=\"https:\/\/www.mastercam.com\/wp-content\/uploads\/2025\/11\/IMG_8318-scaled.jpg\" \/>\n\t<meta property=\"og:image:width\" content=\"2560\" \/>\n\t<meta property=\"og:image:height\" content=\"1707\" \/>\n\t<meta property=\"og:image:type\" content=\"image\/jpeg\" \/>\n<meta name=\"twitter:card\" content=\"summary_large_image\" \/>\n<meta name=\"twitter:site\" content=\"@mastercam\" \/>\n<script type=\"application\/ld+json\" class=\"yoast-schema-graph\">{\"@context\":\"https:\\\/\\\/schema.org\",\"@graph\":[{\"@type\":\"WebPage\",\"@id\":\"https:\\\/\\\/www.mastercam.com\\\/sv\\\/losningar\\\/mastercam-tillaggsprogram\\\/\",\"url\":\"https:\\\/\\\/www.mastercam.com\\\/sv\\\/losningar\\\/mastercam-tillaggsprogram\\\/\",\"name\":\"Till\u00e4ggsprogram f\u00f6r CAD\\\/CAM | Mastercam\",\"isPartOf\":{\"@id\":\"https:\\\/\\\/www.mastercam.com\\\/sv\\\/#website\"},\"primaryImageOfPage\":{\"@id\":\"https:\\\/\\\/www.mastercam.com\\\/sv\\\/losningar\\\/mastercam-tillaggsprogram\\\/#primaryimage\"},\"image\":{\"@id\":\"https:\\\/\\\/www.mastercam.com\\\/sv\\\/losningar\\\/mastercam-tillaggsprogram\\\/#primaryimage\"},\"thumbnailUrl\":\"https:\\\/\\\/www.mastercam.com\\\/wp-content\\\/uploads\\\/2025\\\/11\\\/IMG_8318-scaled.jpg\",\"datePublished\":\"2023-01-13T00:56:55+00:00\",\"dateModified\":\"2026-03-09T16:51:00+00:00\",\"description\":\"Uppt\u00e4ck en m\u00e4ngd olika till\u00e4gg och plugins f\u00f6r CAD\\\/CAM-programvara som kan f\u00f6rb\u00e4ttra funktionerna i din tillverkningsprogramvara. Klicka h\u00e4r f\u00f6r att l\u00e4sa mer.\",\"breadcrumb\":{\"@id\":\"https:\\\/\\\/www.mastercam.com\\\/sv\\\/losningar\\\/mastercam-tillaggsprogram\\\/#breadcrumb\"},\"inLanguage\":\"sv-SE\",\"potentialAction\":[{\"@type\":\"ReadAction\",\"target\":[\"https:\\\/\\\/www.mastercam.com\\\/sv\\\/losningar\\\/mastercam-tillaggsprogram\\\/\"]}]},{\"@type\":\"ImageObject\",\"inLanguage\":\"sv-SE\",\"@id\":\"https:\\\/\\\/www.mastercam.com\\\/sv\\\/losningar\\\/mastercam-tillaggsprogram\\\/#primaryimage\",\"url\":\"https:\\\/\\\/www.mastercam.com\\\/wp-content\\\/uploads\\\/2025\\\/11\\\/IMG_8318-scaled.jpg\",\"contentUrl\":\"https:\\\/\\\/www.mastercam.com\\\/wp-content\\\/uploads\\\/2025\\\/11\\\/IMG_8318-scaled.jpg\",\"width\":2560,\"height\":1707,\"caption\":\"sk\u00e4rm med produkt renderad med hj\u00e4lp av mastercam\u00ae -programvara\"},{\"@type\":\"BreadcrumbList\",\"@id\":\"https:\\\/\\\/www.mastercam.com\\\/sv\\\/losningar\\\/mastercam-tillaggsprogram\\\/#breadcrumb\",\"itemListElement\":[{\"@type\":\"ListItem\",\"position\":1,\"name\":\"Home\",\"item\":\"https:\\\/\\\/www.mastercam.com\\\/sv\\\/\"},{\"@type\":\"ListItem\",\"position\":2,\"name\":\"L\u00f6sningar\",\"item\":\"https:\\\/\\\/www.mastercam.com\\\/sv\\\/losningar\\\/\"},{\"@type\":\"ListItem\",\"position\":3,\"name\":\"Mastercam till\u00e4ggsprogram\"}]},{\"@type\":\"WebSite\",\"@id\":\"https:\\\/\\\/www.mastercam.com\\\/sv\\\/#website\",\"url\":\"https:\\\/\\\/www.mastercam.com\\\/sv\\\/\",\"name\":\"Mastercam\",\"description\":\"Creating software and services that solve the world&#039;s manufacturing challenges\",\"publisher\":{\"@id\":\"https:\\\/\\\/www.mastercam.com\\\/sv\\\/#organization\"},\"potentialAction\":[{\"@type\":\"SearchAction\",\"target\":{\"@type\":\"EntryPoint\",\"urlTemplate\":\"https:\\\/\\\/www.mastercam.com\\\/sv\\\/?s={search_term_string}\"},\"query-input\":{\"@type\":\"PropertyValueSpecification\",\"valueRequired\":true,\"valueName\":\"search_term_string\"}}],\"inLanguage\":\"sv-SE\"},{\"@type\":\"Organization\",\"@id\":\"https:\\\/\\\/www.mastercam.com\\\/sv\\\/#organization\",\"name\":\"Mastercam\",\"url\":\"https:\\\/\\\/www.mastercam.com\\\/sv\\\/\",\"logo\":{\"@type\":\"ImageObject\",\"inLanguage\":\"sv-SE\",\"@id\":\"https:\\\/\\\/www.mastercam.com\\\/sv\\\/#\\\/schema\\\/logo\\\/image\\\/\",\"url\":\"https:\\\/\\\/www.mastercam.com\\\/wp-content\\\/uploads\\\/2023\\\/02\\\/MC_logo.svg\",\"contentUrl\":\"https:\\\/\\\/www.mastercam.com\\\/wp-content\\\/uploads\\\/2023\\\/02\\\/MC_logo.svg\",\"width\":230,\"height\":40,\"caption\":\"Mastercam\"},\"image\":{\"@id\":\"https:\\\/\\\/www.mastercam.com\\\/sv\\\/#\\\/schema\\\/logo\\\/image\\\/\"},\"sameAs\":[\"https:\\\/\\\/www.facebook.com\\\/Mastercam\\\/\",\"https:\\\/\\\/x.com\\\/mastercam\",\"https:\\\/\\\/www.linkedin.com\\\/company\\\/mastercam\",\"https:\\\/\\\/www.youtube.com\\\/channel\\\/UChJt5ruSkqnmFH44WsXVZLw\",\"https:\\\/\\\/www.instagram.com\\\/mastercam\\\/\"]}]}<\/script>\n<!-- \/ Yoast SEO plugin. -->","yoast_head_json":{"title":"Till\u00e4ggsprogram f\u00f6r CAD\/CAM | Mastercam","description":"Uppt\u00e4ck en m\u00e4ngd olika till\u00e4gg och plugins f\u00f6r CAD\/CAM-programvara som kan f\u00f6rb\u00e4ttra funktionerna i din tillverkningsprogramvara. Klicka h\u00e4r f\u00f6r att l\u00e4sa mer.","robots":{"index":"index","follow":"follow","max-snippet":"max-snippet:-1","max-image-preview":"max-image-preview:large","max-video-preview":"max-video-preview:-1"},"canonical":"https:\/\/www.mastercam.com\/sv\/losningar\/mastercam-tillaggsprogram\/","og_locale":"sv_SE","og_type":"article","og_title":"Till\u00e4ggsprogram f\u00f6r CAD\/CAM | Mastercam","og_description":"Uppt\u00e4ck en m\u00e4ngd olika till\u00e4gg och plugins f\u00f6r CAD\/CAM-programvara som kan f\u00f6rb\u00e4ttra funktionerna i din tillverkningsprogramvara. Klicka h\u00e4r f\u00f6r att l\u00e4sa mer.","og_url":"https:\/\/www.mastercam.com\/sv\/losningar\/mastercam-tillaggsprogram\/","og_site_name":"mastercam.com","article_publisher":"https:\/\/www.facebook.com\/Mastercam\/","article_modified_time":"2026-03-09T16:51:00+00:00","og_image":[{"width":2560,"height":1707,"url":"https:\/\/www.mastercam.com\/wp-content\/uploads\/2025\/11\/IMG_8318-scaled.jpg","type":"image\/jpeg"}],"twitter_card":"summary_large_image","twitter_site":"@mastercam","schema":{"@context":"https:\/\/schema.org","@graph":[{"@type":"WebPage","@id":"https:\/\/www.mastercam.com\/sv\/losningar\/mastercam-tillaggsprogram\/","url":"https:\/\/www.mastercam.com\/sv\/losningar\/mastercam-tillaggsprogram\/","name":"Till\u00e4ggsprogram f\u00f6r CAD\/CAM | Mastercam","isPartOf":{"@id":"https:\/\/www.mastercam.com\/sv\/#website"},"primaryImageOfPage":{"@id":"https:\/\/www.mastercam.com\/sv\/losningar\/mastercam-tillaggsprogram\/#primaryimage"},"image":{"@id":"https:\/\/www.mastercam.com\/sv\/losningar\/mastercam-tillaggsprogram\/#primaryimage"},"thumbnailUrl":"https:\/\/www.mastercam.com\/wp-content\/uploads\/2025\/11\/IMG_8318-scaled.jpg","datePublished":"2023-01-13T00:56:55+00:00","dateModified":"2026-03-09T16:51:00+00:00","description":"Uppt\u00e4ck en m\u00e4ngd olika till\u00e4gg och plugins f\u00f6r CAD\/CAM-programvara som kan f\u00f6rb\u00e4ttra funktionerna i din tillverkningsprogramvara. Klicka h\u00e4r f\u00f6r att l\u00e4sa mer.","breadcrumb":{"@id":"https:\/\/www.mastercam.com\/sv\/losningar\/mastercam-tillaggsprogram\/#breadcrumb"},"inLanguage":"sv-SE","potentialAction":[{"@type":"ReadAction","target":["https:\/\/www.mastercam.com\/sv\/losningar\/mastercam-tillaggsprogram\/"]}]},{"@type":"ImageObject","inLanguage":"sv-SE","@id":"https:\/\/www.mastercam.com\/sv\/losningar\/mastercam-tillaggsprogram\/#primaryimage","url":"https:\/\/www.mastercam.com\/wp-content\/uploads\/2025\/11\/IMG_8318-scaled.jpg","contentUrl":"https:\/\/www.mastercam.com\/wp-content\/uploads\/2025\/11\/IMG_8318-scaled.jpg","width":2560,"height":1707,"caption":"sk\u00e4rm med produkt renderad med hj\u00e4lp av mastercam\u00ae -programvara"},{"@type":"BreadcrumbList","@id":"https:\/\/www.mastercam.com\/sv\/losningar\/mastercam-tillaggsprogram\/#breadcrumb","itemListElement":[{"@type":"ListItem","position":1,"name":"Home","item":"https:\/\/www.mastercam.com\/sv\/"},{"@type":"ListItem","position":2,"name":"L\u00f6sningar","item":"https:\/\/www.mastercam.com\/sv\/losningar\/"},{"@type":"ListItem","position":3,"name":"Mastercam till\u00e4ggsprogram"}]},{"@type":"WebSite","@id":"https:\/\/www.mastercam.com\/sv\/#website","url":"https:\/\/www.mastercam.com\/sv\/","name":"Mastercam","description":"Creating software and services that solve the world&#039;s manufacturing challenges","publisher":{"@id":"https:\/\/www.mastercam.com\/sv\/#organization"},"potentialAction":[{"@type":"SearchAction","target":{"@type":"EntryPoint","urlTemplate":"https:\/\/www.mastercam.com\/sv\/?s={search_term_string}"},"query-input":{"@type":"PropertyValueSpecification","valueRequired":true,"valueName":"search_term_string"}}],"inLanguage":"sv-SE"},{"@type":"Organization","@id":"https:\/\/www.mastercam.com\/sv\/#organization","name":"Mastercam","url":"https:\/\/www.mastercam.com\/sv\/","logo":{"@type":"ImageObject","inLanguage":"sv-SE","@id":"https:\/\/www.mastercam.com\/sv\/#\/schema\/logo\/image\/","url":"https:\/\/www.mastercam.com\/wp-content\/uploads\/2023\/02\/MC_logo.svg","contentUrl":"https:\/\/www.mastercam.com\/wp-content\/uploads\/2023\/02\/MC_logo.svg","width":230,"height":40,"caption":"Mastercam"},"image":{"@id":"https:\/\/www.mastercam.com\/sv\/#\/schema\/logo\/image\/"},"sameAs":["https:\/\/www.facebook.com\/Mastercam\/","https:\/\/x.com\/mastercam","https:\/\/www.linkedin.com\/company\/mastercam","https:\/\/www.youtube.com\/channel\/UChJt5ruSkqnmFH44WsXVZLw","https:\/\/www.instagram.com\/mastercam\/"]}]}},"_links":{"self":[{"href":"https:\/\/www.mastercam.com\/sv\/wp-json\/wp\/v2\/pages\/36678","targetHints":{"allow":["GET"]}}],"collection":[{"href":"https:\/\/www.mastercam.com\/sv\/wp-json\/wp\/v2\/pages"}],"about":[{"href":"https:\/\/www.mastercam.com\/sv\/wp-json\/wp\/v2\/types\/page"}],"author":[{"embeddable":true,"href":"https:\/\/www.mastercam.com\/sv\/wp-json\/wp\/v2\/users\/1"}],"replies":[{"embeddable":true,"href":"https:\/\/www.mastercam.com\/sv\/wp-json\/wp\/v2\/comments?post=36678"}],"version-history":[{"count":0,"href":"https:\/\/www.mastercam.com\/sv\/wp-json\/wp\/v2\/pages\/36678\/revisions"}],"up":[{"embeddable":true,"href":"https:\/\/www.mastercam.com\/sv\/wp-json\/wp\/v2\/pages\/36527"}],"wp:featuredmedia":[{"embeddable":true,"href":"https:\/\/www.mastercam.com\/sv\/wp-json\/wp\/v2\/media\/36679"}],"wp:attachment":[{"href":"https:\/\/www.mastercam.com\/sv\/wp-json\/wp\/v2\/media?parent=36678"}],"curies":[{"name":"wp","href":"https:\/\/api.w.org\/{rel}","templated":true}]}}