{"id":36577,"date":"2023-01-12T19:55:57","date_gmt":"2023-01-13T00:55:57","guid":{"rendered":"https:\/\/www.mastercam.com\/losningar\/industriell\/"},"modified":"2026-01-16T11:16:08","modified_gmt":"2026-01-16T16:16:08","slug":"industriell","status":"publish","type":"page","link":"https:\/\/www.mastercam.com\/sv\/losningar\/industriell\/","title":{"rendered":"Industriell"},"content":{"rendered":"<div class=\"hero__breadcrumbs\">\n    <div class=\"container-fluid\">\n      <div class=\"row\">\n        <div class=\"col\">\n          <nav aria-label=\"breadcrumbs\"><ol class=\"breadcrumb\"><li><a href=\"https:\/\/www.mastercam.com\/sv\/\">Home<\/a><\/li><\/ol><\/nav>\n        <\/div>\n      <\/div>\n    <\/div>\n  <\/div>\n\n<div class=\"hero hero--minimal wp-block-acf-block-hero\">\n  <div class=\"container-fluid\">\n    <div class=\"row align-items-center\">\n      \n      \n      \n      <div class=\"col-12 col-lg-7 order-2 order-lg-2 hero__content-column\">\n        <div class=\"hero__content\">\n                      <h1 class=\"hero__heading\">\n              \n              Industriell utst\u00e4llning\n            <\/h1>\n          \n                      <p class=\"hero__text\">Mastercam \u00e4r #1 CAM som anv\u00e4nds \u00f6ver hela v\u00e4rlden i en m\u00e4ngd olika tillverkningsindustrier. Fr\u00e5n flyg- och fordonsindustri till utbildning och energi &#8211; Mastercam klarar utmanande produktivitetskrav. <\/p>\n          \n          \n          \n          \n                  <\/div>\n      <\/div>\n    <\/div>\n  <\/div>\n<\/div>\n\n<div class=\"wp-block-group is-style-light-gray-bg is-layout-constrained wp-block-group-is-layout-constrained\" style=\"margin-bottom:var(--wp--preset--spacing--6);padding-bottom:var(--wp--preset--spacing--6)\">\n<div class=\"wp-block-columns is-style-container is-layout-flex wp-container-core-columns-is-layout-28f84493 wp-block-columns-is-layout-flex\">\n<div class=\"wp-block-column is-layout-flow wp-block-column-is-layout-flow\"><div class=\"container-fluid aligncenter wp-block-acf-block-cards\">\n  <div class=\"cards row g-4\">\n                                    <div class=\"col col-12 col-md-6 col-lg-4\">\n  <div class=\"card h-100 card--default card--linked\">\n          <img decoding=\"async\" src=\"https:\/\/www.mastercam.com\/wp-content\/uploads\/2024\/02\/mastercam-aerospace-1024x1024.jpg\" class=\"card-img-top\" alt=\"Flyg- och rymdindustrin samt f\u00f6rsvar\" loading=\"lazy\" \/>\n    \n    <div class=\"card-body\">\n      \n      <h3 class=\"card-title\">Flyg- och rymdindustrin samt f\u00f6rsvar<\/h3>\n\n              <p class=\"card-text\">Tillverkare inom Aerospace and Defense f\u00e5r tillverkningsteknik f\u00f6r kvalitet och precision p\u00e5 en exceptionellt h\u00f6g niv\u00e5 med hj\u00e4lp av v\u00e4rldens fr\u00e4msta CAM-system.<\/p>\n      \n          <\/div>\n\n          \n      <div class=\"card-footer\">\n        <a class=\"btn btn-outline-secondary stretched-link\" href=\"https:\/\/www.mastercam.com\/sv\/losningar\/industriell\/flyg-och-rymdindustrin-samt-forsvar\/\">\n          Flyg- och rymdindustrin samt f\u00f6rsvar<span class=\"sr-only\"> about Flyg- och rymdindustrin samt f\u00f6rsvar<\/span>\n        <\/a>\n      <\/div>\n      <\/div>\n\n  <\/div>\n                                        <div class=\"col col-12 col-md-6 col-lg-4\">\n  <div class=\"card h-100 card--default card--linked\">\n          <img decoding=\"async\" src=\"https:\/\/www.mastercam.com\/wp-content\/uploads\/2024\/02\/mastercam-consumer-goods-1024x1024.jpg\" class=\"card-img-top\" alt=\"Konsumentvaror\" loading=\"lazy\" \/>\n    \n    <div class=\"card-body\">\n      \n      <h3 class=\"card-title\">Konsumentvaror<\/h3>\n\n              <p class=\"card-text\">Mastercam erbjuder tillverkare av konsumentvaror \u00f6kad produktivitet inom produktdesign och tillverkning samtidigt som kostnaderna s\u00e4nks och kvaliteten bibeh\u00e5lls.<\/p>\n      \n          <\/div>\n\n          \n      <div class=\"card-footer\">\n        <a class=\"btn btn-outline-secondary stretched-link\" href=\"https:\/\/www.mastercam.com\/sv\/losningar\/industriell\/konsumentvaror\/\">\n          Konsumentvaror<span class=\"sr-only\"> about Konsumentvaror<\/span>\n        <\/a>\n      <\/div>\n      <\/div>\n\n  <\/div>\n                                        <div class=\"col col-12 col-md-6 col-lg-4\">\n  <div class=\"card h-100 card--default card--linked\">\n          <img decoding=\"async\" src=\"https:\/\/www.mastercam.com\/wp-content\/uploads\/2024\/02\/mastercam-education-1024x1024.jpg\" class=\"card-img-top\" alt=\"Utbildning\" loading=\"lazy\" \/>\n    \n    <div class=\"card-body\">\n      \n      <h3 class=\"card-title\">Utbildning<\/h3>\n\n              <p class=\"card-text\">Utbildare v\u00e4ljer Mastercam f\u00f6r att introducera studenterna till tillverkning och ge dem praktiska f\u00e4rdigheter och erfarenheter.  <\/p>\n      \n          <\/div>\n\n          \n      <div class=\"card-footer\">\n        <a class=\"btn btn-outline-secondary stretched-link\" href=\"https:\/\/www.mastercam.com\/sv\/losningar\/industriell\/utbildning\/\">\n          Utbildning<span class=\"sr-only\"> about Utbildning<\/span>\n        <\/a>\n      <\/div>\n      <\/div>\n\n  <\/div>\n                                        <div class=\"col col-12 col-md-6 col-lg-4\">\n  <div class=\"card h-100 card--default card--linked\">\n          <img decoding=\"async\" src=\"https:\/\/www.mastercam.com\/wp-content\/uploads\/2024\/02\/mastercam-solar-1024x1024.jpg\" class=\"card-img-top\" alt=\"Energi\" loading=\"lazy\" \/>\n    \n    <div class=\"card-body\">\n      \n      <h3 class=\"card-title\">Energi<\/h3>\n\n              <p class=\"card-text\">Mastercam erbjuder tillverkare inom den industriella energisektorn den precision, flexibilitet och innovation som de beh\u00f6ver.<\/p>\n      \n          <\/div>\n\n          \n      <div class=\"card-footer\">\n        <a class=\"btn btn-outline-secondary stretched-link\" href=\"https:\/\/www.mastercam.com\/sv\/losningar\/industriell\/energi\/\">\n          Energi<span class=\"sr-only\"> about Energi<\/span>\n        <\/a>\n      <\/div>\n      <\/div>\n\n  <\/div>\n                                        <div class=\"col col-12 col-md-6 col-lg-4\">\n  <div class=\"card h-100 card--default card--linked\">\n          <img decoding=\"async\" src=\"https:\/\/www.mastercam.com\/wp-content\/uploads\/2024\/02\/mastercam-heavy-machinery-1024x1024.jpg\" class=\"card-img-top\" alt=\"Tung industri\" loading=\"lazy\" \/>\n    \n    <div class=\"card-body\">\n      \n      <h3 class=\"card-title\">Tung industri<\/h3>\n\n              <p class=\"card-text\">Tillverkare inom den tunga industrin anv\u00e4nder Mastercams programvara f\u00f6r att maximera produktionskapaciteten utan att g\u00f6ra avkall p\u00e5 kvaliteten.<\/p>\n      \n          <\/div>\n\n          \n      <div class=\"card-footer\">\n        <a class=\"btn btn-outline-secondary stretched-link\" href=\"https:\/\/www.mastercam.com\/sv\/losningar\/industriell\/tung-industri\/\">\n          Tung industri<span class=\"sr-only\"> about Tung industri<\/span>\n        <\/a>\n      <\/div>\n      <\/div>\n\n  <\/div>\n                                        <div class=\"col col-12 col-md-6 col-lg-4\">\n  <div class=\"card h-100 card--default card--linked\">\n          <img decoding=\"async\" src=\"https:\/\/www.mastercam.com\/wp-content\/uploads\/2024\/02\/mastercam-medical-1024x1024.jpg\" class=\"card-img-top\" alt=\"Medicinsk\" loading=\"lazy\" \/>\n    \n    <div class=\"card-body\">\n      \n      <h3 class=\"card-title\">Medicinsk<\/h3>\n\n              <p class=\"card-text\">Mastercam erbjuder tillverkare inom den industriella medicinindustrin kvalitet och precision p\u00e5 h\u00f6gsta niv\u00e5.<\/p>\n      \n          <\/div>\n\n          \n      <div class=\"card-footer\">\n        <a class=\"btn btn-outline-secondary stretched-link\" href=\"https:\/\/www.mastercam.com\/sv\/losningar\/industriell\/medicinsk\/\">\n          Medicinsk<span class=\"sr-only\"> about Medicinsk<\/span>\n        <\/a>\n      <\/div>\n      <\/div>\n\n  <\/div>\n                                        <div class=\"col col-12 col-md-6 col-lg-4\">\n  <div class=\"card h-100 card--default card--linked\">\n          <img decoding=\"async\" src=\"https:\/\/www.mastercam.com\/wp-content\/uploads\/2024\/02\/mastercam-mold_and_die-1024x1024.jpg\" class=\"card-img-top\" alt=\"Verktyg och formar\" loading=\"lazy\" \/>\n    \n    <div class=\"card-body\">\n      \n      <h3 class=\"card-title\">Verktyg och formar<\/h3>\n\n              <p class=\"card-text\">Verktygs- och formtillverkare anv\u00e4nder Mastercam-programvara f\u00f6r kortare cykeltider och precisionsfinish f\u00f6r produktivitet och vinst.<\/p>\n      \n          <\/div>\n\n          \n      <div class=\"card-footer\">\n        <a class=\"btn btn-outline-secondary stretched-link\" href=\"https:\/\/www.mastercam.com\/sv\/losningar\/industriell\/verktyg-formar\/\">\n          Verktyg och formar<span class=\"sr-only\"> about Verktyg och formar<\/span>\n        <\/a>\n      <\/div>\n      <\/div>\n\n  <\/div>\n                                        <div class=\"col col-12 col-md-6 col-lg-4\">\n  <div class=\"card h-100 card--default card--linked\">\n          <img decoding=\"async\" src=\"https:\/\/www.mastercam.com\/wp-content\/uploads\/2024\/02\/mastercam-transportation-1024x1024.jpg\" class=\"card-img-top\" alt=\"Transport\" loading=\"lazy\" \/>\n    \n    <div class=\"card-body\">\n      \n      <h3 class=\"card-title\">Transport<\/h3>\n\n              <p class=\"card-text\">Mastercam ger tillverkare inom transport- och fordonsindustrin produktivitetsf\u00f6rb\u00e4ttringar inom olika till\u00e4mpningar.<\/p>\n      \n          <\/div>\n\n          \n      <div class=\"card-footer\">\n        <a class=\"btn btn-outline-secondary stretched-link\" href=\"https:\/\/www.mastercam.com\/sv\/losningar\/industriell\/transport\/\">\n          Transport<span class=\"sr-only\"> about Transport<\/span>\n        <\/a>\n      <\/div>\n      <\/div>\n\n  <\/div>\n                                        <div class=\"col col-12 col-md-6 col-lg-4\">\n  <div class=\"card h-100 card--default card--linked\">\n          <img decoding=\"async\" src=\"https:\/\/www.mastercam.com\/wp-content\/uploads\/2024\/02\/mastercam-woodworking-1024x1024.jpg\" class=\"card-img-top\" alt=\"Tr\u00e4bearbetning\" loading=\"lazy\" \/>\n    \n    <div class=\"card-body\">\n      \n      <h3 class=\"card-title\">Tr\u00e4bearbetning<\/h3>\n\n              <p class=\"card-text\">Tillverkare inom tr\u00e4bearbetning anv\u00e4nder Mastercam-l\u00f6sningar f\u00f6r dynamiska produktionsbehov med hj\u00e4lp av CNC-maskiner.<\/p>\n      \n          <\/div>\n\n          \n      <div class=\"card-footer\">\n        <a class=\"btn btn-outline-secondary stretched-link\" href=\"https:\/\/www.mastercam.com\/sv\/losningar\/industriell\/cnc-programvara-for-trabearbetning-cad-cam-losningar\/\">\n          Tr\u00e4bearbetning<span class=\"sr-only\"> about Tr\u00e4bearbetning<\/span>\n        <\/a>\n      <\/div>\n      <\/div>\n\n  <\/div>\n                    <\/div>\n<\/div>\n<\/div>\n<\/div>\n<\/div>\n\n<div class=\"wp-block-columns is-style-container is-layout-flex wp-container-core-columns-is-layout-28f84493 wp-block-columns-is-layout-flex\">\n<div class=\"wp-block-column is-layout-flow wp-block-column-is-layout-flow\">\n<h2 class=\"wp-block-heading has-text-align-left\">Letar du efter n\u00e5got annat?<\/h2>\n\n\n<div class=\"container-fluid aligncenter wp-block-acf-block-features-list\">\n    <div class=\"row\">\n                        <div class=\"col-md-6 col-lg-4 mb-4\">\n          <p class=\"mb-3 fs-5\">\n                          <a href=\"https:\/\/www.mastercam.com\/sv\/losningar\/mastercam-produkter\/\" aria-label=\"Read more about Produkter\">\n                <strong>Produkter<\/strong>\n              <\/a>\n                      <\/p>\n                      <p>V\u00e5ra CAD CAM-programvaruprodukter tar delar fr\u00e5n Design till produktionslinjen. Programmera dina tillverkade delar med avancerade funktioner f\u00f6r precision och effektivitet. Att skapa kod f\u00f6r att driva din CNC-utrustning \u00e4r vad Mastercam g\u00f6r b\u00e4st.  <\/p>\n                  <\/div>\n                              <div class=\"col-md-6 col-lg-4 mb-4\">\n          <p class=\"mb-3 fs-5\">\n                          <a href=\"https:\/\/www.mastercam.com\/sv\/losningar\/mastercam-tillaggsprogram\/\" aria-label=\"Read more about Till\u00e4ggstj\u00e4nster\">\n                <strong>Till\u00e4ggstj\u00e4nster<\/strong>\n              <\/a>\n                      <\/p>\n                      <p>Bygg din helt\u00e4ckande CAD\/CAM-l\u00f6sning med Mastercam. F\u00f6rb\u00e4ttra din produktivitet med en m\u00e4ngd specialiserade till\u00e4ggsprogram f\u00f6r dina specifika bearbetningsbehov. <\/p>\n                  <\/div>\n                              <div class=\"col-md-6 col-lg-4 mb-4\">\n          <p class=\"mb-3 fs-5\">\n                          <a href=\"https:\/\/www.mastercam.com\/sv\/losningar\/tillagg-fran-tredje-part\/\" aria-label=\"Read more about Till\u00e4gg fr\u00e5n tredje part\">\n                <strong>Till\u00e4gg fr\u00e5n tredje part<\/strong>\n              <\/a>\n                      <\/p>\n                      <p>Mastercam samarbetar med de b\u00e4sta experterna p\u00e5 integration av CAD\/CAM-programvara inom tillverkningsindustrin, s\u00e5 att du kan v\u00e4lja mellan kompletterande programvaruverktyg, h\u00e5rdvara och mer f\u00f6r att \u00f6ka ditt resultat med en komplett tillverkningsl\u00f6sning.<\/p>\n                  <\/div>\n                              <div class=\"col-md-6 col-lg-4 mb-4\">\n          <p class=\"mb-3 fs-5\">\n                          <a href=\"https:\/\/www.mastercam.com\/sv\/losningar\/cnc-postprocessor\/\" aria-label=\"Read more about Postprocessorer\">\n                <strong>Postprocessorer<\/strong>\n              <\/a>\n                      <\/p>\n                      <p>Mastercam erbjuder flera plug-in postprocessorl\u00f6sningar f\u00f6r att konvertera generisk CAM-systemutdata till Mastercam-specifik NC-kod.<\/p>\n                  <\/div>\n            <\/div>\n<\/div>\n<\/div>\n<\/div>\n","protected":false},"excerpt":{"rendered":"<p>Letar du efter n\u00e5got annat?<\/p>\n","protected":false},"author":1,"featured_media":0,"parent":36527,"menu_order":0,"comment_status":"closed","ping_status":"closed","template":"","meta":{"_acf_changed":false,"footnotes":""},"class_list":["post-36577","page","type-page","status-publish","hentry"],"acf":[],"yoast_head":"<!-- This site is optimized with the Yoast SEO plugin v26.8 - https:\/\/yoast.com\/product\/yoast-seo-wordpress\/ -->\n<title>Industrier som anv\u00e4nder v\u00e5r programvara | Mastercam<\/title>\n<meta name=\"description\" content=\"Mastercam \u00e4r CAD\/CAM-programvaran #1 som anv\u00e4nds \u00f6ver hela v\u00e4rlden i en m\u00e4ngd olika tillverkningsindustrier. L\u00e4s mer om hur vi hanterar utmanande produktivitetskrav.\" \/>\n<meta name=\"robots\" content=\"index, follow, max-snippet:-1, max-image-preview:large, max-video-preview:-1\" \/>\n<link rel=\"canonical\" href=\"https:\/\/www.mastercam.com\/sv\/losningar\/industriell\/\" \/>\n<meta property=\"og:locale\" content=\"sv_SE\" \/>\n<meta property=\"og:type\" content=\"article\" \/>\n<meta property=\"og:title\" content=\"Industrier som anv\u00e4nder v\u00e5r programvara | Mastercam\" \/>\n<meta property=\"og:description\" content=\"Mastercam \u00e4r CAD\/CAM-programvaran #1 som anv\u00e4nds \u00f6ver hela v\u00e4rlden i en m\u00e4ngd olika tillverkningsindustrier. L\u00e4s mer om hur vi hanterar utmanande produktivitetskrav.\" \/>\n<meta property=\"og:url\" content=\"https:\/\/www.mastercam.com\/sv\/losningar\/industriell\/\" \/>\n<meta property=\"og:site_name\" content=\"mastercam.com\" \/>\n<meta property=\"article:publisher\" content=\"https:\/\/www.facebook.com\/Mastercam\/\" \/>\n<meta property=\"article:modified_time\" content=\"2026-01-16T16:16:08+00:00\" \/>\n<meta property=\"og:image\" content=\"https:\/\/www.mastercam.com\/wp-content\/uploads\/2024\/02\/drill-wide-photo-1200x675-1.jpg\" \/>\n\t<meta property=\"og:image:width\" content=\"1200\" \/>\n\t<meta property=\"og:image:height\" content=\"675\" \/>\n\t<meta property=\"og:image:type\" content=\"image\/jpeg\" \/>\n<meta name=\"twitter:card\" content=\"summary_large_image\" \/>\n<meta name=\"twitter:site\" content=\"@mastercam\" \/>\n<script type=\"application\/ld+json\" class=\"yoast-schema-graph\">{\"@context\":\"https:\/\/schema.org\",\"@graph\":[{\"@type\":\"WebPage\",\"@id\":\"https:\/\/www.mastercam.com\/sv\/losningar\/industriell\/\",\"url\":\"https:\/\/www.mastercam.com\/sv\/losningar\/industriell\/\",\"name\":\"Industrier som anv\u00e4nder v\u00e5r programvara | Mastercam\",\"isPartOf\":{\"@id\":\"https:\/\/www.mastercam.com\/sv\/#website\"},\"datePublished\":\"2023-01-13T00:55:57+00:00\",\"dateModified\":\"2026-01-16T16:16:08+00:00\",\"description\":\"Mastercam \u00e4r CAD\/CAM-programvaran #1 som anv\u00e4nds \u00f6ver hela v\u00e4rlden i en m\u00e4ngd olika tillverkningsindustrier. L\u00e4s mer om hur vi hanterar utmanande produktivitetskrav.\",\"breadcrumb\":{\"@id\":\"https:\/\/www.mastercam.com\/sv\/losningar\/industriell\/#breadcrumb\"},\"inLanguage\":\"sv-SE\",\"potentialAction\":[{\"@type\":\"ReadAction\",\"target\":[\"https:\/\/www.mastercam.com\/sv\/losningar\/industriell\/\"]}]},{\"@type\":\"BreadcrumbList\",\"@id\":\"https:\/\/www.mastercam.com\/sv\/losningar\/industriell\/#breadcrumb\",\"itemListElement\":[{\"@type\":\"ListItem\",\"position\":1,\"name\":\"Home\",\"item\":\"https:\/\/www.mastercam.com\/sv\/\"},{\"@type\":\"ListItem\",\"position\":2,\"name\":\"L\u00f6sningar\",\"item\":\"https:\/\/www.mastercam.com\/sv\/losningar\/\"},{\"@type\":\"ListItem\",\"position\":3,\"name\":\"Industriell\"}]},{\"@type\":\"WebSite\",\"@id\":\"https:\/\/www.mastercam.com\/sv\/#website\",\"url\":\"https:\/\/www.mastercam.com\/sv\/\",\"name\":\"Mastercam\",\"description\":\"Creating software and services that solve the world&#039;s manufacturing challenges\",\"publisher\":{\"@id\":\"https:\/\/www.mastercam.com\/sv\/#organization\"},\"potentialAction\":[{\"@type\":\"SearchAction\",\"target\":{\"@type\":\"EntryPoint\",\"urlTemplate\":\"https:\/\/www.mastercam.com\/sv\/?s={search_term_string}\"},\"query-input\":{\"@type\":\"PropertyValueSpecification\",\"valueRequired\":true,\"valueName\":\"search_term_string\"}}],\"inLanguage\":\"sv-SE\"},{\"@type\":\"Organization\",\"@id\":\"https:\/\/www.mastercam.com\/sv\/#organization\",\"name\":\"Mastercam\",\"url\":\"https:\/\/www.mastercam.com\/sv\/\",\"logo\":{\"@type\":\"ImageObject\",\"inLanguage\":\"sv-SE\",\"@id\":\"https:\/\/www.mastercam.com\/sv\/#\/schema\/logo\/image\/\",\"url\":\"https:\/\/www.mastercam.com\/wp-content\/uploads\/2023\/02\/MC_logo.svg\",\"contentUrl\":\"https:\/\/www.mastercam.com\/wp-content\/uploads\/2023\/02\/MC_logo.svg\",\"width\":230,\"height\":40,\"caption\":\"Mastercam\"},\"image\":{\"@id\":\"https:\/\/www.mastercam.com\/sv\/#\/schema\/logo\/image\/\"},\"sameAs\":[\"https:\/\/www.facebook.com\/Mastercam\/\",\"https:\/\/x.com\/mastercam\",\"https:\/\/www.linkedin.com\/company\/mastercam\",\"https:\/\/www.youtube.com\/channel\/UChJt5ruSkqnmFH44WsXVZLw\",\"https:\/\/www.instagram.com\/mastercam\/\"]}]}<\/script>\n<!-- \/ Yoast SEO plugin. -->","yoast_head_json":{"title":"Industrier som anv\u00e4nder v\u00e5r programvara | Mastercam","description":"Mastercam \u00e4r CAD\/CAM-programvaran #1 som anv\u00e4nds \u00f6ver hela v\u00e4rlden i en m\u00e4ngd olika tillverkningsindustrier. L\u00e4s mer om hur vi hanterar utmanande produktivitetskrav.","robots":{"index":"index","follow":"follow","max-snippet":"max-snippet:-1","max-image-preview":"max-image-preview:large","max-video-preview":"max-video-preview:-1"},"canonical":"https:\/\/www.mastercam.com\/sv\/losningar\/industriell\/","og_locale":"sv_SE","og_type":"article","og_title":"Industrier som anv\u00e4nder v\u00e5r programvara | Mastercam","og_description":"Mastercam \u00e4r CAD\/CAM-programvaran #1 som anv\u00e4nds \u00f6ver hela v\u00e4rlden i en m\u00e4ngd olika tillverkningsindustrier. L\u00e4s mer om hur vi hanterar utmanande produktivitetskrav.","og_url":"https:\/\/www.mastercam.com\/sv\/losningar\/industriell\/","og_site_name":"mastercam.com","article_publisher":"https:\/\/www.facebook.com\/Mastercam\/","article_modified_time":"2026-01-16T16:16:08+00:00","og_image":[{"width":1200,"height":675,"url":"https:\/\/www.mastercam.com\/wp-content\/uploads\/2024\/02\/drill-wide-photo-1200x675-1.jpg","type":"image\/jpeg"}],"twitter_card":"summary_large_image","twitter_site":"@mastercam","schema":{"@context":"https:\/\/schema.org","@graph":[{"@type":"WebPage","@id":"https:\/\/www.mastercam.com\/sv\/losningar\/industriell\/","url":"https:\/\/www.mastercam.com\/sv\/losningar\/industriell\/","name":"Industrier som anv\u00e4nder v\u00e5r programvara | Mastercam","isPartOf":{"@id":"https:\/\/www.mastercam.com\/sv\/#website"},"datePublished":"2023-01-13T00:55:57+00:00","dateModified":"2026-01-16T16:16:08+00:00","description":"Mastercam \u00e4r CAD\/CAM-programvaran #1 som anv\u00e4nds \u00f6ver hela v\u00e4rlden i en m\u00e4ngd olika tillverkningsindustrier. L\u00e4s mer om hur vi hanterar utmanande produktivitetskrav.","breadcrumb":{"@id":"https:\/\/www.mastercam.com\/sv\/losningar\/industriell\/#breadcrumb"},"inLanguage":"sv-SE","potentialAction":[{"@type":"ReadAction","target":["https:\/\/www.mastercam.com\/sv\/losningar\/industriell\/"]}]},{"@type":"BreadcrumbList","@id":"https:\/\/www.mastercam.com\/sv\/losningar\/industriell\/#breadcrumb","itemListElement":[{"@type":"ListItem","position":1,"name":"Home","item":"https:\/\/www.mastercam.com\/sv\/"},{"@type":"ListItem","position":2,"name":"L\u00f6sningar","item":"https:\/\/www.mastercam.com\/sv\/losningar\/"},{"@type":"ListItem","position":3,"name":"Industriell"}]},{"@type":"WebSite","@id":"https:\/\/www.mastercam.com\/sv\/#website","url":"https:\/\/www.mastercam.com\/sv\/","name":"Mastercam","description":"Creating software and services that solve the world&#039;s manufacturing challenges","publisher":{"@id":"https:\/\/www.mastercam.com\/sv\/#organization"},"potentialAction":[{"@type":"SearchAction","target":{"@type":"EntryPoint","urlTemplate":"https:\/\/www.mastercam.com\/sv\/?s={search_term_string}"},"query-input":{"@type":"PropertyValueSpecification","valueRequired":true,"valueName":"search_term_string"}}],"inLanguage":"sv-SE"},{"@type":"Organization","@id":"https:\/\/www.mastercam.com\/sv\/#organization","name":"Mastercam","url":"https:\/\/www.mastercam.com\/sv\/","logo":{"@type":"ImageObject","inLanguage":"sv-SE","@id":"https:\/\/www.mastercam.com\/sv\/#\/schema\/logo\/image\/","url":"https:\/\/www.mastercam.com\/wp-content\/uploads\/2023\/02\/MC_logo.svg","contentUrl":"https:\/\/www.mastercam.com\/wp-content\/uploads\/2023\/02\/MC_logo.svg","width":230,"height":40,"caption":"Mastercam"},"image":{"@id":"https:\/\/www.mastercam.com\/sv\/#\/schema\/logo\/image\/"},"sameAs":["https:\/\/www.facebook.com\/Mastercam\/","https:\/\/x.com\/mastercam","https:\/\/www.linkedin.com\/company\/mastercam","https:\/\/www.youtube.com\/channel\/UChJt5ruSkqnmFH44WsXVZLw","https:\/\/www.instagram.com\/mastercam\/"]}]}},"_links":{"self":[{"href":"https:\/\/www.mastercam.com\/sv\/wp-json\/wp\/v2\/pages\/36577","targetHints":{"allow":["GET"]}}],"collection":[{"href":"https:\/\/www.mastercam.com\/sv\/wp-json\/wp\/v2\/pages"}],"about":[{"href":"https:\/\/www.mastercam.com\/sv\/wp-json\/wp\/v2\/types\/page"}],"author":[{"embeddable":true,"href":"https:\/\/www.mastercam.com\/sv\/wp-json\/wp\/v2\/users\/1"}],"replies":[{"embeddable":true,"href":"https:\/\/www.mastercam.com\/sv\/wp-json\/wp\/v2\/comments?post=36577"}],"version-history":[{"count":0,"href":"https:\/\/www.mastercam.com\/sv\/wp-json\/wp\/v2\/pages\/36577\/revisions"}],"up":[{"embeddable":true,"href":"https:\/\/www.mastercam.com\/sv\/wp-json\/wp\/v2\/pages\/36527"}],"wp:attachment":[{"href":"https:\/\/www.mastercam.com\/sv\/wp-json\/wp\/v2\/media?parent=36577"}],"curies":[{"name":"wp","href":"https:\/\/api.w.org\/{rel}","templated":true}]}}