{"id":36478,"date":"2023-01-11T21:21:32","date_gmt":"2023-01-12T02:21:32","guid":{"rendered":"https:\/\/www.mastercam.com\/hur-man-koper\/"},"modified":"2026-01-16T11:19:39","modified_gmt":"2026-01-16T16:19:39","slug":"hur-man-koper","status":"publish","type":"page","link":"https:\/\/www.mastercam.com\/sv\/hur-man-koper\/","title":{"rendered":"Hur man k\u00f6per"},"content":{"rendered":"<div class=\"hero__breadcrumbs\">\n    <div class=\"container-fluid\">\n      <div class=\"row\">\n        <div class=\"col\">\n          <nav aria-label=\"breadcrumbs\"><ol class=\"breadcrumb\"><li><a href=\"https:\/\/www.mastercam.com\/sv\/\">Home<\/a><\/li><\/ol><\/nav>\n        <\/div>\n      <\/div>\n    <\/div>\n  <\/div>\n\n<div class=\"hero hero--minimal wp-block-acf-block-hero\">\n  <div class=\"container-fluid\">\n    <div class=\"row align-items-center\">\n      \n      \n      \n      <div class=\"col-12 col-lg-7 order-2 order-lg-2 hero__content-column\">\n        <div class=\"hero__content\">\n                      <h1 class=\"hero__heading\">\n              \n              Hur man k\u00f6per\n            <\/h1>\n          \n          \n          \n          \n          \n                  <\/div>\n      <\/div>\n    <\/div>\n  <\/div>\n<\/div>\n\n<div class=\"wp-block-columns is-style-container is-layout-flex wp-container-core-columns-is-layout-28f84493 wp-block-columns-is-layout-flex\">\n<div class=\"wp-block-column is-layout-flow wp-block-column-is-layout-flow\">\n<div class=\"wp-block-columns is-style-container is-layout-flex wp-container-core-columns-is-layout-28f84493 wp-block-columns-is-layout-flex\">\n<div class=\"wp-block-column is-layout-flow wp-block-column-is-layout-flow\" style=\"flex-basis:66%\">\n<h2 class=\"wp-block-heading h2--underline\">Hitta en Mastercam-representant<\/h2>\n\n\n\n<p>Mastercam begr\u00e4nsar dig inte till tillverkning p\u00e5 v\u00e5ra villkor. Vi g\u00f6r Mastercam tillg\u00e4ngligt s\u00e5 att du kan arbeta p\u00e5 dina villkor. Vi har flexibla licensalternativ f\u00f6r att s\u00e4kerst\u00e4lla att du har tillg\u00e5ng till prestanda, produktivitet, partnerskap och framsteg i v\u00e5r branschledande CAD\/CAM-programvara. Vi hj\u00e4lper dig att identifiera de b\u00e4sta alternativen f\u00f6r ditt f\u00f6retag, fr\u00e5n programvarupaket och licensalternativ till betalningsvillkor.   <\/p>\n\n\n\n<script charset=\"utf-8\" type=\"text\/javascript\" src=\"\/\/js.hsforms.net\/forms\/embed\/v2.js\"><\/script><script>hbspt.forms.create({\n    portalId: \"3375755\",\n    formId: \"e5ea729e-48d3-47e6-b43c-e60f51db2a43\"\n  });\n<\/script>\n<\/div>\n<\/div>\n\n\n\n<h2 class=\"wp-block-heading h2--underline\" style=\"padding-top:var(--wp--preset--spacing--6)\">Alternativ f\u00f6r licensiering<\/h2>\n\n\n\n<p>Oavsett om du letar efter en prisv\u00e4rd entry eller alternativ f\u00f6r att skala upp din teknik i linje med din verkstadsgolv, aff\u00e4rsstrategier och finansiella krav, kan du r\u00e4kna med Mastercam f\u00f6r support.<\/p>\n\n\n\n<p>Nedan beskrivs de tv\u00e5 licensalternativ som vi erbjuder.<\/p>\n\n\n<div class=\"container-fluid align wp-block-acf-block-icon-ctas\">\n  \n      <div class=\"row icon-ctas\">\n              \n                  <div class=\"icon-ctas__item col-12 col-md-6 icon-ctas__item--horizontal\">\n            <div class=\"card h-100\">\n\n              \n                              <div class=\"icon-image-container\">\n                  <img decoding=\"async\"\n                    src=\"https:\/\/www.mastercam.com\/wp-content\/uploads\/2025\/11\/no3-icon.svg\"\n                    alt=\"Icon with number 1\"\n                  >\n                <\/div>\n              \n              <div class=\"card-content\">\n                \n                <div class=\"card-title h3\">\n                  Prenumerationslicens\n                <\/div>\n\n                \n                                  <div class=\"card-text lead\">\n                    <p>Prenumerationslicensiering ger en l\u00e4gre kostnad i f\u00f6rskott. Det inneb\u00e4r att man hyr en licens under en period i st\u00e4llet f\u00f6r att betala f\u00f6r en evig licens direkt. Detta ger flexibilitet med l\u00e4gre, f\u00f6ruts\u00e4gbara betalningar f\u00f6r att f\u00e5 tillg\u00e5ng till produktivitetsf\u00f6rdelarna med Mastercams branschledande CAD\/CAM-programvara. Du f\u00e5r ocks\u00e5 f\u00f6rdelarna med exklusivt inneh\u00e5ll fr\u00e5n Mastercam University och tillg\u00e5ng till Mastercam Tech Exchange.   <\/p>\n\n                  <\/div>\n                \n                \n                              <\/div>\n\n            <\/div>\n          <\/div>\n                      \n                  <div class=\"icon-ctas__item col-12 col-md-6 icon-ctas__item--horizontal\">\n            <div class=\"card h-100\">\n\n              \n                              <div class=\"icon-image-container\">\n                  <img decoding=\"async\"\n                    src=\"https:\/\/www.mastercam.com\/wp-content\/uploads\/2025\/11\/no2-icon.svg\"\n                    alt=\"Icon with number 2\"\n                  >\n                <\/div>\n              \n              <div class=\"card-content\">\n                \n                <div class=\"card-title h3\">\n                  Evig licens\n                <\/div>\n\n                \n                                  <div class=\"card-text lead\">\n                    <p>En evig licens f\u00f6r att anv\u00e4nda Mastercam ger ett l\u00e4gre pris \u00f6ver tiden. Detta \u00e4r en programvarulicens f\u00f6r Mastercam, kombinerad med Mastercam CONNECT f\u00f6r att ge dig m\u00f6jlighet att uppgradera till den senaste versionen av Mastercam under hela underh\u00e5llsperioden. Detta ger kostnadsbesparingar f\u00f6r anv\u00e4ndare med l\u00e5ngsiktiga planerings- och budgeteringsm\u00f6jligheter.  <\/p>\n\n                  <\/div>\n                \n                \n                                  <div class=\"card-footer\">\n                    <a href=\"https:\/\/www.mastercam.com\/sv\/stod\/mastercam-connect\/\" class=\"btn btn-outline-secondary mb-5 mb-lg-0\" target=\"\">\n                      Mastercam CONNECT\n                    <\/a>\n                  <\/div>\n                              <\/div>\n\n            <\/div>\n          <\/div>\n                  <\/div>\n  <\/div>\n<\/div>\n<\/div>\n","protected":false},"excerpt":{"rendered":"<p>Hitta en Mastercam-representant Mastercam begr\u00e4nsar dig inte till tillverkning p\u00e5 v\u00e5ra villkor. Vi g\u00f6r Mastercam [&hellip;]<\/p>\n","protected":false},"author":1,"featured_media":36218,"parent":0,"menu_order":0,"comment_status":"closed","ping_status":"closed","template":"","meta":{"_acf_changed":false,"footnotes":""},"class_list":["post-36478","page","type-page","status-publish","has-post-thumbnail","hentry"],"acf":[],"yoast_head":"<!-- This site is optimized with the Yoast SEO plugin v26.8 - https:\/\/yoast.com\/product\/yoast-seo-wordpress\/ -->\n<title>Hur man k\u00f6per CAD\/CAM-programvara | Mastercam<\/title>\n<meta name=\"description\" content=\"Vill du k\u00f6pa v\u00e4rldens ledande CAD\/CAM-programvara? Utforska de ink\u00f6ps- och licensalternativ som b\u00e4st passar dina behov idag.\" \/>\n<meta name=\"robots\" content=\"index, follow, max-snippet:-1, max-image-preview:large, max-video-preview:-1\" \/>\n<link rel=\"canonical\" href=\"https:\/\/www.mastercam.com\/sv\/hur-man-koper\/\" \/>\n<meta property=\"og:locale\" content=\"sv_SE\" \/>\n<meta property=\"og:type\" content=\"article\" \/>\n<meta property=\"og:title\" content=\"Hur man k\u00f6per CAD\/CAM-programvara | Mastercam\" \/>\n<meta property=\"og:description\" content=\"Vill du k\u00f6pa v\u00e4rldens ledande CAD\/CAM-programvara? Utforska de ink\u00f6ps- och licensalternativ som b\u00e4st passar dina behov idag.\" \/>\n<meta property=\"og:url\" content=\"https:\/\/www.mastercam.com\/sv\/hur-man-koper\/\" \/>\n<meta property=\"og:site_name\" content=\"mastercam.com\" \/>\n<meta property=\"article:publisher\" content=\"https:\/\/www.facebook.com\/Mastercam\/\" \/>\n<meta property=\"article:modified_time\" content=\"2026-01-16T16:19:39+00:00\" \/>\n<meta property=\"og:image\" content=\"https:\/\/www.mastercam.com\/wp-content\/uploads\/2025\/10\/Picture1-e1761057463382.jpg\" \/>\n\t<meta property=\"og:image:width\" content=\"1880\" \/>\n\t<meta property=\"og:image:height\" content=\"1635\" \/>\n\t<meta property=\"og:image:type\" content=\"image\/jpeg\" \/>\n<meta name=\"twitter:card\" content=\"summary_large_image\" \/>\n<meta name=\"twitter:site\" content=\"@mastercam\" \/>\n<meta name=\"twitter:label1\" content=\"Est. reading time\" \/>\n\t<meta name=\"twitter:data1\" content=\"1 minute\" \/>\n<script type=\"application\/ld+json\" class=\"yoast-schema-graph\">{\"@context\":\"https:\/\/schema.org\",\"@graph\":[{\"@type\":\"WebPage\",\"@id\":\"https:\/\/www.mastercam.com\/sv\/hur-man-koper\/\",\"url\":\"https:\/\/www.mastercam.com\/sv\/hur-man-koper\/\",\"name\":\"Hur man k\u00f6per CAD\/CAM-programvara | Mastercam\",\"isPartOf\":{\"@id\":\"https:\/\/www.mastercam.com\/sv\/#website\"},\"primaryImageOfPage\":{\"@id\":\"https:\/\/www.mastercam.com\/sv\/hur-man-koper\/#primaryimage\"},\"image\":{\"@id\":\"https:\/\/www.mastercam.com\/sv\/hur-man-koper\/#primaryimage\"},\"thumbnailUrl\":\"https:\/\/www.mastercam.com\/wp-content\/uploads\/2025\/10\/Picture1-e1761057463382.jpg\",\"datePublished\":\"2023-01-12T02:21:32+00:00\",\"dateModified\":\"2026-01-16T16:19:39+00:00\",\"description\":\"Vill du k\u00f6pa v\u00e4rldens ledande CAD\/CAM-programvara? Utforska de ink\u00f6ps- och licensalternativ som b\u00e4st passar dina behov idag.\",\"breadcrumb\":{\"@id\":\"https:\/\/www.mastercam.com\/sv\/hur-man-koper\/#breadcrumb\"},\"inLanguage\":\"sv-SE\",\"potentialAction\":[{\"@type\":\"ReadAction\",\"target\":[\"https:\/\/www.mastercam.com\/sv\/hur-man-koper\/\"]}]},{\"@type\":\"ImageObject\",\"inLanguage\":\"sv-SE\",\"@id\":\"https:\/\/www.mastercam.com\/sv\/hur-man-koper\/#primaryimage\",\"url\":\"https:\/\/www.mastercam.com\/wp-content\/uploads\/2025\/10\/Picture1-e1761057463382.jpg\",\"contentUrl\":\"https:\/\/www.mastercam.com\/wp-content\/uploads\/2025\/10\/Picture1-e1761057463382.jpg\",\"width\":1880,\"height\":1635},{\"@type\":\"BreadcrumbList\",\"@id\":\"https:\/\/www.mastercam.com\/sv\/hur-man-koper\/#breadcrumb\",\"itemListElement\":[{\"@type\":\"ListItem\",\"position\":1,\"name\":\"Home\",\"item\":\"https:\/\/www.mastercam.com\/sv\/\"},{\"@type\":\"ListItem\",\"position\":2,\"name\":\"Hur man k\u00f6per\"}]},{\"@type\":\"WebSite\",\"@id\":\"https:\/\/www.mastercam.com\/sv\/#website\",\"url\":\"https:\/\/www.mastercam.com\/sv\/\",\"name\":\"Mastercam\",\"description\":\"Creating software and services that solve the world&#039;s manufacturing challenges\",\"publisher\":{\"@id\":\"https:\/\/www.mastercam.com\/sv\/#organization\"},\"potentialAction\":[{\"@type\":\"SearchAction\",\"target\":{\"@type\":\"EntryPoint\",\"urlTemplate\":\"https:\/\/www.mastercam.com\/sv\/?s={search_term_string}\"},\"query-input\":{\"@type\":\"PropertyValueSpecification\",\"valueRequired\":true,\"valueName\":\"search_term_string\"}}],\"inLanguage\":\"sv-SE\"},{\"@type\":\"Organization\",\"@id\":\"https:\/\/www.mastercam.com\/sv\/#organization\",\"name\":\"Mastercam\",\"url\":\"https:\/\/www.mastercam.com\/sv\/\",\"logo\":{\"@type\":\"ImageObject\",\"inLanguage\":\"sv-SE\",\"@id\":\"https:\/\/www.mastercam.com\/sv\/#\/schema\/logo\/image\/\",\"url\":\"https:\/\/www.mastercam.com\/wp-content\/uploads\/2023\/02\/MC_logo.svg\",\"contentUrl\":\"https:\/\/www.mastercam.com\/wp-content\/uploads\/2023\/02\/MC_logo.svg\",\"width\":230,\"height\":40,\"caption\":\"Mastercam\"},\"image\":{\"@id\":\"https:\/\/www.mastercam.com\/sv\/#\/schema\/logo\/image\/\"},\"sameAs\":[\"https:\/\/www.facebook.com\/Mastercam\/\",\"https:\/\/x.com\/mastercam\",\"https:\/\/www.linkedin.com\/company\/mastercam\",\"https:\/\/www.youtube.com\/channel\/UChJt5ruSkqnmFH44WsXVZLw\",\"https:\/\/www.instagram.com\/mastercam\/\"]}]}<\/script>\n<!-- \/ Yoast SEO plugin. -->","yoast_head_json":{"title":"Hur man k\u00f6per CAD\/CAM-programvara | Mastercam","description":"Vill du k\u00f6pa v\u00e4rldens ledande CAD\/CAM-programvara? Utforska de ink\u00f6ps- och licensalternativ som b\u00e4st passar dina behov idag.","robots":{"index":"index","follow":"follow","max-snippet":"max-snippet:-1","max-image-preview":"max-image-preview:large","max-video-preview":"max-video-preview:-1"},"canonical":"https:\/\/www.mastercam.com\/sv\/hur-man-koper\/","og_locale":"sv_SE","og_type":"article","og_title":"Hur man k\u00f6per CAD\/CAM-programvara | Mastercam","og_description":"Vill du k\u00f6pa v\u00e4rldens ledande CAD\/CAM-programvara? Utforska de ink\u00f6ps- och licensalternativ som b\u00e4st passar dina behov idag.","og_url":"https:\/\/www.mastercam.com\/sv\/hur-man-koper\/","og_site_name":"mastercam.com","article_publisher":"https:\/\/www.facebook.com\/Mastercam\/","article_modified_time":"2026-01-16T16:19:39+00:00","og_image":[{"width":1880,"height":1635,"url":"https:\/\/www.mastercam.com\/wp-content\/uploads\/2025\/10\/Picture1-e1761057463382.jpg","type":"image\/jpeg"}],"twitter_card":"summary_large_image","twitter_site":"@mastercam","twitter_misc":{"Est. reading time":"1 minute"},"schema":{"@context":"https:\/\/schema.org","@graph":[{"@type":"WebPage","@id":"https:\/\/www.mastercam.com\/sv\/hur-man-koper\/","url":"https:\/\/www.mastercam.com\/sv\/hur-man-koper\/","name":"Hur man k\u00f6per CAD\/CAM-programvara | Mastercam","isPartOf":{"@id":"https:\/\/www.mastercam.com\/sv\/#website"},"primaryImageOfPage":{"@id":"https:\/\/www.mastercam.com\/sv\/hur-man-koper\/#primaryimage"},"image":{"@id":"https:\/\/www.mastercam.com\/sv\/hur-man-koper\/#primaryimage"},"thumbnailUrl":"https:\/\/www.mastercam.com\/wp-content\/uploads\/2025\/10\/Picture1-e1761057463382.jpg","datePublished":"2023-01-12T02:21:32+00:00","dateModified":"2026-01-16T16:19:39+00:00","description":"Vill du k\u00f6pa v\u00e4rldens ledande CAD\/CAM-programvara? Utforska de ink\u00f6ps- och licensalternativ som b\u00e4st passar dina behov idag.","breadcrumb":{"@id":"https:\/\/www.mastercam.com\/sv\/hur-man-koper\/#breadcrumb"},"inLanguage":"sv-SE","potentialAction":[{"@type":"ReadAction","target":["https:\/\/www.mastercam.com\/sv\/hur-man-koper\/"]}]},{"@type":"ImageObject","inLanguage":"sv-SE","@id":"https:\/\/www.mastercam.com\/sv\/hur-man-koper\/#primaryimage","url":"https:\/\/www.mastercam.com\/wp-content\/uploads\/2025\/10\/Picture1-e1761057463382.jpg","contentUrl":"https:\/\/www.mastercam.com\/wp-content\/uploads\/2025\/10\/Picture1-e1761057463382.jpg","width":1880,"height":1635},{"@type":"BreadcrumbList","@id":"https:\/\/www.mastercam.com\/sv\/hur-man-koper\/#breadcrumb","itemListElement":[{"@type":"ListItem","position":1,"name":"Home","item":"https:\/\/www.mastercam.com\/sv\/"},{"@type":"ListItem","position":2,"name":"Hur man k\u00f6per"}]},{"@type":"WebSite","@id":"https:\/\/www.mastercam.com\/sv\/#website","url":"https:\/\/www.mastercam.com\/sv\/","name":"Mastercam","description":"Creating software and services that solve the world&#039;s manufacturing challenges","publisher":{"@id":"https:\/\/www.mastercam.com\/sv\/#organization"},"potentialAction":[{"@type":"SearchAction","target":{"@type":"EntryPoint","urlTemplate":"https:\/\/www.mastercam.com\/sv\/?s={search_term_string}"},"query-input":{"@type":"PropertyValueSpecification","valueRequired":true,"valueName":"search_term_string"}}],"inLanguage":"sv-SE"},{"@type":"Organization","@id":"https:\/\/www.mastercam.com\/sv\/#organization","name":"Mastercam","url":"https:\/\/www.mastercam.com\/sv\/","logo":{"@type":"ImageObject","inLanguage":"sv-SE","@id":"https:\/\/www.mastercam.com\/sv\/#\/schema\/logo\/image\/","url":"https:\/\/www.mastercam.com\/wp-content\/uploads\/2023\/02\/MC_logo.svg","contentUrl":"https:\/\/www.mastercam.com\/wp-content\/uploads\/2023\/02\/MC_logo.svg","width":230,"height":40,"caption":"Mastercam"},"image":{"@id":"https:\/\/www.mastercam.com\/sv\/#\/schema\/logo\/image\/"},"sameAs":["https:\/\/www.facebook.com\/Mastercam\/","https:\/\/x.com\/mastercam","https:\/\/www.linkedin.com\/company\/mastercam","https:\/\/www.youtube.com\/channel\/UChJt5ruSkqnmFH44WsXVZLw","https:\/\/www.instagram.com\/mastercam\/"]}]}},"_links":{"self":[{"href":"https:\/\/www.mastercam.com\/sv\/wp-json\/wp\/v2\/pages\/36478","targetHints":{"allow":["GET"]}}],"collection":[{"href":"https:\/\/www.mastercam.com\/sv\/wp-json\/wp\/v2\/pages"}],"about":[{"href":"https:\/\/www.mastercam.com\/sv\/wp-json\/wp\/v2\/types\/page"}],"author":[{"embeddable":true,"href":"https:\/\/www.mastercam.com\/sv\/wp-json\/wp\/v2\/users\/1"}],"replies":[{"embeddable":true,"href":"https:\/\/www.mastercam.com\/sv\/wp-json\/wp\/v2\/comments?post=36478"}],"version-history":[{"count":0,"href":"https:\/\/www.mastercam.com\/sv\/wp-json\/wp\/v2\/pages\/36478\/revisions"}],"wp:featuredmedia":[{"embeddable":true,"href":"https:\/\/www.mastercam.com\/sv\/wp-json\/wp\/v2\/media\/36218"}],"wp:attachment":[{"href":"https:\/\/www.mastercam.com\/sv\/wp-json\/wp\/v2\/media?parent=36478"}],"curies":[{"name":"wp","href":"https:\/\/api.w.org\/{rel}","templated":true}]}}