{"id":36306,"date":"2023-01-31T19:04:52","date_gmt":"2023-02-01T00:04:52","guid":{"rendered":"https:\/\/www.mastercam.com\/framgangsrika-berattelser\/"},"modified":"2026-01-16T11:19:28","modified_gmt":"2026-01-16T16:19:28","slug":"framgangsrika-berattelser","status":"publish","type":"page","link":"https:\/\/www.mastercam.com\/sv\/framgangsrika-berattelser\/","title":{"rendered":"Framg\u00e5ngsrika ber\u00e4ttelser"},"content":{"rendered":"","protected":false},"excerpt":{"rendered":"","protected":false},"author":1,"featured_media":36307,"parent":0,"menu_order":0,"comment_status":"closed","ping_status":"closed","template":"case-study.blade.php","meta":{"_acf_changed":false,"footnotes":""},"class_list":["post-36306","page","type-page","status-publish","has-post-thumbnail","hentry"],"acf":[],"yoast_head":"<!-- This site is optimized with the Yoast SEO plugin v27.4 - https:\/\/yoast.com\/product\/yoast-seo-wordpress\/ -->\n<title>Framg\u00e5ngsrika ber\u00e4ttelser - mastercam.com<\/title>\n<meta name=\"description\" content=\"L\u00e4r dig hur Mastercam-produkter anv\u00e4nds av v\u00e5ra kunder i flera industriella branscher f\u00f6r att automatisera och effektivisera CNC-programmering f\u00f6r en m\u00e4ngd olika applikationer.\" \/>\n<meta name=\"robots\" content=\"index, follow, max-snippet:-1, max-image-preview:large, max-video-preview:-1\" \/>\n<link rel=\"canonical\" href=\"https:\/\/www.mastercam.com\/sv\/framgangsrika-berattelser\/\" \/>\n<meta property=\"og:locale\" content=\"sv_SE\" \/>\n<meta property=\"og:type\" content=\"article\" \/>\n<meta property=\"og:title\" content=\"Framg\u00e5ngsrika ber\u00e4ttelser - mastercam.com\" \/>\n<meta property=\"og:description\" content=\"L\u00e4r dig hur Mastercam-produkter anv\u00e4nds av v\u00e5ra kunder i flera industriella branscher f\u00f6r att automatisera och effektivisera CNC-programmering f\u00f6r en m\u00e4ngd olika applikationer.\" \/>\n<meta property=\"og:url\" content=\"https:\/\/www.mastercam.com\/sv\/framgangsrika-berattelser\/\" \/>\n<meta property=\"og:site_name\" content=\"mastercam.com\" \/>\n<meta property=\"article:publisher\" content=\"https:\/\/www.facebook.com\/Mastercam\/\" \/>\n<meta property=\"article:modified_time\" content=\"2026-01-16T16:19:28+00:00\" \/>\n<meta property=\"og:image\" content=\"https:\/\/www.mastercam.com\/wp-content\/uploads\/2025\/08\/man-at-laptop.jpg\" \/>\n<meta name=\"twitter:card\" content=\"summary_large_image\" \/>\n<meta name=\"twitter:image\" content=\"https:\/\/www.mastercam.com\/wp-content\/uploads\/2025\/08\/man-at-laptop.jpg\" \/>\n<meta name=\"twitter:site\" content=\"@mastercam\" \/>\n<script type=\"application\/ld+json\" class=\"yoast-schema-graph\">{\"@context\":\"https:\\\/\\\/schema.org\",\"@graph\":[{\"@type\":\"WebPage\",\"@id\":\"https:\\\/\\\/www.mastercam.com\\\/sv\\\/framgangsrika-berattelser\\\/\",\"url\":\"https:\\\/\\\/www.mastercam.com\\\/sv\\\/framgangsrika-berattelser\\\/\",\"name\":\"Framg\u00e5ngsrika ber\u00e4ttelser - mastercam.com\",\"isPartOf\":{\"@id\":\"https:\\\/\\\/www.mastercam.com\\\/sv\\\/#website\"},\"primaryImageOfPage\":{\"@id\":\"https:\\\/\\\/www.mastercam.com\\\/sv\\\/framgangsrika-berattelser\\\/#primaryimage\"},\"image\":{\"@id\":\"https:\\\/\\\/www.mastercam.com\\\/sv\\\/framgangsrika-berattelser\\\/#primaryimage\"},\"thumbnailUrl\":\"https:\\\/\\\/www.mastercam.com\\\/wp-content\\\/uploads\\\/2025\\\/11\\\/172A6145-scaled.jpg\",\"datePublished\":\"2023-02-01T00:04:52+00:00\",\"dateModified\":\"2026-01-16T16:19:28+00:00\",\"description\":\"L\u00e4r dig hur Mastercam-produkter anv\u00e4nds av v\u00e5ra kunder i flera industriella branscher f\u00f6r att automatisera och effektivisera CNC-programmering f\u00f6r en m\u00e4ngd olika applikationer.\",\"breadcrumb\":{\"@id\":\"https:\\\/\\\/www.mastercam.com\\\/sv\\\/framgangsrika-berattelser\\\/#breadcrumb\"},\"inLanguage\":\"sv-SE\",\"potentialAction\":[{\"@type\":\"ReadAction\",\"target\":[\"https:\\\/\\\/www.mastercam.com\\\/sv\\\/framgangsrika-berattelser\\\/\"]}]},{\"@type\":\"ImageObject\",\"inLanguage\":\"sv-SE\",\"@id\":\"https:\\\/\\\/www.mastercam.com\\\/sv\\\/framgangsrika-berattelser\\\/#primaryimage\",\"url\":\"https:\\\/\\\/www.mastercam.com\\\/wp-content\\\/uploads\\\/2025\\\/11\\\/172A6145-scaled.jpg\",\"contentUrl\":\"https:\\\/\\\/www.mastercam.com\\\/wp-content\\\/uploads\\\/2025\\\/11\\\/172A6145-scaled.jpg\",\"width\":2560,\"height\":1708,\"caption\":\"man i en maskinverkstad st\u00e5r framf\u00f6r utrustning med armarna i kors\"},{\"@type\":\"BreadcrumbList\",\"@id\":\"https:\\\/\\\/www.mastercam.com\\\/sv\\\/framgangsrika-berattelser\\\/#breadcrumb\",\"itemListElement\":[{\"@type\":\"ListItem\",\"position\":1,\"name\":\"Home\",\"item\":\"https:\\\/\\\/www.mastercam.com\\\/sv\\\/\"},{\"@type\":\"ListItem\",\"position\":2,\"name\":\"Framg\u00e5ngsrika ber\u00e4ttelser\"}]},{\"@type\":\"WebSite\",\"@id\":\"https:\\\/\\\/www.mastercam.com\\\/sv\\\/#website\",\"url\":\"https:\\\/\\\/www.mastercam.com\\\/sv\\\/\",\"name\":\"Mastercam\",\"description\":\"Creating software and services that solve the world&#039;s manufacturing challenges\",\"publisher\":{\"@id\":\"https:\\\/\\\/www.mastercam.com\\\/sv\\\/#organization\"},\"potentialAction\":[{\"@type\":\"SearchAction\",\"target\":{\"@type\":\"EntryPoint\",\"urlTemplate\":\"https:\\\/\\\/www.mastercam.com\\\/sv\\\/?s={search_term_string}\"},\"query-input\":{\"@type\":\"PropertyValueSpecification\",\"valueRequired\":true,\"valueName\":\"search_term_string\"}}],\"inLanguage\":\"sv-SE\"},{\"@type\":\"Organization\",\"@id\":\"https:\\\/\\\/www.mastercam.com\\\/sv\\\/#organization\",\"name\":\"Mastercam\",\"url\":\"https:\\\/\\\/www.mastercam.com\\\/sv\\\/\",\"logo\":{\"@type\":\"ImageObject\",\"inLanguage\":\"sv-SE\",\"@id\":\"https:\\\/\\\/www.mastercam.com\\\/sv\\\/#\\\/schema\\\/logo\\\/image\\\/\",\"url\":\"https:\\\/\\\/www.mastercam.com\\\/wp-content\\\/uploads\\\/2023\\\/02\\\/MC_logo.svg\",\"contentUrl\":\"https:\\\/\\\/www.mastercam.com\\\/wp-content\\\/uploads\\\/2023\\\/02\\\/MC_logo.svg\",\"width\":230,\"height\":40,\"caption\":\"Mastercam\"},\"image\":{\"@id\":\"https:\\\/\\\/www.mastercam.com\\\/sv\\\/#\\\/schema\\\/logo\\\/image\\\/\"},\"sameAs\":[\"https:\\\/\\\/www.facebook.com\\\/Mastercam\\\/\",\"https:\\\/\\\/x.com\\\/mastercam\",\"https:\\\/\\\/www.linkedin.com\\\/company\\\/mastercam\",\"https:\\\/\\\/www.youtube.com\\\/channel\\\/UChJt5ruSkqnmFH44WsXVZLw\",\"https:\\\/\\\/www.instagram.com\\\/mastercam\\\/\"]}]}<\/script>\n<!-- \/ Yoast SEO plugin. -->","yoast_head_json":{"title":"Framg\u00e5ngsrika ber\u00e4ttelser - mastercam.com","description":"L\u00e4r dig hur Mastercam-produkter anv\u00e4nds av v\u00e5ra kunder i flera industriella branscher f\u00f6r att automatisera och effektivisera CNC-programmering f\u00f6r en m\u00e4ngd olika applikationer.","robots":{"index":"index","follow":"follow","max-snippet":"max-snippet:-1","max-image-preview":"max-image-preview:large","max-video-preview":"max-video-preview:-1"},"canonical":"https:\/\/www.mastercam.com\/sv\/framgangsrika-berattelser\/","og_locale":"sv_SE","og_type":"article","og_title":"Framg\u00e5ngsrika ber\u00e4ttelser - mastercam.com","og_description":"L\u00e4r dig hur Mastercam-produkter anv\u00e4nds av v\u00e5ra kunder i flera industriella branscher f\u00f6r att automatisera och effektivisera CNC-programmering f\u00f6r en m\u00e4ngd olika applikationer.","og_url":"https:\/\/www.mastercam.com\/sv\/framgangsrika-berattelser\/","og_site_name":"mastercam.com","article_publisher":"https:\/\/www.facebook.com\/Mastercam\/","article_modified_time":"2026-01-16T16:19:28+00:00","og_image":[{"url":"https:\/\/www.mastercam.com\/wp-content\/uploads\/2025\/08\/man-at-laptop.jpg","type":"","width":"","height":""}],"twitter_card":"summary_large_image","twitter_image":"https:\/\/www.mastercam.com\/wp-content\/uploads\/2025\/08\/man-at-laptop.jpg","twitter_site":"@mastercam","schema":{"@context":"https:\/\/schema.org","@graph":[{"@type":"WebPage","@id":"https:\/\/www.mastercam.com\/sv\/framgangsrika-berattelser\/","url":"https:\/\/www.mastercam.com\/sv\/framgangsrika-berattelser\/","name":"Framg\u00e5ngsrika ber\u00e4ttelser - mastercam.com","isPartOf":{"@id":"https:\/\/www.mastercam.com\/sv\/#website"},"primaryImageOfPage":{"@id":"https:\/\/www.mastercam.com\/sv\/framgangsrika-berattelser\/#primaryimage"},"image":{"@id":"https:\/\/www.mastercam.com\/sv\/framgangsrika-berattelser\/#primaryimage"},"thumbnailUrl":"https:\/\/www.mastercam.com\/wp-content\/uploads\/2025\/11\/172A6145-scaled.jpg","datePublished":"2023-02-01T00:04:52+00:00","dateModified":"2026-01-16T16:19:28+00:00","description":"L\u00e4r dig hur Mastercam-produkter anv\u00e4nds av v\u00e5ra kunder i flera industriella branscher f\u00f6r att automatisera och effektivisera CNC-programmering f\u00f6r en m\u00e4ngd olika applikationer.","breadcrumb":{"@id":"https:\/\/www.mastercam.com\/sv\/framgangsrika-berattelser\/#breadcrumb"},"inLanguage":"sv-SE","potentialAction":[{"@type":"ReadAction","target":["https:\/\/www.mastercam.com\/sv\/framgangsrika-berattelser\/"]}]},{"@type":"ImageObject","inLanguage":"sv-SE","@id":"https:\/\/www.mastercam.com\/sv\/framgangsrika-berattelser\/#primaryimage","url":"https:\/\/www.mastercam.com\/wp-content\/uploads\/2025\/11\/172A6145-scaled.jpg","contentUrl":"https:\/\/www.mastercam.com\/wp-content\/uploads\/2025\/11\/172A6145-scaled.jpg","width":2560,"height":1708,"caption":"man i en maskinverkstad st\u00e5r framf\u00f6r utrustning med armarna i kors"},{"@type":"BreadcrumbList","@id":"https:\/\/www.mastercam.com\/sv\/framgangsrika-berattelser\/#breadcrumb","itemListElement":[{"@type":"ListItem","position":1,"name":"Home","item":"https:\/\/www.mastercam.com\/sv\/"},{"@type":"ListItem","position":2,"name":"Framg\u00e5ngsrika ber\u00e4ttelser"}]},{"@type":"WebSite","@id":"https:\/\/www.mastercam.com\/sv\/#website","url":"https:\/\/www.mastercam.com\/sv\/","name":"Mastercam","description":"Creating software and services that solve the world&#039;s manufacturing challenges","publisher":{"@id":"https:\/\/www.mastercam.com\/sv\/#organization"},"potentialAction":[{"@type":"SearchAction","target":{"@type":"EntryPoint","urlTemplate":"https:\/\/www.mastercam.com\/sv\/?s={search_term_string}"},"query-input":{"@type":"PropertyValueSpecification","valueRequired":true,"valueName":"search_term_string"}}],"inLanguage":"sv-SE"},{"@type":"Organization","@id":"https:\/\/www.mastercam.com\/sv\/#organization","name":"Mastercam","url":"https:\/\/www.mastercam.com\/sv\/","logo":{"@type":"ImageObject","inLanguage":"sv-SE","@id":"https:\/\/www.mastercam.com\/sv\/#\/schema\/logo\/image\/","url":"https:\/\/www.mastercam.com\/wp-content\/uploads\/2023\/02\/MC_logo.svg","contentUrl":"https:\/\/www.mastercam.com\/wp-content\/uploads\/2023\/02\/MC_logo.svg","width":230,"height":40,"caption":"Mastercam"},"image":{"@id":"https:\/\/www.mastercam.com\/sv\/#\/schema\/logo\/image\/"},"sameAs":["https:\/\/www.facebook.com\/Mastercam\/","https:\/\/x.com\/mastercam","https:\/\/www.linkedin.com\/company\/mastercam","https:\/\/www.youtube.com\/channel\/UChJt5ruSkqnmFH44WsXVZLw","https:\/\/www.instagram.com\/mastercam\/"]}]}},"_links":{"self":[{"href":"https:\/\/www.mastercam.com\/sv\/wp-json\/wp\/v2\/pages\/36306","targetHints":{"allow":["GET"]}}],"collection":[{"href":"https:\/\/www.mastercam.com\/sv\/wp-json\/wp\/v2\/pages"}],"about":[{"href":"https:\/\/www.mastercam.com\/sv\/wp-json\/wp\/v2\/types\/page"}],"author":[{"embeddable":true,"href":"https:\/\/www.mastercam.com\/sv\/wp-json\/wp\/v2\/users\/1"}],"replies":[{"embeddable":true,"href":"https:\/\/www.mastercam.com\/sv\/wp-json\/wp\/v2\/comments?post=36306"}],"version-history":[{"count":0,"href":"https:\/\/www.mastercam.com\/sv\/wp-json\/wp\/v2\/pages\/36306\/revisions"}],"wp:featuredmedia":[{"embeddable":true,"href":"https:\/\/www.mastercam.com\/sv\/wp-json\/wp\/v2\/media\/36307"}],"wp:attachment":[{"href":"https:\/\/www.mastercam.com\/sv\/wp-json\/wp\/v2\/media?parent=36306"}],"curies":[{"name":"wp","href":"https:\/\/api.w.org\/{rel}","templated":true}]}}