{"id":36243,"date":"2026-01-02T08:04:10","date_gmt":"2026-01-02T13:04:10","guid":{"rendered":"https:\/\/www.mastercam.com\/mastercam-sverige\/"},"modified":"2026-01-29T11:53:35","modified_gmt":"2026-01-29T16:53:35","slug":"mastercam-sverige","status":"publish","type":"page","link":"https:\/\/www.mastercam.com\/sv\/nyheter\/mastercam-sverige\/","title":{"rendered":"Mastercam Sverige"},"content":{"rendered":"<figure class=\"wp-block-image size-full\"><img loading=\"lazy\" decoding=\"async\" width=\"2560\" height=\"578\" src=\"https:\/\/www.mastercam.com\/wp-content\/uploads\/2025\/12\/Mastercam-2Color-Logo-scaled.jpg\" alt=\"\" class=\"wp-image-34233\" srcset=\"https:\/\/www.mastercam.com\/wp-content\/uploads\/2025\/12\/Mastercam-2Color-Logo-scaled.jpg 2560w, https:\/\/www.mastercam.com\/wp-content\/uploads\/2025\/12\/Mastercam-2Color-Logo-300x68.jpg 300w, https:\/\/www.mastercam.com\/wp-content\/uploads\/2025\/12\/Mastercam-2Color-Logo-1024x231.jpg 1024w, https:\/\/www.mastercam.com\/wp-content\/uploads\/2025\/12\/Mastercam-2Color-Logo-768x173.jpg 768w, https:\/\/www.mastercam.com\/wp-content\/uploads\/2025\/12\/Mastercam-2Color-Logo-1536x347.jpg 1536w, https:\/\/www.mastercam.com\/wp-content\/uploads\/2025\/12\/Mastercam-2Color-Logo-2048x462.jpg 2048w, https:\/\/www.mastercam.com\/wp-content\/uploads\/2025\/12\/Mastercam-2Color-Logo-120x27.jpg 120w, https:\/\/www.mastercam.com\/wp-content\/uploads\/2025\/12\/Mastercam-2Color-Logo-240x54.jpg 240w, https:\/\/www.mastercam.com\/wp-content\/uploads\/2025\/12\/Mastercam-2Color-Logo-1063x240.jpg 1063w, https:\/\/www.mastercam.com\/wp-content\/uploads\/2025\/12\/Mastercam-2Color-Logo-1600x361.jpg 1600w\" sizes=\"auto, (max-width: 2560px) 100vw, 2560px\" \/><\/figure>\n\n<p>Alla tillverkare k\u00e4nner igen k\u00e4nslan. Den d\u00e4r stunden n\u00e4r ett projekt landar p\u00e5 ditt skrivbord och alla andra skakar p\u00e5 huvudet. F\u00f6r komplext. F\u00f6r sv\u00e5rt. F\u00f6r riskabelt. Vi p\u00e5 Mastercam lever f\u00f6r det \u00f6gonblicket.     <\/p>\n\n<p><\/p>\n\n<p>I \u00f6ver fyra decennier har <strong>Mastercams <\/strong>&hellip;<\/p>","protected":false},"excerpt":{"rendered":"<figure class=\"wp-block-image size-full\"><img loading=\"lazy\" decoding=\"async\" width=\"2560\" height=\"578\" src=\"https:\/\/www.mastercam.com\/wp-content\/uploads\/2025\/12\/Mastercam-2Color-Logo-scaled.jpg\" alt=\"\" class=\"wp-image-34233\" srcset=\"https:\/\/www.mastercam.com\/wp-content\/uploads\/2025\/12\/Mastercam-2Color-Logo-scaled.jpg 2560w, https:\/\/www.mastercam.com\/wp-content\/uploads\/2025\/12\/Mastercam-2Color-Logo-300x68.jpg 300w, https:\/\/www.mastercam.com\/wp-content\/uploads\/2025\/12\/Mastercam-2Color-Logo-1024x231.jpg 1024w, https:\/\/www.mastercam.com\/wp-content\/uploads\/2025\/12\/Mastercam-2Color-Logo-768x173.jpg 768w, https:\/\/www.mastercam.com\/wp-content\/uploads\/2025\/12\/Mastercam-2Color-Logo-1536x347.jpg 1536w, https:\/\/www.mastercam.com\/wp-content\/uploads\/2025\/12\/Mastercam-2Color-Logo-2048x462.jpg 2048w, https:\/\/www.mastercam.com\/wp-content\/uploads\/2025\/12\/Mastercam-2Color-Logo-120x27.jpg 120w, https:\/\/www.mastercam.com\/wp-content\/uploads\/2025\/12\/Mastercam-2Color-Logo-240x54.jpg 240w, https:\/\/www.mastercam.com\/wp-content\/uploads\/2025\/12\/Mastercam-2Color-Logo-1063x240.jpg 1063w, https:\/\/www.mastercam.com\/wp-content\/uploads\/2025\/12\/Mastercam-2Color-Logo-1600x361.jpg 1600w\" sizes=\"auto, (max-width: 2560px) 100vw, 2560px\" \/><\/figure>\n\n<p>Alla tillverkare k\u00e4nner igen k\u00e4nslan. Den d\u00e4r stunden n\u00e4r ett projekt landar p\u00e5 ditt skrivbord och alla andra skakar p\u00e5 huvudet. F\u00f6r komplext. F\u00f6r sv\u00e5rt. F\u00f6r riskabelt. Vi p\u00e5 Mastercam lever f\u00f6r det \u00f6gonblicket.     <\/p>\n\n<p><\/p>\n\n<p>I \u00f6ver fyra decennier har <strong>Mastercams <\/strong>&hellip;<\/p>","protected":false},"author":1,"featured_media":36245,"parent":36904,"menu_order":0,"comment_status":"closed","ping_status":"closed","template":"","meta":{"_acf_changed":false,"footnotes":""},"class_list":["post-36243","page","type-page","status-publish","has-post-thumbnail","hentry"],"acf":[],"yoast_head":"<!-- This site is optimized with the Yoast SEO plugin v26.8 - https:\/\/yoast.com\/product\/yoast-seo-wordpress\/ -->\n<title>Mastercam Sverige - mastercam.com%.<\/title>\n<meta name=\"description\" content=\"Advanced Mechanical Engineering AB (AME), v\u00e5r l\u00e5ngvariga kanalpartner i Sverige, \u00e4r nu officiellt en del av Mastercam och verkar som Mastercam Sverige. I\" \/>\n<meta name=\"robots\" content=\"index, follow, max-snippet:-1, max-image-preview:large, max-video-preview:-1\" \/>\n<link rel=\"canonical\" href=\"https:\/\/www.mastercam.com\/sv\/nyheter\/mastercam-sverige\/\" \/>\n<meta property=\"og:locale\" content=\"sv_SE\" \/>\n<meta property=\"og:type\" content=\"article\" \/>\n<meta property=\"og:title\" content=\"Mastercam Sverige - mastercam.com%.\" \/>\n<meta property=\"og:description\" content=\"Advanced Mechanical Engineering AB (AME), v\u00e5r l\u00e5ngvariga kanalpartner i Sverige, \u00e4r nu officiellt en del av Mastercam och verkar som Mastercam Sverige. I\" \/>\n<meta property=\"og:url\" content=\"https:\/\/www.mastercam.com\/sv\/nyheter\/mastercam-sverige\/\" \/>\n<meta property=\"og:site_name\" content=\"mastercam.com\" \/>\n<meta property=\"article:publisher\" content=\"https:\/\/www.facebook.com\/Mastercam\/\" \/>\n<meta property=\"article:modified_time\" content=\"2026-01-29T16:53:35+00:00\" \/>\n<meta property=\"og:image\" content=\"https:\/\/www.mastercam.com\/wp-content\/uploads\/2025\/12\/Sverige.png\" \/>\n\t<meta property=\"og:image:width\" content=\"960\" \/>\n\t<meta property=\"og:image:height\" content=\"540\" \/>\n\t<meta property=\"og:image:type\" content=\"image\/png\" \/>\n<meta name=\"twitter:card\" content=\"summary_large_image\" \/>\n<meta name=\"twitter:site\" content=\"@mastercam\" \/>\n<meta name=\"twitter:label1\" content=\"Est. reading time\" \/>\n\t<meta name=\"twitter:data1\" content=\"1 minute\" \/>\n<script type=\"application\/ld+json\" class=\"yoast-schema-graph\">{\"@context\":\"https:\/\/schema.org\",\"@graph\":[{\"@type\":\"WebPage\",\"@id\":\"https:\/\/www.mastercam.com\/sv\/nyheter\/mastercam-sverige\/\",\"url\":\"https:\/\/www.mastercam.com\/sv\/nyheter\/mastercam-sverige\/\",\"name\":\"Mastercam Sverige - mastercam.com%.\",\"isPartOf\":{\"@id\":\"https:\/\/www.mastercam.com\/sv\/#website\"},\"primaryImageOfPage\":{\"@id\":\"https:\/\/www.mastercam.com\/sv\/nyheter\/mastercam-sverige\/#primaryimage\"},\"image\":{\"@id\":\"https:\/\/www.mastercam.com\/sv\/nyheter\/mastercam-sverige\/#primaryimage\"},\"thumbnailUrl\":\"https:\/\/www.mastercam.com\/wp-content\/uploads\/2025\/12\/Sverige.png\",\"datePublished\":\"2026-01-02T13:04:10+00:00\",\"dateModified\":\"2026-01-29T16:53:35+00:00\",\"description\":\"Advanced Mechanical Engineering AB (AME), v\u00e5r l\u00e5ngvariga kanalpartner i Sverige, \u00e4r nu officiellt en del av Mastercam och verkar som Mastercam Sverige. I\",\"breadcrumb\":{\"@id\":\"https:\/\/www.mastercam.com\/sv\/nyheter\/mastercam-sverige\/#breadcrumb\"},\"inLanguage\":\"sv-SE\",\"potentialAction\":[{\"@type\":\"ReadAction\",\"target\":[\"https:\/\/www.mastercam.com\/sv\/nyheter\/mastercam-sverige\/\"]}]},{\"@type\":\"ImageObject\",\"inLanguage\":\"sv-SE\",\"@id\":\"https:\/\/www.mastercam.com\/sv\/nyheter\/mastercam-sverige\/#primaryimage\",\"url\":\"https:\/\/www.mastercam.com\/wp-content\/uploads\/2025\/12\/Sverige.png\",\"contentUrl\":\"https:\/\/www.mastercam.com\/wp-content\/uploads\/2025\/12\/Sverige.png\",\"width\":960,\"height\":540,\"caption\":\"AME \u00e4r nu Mastercam Sverige\"},{\"@type\":\"BreadcrumbList\",\"@id\":\"https:\/\/www.mastercam.com\/sv\/nyheter\/mastercam-sverige\/#breadcrumb\",\"itemListElement\":[{\"@type\":\"ListItem\",\"position\":1,\"name\":\"Home\",\"item\":\"https:\/\/www.mastercam.com\/sv\/\"},{\"@type\":\"ListItem\",\"position\":2,\"name\":\"Nyheter\",\"item\":\"https:\/\/www.mastercam.com\/sv\/nyheter\/\"},{\"@type\":\"ListItem\",\"position\":3,\"name\":\"Mastercam Sverige\"}]},{\"@type\":\"WebSite\",\"@id\":\"https:\/\/www.mastercam.com\/sv\/#website\",\"url\":\"https:\/\/www.mastercam.com\/sv\/\",\"name\":\"Mastercam\",\"description\":\"Creating software and services that solve the world&#039;s manufacturing challenges\",\"publisher\":{\"@id\":\"https:\/\/www.mastercam.com\/sv\/#organization\"},\"potentialAction\":[{\"@type\":\"SearchAction\",\"target\":{\"@type\":\"EntryPoint\",\"urlTemplate\":\"https:\/\/www.mastercam.com\/sv\/?s={search_term_string}\"},\"query-input\":{\"@type\":\"PropertyValueSpecification\",\"valueRequired\":true,\"valueName\":\"search_term_string\"}}],\"inLanguage\":\"sv-SE\"},{\"@type\":\"Organization\",\"@id\":\"https:\/\/www.mastercam.com\/sv\/#organization\",\"name\":\"Mastercam\",\"url\":\"https:\/\/www.mastercam.com\/sv\/\",\"logo\":{\"@type\":\"ImageObject\",\"inLanguage\":\"sv-SE\",\"@id\":\"https:\/\/www.mastercam.com\/sv\/#\/schema\/logo\/image\/\",\"url\":\"https:\/\/www.mastercam.com\/wp-content\/uploads\/2023\/02\/MC_logo.svg\",\"contentUrl\":\"https:\/\/www.mastercam.com\/wp-content\/uploads\/2023\/02\/MC_logo.svg\",\"width\":230,\"height\":40,\"caption\":\"Mastercam\"},\"image\":{\"@id\":\"https:\/\/www.mastercam.com\/sv\/#\/schema\/logo\/image\/\"},\"sameAs\":[\"https:\/\/www.facebook.com\/Mastercam\/\",\"https:\/\/x.com\/mastercam\",\"https:\/\/www.linkedin.com\/company\/mastercam\",\"https:\/\/www.youtube.com\/channel\/UChJt5ruSkqnmFH44WsXVZLw\",\"https:\/\/www.instagram.com\/mastercam\/\"]}]}<\/script>\n<!-- \/ Yoast SEO plugin. -->","yoast_head_json":{"title":"Mastercam Sverige - mastercam.com%.","description":"Advanced Mechanical Engineering AB (AME), v\u00e5r l\u00e5ngvariga kanalpartner i Sverige, \u00e4r nu officiellt en del av Mastercam och verkar som Mastercam Sverige. I","robots":{"index":"index","follow":"follow","max-snippet":"max-snippet:-1","max-image-preview":"max-image-preview:large","max-video-preview":"max-video-preview:-1"},"canonical":"https:\/\/www.mastercam.com\/sv\/nyheter\/mastercam-sverige\/","og_locale":"sv_SE","og_type":"article","og_title":"Mastercam Sverige - mastercam.com%.","og_description":"Advanced Mechanical Engineering AB (AME), v\u00e5r l\u00e5ngvariga kanalpartner i Sverige, \u00e4r nu officiellt en del av Mastercam och verkar som Mastercam Sverige. I","og_url":"https:\/\/www.mastercam.com\/sv\/nyheter\/mastercam-sverige\/","og_site_name":"mastercam.com","article_publisher":"https:\/\/www.facebook.com\/Mastercam\/","article_modified_time":"2026-01-29T16:53:35+00:00","og_image":[{"width":960,"height":540,"url":"https:\/\/www.mastercam.com\/wp-content\/uploads\/2025\/12\/Sverige.png","type":"image\/png"}],"twitter_card":"summary_large_image","twitter_site":"@mastercam","twitter_misc":{"Est. reading time":"1 minute"},"schema":{"@context":"https:\/\/schema.org","@graph":[{"@type":"WebPage","@id":"https:\/\/www.mastercam.com\/sv\/nyheter\/mastercam-sverige\/","url":"https:\/\/www.mastercam.com\/sv\/nyheter\/mastercam-sverige\/","name":"Mastercam Sverige - mastercam.com%.","isPartOf":{"@id":"https:\/\/www.mastercam.com\/sv\/#website"},"primaryImageOfPage":{"@id":"https:\/\/www.mastercam.com\/sv\/nyheter\/mastercam-sverige\/#primaryimage"},"image":{"@id":"https:\/\/www.mastercam.com\/sv\/nyheter\/mastercam-sverige\/#primaryimage"},"thumbnailUrl":"https:\/\/www.mastercam.com\/wp-content\/uploads\/2025\/12\/Sverige.png","datePublished":"2026-01-02T13:04:10+00:00","dateModified":"2026-01-29T16:53:35+00:00","description":"Advanced Mechanical Engineering AB (AME), v\u00e5r l\u00e5ngvariga kanalpartner i Sverige, \u00e4r nu officiellt en del av Mastercam och verkar som Mastercam Sverige. I","breadcrumb":{"@id":"https:\/\/www.mastercam.com\/sv\/nyheter\/mastercam-sverige\/#breadcrumb"},"inLanguage":"sv-SE","potentialAction":[{"@type":"ReadAction","target":["https:\/\/www.mastercam.com\/sv\/nyheter\/mastercam-sverige\/"]}]},{"@type":"ImageObject","inLanguage":"sv-SE","@id":"https:\/\/www.mastercam.com\/sv\/nyheter\/mastercam-sverige\/#primaryimage","url":"https:\/\/www.mastercam.com\/wp-content\/uploads\/2025\/12\/Sverige.png","contentUrl":"https:\/\/www.mastercam.com\/wp-content\/uploads\/2025\/12\/Sverige.png","width":960,"height":540,"caption":"AME \u00e4r nu Mastercam Sverige"},{"@type":"BreadcrumbList","@id":"https:\/\/www.mastercam.com\/sv\/nyheter\/mastercam-sverige\/#breadcrumb","itemListElement":[{"@type":"ListItem","position":1,"name":"Home","item":"https:\/\/www.mastercam.com\/sv\/"},{"@type":"ListItem","position":2,"name":"Nyheter","item":"https:\/\/www.mastercam.com\/sv\/nyheter\/"},{"@type":"ListItem","position":3,"name":"Mastercam Sverige"}]},{"@type":"WebSite","@id":"https:\/\/www.mastercam.com\/sv\/#website","url":"https:\/\/www.mastercam.com\/sv\/","name":"Mastercam","description":"Creating software and services that solve the world&#039;s manufacturing challenges","publisher":{"@id":"https:\/\/www.mastercam.com\/sv\/#organization"},"potentialAction":[{"@type":"SearchAction","target":{"@type":"EntryPoint","urlTemplate":"https:\/\/www.mastercam.com\/sv\/?s={search_term_string}"},"query-input":{"@type":"PropertyValueSpecification","valueRequired":true,"valueName":"search_term_string"}}],"inLanguage":"sv-SE"},{"@type":"Organization","@id":"https:\/\/www.mastercam.com\/sv\/#organization","name":"Mastercam","url":"https:\/\/www.mastercam.com\/sv\/","logo":{"@type":"ImageObject","inLanguage":"sv-SE","@id":"https:\/\/www.mastercam.com\/sv\/#\/schema\/logo\/image\/","url":"https:\/\/www.mastercam.com\/wp-content\/uploads\/2023\/02\/MC_logo.svg","contentUrl":"https:\/\/www.mastercam.com\/wp-content\/uploads\/2023\/02\/MC_logo.svg","width":230,"height":40,"caption":"Mastercam"},"image":{"@id":"https:\/\/www.mastercam.com\/sv\/#\/schema\/logo\/image\/"},"sameAs":["https:\/\/www.facebook.com\/Mastercam\/","https:\/\/x.com\/mastercam","https:\/\/www.linkedin.com\/company\/mastercam","https:\/\/www.youtube.com\/channel\/UChJt5ruSkqnmFH44WsXVZLw","https:\/\/www.instagram.com\/mastercam\/"]}]}},"_links":{"self":[{"href":"https:\/\/www.mastercam.com\/sv\/wp-json\/wp\/v2\/pages\/36243","targetHints":{"allow":["GET"]}}],"collection":[{"href":"https:\/\/www.mastercam.com\/sv\/wp-json\/wp\/v2\/pages"}],"about":[{"href":"https:\/\/www.mastercam.com\/sv\/wp-json\/wp\/v2\/types\/page"}],"author":[{"embeddable":true,"href":"https:\/\/www.mastercam.com\/sv\/wp-json\/wp\/v2\/users\/1"}],"replies":[{"embeddable":true,"href":"https:\/\/www.mastercam.com\/sv\/wp-json\/wp\/v2\/comments?post=36243"}],"version-history":[{"count":0,"href":"https:\/\/www.mastercam.com\/sv\/wp-json\/wp\/v2\/pages\/36243\/revisions"}],"up":[{"embeddable":true,"href":"https:\/\/www.mastercam.com\/sv\/wp-json\/wp\/v2\/pages\/36904"}],"wp:featuredmedia":[{"embeddable":true,"href":"https:\/\/www.mastercam.com\/sv\/wp-json\/wp\/v2\/media\/36245"}],"wp:attachment":[{"href":"https:\/\/www.mastercam.com\/sv\/wp-json\/wp\/v2\/media?parent=36243"}],"curies":[{"name":"wp","href":"https:\/\/api.w.org\/{rel}","templated":true}]}}