{"id":36087,"date":"2025-08-05T11:48:05","date_gmt":"2025-08-05T15:48:05","guid":{"rendered":"https:\/\/www.mastercam.com\/evenemang-for-produktlansering\/"},"modified":"2026-01-16T11:19:28","modified_gmt":"2026-01-16T16:19:28","slug":"evenemang-for-produktlansering","status":"publish","type":"page","link":"https:\/\/www.mastercam.com\/sv\/gemenskap\/evenemang-for-produktlansering\/","title":{"rendered":"Evenemang f\u00f6r produktlansering"},"content":{"rendered":"<div class=\"hero__breadcrumbs\">\n    <div class=\"container-fluid\">\n      <div class=\"row\">\n        <div class=\"col\">\n          <nav aria-label=\"breadcrumbs\"><ol class=\"breadcrumb\"><li><a href=\"https:\/\/www.mastercam.com\/sv\/\">Home<\/a><\/li><\/ol><\/nav>\n        <\/div>\n      <\/div>\n    <\/div>\n  <\/div>\n\n<div class=\"hero hero--minimal wp-block-acf-block-hero\">\n  <div class=\"container-fluid\">\n    <div class=\"row align-items-center\">\n      \n      \n      \n      <div class=\"col-12 col-lg-7 order-2 order-lg-2 hero__content-column\">\n        <div class=\"hero__content\">\n                      <h1 class=\"hero__heading\">\n              \n              MASTERCAM 2026 UTRULLNING H\u00c4NDELSER\n            <\/h1>\n          \n          \n          \n          \n          \n                  <\/div>\n      <\/div>\n    <\/div>\n  <\/div>\n<\/div>\n\n<div class=\"wp-block-columns is-style-container is-layout-flex wp-container-core-columns-is-layout-28f84493 wp-block-columns-is-layout-flex\">\n<div class=\"wp-block-column is-layout-flow wp-block-column-is-layout-flow\">\n<div class=\"wp-block-columns is-style-container is-layout-flex wp-container-core-columns-is-layout-28f84493 wp-block-columns-is-layout-flex\">\n<div class=\"wp-block-column is-layout-flow wp-block-column-is-layout-flow\" style=\"flex-basis:66.66%\">\n<h2 class=\"wp-block-heading\"><strong>UPPT\u00c4CK. L\u00c4R DIG. M\u00c4STA.  <\/strong><\/h2>\n\n\n\n<p>Bli bland de f\u00f6rsta att utforska de kraftfulla nya funktionerna i Mastercam 2026 vid v\u00e5ra exklusiva personliga lanseringsevenemang. Oavsett om du \u00e4r en erfaren programmerare eller precis har kommit ig\u00e5ng, \u00e4r detta ditt tillf\u00e4lle att l\u00e4ra dig vad som \u00e4r nytt i den senaste versionen och uppt\u00e4cka hur nya funktioner kan \u00f6ka din produktivitet och effektivitet i bearbetningen.   <\/p>\n\n\n\n<p><\/p>\n<\/div>\n\n\n\n<div class=\"wp-block-column is-layout-flow wp-block-column-is-layout-flow\" style=\"flex-basis:33.33%\"><\/div>\n<\/div>\n<\/div>\n<\/div>\n\n<div style=\"height:30px\" aria-hidden=\"true\" class=\"wp-block-spacer\"><\/div>\n\n<div class=\"wp-block-columns is-style-container is-layout-flex wp-container-core-columns-is-layout-28f84493 wp-block-columns-is-layout-flex\">\n<div class=\"wp-block-column is-layout-flow wp-block-column-is-layout-flow\"><div class=\"container-fluid align wp-block-acf-block-icon-ctas\">\n  \n      <div class=\"row icon-ctas\">\n              \n                  <div class=\"icon-ctas__item col-12 col-md-3 icon-ctas__item--horizontal\">\n            <div class=\"card h-100\">\n\n              \n                              <div class=\"icon-image-container\">\n                  <img decoding=\"async\"\n                    src=\"https:\/\/www.mastercam.com\/wp-content\/uploads\/2025\/06\/icon-check-leftaligned.png\"\n                    alt=\"Check icon\"\n                  >\n                <\/div>\n              \n              <div class=\"card-content\">\n                \n                <div class=\"card-title h3\">\n                  Tekniska demonstrationer i direkts\u00e4ndning\n                <\/div>\n\n                \n                                  <div class=\"card-text lead\">\n                    <p>Se v\u00e5ra experter p\u00e5 regionala applikationsingenj\u00f6rer i aktion n\u00e4r de visar upp verkliga till\u00e4mpningar av Mastercam 2026:s senaste funktioner.  <\/p>\n\n                  <\/div>\n                \n                \n                              <\/div>\n\n            <\/div>\n          <\/div>\n                      \n                  <div class=\"icon-ctas__item col-12 col-md-3 icon-ctas__item--horizontal\">\n            <div class=\"card h-100\">\n\n              \n                              <div class=\"icon-image-container\">\n                  <img decoding=\"async\"\n                    src=\"https:\/\/www.mastercam.com\/wp-content\/uploads\/2025\/06\/icon-check-leftaligned.png\"\n                    alt=\"Check icon\"\n                  >\n                <\/div>\n              \n              <div class=\"card-content\">\n                \n                <div class=\"card-title h3\">\n                  Praktiska sessioner\n                <\/div>\n\n                \n                                  <div class=\"card-text lead\">\n                    <p>F\u00e5 praktisk erfarenhet med v\u00e4gledd undervisning. Utforska nya verktyg och arbetsfl\u00f6den i en samarbetsinriktad, praktisk milj\u00f6.   <\/p>\n\n                  <\/div>\n                \n                \n                              <\/div>\n\n            <\/div>\n          <\/div>\n                      \n                  <div class=\"icon-ctas__item col-12 col-md-3 icon-ctas__item--horizontal\">\n            <div class=\"card h-100\">\n\n              \n                              <div class=\"icon-image-container\">\n                  <img decoding=\"async\"\n                    src=\"https:\/\/www.mastercam.com\/wp-content\/uploads\/2025\/06\/icon-check-leftaligned.png\"\n                    alt=\"Check icon\"\n                  >\n                <\/div>\n              \n              <div class=\"card-content\">\n                \n                <div class=\"card-title h3\">\n                  Interaktiva fr\u00e5gor och svar samt feedback\n                <\/div>\n\n                \n                                  <div class=\"card-text lead\">\n                    <p>Samarbeta direkt med v\u00e5rt team. St\u00e4ll fr\u00e5gor, dela med dig av feedback och f\u00e5 insikter som \u00e4r skr\u00e4ddarsydda f\u00f6r dina specifika bearbetningsbehov.   <\/p>\n\n                  <\/div>\n                \n                \n                              <\/div>\n\n            <\/div>\n          <\/div>\n                      \n                  <div class=\"icon-ctas__item col-12 col-md-3 icon-ctas__item--horizontal\">\n            <div class=\"card h-100\">\n\n              \n                              <div class=\"icon-image-container\">\n                  <img decoding=\"async\"\n                    src=\"https:\/\/www.mastercam.com\/wp-content\/uploads\/2025\/06\/icon-check-leftaligned.png\"\n                    alt=\"Check icon\"\n                  >\n                <\/div>\n              \n              <div class=\"card-content\">\n                \n                <div class=\"card-title h3\">\n                  Lokalt st\u00f6d\n                <\/div>\n\n                \n                                  <div class=\"card-text lead\">\n                    <p>Ditt lokala team av experter kommer att finnas p\u00e5 plats f\u00f6r att s\u00e4kerst\u00e4lla en s\u00f6ml\u00f6s, informativ och engagerande upplevelse fr\u00e5n b\u00f6rjan till slut.  <\/p>\n\n                  <\/div>\n                \n                \n                              <\/div>\n\n            <\/div>\n          <\/div>\n                  <\/div>\n  <\/div>\n\n\n\n<div style=\"height:28px\" aria-hidden=\"true\" class=\"wp-block-spacer\"><\/div>\n\n\n\n<h2 class=\"wp-block-heading\">Hitta ett Rollout-evenemang n\u00e4ra dig<\/h2>\n\n\n\n<p>Vi uppskattar ditt t\u00e5lamod medan v\u00e5r kalender laddas.<\/p>\n\n\n\n<style>\n  \/* ensure the container is tall enough to show the loader *\/\n  #calendar-widget-container {\n    position: relative;\n    min-height: 40px;\n  }\n  #calendar-loader {\n    position: absolute;\n    top: 50%;\n    left: 50%;\n    transform: translate(-50%, -50%);\n    pointer-events: none;\n    width: 40px;\n    height: 40px;\n    z-index: 10;\n  }\n  \n  \/* Hide loader when content is ready *\/\n  #calendar-widget-container.content-loaded #calendar-loader {\n    display: none;\n  }\n<\/style>\n<div id=\"calendar-widget-container\" data-widget-id=\"1aac0ff4-1193-49e5-a6ea-ce3911ba8a50\" data-calendar-id=\"d46be5f3-29fa-42c9-9263-3d48be8fc03b\" data-show-icons=\"true\">\n  <!-- Inline SVG spinner -->\n  <div id=\"calendar-loader\">\n    <svg width=\"100%\" height=\"100%\" viewbox=\"0 0 50 50\" xmlns=\"http:\/\/www.w3.org\/2000\/svg\">\n      <circle cx=\"25\" cy=\"25\" r=\"20\" fill=\"none\" stroke=\"#eee\" stroke-width=\"5\"><\/circle>\n      <circle cx=\"25\" cy=\"25\" r=\"20\" fill=\"none\" stroke=\"#333\" stroke-width=\"5\" stroke-linecap=\"round\" stroke-dasharray=\"31.4 31.4\" transform=\"rotate(-90 25 25)\">\n        <animatetransform attributename=\"transform\" type=\"rotate\" from=\"0 25 25\" to=\"360 25 25\" dur=\"1s\" repeatcount=\"indefinite\"><\/animatetransform>\n      <\/circle>\n    <\/svg>\n  <\/div>\n<\/div>\n<script>\n  (function() {\n    \/\/ Configure Cvent domain\n    window.cvtDomain = 'www.cvent.com';\n    var container = document.getElementById('calendar-widget-container');\n    var loader = document.getElementById('calendar-loader');\n    if (!container) return;\n\n    var isLoaderHidden = false;\n    var iframeDetected = false;\n    \n    function hideLoader() {\n      if (!isLoaderHidden) {\n        isLoaderHidden = true;\n        container.classList.add('content-loaded');\n        console.log('Cvent widget loader hidden');\n      }\n    }\n\n    \/\/ Strategy 1: Monitor container height changes - most reliable for Cvent\n    var initialHeight = container.offsetHeight;\n    var heightCheckCount = 0;\n    var lastHeight = initialHeight;\n    var stableHeightCount = 0;\n    \n    \/\/ Primary height monitoring - check every 200ms for faster response\n    var heightChecker = setInterval(function() {\n      heightCheckCount++;\n      var currentHeight = container.offsetHeight;\n      \n      \/\/ If container height has grown significantly from initial size\n      if (currentHeight > initialHeight + 50) {\n        console.log('Container height increased significantly:', initialHeight, '->', currentHeight);\n        \n        \/\/ Check if height has stabilized\n        if (currentHeight === lastHeight) {\n          stableHeightCount++;\n          \/\/ Hide after height is stable for just 400ms (2 checks)\n          if (stableHeightCount >= 2) {\n            console.log('Container height stabilized, content rendered');\n            clearInterval(heightChecker);\n            hideLoader();\n            return;\n          }\n        } else {\n          stableHeightCount = 0; \/\/ Reset if still changing\n        }\n        lastHeight = currentHeight;\n      }\n      \n      \/\/ Stop checking after 30 seconds\n      if (heightCheckCount >= 150) {\n        console.log('Height check timeout');\n        clearInterval(heightChecker);\n        hideLoader();\n      }\n    }, 200);\n\n    \/\/ Strategy 2: Also watch for iframe as backup method\n    var observer = new MutationObserver(function(mutations, obs) {\n      mutations.forEach(function(mutation) {\n        Array.from(mutation.addedNodes).forEach(function(node) {\n          if (node.tagName === 'IFRAME') {\n            console.log('Iframe detected as backup');\n            \n            \/\/ Iframe load event as secondary trigger\n            node.addEventListener('load', function() {\n              console.log('Iframe loaded - checking container height');\n              \n              \/\/ Wait one animation frame then check if container has grown\n              requestAnimationFrame(function() {\n                var heightAfterLoad = container.offsetHeight;\n                if (heightAfterLoad > initialHeight + 50) {\n                  console.log('Content height confirmed after iframe load');\n                  clearInterval(heightChecker);\n                  hideLoader();\n                }\n              });\n            });\n          }\n        });\n      });\n    });\n    \n    observer.observe(container, {\n      childList: true,\n      subtree: true\n    });\n\n    \/\/ Strategy 3: Fallback timeout - only if no height change detected\n    var fallbackTimeout = setTimeout(function() {\n      var finalHeight = container.offsetHeight;\n      if (finalHeight <= initialHeight + 50) {\n        console.log('No significant height change after 10 seconds, checking for other content');\n        \n        \/\/ Look for any substantial content\n        var contentElements = Array.from(container.children).filter(function(child) {\n          if (child.id === 'calendar-loader') return false;\n          return (child.offsetHeight > 50 || child.textContent.trim().length > 20);\n        });\n        \n        if (contentElements.length > 0) {\n          console.log('Non-height-based content detected');\n          hideLoader();\n        } else {\n          console.log('Fallback timeout reached, hiding loader anyway');\n          hideLoader();\n        }\n      }\n    }, 10000); \/\/ 10 second fallback\n\n    \/\/ Strategy 3: Final safety net - always hide after 15 seconds\n    setTimeout(function() {\n      if (!isLoaderHidden) {\n        console.log('Final timeout: hiding loader after 15 seconds');\n        hideLoader();\n      }\n    }, 15000);\n\n    \/\/ Clean up when loader is hidden\n    var originalHideLoader = hideLoader;\n    hideLoader = function() {\n      originalHideLoader();\n      if (observer) observer.disconnect();\n      if (heightChecker) clearInterval(heightChecker);\n      if (fallbackTimeout) clearTimeout(fallbackTimeout);\n    };\n\n    \/\/ Inject Cvent's calendar-widget-loader.js\n    var script = document.createElement('script');\n    script.async = true;\n    script.src = 'https:\/\/www.cvent.com\/g\/mobile\/javascript\/calendar-widget-loader.js?version=' + \n                 Math.floor(Date.now() \/ 3600000);\n    \n    script.onerror = function() {\n      console.error('Failed to load Cvent script');\n      hideLoader();\n    };\n    \n    document.head.appendChild(script);\n  })();\n<\/script>\n<\/div>\n<\/div>\n\n<div class=\"wp-block-columns is-style-container is-layout-flex wp-container-core-columns-is-layout-23110e23 wp-block-columns-is-layout-flex\" style=\"margin-bottom:var(--wp--preset--spacing--6);padding-bottom:var(--wp--preset--spacing--6)\">\n<div class=\"wp-block-column is-layout-flow wp-block-column-is-layout-flow\">\n<div style=\"height:76px\" aria-hidden=\"true\" id=\"contact\" class=\"wp-block-spacer\"><\/div>\n\n\n\n<h2 class=\"wp-block-heading\" id=\"contact\">Letar du fortfarande efter din n\u00e4rmaste utrullning?  <\/h2>\n\n\n\n<p>Kontakta din <a href=\"\/sv\/?page_id=36024\">lokala Mastercam-representant<\/a> f\u00f6r att f\u00e5 information om utrullningsevenemang i ditt omr\u00e5de.  <\/p>\n<\/div>\n<\/div>\n","protected":false},"excerpt":{"rendered":"<p>UPPT\u00c4CK. L\u00c4R DIG. M\u00c4STA. Bli bland de f\u00f6rsta att utforska de kraftfulla nya funktionerna i [&hellip;]<\/p>\n","protected":false},"author":4,"featured_media":0,"parent":36526,"menu_order":0,"comment_status":"closed","ping_status":"closed","template":"","meta":{"_acf_changed":false,"footnotes":""},"class_list":["post-36087","page","type-page","status-publish","hentry"],"acf":[],"yoast_head":"<!-- This site is optimized with the Yoast SEO plugin v27.3 - https:\/\/yoast.com\/product\/yoast-seo-wordpress\/ -->\n<title>Evenemang f\u00f6r lansering av Mastercam 2026<\/title>\n<meta name=\"description\" content=\"Delta i ett Mastercam 2026-utrullningsevenemang n\u00e4ra dig f\u00f6r att uppt\u00e4cka vad som \u00e4r nytt i den senaste versionen och l\u00e4ra dig mer om nya funktioner och m\u00f6jligheter.\" \/>\n<meta name=\"robots\" content=\"index, follow, max-snippet:-1, max-image-preview:large, max-video-preview:-1\" \/>\n<link rel=\"canonical\" href=\"https:\/\/www.mastercam.com\/sv\/gemenskap\/evenemang-for-produktlansering\/\" \/>\n<meta property=\"og:locale\" content=\"sv_SE\" \/>\n<meta property=\"og:type\" content=\"article\" \/>\n<meta property=\"og:title\" content=\"Evenemang f\u00f6r lansering av Mastercam 2026\" \/>\n<meta property=\"og:description\" content=\"Delta i ett Mastercam 2026-utrullningsevenemang n\u00e4ra dig f\u00f6r att uppt\u00e4cka vad som \u00e4r nytt i den senaste versionen och l\u00e4ra dig mer om nya funktioner och m\u00f6jligheter.\" \/>\n<meta property=\"og:url\" content=\"https:\/\/www.mastercam.com\/sv\/gemenskap\/evenemang-for-produktlansering\/\" \/>\n<meta property=\"og:site_name\" content=\"mastercam.com\" \/>\n<meta property=\"article:publisher\" content=\"https:\/\/www.facebook.com\/Mastercam\/\" \/>\n<meta property=\"article:modified_time\" content=\"2026-01-16T16:19:28+00:00\" \/>\n<meta property=\"og:image\" content=\"https:\/\/www.mastercam.com\/wp-content\/uploads\/2024\/02\/drill-wide-photo-1200x675-1.jpg\" \/>\n\t<meta property=\"og:image:width\" content=\"1200\" \/>\n\t<meta property=\"og:image:height\" content=\"675\" \/>\n\t<meta property=\"og:image:type\" content=\"image\/jpeg\" \/>\n<meta name=\"twitter:card\" content=\"summary_large_image\" \/>\n<meta name=\"twitter:site\" content=\"@mastercam\" \/>\n<meta name=\"twitter:label1\" content=\"Est. reading time\" \/>\n\t<meta name=\"twitter:data1\" content=\"1 minute\" \/>\n<script type=\"application\/ld+json\" class=\"yoast-schema-graph\">{\"@context\":\"https:\\\/\\\/schema.org\",\"@graph\":[{\"@type\":\"WebPage\",\"@id\":\"https:\\\/\\\/www.mastercam.com\\\/sv\\\/gemenskap\\\/evenemang-for-produktlansering\\\/\",\"url\":\"https:\\\/\\\/www.mastercam.com\\\/sv\\\/gemenskap\\\/evenemang-for-produktlansering\\\/\",\"name\":\"Evenemang f\u00f6r lansering av Mastercam 2026\",\"isPartOf\":{\"@id\":\"https:\\\/\\\/www.mastercam.com\\\/sv\\\/#website\"},\"datePublished\":\"2025-08-05T15:48:05+00:00\",\"dateModified\":\"2026-01-16T16:19:28+00:00\",\"description\":\"Delta i ett Mastercam 2026-utrullningsevenemang n\u00e4ra dig f\u00f6r att uppt\u00e4cka vad som \u00e4r nytt i den senaste versionen och l\u00e4ra dig mer om nya funktioner och m\u00f6jligheter.\",\"breadcrumb\":{\"@id\":\"https:\\\/\\\/www.mastercam.com\\\/sv\\\/gemenskap\\\/evenemang-for-produktlansering\\\/#breadcrumb\"},\"inLanguage\":\"sv-SE\",\"potentialAction\":[{\"@type\":\"ReadAction\",\"target\":[\"https:\\\/\\\/www.mastercam.com\\\/sv\\\/gemenskap\\\/evenemang-for-produktlansering\\\/\"]}]},{\"@type\":\"BreadcrumbList\",\"@id\":\"https:\\\/\\\/www.mastercam.com\\\/sv\\\/gemenskap\\\/evenemang-for-produktlansering\\\/#breadcrumb\",\"itemListElement\":[{\"@type\":\"ListItem\",\"position\":1,\"name\":\"Home\",\"item\":\"https:\\\/\\\/www.mastercam.com\\\/sv\\\/\"},{\"@type\":\"ListItem\",\"position\":2,\"name\":\"Gemenskap\",\"item\":\"https:\\\/\\\/www.mastercam.com\\\/sv\\\/gemenskap\\\/\"},{\"@type\":\"ListItem\",\"position\":3,\"name\":\"Evenemang f\u00f6r produktlansering\"}]},{\"@type\":\"WebSite\",\"@id\":\"https:\\\/\\\/www.mastercam.com\\\/sv\\\/#website\",\"url\":\"https:\\\/\\\/www.mastercam.com\\\/sv\\\/\",\"name\":\"Mastercam\",\"description\":\"Creating software and services that solve the world&#039;s manufacturing challenges\",\"publisher\":{\"@id\":\"https:\\\/\\\/www.mastercam.com\\\/sv\\\/#organization\"},\"potentialAction\":[{\"@type\":\"SearchAction\",\"target\":{\"@type\":\"EntryPoint\",\"urlTemplate\":\"https:\\\/\\\/www.mastercam.com\\\/sv\\\/?s={search_term_string}\"},\"query-input\":{\"@type\":\"PropertyValueSpecification\",\"valueRequired\":true,\"valueName\":\"search_term_string\"}}],\"inLanguage\":\"sv-SE\"},{\"@type\":\"Organization\",\"@id\":\"https:\\\/\\\/www.mastercam.com\\\/sv\\\/#organization\",\"name\":\"Mastercam\",\"url\":\"https:\\\/\\\/www.mastercam.com\\\/sv\\\/\",\"logo\":{\"@type\":\"ImageObject\",\"inLanguage\":\"sv-SE\",\"@id\":\"https:\\\/\\\/www.mastercam.com\\\/sv\\\/#\\\/schema\\\/logo\\\/image\\\/\",\"url\":\"https:\\\/\\\/www.mastercam.com\\\/wp-content\\\/uploads\\\/2023\\\/02\\\/MC_logo.svg\",\"contentUrl\":\"https:\\\/\\\/www.mastercam.com\\\/wp-content\\\/uploads\\\/2023\\\/02\\\/MC_logo.svg\",\"width\":230,\"height\":40,\"caption\":\"Mastercam\"},\"image\":{\"@id\":\"https:\\\/\\\/www.mastercam.com\\\/sv\\\/#\\\/schema\\\/logo\\\/image\\\/\"},\"sameAs\":[\"https:\\\/\\\/www.facebook.com\\\/Mastercam\\\/\",\"https:\\\/\\\/x.com\\\/mastercam\",\"https:\\\/\\\/www.linkedin.com\\\/company\\\/mastercam\",\"https:\\\/\\\/www.youtube.com\\\/channel\\\/UChJt5ruSkqnmFH44WsXVZLw\",\"https:\\\/\\\/www.instagram.com\\\/mastercam\\\/\"]}]}<\/script>\n<!-- \/ Yoast SEO plugin. -->","yoast_head_json":{"title":"Evenemang f\u00f6r lansering av Mastercam 2026","description":"Delta i ett Mastercam 2026-utrullningsevenemang n\u00e4ra dig f\u00f6r att uppt\u00e4cka vad som \u00e4r nytt i den senaste versionen och l\u00e4ra dig mer om nya funktioner och m\u00f6jligheter.","robots":{"index":"index","follow":"follow","max-snippet":"max-snippet:-1","max-image-preview":"max-image-preview:large","max-video-preview":"max-video-preview:-1"},"canonical":"https:\/\/www.mastercam.com\/sv\/gemenskap\/evenemang-for-produktlansering\/","og_locale":"sv_SE","og_type":"article","og_title":"Evenemang f\u00f6r lansering av Mastercam 2026","og_description":"Delta i ett Mastercam 2026-utrullningsevenemang n\u00e4ra dig f\u00f6r att uppt\u00e4cka vad som \u00e4r nytt i den senaste versionen och l\u00e4ra dig mer om nya funktioner och m\u00f6jligheter.","og_url":"https:\/\/www.mastercam.com\/sv\/gemenskap\/evenemang-for-produktlansering\/","og_site_name":"mastercam.com","article_publisher":"https:\/\/www.facebook.com\/Mastercam\/","article_modified_time":"2026-01-16T16:19:28+00:00","og_image":[{"width":1200,"height":675,"url":"https:\/\/www.mastercam.com\/wp-content\/uploads\/2024\/02\/drill-wide-photo-1200x675-1.jpg","type":"image\/jpeg"}],"twitter_card":"summary_large_image","twitter_site":"@mastercam","twitter_misc":{"Est. reading time":"1 minute"},"schema":{"@context":"https:\/\/schema.org","@graph":[{"@type":"WebPage","@id":"https:\/\/www.mastercam.com\/sv\/gemenskap\/evenemang-for-produktlansering\/","url":"https:\/\/www.mastercam.com\/sv\/gemenskap\/evenemang-for-produktlansering\/","name":"Evenemang f\u00f6r lansering av Mastercam 2026","isPartOf":{"@id":"https:\/\/www.mastercam.com\/sv\/#website"},"datePublished":"2025-08-05T15:48:05+00:00","dateModified":"2026-01-16T16:19:28+00:00","description":"Delta i ett Mastercam 2026-utrullningsevenemang n\u00e4ra dig f\u00f6r att uppt\u00e4cka vad som \u00e4r nytt i den senaste versionen och l\u00e4ra dig mer om nya funktioner och m\u00f6jligheter.","breadcrumb":{"@id":"https:\/\/www.mastercam.com\/sv\/gemenskap\/evenemang-for-produktlansering\/#breadcrumb"},"inLanguage":"sv-SE","potentialAction":[{"@type":"ReadAction","target":["https:\/\/www.mastercam.com\/sv\/gemenskap\/evenemang-for-produktlansering\/"]}]},{"@type":"BreadcrumbList","@id":"https:\/\/www.mastercam.com\/sv\/gemenskap\/evenemang-for-produktlansering\/#breadcrumb","itemListElement":[{"@type":"ListItem","position":1,"name":"Home","item":"https:\/\/www.mastercam.com\/sv\/"},{"@type":"ListItem","position":2,"name":"Gemenskap","item":"https:\/\/www.mastercam.com\/sv\/gemenskap\/"},{"@type":"ListItem","position":3,"name":"Evenemang f\u00f6r produktlansering"}]},{"@type":"WebSite","@id":"https:\/\/www.mastercam.com\/sv\/#website","url":"https:\/\/www.mastercam.com\/sv\/","name":"Mastercam","description":"Creating software and services that solve the world&#039;s manufacturing challenges","publisher":{"@id":"https:\/\/www.mastercam.com\/sv\/#organization"},"potentialAction":[{"@type":"SearchAction","target":{"@type":"EntryPoint","urlTemplate":"https:\/\/www.mastercam.com\/sv\/?s={search_term_string}"},"query-input":{"@type":"PropertyValueSpecification","valueRequired":true,"valueName":"search_term_string"}}],"inLanguage":"sv-SE"},{"@type":"Organization","@id":"https:\/\/www.mastercam.com\/sv\/#organization","name":"Mastercam","url":"https:\/\/www.mastercam.com\/sv\/","logo":{"@type":"ImageObject","inLanguage":"sv-SE","@id":"https:\/\/www.mastercam.com\/sv\/#\/schema\/logo\/image\/","url":"https:\/\/www.mastercam.com\/wp-content\/uploads\/2023\/02\/MC_logo.svg","contentUrl":"https:\/\/www.mastercam.com\/wp-content\/uploads\/2023\/02\/MC_logo.svg","width":230,"height":40,"caption":"Mastercam"},"image":{"@id":"https:\/\/www.mastercam.com\/sv\/#\/schema\/logo\/image\/"},"sameAs":["https:\/\/www.facebook.com\/Mastercam\/","https:\/\/x.com\/mastercam","https:\/\/www.linkedin.com\/company\/mastercam","https:\/\/www.youtube.com\/channel\/UChJt5ruSkqnmFH44WsXVZLw","https:\/\/www.instagram.com\/mastercam\/"]}]}},"_links":{"self":[{"href":"https:\/\/www.mastercam.com\/sv\/wp-json\/wp\/v2\/pages\/36087","targetHints":{"allow":["GET"]}}],"collection":[{"href":"https:\/\/www.mastercam.com\/sv\/wp-json\/wp\/v2\/pages"}],"about":[{"href":"https:\/\/www.mastercam.com\/sv\/wp-json\/wp\/v2\/types\/page"}],"author":[{"embeddable":true,"href":"https:\/\/www.mastercam.com\/sv\/wp-json\/wp\/v2\/users\/4"}],"replies":[{"embeddable":true,"href":"https:\/\/www.mastercam.com\/sv\/wp-json\/wp\/v2\/comments?post=36087"}],"version-history":[{"count":0,"href":"https:\/\/www.mastercam.com\/sv\/wp-json\/wp\/v2\/pages\/36087\/revisions"}],"up":[{"embeddable":true,"href":"https:\/\/www.mastercam.com\/sv\/wp-json\/wp\/v2\/pages\/36526"}],"wp:attachment":[{"href":"https:\/\/www.mastercam.com\/sv\/wp-json\/wp\/v2\/media?parent=36087"}],"curies":[{"name":"wp","href":"https:\/\/api.w.org\/{rel}","templated":true}]}}