{"id":36060,"date":"2025-07-24T09:16:57","date_gmt":"2025-07-24T13:16:57","guid":{"rendered":"https:\/\/www.mastercam.com\/mastercam-oversattare-2025\/"},"modified":"2026-01-16T11:15:20","modified_gmt":"2026-01-16T16:15:20","slug":"mastercam-oversattare-2025","status":"publish","type":"page","link":"https:\/\/www.mastercam.com\/sv\/stod\/teknisk-support\/mastercam-oversattare\/mastercam-oversattare-2025\/","title":{"rendered":"Mastercam-\u00f6vers\u00e4ttare 2025"},"content":{"rendered":"\n<div class=\"wp-block-columns is-style-container is-layout-flex wp-container-core-columns-is-layout-28f84493 wp-block-columns-is-layout-flex\">\n<div class=\"wp-block-column is-layout-flow wp-block-column-is-layout-flow\">\n<p>Mastercam st\u00f6der import och export av flera filformat. I tabellerna nedan kan du se vilka filformatversioner som st\u00f6ds i varje Mastercam-version. <\/p>\n\n\n\n<p>Skicka eventuella kommentarer eller fr\u00e5gor <a href=\"mailto:support@mastercam.com\">till Mastercam support<\/a>.<\/p>\n\n\n\n<div class=\"container-fluid\">\n                <div class=\"row\">\n                    <div class=\"col\">\n                        <div class=\"nav nav-pills\">\n                            <div class=\"dropdown nav-item\">\n  V\u00e4nligen v\u00e4lj en Mastercam Version<br\/> <button class=\"btn btn-secondary dropdown-toggle\" type=\"button\" data-bs-toggle=\"dropdown\" aria-expanded=\"false\">\n Version\n <\/button> \n                                <ul class=\"dropdown-menu translators\" aria-labelledby=\"dropdownMenuVersion\">\n                                    <li><a href=\"\/sv\/?page_id=37300\" class=\"dropdown-item\">2026<\/a><\/li>\n                                    <li><a href=\"\/sv\/?page_id=36060\" class=\"dropdown-item\">2025<\/a><\/li>\n                                    <li><a href=\"\/sv\/?page_id=35795\" class=\"dropdown-item\">2024<\/a><\/li>\n                                    <li><a href=\"\/sv\/?page_id=35722\" class=\"dropdown-item\">2023<\/a><\/li>\n                                    <li><a href=\"\/sv\/?page_id=35737\" class=\"dropdown-item\">2022<\/a><\/li>\n                                    <li><a href=\"\/sv\/?page_id=35742\" class=\"dropdown-item\">2021<\/a><\/li>\n                                    <li><a href=\"\/sv\/?page_id=35746\" class=\"dropdown-item\">2020<\/a><\/li>\n                                    <li><a href=\"\/sv\/?page_id=35750\" class=\"dropdown-item\">2019<\/a><\/li>\n                                    <li><a href=\"\/sv\/?page_id=35745\" class=\"dropdown-item\">2018<\/a><\/li>\n                                    <li><a href=\"\/sv\/?page_id=35749\" class=\"dropdown-item\">2017<\/a><\/li>\n                                    <li><a href=\"\/sv\/?page_id=35752\" class=\"dropdown-item\">X9<\/a><\/li>\n                                    <li><a href=\"\/sv\/?page_id=35756\" class=\"dropdown-item\">X8<\/a><\/li>\n                                    <li><a href=\"\/sv\/?page_id=35760\" class=\"dropdown-item\">X7<\/a><\/li>\n                                    <li><a href=\"\/sv\/?page_id=35754\" class=\"dropdown-item\">X6<\/a><\/li>\n                                    <li><a href=\"\/sv\/?page_id=35758\" class=\"dropdown-item\">X5<\/a><\/li>\n                                <\/ul>\n                            <\/div>\n                        <\/div>\n                    <\/div>\n                <\/div>\n            <\/div>\n<\/div>\n<\/div>\n\n<div class=\"wp-block-group is-style-container is-layout-flow wp-block-group-is-layout-flow\" style=\"padding-top:var(--wp--preset--spacing--6);padding-bottom:var(--wp--preset--spacing--6)\">\n<h2 class=\"wp-block-heading\">Mastercam 2025<\/h2>\n\n\n<div class=\"wp-block-tablepress\">\n<table id=\"tablepress-19\" class=\"tablepress tablepress-id-19\">\n<thead>\n<tr class=\"row-1\">\n\t<th class=\"column-1\">CAD Import\/Export<\/th><th class=\"column-2\">Extensions<\/th><th class=\"column-3\">Version<\/th><th class=\"column-4\">R\/W<\/th><th class=\"column-5\">Solids<\/th><th class=\"column-6\">Additional Information<\/th>\n<\/tr>\n<\/thead>\n<tbody class=\"row-striping row-hover\">\n<tr class=\"row-2\">\n\t<td class=\"column-1\">2D PDF<\/td><td class=\"column-2\">.PDF<\/td><td class=\"column-3\">n\/a<\/td><td class=\"column-4\">R<\/td><td class=\"column-5\"><\/td><td class=\"column-6\">Read wireframe and text only. To Write, use File-Print and &#8220;Print to PDF&#8221;.<\/td>\n<\/tr>\n<tr class=\"row-3\">\n\t<td class=\"column-1\">Dassault 3D Experience<\/td><td class=\"column-2\">.3DXML<\/td><td class=\"column-3\">R2025x<\/td><td class=\"column-4\">R<\/td><td class=\"column-5\">R<\/td><td class=\"column-6\">Catia V5\/V6 Read license required<\/td>\n<\/tr>\n<tr class=\"row-4\">\n\t<td class=\"column-1\">3D PDF<\/td><td class=\"column-2\">.PDF<\/td><td class=\"column-3\">n\/a<\/td><td class=\"column-4\">W<\/td><td class=\"column-5\">W<\/td><td class=\"column-6\">Write 3D PDF &#8211; all entities, levels, toolpaths, stock models. The 3D result is not viewable in a browser or hand-held device. We recommend the free Adode Reader.<\/td>\n<\/tr>\n<tr class=\"row-5\">\n\t<td class=\"column-1\">3D Mfg. Format<\/td><td class=\"column-2\">.3MF<\/td><td class=\"column-3\">n\/a<\/td><td class=\"column-4\">RW<\/td><td class=\"column-5\">W<\/td><td class=\"column-6\">Imports meshes. Exports Solids and Surfaces as meshes<\/td>\n<\/tr>\n<tr class=\"row-6\">\n\t<td class=\"column-1\">ACIS<\/td><td class=\"column-2\">.SAB, .SAT<\/td><td class=\"column-3\">2023.1<\/td><td class=\"column-4\">RW<\/td><td class=\"column-5\">RW<\/td><td class=\"column-6\"><\/td>\n<\/tr>\n<tr class=\"row-7\">\n\t<td class=\"column-1\">Additive Mfg.<\/td><td class=\"column-2\">.AMF<\/td><td class=\"column-3\">n\/a<\/td><td class=\"column-4\">RW<\/td><td class=\"column-5\">W<\/td><td class=\"column-6\">Imports meshes. Exports Solids and Surfaces as meshes<\/td>\n<\/tr>\n<tr class=\"row-8\">\n\t<td class=\"column-1\">Alibre Design<\/td><td class=\"column-2\">.AD_PRT, .AD_SMP<\/td><td class=\"column-3\">V24<\/td><td class=\"column-4\">R<\/td><td class=\"column-5\">R<\/td><td class=\"column-6\"><\/td>\n<\/tr>\n<tr class=\"row-9\">\n\t<td class=\"column-1\">Autocad<\/td><td class=\"column-2\">.DWG, .DXF<\/td><td class=\"column-3\">2025<\/td><td class=\"column-4\">RW<\/td><td class=\"column-5\">RW<\/td><td class=\"column-6\"><\/td>\n<\/tr>\n<tr class=\"row-10\">\n\t<td class=\"column-1\">Autocad<\/td><td class=\"column-2\">.DWF, .DWFX<\/td><td class=\"column-3\">2025<\/td><td class=\"column-4\">R<\/td><td class=\"column-5\">n\/a<\/td><td class=\"column-6\"><\/td>\n<\/tr>\n<tr class=\"row-11\">\n\t<td class=\"column-1\">Autodesk Inventor<\/td><td class=\"column-2\">.IPT, .IAM<\/td><td class=\"column-3\">2025<\/td><td class=\"column-4\">R<\/td><td class=\"column-5\">R<\/td><td class=\"column-6\"><\/td>\n<\/tr>\n<tr class=\"row-12\">\n\t<td class=\"column-1\">Autodesk Inventor<\/td><td class=\"column-2\">.IDW<\/td><td class=\"column-3\">2025<\/td><td class=\"column-4\">R<\/td><td class=\"column-5\">n\/a<\/td><td class=\"column-6\">Inventor must be installed on same system as Mastercam. Inventor is creating a DXF for Mastercam.<\/td>\n<\/tr>\n<tr class=\"row-13\">\n\t<td class=\"column-1\">Catia V5<\/td><td class=\"column-2\">.CATPart, CATProduct<\/td><td class=\"column-3\">V5-6R2024<\/td><td class=\"column-4\">R<\/td><td class=\"column-5\">R<\/td><td class=\"column-6\">Catia V5\/V6 Read license required<\/td>\n<\/tr>\n<tr class=\"row-14\">\n\t<td class=\"column-1\">IGES<\/td><td class=\"column-2\">.IGS<\/td><td class=\"column-3\">5.3<\/td><td class=\"column-4\">RW<\/td><td class=\"column-5\">W<\/td><td class=\"column-6\">Solids as surfaces. No views or drawing layouts.<\/td>\n<\/tr>\n<tr class=\"row-15\">\n\t<td class=\"column-1\">JT<\/td><td class=\"column-2\">.JT<\/td><td class=\"column-3\">10.7<\/td><td class=\"column-4\">R<\/td><td class=\"column-5\">R<\/td><td class=\"column-6\">Siemens 3D file format<\/td>\n<\/tr>\n<tr class=\"row-16\">\n\t<td class=\"column-1\">KeyCreator<\/td><td class=\"column-2\">.CKD<\/td><td class=\"column-3\">2021<\/td><td class=\"column-4\">R<\/td><td class=\"column-5\">R<\/td><td class=\"column-6\">Solids only.<\/td>\n<\/tr>\n<tr class=\"row-17\">\n\t<td class=\"column-1\">Parasolid<\/td><td class=\"column-2\">.X_T,  .X_B, .XMT_TXT<\/td><td class=\"column-3\">36<\/td><td class=\"column-4\">RW<\/td><td class=\"column-5\">RW<\/td><td class=\"column-6\"><\/td>\n<\/tr>\n<tr class=\"row-18\">\n\t<td class=\"column-1\">Postscript<\/td><td class=\"column-2\">.AI, .EPS, .PS<\/td><td class=\"column-3\">7,8*<\/td><td class=\"column-4\">R<\/td><td class=\"column-5\">n\/a<\/td><td class=\"column-6\"><\/td>\n<\/tr>\n<tr class=\"row-19\">\n\t<td class=\"column-1\">ProE \/ Creo<\/td><td class=\"column-2\">.PRT, .ASM<\/td><td class=\"column-3\">Creo 11.0<\/td><td class=\"column-4\">R<\/td><td class=\"column-5\">R<\/td><td class=\"column-6\">Creo Read Only license required <\/td>\n<\/tr>\n<tr class=\"row-20\">\n\t<td class=\"column-1\">Raster 2 Vector<\/td><td class=\"column-2\">.JPG, .TIF, .BMP<\/td><td class=\"column-3\">n\/a<\/td><td class=\"column-4\">R<\/td><td class=\"column-5\">n\/a<\/td><td class=\"column-6\"><\/td>\n<\/tr>\n<tr class=\"row-21\">\n\t<td class=\"column-1\">Rhino<\/td><td class=\"column-2\">.3DM<\/td><td class=\"column-3\">7<\/td><td class=\"column-4\">R<\/td><td class=\"column-5\">n\/a<\/td><td class=\"column-6\"><\/td>\n<\/tr>\n<tr class=\"row-22\">\n\t<td class=\"column-1\">Sketch Up<\/td><td class=\"column-2\">.skp<\/td><td class=\"column-3\">2024<\/td><td class=\"column-4\">R<\/td><td class=\"column-5\">n\/a<\/td><td class=\"column-6\">Mesh Entities <\/td>\n<\/tr>\n<tr class=\"row-23\">\n\t<td class=\"column-1\">SolidEdge<\/td><td class=\"column-2\">.PAR, .PSM, .ASM<\/td><td class=\"column-3\">2025<\/td><td class=\"column-4\">R<\/td><td class=\"column-5\">R<\/td><td class=\"column-6\"><\/td>\n<\/tr>\n<tr class=\"row-24\">\n\t<td class=\"column-1\">SOLIDWORKS<\/td><td class=\"column-2\">.SLDDRW<\/td><td class=\"column-3\">2024<\/td><td class=\"column-4\">R<\/td><td class=\"column-5\">n\/a<\/td><td class=\"column-6\">SOLIDWORKS 2024 must be installed on same system as Mastercam. (Create a DXF in solidWorks as a work around) <\/td>\n<\/tr>\n<tr class=\"row-25\">\n\t<td class=\"column-1\">SOLIDWORKS<\/td><td class=\"column-2\">.SLDPRT, .SLDASM<\/td><td class=\"column-3\">2025<\/td><td class=\"column-4\">R<\/td><td class=\"column-5\">R<\/td><td class=\"column-6\">Solids only. SOLIDWORKS required for Feature History or Sketches.<\/td>\n<\/tr>\n<tr class=\"row-26\">\n\t<td class=\"column-1\">SpaceClaim<\/td><td class=\"column-2\">.SCDOC<\/td><td class=\"column-3\">2022<\/td><td class=\"column-4\">R<\/td><td class=\"column-5\">R<\/td><td class=\"column-6\">Solids only<\/td>\n<\/tr>\n<tr class=\"row-27\">\n\t<td class=\"column-1\">STEP<\/td><td class=\"column-2\">.STP, .STEP<\/td><td class=\"column-3\">all<\/td><td class=\"column-4\">RW<\/td><td class=\"column-5\">RW<\/td><td class=\"column-6\">&#8220;Part 42&#8221; data\/AP203, AP214, AP242, AP242E3<\/td>\n<\/tr>\n<tr class=\"row-28\">\n\t<td class=\"column-1\">Stereolithography<\/td><td class=\"column-2\">.STL<\/td><td class=\"column-3\">1<\/td><td class=\"column-4\">RW<\/td><td class=\"column-5\">W<\/td><td class=\"column-6\">Imports meshes. Exports Solids and Surfaces as meshes.<\/td>\n<\/tr>\n<tr class=\"row-29\">\n\t<td class=\"column-1\">Unigraphics\/NX<\/td><td class=\"column-2\">.PRT<\/td><td class=\"column-3\">2406 Series (until 2406.7000)<\/td><td class=\"column-4\">R<\/td><td class=\"column-5\">R<\/td><td class=\"column-6\">UG \/NX 3D Read Only license required  <\/td>\n<\/tr>\n<tr class=\"row-30\">\n\t<td class=\"column-1\">VDA<\/td><td class=\"column-2\">.VDA<\/td><td class=\"column-3\">2<\/td><td class=\"column-4\">RW<\/td><td class=\"column-5\">W<\/td><td class=\"column-6\">Exports Solids as surfaces.<\/td>\n<\/tr>\n<tr class=\"row-31\">\n\t<td class=\"column-1\">Wavefront<\/td><td class=\"column-2\">.OBJ<\/td><td class=\"column-3\">n\/a<\/td><td class=\"column-4\">RW<\/td><td class=\"column-5\">W<\/td><td class=\"column-6\">Imports meshes. Exports Solids and Surfaces as meshes; Wireframe as polylines<\/td>\n<\/tr>\n<\/tbody>\n<\/table>\n<!-- #tablepress-19 from cache --><\/div><\/div>\n","protected":false},"excerpt":{"rendered":"<p>Mastercam st\u00f6der import och export av flera filformat. I tabellerna nedan kan du se vilka [&hellip;]<\/p>\n","protected":false},"author":1,"featured_media":0,"parent":37300,"menu_order":0,"comment_status":"closed","ping_status":"closed","template":"translators.blade.php","meta":{"_acf_changed":false,"footnotes":""},"class_list":["post-36060","page","type-page","status-publish","hentry"],"acf":[],"yoast_head":"<!-- This site is optimized with the Yoast SEO plugin v27.4 - https:\/\/yoast.com\/product\/yoast-seo-wordpress\/ -->\n<title>\u00d6vers\u00e4ttare -- Mastercam<\/title>\n<meta name=\"description\" content=\"Vi st\u00f6der import och export av flera filformat. Klicka f\u00f6r att se vilka filformatversioner som st\u00f6ds i varje Mastercam-version.\" \/>\n<meta name=\"robots\" content=\"index, follow, max-snippet:-1, max-image-preview:large, max-video-preview:-1\" \/>\n<link rel=\"canonical\" href=\"https:\/\/www.mastercam.com\/sv\/stod\/teknisk-support\/mastercam-oversattare\/mastercam-oversattare-2025\/\" \/>\n<meta property=\"og:locale\" content=\"sv_SE\" \/>\n<meta property=\"og:type\" content=\"article\" \/>\n<meta property=\"og:title\" content=\"\u00d6vers\u00e4ttare -- Mastercam\" \/>\n<meta property=\"og:description\" content=\"Vi st\u00f6der import och export av flera filformat. Klicka f\u00f6r att se vilka filformatversioner som st\u00f6ds i varje Mastercam-version.\" \/>\n<meta property=\"og:url\" content=\"https:\/\/www.mastercam.com\/sv\/stod\/teknisk-support\/mastercam-oversattare\/mastercam-oversattare-2025\/\" \/>\n<meta property=\"og:site_name\" content=\"mastercam.com\" \/>\n<meta property=\"article:publisher\" content=\"https:\/\/www.facebook.com\/Mastercam\/\" \/>\n<meta property=\"article:modified_time\" content=\"2026-01-16T16:15:20+00:00\" \/>\n<meta property=\"og:image\" content=\"https:\/\/www.mastercam.com\/wp-content\/uploads\/2024\/02\/drill-wide-photo-1200x675-1.jpg\" \/>\n\t<meta property=\"og:image:width\" content=\"1200\" \/>\n\t<meta property=\"og:image:height\" content=\"675\" \/>\n\t<meta property=\"og:image:type\" content=\"image\/jpeg\" \/>\n<meta name=\"twitter:card\" content=\"summary_large_image\" \/>\n<meta name=\"twitter:site\" content=\"@mastercam\" \/>\n<script type=\"application\/ld+json\" class=\"yoast-schema-graph\">{\"@context\":\"https:\\\/\\\/schema.org\",\"@graph\":[{\"@type\":\"WebPage\",\"@id\":\"https:\\\/\\\/www.mastercam.com\\\/sv\\\/stod\\\/teknisk-support\\\/mastercam-oversattare\\\/mastercam-oversattare-2025\\\/\",\"url\":\"https:\\\/\\\/www.mastercam.com\\\/sv\\\/stod\\\/teknisk-support\\\/mastercam-oversattare\\\/mastercam-oversattare-2025\\\/\",\"name\":\"\u00d6vers\u00e4ttare -- Mastercam\",\"isPartOf\":{\"@id\":\"https:\\\/\\\/www.mastercam.com\\\/sv\\\/#website\"},\"datePublished\":\"2025-07-24T13:16:57+00:00\",\"dateModified\":\"2026-01-16T16:15:20+00:00\",\"description\":\"Vi st\u00f6der import och export av flera filformat. Klicka f\u00f6r att se vilka filformatversioner som st\u00f6ds i varje Mastercam-version.\",\"breadcrumb\":{\"@id\":\"https:\\\/\\\/www.mastercam.com\\\/sv\\\/stod\\\/teknisk-support\\\/mastercam-oversattare\\\/mastercam-oversattare-2025\\\/#breadcrumb\"},\"inLanguage\":\"sv-SE\",\"potentialAction\":[{\"@type\":\"ReadAction\",\"target\":[\"https:\\\/\\\/www.mastercam.com\\\/sv\\\/stod\\\/teknisk-support\\\/mastercam-oversattare\\\/mastercam-oversattare-2025\\\/\"]}]},{\"@type\":\"BreadcrumbList\",\"@id\":\"https:\\\/\\\/www.mastercam.com\\\/sv\\\/stod\\\/teknisk-support\\\/mastercam-oversattare\\\/mastercam-oversattare-2025\\\/#breadcrumb\",\"itemListElement\":[{\"@type\":\"ListItem\",\"position\":1,\"name\":\"Home\",\"item\":\"https:\\\/\\\/www.mastercam.com\\\/sv\\\/\"},{\"@type\":\"ListItem\",\"position\":2,\"name\":\"St\u00f6d\",\"item\":\"https:\\\/\\\/www.mastercam.com\\\/sv\\\/stod\\\/\"},{\"@type\":\"ListItem\",\"position\":3,\"name\":\"Teknisk support\",\"item\":\"https:\\\/\\\/www.mastercam.com\\\/sv\\\/stod\\\/teknisk-support\\\/\"},{\"@type\":\"ListItem\",\"position\":4,\"name\":\"Mastercam-\u00f6vers\u00e4ttare\",\"item\":\"https:\\\/\\\/www.mastercam.com\\\/sv\\\/stod\\\/teknisk-support\\\/mastercam-oversattare\\\/\"},{\"@type\":\"ListItem\",\"position\":5,\"name\":\"Mastercam-\u00f6vers\u00e4ttare 2025\"}]},{\"@type\":\"WebSite\",\"@id\":\"https:\\\/\\\/www.mastercam.com\\\/sv\\\/#website\",\"url\":\"https:\\\/\\\/www.mastercam.com\\\/sv\\\/\",\"name\":\"Mastercam\",\"description\":\"Creating software and services that solve the world&#039;s manufacturing challenges\",\"publisher\":{\"@id\":\"https:\\\/\\\/www.mastercam.com\\\/sv\\\/#organization\"},\"potentialAction\":[{\"@type\":\"SearchAction\",\"target\":{\"@type\":\"EntryPoint\",\"urlTemplate\":\"https:\\\/\\\/www.mastercam.com\\\/sv\\\/?s={search_term_string}\"},\"query-input\":{\"@type\":\"PropertyValueSpecification\",\"valueRequired\":true,\"valueName\":\"search_term_string\"}}],\"inLanguage\":\"sv-SE\"},{\"@type\":\"Organization\",\"@id\":\"https:\\\/\\\/www.mastercam.com\\\/sv\\\/#organization\",\"name\":\"Mastercam\",\"url\":\"https:\\\/\\\/www.mastercam.com\\\/sv\\\/\",\"logo\":{\"@type\":\"ImageObject\",\"inLanguage\":\"sv-SE\",\"@id\":\"https:\\\/\\\/www.mastercam.com\\\/sv\\\/#\\\/schema\\\/logo\\\/image\\\/\",\"url\":\"https:\\\/\\\/www.mastercam.com\\\/wp-content\\\/uploads\\\/2023\\\/02\\\/MC_logo.svg\",\"contentUrl\":\"https:\\\/\\\/www.mastercam.com\\\/wp-content\\\/uploads\\\/2023\\\/02\\\/MC_logo.svg\",\"width\":230,\"height\":40,\"caption\":\"Mastercam\"},\"image\":{\"@id\":\"https:\\\/\\\/www.mastercam.com\\\/sv\\\/#\\\/schema\\\/logo\\\/image\\\/\"},\"sameAs\":[\"https:\\\/\\\/www.facebook.com\\\/Mastercam\\\/\",\"https:\\\/\\\/x.com\\\/mastercam\",\"https:\\\/\\\/www.linkedin.com\\\/company\\\/mastercam\",\"https:\\\/\\\/www.youtube.com\\\/channel\\\/UChJt5ruSkqnmFH44WsXVZLw\",\"https:\\\/\\\/www.instagram.com\\\/mastercam\\\/\"]}]}<\/script>\n<!-- \/ Yoast SEO plugin. -->","yoast_head_json":{"title":"\u00d6vers\u00e4ttare -- Mastercam","description":"Vi st\u00f6der import och export av flera filformat. Klicka f\u00f6r att se vilka filformatversioner som st\u00f6ds i varje Mastercam-version.","robots":{"index":"index","follow":"follow","max-snippet":"max-snippet:-1","max-image-preview":"max-image-preview:large","max-video-preview":"max-video-preview:-1"},"canonical":"https:\/\/www.mastercam.com\/sv\/stod\/teknisk-support\/mastercam-oversattare\/mastercam-oversattare-2025\/","og_locale":"sv_SE","og_type":"article","og_title":"\u00d6vers\u00e4ttare -- Mastercam","og_description":"Vi st\u00f6der import och export av flera filformat. Klicka f\u00f6r att se vilka filformatversioner som st\u00f6ds i varje Mastercam-version.","og_url":"https:\/\/www.mastercam.com\/sv\/stod\/teknisk-support\/mastercam-oversattare\/mastercam-oversattare-2025\/","og_site_name":"mastercam.com","article_publisher":"https:\/\/www.facebook.com\/Mastercam\/","article_modified_time":"2026-01-16T16:15:20+00:00","og_image":[{"width":1200,"height":675,"url":"https:\/\/www.mastercam.com\/wp-content\/uploads\/2024\/02\/drill-wide-photo-1200x675-1.jpg","type":"image\/jpeg"}],"twitter_card":"summary_large_image","twitter_site":"@mastercam","schema":{"@context":"https:\/\/schema.org","@graph":[{"@type":"WebPage","@id":"https:\/\/www.mastercam.com\/sv\/stod\/teknisk-support\/mastercam-oversattare\/mastercam-oversattare-2025\/","url":"https:\/\/www.mastercam.com\/sv\/stod\/teknisk-support\/mastercam-oversattare\/mastercam-oversattare-2025\/","name":"\u00d6vers\u00e4ttare -- Mastercam","isPartOf":{"@id":"https:\/\/www.mastercam.com\/sv\/#website"},"datePublished":"2025-07-24T13:16:57+00:00","dateModified":"2026-01-16T16:15:20+00:00","description":"Vi st\u00f6der import och export av flera filformat. Klicka f\u00f6r att se vilka filformatversioner som st\u00f6ds i varje Mastercam-version.","breadcrumb":{"@id":"https:\/\/www.mastercam.com\/sv\/stod\/teknisk-support\/mastercam-oversattare\/mastercam-oversattare-2025\/#breadcrumb"},"inLanguage":"sv-SE","potentialAction":[{"@type":"ReadAction","target":["https:\/\/www.mastercam.com\/sv\/stod\/teknisk-support\/mastercam-oversattare\/mastercam-oversattare-2025\/"]}]},{"@type":"BreadcrumbList","@id":"https:\/\/www.mastercam.com\/sv\/stod\/teknisk-support\/mastercam-oversattare\/mastercam-oversattare-2025\/#breadcrumb","itemListElement":[{"@type":"ListItem","position":1,"name":"Home","item":"https:\/\/www.mastercam.com\/sv\/"},{"@type":"ListItem","position":2,"name":"St\u00f6d","item":"https:\/\/www.mastercam.com\/sv\/stod\/"},{"@type":"ListItem","position":3,"name":"Teknisk support","item":"https:\/\/www.mastercam.com\/sv\/stod\/teknisk-support\/"},{"@type":"ListItem","position":4,"name":"Mastercam-\u00f6vers\u00e4ttare","item":"https:\/\/www.mastercam.com\/sv\/stod\/teknisk-support\/mastercam-oversattare\/"},{"@type":"ListItem","position":5,"name":"Mastercam-\u00f6vers\u00e4ttare 2025"}]},{"@type":"WebSite","@id":"https:\/\/www.mastercam.com\/sv\/#website","url":"https:\/\/www.mastercam.com\/sv\/","name":"Mastercam","description":"Creating software and services that solve the world&#039;s manufacturing challenges","publisher":{"@id":"https:\/\/www.mastercam.com\/sv\/#organization"},"potentialAction":[{"@type":"SearchAction","target":{"@type":"EntryPoint","urlTemplate":"https:\/\/www.mastercam.com\/sv\/?s={search_term_string}"},"query-input":{"@type":"PropertyValueSpecification","valueRequired":true,"valueName":"search_term_string"}}],"inLanguage":"sv-SE"},{"@type":"Organization","@id":"https:\/\/www.mastercam.com\/sv\/#organization","name":"Mastercam","url":"https:\/\/www.mastercam.com\/sv\/","logo":{"@type":"ImageObject","inLanguage":"sv-SE","@id":"https:\/\/www.mastercam.com\/sv\/#\/schema\/logo\/image\/","url":"https:\/\/www.mastercam.com\/wp-content\/uploads\/2023\/02\/MC_logo.svg","contentUrl":"https:\/\/www.mastercam.com\/wp-content\/uploads\/2023\/02\/MC_logo.svg","width":230,"height":40,"caption":"Mastercam"},"image":{"@id":"https:\/\/www.mastercam.com\/sv\/#\/schema\/logo\/image\/"},"sameAs":["https:\/\/www.facebook.com\/Mastercam\/","https:\/\/x.com\/mastercam","https:\/\/www.linkedin.com\/company\/mastercam","https:\/\/www.youtube.com\/channel\/UChJt5ruSkqnmFH44WsXVZLw","https:\/\/www.instagram.com\/mastercam\/"]}]}},"_links":{"self":[{"href":"https:\/\/www.mastercam.com\/sv\/wp-json\/wp\/v2\/pages\/36060","targetHints":{"allow":["GET"]}}],"collection":[{"href":"https:\/\/www.mastercam.com\/sv\/wp-json\/wp\/v2\/pages"}],"about":[{"href":"https:\/\/www.mastercam.com\/sv\/wp-json\/wp\/v2\/types\/page"}],"author":[{"embeddable":true,"href":"https:\/\/www.mastercam.com\/sv\/wp-json\/wp\/v2\/users\/1"}],"replies":[{"embeddable":true,"href":"https:\/\/www.mastercam.com\/sv\/wp-json\/wp\/v2\/comments?post=36060"}],"version-history":[{"count":0,"href":"https:\/\/www.mastercam.com\/sv\/wp-json\/wp\/v2\/pages\/36060\/revisions"}],"up":[{"embeddable":true,"href":"https:\/\/www.mastercam.com\/sv\/wp-json\/wp\/v2\/pages\/37300"}],"wp:attachment":[{"href":"https:\/\/www.mastercam.com\/sv\/wp-json\/wp\/v2\/media?parent=36060"}],"curies":[{"name":"wp","href":"https:\/\/api.w.org\/{rel}","templated":true}]}}