{"id":36001,"date":"2025-01-09T16:09:23","date_gmt":"2025-01-09T21:09:23","guid":{"rendered":"https:\/\/www.mastercam.com\/kursbeskrivningar\/mastercam-fras-3d\/"},"modified":"2026-01-16T11:15:16","modified_gmt":"2026-01-16T16:15:16","slug":"mastercam-fras-3d","status":"publish","type":"page","link":"https:\/\/www.mastercam.com\/sv\/stod\/produktutbildning\/kursbeskrivningar\/mastercam-fras-3d\/","title":{"rendered":"Mastercam Fr\u00e4s 3D"},"content":{"rendered":"<div class=\"hero__breadcrumbs\">\n    <div class=\"container-fluid\">\n      <div class=\"row\">\n        <div class=\"col\">\n          <nav aria-label=\"breadcrumbs\"><ol class=\"breadcrumb\"><li><a href=\"https:\/\/www.mastercam.com\/sv\/\">Home<\/a><\/li><\/ol><\/nav>\n        <\/div>\n      <\/div>\n    <\/div>\n  <\/div>\n\n<div class=\"hero hero--minimal wp-block-acf-block-hero\">\n  <div class=\"container-fluid\">\n    <div class=\"row align-items-center\">\n      \n      \n      \n      <div class=\"col-12 col-lg-7 order-2 order-lg-2 hero__content-column\">\n        <div class=\"hero__content\">\n                      <h1 class=\"hero__heading\">\n              \n              Mastercam Fr\u00e4s 3D\n            <\/h1>\n          \n                      <p class=\"hero__text\">L\u00e4r dig skapa verktygsbanor i 3D med v\u00e5ra expertinstrukt\u00f6rer. Utveckla f\u00e4rdigheter i att redigera ytor, programmera High Speed- och Legacy-verktygsbanor och anv\u00e4nda lagermodeller. F\u00f6rb\u00e4ttra din maskinbearbetning med avancerade tekniker f\u00f6r toleransinst\u00e4llningar och backplottningstekniker, inst\u00e4llning av verktygsgr\u00e4nser och kontroll av gouge!  <\/p>\n          \n          \n          \n          \n                  <\/div>\n      <\/div>\n    <\/div>\n  <\/div>\n<\/div>\n\n<div class=\"wp-block-columns is-style-container is-layout-flex wp-container-core-columns-is-layout-28f84493 wp-block-columns-is-layout-flex\">\n<div class=\"wp-block-column is-layout-flow wp-block-column-is-layout-flow\" style=\"flex-basis:66%\">\n<h2 class=\"wp-block-heading h5\">Varaktighet<\/h2>\n\n\n\n<p class=\"mb-4 mt-0\">3 dagar<\/p>\n\n\n\n<h2 class=\"wp-block-heading h5\">F\u00f6rkunskapskrav<\/h2>\n\n\n\n<p class=\"mb-4 mt-0\">Grunderna i Mastercam Mill<\/p>\n\n\n\n<p>Instrukt\u00f6rerna handleder eleverna i att skapa 3D-verktygsbanor. Eleverna f\u00e5r l\u00e4ra sig genom l\u00e4rarledda \u00f6vningar och sedan arbeta med \u00f6ver 60 elev\u00f6vningar f\u00f6r att skapa och redigera komplexa ytor och kurvor och sedan programmera dem med hj\u00e4lp av en m\u00e4ngd effektiva 3D-verktygsbanor med fokus p\u00e5 High Speed och Legacy-verktygsbanor. Dessutom f\u00e5r eleverna l\u00e4ra sig att anv\u00e4nda lagermodeller och till\u00e4mpa olika arbetsh\u00e5llningsapplikationer, spaltinst\u00e4llningar, verktygsgr\u00e4nser och kontroll av gouge.  <\/p>\n<\/div>\n\n\n\n<div class=\"wp-block-column is-layout-flow wp-block-column-is-layout-flow\">\n<figure class=\"wp-block-image size-full\"><img loading=\"lazy\" decoding=\"async\" width=\"446\" height=\"446\" src=\"https:\/\/www.mastercam.com\/wp-content\/uploads\/2023\/01\/mc-product-mill.png\" alt=\"Mastercam Fr&#xE4;s\" class=\"wp-image-25176\" srcset=\"https:\/\/www.mastercam.com\/wp-content\/uploads\/2023\/01\/mc-product-mill.png 446w, https:\/\/www.mastercam.com\/wp-content\/uploads\/2023\/01\/mc-product-mill-300x300.png 300w, https:\/\/www.mastercam.com\/wp-content\/uploads\/2023\/01\/mc-product-mill-150x150.png 150w, https:\/\/www.mastercam.com\/wp-content\/uploads\/2023\/01\/mc-product-mill-112x112.png 112w, https:\/\/www.mastercam.com\/wp-content\/uploads\/2023\/01\/mc-product-mill-224x224.png 224w\" sizes=\"auto, (max-width: 446px) 100vw, 446px\" \/><\/figure>\n<\/div>\n<\/div>\n\n<div class=\"wp-block-columns is-style-container is-layout-flex wp-container-core-columns-is-layout-28f84493 wp-block-columns-is-layout-flex\">\n<div class=\"wp-block-column is-layout-flow wp-block-column-is-layout-flow\">\n<h2 class=\"wp-block-heading h5\">\u00c4mnen som omfattas<\/h2>\n\n\n\n<ul class=\"wp-block-list horizontal-list\">\n<li>Skapa\/modifiera ytor<\/li>\n\n\n\n<li>Skapa 3D-kurvor<\/li>\n\n\n\n<li>Verktyg p\u00e5 markytan<\/li>\n\n\n\n<li>Lager Modellapplikationer<\/li>\n\n\n\n<li>Applikationer f\u00f6r arbetsh\u00e5llare<\/li>\n\n\n\n<li>3D Tr\u00e5dmodell konturering maskinbearbetning<\/li>\n\n\n\n<li>Legacy 3D-ytbearbetning<\/li>\n\n\n\n<li>3D ytbearbetning med h\u00f6g hastighet<\/li>\n\n\n\n<li>Verktygsbanefiltrering och toleransinst\u00e4llningar<\/li>\n\n\n\n<li>Gouge-kontroll<\/li>\n\n\n\n<li>Verktygsgr\u00e4nser<\/li>\n\n\n\n<li>Nedskurna djup<\/li>\n<\/ul>\n\n\n\n<div style=\"height:47px\" aria-hidden=\"true\" class=\"wp-block-spacer\"><\/div>\n\n\n\n<h2 class=\"wp-block-heading h5\">Registrera dig f\u00f6r kommande utbildningstillf\u00e4llen<\/h2>\n\n\n\n<script data-js='tribe-events-view-nonce-data' type='application\/json'>{\"tvn1\":\"3480f138db\",\"tvn2\":\"\"}<\/script>\n\n\n\n<div style=\"height:76px\" aria-hidden=\"true\" class=\"wp-block-spacer\"><\/div>\n<\/div>\n<\/div>\n\n<div class=\"wp-block-group is-style-secondarybg flush-to-footer is-layout-constrained wp-block-group-is-layout-constrained\" style=\"margin-bottom:var(--wp--preset--spacing--6)\">\n<div class=\"wp-block-columns is-style-container is-layout-flex wp-container-core-columns-is-layout-28f84493 wp-block-columns-is-layout-flex\">\n<div class=\"wp-block-column is-layout-flow wp-block-column-is-layout-flow\"><div class=\"cta-with-image-alt align wp-block-acf-block-cta-with-image-alt\">\n    <div class=\"container-fluid\">\n    <div class=\"cta-with-image-alt__content\">\n      <div class=\"cta-with-image-alt__text\">\n                <h2 class=\"cta-with-image-alt__heading\">Vill du veta mer om Mastercam-kurser?<\/h2>\n                        <p class=\"mb-0\">Kontakta Mastercam idag f\u00f6r att ta n\u00e4sta steg i din utbildning.<\/p>\n              <\/div>\n            <ul class=\"list-inline mt-4\">\n        <li class=\"list-inline-item py-1\">\n          <a href=\"https:\/\/www.mastercam.com\/sv\/kontakta-oss\/\" class=\"btn btn-light\">Kontakta oss<\/a>\n        <\/li>\n      <\/ul>\n          <\/div>\n  <\/div>\n<\/div>\n<\/div>\n<\/div>\n<\/div>\n","protected":false},"excerpt":{"rendered":"<p>Varaktighet 3 dagar F\u00f6rkunskapskrav Grunderna i Mastercam Mill Instrukt\u00f6rerna handleder eleverna i att skapa 3D-verktygsbanor. [&hellip;]<\/p>\n","protected":false},"author":1,"featured_media":0,"parent":35961,"menu_order":0,"comment_status":"closed","ping_status":"closed","template":"","meta":{"_acf_changed":false,"footnotes":""},"class_list":["post-36001","page","type-page","status-publish","hentry"],"acf":[],"yoast_head":"<!-- This site is optimized with the Yoast SEO plugin v27.5 - https:\/\/yoast.com\/product\/yoast-seo-wordpress\/ -->\n<title>Mastercam Fr\u00e4s 3D - mastercam.com<\/title>\n<meta name=\"description\" content=\"Varaktighet 3 dagar F\u00f6rkunskapskrav Grunderna i Mastercam Mill Instrukt\u00f6rerna handleder eleverna i att skapa 3D-verktygsbanor. Eleverna f\u00e5r l\u00e4ra sig genom\" \/>\n<meta name=\"robots\" content=\"index, follow, max-snippet:-1, max-image-preview:large, max-video-preview:-1\" \/>\n<link rel=\"canonical\" href=\"https:\/\/www.mastercam.com\/sv\/stod\/produktutbildning\/kursbeskrivningar\/mastercam-fras-3d\/\" \/>\n<meta property=\"og:locale\" content=\"sv_SE\" \/>\n<meta property=\"og:type\" content=\"article\" \/>\n<meta property=\"og:title\" content=\"Mastercam Fr\u00e4s 3D - mastercam.com\" \/>\n<meta property=\"og:description\" content=\"Varaktighet 3 dagar F\u00f6rkunskapskrav Grunderna i Mastercam Mill Instrukt\u00f6rerna handleder eleverna i att skapa 3D-verktygsbanor. Eleverna f\u00e5r l\u00e4ra sig genom\" \/>\n<meta property=\"og:url\" content=\"https:\/\/www.mastercam.com\/sv\/stod\/produktutbildning\/kursbeskrivningar\/mastercam-fras-3d\/\" \/>\n<meta property=\"og:site_name\" content=\"mastercam.com\" \/>\n<meta property=\"article:publisher\" content=\"https:\/\/www.facebook.com\/Mastercam\/\" \/>\n<meta property=\"article:modified_time\" content=\"2026-01-16T16:15:16+00:00\" \/>\n<meta property=\"og:image\" content=\"https:\/\/www.mastercam.com\/wp-content\/uploads\/2023\/01\/mc-product-mill.png\" \/>\n<meta name=\"twitter:card\" content=\"summary_large_image\" \/>\n<meta name=\"twitter:site\" content=\"@mastercam\" \/>\n<meta name=\"twitter:label1\" content=\"Est. reading time\" \/>\n\t<meta name=\"twitter:data1\" content=\"1 minute\" \/>\n<script type=\"application\/ld+json\" class=\"yoast-schema-graph\">{\"@context\":\"https:\\\/\\\/schema.org\",\"@graph\":[{\"@type\":\"WebPage\",\"@id\":\"https:\\\/\\\/www.mastercam.com\\\/sv\\\/stod\\\/produktutbildning\\\/kursbeskrivningar\\\/mastercam-fras-3d\\\/\",\"url\":\"https:\\\/\\\/www.mastercam.com\\\/sv\\\/stod\\\/produktutbildning\\\/kursbeskrivningar\\\/mastercam-fras-3d\\\/\",\"name\":\"Mastercam Fr\u00e4s 3D - mastercam.com\",\"isPartOf\":{\"@id\":\"https:\\\/\\\/www.mastercam.com\\\/sv\\\/#website\"},\"primaryImageOfPage\":{\"@id\":\"https:\\\/\\\/www.mastercam.com\\\/sv\\\/stod\\\/produktutbildning\\\/kursbeskrivningar\\\/mastercam-fras-3d\\\/#primaryimage\"},\"image\":{\"@id\":\"https:\\\/\\\/www.mastercam.com\\\/sv\\\/stod\\\/produktutbildning\\\/kursbeskrivningar\\\/mastercam-fras-3d\\\/#primaryimage\"},\"thumbnailUrl\":\"https:\\\/\\\/www.mastercam.com\\\/wp-content\\\/uploads\\\/2023\\\/01\\\/mc-product-mill.png\",\"datePublished\":\"2025-01-09T21:09:23+00:00\",\"dateModified\":\"2026-01-16T16:15:16+00:00\",\"description\":\"Varaktighet 3 dagar F\u00f6rkunskapskrav Grunderna i Mastercam Mill Instrukt\u00f6rerna handleder eleverna i att skapa 3D-verktygsbanor. Eleverna f\u00e5r l\u00e4ra sig genom\",\"breadcrumb\":{\"@id\":\"https:\\\/\\\/www.mastercam.com\\\/sv\\\/stod\\\/produktutbildning\\\/kursbeskrivningar\\\/mastercam-fras-3d\\\/#breadcrumb\"},\"inLanguage\":\"sv-SE\",\"potentialAction\":[{\"@type\":\"ReadAction\",\"target\":[\"https:\\\/\\\/www.mastercam.com\\\/sv\\\/stod\\\/produktutbildning\\\/kursbeskrivningar\\\/mastercam-fras-3d\\\/\"]}]},{\"@type\":\"ImageObject\",\"inLanguage\":\"sv-SE\",\"@id\":\"https:\\\/\\\/www.mastercam.com\\\/sv\\\/stod\\\/produktutbildning\\\/kursbeskrivningar\\\/mastercam-fras-3d\\\/#primaryimage\",\"url\":\"https:\\\/\\\/www.mastercam.com\\\/wp-content\\\/uploads\\\/2023\\\/01\\\/mc-product-mill.png\",\"contentUrl\":\"https:\\\/\\\/www.mastercam.com\\\/wp-content\\\/uploads\\\/2023\\\/01\\\/mc-product-mill.png\"},{\"@type\":\"BreadcrumbList\",\"@id\":\"https:\\\/\\\/www.mastercam.com\\\/sv\\\/stod\\\/produktutbildning\\\/kursbeskrivningar\\\/mastercam-fras-3d\\\/#breadcrumb\",\"itemListElement\":[{\"@type\":\"ListItem\",\"position\":1,\"name\":\"Home\",\"item\":\"https:\\\/\\\/www.mastercam.com\\\/sv\\\/\"},{\"@type\":\"ListItem\",\"position\":2,\"name\":\"St\u00f6d\",\"item\":\"https:\\\/\\\/www.mastercam.com\\\/sv\\\/stod\\\/\"},{\"@type\":\"ListItem\",\"position\":3,\"name\":\"Produktutbildning\",\"item\":\"https:\\\/\\\/www.mastercam.com\\\/sv\\\/stod\\\/produktutbildning\\\/\"},{\"@type\":\"ListItem\",\"position\":4,\"name\":\"Kursbeskrivningar\",\"item\":\"https:\\\/\\\/www.mastercam.com\\\/sv\\\/stod\\\/produktutbildning\\\/kursbeskrivningar\\\/\"},{\"@type\":\"ListItem\",\"position\":5,\"name\":\"Mastercam Fr\u00e4s 3D\"}]},{\"@type\":\"WebSite\",\"@id\":\"https:\\\/\\\/www.mastercam.com\\\/sv\\\/#website\",\"url\":\"https:\\\/\\\/www.mastercam.com\\\/sv\\\/\",\"name\":\"Mastercam\",\"description\":\"Creating software and services that solve the world&#039;s manufacturing challenges\",\"publisher\":{\"@id\":\"https:\\\/\\\/www.mastercam.com\\\/sv\\\/#organization\"},\"potentialAction\":[{\"@type\":\"SearchAction\",\"target\":{\"@type\":\"EntryPoint\",\"urlTemplate\":\"https:\\\/\\\/www.mastercam.com\\\/sv\\\/?s={search_term_string}\"},\"query-input\":{\"@type\":\"PropertyValueSpecification\",\"valueRequired\":true,\"valueName\":\"search_term_string\"}}],\"inLanguage\":\"sv-SE\"},{\"@type\":\"Organization\",\"@id\":\"https:\\\/\\\/www.mastercam.com\\\/sv\\\/#organization\",\"name\":\"Mastercam\",\"url\":\"https:\\\/\\\/www.mastercam.com\\\/sv\\\/\",\"logo\":{\"@type\":\"ImageObject\",\"inLanguage\":\"sv-SE\",\"@id\":\"https:\\\/\\\/www.mastercam.com\\\/sv\\\/#\\\/schema\\\/logo\\\/image\\\/\",\"url\":\"https:\\\/\\\/www.mastercam.com\\\/wp-content\\\/uploads\\\/2023\\\/02\\\/MC_logo.svg\",\"contentUrl\":\"https:\\\/\\\/www.mastercam.com\\\/wp-content\\\/uploads\\\/2023\\\/02\\\/MC_logo.svg\",\"width\":230,\"height\":40,\"caption\":\"Mastercam\"},\"image\":{\"@id\":\"https:\\\/\\\/www.mastercam.com\\\/sv\\\/#\\\/schema\\\/logo\\\/image\\\/\"},\"sameAs\":[\"https:\\\/\\\/www.facebook.com\\\/Mastercam\\\/\",\"https:\\\/\\\/x.com\\\/mastercam\",\"https:\\\/\\\/www.linkedin.com\\\/company\\\/mastercam\",\"https:\\\/\\\/www.youtube.com\\\/channel\\\/UChJt5ruSkqnmFH44WsXVZLw\",\"https:\\\/\\\/www.instagram.com\\\/mastercam\\\/\"]}]}<\/script>\n<!-- \/ Yoast SEO plugin. -->","yoast_head_json":{"title":"Mastercam Fr\u00e4s 3D - mastercam.com","description":"Varaktighet 3 dagar F\u00f6rkunskapskrav Grunderna i Mastercam Mill Instrukt\u00f6rerna handleder eleverna i att skapa 3D-verktygsbanor. Eleverna f\u00e5r l\u00e4ra sig genom","robots":{"index":"index","follow":"follow","max-snippet":"max-snippet:-1","max-image-preview":"max-image-preview:large","max-video-preview":"max-video-preview:-1"},"canonical":"https:\/\/www.mastercam.com\/sv\/stod\/produktutbildning\/kursbeskrivningar\/mastercam-fras-3d\/","og_locale":"sv_SE","og_type":"article","og_title":"Mastercam Fr\u00e4s 3D - mastercam.com","og_description":"Varaktighet 3 dagar F\u00f6rkunskapskrav Grunderna i Mastercam Mill Instrukt\u00f6rerna handleder eleverna i att skapa 3D-verktygsbanor. Eleverna f\u00e5r l\u00e4ra sig genom","og_url":"https:\/\/www.mastercam.com\/sv\/stod\/produktutbildning\/kursbeskrivningar\/mastercam-fras-3d\/","og_site_name":"mastercam.com","article_publisher":"https:\/\/www.facebook.com\/Mastercam\/","article_modified_time":"2026-01-16T16:15:16+00:00","og_image":[{"url":"https:\/\/www.mastercam.com\/wp-content\/uploads\/2023\/01\/mc-product-mill.png","type":"","width":"","height":""}],"twitter_card":"summary_large_image","twitter_site":"@mastercam","twitter_misc":{"Est. reading time":"1 minute"},"schema":{"@context":"https:\/\/schema.org","@graph":[{"@type":"WebPage","@id":"https:\/\/www.mastercam.com\/sv\/stod\/produktutbildning\/kursbeskrivningar\/mastercam-fras-3d\/","url":"https:\/\/www.mastercam.com\/sv\/stod\/produktutbildning\/kursbeskrivningar\/mastercam-fras-3d\/","name":"Mastercam Fr\u00e4s 3D - mastercam.com","isPartOf":{"@id":"https:\/\/www.mastercam.com\/sv\/#website"},"primaryImageOfPage":{"@id":"https:\/\/www.mastercam.com\/sv\/stod\/produktutbildning\/kursbeskrivningar\/mastercam-fras-3d\/#primaryimage"},"image":{"@id":"https:\/\/www.mastercam.com\/sv\/stod\/produktutbildning\/kursbeskrivningar\/mastercam-fras-3d\/#primaryimage"},"thumbnailUrl":"https:\/\/www.mastercam.com\/wp-content\/uploads\/2023\/01\/mc-product-mill.png","datePublished":"2025-01-09T21:09:23+00:00","dateModified":"2026-01-16T16:15:16+00:00","description":"Varaktighet 3 dagar F\u00f6rkunskapskrav Grunderna i Mastercam Mill Instrukt\u00f6rerna handleder eleverna i att skapa 3D-verktygsbanor. Eleverna f\u00e5r l\u00e4ra sig genom","breadcrumb":{"@id":"https:\/\/www.mastercam.com\/sv\/stod\/produktutbildning\/kursbeskrivningar\/mastercam-fras-3d\/#breadcrumb"},"inLanguage":"sv-SE","potentialAction":[{"@type":"ReadAction","target":["https:\/\/www.mastercam.com\/sv\/stod\/produktutbildning\/kursbeskrivningar\/mastercam-fras-3d\/"]}]},{"@type":"ImageObject","inLanguage":"sv-SE","@id":"https:\/\/www.mastercam.com\/sv\/stod\/produktutbildning\/kursbeskrivningar\/mastercam-fras-3d\/#primaryimage","url":"https:\/\/www.mastercam.com\/wp-content\/uploads\/2023\/01\/mc-product-mill.png","contentUrl":"https:\/\/www.mastercam.com\/wp-content\/uploads\/2023\/01\/mc-product-mill.png"},{"@type":"BreadcrumbList","@id":"https:\/\/www.mastercam.com\/sv\/stod\/produktutbildning\/kursbeskrivningar\/mastercam-fras-3d\/#breadcrumb","itemListElement":[{"@type":"ListItem","position":1,"name":"Home","item":"https:\/\/www.mastercam.com\/sv\/"},{"@type":"ListItem","position":2,"name":"St\u00f6d","item":"https:\/\/www.mastercam.com\/sv\/stod\/"},{"@type":"ListItem","position":3,"name":"Produktutbildning","item":"https:\/\/www.mastercam.com\/sv\/stod\/produktutbildning\/"},{"@type":"ListItem","position":4,"name":"Kursbeskrivningar","item":"https:\/\/www.mastercam.com\/sv\/stod\/produktutbildning\/kursbeskrivningar\/"},{"@type":"ListItem","position":5,"name":"Mastercam Fr\u00e4s 3D"}]},{"@type":"WebSite","@id":"https:\/\/www.mastercam.com\/sv\/#website","url":"https:\/\/www.mastercam.com\/sv\/","name":"Mastercam","description":"Creating software and services that solve the world&#039;s manufacturing challenges","publisher":{"@id":"https:\/\/www.mastercam.com\/sv\/#organization"},"potentialAction":[{"@type":"SearchAction","target":{"@type":"EntryPoint","urlTemplate":"https:\/\/www.mastercam.com\/sv\/?s={search_term_string}"},"query-input":{"@type":"PropertyValueSpecification","valueRequired":true,"valueName":"search_term_string"}}],"inLanguage":"sv-SE"},{"@type":"Organization","@id":"https:\/\/www.mastercam.com\/sv\/#organization","name":"Mastercam","url":"https:\/\/www.mastercam.com\/sv\/","logo":{"@type":"ImageObject","inLanguage":"sv-SE","@id":"https:\/\/www.mastercam.com\/sv\/#\/schema\/logo\/image\/","url":"https:\/\/www.mastercam.com\/wp-content\/uploads\/2023\/02\/MC_logo.svg","contentUrl":"https:\/\/www.mastercam.com\/wp-content\/uploads\/2023\/02\/MC_logo.svg","width":230,"height":40,"caption":"Mastercam"},"image":{"@id":"https:\/\/www.mastercam.com\/sv\/#\/schema\/logo\/image\/"},"sameAs":["https:\/\/www.facebook.com\/Mastercam\/","https:\/\/x.com\/mastercam","https:\/\/www.linkedin.com\/company\/mastercam","https:\/\/www.youtube.com\/channel\/UChJt5ruSkqnmFH44WsXVZLw","https:\/\/www.instagram.com\/mastercam\/"]}]}},"_links":{"self":[{"href":"https:\/\/www.mastercam.com\/sv\/wp-json\/wp\/v2\/pages\/36001","targetHints":{"allow":["GET"]}}],"collection":[{"href":"https:\/\/www.mastercam.com\/sv\/wp-json\/wp\/v2\/pages"}],"about":[{"href":"https:\/\/www.mastercam.com\/sv\/wp-json\/wp\/v2\/types\/page"}],"author":[{"embeddable":true,"href":"https:\/\/www.mastercam.com\/sv\/wp-json\/wp\/v2\/users\/1"}],"replies":[{"embeddable":true,"href":"https:\/\/www.mastercam.com\/sv\/wp-json\/wp\/v2\/comments?post=36001"}],"version-history":[{"count":0,"href":"https:\/\/www.mastercam.com\/sv\/wp-json\/wp\/v2\/pages\/36001\/revisions"}],"up":[{"embeddable":true,"href":"https:\/\/www.mastercam.com\/sv\/wp-json\/wp\/v2\/pages\/35961"}],"wp:attachment":[{"href":"https:\/\/www.mastercam.com\/sv\/wp-json\/wp\/v2\/media?parent=36001"}],"curies":[{"name":"wp","href":"https:\/\/api.w.org\/{rel}","templated":true}]}}