{"id":35956,"date":"2024-08-29T16:04:24","date_gmt":"2024-08-29T20:04:24","guid":{"rendered":"https:\/\/www.mastercam.com\/avslojande-av-sarbarhet-i-mastercam\/"},"modified":"2026-01-16T11:19:42","modified_gmt":"2026-01-16T16:19:42","slug":"avslojande-av-sarbarhet-i-mastercam","status":"publish","type":"page","link":"https:\/\/www.mastercam.com\/sv\/integritet\/avslojande-av-sarbarhet-i-mastercam\/","title":{"rendered":"Avsl\u00f6jande av s\u00e5rbarhet i Mastercam"},"content":{"rendered":"<div class=\"hero__breadcrumbs\">\n    <div class=\"container-fluid\">\n      <div class=\"row\">\n        <div class=\"col\">\n          <nav aria-label=\"breadcrumbs\"><ol class=\"breadcrumb\"><li><a href=\"https:\/\/www.mastercam.com\/sv\/\">Home<\/a><\/li><\/ol><\/nav>\n        <\/div>\n      <\/div>\n    <\/div>\n  <\/div>\n\n<div class=\"hero hero--minimal wp-block-acf-block-hero\">\n  <div class=\"container-fluid\">\n    <div class=\"row align-items-center\">\n      \n      \n      \n      <div class=\"col-12 col-lg-7 order-2 order-lg-2 hero__content-column\">\n        <div class=\"hero__content\">\n                      <h1 class=\"hero__heading\">\n              \n              Avsl\u00f6jande av s\u00e5rbarhet i Mastercam\n            <\/h1>\n          \n          \n          \n          \n          \n                  <\/div>\n      <\/div>\n    <\/div>\n  <\/div>\n<\/div>\n\n<div class=\"wp-block-columns is-style-container is-layout-flex wp-container-core-columns-is-layout-28f84493 wp-block-columns-is-layout-flex\">\n<div class=\"wp-block-column is-layout-flow wp-block-column-is-layout-flow\">\n<h2 class=\"wp-block-heading\">\u00d6versikt<\/h2>\n\n\n\n<p>Mastercam \u00e4r fast beslutna att \u00e5tg\u00e4rda eventuella s\u00e5rbarheter i v\u00e5ra produkter. Vi v\u00e4lkomnar samarbete med forskare som uppt\u00e4cker dessa problem och kommer att str\u00e4va efter att l\u00f6sa dem snabbt. Vi l\u00e4gger ocks\u00e5 stor vikt vid att erk\u00e4nna och uppskatta bidragen fr\u00e5n forskare som samarbetar med oss f\u00f6r att f\u00f6rb\u00e4ttra s\u00e4kerheten i Mastercam.  <\/p>\n\n\n\n<h2 class=\"wp-block-heading\">Dom\u00e4ner<\/h2>\n\n\n\n<ul class=\"wp-block-list\">\n<li>Mastercam.com<\/li>\n\n\n\n<li>my.Mastercam.com<\/li>\n<\/ul>\n\n\n\n<h2 class=\"wp-block-heading\">M\u00e5l f\u00f6r respons<\/h2>\n\n\n\n<p>Mastercam kommer att str\u00e4va efter att uppfylla f\u00f6ljande SLA f\u00f6r deltagare i v\u00e5rt program:<\/p>\n\n\n\n<figure class=\"wp-block-table\"><table class=\"has-fixed-layout\"><tbody><tr><td><strong>Typ av svar<\/strong><\/td><td><strong>SLA inom arbetsdagar<\/strong><\/td><\/tr><tr><td>F\u00f6rsta svaret<\/td><td>2 dagar<\/td><\/tr><tr><td>Tid till triagering<\/td><td>5 dagar<\/td><\/tr><tr><td>Tid till l\u00f6sning<\/td><td>Beroende p\u00e5 allvarlighetsgrad och komplexitet<\/td><\/tr><\/tbody><\/table><\/figure>\n\n\n\n<p><em>Vi kommer att str\u00e4va efter att h\u00e5lla dig informerad om v\u00e5ra framsteg under hela processen.<\/em><\/p>\n\n\n\n<h2 class=\"wp-block-heading\">Programregler<\/h2>\n\n\n\n<ul class=\"wp-block-list\">\n<li>Anst\u00e4llda eller anh\u00f6riga till anst\u00e4llda f\u00e5r inte delta.<\/li>\n\n\n\n<li>V\u00e4nligen l\u00e4mna detaljerade rapporter med reproducerbara steg eller ett fungerande Proof of Concept<\/li>\n\n\n\n<li>Skicka in en s\u00e5rbarhet per rapport, s\u00e5vida du inte beh\u00f6ver kedja s\u00e5rbarheter f\u00f6r att ge effekt.<\/li>\n\n\n\n<li>Offentligg\u00f6r inte ett s\u00e4kerhetsproblem innan det har \u00e5tg\u00e4rdats.<\/li>\n<\/ul>\n\n\n\n<h2 class=\"wp-block-heading\">Prioritet<\/h2>\n\n\n\n<p>V\u00e5rt huvudfokus ligger p\u00e5 kritiska och mycket allvarliga s\u00e5rbarheter som \u00e4ventyrar konfidentialiteten, tillg\u00e4ngligheten och integriteten i en applikation, med tonvikt p\u00e5 <a href=\"https:\/\/owasp.org\/www-project-desktop-app-security-top-10\/\">OWASP Top 10 Desktop Application Security Risks<\/a>. Vi prioriterar f\u00f6ljande typer av s\u00e5rbarheter:   <\/p>\n\n\n\n<ul class=\"wp-block-list\">\n<li>Exponering av k\u00e4nslig data<\/li>\n\n\n\n<li>Felaktig anv\u00e4ndning av kryptografi  <\/li>\n\n\n\n<li>Anv\u00e4nda komponenter med k\u00e4nda s\u00e5rbarheter<\/li>\n\n\n\n<li>Otillr\u00e4cklig loggning och \u00f6vervakning<\/li>\n\n\n\n<li>D\u00e5lig kodkvalitet<\/li>\n\n\n\n<li>Exekvering av fj\u00e4rrkod<\/li>\n\n\n\n<li>Omkoppling av autentisering<\/li>\n\n\n\n<li>F\u00f6rladdning av DLL<\/li>\n\n\n\n<li>Problem med serialisering<\/li>\n\n\n\n<li>Stack\/Heap-buffert\u00f6verfl\u00f6d och minnes\u00f6verskrivning<\/li>\n\n\n\n<li>Anv\u00e4nd efter Free<\/li>\n\n\n\n<li>XML External Entity Processing vid kritiska \u00e5tg\u00e4rder<\/li>\n<\/ul>\n\n\n\n<h2 class=\"wp-block-heading\">Omfattning<\/h2>\n\n\n\n<h3 class=\"wp-block-heading\">I omfattning<\/h3>\n\n\n\n<p>F\u00f6r n\u00e4rvarande s\u00f6ker vi endast feedback om s\u00e5rbarheter f\u00f6r de versioner som st\u00f6ds av f\u00f6ljande applikationer och tj\u00e4nster:  <\/p>\n\n\n\n<ul class=\"wp-block-list\">\n<li>Mastercam-produkter<\/li>\n<\/ul>\n\n\n\n<h3 class=\"wp-block-heading\">Utanf\u00f6r r\u00e4ckvidd<\/h3>\n\n\n\n<ul class=\"wp-block-list\">\n<li>Rapporter om CVE:er eller k\u00e4nda s\u00e5rbarheter i skrivbordsprogram och versioner som inte st\u00f6ds kommer att klassificeras som information om de inte bed\u00f6ms vara kritiska eller mycket allvarliga. Kritiska rapporter och rapporter med h\u00f6g allvarlighetsgrad kommer att bed\u00f6mas fr\u00e5n fall till fall. <\/li>\n\n\n\n<li>Rapporter fr\u00e5n automatiserade verktyg eller skanningar.<\/li>\n\n\n\n<li>Upplysningar om t\u00e5gl\u00e4gen till f\u00f6ljd av felmeddelanden.<\/li>\n\n\n\n<li>Webbplatser fr\u00e5n tredje part (webbplatser som h\u00e4nvisar till Mastercam-varum\u00e4rket men som inte \u00e4r f\u00f6retagets egendom, m\u00e4rkesvaror etc.)  <\/li>\n<\/ul>\n\n\n\n<h3 class=\"wp-block-heading\">S\u00e5rbarheter som inte omfattas<\/h3>\n\n\n\n<p>N\u00e4r du rapporterar s\u00e5rbarheter ska du ta h\u00e4nsyn till (1) attackscenario\/exploaterbarhet och (2) s\u00e4kerhetsp\u00e5verkan av felet. F\u00f6ljande fr\u00e5gor anses vara utanf\u00f6r r\u00e4ckvidden: <\/p>\n\n\n\n<ul class=\"wp-block-list\">\n<li>Angrepp som kr\u00e4ver MITM eller fysisk \u00e5tkomst till en anv\u00e4ndares enhet.<\/li>\n\n\n\n<li>Tidigare k\u00e4nda s\u00e5rbara bibliotek utan ett fungerande Proof of Concept.<\/li>\n\n\n\n<li>All aktivitet som kan leda till avbrott i v\u00e5r tj\u00e4nst (DoS).<\/li>\n<\/ul>\n\n\n\n<h2 class=\"wp-block-heading\">Undantag<\/h2>\n\n\n\n<p>N\u00e4r du forskar, v\u00e4nligen avst\u00e5 fr\u00e5n:<\/p>\n\n\n\n<ul class=\"wp-block-list\">\n<li>Nekande av tj\u00e4nst (inklusive DoS, DDoS).<\/li>\n\n\n\n<li>Spamming.<\/li>\n\n\n\n<li>Social ingenj\u00f6rskonst (inklusive n\u00e4tfiske) Mastercams personal, entrepren\u00f6rer eller kunder.<\/li>\n\n\n\n<li>Alla fysiska f\u00f6rs\u00f6k mot Mastercams egendom eller datacenter.<\/li>\n<\/ul>\n\n\n\n<h2 class=\"wp-block-heading\">Policy f\u00f6r ber\u00e4ttigande och information<\/h2>\n\n\n\n<ul class=\"wp-block-list\">\n<li>Meddela oss s\u00e5 snart som m\u00f6jligt n\u00e4r du uppt\u00e4cker en potentiell s\u00e5rbarhet, s\u00e5 kommer vi att g\u00f6ra allt vi kan f\u00f6r att snabbt l\u00f6sa problemet.<\/li>\n\n\n\n<li>Ge oss rimlig tid att l\u00f6sa problemet innan vi l\u00e4mnar ut det till allm\u00e4nheten eller tredje part.<\/li>\n\n\n\n<li>V\u00e4nligen l\u00e4mna detaljerade rapporter med reproducerbara steg.<\/li>\n\n\n\n<li>Skicka in en s\u00e5rbarhet per rapport, s\u00e5vida du inte beh\u00f6ver kedja s\u00e5rbarheter f\u00f6r att ge effekt.<\/li>\n<\/ul>\n\n\n\n<h2 class=\"wp-block-heading\">Safe Harbor<\/h2>\n\n\n\n<p>HackerOnes <a href=\"https:\/\/www.hackerone.com\/policies\/code-of-conduct\">uppf\u00f6randekod<\/a>  <\/p>\n\n\n\n<p>Aktiviteter som \u00e4r i linje med denna policy och HackerOnes uppf\u00f6randekod kommer att betraktas som auktoriserade och vi kommer inte att vidta r\u00e4ttsliga \u00e5tg\u00e4rder mot dig. Om en tredje part inleder r\u00e4ttsliga f\u00f6rfaranden relaterade till \u00e5tg\u00e4rder som vidtagits enligt denna policy, kommer vi aktivt att arbeta f\u00f6r att visa att dina aktiviteter var i \u00f6verensst\u00e4mmelse. Vi uppskattar dina anstr\u00e4ngningar att hj\u00e4lpa till att h\u00e5lla Mastercam och v\u00e5ra anv\u00e4ndare s\u00e4kra.  <\/p>\n\n\n\n<h2 class=\"wp-block-heading\">Formul\u00e4r f\u00f6r avsl\u00f6jande av s\u00e5rbarhet<\/h2>\n\n\n\n<div class=\"wp-block-columns is-style-container is-layout-flex wp-container-core-columns-is-layout-28f84493 wp-block-columns-is-layout-flex\">\n<div class=\"wp-block-column is-layout-flow wp-block-column-is-layout-flow\" style=\"flex-basis:66.66%\">\n<script charset=\"utf-8\" type=\"text\/javascript\" src=\"\/\/js.hsforms.net\/forms\/embed\/v2.js\"><\/script><script>hbspt.forms.create({\n    region: \"na1\",\n    portalId: \"3375755\",\n    formId: \"227a2bad-bfc7-4221-9474-a65effa9b361\"\n  });\n<\/script>\n<\/div>\n\n\n\n<div class=\"wp-block-column is-layout-flow wp-block-column-is-layout-flow\" style=\"flex-basis:33.33%\"><\/div>\n<\/div>\n<\/div>\n<\/div>\n","protected":false},"excerpt":{"rendered":"<p>\u00d6versikt Mastercam \u00e4r fast beslutna att \u00e5tg\u00e4rda eventuella s\u00e5rbarheter i v\u00e5ra produkter. Vi v\u00e4lkomnar samarbete [&hellip;]<\/p>\n","protected":false},"author":1,"featured_media":0,"parent":36924,"menu_order":0,"comment_status":"closed","ping_status":"closed","template":"","meta":{"_acf_changed":false,"footnotes":""},"class_list":["post-35956","page","type-page","status-publish","hentry"],"acf":[],"yoast_head":"<!-- This site is optimized with the Yoast SEO plugin v26.8 - https:\/\/yoast.com\/product\/yoast-seo-wordpress\/ -->\n<title>Avsl\u00f6jande av s\u00e5rbarhet i Mastercam - mastercam.com<\/title>\n<meta name=\"description\" content=\"\u00d6versikt Mastercam \u00e4r fast beslutna att \u00e5tg\u00e4rda eventuella s\u00e5rbarheter i v\u00e5ra produkter. Vi v\u00e4lkomnar samarbete med forskare som uppt\u00e4cker dessa problem\" \/>\n<meta name=\"robots\" content=\"index, follow, max-snippet:-1, max-image-preview:large, max-video-preview:-1\" \/>\n<link rel=\"canonical\" href=\"https:\/\/www.mastercam.com\/sv\/integritet\/avslojande-av-sarbarhet-i-mastercam\/\" \/>\n<meta property=\"og:locale\" content=\"sv_SE\" \/>\n<meta property=\"og:type\" content=\"article\" \/>\n<meta property=\"og:title\" content=\"Avsl\u00f6jande av s\u00e5rbarhet i Mastercam - mastercam.com\" \/>\n<meta property=\"og:description\" content=\"\u00d6versikt Mastercam \u00e4r fast beslutna att \u00e5tg\u00e4rda eventuella s\u00e5rbarheter i v\u00e5ra produkter. Vi v\u00e4lkomnar samarbete med forskare som uppt\u00e4cker dessa problem\" \/>\n<meta property=\"og:url\" content=\"https:\/\/www.mastercam.com\/sv\/integritet\/avslojande-av-sarbarhet-i-mastercam\/\" \/>\n<meta property=\"og:site_name\" content=\"mastercam.com\" \/>\n<meta property=\"article:publisher\" content=\"https:\/\/www.facebook.com\/Mastercam\/\" \/>\n<meta property=\"article:modified_time\" content=\"2026-01-16T16:19:42+00:00\" \/>\n<meta property=\"og:image\" content=\"https:\/\/www.mastercam.com\/wp-content\/uploads\/2024\/02\/drill-wide-photo-1200x675-1.jpg\" \/>\n\t<meta property=\"og:image:width\" content=\"1200\" \/>\n\t<meta property=\"og:image:height\" content=\"675\" \/>\n\t<meta property=\"og:image:type\" content=\"image\/jpeg\" \/>\n<meta name=\"twitter:card\" content=\"summary_large_image\" \/>\n<meta name=\"twitter:site\" content=\"@mastercam\" \/>\n<meta name=\"twitter:label1\" content=\"Est. reading time\" \/>\n\t<meta name=\"twitter:data1\" content=\"4 minutes\" \/>\n<script type=\"application\/ld+json\" class=\"yoast-schema-graph\">{\"@context\":\"https:\/\/schema.org\",\"@graph\":[{\"@type\":\"WebPage\",\"@id\":\"https:\/\/www.mastercam.com\/sv\/integritet\/avslojande-av-sarbarhet-i-mastercam\/\",\"url\":\"https:\/\/www.mastercam.com\/sv\/integritet\/avslojande-av-sarbarhet-i-mastercam\/\",\"name\":\"Avsl\u00f6jande av s\u00e5rbarhet i Mastercam - mastercam.com\",\"isPartOf\":{\"@id\":\"https:\/\/www.mastercam.com\/sv\/#website\"},\"datePublished\":\"2024-08-29T20:04:24+00:00\",\"dateModified\":\"2026-01-16T16:19:42+00:00\",\"description\":\"\u00d6versikt Mastercam \u00e4r fast beslutna att \u00e5tg\u00e4rda eventuella s\u00e5rbarheter i v\u00e5ra produkter. Vi v\u00e4lkomnar samarbete med forskare som uppt\u00e4cker dessa problem\",\"breadcrumb\":{\"@id\":\"https:\/\/www.mastercam.com\/sv\/integritet\/avslojande-av-sarbarhet-i-mastercam\/#breadcrumb\"},\"inLanguage\":\"sv-SE\",\"potentialAction\":[{\"@type\":\"ReadAction\",\"target\":[\"https:\/\/www.mastercam.com\/sv\/integritet\/avslojande-av-sarbarhet-i-mastercam\/\"]}]},{\"@type\":\"BreadcrumbList\",\"@id\":\"https:\/\/www.mastercam.com\/sv\/integritet\/avslojande-av-sarbarhet-i-mastercam\/#breadcrumb\",\"itemListElement\":[{\"@type\":\"ListItem\",\"position\":1,\"name\":\"Home\",\"item\":\"https:\/\/www.mastercam.com\/sv\/\"},{\"@type\":\"ListItem\",\"position\":2,\"name\":\"Integritet\",\"item\":\"https:\/\/www.mastercam.com\/sv\/integritet\/\"},{\"@type\":\"ListItem\",\"position\":3,\"name\":\"Avsl\u00f6jande av s\u00e5rbarhet i Mastercam\"}]},{\"@type\":\"WebSite\",\"@id\":\"https:\/\/www.mastercam.com\/sv\/#website\",\"url\":\"https:\/\/www.mastercam.com\/sv\/\",\"name\":\"Mastercam\",\"description\":\"Creating software and services that solve the world&#039;s manufacturing challenges\",\"publisher\":{\"@id\":\"https:\/\/www.mastercam.com\/sv\/#organization\"},\"potentialAction\":[{\"@type\":\"SearchAction\",\"target\":{\"@type\":\"EntryPoint\",\"urlTemplate\":\"https:\/\/www.mastercam.com\/sv\/?s={search_term_string}\"},\"query-input\":{\"@type\":\"PropertyValueSpecification\",\"valueRequired\":true,\"valueName\":\"search_term_string\"}}],\"inLanguage\":\"sv-SE\"},{\"@type\":\"Organization\",\"@id\":\"https:\/\/www.mastercam.com\/sv\/#organization\",\"name\":\"Mastercam\",\"url\":\"https:\/\/www.mastercam.com\/sv\/\",\"logo\":{\"@type\":\"ImageObject\",\"inLanguage\":\"sv-SE\",\"@id\":\"https:\/\/www.mastercam.com\/sv\/#\/schema\/logo\/image\/\",\"url\":\"https:\/\/www.mastercam.com\/wp-content\/uploads\/2023\/02\/MC_logo.svg\",\"contentUrl\":\"https:\/\/www.mastercam.com\/wp-content\/uploads\/2023\/02\/MC_logo.svg\",\"width\":230,\"height\":40,\"caption\":\"Mastercam\"},\"image\":{\"@id\":\"https:\/\/www.mastercam.com\/sv\/#\/schema\/logo\/image\/\"},\"sameAs\":[\"https:\/\/www.facebook.com\/Mastercam\/\",\"https:\/\/x.com\/mastercam\",\"https:\/\/www.linkedin.com\/company\/mastercam\",\"https:\/\/www.youtube.com\/channel\/UChJt5ruSkqnmFH44WsXVZLw\",\"https:\/\/www.instagram.com\/mastercam\/\"]}]}<\/script>\n<!-- \/ Yoast SEO plugin. -->","yoast_head_json":{"title":"Avsl\u00f6jande av s\u00e5rbarhet i Mastercam - mastercam.com","description":"\u00d6versikt Mastercam \u00e4r fast beslutna att \u00e5tg\u00e4rda eventuella s\u00e5rbarheter i v\u00e5ra produkter. Vi v\u00e4lkomnar samarbete med forskare som uppt\u00e4cker dessa problem","robots":{"index":"index","follow":"follow","max-snippet":"max-snippet:-1","max-image-preview":"max-image-preview:large","max-video-preview":"max-video-preview:-1"},"canonical":"https:\/\/www.mastercam.com\/sv\/integritet\/avslojande-av-sarbarhet-i-mastercam\/","og_locale":"sv_SE","og_type":"article","og_title":"Avsl\u00f6jande av s\u00e5rbarhet i Mastercam - mastercam.com","og_description":"\u00d6versikt Mastercam \u00e4r fast beslutna att \u00e5tg\u00e4rda eventuella s\u00e5rbarheter i v\u00e5ra produkter. Vi v\u00e4lkomnar samarbete med forskare som uppt\u00e4cker dessa problem","og_url":"https:\/\/www.mastercam.com\/sv\/integritet\/avslojande-av-sarbarhet-i-mastercam\/","og_site_name":"mastercam.com","article_publisher":"https:\/\/www.facebook.com\/Mastercam\/","article_modified_time":"2026-01-16T16:19:42+00:00","og_image":[{"width":1200,"height":675,"url":"https:\/\/www.mastercam.com\/wp-content\/uploads\/2024\/02\/drill-wide-photo-1200x675-1.jpg","type":"image\/jpeg"}],"twitter_card":"summary_large_image","twitter_site":"@mastercam","twitter_misc":{"Est. reading time":"4 minutes"},"schema":{"@context":"https:\/\/schema.org","@graph":[{"@type":"WebPage","@id":"https:\/\/www.mastercam.com\/sv\/integritet\/avslojande-av-sarbarhet-i-mastercam\/","url":"https:\/\/www.mastercam.com\/sv\/integritet\/avslojande-av-sarbarhet-i-mastercam\/","name":"Avsl\u00f6jande av s\u00e5rbarhet i Mastercam - mastercam.com","isPartOf":{"@id":"https:\/\/www.mastercam.com\/sv\/#website"},"datePublished":"2024-08-29T20:04:24+00:00","dateModified":"2026-01-16T16:19:42+00:00","description":"\u00d6versikt Mastercam \u00e4r fast beslutna att \u00e5tg\u00e4rda eventuella s\u00e5rbarheter i v\u00e5ra produkter. Vi v\u00e4lkomnar samarbete med forskare som uppt\u00e4cker dessa problem","breadcrumb":{"@id":"https:\/\/www.mastercam.com\/sv\/integritet\/avslojande-av-sarbarhet-i-mastercam\/#breadcrumb"},"inLanguage":"sv-SE","potentialAction":[{"@type":"ReadAction","target":["https:\/\/www.mastercam.com\/sv\/integritet\/avslojande-av-sarbarhet-i-mastercam\/"]}]},{"@type":"BreadcrumbList","@id":"https:\/\/www.mastercam.com\/sv\/integritet\/avslojande-av-sarbarhet-i-mastercam\/#breadcrumb","itemListElement":[{"@type":"ListItem","position":1,"name":"Home","item":"https:\/\/www.mastercam.com\/sv\/"},{"@type":"ListItem","position":2,"name":"Integritet","item":"https:\/\/www.mastercam.com\/sv\/integritet\/"},{"@type":"ListItem","position":3,"name":"Avsl\u00f6jande av s\u00e5rbarhet i Mastercam"}]},{"@type":"WebSite","@id":"https:\/\/www.mastercam.com\/sv\/#website","url":"https:\/\/www.mastercam.com\/sv\/","name":"Mastercam","description":"Creating software and services that solve the world&#039;s manufacturing challenges","publisher":{"@id":"https:\/\/www.mastercam.com\/sv\/#organization"},"potentialAction":[{"@type":"SearchAction","target":{"@type":"EntryPoint","urlTemplate":"https:\/\/www.mastercam.com\/sv\/?s={search_term_string}"},"query-input":{"@type":"PropertyValueSpecification","valueRequired":true,"valueName":"search_term_string"}}],"inLanguage":"sv-SE"},{"@type":"Organization","@id":"https:\/\/www.mastercam.com\/sv\/#organization","name":"Mastercam","url":"https:\/\/www.mastercam.com\/sv\/","logo":{"@type":"ImageObject","inLanguage":"sv-SE","@id":"https:\/\/www.mastercam.com\/sv\/#\/schema\/logo\/image\/","url":"https:\/\/www.mastercam.com\/wp-content\/uploads\/2023\/02\/MC_logo.svg","contentUrl":"https:\/\/www.mastercam.com\/wp-content\/uploads\/2023\/02\/MC_logo.svg","width":230,"height":40,"caption":"Mastercam"},"image":{"@id":"https:\/\/www.mastercam.com\/sv\/#\/schema\/logo\/image\/"},"sameAs":["https:\/\/www.facebook.com\/Mastercam\/","https:\/\/x.com\/mastercam","https:\/\/www.linkedin.com\/company\/mastercam","https:\/\/www.youtube.com\/channel\/UChJt5ruSkqnmFH44WsXVZLw","https:\/\/www.instagram.com\/mastercam\/"]}]}},"_links":{"self":[{"href":"https:\/\/www.mastercam.com\/sv\/wp-json\/wp\/v2\/pages\/35956","targetHints":{"allow":["GET"]}}],"collection":[{"href":"https:\/\/www.mastercam.com\/sv\/wp-json\/wp\/v2\/pages"}],"about":[{"href":"https:\/\/www.mastercam.com\/sv\/wp-json\/wp\/v2\/types\/page"}],"author":[{"embeddable":true,"href":"https:\/\/www.mastercam.com\/sv\/wp-json\/wp\/v2\/users\/1"}],"replies":[{"embeddable":true,"href":"https:\/\/www.mastercam.com\/sv\/wp-json\/wp\/v2\/comments?post=35956"}],"version-history":[{"count":0,"href":"https:\/\/www.mastercam.com\/sv\/wp-json\/wp\/v2\/pages\/35956\/revisions"}],"up":[{"embeddable":true,"href":"https:\/\/www.mastercam.com\/sv\/wp-json\/wp\/v2\/pages\/36924"}],"wp:attachment":[{"href":"https:\/\/www.mastercam.com\/sv\/wp-json\/wp\/v2\/media?parent=35956"}],"curies":[{"name":"wp","href":"https:\/\/api.w.org\/{rel}","templated":true}]}}