{"id":35798,"date":"2024-03-19T17:31:31","date_gmt":"2024-03-19T21:31:31","guid":{"rendered":"https:\/\/www.mastercam.com\/gor-det-multiaxis\/"},"modified":"2026-01-16T11:19:38","modified_gmt":"2026-01-16T16:19:38","slug":"gor-det-multiaxis","status":"publish","type":"page","link":"https:\/\/www.mastercam.com\/sv\/gor-det-multiaxis\/","title":{"rendered":"G\u00f6r det Multiaxis"},"content":{"rendered":"\n<div class=\"wp-block-columns is-style-container is-layout-flex wp-container-core-columns-is-layout-a61e1d87 wp-block-columns-is-layout-flex\" style=\"padding-bottom:var(--wp--preset--spacing--6)\">\n<div class=\"wp-block-column is-layout-flow wp-block-column-is-layout-flow\">\n<figure class=\"wp-block-image aligncenter size-large\"><img loading=\"lazy\" decoding=\"async\" width=\"1024\" height=\"312\" src=\"https:\/\/www.mastercam.com\/wp-content\/uploads\/2024\/03\/MiM_WebBanner-01-1024x312.png\" alt=\"G&#xF6;r det Multiaxis\" class=\"wp-image-23425\" srcset=\"https:\/\/www.mastercam.com\/wp-content\/uploads\/2024\/03\/MiM_WebBanner-01-1024x312.png 1024w, https:\/\/www.mastercam.com\/wp-content\/uploads\/2024\/03\/MiM_WebBanner-01-300x92.png 300w, https:\/\/www.mastercam.com\/wp-content\/uploads\/2024\/03\/MiM_WebBanner-01-768x234.png 768w, https:\/\/www.mastercam.com\/wp-content\/uploads\/2024\/03\/MiM_WebBanner-01-1536x469.png 1536w, https:\/\/www.mastercam.com\/wp-content\/uploads\/2024\/03\/MiM_WebBanner-01-2048x625.png 2048w, https:\/\/www.mastercam.com\/wp-content\/uploads\/2024\/03\/MiM_WebBanner-01-112x34.png 112w, https:\/\/www.mastercam.com\/wp-content\/uploads\/2024\/03\/MiM_WebBanner-01-224x68.png 224w, https:\/\/www.mastercam.com\/wp-content\/uploads\/2024\/03\/MiM_WebBanner-01-1600x488.png 1600w\" sizes=\"auto, (max-width: 1024px) 100vw, 1024px\" \/><\/figure>\n\n\n\n<p>Multiaxis-bearbetning g\u00f6r att du kan bearbeta s\u00e5 l\u00e5ngt som dina id\u00e9er kan ta dig. \u00c4r du redo att l\u00e4gga mindre tid p\u00e5 programmering och mer tid p\u00e5 maskinbearbetning? Ladda ner v\u00e5r kostnadsfria guide f\u00f6r Multiaxis-bearbetning och utforska v\u00e5ra Multiaxis-resurser f\u00f6r att komma ig\u00e5ng.  <\/p>\n\n\n\n<div style=\"height:50px\" aria-hidden=\"true\" class=\"wp-block-spacer\"><\/div>\n\n\n\n<h2 class=\"wp-block-heading h2--underline\">Ladda ner din kostnadsfria guide f\u00f6r bearbetning fr\u00e5n 3-axlig till Multiaxis<em> <\/em><\/h2>\n\n\n\n<p>Ange din e-postadress och ditt namn f\u00f6r att f\u00e5 l\u00e4nken till att ladda ner din kostnadsfria guide f\u00f6r bearbetning fr\u00e5n 3-axlig till Multiaxis.<\/p>\n\n\n\n<script charset=\"utf-8\" type=\"text\/javascript\" src=\"\/\/js.hsforms.net\/forms\/v2.js\"><\/script><script>hbspt.forms.create({\n    region: \"na1\",\n    portalId: \"3375755\",\n    formId: \"0632f2c2-97e4-4f46-9640-1d4d1c7bff97\",\n    version: \"V2_PRERELEASE\"\n  });\n<\/script>\n\n\n\n<div style=\"height:50px\" aria-hidden=\"true\" class=\"wp-block-spacer\"><\/div>\n\n\n<div class=\"container-fluid align wp-block-acf-block-media-object\">\n  <div class=\"row\">\n    <div class=\"col\">\n      <div class=\"d-flex flex-column flex-lg-row media-object media-object--shaded\">\n        <div class=\"flex-shrink-0 media-object__image order-1 \">\n                                    \n              <a href=\"https:\/\/www.mastercam.com\/sv\/about-us\/case-studies\/mcafee-tool-die\/\" tabindex=\"-1\">\n                <img decoding=\"async\" src=\"https:\/\/www.mastercam.com\/wp-content\/uploads\/2023\/04\/PunchFormsideA.jpeg\" alt=\"\" loading=\"lazy\">\n              <\/a>\n                              <\/div>\n        <div class=\"media-object__body flex-grow-1 d-lg-flex flex-column order-2 justify-content-lg-center\">\n                                <h2 class=\"media-object__header h3\">Multiaxis verktygsbanor lika kraftfulla som de maskinister som anv\u00e4nder dem<\/h2>\n                                <div class=\"media-object__content\">\n              <blockquote><p>&#8220;F\u00f6rb\u00e4ttringen av programmeringen och den nya tekniken som g\u00f6r att programvaran alltid utvecklas hj\u00e4lper oss att ligga steget f\u00f6re och m\u00f6ta kundernas efterfr\u00e5gan.&#8221;<br \/>\n&#8211; Joseph Lysiak, fabrikschef, McAfee Tool &amp; Die, Uniontown, Ohio<\/p><\/blockquote>\n\n            <\/div>\n                                <div class=\"media-object__cta\">\n              <a href=\"https:\/\/www.mastercam.com\/sv\/about-us\/case-studies\/mcafee-tool-die\/\" class=\"btn btn-outline-secondary\">Hur 5-axlig bearbetning \u00f6ppnade nya d\u00f6rrar f\u00f6r McAfee Tool &amp;amp; Die.<\/a>\n            <\/div>\n                  <\/div>\n      <\/div>\n    <\/div>\n  <\/div>\n<\/div>\n\n\n\n<div style=\"height:50px\" aria-hidden=\"true\" class=\"wp-block-spacer\"><\/div>\n\n\n\n<h2 class=\"wp-block-heading h2--underline\">Hur Multiaxis-bearbetning fungerar<\/h2>\n\n\n\n<p>Mastercam Multiaxis \u00e4r ett till\u00e4gg f\u00f6r Mastercam Mill 3D, Router 3D och Mill-Turn. Det f\u00f6rb\u00e4ttrar produktiviteten i din verkstad med samtidig 4- och 5-axlig bearbetningskapacitet f\u00f6r Mastercam. Grunderna i Mastercam Multiaxis erbjuder ett brett utbud av strategier f\u00f6r Multiaxis-bearbetning, b\u00e5de grundl\u00e4ggande och avancerade.  <\/p>\n\n\n\n<div style=\"height:50px\" aria-hidden=\"true\" class=\"wp-block-spacer\"><\/div>\n\n\n<div class=\"container-fluid aligncenter wp-block-acf-block-cards\">\n  <div class=\"cards row g-4\">\n                                    <div class=\"col col-12 col-md-6 col-lg-4\">\n  <div class=\"card h-100 card--default card--linked\">\n          <div class=\"skeleton-image card-img-top\" style=\"--skeleton-aspect-ratio: 375 \/ 236;\">\n        <img decoding=\"async\" src=\"https:\/\/www.mastercam.com\/wp-content\/uploads\/2024\/03\/multiaxismachining-1.jpg\" alt=\"Multiaxis Machining 101: Hur det fungerar och dess f\u00f6rdelar\" loading=\"lazy\" onload=\"this.classList.add('loaded')\" \/>\n      <\/div>\n    \n    <div class=\"card-body\">\n      \n      <h3 class=\"card-title\">Multiaxis Machining 101: Hur det fungerar och dess f\u00f6rdelar<\/h3>\n\n              <p class=\"card-text\">Multiaxis-bearbetning m\u00f6jligg\u00f6r snabbare och mer komplex bearbetning med mindre m\u00e4nsklig arbetskraft.<\/p>\n      \n          <\/div>\n\n          \n      <div class=\"card-footer\">\n        <a class=\"btn btn-outline-secondary stretched-link\" href=\"https:\/\/www.mastercam.com\/sv\/community\/blog\/multiaxis-machining-101-hur-det-fungerar-och-dess-fordelar\/\">\n          L\u00e4s mer om<span class=\"sr-only\"> about Multiaxis Machining 101: Hur det fungerar och dess f\u00f6rdelar<\/span>\n        <\/a>\n      <\/div>\n      <\/div>\n\n  <\/div>\n                                        <div class=\"col col-12 col-md-6 col-lg-4\">\n  <div class=\"card h-100 card--default card--linked\">\n          <div class=\"skeleton-image card-img-top\" style=\"--skeleton-aspect-ratio: 375 \/ 236;\">\n        <img decoding=\"async\" src=\"https:\/\/www.mastercam.com\/wp-content\/uploads\/2024\/03\/multiaxismachiningconcepts.jpg\" alt=\"Mastercam Multiaxis-koncept som du beh\u00f6ver k\u00e4nna till\" loading=\"lazy\" onload=\"this.classList.add('loaded')\" \/>\n      <\/div>\n    \n    <div class=\"card-body\">\n      \n      <h3 class=\"card-title\">Mastercam Multiaxis-koncept som du beh\u00f6ver k\u00e4nna till<\/h3>\n\n              <p class=\"card-text\">V\u00e5rt till\u00e4gg \u00e4r designat f\u00f6r att ge praktiska strategier f\u00f6r Multiaxis-bearbetning f\u00f6r samtidig 4- och samtidig 5-axlig bearbetning.<\/p>\n      \n          <\/div>\n\n          \n      <div class=\"card-footer\">\n        <a class=\"btn btn-outline-secondary stretched-link\" href=\"https:\/\/www.mastercam.com\/sv\/community\/blog\/5-mastercam-multiaxis-koncept-som-du-behover-kanna-till\/\">\n          L\u00e4s mer om<span class=\"sr-only\"> about Mastercam Multiaxis-koncept som du beh\u00f6ver k\u00e4nna till<\/span>\n        <\/a>\n      <\/div>\n      <\/div>\n\n  <\/div>\n                                        <div class=\"col col-12 col-md-6 col-lg-4\">\n  <div class=\"card h-100 card--default card--linked\">\n          <div class=\"skeleton-image card-img-top\" style=\"--skeleton-aspect-ratio: 375 \/ 236;\">\n        <img decoding=\"async\" src=\"https:\/\/www.mastercam.com\/wp-content\/uploads\/2024\/03\/Dylan-02.png\" alt=\"Vanliga fr\u00e5gor om Multiaxis med produkt\u00e4garen Dylan Gondyke  \" loading=\"lazy\" onload=\"this.classList.add('loaded')\" \/>\n      <\/div>\n    \n    <div class=\"card-body\">\n      \n      <h3 class=\"card-title\">Vanliga fr\u00e5gor om Multiaxis med produkt\u00e4garen Dylan Gondyke  <\/h3>\n\n              <p class=\"card-text\">Hitta svaren p\u00e5 de fyra vanligaste fr\u00e5gorna om Multiaxis fr\u00e5n v\u00e5r produkt\u00e4gare Dylan Gondyke.  <\/p>\n      \n          <\/div>\n\n          \n      <div class=\"card-footer\">\n        <a class=\"btn btn-outline-secondary stretched-link\" href=\"https:\/\/www.mastercam.com\/sv\/community\/blog\/vanliga-fragor-om-multiaxis-med-multiaxis-produktagare-dylan-gondyke\/\">\n          L\u00e4s mer om<span class=\"sr-only\"> about Vanliga fr\u00e5gor om Multiaxis med produkt\u00e4garen Dylan Gondyke  <\/span>\n        <\/a>\n      <\/div>\n      <\/div>\n\n  <\/div>\n                    <\/div>\n<\/div>\n\n\n\n<h2 class=\"wp-block-heading has-text-align-center has-white-color has-black-background-color has-text-color has-background\"><em>G\u00f6r det snabbare. G\u00f6r det enklare. G\u00f6r det till ditt.    <strong>G\u00f6r den Multiaxis.<\/strong><\/em><\/h2>\n\n\n\n<div style=\"height:50px\" aria-hidden=\"true\" class=\"wp-block-spacer\"><\/div>\n\n\n\n<h2 class=\"wp-block-heading h2--underline\">Mastercam Multiaxis ger den produktivitet du beh\u00f6ver<\/h2>\n\n\n\n<p>Mastercam Multiaxis garanterar exakta sk\u00e4rningar och snabba leveranser \u00e4ven f\u00f6r de mest utmanande jobben, med str\u00f6mlinjeformad Multiaxis-programmering f\u00f6r optimal produktivitet. H\u00e4r \u00e4r n\u00e5gra ytterligare f\u00f6rdelar som den ger: <\/p>\n\n\n\n<ul class=\"wp-block-list\">\n<li>Minskat installationsarbete<\/li>\n\n\n\n<li>F\u00f6rb\u00e4ttrad noggrannhet<\/li>\n\n\n\n<li>B\u00e4ttre ytfinish<\/li>\n\n\n\n<li>F\u00f6rm\u00e5ga att bearbeta nya och komplexa delar<\/li>\n\n\n\n<li>Tillg\u00e5ng till avancerade verktygsbanor<\/li>\n<\/ul>\n\n\n\n<p>Med Mastercam har du fullst\u00e4ndig kontroll \u00f6ver tre viktiga delar av fleraxlig bearbetning: sk\u00e4rm\u00f6nster, verktygsaxelkontroll och kollisionsundvikande. Det g\u00f6r att valet av Mastercam f\u00f6r dina Multiaxis-behov \u00e4r ett beslut du kan k\u00e4nna dig trygg med. <\/p>\n\n\n\n<div style=\"height:50px\" aria-hidden=\"true\" class=\"wp-block-spacer\"><\/div>\n\n\n\n<h2 class=\"wp-block-heading h2--underline\">B\u00f6rja din resa med Multiaxis-bearbetning<\/h2>\n\n\n\n<p>\u00c4r du redo att komma ig\u00e5ng? Flytta fram gr\u00e4nserna f\u00f6r din programmering och b\u00f6rja l\u00e4ra dig fleraxlig bearbetning idag. <a href=\"https:\/\/university.mastercam.com\/\">Mastercam University<\/a> har en onlinekurs i Multiaxis som omfattar alla v\u00e5ra verktygsbanor och standardkoncept f\u00f6r Multiaxis-bearbetning. <\/p>\n\n\n\n<p>Letar du efter personlig utbildning? M\u00e5nga av v\u00e5ra <a href=\"https:\/\/www.mastercam.com\/sv\/hitta-en-partner\/\">Mastercam-representanter<\/a> erbjuder utbildning p\u00e5 sin plats eller bes\u00f6ker din butik. <\/p>\n<\/div>\n<\/div>\n","protected":false},"excerpt":{"rendered":"<p>Multiaxis-bearbetning g\u00f6r att du kan bearbeta s\u00e5 l\u00e5ngt som dina id\u00e9er kan ta dig. \u00c4r [&hellip;]<\/p>\n","protected":false},"author":1,"featured_media":0,"parent":0,"menu_order":0,"comment_status":"closed","ping_status":"closed","template":"","meta":{"_acf_changed":false,"footnotes":""},"class_list":["post-35798","page","type-page","status-publish","hentry"],"acf":[],"yoast_head":"<!-- This site is optimized with the Yoast SEO plugin v27.4 - https:\/\/yoast.com\/product\/yoast-seo-wordpress\/ -->\n<title>G\u00f6r det Multiaxis - mastercam.com<\/title>\n<meta name=\"description\" content=\"Multiaxis-bearbetning g\u00f6r att du kan bearbeta s\u00e5 l\u00e5ngt som dina id\u00e9er kan ta dig. \u00c4r du redo att l\u00e4gga mindre tid p\u00e5 programmering och mer tid p\u00e5\" \/>\n<meta name=\"robots\" content=\"index, follow, max-snippet:-1, max-image-preview:large, max-video-preview:-1\" \/>\n<link rel=\"canonical\" href=\"https:\/\/www.mastercam.com\/sv\/gor-det-multiaxis\/\" \/>\n<meta property=\"og:locale\" content=\"sv_SE\" \/>\n<meta property=\"og:type\" content=\"article\" \/>\n<meta property=\"og:title\" content=\"G\u00f6r det Multiaxis - mastercam.com\" \/>\n<meta property=\"og:description\" content=\"Multiaxis-bearbetning g\u00f6r att du kan bearbeta s\u00e5 l\u00e5ngt som dina id\u00e9er kan ta dig. \u00c4r du redo att l\u00e4gga mindre tid p\u00e5 programmering och mer tid p\u00e5\" \/>\n<meta property=\"og:url\" content=\"https:\/\/www.mastercam.com\/sv\/gor-det-multiaxis\/\" \/>\n<meta property=\"og:site_name\" content=\"mastercam.com\" \/>\n<meta property=\"article:publisher\" content=\"https:\/\/www.facebook.com\/Mastercam\/\" \/>\n<meta property=\"article:modified_time\" content=\"2026-01-16T16:19:38+00:00\" \/>\n<meta property=\"og:image\" content=\"https:\/\/www.mastercam.com\/wp-content\/uploads\/2024\/03\/MiM_WebBanner-01-1024x312.png\" \/>\n<meta name=\"twitter:card\" content=\"summary_large_image\" \/>\n<meta name=\"twitter:site\" content=\"@mastercam\" \/>\n<meta name=\"twitter:label1\" content=\"Est. reading time\" \/>\n\t<meta name=\"twitter:data1\" content=\"2 minutes\" \/>\n<script type=\"application\/ld+json\" class=\"yoast-schema-graph\">{\"@context\":\"https:\\\/\\\/schema.org\",\"@graph\":[{\"@type\":\"WebPage\",\"@id\":\"https:\\\/\\\/www.mastercam.com\\\/sv\\\/gor-det-multiaxis\\\/\",\"url\":\"https:\\\/\\\/www.mastercam.com\\\/sv\\\/gor-det-multiaxis\\\/\",\"name\":\"G\u00f6r det Multiaxis - mastercam.com\",\"isPartOf\":{\"@id\":\"https:\\\/\\\/www.mastercam.com\\\/sv\\\/#website\"},\"primaryImageOfPage\":{\"@id\":\"https:\\\/\\\/www.mastercam.com\\\/sv\\\/gor-det-multiaxis\\\/#primaryimage\"},\"image\":{\"@id\":\"https:\\\/\\\/www.mastercam.com\\\/sv\\\/gor-det-multiaxis\\\/#primaryimage\"},\"thumbnailUrl\":\"https:\\\/\\\/www.mastercam.com\\\/wp-content\\\/uploads\\\/2024\\\/03\\\/MiM_WebBanner-01-1024x312.png\",\"datePublished\":\"2024-03-19T21:31:31+00:00\",\"dateModified\":\"2026-01-16T16:19:38+00:00\",\"description\":\"Multiaxis-bearbetning g\u00f6r att du kan bearbeta s\u00e5 l\u00e5ngt som dina id\u00e9er kan ta dig. \u00c4r du redo att l\u00e4gga mindre tid p\u00e5 programmering och mer tid p\u00e5\",\"breadcrumb\":{\"@id\":\"https:\\\/\\\/www.mastercam.com\\\/sv\\\/gor-det-multiaxis\\\/#breadcrumb\"},\"inLanguage\":\"sv-SE\",\"potentialAction\":[{\"@type\":\"ReadAction\",\"target\":[\"https:\\\/\\\/www.mastercam.com\\\/sv\\\/gor-det-multiaxis\\\/\"]}]},{\"@type\":\"ImageObject\",\"inLanguage\":\"sv-SE\",\"@id\":\"https:\\\/\\\/www.mastercam.com\\\/sv\\\/gor-det-multiaxis\\\/#primaryimage\",\"url\":\"https:\\\/\\\/www.mastercam.com\\\/wp-content\\\/uploads\\\/2024\\\/03\\\/MiM_WebBanner-01-1024x312.png\",\"contentUrl\":\"https:\\\/\\\/www.mastercam.com\\\/wp-content\\\/uploads\\\/2024\\\/03\\\/MiM_WebBanner-01-1024x312.png\"},{\"@type\":\"BreadcrumbList\",\"@id\":\"https:\\\/\\\/www.mastercam.com\\\/sv\\\/gor-det-multiaxis\\\/#breadcrumb\",\"itemListElement\":[{\"@type\":\"ListItem\",\"position\":1,\"name\":\"Home\",\"item\":\"https:\\\/\\\/www.mastercam.com\\\/sv\\\/\"},{\"@type\":\"ListItem\",\"position\":2,\"name\":\"G\u00f6r det Multiaxis\"}]},{\"@type\":\"WebSite\",\"@id\":\"https:\\\/\\\/www.mastercam.com\\\/sv\\\/#website\",\"url\":\"https:\\\/\\\/www.mastercam.com\\\/sv\\\/\",\"name\":\"Mastercam\",\"description\":\"Creating software and services that solve the world&#039;s manufacturing challenges\",\"publisher\":{\"@id\":\"https:\\\/\\\/www.mastercam.com\\\/sv\\\/#organization\"},\"potentialAction\":[{\"@type\":\"SearchAction\",\"target\":{\"@type\":\"EntryPoint\",\"urlTemplate\":\"https:\\\/\\\/www.mastercam.com\\\/sv\\\/?s={search_term_string}\"},\"query-input\":{\"@type\":\"PropertyValueSpecification\",\"valueRequired\":true,\"valueName\":\"search_term_string\"}}],\"inLanguage\":\"sv-SE\"},{\"@type\":\"Organization\",\"@id\":\"https:\\\/\\\/www.mastercam.com\\\/sv\\\/#organization\",\"name\":\"Mastercam\",\"url\":\"https:\\\/\\\/www.mastercam.com\\\/sv\\\/\",\"logo\":{\"@type\":\"ImageObject\",\"inLanguage\":\"sv-SE\",\"@id\":\"https:\\\/\\\/www.mastercam.com\\\/sv\\\/#\\\/schema\\\/logo\\\/image\\\/\",\"url\":\"https:\\\/\\\/www.mastercam.com\\\/wp-content\\\/uploads\\\/2023\\\/02\\\/MC_logo.svg\",\"contentUrl\":\"https:\\\/\\\/www.mastercam.com\\\/wp-content\\\/uploads\\\/2023\\\/02\\\/MC_logo.svg\",\"width\":230,\"height\":40,\"caption\":\"Mastercam\"},\"image\":{\"@id\":\"https:\\\/\\\/www.mastercam.com\\\/sv\\\/#\\\/schema\\\/logo\\\/image\\\/\"},\"sameAs\":[\"https:\\\/\\\/www.facebook.com\\\/Mastercam\\\/\",\"https:\\\/\\\/x.com\\\/mastercam\",\"https:\\\/\\\/www.linkedin.com\\\/company\\\/mastercam\",\"https:\\\/\\\/www.youtube.com\\\/channel\\\/UChJt5ruSkqnmFH44WsXVZLw\",\"https:\\\/\\\/www.instagram.com\\\/mastercam\\\/\"]}]}<\/script>\n<!-- \/ Yoast SEO plugin. -->","yoast_head_json":{"title":"G\u00f6r det Multiaxis - mastercam.com","description":"Multiaxis-bearbetning g\u00f6r att du kan bearbeta s\u00e5 l\u00e5ngt som dina id\u00e9er kan ta dig. \u00c4r du redo att l\u00e4gga mindre tid p\u00e5 programmering och mer tid p\u00e5","robots":{"index":"index","follow":"follow","max-snippet":"max-snippet:-1","max-image-preview":"max-image-preview:large","max-video-preview":"max-video-preview:-1"},"canonical":"https:\/\/www.mastercam.com\/sv\/gor-det-multiaxis\/","og_locale":"sv_SE","og_type":"article","og_title":"G\u00f6r det Multiaxis - mastercam.com","og_description":"Multiaxis-bearbetning g\u00f6r att du kan bearbeta s\u00e5 l\u00e5ngt som dina id\u00e9er kan ta dig. \u00c4r du redo att l\u00e4gga mindre tid p\u00e5 programmering och mer tid p\u00e5","og_url":"https:\/\/www.mastercam.com\/sv\/gor-det-multiaxis\/","og_site_name":"mastercam.com","article_publisher":"https:\/\/www.facebook.com\/Mastercam\/","article_modified_time":"2026-01-16T16:19:38+00:00","og_image":[{"url":"https:\/\/www.mastercam.com\/wp-content\/uploads\/2024\/03\/MiM_WebBanner-01-1024x312.png","type":"","width":"","height":""}],"twitter_card":"summary_large_image","twitter_site":"@mastercam","twitter_misc":{"Est. reading time":"2 minutes"},"schema":{"@context":"https:\/\/schema.org","@graph":[{"@type":"WebPage","@id":"https:\/\/www.mastercam.com\/sv\/gor-det-multiaxis\/","url":"https:\/\/www.mastercam.com\/sv\/gor-det-multiaxis\/","name":"G\u00f6r det Multiaxis - mastercam.com","isPartOf":{"@id":"https:\/\/www.mastercam.com\/sv\/#website"},"primaryImageOfPage":{"@id":"https:\/\/www.mastercam.com\/sv\/gor-det-multiaxis\/#primaryimage"},"image":{"@id":"https:\/\/www.mastercam.com\/sv\/gor-det-multiaxis\/#primaryimage"},"thumbnailUrl":"https:\/\/www.mastercam.com\/wp-content\/uploads\/2024\/03\/MiM_WebBanner-01-1024x312.png","datePublished":"2024-03-19T21:31:31+00:00","dateModified":"2026-01-16T16:19:38+00:00","description":"Multiaxis-bearbetning g\u00f6r att du kan bearbeta s\u00e5 l\u00e5ngt som dina id\u00e9er kan ta dig. \u00c4r du redo att l\u00e4gga mindre tid p\u00e5 programmering och mer tid p\u00e5","breadcrumb":{"@id":"https:\/\/www.mastercam.com\/sv\/gor-det-multiaxis\/#breadcrumb"},"inLanguage":"sv-SE","potentialAction":[{"@type":"ReadAction","target":["https:\/\/www.mastercam.com\/sv\/gor-det-multiaxis\/"]}]},{"@type":"ImageObject","inLanguage":"sv-SE","@id":"https:\/\/www.mastercam.com\/sv\/gor-det-multiaxis\/#primaryimage","url":"https:\/\/www.mastercam.com\/wp-content\/uploads\/2024\/03\/MiM_WebBanner-01-1024x312.png","contentUrl":"https:\/\/www.mastercam.com\/wp-content\/uploads\/2024\/03\/MiM_WebBanner-01-1024x312.png"},{"@type":"BreadcrumbList","@id":"https:\/\/www.mastercam.com\/sv\/gor-det-multiaxis\/#breadcrumb","itemListElement":[{"@type":"ListItem","position":1,"name":"Home","item":"https:\/\/www.mastercam.com\/sv\/"},{"@type":"ListItem","position":2,"name":"G\u00f6r det Multiaxis"}]},{"@type":"WebSite","@id":"https:\/\/www.mastercam.com\/sv\/#website","url":"https:\/\/www.mastercam.com\/sv\/","name":"Mastercam","description":"Creating software and services that solve the world&#039;s manufacturing challenges","publisher":{"@id":"https:\/\/www.mastercam.com\/sv\/#organization"},"potentialAction":[{"@type":"SearchAction","target":{"@type":"EntryPoint","urlTemplate":"https:\/\/www.mastercam.com\/sv\/?s={search_term_string}"},"query-input":{"@type":"PropertyValueSpecification","valueRequired":true,"valueName":"search_term_string"}}],"inLanguage":"sv-SE"},{"@type":"Organization","@id":"https:\/\/www.mastercam.com\/sv\/#organization","name":"Mastercam","url":"https:\/\/www.mastercam.com\/sv\/","logo":{"@type":"ImageObject","inLanguage":"sv-SE","@id":"https:\/\/www.mastercam.com\/sv\/#\/schema\/logo\/image\/","url":"https:\/\/www.mastercam.com\/wp-content\/uploads\/2023\/02\/MC_logo.svg","contentUrl":"https:\/\/www.mastercam.com\/wp-content\/uploads\/2023\/02\/MC_logo.svg","width":230,"height":40,"caption":"Mastercam"},"image":{"@id":"https:\/\/www.mastercam.com\/sv\/#\/schema\/logo\/image\/"},"sameAs":["https:\/\/www.facebook.com\/Mastercam\/","https:\/\/x.com\/mastercam","https:\/\/www.linkedin.com\/company\/mastercam","https:\/\/www.youtube.com\/channel\/UChJt5ruSkqnmFH44WsXVZLw","https:\/\/www.instagram.com\/mastercam\/"]}]}},"_links":{"self":[{"href":"https:\/\/www.mastercam.com\/sv\/wp-json\/wp\/v2\/pages\/35798","targetHints":{"allow":["GET"]}}],"collection":[{"href":"https:\/\/www.mastercam.com\/sv\/wp-json\/wp\/v2\/pages"}],"about":[{"href":"https:\/\/www.mastercam.com\/sv\/wp-json\/wp\/v2\/types\/page"}],"author":[{"embeddable":true,"href":"https:\/\/www.mastercam.com\/sv\/wp-json\/wp\/v2\/users\/1"}],"replies":[{"embeddable":true,"href":"https:\/\/www.mastercam.com\/sv\/wp-json\/wp\/v2\/comments?post=35798"}],"version-history":[{"count":0,"href":"https:\/\/www.mastercam.com\/sv\/wp-json\/wp\/v2\/pages\/35798\/revisions"}],"wp:attachment":[{"href":"https:\/\/www.mastercam.com\/sv\/wp-json\/wp\/v2\/media?parent=35798"}],"curies":[{"name":"wp","href":"https:\/\/api.w.org\/{rel}","templated":true}]}}