{"id":35794,"date":"2024-02-28T13:50:04","date_gmt":"2024-02-28T18:50:04","guid":{"rendered":"https:\/\/www.mastercam.com\/tillganglighetsutlatande\/"},"modified":"2026-01-16T11:14:37","modified_gmt":"2026-01-16T16:14:37","slug":"tillganglighetsutlatande","status":"publish","type":"page","link":"https:\/\/www.mastercam.com\/sv\/tillganglighetsutlatande\/","title":{"rendered":"Tillg\u00e4nglighetsutl\u00e5tande"},"content":{"rendered":"\n<div class=\"wp-block-columns is-style-container is-layout-flex wp-container-core-columns-is-layout-a61e1d87 wp-block-columns-is-layout-flex\" style=\"padding-bottom:var(--wp--preset--spacing--6)\">\n<div class=\"wp-block-column is-layout-flow wp-block-column-is-layout-flow\">\n<h2 class=\"wp-block-heading\">Uttalande om digital tillg\u00e4nglighet<\/h2>\n\n\n\n<p>Mastercam har \u00e5tagit sig att tillhandah\u00e5lla en likv\u00e4rdig och kvalitativ upplevelse f\u00f6r alla. Vi arbetar st\u00e4ndigt med att f\u00f6rb\u00e4ttra tillg\u00e4ngligheten p\u00e5 v\u00e5r webbplats f\u00f6r att s\u00e4kerst\u00e4lla att vi ger lika tillg\u00e5ng till personer med funktionsneds\u00e4ttningar, inklusive personer med syn-, h\u00f6rsel-, kognitiva och motoriska funktionsneds\u00e4ttningar. <\/p>\n\n\n\n<p>N\u00e4r det \u00e4r m\u00f6jligt str\u00e4var vi efter att f\u00f6lja niv\u00e5 A och AA i World Wide Web Consortiums (W3C) <a href=\"https:\/\/www.w3.org\/WAI\/standards-guidelines\/wcag\/\">riktlinjer f\u00f6r tillg\u00e4nglighet till webbinneh\u00e5ll<\/a> (WCAG) 2.2. Dessa riktlinjer utg\u00f6r en grund f\u00f6r hur man g\u00f6r webbinneh\u00e5ll mer tillg\u00e4ngligt f\u00f6r personer med olika funktionsneds\u00e4ttningar. Vi tror inte bara p\u00e5 att f\u00f6lja dessa riktlinjer utan \u00e4ven p\u00e5 att optimering kring dem kommer att bidra till att g\u00f6ra webben mer anv\u00e4ndarv\u00e4nlig f\u00f6r alla.  <\/p>\n\n\n\n<h2 class=\"wp-block-heading\">K\u00e4nda undantag<\/h2>\n\n\n\n<p>\u00c4ven om vi g\u00f6r v\u00e5rt b\u00e4sta f\u00f6r att uppfylla de framg\u00e5ngskriterier som beskrivs i WCAG 2.2 AA-riktlinjerna, inser vi att det f\u00f6r n\u00e4rvarande finns omr\u00e5den p\u00e5 v\u00e5r webbplats som inte \u00e4r tillg\u00e4ngliga eller som kan vara sv\u00e5ra att navigera, s\u00e4rskilt f\u00f6r anv\u00e4ndare av sk\u00e4rml\u00e4sare.<\/p>\n\n\n\n<p>Vissa av dessa regioner drivs av plugins fr\u00e5n tredje part som vi \u00e4r medvetna om inte \u00e4r p\u00e5 den tillg\u00e4nglighetsniv\u00e5 som vi str\u00e4var efter.<\/p>\n\n\n\n<p>De regioner som anges nedan \u00e4r inte tillg\u00e4ngliga och sk\u00e4len till att de inte \u00e4r tillg\u00e4ngliga definieras:<\/p>\n\n\n\n<ol class=\"wp-block-list\">\n<li>I formul\u00e4ret &#8220;Kontakta Mastercam&#8221; \u00e4r radioknapparna i avsnittet &#8220;Segment&#8221; inte korrekt h\u00e4nf\u00f6rda till avsnittet &#8220;Segment&#8221; i formul\u00e4ret och \u00e4r felaktigt inb\u00e4ddade i andra formul\u00e4rkontroller. Detta kan skapa problem f\u00f6r sk\u00e4rml\u00e4saranv\u00e4ndare att f\u00f6rst\u00e5 var de befinner sig i formul\u00e4ret och hur formul\u00e4ret uppdateras n\u00e4r vissa radioknappar \u00e4r markerade. Detta misslyckas med WCAG 2.2 A framg\u00e5ngskriterium 4.1.2 (Namn, roll, v\u00e4rde).  <\/li>\n\n\n\n<li>I formul\u00e4ret &#8220;Kontakta Mastercam&#8221; saknar formul\u00e4rknappen &#8220;Skicka&#8221; anpassade fokus- och sv\u00e4vartillst\u00e5nd som indikerar att en anv\u00e4ndare k\u00e4nner igen tillst\u00e5ndet f\u00f6r denna knapp n\u00e4r den interagerar med den. Webbl\u00e4sarens standardindikator f\u00f6r fokus \u00e4r n\u00e4rvarande. <\/li>\n\n\n\n<li>Tabeller p\u00e5 vissa sidor, t.ex. p\u00e5 sidan Translators, saknar taggar och attribut som skulle ge sk\u00e4rml\u00e4sare och tangentbordsanv\u00e4ndare b\u00e4ttre kontroll och feedback om data i tabellen och var de befinner sig i tabellen. Detta misslyckas med WCAG 2.2 A framg\u00e5ngskriterium 1.3.1 (Info och relationer). <\/li>\n\n\n\n<li>Bilder p\u00e5 vissa sidor har inte alltid l\u00e4mplig alternativ text. Sk\u00e4rml\u00e4saranv\u00e4ndare kanske inte har tillg\u00e5ng till information som f\u00f6rmedlas i bilder. Detta misslyckas med WCAG 2.2 A framg\u00e5ngskriterium 1.1.1 (Icke-textinneh\u00e5ll).  <\/li>\n\n\n\n<li>P\u00e5 sidan T\u00e4vlingar byter layouten ordning p\u00e5 inneh\u00e5llet i varje avsnitt, vilket g\u00f6r att l\u00e4sordningen f\u00f6r texten och YouTube-videon upprepade g\u00e5nger v\u00e4xlar f\u00f6r anv\u00e4ndare av sk\u00e4rml\u00e4sare.<\/li>\n\n\n\n<li>N\u00e4r du g\u00f6r en s\u00f6kning p\u00e5 webbplatsen och navigerar i resultaten via pagineringskontrollerna l\u00e4ngst ned p\u00e5 sidan finns det inga sk\u00e4rml\u00e4sartips som visar anv\u00e4ndaren sidl\u00e4nken eller n\u00e4sta och f\u00f6reg\u00e5ende l\u00e4nkar och vart de leder n\u00e4r du klickar p\u00e5 dem.<\/li>\n<\/ol>\n\n\n\n<p>Vi arbetar aktivt med att f\u00f6rb\u00e4ttra upplevelsen i dessa och andra p\u00e5verkade omr\u00e5den genom att arbeta direkt med leverant\u00f6rer eller s\u00f6ka mer tillg\u00e4ngliga alternativ. Var medveten om att v\u00e5ra anstr\u00e4ngningar f\u00f6r att \u00e5tg\u00e4rda eventuella problem med dessa avsnitt p\u00e5g\u00e5r. <\/p>\n\n\n\n<h2 class=\"wp-block-heading\">Har du synpunkter eller beh\u00f6ver du hj\u00e4lp?<\/h2>\n\n\n\n<p>Vi forts\u00e4tter att str\u00e4va efter att inte bara uppfylla en h\u00f6g niv\u00e5 av tillg\u00e4nglighetsst\u00f6d utan ocks\u00e5 att ge en snygg upplevelse f\u00f6r alla bes\u00f6kare. Under tiden tar vi g\u00e4rna emot fr\u00e5gor och kommentarer om hur vi kan f\u00f6rb\u00e4ttra tillg\u00e4ngligheten p\u00e5 v\u00e5r webbplats. Om du beh\u00f6ver hj\u00e4lp eller hj\u00e4lper n\u00e5gon med funktionsneds\u00e4ttning och har problem med att anv\u00e4nda vissa funktioner, v\u00e4nligen kontakta oss:  <\/p>\n\n\n\n<p>E-post: <a href=\"mailto:marketing@mastercam.com\">marketing@mastercam.com<\/a><\/p>\n\n\n\n<p>Telefon: 1+ 860-875-5006 1+ 860-875-5006<\/p>\n\n\n\n<p>Postadress:<br\/>671 Old Post Road<br\/>Tolland, Connecticut USA<br\/>06084<\/p>\n\n\n\n<h2 class=\"wp-block-heading\">Uppr\u00e4ttande av detta tillg\u00e4nglighetsutl\u00e5tande<\/h2>\n\n\n\n<p>Detta uttalande uppr\u00e4ttades den 26 februari 2024. Det uppdaterades senast den 28 februari 2024. <\/p>\n<\/div>\n<\/div>\n","protected":false},"excerpt":{"rendered":"<p>Uttalande om digital tillg\u00e4nglighet Mastercam har \u00e5tagit sig att tillhandah\u00e5lla en likv\u00e4rdig och kvalitativ upplevelse [&hellip;]<\/p>\n","protected":false},"author":1,"featured_media":0,"parent":0,"menu_order":0,"comment_status":"closed","ping_status":"closed","template":"","meta":{"_acf_changed":false,"footnotes":""},"class_list":["post-35794","page","type-page","status-publish","hentry"],"acf":[],"yoast_head":"<!-- This site is optimized with the Yoast SEO plugin v26.8 - https:\/\/yoast.com\/product\/yoast-seo-wordpress\/ -->\n<title>Tillg\u00e4nglighetsutl\u00e5tande - mastercam.com<\/title>\n<meta name=\"description\" content=\"Uttalande om digital tillg\u00e4nglighet Mastercam har \u00e5tagit sig att tillhandah\u00e5lla en likv\u00e4rdig och kvalitativ upplevelse f\u00f6r alla. Vi arbetar st\u00e4ndigt med\" \/>\n<meta name=\"robots\" content=\"index, follow, max-snippet:-1, max-image-preview:large, max-video-preview:-1\" \/>\n<link rel=\"canonical\" href=\"https:\/\/www.mastercam.com\/sv\/tillganglighetsutlatande\/\" \/>\n<meta property=\"og:locale\" content=\"sv_SE\" \/>\n<meta property=\"og:type\" content=\"article\" \/>\n<meta property=\"og:title\" content=\"Tillg\u00e4nglighetsutl\u00e5tande - mastercam.com\" \/>\n<meta property=\"og:description\" content=\"Uttalande om digital tillg\u00e4nglighet Mastercam har \u00e5tagit sig att tillhandah\u00e5lla en likv\u00e4rdig och kvalitativ upplevelse f\u00f6r alla. Vi arbetar st\u00e4ndigt med\" \/>\n<meta property=\"og:url\" content=\"https:\/\/www.mastercam.com\/sv\/tillganglighetsutlatande\/\" \/>\n<meta property=\"og:site_name\" content=\"mastercam.com\" \/>\n<meta property=\"article:publisher\" content=\"https:\/\/www.facebook.com\/Mastercam\/\" \/>\n<meta property=\"article:modified_time\" content=\"2026-01-16T16:14:37+00:00\" \/>\n<meta property=\"og:image\" content=\"https:\/\/www.mastercam.com\/wp-content\/uploads\/2024\/02\/drill-wide-photo-1200x675-1.jpg\" \/>\n\t<meta property=\"og:image:width\" content=\"1200\" \/>\n\t<meta property=\"og:image:height\" content=\"675\" \/>\n\t<meta property=\"og:image:type\" content=\"image\/jpeg\" \/>\n<meta name=\"twitter:card\" content=\"summary_large_image\" \/>\n<meta name=\"twitter:site\" content=\"@mastercam\" \/>\n<meta name=\"twitter:label1\" content=\"Est. reading time\" \/>\n\t<meta name=\"twitter:data1\" content=\"4 minutes\" \/>\n<script type=\"application\/ld+json\" class=\"yoast-schema-graph\">{\"@context\":\"https:\/\/schema.org\",\"@graph\":[{\"@type\":\"WebPage\",\"@id\":\"https:\/\/www.mastercam.com\/sv\/tillganglighetsutlatande\/\",\"url\":\"https:\/\/www.mastercam.com\/sv\/tillganglighetsutlatande\/\",\"name\":\"Tillg\u00e4nglighetsutl\u00e5tande - mastercam.com\",\"isPartOf\":{\"@id\":\"https:\/\/www.mastercam.com\/sv\/#website\"},\"datePublished\":\"2024-02-28T18:50:04+00:00\",\"dateModified\":\"2026-01-16T16:14:37+00:00\",\"description\":\"Uttalande om digital tillg\u00e4nglighet Mastercam har \u00e5tagit sig att tillhandah\u00e5lla en likv\u00e4rdig och kvalitativ upplevelse f\u00f6r alla. Vi arbetar st\u00e4ndigt med\",\"breadcrumb\":{\"@id\":\"https:\/\/www.mastercam.com\/sv\/tillganglighetsutlatande\/#breadcrumb\"},\"inLanguage\":\"sv-SE\",\"potentialAction\":[{\"@type\":\"ReadAction\",\"target\":[\"https:\/\/www.mastercam.com\/sv\/tillganglighetsutlatande\/\"]}]},{\"@type\":\"BreadcrumbList\",\"@id\":\"https:\/\/www.mastercam.com\/sv\/tillganglighetsutlatande\/#breadcrumb\",\"itemListElement\":[{\"@type\":\"ListItem\",\"position\":1,\"name\":\"Home\",\"item\":\"https:\/\/www.mastercam.com\/sv\/\"},{\"@type\":\"ListItem\",\"position\":2,\"name\":\"Tillg\u00e4nglighetsutl\u00e5tande\"}]},{\"@type\":\"WebSite\",\"@id\":\"https:\/\/www.mastercam.com\/sv\/#website\",\"url\":\"https:\/\/www.mastercam.com\/sv\/\",\"name\":\"Mastercam\",\"description\":\"Creating software and services that solve the world&#039;s manufacturing challenges\",\"publisher\":{\"@id\":\"https:\/\/www.mastercam.com\/sv\/#organization\"},\"potentialAction\":[{\"@type\":\"SearchAction\",\"target\":{\"@type\":\"EntryPoint\",\"urlTemplate\":\"https:\/\/www.mastercam.com\/sv\/?s={search_term_string}\"},\"query-input\":{\"@type\":\"PropertyValueSpecification\",\"valueRequired\":true,\"valueName\":\"search_term_string\"}}],\"inLanguage\":\"sv-SE\"},{\"@type\":\"Organization\",\"@id\":\"https:\/\/www.mastercam.com\/sv\/#organization\",\"name\":\"Mastercam\",\"url\":\"https:\/\/www.mastercam.com\/sv\/\",\"logo\":{\"@type\":\"ImageObject\",\"inLanguage\":\"sv-SE\",\"@id\":\"https:\/\/www.mastercam.com\/sv\/#\/schema\/logo\/image\/\",\"url\":\"https:\/\/www.mastercam.com\/wp-content\/uploads\/2023\/02\/MC_logo.svg\",\"contentUrl\":\"https:\/\/www.mastercam.com\/wp-content\/uploads\/2023\/02\/MC_logo.svg\",\"width\":230,\"height\":40,\"caption\":\"Mastercam\"},\"image\":{\"@id\":\"https:\/\/www.mastercam.com\/sv\/#\/schema\/logo\/image\/\"},\"sameAs\":[\"https:\/\/www.facebook.com\/Mastercam\/\",\"https:\/\/x.com\/mastercam\",\"https:\/\/www.linkedin.com\/company\/mastercam\",\"https:\/\/www.youtube.com\/channel\/UChJt5ruSkqnmFH44WsXVZLw\",\"https:\/\/www.instagram.com\/mastercam\/\"]}]}<\/script>\n<!-- \/ Yoast SEO plugin. -->","yoast_head_json":{"title":"Tillg\u00e4nglighetsutl\u00e5tande - mastercam.com","description":"Uttalande om digital tillg\u00e4nglighet Mastercam har \u00e5tagit sig att tillhandah\u00e5lla en likv\u00e4rdig och kvalitativ upplevelse f\u00f6r alla. Vi arbetar st\u00e4ndigt med","robots":{"index":"index","follow":"follow","max-snippet":"max-snippet:-1","max-image-preview":"max-image-preview:large","max-video-preview":"max-video-preview:-1"},"canonical":"https:\/\/www.mastercam.com\/sv\/tillganglighetsutlatande\/","og_locale":"sv_SE","og_type":"article","og_title":"Tillg\u00e4nglighetsutl\u00e5tande - mastercam.com","og_description":"Uttalande om digital tillg\u00e4nglighet Mastercam har \u00e5tagit sig att tillhandah\u00e5lla en likv\u00e4rdig och kvalitativ upplevelse f\u00f6r alla. Vi arbetar st\u00e4ndigt med","og_url":"https:\/\/www.mastercam.com\/sv\/tillganglighetsutlatande\/","og_site_name":"mastercam.com","article_publisher":"https:\/\/www.facebook.com\/Mastercam\/","article_modified_time":"2026-01-16T16:14:37+00:00","og_image":[{"width":1200,"height":675,"url":"https:\/\/www.mastercam.com\/wp-content\/uploads\/2024\/02\/drill-wide-photo-1200x675-1.jpg","type":"image\/jpeg"}],"twitter_card":"summary_large_image","twitter_site":"@mastercam","twitter_misc":{"Est. reading time":"4 minutes"},"schema":{"@context":"https:\/\/schema.org","@graph":[{"@type":"WebPage","@id":"https:\/\/www.mastercam.com\/sv\/tillganglighetsutlatande\/","url":"https:\/\/www.mastercam.com\/sv\/tillganglighetsutlatande\/","name":"Tillg\u00e4nglighetsutl\u00e5tande - mastercam.com","isPartOf":{"@id":"https:\/\/www.mastercam.com\/sv\/#website"},"datePublished":"2024-02-28T18:50:04+00:00","dateModified":"2026-01-16T16:14:37+00:00","description":"Uttalande om digital tillg\u00e4nglighet Mastercam har \u00e5tagit sig att tillhandah\u00e5lla en likv\u00e4rdig och kvalitativ upplevelse f\u00f6r alla. Vi arbetar st\u00e4ndigt med","breadcrumb":{"@id":"https:\/\/www.mastercam.com\/sv\/tillganglighetsutlatande\/#breadcrumb"},"inLanguage":"sv-SE","potentialAction":[{"@type":"ReadAction","target":["https:\/\/www.mastercam.com\/sv\/tillganglighetsutlatande\/"]}]},{"@type":"BreadcrumbList","@id":"https:\/\/www.mastercam.com\/sv\/tillganglighetsutlatande\/#breadcrumb","itemListElement":[{"@type":"ListItem","position":1,"name":"Home","item":"https:\/\/www.mastercam.com\/sv\/"},{"@type":"ListItem","position":2,"name":"Tillg\u00e4nglighetsutl\u00e5tande"}]},{"@type":"WebSite","@id":"https:\/\/www.mastercam.com\/sv\/#website","url":"https:\/\/www.mastercam.com\/sv\/","name":"Mastercam","description":"Creating software and services that solve the world&#039;s manufacturing challenges","publisher":{"@id":"https:\/\/www.mastercam.com\/sv\/#organization"},"potentialAction":[{"@type":"SearchAction","target":{"@type":"EntryPoint","urlTemplate":"https:\/\/www.mastercam.com\/sv\/?s={search_term_string}"},"query-input":{"@type":"PropertyValueSpecification","valueRequired":true,"valueName":"search_term_string"}}],"inLanguage":"sv-SE"},{"@type":"Organization","@id":"https:\/\/www.mastercam.com\/sv\/#organization","name":"Mastercam","url":"https:\/\/www.mastercam.com\/sv\/","logo":{"@type":"ImageObject","inLanguage":"sv-SE","@id":"https:\/\/www.mastercam.com\/sv\/#\/schema\/logo\/image\/","url":"https:\/\/www.mastercam.com\/wp-content\/uploads\/2023\/02\/MC_logo.svg","contentUrl":"https:\/\/www.mastercam.com\/wp-content\/uploads\/2023\/02\/MC_logo.svg","width":230,"height":40,"caption":"Mastercam"},"image":{"@id":"https:\/\/www.mastercam.com\/sv\/#\/schema\/logo\/image\/"},"sameAs":["https:\/\/www.facebook.com\/Mastercam\/","https:\/\/x.com\/mastercam","https:\/\/www.linkedin.com\/company\/mastercam","https:\/\/www.youtube.com\/channel\/UChJt5ruSkqnmFH44WsXVZLw","https:\/\/www.instagram.com\/mastercam\/"]}]}},"_links":{"self":[{"href":"https:\/\/www.mastercam.com\/sv\/wp-json\/wp\/v2\/pages\/35794","targetHints":{"allow":["GET"]}}],"collection":[{"href":"https:\/\/www.mastercam.com\/sv\/wp-json\/wp\/v2\/pages"}],"about":[{"href":"https:\/\/www.mastercam.com\/sv\/wp-json\/wp\/v2\/types\/page"}],"author":[{"embeddable":true,"href":"https:\/\/www.mastercam.com\/sv\/wp-json\/wp\/v2\/users\/1"}],"replies":[{"embeddable":true,"href":"https:\/\/www.mastercam.com\/sv\/wp-json\/wp\/v2\/comments?post=35794"}],"version-history":[{"count":0,"href":"https:\/\/www.mastercam.com\/sv\/wp-json\/wp\/v2\/pages\/35794\/revisions"}],"wp:attachment":[{"href":"https:\/\/www.mastercam.com\/sv\/wp-json\/wp\/v2\/media?parent=35794"}],"curies":[{"name":"wp","href":"https:\/\/api.w.org\/{rel}","templated":true}]}}