{"id":35788,"date":"2024-01-10T21:28:50","date_gmt":"2024-01-11T02:28:50","guid":{"rendered":"https:\/\/www.mastercam.com\/mastercam-worldskills-programmet\/"},"modified":"2026-01-16T11:19:30","modified_gmt":"2026-01-16T16:19:30","slug":"mastercam-worldskills-programmet","status":"publish","type":"page","link":"https:\/\/www.mastercam.com\/sv\/gemenskap\/mastercam-worldskills-programmet\/","title":{"rendered":"Mastercam WorldSkills-programmet"},"content":{"rendered":"<div class=\"hero__breadcrumbs\">\n    <div class=\"container-fluid\">\n      <div class=\"row\">\n        <div class=\"col\">\n          <nav aria-label=\"breadcrumbs\"><ol class=\"breadcrumb\"><li><a href=\"https:\/\/www.mastercam.com\/sv\/\">Home<\/a><\/li><\/ol><\/nav>\n        <\/div>\n      <\/div>\n    <\/div>\n  <\/div>\n\n<div class=\"hero hero--minimal wp-block-acf-block-hero\">\n  <div class=\"container-fluid\">\n    <div class=\"row align-items-center\">\n      \n      \n      \n      <div class=\"col-12 col-lg-7 order-2 order-lg-2 hero__content-column\">\n        <div class=\"hero__content\">\n                      <h1 class=\"hero__heading\">\n              \n              Mastercam WorldSkills-programmet\n            <\/h1>\n          \n          \n          \n          \n          \n                  <\/div>\n      <\/div>\n    <\/div>\n  <\/div>\n<\/div>\n\n<div class=\"wp-block-columns is-style-container is-layout-flex wp-container-core-columns-is-layout-28f84493 wp-block-columns-is-layout-flex\">\n<div class=\"wp-block-column is-layout-flow wp-block-column-is-layout-flow\"><div class=\"container-fluid align wp-block-acf-block-media-object\">\n  <div class=\"row\">\n    <div class=\"col\">\n      <div class=\"d-flex flex-column flex-lg-row media-object media-object--shaded\">\n        <div class=\"flex-shrink-0 media-object__image order-1  order-lg-3 \">\n                                    <img decoding=\"async\" src=\"https:\/\/www.mastercam.com\/wp-content\/uploads\/2024\/01\/WS_Logo_DarkBlue_RGB-1024x677.png\" alt=\"WorldSkills logo\" loading=\"lazy\">\n                              <\/div>\n        <div class=\"media-object__body flex-grow-1 d-lg-flex flex-column order-2 justify-content-lg-center\">\n                                <h2 class=\"media-object__header h3\">Fr\u00e4mja kompetens \u00f6ver hela v\u00e4rlden<\/h2>\n                                <div class=\"media-object__content\">\n              <p>Mastercam \u00e4r en global partner till WorldSkills, en v\u00e4rldsomsp\u00e4nnande r\u00f6relse som f\u00f6r\u00e4ndrar livet f\u00f6r unga m\u00e4nniskor genom att skapa m\u00f6jligheter och koppla samman samh\u00e4llen. Vi \u00e4r stolta \u00f6ver att sponsra t\u00e4vlingarna i CNC-svarvning och CNC-fr\u00e4sning. <\/p>\n<p>Utbildningsinstitutioner v\u00e4ljer Mastercam f\u00f6r att f\u00f6rbereda sina studenter f\u00f6r CNC-t\u00e4vlingarna WorldSkills och f\u00f6r sp\u00e4nnande karri\u00e4rer inom tillverkningsindustrin. Med kunskaper om v\u00e4rldens ledande programvara f\u00f6r CAM f\u00f6rb\u00e4ttrar studenterna sina chanser att f\u00e5 jobb efter examen. <\/p>\n<p>L\u00e4s <a href=\"https:\/\/www.mastercam.com\/wp-content\/uploads\/2024\/02\/WorldSkills-Sponsorship-Agreement1.pdf\">Mastercams sponsoravtal<\/a> f\u00f6r deltagare i WorldSkills och fyll sedan i anm\u00e4lningsformul\u00e4ret f\u00f6r att komma ig\u00e5ng.<\/p>\n\n            <\/div>\n                            <\/div>\n      <\/div>\n    <\/div>\n  <\/div>\n<\/div>\n\n\n\n<div style=\"height:100px\" aria-hidden=\"true\" class=\"wp-block-spacer\"><\/div>\n\n\n\n<div class=\"wp-block-columns is-layout-flex wp-container-core-columns-is-layout-28f84493 wp-block-columns-is-layout-flex\">\n<div class=\"wp-block-column is-layout-flow wp-block-column-is-layout-flow\" style=\"padding-right:var(--wp--preset--spacing--80);padding-left:var(--wp--preset--spacing--80)\">\n<figure class=\"wp-block-embed is-type-video is-provider-youtube wp-block-embed-youtube wp-embed-aspect-16-9 wp-has-aspect-ratio\"><div class=\"wp-block-embed__wrapper\">\n<iframe loading=\"lazy\" title=\"Mastercam Education | WorldSkills\" width=\"500\" height=\"281\" src=\"https:\/\/www.youtube.com\/embed\/WUoyPzcepZo?feature=oembed\" frameborder=\"0\" allow=\"accelerometer; autoplay; clipboard-write; encrypted-media; gyroscope; picture-in-picture; web-share\" referrerpolicy=\"strict-origin-when-cross-origin\" allowfullscreen><\/iframe>\n<\/div><\/figure>\n<\/div>\n<\/div>\n\n\n\n<div style=\"height:100px\" aria-hidden=\"true\" class=\"wp-block-spacer\"><\/div>\n\n\n\n<script charset=\"utf-8\" type=\"text\/javascript\" src=\"\/\/js.hsforms.net\/forms\/embed\/v2.js\"><\/script><script>hbspt.forms.create({\n    portalId: \"3375755\",\n    formId: \"a81c1d5e-5d4b-4f91-84ff-ea236074a4aa\",\n    region: \"na1\"\n  });\n<\/script>\n\n\n\n<div style=\"height:100px\" aria-hidden=\"true\" class=\"wp-block-spacer\"><\/div>\n\n\n\n<h2 class=\"wp-block-heading\">Vanliga fr\u00e5gor och svar<\/h2>\n\n\n<div class=\"accordion aligncenter wp-block-acf-block-accordion\" id=\"blockAccordion\">\n          <div class=\"accordion-item\">\n      <h2 class=\"accordion-header\" id=\"heading-0\">\n        <button class=\"accordion-button collapsed\" type=\"button\" data-bs-toggle=\"collapse\" data-bs-target=\"#collapse-0\" aria-expanded=\"false\" aria-controls=\"collapse-0\" aria-label=\"Toggle accordion for Vem kontaktar jag f\u00f6r Mastercam-support?\">\n          Vem kontaktar jag f\u00f6r Mastercam-support?\n        <\/button>\n      <\/h2>\n      <div id=\"collapse-0\" class=\"accordion-collapse collapse\" aria-labelledby=\"heading-0\" data-bs-parent=\"#blockAccordion\">\n        <div class=\"accordion-body\">\n                      <p>Din lokala Mastercam-representant b\u00f6r alltid vara din f\u00f6rsta kontaktpunkt f\u00f6r information och teknisk support. Hitta din <a href=\"https:\/\/www.mastercam.com\/?page_id=26546\">Mastercam-representant<\/a> <\/p>\n<p>Om din Mastercam-representant inte \u00e4r tillg\u00e4nglig kan du ringa Mastercam m\u00e5ndag-fredag kl. 8.00-17.00, ET.<\/p>\n<p>V\u00e4nligen f\u00f6lj dessa riktlinjer:<\/p>\n<ul>\n<li>F\u00f6rs\u00e4kra dig om att du redan har f\u00f6rs\u00f6kt kontakta din Mastercam-representant.<\/li>\n<li>Ange din kontaktinformation, den Mastercam-version du k\u00f6r och serienumret f\u00f6r din licens.<\/li>\n<li>Var beredd att beskriva problemet i detalj.<\/li>\n<li>Var framf\u00f6r din dator n\u00e4r du ringer.<\/li>\n<li>F\u00f6rs\u00f6k att upprepa problemet innan du ringer. V\u00e5r tekniker kan kr\u00e4va att du kopierar problemet medan du pratar i telefon. <\/li>\n<li>Ha en fullst\u00e4ndig beskrivning av maskinvaran klar, inklusive operativsystem (OS), CPU (central processing unit), mus och minne.<\/li>\n<\/ul>\n\n                    <button type=\"button\" class=\"close\" data-bs-toggle=\"kollaps\" data-bs-target=\"#collapse-0\" aria-label=\"Close Vem kontaktar jag f\u00f6r Mastercam-support?\">\n            Close\n          <\/button>\n        <\/div>\n      <\/div>\n    <\/div>\n              <div class=\"accordion-item\">\n      <h2 class=\"accordion-header\" id=\"heading-1\">\n        <button class=\"accordion-button collapsed\" type=\"button\" data-bs-toggle=\"collapse\" data-bs-target=\"#collapse-1\" aria-expanded=\"false\" aria-controls=\"collapse-1\" aria-label=\"Toggle accordion for Vilka t\u00e4vlingar sponsrar Mastercam i WorldSkills Competition?  \">\n          Vilka t\u00e4vlingar sponsrar Mastercam i WorldSkills Competition?  \n        <\/button>\n      <\/h2>\n      <div id=\"collapse-1\" class=\"accordion-collapse collapse\" aria-labelledby=\"heading-1\" data-bs-parent=\"#blockAccordion\">\n        <div class=\"accordion-body\">\n                      <p><span class=\"TextRun SCXW232916845 BCX8\" lang=\"EN-US\" data-contrast=\"auto\" xml:lang=\"EN-US\"><span class=\"NormalTextRun SCXW232916845 BCX8\" data-ccp-parastyle=\"Mastercam Header\">Mastercam \u00e4r en global partner till WorldSkills och tillhandah\u00e5ller exklusivt <\/span><span class=\"NormalTextRun SCXW232916845 BCX8\" data-ccp-parastyle=\"Mastercam Header\">tillhandah\u00e5ller<\/span><span class=\"NormalTextRun SCXW232916845 BCX8\" data-ccp-parastyle=\"Mastercam Header\"> programvara f\u00f6r dessa t\u00e4vlingar<\/span><span class=\"NormalTextRun SCXW232916845 BCX8\" data-ccp-parastyle=\"Mastercam Header\">ti<\/span><span class=\"NormalTextRun SCXW232916845 BCX8\" data-ccp-parastyle=\"Mastercam Header\">oner: CNC-fr\u00e4sning och CNC-svarvning.<\/span><\/span><\/p>\n\n                    <button type=\"button\" class=\"close\" data-bs-toggle=\"kollaps\" data-bs-target=\"#collapse-1\" aria-label=\"Close Vilka t\u00e4vlingar sponsrar Mastercam i WorldSkills Competition?  \">\n            Close\n          <\/button>\n        <\/div>\n      <\/div>\n    <\/div>\n              <div class=\"accordion-item\">\n      <h2 class=\"accordion-header\" id=\"heading-2\">\n        <button class=\"accordion-button collapsed\" type=\"button\" data-bs-toggle=\"collapse\" data-bs-target=\"#collapse-2\" aria-expanded=\"false\" aria-controls=\"collapse-2\" aria-label=\"Toggle accordion for Vilken typ av Mastercam f\u00e5r jag som deltagare i WorldSkills?  \">\n          Vilken typ av Mastercam f\u00e5r jag som deltagare i WorldSkills?  \n        <\/button>\n      <\/h2>\n      <div id=\"collapse-2\" class=\"accordion-collapse collapse\" aria-labelledby=\"heading-2\" data-bs-parent=\"#blockAccordion\">\n        <div class=\"accordion-body\">\n                      <p><span data-contrast=\"auto\">WorldSkills-t\u00e4vlande f\u00e5r den aktuella versionen av Mastercam, eller den version som kommer att anv\u00e4ndas vid WorldSkills (om den skiljer sig fr\u00e5n den aktuella versionen). Denna version \u00e4r en tidsbest\u00e4md version som l\u00f6per ut efter att t\u00e4vlingen \u00e4r \u00f6ver eller p\u00e5 ett annat \u00f6msesidigt \u00f6verenskommet datum. <\/span><span> <\/span><\/p>\n<p><span data-contrast=\"auto\">Den version du kommer att f\u00e5 \u00e4r v\u00e5r Mastercam Educational Suite, som \u00e4r fullt funktionell, men inte kompatibel med v\u00e5ra industriella licenser. Utbildningssviten inneh\u00e5ller Mill, Lathe (svarvning) och Design. Det finns ingen kostnad f\u00f6r denna licens.  <\/span><span> <\/span><\/p>\n\n                    <button type=\"button\" class=\"close\" data-bs-toggle=\"kollaps\" data-bs-target=\"#collapse-2\" aria-label=\"Close Vilken typ av Mastercam f\u00e5r jag som deltagare i WorldSkills?  \">\n            Close\n          <\/button>\n        <\/div>\n      <\/div>\n    <\/div>\n              <div class=\"accordion-item\">\n      <h2 class=\"accordion-header\" id=\"heading-3\">\n        <button class=\"accordion-button collapsed\" type=\"button\" data-bs-toggle=\"collapse\" data-bs-target=\"#collapse-3\" aria-expanded=\"false\" aria-controls=\"collapse-3\" aria-label=\"Toggle accordion for Jag har Mastercam for WorldSkills, men det har l\u00f6pt ut. Vad ska jag g\u00f6ra? \">\n          Jag har Mastercam for WorldSkills, men det har l\u00f6pt ut. Vad ska jag g\u00f6ra? \n        <\/button>\n      <\/h2>\n      <div id=\"collapse-3\" class=\"accordion-collapse collapse\" aria-labelledby=\"heading-3\" data-bs-parent=\"#blockAccordion\">\n        <div class=\"accordion-body\">\n                      <p>F\u00f6r att f\u00f6rnya din licens, kontakta education@mastercam.com.<\/p>\n\n                    <button type=\"button\" class=\"close\" data-bs-toggle=\"kollaps\" data-bs-target=\"#collapse-3\" aria-label=\"Close Jag har Mastercam for WorldSkills, men det har l\u00f6pt ut. Vad ska jag g\u00f6ra? \">\n            Close\n          <\/button>\n        <\/div>\n      <\/div>\n    <\/div>\n              <div class=\"accordion-item\">\n      <h2 class=\"accordion-header\" id=\"heading-4\">\n        <button class=\"accordion-button collapsed\" type=\"button\" data-bs-toggle=\"collapse\" data-bs-target=\"#collapse-4\" aria-expanded=\"false\" aria-controls=\"collapse-4\" aria-label=\"Toggle accordion for Hur ofta \u00e4ger WorldSkills rum och var h\u00e5lls det?  \">\n          Hur ofta \u00e4ger WorldSkills rum och var h\u00e5lls det?  \n        <\/button>\n      <\/h2>\n      <div id=\"collapse-4\" class=\"accordion-collapse collapse\" aria-labelledby=\"heading-4\" data-bs-parent=\"#blockAccordion\">\n        <div class=\"accordion-body\">\n                      <p>WorldSkills \u00e4ger rum vartannat \u00e5r. F\u00f6re Covid-utbrottet h\u00f6lls WorldSkills under udda \u00e5r. Men efter covid-utbrottet h\u00e5lls WorldSkills nu p\u00e5 j\u00e4mna \u00e5r, och n\u00e4sta planerade WorldSkills-t\u00e4vlingar \u00e4ger rum 2024 i Lyon i Frankrike och 2026 i Shanghai i Kina.  <\/p>\n\n                    <button type=\"button\" class=\"close\" data-bs-toggle=\"kollaps\" data-bs-target=\"#collapse-4\" aria-label=\"Close Hur ofta \u00e4ger WorldSkills rum och var h\u00e5lls det?  \">\n            Close\n          <\/button>\n        <\/div>\n      <\/div>\n    <\/div>\n              <div class=\"accordion-item\">\n      <h2 class=\"accordion-header\" id=\"heading-5\">\n        <button class=\"accordion-button collapsed\" type=\"button\" data-bs-toggle=\"collapse\" data-bs-target=\"#collapse-5\" aria-expanded=\"false\" aria-controls=\"collapse-5\" aria-label=\"Toggle accordion for Kan jag f\u00e5 en tidsbegr\u00e4nsad licens av Mastercam f\u00f6r mitt lands Skills-t\u00e4vling eller en regional Skills-t\u00e4vling som EuroSkills?  \">\n          Kan jag f\u00e5 en tidsbegr\u00e4nsad licens av Mastercam f\u00f6r mitt lands Skills-t\u00e4vling eller en regional Skills-t\u00e4vling som EuroSkills?  \n        <\/button>\n      <\/h2>\n      <div id=\"collapse-5\" class=\"accordion-collapse collapse\" aria-labelledby=\"heading-5\" data-bs-parent=\"#blockAccordion\">\n        <div class=\"accordion-body\">\n                      <p>Ja, f\u00f6r att f\u00e5 en tidsbegr\u00e4nsad licens av Mastercam, se alla t\u00e4vlingar vi st\u00f6der h\u00e4r: <a href=\"https:\/\/www.mastercam.com\/community\/competitions\/\">Mastercam sponsrar CAD\/CAM student- och professionella t\u00e4vlingar<\/a><\/p>\n\n                    <button type=\"button\" class=\"close\" data-bs-toggle=\"kollaps\" data-bs-target=\"#collapse-5\" aria-label=\"Close Kan jag f\u00e5 en tidsbegr\u00e4nsad licens av Mastercam f\u00f6r mitt lands Skills-t\u00e4vling eller en regional Skills-t\u00e4vling som EuroSkills?  \">\n            Close\n          <\/button>\n        <\/div>\n      <\/div>\n    <\/div>\n      <\/div>\n<\/div>\n<\/div>\n","protected":false},"excerpt":{"rendered":"<p>Vanliga fr\u00e5gor och svar<\/p>\n","protected":false},"author":1,"featured_media":0,"parent":36526,"menu_order":0,"comment_status":"closed","ping_status":"closed","template":"","meta":{"_acf_changed":false,"footnotes":""},"class_list":["post-35788","page","type-page","status-publish","hentry"],"acf":[],"yoast_head":"<!-- This site is optimized with the Yoast SEO plugin v26.8 - https:\/\/yoast.com\/product\/yoast-seo-wordpress\/ -->\n<title>Mastercam WorldSkills-programmet - mastercam.com<\/title>\n<meta name=\"description\" content=\"https:\/\/www.youtube.com\/watch?v=WUoyPzcepZo          Vanliga fr\u00e5gor och svar\" \/>\n<meta name=\"robots\" content=\"index, follow, max-snippet:-1, max-image-preview:large, max-video-preview:-1\" \/>\n<link rel=\"canonical\" href=\"https:\/\/www.mastercam.com\/sv\/gemenskap\/mastercam-worldskills-programmet\/\" \/>\n<meta property=\"og:locale\" content=\"sv_SE\" \/>\n<meta property=\"og:type\" content=\"article\" \/>\n<meta property=\"og:title\" content=\"Mastercam WorldSkills-programmet - mastercam.com\" \/>\n<meta property=\"og:description\" content=\"https:\/\/www.youtube.com\/watch?v=WUoyPzcepZo          Vanliga fr\u00e5gor och svar\" \/>\n<meta property=\"og:url\" content=\"https:\/\/www.mastercam.com\/sv\/gemenskap\/mastercam-worldskills-programmet\/\" \/>\n<meta property=\"og:site_name\" content=\"mastercam.com\" \/>\n<meta property=\"article:publisher\" content=\"https:\/\/www.facebook.com\/Mastercam\/\" \/>\n<meta property=\"article:modified_time\" content=\"2026-01-16T16:19:30+00:00\" \/>\n<meta property=\"og:image\" content=\"https:\/\/www.mastercam.com\/wp-content\/uploads\/2024\/02\/drill-wide-photo-1200x675-1.jpg\" \/>\n\t<meta property=\"og:image:width\" content=\"1200\" \/>\n\t<meta property=\"og:image:height\" content=\"675\" \/>\n\t<meta property=\"og:image:type\" content=\"image\/jpeg\" \/>\n<meta name=\"twitter:card\" content=\"summary_large_image\" \/>\n<meta name=\"twitter:site\" content=\"@mastercam\" \/>\n<script type=\"application\/ld+json\" class=\"yoast-schema-graph\">{\"@context\":\"https:\/\/schema.org\",\"@graph\":[{\"@type\":\"WebPage\",\"@id\":\"https:\/\/www.mastercam.com\/sv\/gemenskap\/mastercam-worldskills-programmet\/\",\"url\":\"https:\/\/www.mastercam.com\/sv\/gemenskap\/mastercam-worldskills-programmet\/\",\"name\":\"Mastercam WorldSkills-programmet - mastercam.com\",\"isPartOf\":{\"@id\":\"https:\/\/www.mastercam.com\/sv\/#website\"},\"datePublished\":\"2024-01-11T02:28:50+00:00\",\"dateModified\":\"2026-01-16T16:19:30+00:00\",\"description\":\"https:\/\/www.youtube.com\/watch?v=WUoyPzcepZo Vanliga fr\u00e5gor och svar\",\"breadcrumb\":{\"@id\":\"https:\/\/www.mastercam.com\/sv\/gemenskap\/mastercam-worldskills-programmet\/#breadcrumb\"},\"inLanguage\":\"sv-SE\",\"potentialAction\":[{\"@type\":\"ReadAction\",\"target\":[\"https:\/\/www.mastercam.com\/sv\/gemenskap\/mastercam-worldskills-programmet\/\"]}]},{\"@type\":\"BreadcrumbList\",\"@id\":\"https:\/\/www.mastercam.com\/sv\/gemenskap\/mastercam-worldskills-programmet\/#breadcrumb\",\"itemListElement\":[{\"@type\":\"ListItem\",\"position\":1,\"name\":\"Home\",\"item\":\"https:\/\/www.mastercam.com\/sv\/\"},{\"@type\":\"ListItem\",\"position\":2,\"name\":\"Gemenskap\",\"item\":\"https:\/\/www.mastercam.com\/sv\/gemenskap\/\"},{\"@type\":\"ListItem\",\"position\":3,\"name\":\"Mastercam WorldSkills-programmet\"}]},{\"@type\":\"WebSite\",\"@id\":\"https:\/\/www.mastercam.com\/sv\/#website\",\"url\":\"https:\/\/www.mastercam.com\/sv\/\",\"name\":\"Mastercam\",\"description\":\"Creating software and services that solve the world&#039;s manufacturing challenges\",\"publisher\":{\"@id\":\"https:\/\/www.mastercam.com\/sv\/#organization\"},\"potentialAction\":[{\"@type\":\"SearchAction\",\"target\":{\"@type\":\"EntryPoint\",\"urlTemplate\":\"https:\/\/www.mastercam.com\/sv\/?s={search_term_string}\"},\"query-input\":{\"@type\":\"PropertyValueSpecification\",\"valueRequired\":true,\"valueName\":\"search_term_string\"}}],\"inLanguage\":\"sv-SE\"},{\"@type\":\"Organization\",\"@id\":\"https:\/\/www.mastercam.com\/sv\/#organization\",\"name\":\"Mastercam\",\"url\":\"https:\/\/www.mastercam.com\/sv\/\",\"logo\":{\"@type\":\"ImageObject\",\"inLanguage\":\"sv-SE\",\"@id\":\"https:\/\/www.mastercam.com\/sv\/#\/schema\/logo\/image\/\",\"url\":\"https:\/\/www.mastercam.com\/wp-content\/uploads\/2023\/02\/MC_logo.svg\",\"contentUrl\":\"https:\/\/www.mastercam.com\/wp-content\/uploads\/2023\/02\/MC_logo.svg\",\"width\":230,\"height\":40,\"caption\":\"Mastercam\"},\"image\":{\"@id\":\"https:\/\/www.mastercam.com\/sv\/#\/schema\/logo\/image\/\"},\"sameAs\":[\"https:\/\/www.facebook.com\/Mastercam\/\",\"https:\/\/x.com\/mastercam\",\"https:\/\/www.linkedin.com\/company\/mastercam\",\"https:\/\/www.youtube.com\/channel\/UChJt5ruSkqnmFH44WsXVZLw\",\"https:\/\/www.instagram.com\/mastercam\/\"]}]}<\/script>\n<!-- \/ Yoast SEO plugin. -->","yoast_head_json":{"title":"Mastercam WorldSkills-programmet - mastercam.com","description":"https:\/\/www.youtube.com\/watch?v=WUoyPzcepZo          Vanliga fr\u00e5gor och svar","robots":{"index":"index","follow":"follow","max-snippet":"max-snippet:-1","max-image-preview":"max-image-preview:large","max-video-preview":"max-video-preview:-1"},"canonical":"https:\/\/www.mastercam.com\/sv\/gemenskap\/mastercam-worldskills-programmet\/","og_locale":"sv_SE","og_type":"article","og_title":"Mastercam WorldSkills-programmet - mastercam.com","og_description":"https:\/\/www.youtube.com\/watch?v=WUoyPzcepZo          Vanliga fr\u00e5gor och svar","og_url":"https:\/\/www.mastercam.com\/sv\/gemenskap\/mastercam-worldskills-programmet\/","og_site_name":"mastercam.com","article_publisher":"https:\/\/www.facebook.com\/Mastercam\/","article_modified_time":"2026-01-16T16:19:30+00:00","og_image":[{"width":1200,"height":675,"url":"https:\/\/www.mastercam.com\/wp-content\/uploads\/2024\/02\/drill-wide-photo-1200x675-1.jpg","type":"image\/jpeg"}],"twitter_card":"summary_large_image","twitter_site":"@mastercam","schema":{"@context":"https:\/\/schema.org","@graph":[{"@type":"WebPage","@id":"https:\/\/www.mastercam.com\/sv\/gemenskap\/mastercam-worldskills-programmet\/","url":"https:\/\/www.mastercam.com\/sv\/gemenskap\/mastercam-worldskills-programmet\/","name":"Mastercam WorldSkills-programmet - mastercam.com","isPartOf":{"@id":"https:\/\/www.mastercam.com\/sv\/#website"},"datePublished":"2024-01-11T02:28:50+00:00","dateModified":"2026-01-16T16:19:30+00:00","description":"https:\/\/www.youtube.com\/watch?v=WUoyPzcepZo Vanliga fr\u00e5gor och svar","breadcrumb":{"@id":"https:\/\/www.mastercam.com\/sv\/gemenskap\/mastercam-worldskills-programmet\/#breadcrumb"},"inLanguage":"sv-SE","potentialAction":[{"@type":"ReadAction","target":["https:\/\/www.mastercam.com\/sv\/gemenskap\/mastercam-worldskills-programmet\/"]}]},{"@type":"BreadcrumbList","@id":"https:\/\/www.mastercam.com\/sv\/gemenskap\/mastercam-worldskills-programmet\/#breadcrumb","itemListElement":[{"@type":"ListItem","position":1,"name":"Home","item":"https:\/\/www.mastercam.com\/sv\/"},{"@type":"ListItem","position":2,"name":"Gemenskap","item":"https:\/\/www.mastercam.com\/sv\/gemenskap\/"},{"@type":"ListItem","position":3,"name":"Mastercam WorldSkills-programmet"}]},{"@type":"WebSite","@id":"https:\/\/www.mastercam.com\/sv\/#website","url":"https:\/\/www.mastercam.com\/sv\/","name":"Mastercam","description":"Creating software and services that solve the world&#039;s manufacturing challenges","publisher":{"@id":"https:\/\/www.mastercam.com\/sv\/#organization"},"potentialAction":[{"@type":"SearchAction","target":{"@type":"EntryPoint","urlTemplate":"https:\/\/www.mastercam.com\/sv\/?s={search_term_string}"},"query-input":{"@type":"PropertyValueSpecification","valueRequired":true,"valueName":"search_term_string"}}],"inLanguage":"sv-SE"},{"@type":"Organization","@id":"https:\/\/www.mastercam.com\/sv\/#organization","name":"Mastercam","url":"https:\/\/www.mastercam.com\/sv\/","logo":{"@type":"ImageObject","inLanguage":"sv-SE","@id":"https:\/\/www.mastercam.com\/sv\/#\/schema\/logo\/image\/","url":"https:\/\/www.mastercam.com\/wp-content\/uploads\/2023\/02\/MC_logo.svg","contentUrl":"https:\/\/www.mastercam.com\/wp-content\/uploads\/2023\/02\/MC_logo.svg","width":230,"height":40,"caption":"Mastercam"},"image":{"@id":"https:\/\/www.mastercam.com\/sv\/#\/schema\/logo\/image\/"},"sameAs":["https:\/\/www.facebook.com\/Mastercam\/","https:\/\/x.com\/mastercam","https:\/\/www.linkedin.com\/company\/mastercam","https:\/\/www.youtube.com\/channel\/UChJt5ruSkqnmFH44WsXVZLw","https:\/\/www.instagram.com\/mastercam\/"]}]}},"_links":{"self":[{"href":"https:\/\/www.mastercam.com\/sv\/wp-json\/wp\/v2\/pages\/35788","targetHints":{"allow":["GET"]}}],"collection":[{"href":"https:\/\/www.mastercam.com\/sv\/wp-json\/wp\/v2\/pages"}],"about":[{"href":"https:\/\/www.mastercam.com\/sv\/wp-json\/wp\/v2\/types\/page"}],"author":[{"embeddable":true,"href":"https:\/\/www.mastercam.com\/sv\/wp-json\/wp\/v2\/users\/1"}],"replies":[{"embeddable":true,"href":"https:\/\/www.mastercam.com\/sv\/wp-json\/wp\/v2\/comments?post=35788"}],"version-history":[{"count":0,"href":"https:\/\/www.mastercam.com\/sv\/wp-json\/wp\/v2\/pages\/35788\/revisions"}],"up":[{"embeddable":true,"href":"https:\/\/www.mastercam.com\/sv\/wp-json\/wp\/v2\/pages\/36526"}],"wp:attachment":[{"href":"https:\/\/www.mastercam.com\/sv\/wp-json\/wp\/v2\/media?parent=35788"}],"curies":[{"name":"wp","href":"https:\/\/api.w.org\/{rel}","templated":true}]}}