{"id":35513,"date":"2023-01-31T19:19:39","date_gmt":"2023-02-01T00:19:39","guid":{"rendered":"https:\/\/www.mastercam.com\/mastercam-varumarke\/"},"modified":"2026-01-16T11:19:44","modified_gmt":"2026-01-16T16:19:44","slug":"mastercam-varumarke","status":"publish","type":"page","link":"https:\/\/www.mastercam.com\/sv\/integritet\/mastercam-varumarke\/","title":{"rendered":"Mastercam Varum\u00e4rke"},"content":{"rendered":"\n<div class=\"wp-block-group is-style-container is-layout-flow wp-block-group-is-layout-flow\" style=\"margin-bottom:var(--wp--preset--spacing--6)\">\n<figure class=\"wp-block-table is-style-stripes\"><table><thead><tr><td>NAMN<\/td><td>BILD<\/td><\/tr><\/thead><tbody><tr><td>Mastercam<\/td><td><img decoding=\"async\" class=\"wp-image-23208\" style=\"width: 600px;\" src=\"https:\/\/www.mastercam.com\/wp-content\/uploads\/2025\/12\/Mastercam-2Color-Logo-scaled.jpg\" alt=\"Mastercam-logotyp\"\/><\/td><\/tr><tr><td>Mastercam-universitetet<\/td><td><img decoding=\"async\" class=\"wp-image-23223\" style=\"width: 600px;\" src=\"https:\/\/www.mastercam.com\/wp-content\/uploads\/2025\/12\/Mastercam-U_Black-Red_website-scaled.png\" alt=\"Logotyp f&#xF6;r Mastercam University\"\/><br\/><\/td><\/tr><\/tbody><\/table><\/figure>\n\n\n\n<h2 class=\"wp-block-heading\" id=\"block-b0c8411d-f352-4dac-8e66-56201f1acd3f\">Partnervarum\u00e4rken<\/h2>\n\n\n\n<ul id=\"block-92d27452-caa3-42e4-8a7e-7a458ac9fce8\" class=\"wp-block-list\">\n<li>Mastercam Verify \u00e4r skapat i samarbete med ModuleWorks, GmbH.<\/li>\n\n\n\n<li>SOLIDWORKS \u00e4r ett registrerat varum\u00e4rke som tillh\u00f6r DS SOLIDWORKS Corporation.<\/li>\n\n\n\n<li>Mastercam Art anv\u00e4nder Wild Magic Geometric Libraries, som \u00e4r upphovsr\u00e4ttsskyddade immateriella r\u00e4ttigheter som \u00e4gs av Geometric Tools, LLC.<\/li>\n\n\n\n<li>Wild Magic Geometric Libraries \u00e4r licensierade under GNU Lesser General Public License, tillg\u00e4nglig p\u00e5<br\/><a href=\"http:\/\/www.gnu.org\/copyleft\/lgpl.html\" target=\"_blank\" rel=\"noreferrer noopener\">online<\/a> och p\u00e5 Mastercams installationsmedia.<\/li>\n\n\n\n<li>PrimeTurning \u00e4r ett varum\u00e4rke som tillh\u00f6r AB Sandvik Coromant.<\/li>\n\n\n\n<li>Delar av denna programvara \u00e4r upphovsr\u00e4ttsligt skyddade av Renishaw Plc, alla r\u00e4ttigheter f\u00f6rbeh\u00e5llna.<\/li>\n\n\n\n<li>Delar av denna programvara \u00e4r upphovsr\u00e4ttsligt skyddade av AB Sandvik Coromant, alla r\u00e4ttigheter f\u00f6rbeh\u00e5llna.<\/li>\n\n\n\n<li>Delar av denna programvara \u00e4r upphovsr\u00e4ttsligt skyddad av Creative Juncture, alla r\u00e4ttigheter f\u00f6rbeh\u00e5llna.<\/li>\n<\/ul>\n<\/div>\n\n<p><\/p>\n","protected":false},"excerpt":{"rendered":"<p>NAMN BILD Mastercam Mastercam-universitetet Partnervarum\u00e4rken<\/p>\n","protected":false},"author":1,"featured_media":0,"parent":36924,"menu_order":0,"comment_status":"closed","ping_status":"closed","template":"","meta":{"_acf_changed":false,"footnotes":""},"class_list":["post-35513","page","type-page","status-publish","hentry"],"acf":[],"yoast_head":"<!-- This site is optimized with the Yoast SEO plugin v26.8 - https:\/\/yoast.com\/product\/yoast-seo-wordpress\/ -->\n<title>Mastercam Varum\u00e4rke - mastercam.com<\/title>\n<meta name=\"description\" content=\"NAMNBILDMastercamMastercam-universitetet Partnervarum\u00e4rken Mastercam Verify \u00e4r skapat i samarbete med ModuleWorks, GmbH. SOLIDWORKS \u00e4r ett registrerat\" \/>\n<meta name=\"robots\" content=\"index, follow, max-snippet:-1, max-image-preview:large, max-video-preview:-1\" \/>\n<link rel=\"canonical\" href=\"https:\/\/www.mastercam.com\/sv\/integritet\/mastercam-varumarke\/\" \/>\n<meta property=\"og:locale\" content=\"sv_SE\" \/>\n<meta property=\"og:type\" content=\"article\" \/>\n<meta property=\"og:title\" content=\"Mastercam Varum\u00e4rke - mastercam.com\" \/>\n<meta property=\"og:description\" content=\"NAMNBILDMastercamMastercam-universitetet Partnervarum\u00e4rken Mastercam Verify \u00e4r skapat i samarbete med ModuleWorks, GmbH. SOLIDWORKS \u00e4r ett registrerat\" \/>\n<meta property=\"og:url\" content=\"https:\/\/www.mastercam.com\/sv\/integritet\/mastercam-varumarke\/\" \/>\n<meta property=\"og:site_name\" content=\"mastercam.com\" \/>\n<meta property=\"article:publisher\" content=\"https:\/\/www.facebook.com\/Mastercam\/\" \/>\n<meta property=\"article:modified_time\" content=\"2026-01-16T16:19:44+00:00\" \/>\n<meta property=\"og:image\" content=\"https:\/\/www.mastercam.com\/wp-content\/uploads\/2025\/12\/Mastercam-2Color-Logo-scaled.jpg\" \/>\n<meta name=\"twitter:card\" content=\"summary_large_image\" \/>\n<meta name=\"twitter:site\" content=\"@mastercam\" \/>\n<meta name=\"twitter:label1\" content=\"Est. reading time\" \/>\n\t<meta name=\"twitter:data1\" content=\"1 minute\" \/>\n<script type=\"application\/ld+json\" class=\"yoast-schema-graph\">{\"@context\":\"https:\/\/schema.org\",\"@graph\":[{\"@type\":\"WebPage\",\"@id\":\"https:\/\/www.mastercam.com\/sv\/integritet\/mastercam-varumarke\/\",\"url\":\"https:\/\/www.mastercam.com\/sv\/integritet\/mastercam-varumarke\/\",\"name\":\"Mastercam Varum\u00e4rke - mastercam.com\",\"isPartOf\":{\"@id\":\"https:\/\/www.mastercam.com\/sv\/#website\"},\"primaryImageOfPage\":{\"@id\":\"https:\/\/www.mastercam.com\/sv\/integritet\/mastercam-varumarke\/#primaryimage\"},\"image\":{\"@id\":\"https:\/\/www.mastercam.com\/sv\/integritet\/mastercam-varumarke\/#primaryimage\"},\"thumbnailUrl\":\"https:\/\/www.mastercam.com\/wp-content\/uploads\/2025\/12\/Mastercam-2Color-Logo-scaled.jpg\",\"datePublished\":\"2023-02-01T00:19:39+00:00\",\"dateModified\":\"2026-01-16T16:19:44+00:00\",\"description\":\"NAMNBILDMastercamMastercam-universitetet Partnervarum\u00e4rken Mastercam Verify \u00e4r skapat i samarbete med ModuleWorks, GmbH. SOLIDWORKS \u00e4r ett registrerat\",\"breadcrumb\":{\"@id\":\"https:\/\/www.mastercam.com\/sv\/integritet\/mastercam-varumarke\/#breadcrumb\"},\"inLanguage\":\"sv-SE\",\"potentialAction\":[{\"@type\":\"ReadAction\",\"target\":[\"https:\/\/www.mastercam.com\/sv\/integritet\/mastercam-varumarke\/\"]}]},{\"@type\":\"ImageObject\",\"inLanguage\":\"sv-SE\",\"@id\":\"https:\/\/www.mastercam.com\/sv\/integritet\/mastercam-varumarke\/#primaryimage\",\"url\":\"https:\/\/www.mastercam.com\/wp-content\/uploads\/2025\/12\/Mastercam-2Color-Logo-scaled.jpg\",\"contentUrl\":\"https:\/\/www.mastercam.com\/wp-content\/uploads\/2025\/12\/Mastercam-2Color-Logo-scaled.jpg\"},{\"@type\":\"BreadcrumbList\",\"@id\":\"https:\/\/www.mastercam.com\/sv\/integritet\/mastercam-varumarke\/#breadcrumb\",\"itemListElement\":[{\"@type\":\"ListItem\",\"position\":1,\"name\":\"Home\",\"item\":\"https:\/\/www.mastercam.com\/sv\/\"},{\"@type\":\"ListItem\",\"position\":2,\"name\":\"Integritet\",\"item\":\"https:\/\/www.mastercam.com\/sv\/integritet\/\"},{\"@type\":\"ListItem\",\"position\":3,\"name\":\"Mastercam Varum\u00e4rke\"}]},{\"@type\":\"WebSite\",\"@id\":\"https:\/\/www.mastercam.com\/sv\/#website\",\"url\":\"https:\/\/www.mastercam.com\/sv\/\",\"name\":\"Mastercam\",\"description\":\"Creating software and services that solve the world&#039;s manufacturing challenges\",\"publisher\":{\"@id\":\"https:\/\/www.mastercam.com\/sv\/#organization\"},\"potentialAction\":[{\"@type\":\"SearchAction\",\"target\":{\"@type\":\"EntryPoint\",\"urlTemplate\":\"https:\/\/www.mastercam.com\/sv\/?s={search_term_string}\"},\"query-input\":{\"@type\":\"PropertyValueSpecification\",\"valueRequired\":true,\"valueName\":\"search_term_string\"}}],\"inLanguage\":\"sv-SE\"},{\"@type\":\"Organization\",\"@id\":\"https:\/\/www.mastercam.com\/sv\/#organization\",\"name\":\"Mastercam\",\"url\":\"https:\/\/www.mastercam.com\/sv\/\",\"logo\":{\"@type\":\"ImageObject\",\"inLanguage\":\"sv-SE\",\"@id\":\"https:\/\/www.mastercam.com\/sv\/#\/schema\/logo\/image\/\",\"url\":\"https:\/\/www.mastercam.com\/wp-content\/uploads\/2023\/02\/MC_logo.svg\",\"contentUrl\":\"https:\/\/www.mastercam.com\/wp-content\/uploads\/2023\/02\/MC_logo.svg\",\"width\":230,\"height\":40,\"caption\":\"Mastercam\"},\"image\":{\"@id\":\"https:\/\/www.mastercam.com\/sv\/#\/schema\/logo\/image\/\"},\"sameAs\":[\"https:\/\/www.facebook.com\/Mastercam\/\",\"https:\/\/x.com\/mastercam\",\"https:\/\/www.linkedin.com\/company\/mastercam\",\"https:\/\/www.youtube.com\/channel\/UChJt5ruSkqnmFH44WsXVZLw\",\"https:\/\/www.instagram.com\/mastercam\/\"]}]}<\/script>\n<!-- \/ Yoast SEO plugin. -->","yoast_head_json":{"title":"Mastercam Varum\u00e4rke - mastercam.com","description":"NAMNBILDMastercamMastercam-universitetet Partnervarum\u00e4rken Mastercam Verify \u00e4r skapat i samarbete med ModuleWorks, GmbH. SOLIDWORKS \u00e4r ett registrerat","robots":{"index":"index","follow":"follow","max-snippet":"max-snippet:-1","max-image-preview":"max-image-preview:large","max-video-preview":"max-video-preview:-1"},"canonical":"https:\/\/www.mastercam.com\/sv\/integritet\/mastercam-varumarke\/","og_locale":"sv_SE","og_type":"article","og_title":"Mastercam Varum\u00e4rke - mastercam.com","og_description":"NAMNBILDMastercamMastercam-universitetet Partnervarum\u00e4rken Mastercam Verify \u00e4r skapat i samarbete med ModuleWorks, GmbH. SOLIDWORKS \u00e4r ett registrerat","og_url":"https:\/\/www.mastercam.com\/sv\/integritet\/mastercam-varumarke\/","og_site_name":"mastercam.com","article_publisher":"https:\/\/www.facebook.com\/Mastercam\/","article_modified_time":"2026-01-16T16:19:44+00:00","og_image":[{"url":"https:\/\/www.mastercam.com\/wp-content\/uploads\/2025\/12\/Mastercam-2Color-Logo-scaled.jpg","type":"","width":"","height":""}],"twitter_card":"summary_large_image","twitter_site":"@mastercam","twitter_misc":{"Est. reading time":"1 minute"},"schema":{"@context":"https:\/\/schema.org","@graph":[{"@type":"WebPage","@id":"https:\/\/www.mastercam.com\/sv\/integritet\/mastercam-varumarke\/","url":"https:\/\/www.mastercam.com\/sv\/integritet\/mastercam-varumarke\/","name":"Mastercam Varum\u00e4rke - mastercam.com","isPartOf":{"@id":"https:\/\/www.mastercam.com\/sv\/#website"},"primaryImageOfPage":{"@id":"https:\/\/www.mastercam.com\/sv\/integritet\/mastercam-varumarke\/#primaryimage"},"image":{"@id":"https:\/\/www.mastercam.com\/sv\/integritet\/mastercam-varumarke\/#primaryimage"},"thumbnailUrl":"https:\/\/www.mastercam.com\/wp-content\/uploads\/2025\/12\/Mastercam-2Color-Logo-scaled.jpg","datePublished":"2023-02-01T00:19:39+00:00","dateModified":"2026-01-16T16:19:44+00:00","description":"NAMNBILDMastercamMastercam-universitetet Partnervarum\u00e4rken Mastercam Verify \u00e4r skapat i samarbete med ModuleWorks, GmbH. SOLIDWORKS \u00e4r ett registrerat","breadcrumb":{"@id":"https:\/\/www.mastercam.com\/sv\/integritet\/mastercam-varumarke\/#breadcrumb"},"inLanguage":"sv-SE","potentialAction":[{"@type":"ReadAction","target":["https:\/\/www.mastercam.com\/sv\/integritet\/mastercam-varumarke\/"]}]},{"@type":"ImageObject","inLanguage":"sv-SE","@id":"https:\/\/www.mastercam.com\/sv\/integritet\/mastercam-varumarke\/#primaryimage","url":"https:\/\/www.mastercam.com\/wp-content\/uploads\/2025\/12\/Mastercam-2Color-Logo-scaled.jpg","contentUrl":"https:\/\/www.mastercam.com\/wp-content\/uploads\/2025\/12\/Mastercam-2Color-Logo-scaled.jpg"},{"@type":"BreadcrumbList","@id":"https:\/\/www.mastercam.com\/sv\/integritet\/mastercam-varumarke\/#breadcrumb","itemListElement":[{"@type":"ListItem","position":1,"name":"Home","item":"https:\/\/www.mastercam.com\/sv\/"},{"@type":"ListItem","position":2,"name":"Integritet","item":"https:\/\/www.mastercam.com\/sv\/integritet\/"},{"@type":"ListItem","position":3,"name":"Mastercam Varum\u00e4rke"}]},{"@type":"WebSite","@id":"https:\/\/www.mastercam.com\/sv\/#website","url":"https:\/\/www.mastercam.com\/sv\/","name":"Mastercam","description":"Creating software and services that solve the world&#039;s manufacturing challenges","publisher":{"@id":"https:\/\/www.mastercam.com\/sv\/#organization"},"potentialAction":[{"@type":"SearchAction","target":{"@type":"EntryPoint","urlTemplate":"https:\/\/www.mastercam.com\/sv\/?s={search_term_string}"},"query-input":{"@type":"PropertyValueSpecification","valueRequired":true,"valueName":"search_term_string"}}],"inLanguage":"sv-SE"},{"@type":"Organization","@id":"https:\/\/www.mastercam.com\/sv\/#organization","name":"Mastercam","url":"https:\/\/www.mastercam.com\/sv\/","logo":{"@type":"ImageObject","inLanguage":"sv-SE","@id":"https:\/\/www.mastercam.com\/sv\/#\/schema\/logo\/image\/","url":"https:\/\/www.mastercam.com\/wp-content\/uploads\/2023\/02\/MC_logo.svg","contentUrl":"https:\/\/www.mastercam.com\/wp-content\/uploads\/2023\/02\/MC_logo.svg","width":230,"height":40,"caption":"Mastercam"},"image":{"@id":"https:\/\/www.mastercam.com\/sv\/#\/schema\/logo\/image\/"},"sameAs":["https:\/\/www.facebook.com\/Mastercam\/","https:\/\/x.com\/mastercam","https:\/\/www.linkedin.com\/company\/mastercam","https:\/\/www.youtube.com\/channel\/UChJt5ruSkqnmFH44WsXVZLw","https:\/\/www.instagram.com\/mastercam\/"]}]}},"_links":{"self":[{"href":"https:\/\/www.mastercam.com\/sv\/wp-json\/wp\/v2\/pages\/35513","targetHints":{"allow":["GET"]}}],"collection":[{"href":"https:\/\/www.mastercam.com\/sv\/wp-json\/wp\/v2\/pages"}],"about":[{"href":"https:\/\/www.mastercam.com\/sv\/wp-json\/wp\/v2\/types\/page"}],"author":[{"embeddable":true,"href":"https:\/\/www.mastercam.com\/sv\/wp-json\/wp\/v2\/users\/1"}],"replies":[{"embeddable":true,"href":"https:\/\/www.mastercam.com\/sv\/wp-json\/wp\/v2\/comments?post=35513"}],"version-history":[{"count":0,"href":"https:\/\/www.mastercam.com\/sv\/wp-json\/wp\/v2\/pages\/35513\/revisions"}],"up":[{"embeddable":true,"href":"https:\/\/www.mastercam.com\/sv\/wp-json\/wp\/v2\/pages\/36924"}],"wp:attachment":[{"href":"https:\/\/www.mastercam.com\/sv\/wp-json\/wp\/v2\/media?parent=35513"}],"curies":[{"name":"wp","href":"https:\/\/api.w.org\/{rel}","templated":true}]}}