{"id":35508,"date":"2023-01-31T19:19:21","date_gmt":"2023-02-01T00:19:21","guid":{"rendered":"https:\/\/www.mastercam.com\/piratkopiering\/"},"modified":"2026-01-16T11:19:45","modified_gmt":"2026-01-16T16:19:45","slug":"piratkopiering","status":"publish","type":"page","link":"https:\/\/www.mastercam.com\/sv\/integritet\/piratkopiering\/","title":{"rendered":"Piratkopiering"},"content":{"rendered":"\n<div class=\"wp-block-group is-style-container is-layout-flow wp-block-group-is-layout-flow\" style=\"margin-bottom:var(--wp--preset--spacing--6)\">\n<p><strong>Uttalande om antipiratverksamhet<\/strong><\/p>\n\n\n\n<p>Piratkopiering av programvara \u00e4r en allvarlig fr\u00e5ga f\u00f6r programvaruindustrin. Enligt vissa branschanalytiker \u00e4r mer \u00e4n 1 av 3 kopior av den programvara som finns installerad p\u00e5 datorer v\u00e4rlden \u00f6ver piratkopierad. F\u00f6retag som anv\u00e4nder olicensierad programvara spenderar n\u00e4stan 359 miljarder dollar per \u00e5r p\u00e5 grund av skadlig programvara.  <\/p>\n\n\n\n<p>CNC Software, LLC tar piratkopiering p\u00e5 st\u00f6rsta allvar. Vi har \u00e5tagit oss att se till att v\u00e5ra licensierade kunders investeringar skyddas genom att inte tolerera piratkopiering av Mastercam-programvara. F\u00f6rutom v\u00e5ra egna insatser mot piratkopiering, som omfattar juridiska brev och uppf\u00f6ljning, st\u00f6der vi Business Software Alliance (BSA), den ledande antipiratorganisationen i v\u00e4rlden, i deras arbete med att bek\u00e4mpa piratkopiering av programvara genom utbildning och verkst\u00e4llighetsaktiviteter.  <\/p>\n\n\n\n<p><strong>Hj\u00e4lp oss att stoppa piratkopiering av programvara<\/strong><\/p>\n\n\n\n<p>F\u00f6r att f\u00e5 information om hur man uppr\u00e4ttar ett program f\u00f6r programvaruefterlevnad eller l\u00e4ra sig mer om piratkopiering, bes\u00f6k: <a href=\"http:\/\/www.bsa.org\/\" target=\"_blank\" rel=\"noreferrer noopener\">http:\/\/www.bsa.org\/<\/a><\/p>\n\n\n\n<p>Om du k\u00e4nner till en situation som du tror innefattar piratkopiering av programvara kan du g\u00f6ra en konfidentiell anm\u00e4lan genom att kontakta Mastercam direkt p\u00e5<\/p>\n\n\n\n<p><a href=\"mailto:piracy@mastercam.com\">Piracy@mastercam.com<\/a><\/p>\n\n\n\n<p>Om du k\u00e4nner till en situation som du tror inneb\u00e4r piratkopiering av programvara fr\u00e5n andra programvarupaket kan du g\u00f6ra en konfidentiell anm\u00e4lan genom att<\/p>\n\n\n\n<ul class=\"wp-block-list\">\n<li>Skicka in en rapport till BSA online p\u00e5 <a href=\"https:\/\/reporting.bsa.org\/r\/report\/add.aspx?src=us&amp;ln=en-us\" target=\"_blank\" rel=\"noreferrer noopener\">http:\/\/www.bsa.org\/usa\/report\/<\/a><\/li>\n\n\n\n<li>Ringa BSA:s avgiftsfria hotline-nummer f\u00f6r bek\u00e4mpning av piratkopiering (endast i USA) 1 (888) &#8211; NOPIRACY<\/li>\n\n\n\n<li>Bes\u00f6k BSA:s webbplats f\u00f6r avgiftsfria hotline-nummer \u00f6ver hela v\u00e4rlden: <a href=\"https:\/\/www.bsa.org\/about-bsa\/contact-us\" target=\"_blank\" rel=\"noreferrer noopener\">http:\/\/www.bsa.org\/usa\/report\/BSA-Offices-and-Hotlines.cfm<\/a><\/li>\n<\/ul>\n<\/div>\n","protected":false},"excerpt":{"rendered":"<p>Uttalande om antipiratverksamhet Piratkopiering av programvara \u00e4r en allvarlig fr\u00e5ga f\u00f6r programvaruindustrin. Enligt vissa branschanalytiker [&hellip;]<\/p>\n","protected":false},"author":1,"featured_media":0,"parent":36924,"menu_order":0,"comment_status":"closed","ping_status":"closed","template":"","meta":{"_acf_changed":false,"footnotes":""},"class_list":["post-35508","page","type-page","status-publish","hentry"],"acf":[],"yoast_head":"<!-- This site is optimized with the Yoast SEO plugin v26.8 - https:\/\/yoast.com\/product\/yoast-seo-wordpress\/ -->\n<title>Piratkopiering - mastercam.com<\/title>\n<meta name=\"description\" content=\"Uttalande om antipiratverksamhet Piratkopiering av programvara \u00e4r en allvarlig fr\u00e5ga f\u00f6r programvaruindustrin. Enligt vissa branschanalytiker \u00e4r mer \u00e4n 1\" \/>\n<meta name=\"robots\" content=\"index, follow, max-snippet:-1, max-image-preview:large, max-video-preview:-1\" \/>\n<link rel=\"canonical\" href=\"https:\/\/www.mastercam.com\/sv\/integritet\/piratkopiering\/\" \/>\n<meta property=\"og:locale\" content=\"sv_SE\" \/>\n<meta property=\"og:type\" content=\"article\" \/>\n<meta property=\"og:title\" content=\"Piratkopiering - mastercam.com\" \/>\n<meta property=\"og:description\" content=\"Uttalande om antipiratverksamhet Piratkopiering av programvara \u00e4r en allvarlig fr\u00e5ga f\u00f6r programvaruindustrin. Enligt vissa branschanalytiker \u00e4r mer \u00e4n 1\" \/>\n<meta property=\"og:url\" content=\"https:\/\/www.mastercam.com\/sv\/integritet\/piratkopiering\/\" \/>\n<meta property=\"og:site_name\" content=\"mastercam.com\" \/>\n<meta property=\"article:publisher\" content=\"https:\/\/www.facebook.com\/Mastercam\/\" \/>\n<meta property=\"article:modified_time\" content=\"2026-01-16T16:19:45+00:00\" \/>\n<meta property=\"og:image\" content=\"https:\/\/www.mastercam.com\/wp-content\/uploads\/2024\/02\/drill-wide-photo-1200x675-1.jpg\" \/>\n\t<meta property=\"og:image:width\" content=\"1200\" \/>\n\t<meta property=\"og:image:height\" content=\"675\" \/>\n\t<meta property=\"og:image:type\" content=\"image\/jpeg\" \/>\n<meta name=\"twitter:card\" content=\"summary_large_image\" \/>\n<meta name=\"twitter:site\" content=\"@mastercam\" \/>\n<meta name=\"twitter:label1\" content=\"Est. reading time\" \/>\n\t<meta name=\"twitter:data1\" content=\"1 minute\" \/>\n<script type=\"application\/ld+json\" class=\"yoast-schema-graph\">{\"@context\":\"https:\/\/schema.org\",\"@graph\":[{\"@type\":\"WebPage\",\"@id\":\"https:\/\/www.mastercam.com\/sv\/integritet\/piratkopiering\/\",\"url\":\"https:\/\/www.mastercam.com\/sv\/integritet\/piratkopiering\/\",\"name\":\"Piratkopiering - mastercam.com\",\"isPartOf\":{\"@id\":\"https:\/\/www.mastercam.com\/sv\/#website\"},\"datePublished\":\"2023-02-01T00:19:21+00:00\",\"dateModified\":\"2026-01-16T16:19:45+00:00\",\"description\":\"Uttalande om antipiratverksamhet Piratkopiering av programvara \u00e4r en allvarlig fr\u00e5ga f\u00f6r programvaruindustrin. Enligt vissa branschanalytiker \u00e4r mer \u00e4n 1\",\"breadcrumb\":{\"@id\":\"https:\/\/www.mastercam.com\/sv\/integritet\/piratkopiering\/#breadcrumb\"},\"inLanguage\":\"sv-SE\",\"potentialAction\":[{\"@type\":\"ReadAction\",\"target\":[\"https:\/\/www.mastercam.com\/sv\/integritet\/piratkopiering\/\"]}]},{\"@type\":\"BreadcrumbList\",\"@id\":\"https:\/\/www.mastercam.com\/sv\/integritet\/piratkopiering\/#breadcrumb\",\"itemListElement\":[{\"@type\":\"ListItem\",\"position\":1,\"name\":\"Home\",\"item\":\"https:\/\/www.mastercam.com\/sv\/\"},{\"@type\":\"ListItem\",\"position\":2,\"name\":\"Integritet\",\"item\":\"https:\/\/www.mastercam.com\/sv\/integritet\/\"},{\"@type\":\"ListItem\",\"position\":3,\"name\":\"Piratkopiering\"}]},{\"@type\":\"WebSite\",\"@id\":\"https:\/\/www.mastercam.com\/sv\/#website\",\"url\":\"https:\/\/www.mastercam.com\/sv\/\",\"name\":\"Mastercam\",\"description\":\"Creating software and services that solve the world&#039;s manufacturing challenges\",\"publisher\":{\"@id\":\"https:\/\/www.mastercam.com\/sv\/#organization\"},\"potentialAction\":[{\"@type\":\"SearchAction\",\"target\":{\"@type\":\"EntryPoint\",\"urlTemplate\":\"https:\/\/www.mastercam.com\/sv\/?s={search_term_string}\"},\"query-input\":{\"@type\":\"PropertyValueSpecification\",\"valueRequired\":true,\"valueName\":\"search_term_string\"}}],\"inLanguage\":\"sv-SE\"},{\"@type\":\"Organization\",\"@id\":\"https:\/\/www.mastercam.com\/sv\/#organization\",\"name\":\"Mastercam\",\"url\":\"https:\/\/www.mastercam.com\/sv\/\",\"logo\":{\"@type\":\"ImageObject\",\"inLanguage\":\"sv-SE\",\"@id\":\"https:\/\/www.mastercam.com\/sv\/#\/schema\/logo\/image\/\",\"url\":\"https:\/\/www.mastercam.com\/wp-content\/uploads\/2023\/02\/MC_logo.svg\",\"contentUrl\":\"https:\/\/www.mastercam.com\/wp-content\/uploads\/2023\/02\/MC_logo.svg\",\"width\":230,\"height\":40,\"caption\":\"Mastercam\"},\"image\":{\"@id\":\"https:\/\/www.mastercam.com\/sv\/#\/schema\/logo\/image\/\"},\"sameAs\":[\"https:\/\/www.facebook.com\/Mastercam\/\",\"https:\/\/x.com\/mastercam\",\"https:\/\/www.linkedin.com\/company\/mastercam\",\"https:\/\/www.youtube.com\/channel\/UChJt5ruSkqnmFH44WsXVZLw\",\"https:\/\/www.instagram.com\/mastercam\/\"]}]}<\/script>\n<!-- \/ Yoast SEO plugin. -->","yoast_head_json":{"title":"Piratkopiering - mastercam.com","description":"Uttalande om antipiratverksamhet Piratkopiering av programvara \u00e4r en allvarlig fr\u00e5ga f\u00f6r programvaruindustrin. Enligt vissa branschanalytiker \u00e4r mer \u00e4n 1","robots":{"index":"index","follow":"follow","max-snippet":"max-snippet:-1","max-image-preview":"max-image-preview:large","max-video-preview":"max-video-preview:-1"},"canonical":"https:\/\/www.mastercam.com\/sv\/integritet\/piratkopiering\/","og_locale":"sv_SE","og_type":"article","og_title":"Piratkopiering - mastercam.com","og_description":"Uttalande om antipiratverksamhet Piratkopiering av programvara \u00e4r en allvarlig fr\u00e5ga f\u00f6r programvaruindustrin. Enligt vissa branschanalytiker \u00e4r mer \u00e4n 1","og_url":"https:\/\/www.mastercam.com\/sv\/integritet\/piratkopiering\/","og_site_name":"mastercam.com","article_publisher":"https:\/\/www.facebook.com\/Mastercam\/","article_modified_time":"2026-01-16T16:19:45+00:00","og_image":[{"width":1200,"height":675,"url":"https:\/\/www.mastercam.com\/wp-content\/uploads\/2024\/02\/drill-wide-photo-1200x675-1.jpg","type":"image\/jpeg"}],"twitter_card":"summary_large_image","twitter_site":"@mastercam","twitter_misc":{"Est. reading time":"1 minute"},"schema":{"@context":"https:\/\/schema.org","@graph":[{"@type":"WebPage","@id":"https:\/\/www.mastercam.com\/sv\/integritet\/piratkopiering\/","url":"https:\/\/www.mastercam.com\/sv\/integritet\/piratkopiering\/","name":"Piratkopiering - mastercam.com","isPartOf":{"@id":"https:\/\/www.mastercam.com\/sv\/#website"},"datePublished":"2023-02-01T00:19:21+00:00","dateModified":"2026-01-16T16:19:45+00:00","description":"Uttalande om antipiratverksamhet Piratkopiering av programvara \u00e4r en allvarlig fr\u00e5ga f\u00f6r programvaruindustrin. Enligt vissa branschanalytiker \u00e4r mer \u00e4n 1","breadcrumb":{"@id":"https:\/\/www.mastercam.com\/sv\/integritet\/piratkopiering\/#breadcrumb"},"inLanguage":"sv-SE","potentialAction":[{"@type":"ReadAction","target":["https:\/\/www.mastercam.com\/sv\/integritet\/piratkopiering\/"]}]},{"@type":"BreadcrumbList","@id":"https:\/\/www.mastercam.com\/sv\/integritet\/piratkopiering\/#breadcrumb","itemListElement":[{"@type":"ListItem","position":1,"name":"Home","item":"https:\/\/www.mastercam.com\/sv\/"},{"@type":"ListItem","position":2,"name":"Integritet","item":"https:\/\/www.mastercam.com\/sv\/integritet\/"},{"@type":"ListItem","position":3,"name":"Piratkopiering"}]},{"@type":"WebSite","@id":"https:\/\/www.mastercam.com\/sv\/#website","url":"https:\/\/www.mastercam.com\/sv\/","name":"Mastercam","description":"Creating software and services that solve the world&#039;s manufacturing challenges","publisher":{"@id":"https:\/\/www.mastercam.com\/sv\/#organization"},"potentialAction":[{"@type":"SearchAction","target":{"@type":"EntryPoint","urlTemplate":"https:\/\/www.mastercam.com\/sv\/?s={search_term_string}"},"query-input":{"@type":"PropertyValueSpecification","valueRequired":true,"valueName":"search_term_string"}}],"inLanguage":"sv-SE"},{"@type":"Organization","@id":"https:\/\/www.mastercam.com\/sv\/#organization","name":"Mastercam","url":"https:\/\/www.mastercam.com\/sv\/","logo":{"@type":"ImageObject","inLanguage":"sv-SE","@id":"https:\/\/www.mastercam.com\/sv\/#\/schema\/logo\/image\/","url":"https:\/\/www.mastercam.com\/wp-content\/uploads\/2023\/02\/MC_logo.svg","contentUrl":"https:\/\/www.mastercam.com\/wp-content\/uploads\/2023\/02\/MC_logo.svg","width":230,"height":40,"caption":"Mastercam"},"image":{"@id":"https:\/\/www.mastercam.com\/sv\/#\/schema\/logo\/image\/"},"sameAs":["https:\/\/www.facebook.com\/Mastercam\/","https:\/\/x.com\/mastercam","https:\/\/www.linkedin.com\/company\/mastercam","https:\/\/www.youtube.com\/channel\/UChJt5ruSkqnmFH44WsXVZLw","https:\/\/www.instagram.com\/mastercam\/"]}]}},"_links":{"self":[{"href":"https:\/\/www.mastercam.com\/sv\/wp-json\/wp\/v2\/pages\/35508","targetHints":{"allow":["GET"]}}],"collection":[{"href":"https:\/\/www.mastercam.com\/sv\/wp-json\/wp\/v2\/pages"}],"about":[{"href":"https:\/\/www.mastercam.com\/sv\/wp-json\/wp\/v2\/types\/page"}],"author":[{"embeddable":true,"href":"https:\/\/www.mastercam.com\/sv\/wp-json\/wp\/v2\/users\/1"}],"replies":[{"embeddable":true,"href":"https:\/\/www.mastercam.com\/sv\/wp-json\/wp\/v2\/comments?post=35508"}],"version-history":[{"count":0,"href":"https:\/\/www.mastercam.com\/sv\/wp-json\/wp\/v2\/pages\/35508\/revisions"}],"up":[{"embeddable":true,"href":"https:\/\/www.mastercam.com\/sv\/wp-json\/wp\/v2\/pages\/36924"}],"wp:attachment":[{"href":"https:\/\/www.mastercam.com\/sv\/wp-json\/wp\/v2\/media?parent=35508"}],"curies":[{"name":"wp","href":"https:\/\/api.w.org\/{rel}","templated":true}]}}