{"id":35503,"date":"2023-01-31T19:19:00","date_gmt":"2023-02-01T00:19:00","guid":{"rendered":"https:\/\/www.mastercam.com\/samtycke-till-lankning\/"},"modified":"2026-01-16T11:19:46","modified_gmt":"2026-01-16T16:19:46","slug":"samtycke-till-lankning","status":"publish","type":"page","link":"https:\/\/www.mastercam.com\/sv\/integritet\/samtycke-till-lankning\/","title":{"rendered":"Samtycke till l\u00e4nkning"},"content":{"rendered":"\n<div class=\"wp-block-group is-style-container is-layout-flow wp-container-core-group-is-layout-c918c4c1 wp-block-group-is-layout-flow\" style=\"padding-top:0;padding-bottom:var(--wp--preset--spacing--7)\">\n<ul class=\"wp-block-list\">\n<li>Med f\u00f6rbeh\u00e5ll f\u00f6r de villkor som anges i detta samtycke till l\u00e4nkning (&#8220;samtycke&#8221;), ger CNC Software, LLC (&#8220;CNC&#8221;) dig h\u00e4rmed tillst\u00e5nd att tillhandah\u00e5lla en hypertextl\u00e4nk fr\u00e5n din webbplats till Mastercams webbplats, f\u00f6rutsatt att din webbplats:\n<ul class=\"wp-block-list\">\n<li>F\u00e5r l\u00e4nka till, men inte replikera, inneh\u00e5ll som finns p\u00e5 Mastercams webbplats;<\/li>\n\n\n\n<li>F\u00e5r inte skapa en gr\u00e4nsmilj\u00f6 eller webbl\u00e4sare runt inneh\u00e5ll som finns p\u00e5 Mastercams webbplats;<\/li>\n\n\n\n<li>F\u00e5r inte presentera neds\u00e4ttande, vilseledande eller falsk information om Mastercams webbplatsinneh\u00e5ll eller CNC-tj\u00e4nster eller produkter;<\/li>\n\n\n\n<li>F\u00e5r inte anv\u00e4ndas f\u00f6r att j\u00e4mf\u00f6ra produkter med andra konkurrerande produkter eller anv\u00e4ndas f\u00f6r att framst\u00e4lla andra produkter i ett f\u00f6rdelaktigt ljus;<\/li>\n\n\n\n<li>F\u00e5r inte ge en felaktig bild av CNC:s relation till dig;<\/li>\n\n\n\n<li>F\u00e5r inte antyda att CNC st\u00f6djer eller sponsrar dig eller ditt inneh\u00e5ll, dina tj\u00e4nster eller produkter;<\/li>\n\n\n\n<li>F\u00e5r inte anv\u00e4nda CNC:s varum\u00e4rken, logotyper, handelsnamn, handelsdr\u00e4kt eller annan immateriell egendom utan f\u00f6reg\u00e5ende skriftligt tillst\u00e5nd fr\u00e5n CNC Software;<\/li>\n\n\n\n<li>F\u00e5r inte inneh\u00e5lla inneh\u00e5ll som kan uppfattas som obscent, \u00e4rekr\u00e4nkande, f\u00f6rtalande, pornografiskt eller ol\u00e4mpligt f\u00f6r alla \u00e5ldrar;<\/li>\n\n\n\n<li>F\u00e5r inte inneh\u00e5lla material som bryter mot n\u00e5gon lag; och<\/li>\n\n\n\n<li>F\u00e5r inte &#8220;djupl\u00e4nka&#8221; till CNC:s inneh\u00e5ll, information, produkter eller tj\u00e4nster.<\/li>\n<\/ul>\n<\/li>\n\n\n\n<li>CNC ska inte h\u00e5llas ansvarig gentemot dig f\u00f6r inneh\u00e5llet p\u00e5 Mastercams webbplats eller l\u00e4nkar p\u00e5 Mastercams webbplats till andra webbplatser.<\/li>\n\n\n\n<li>Du bekr\u00e4ftar att CNC omedelbart kan s\u00e4ga upp detta samtycke n\u00e4r som helst, utan p\u00e5f\u00f6ljd, med eller utan orsak, och med eller utan f\u00f6rvarning. Om beviljandet som ges i detta samtycke s\u00e4gs upp m\u00e5ste du ta bort den aktuella hypertextl\u00e4nken till Mastercams webbplats inom en (1) arbetsdag efter upps\u00e4gningen. <\/li>\n\n\n\n<li>CNC SKA INTE VARA ANSVARIG GENTEMOT DIG F\u00d6R DIREKTA, INDIREKTA, TILLF\u00c4LLIGA, F\u00d6LJDSKADOR, S\u00c4RSKILDA ELLER EXEMPLIFIERANDE SKADOR (\u00c4VEN OM DU INFORMERATS OM M\u00d6JLIGHETEN TILL S\u00c5DANA SKADOR) S\u00c5SOM, MEN INTE BEGR\u00c4NSAT TILL, F\u00d6RLUST AV INT\u00c4KTER, ERS\u00c4TTNINGSVAROR\/TJ\u00c4NSTER ELLER F\u00d6RV\u00c4NTADE VINSTER ELLER F\u00d6RLORADE AFF\u00c4RER.<\/li>\n\n\n\n<li>Detta Samtycke ska regleras av och tolkas i enlighet med lagarna i delstaten Connecticut, USA, utan h\u00e4nsyn till Connecticuts principer om lagkonflikt. Den enda och exklusiva jurisdiktionen och platsen f\u00f6r eventuella tvister som uppst\u00e5r fr\u00e5n eller \u00e4r relaterade till detta samtycke eller \u00e4mnet f\u00f6r detta samtycke ska vara i l\u00e4mplig delstatlig eller federal domstol i Hartford, Connecticut. Du underkastar dig h\u00e4rmed den personliga jurisdiktionen f\u00f6r US District Court for the District of Connecticut och Superior Court of the State of Connecticut. Detta samtycke utg\u00f6r hela \u00f6verenskommelsen mellan parterna avseende det \u00e4mne som h\u00e4nvisas till h\u00e4ri och ers\u00e4tter alla tidigare eller samtidiga \u00f6verenskommelser, oavsett om de \u00e4r skriftliga eller muntliga. Du ska gottg\u00f6ra, f\u00f6rsvara och h\u00e5lla CNC och dess styrelseledam\u00f6ter, tj\u00e4nstem\u00e4n, anst\u00e4llda, agenter, aktie\u00e4gare och representanter skadesl\u00f6sa fr\u00e5n alla anspr\u00e5k, \u00e5tg\u00e4rder, p\u00e5st\u00e5enden, skador eller ansvar (inklusive advokatarvoden) som uppst\u00e5r eller h\u00e4nf\u00f6r sig till ditt brott mot, eller f\u00f6rsumliga handlingar eller underl\u00e5tenhet i samband med, dina skyldigheter enligt detta samtycke. Ovanst\u00e5ende skadest\u00e5nd ska \u00f6verleva utg\u00e5ngen eller upps\u00e4gningen av detta Samtycke. Du f\u00e5r inte \u00f6verl\u00e5ta detta samtycke, helt eller delvis, utan CNC:s f\u00f6reg\u00e5ende skriftliga tillst\u00e5nd. Du ska inte ha n\u00e5gon befogenhet eller beh\u00f6righet att \u00e5ta dig eller skapa n\u00e5gon skyldighet eller n\u00e5got ansvar f\u00f6r CNC:s r\u00e4kning och du f\u00e5r inte heller, underf\u00f6rst\u00e5tt eller p\u00e5 annat s\u00e4tt, utge dig f\u00f6r att ha s\u00e5dan befogenhet eller beh\u00f6righet. Detta samtycke kan endast \u00e4ndras, och en part kan endast avst\u00e5 fr\u00e5n sina r\u00e4ttigheter enligt detta samtycke genom ett skriftligt dokument som undertecknats av dig och CNC. Underl\u00e5tenhet att verkst\u00e4lla n\u00e5gon best\u00e4mmelse i detta samtycke ska inte utg\u00f6ra ett avst\u00e5ende fr\u00e5n detta eller fr\u00e5n n\u00e5gon annan best\u00e4mmelse i detta. I h\u00e4ndelse av att n\u00e5gon best\u00e4mmelse i detta samtycke av n\u00e5gon domstol befinns vara ogiltig eller p\u00e5 annat s\u00e4tt inte verkst\u00e4llbar, ska \u00e5terstoden av detta samtycke f\u00f6rbli giltigt och verkst\u00e4llbart som om s\u00e5dan best\u00e4mmelse saknades.          <\/li>\n<\/ul>\n<\/div>\n","protected":false},"excerpt":{"rendered":"","protected":false},"author":1,"featured_media":0,"parent":36924,"menu_order":0,"comment_status":"closed","ping_status":"closed","template":"","meta":{"_acf_changed":false,"footnotes":""},"class_list":["post-35503","page","type-page","status-publish","hentry"],"acf":[],"yoast_head":"<!-- This site is optimized with the Yoast SEO plugin v26.8 - https:\/\/yoast.com\/product\/yoast-seo-wordpress\/ -->\n<title>Samtycke till l\u00e4nkning - mastercam.com<\/title>\n<meta name=\"description\" content=\"Med f\u00f6rbeh\u00e5ll f\u00f6r de villkor som anges i detta samtycke till l\u00e4nkning (&quot;samtycke&quot;), ger CNC Software, LLC (&quot;CNC&quot;) dig h\u00e4rmed tillst\u00e5nd att tillhandah\u00e5lla\" \/>\n<meta name=\"robots\" content=\"index, follow, max-snippet:-1, max-image-preview:large, max-video-preview:-1\" \/>\n<link rel=\"canonical\" href=\"https:\/\/www.mastercam.com\/sv\/integritet\/samtycke-till-lankning\/\" \/>\n<meta property=\"og:locale\" content=\"sv_SE\" \/>\n<meta property=\"og:type\" content=\"article\" \/>\n<meta property=\"og:title\" content=\"Samtycke till l\u00e4nkning - mastercam.com\" \/>\n<meta property=\"og:description\" content=\"Med f\u00f6rbeh\u00e5ll f\u00f6r de villkor som anges i detta samtycke till l\u00e4nkning (&quot;samtycke&quot;), ger CNC Software, LLC (&quot;CNC&quot;) dig h\u00e4rmed tillst\u00e5nd att tillhandah\u00e5lla\" \/>\n<meta property=\"og:url\" content=\"https:\/\/www.mastercam.com\/sv\/integritet\/samtycke-till-lankning\/\" \/>\n<meta property=\"og:site_name\" content=\"mastercam.com\" \/>\n<meta property=\"article:publisher\" content=\"https:\/\/www.facebook.com\/Mastercam\/\" \/>\n<meta property=\"article:modified_time\" content=\"2026-01-16T16:19:46+00:00\" \/>\n<meta property=\"og:image\" content=\"https:\/\/www.mastercam.com\/wp-content\/uploads\/2024\/02\/drill-wide-photo-1200x675-1.jpg\" \/>\n\t<meta property=\"og:image:width\" content=\"1200\" \/>\n\t<meta property=\"og:image:height\" content=\"675\" \/>\n\t<meta property=\"og:image:type\" content=\"image\/jpeg\" \/>\n<meta name=\"twitter:card\" content=\"summary_large_image\" \/>\n<meta name=\"twitter:site\" content=\"@mastercam\" \/>\n<meta name=\"twitter:label1\" content=\"Est. reading time\" \/>\n\t<meta name=\"twitter:data1\" content=\"4 minutes\" \/>\n<script type=\"application\/ld+json\" class=\"yoast-schema-graph\">{\"@context\":\"https:\/\/schema.org\",\"@graph\":[{\"@type\":\"WebPage\",\"@id\":\"https:\/\/www.mastercam.com\/sv\/integritet\/samtycke-till-lankning\/\",\"url\":\"https:\/\/www.mastercam.com\/sv\/integritet\/samtycke-till-lankning\/\",\"name\":\"Samtycke till l\u00e4nkning - mastercam.com\",\"isPartOf\":{\"@id\":\"https:\/\/www.mastercam.com\/sv\/#website\"},\"datePublished\":\"2023-02-01T00:19:00+00:00\",\"dateModified\":\"2026-01-16T16:19:46+00:00\",\"description\":\"Med f\u00f6rbeh\u00e5ll f\u00f6r de villkor som anges i detta samtycke till l\u00e4nkning (\\\"samtycke\\\"), ger CNC Software, LLC (\\\"CNC\\\") dig h\u00e4rmed tillst\u00e5nd att tillhandah\u00e5lla\",\"breadcrumb\":{\"@id\":\"https:\/\/www.mastercam.com\/sv\/integritet\/samtycke-till-lankning\/#breadcrumb\"},\"inLanguage\":\"sv-SE\",\"potentialAction\":[{\"@type\":\"ReadAction\",\"target\":[\"https:\/\/www.mastercam.com\/sv\/integritet\/samtycke-till-lankning\/\"]}]},{\"@type\":\"BreadcrumbList\",\"@id\":\"https:\/\/www.mastercam.com\/sv\/integritet\/samtycke-till-lankning\/#breadcrumb\",\"itemListElement\":[{\"@type\":\"ListItem\",\"position\":1,\"name\":\"Home\",\"item\":\"https:\/\/www.mastercam.com\/sv\/\"},{\"@type\":\"ListItem\",\"position\":2,\"name\":\"Integritet\",\"item\":\"https:\/\/www.mastercam.com\/sv\/integritet\/\"},{\"@type\":\"ListItem\",\"position\":3,\"name\":\"Samtycke till l\u00e4nkning\"}]},{\"@type\":\"WebSite\",\"@id\":\"https:\/\/www.mastercam.com\/sv\/#website\",\"url\":\"https:\/\/www.mastercam.com\/sv\/\",\"name\":\"Mastercam\",\"description\":\"Creating software and services that solve the world&#039;s manufacturing challenges\",\"publisher\":{\"@id\":\"https:\/\/www.mastercam.com\/sv\/#organization\"},\"potentialAction\":[{\"@type\":\"SearchAction\",\"target\":{\"@type\":\"EntryPoint\",\"urlTemplate\":\"https:\/\/www.mastercam.com\/sv\/?s={search_term_string}\"},\"query-input\":{\"@type\":\"PropertyValueSpecification\",\"valueRequired\":true,\"valueName\":\"search_term_string\"}}],\"inLanguage\":\"sv-SE\"},{\"@type\":\"Organization\",\"@id\":\"https:\/\/www.mastercam.com\/sv\/#organization\",\"name\":\"Mastercam\",\"url\":\"https:\/\/www.mastercam.com\/sv\/\",\"logo\":{\"@type\":\"ImageObject\",\"inLanguage\":\"sv-SE\",\"@id\":\"https:\/\/www.mastercam.com\/sv\/#\/schema\/logo\/image\/\",\"url\":\"https:\/\/www.mastercam.com\/wp-content\/uploads\/2023\/02\/MC_logo.svg\",\"contentUrl\":\"https:\/\/www.mastercam.com\/wp-content\/uploads\/2023\/02\/MC_logo.svg\",\"width\":230,\"height\":40,\"caption\":\"Mastercam\"},\"image\":{\"@id\":\"https:\/\/www.mastercam.com\/sv\/#\/schema\/logo\/image\/\"},\"sameAs\":[\"https:\/\/www.facebook.com\/Mastercam\/\",\"https:\/\/x.com\/mastercam\",\"https:\/\/www.linkedin.com\/company\/mastercam\",\"https:\/\/www.youtube.com\/channel\/UChJt5ruSkqnmFH44WsXVZLw\",\"https:\/\/www.instagram.com\/mastercam\/\"]}]}<\/script>\n<!-- \/ Yoast SEO plugin. -->","yoast_head_json":{"title":"Samtycke till l\u00e4nkning - mastercam.com","description":"Med f\u00f6rbeh\u00e5ll f\u00f6r de villkor som anges i detta samtycke till l\u00e4nkning (\"samtycke\"), ger CNC Software, LLC (\"CNC\") dig h\u00e4rmed tillst\u00e5nd att tillhandah\u00e5lla","robots":{"index":"index","follow":"follow","max-snippet":"max-snippet:-1","max-image-preview":"max-image-preview:large","max-video-preview":"max-video-preview:-1"},"canonical":"https:\/\/www.mastercam.com\/sv\/integritet\/samtycke-till-lankning\/","og_locale":"sv_SE","og_type":"article","og_title":"Samtycke till l\u00e4nkning - mastercam.com","og_description":"Med f\u00f6rbeh\u00e5ll f\u00f6r de villkor som anges i detta samtycke till l\u00e4nkning (\"samtycke\"), ger CNC Software, LLC (\"CNC\") dig h\u00e4rmed tillst\u00e5nd att tillhandah\u00e5lla","og_url":"https:\/\/www.mastercam.com\/sv\/integritet\/samtycke-till-lankning\/","og_site_name":"mastercam.com","article_publisher":"https:\/\/www.facebook.com\/Mastercam\/","article_modified_time":"2026-01-16T16:19:46+00:00","og_image":[{"width":1200,"height":675,"url":"https:\/\/www.mastercam.com\/wp-content\/uploads\/2024\/02\/drill-wide-photo-1200x675-1.jpg","type":"image\/jpeg"}],"twitter_card":"summary_large_image","twitter_site":"@mastercam","twitter_misc":{"Est. reading time":"4 minutes"},"schema":{"@context":"https:\/\/schema.org","@graph":[{"@type":"WebPage","@id":"https:\/\/www.mastercam.com\/sv\/integritet\/samtycke-till-lankning\/","url":"https:\/\/www.mastercam.com\/sv\/integritet\/samtycke-till-lankning\/","name":"Samtycke till l\u00e4nkning - mastercam.com","isPartOf":{"@id":"https:\/\/www.mastercam.com\/sv\/#website"},"datePublished":"2023-02-01T00:19:00+00:00","dateModified":"2026-01-16T16:19:46+00:00","description":"Med f\u00f6rbeh\u00e5ll f\u00f6r de villkor som anges i detta samtycke till l\u00e4nkning (\"samtycke\"), ger CNC Software, LLC (\"CNC\") dig h\u00e4rmed tillst\u00e5nd att tillhandah\u00e5lla","breadcrumb":{"@id":"https:\/\/www.mastercam.com\/sv\/integritet\/samtycke-till-lankning\/#breadcrumb"},"inLanguage":"sv-SE","potentialAction":[{"@type":"ReadAction","target":["https:\/\/www.mastercam.com\/sv\/integritet\/samtycke-till-lankning\/"]}]},{"@type":"BreadcrumbList","@id":"https:\/\/www.mastercam.com\/sv\/integritet\/samtycke-till-lankning\/#breadcrumb","itemListElement":[{"@type":"ListItem","position":1,"name":"Home","item":"https:\/\/www.mastercam.com\/sv\/"},{"@type":"ListItem","position":2,"name":"Integritet","item":"https:\/\/www.mastercam.com\/sv\/integritet\/"},{"@type":"ListItem","position":3,"name":"Samtycke till l\u00e4nkning"}]},{"@type":"WebSite","@id":"https:\/\/www.mastercam.com\/sv\/#website","url":"https:\/\/www.mastercam.com\/sv\/","name":"Mastercam","description":"Creating software and services that solve the world&#039;s manufacturing challenges","publisher":{"@id":"https:\/\/www.mastercam.com\/sv\/#organization"},"potentialAction":[{"@type":"SearchAction","target":{"@type":"EntryPoint","urlTemplate":"https:\/\/www.mastercam.com\/sv\/?s={search_term_string}"},"query-input":{"@type":"PropertyValueSpecification","valueRequired":true,"valueName":"search_term_string"}}],"inLanguage":"sv-SE"},{"@type":"Organization","@id":"https:\/\/www.mastercam.com\/sv\/#organization","name":"Mastercam","url":"https:\/\/www.mastercam.com\/sv\/","logo":{"@type":"ImageObject","inLanguage":"sv-SE","@id":"https:\/\/www.mastercam.com\/sv\/#\/schema\/logo\/image\/","url":"https:\/\/www.mastercam.com\/wp-content\/uploads\/2023\/02\/MC_logo.svg","contentUrl":"https:\/\/www.mastercam.com\/wp-content\/uploads\/2023\/02\/MC_logo.svg","width":230,"height":40,"caption":"Mastercam"},"image":{"@id":"https:\/\/www.mastercam.com\/sv\/#\/schema\/logo\/image\/"},"sameAs":["https:\/\/www.facebook.com\/Mastercam\/","https:\/\/x.com\/mastercam","https:\/\/www.linkedin.com\/company\/mastercam","https:\/\/www.youtube.com\/channel\/UChJt5ruSkqnmFH44WsXVZLw","https:\/\/www.instagram.com\/mastercam\/"]}]}},"_links":{"self":[{"href":"https:\/\/www.mastercam.com\/sv\/wp-json\/wp\/v2\/pages\/35503","targetHints":{"allow":["GET"]}}],"collection":[{"href":"https:\/\/www.mastercam.com\/sv\/wp-json\/wp\/v2\/pages"}],"about":[{"href":"https:\/\/www.mastercam.com\/sv\/wp-json\/wp\/v2\/types\/page"}],"author":[{"embeddable":true,"href":"https:\/\/www.mastercam.com\/sv\/wp-json\/wp\/v2\/users\/1"}],"replies":[{"embeddable":true,"href":"https:\/\/www.mastercam.com\/sv\/wp-json\/wp\/v2\/comments?post=35503"}],"version-history":[{"count":0,"href":"https:\/\/www.mastercam.com\/sv\/wp-json\/wp\/v2\/pages\/35503\/revisions"}],"up":[{"embeddable":true,"href":"https:\/\/www.mastercam.com\/sv\/wp-json\/wp\/v2\/pages\/36924"}],"wp:attachment":[{"href":"https:\/\/www.mastercam.com\/sv\/wp-json\/wp\/v2\/media?parent=35503"}],"curies":[{"name":"wp","href":"https:\/\/api.w.org\/{rel}","templated":true}]}}