{"id":37316,"date":"2023-01-31T19:02:44","date_gmt":"2023-02-01T00:02:44","guid":{"rendered":"https:\/\/www.mastercam.com\/wspolnota\/konkursy\/program-mastercam-skillsusa\/"},"modified":"2026-01-16T11:11:29","modified_gmt":"2026-01-16T16:11:29","slug":"program-mastercam-skillsusa","status":"publish","type":"page","link":"https:\/\/www.mastercam.com\/pl\/wspolnota\/konkursy\/program-mastercam-skillsusa\/","title":{"rendered":"Program Mastercam SkillsUSA"},"content":{"rendered":"\n<div class=\"wp-block-group is-style-container is-layout-flow wp-block-group-is-layout-flow\" style=\"margin-bottom:var(--wp--preset--spacing--6)\">\n<div class=\"wp-block-group is-layout-flow wp-block-group-is-layout-flow\"\/>\n\n\n\n<figure class=\"wp-block-image aligncenter size-full is-resized\"><img loading=\"lazy\" decoding=\"async\" width=\"768\" height=\"498\" src=\"http:\/\/www.mastercam.com\/wp-content\/uploads\/2023\/03\/SkillsUSALogo1-768x498-1.jpg\" alt=\"\" class=\"wp-image-6026\" style=\"width:280px;height:182px\" srcset=\"https:\/\/www.mastercam.com\/wp-content\/uploads\/2023\/03\/SkillsUSALogo1-768x498-1.jpg 768w, https:\/\/www.mastercam.com\/wp-content\/uploads\/2023\/03\/SkillsUSALogo1-768x498-1-300x195.jpg 300w, https:\/\/www.mastercam.com\/wp-content\/uploads\/2023\/03\/SkillsUSALogo1-768x498-1-112x73.jpg 112w, https:\/\/www.mastercam.com\/wp-content\/uploads\/2023\/03\/SkillsUSALogo1-768x498-1-224x145.jpg 224w\" sizes=\"auto, (max-width: 768px) 100vw, 768px\" \/><\/figure>\n\n\n\n<p>Mastercam ma przyjemno\u015b\u0107 zaoferowa\u0107 wsparcie studentom bior\u0105cym udzia\u0142 w konkursach CNC SkillsUSA. Uczniowie bior\u0105cy udzia\u0142 w konkursach CNC kwalifikuj\u0105 si\u0119 do bezp\u0142atnego oprogramowania i wsparcia technicznego. W przypadku szk\u00f3\u0142, kt\u00f3re ju\u017c korzystaj\u0105 z Mastercam Educational Suite, prosimy o wype\u0142nienie tego formularza, je\u015bli uczniowie potrzebuj\u0105 tymczasowych licencji, aby przygotowa\u0107 si\u0119 do zawod\u00f3w. Je\u015bli jeste\u015b nauczycielem lub uczniem w szkole, kt\u00f3ra jeszcze nie korzysta z Mastercam Educational Suite w klasie, r\u00f3wnie\u017c zach\u0119camy do wype\u0142nienia formularza. Po zatwierdzeniu, zostan\u0105 dostarczone sze\u015bciomiesi\u0119czne, czasowe licencje Mastercam Educational Suite with Multiaxis. Oprogramowanie obejmuje Mastercam Mill, Lathe, Wire, Router, Design, Art, ProDrill i Mastercam for <sup>SOLIDWORKS\u00ae<\/sup>.     <\/p>\n\n\n\n<p>Zapoznaj si\u0119 z <a href=\"http:\/\/www.mastercam.com\/wp-content\/uploads\/2023\/05\/MastercamEducationSponsorshipAgreement-GenericFinal.pdf\" target=\"_blank\" rel=\"noreferrer noopener\">Umow\u0105 Sponsorsk\u0105 Mastercam<\/a> dla uczestnik\u00f3w SkillsUSA, a nast\u0119pnie wype\u0142nij formularz rejestracyjny, aby rozpocz\u0105\u0107.<\/p>\n\n\n\n<script charset=\"utf-8\" type=\"text\/javascript\" src=\"\/\/js.hsforms.net\/forms\/embed\/v2.js\"><\/script><script>hbspt.forms.create({\n    portalId: \"3375755\",\n    formId: \"bf3b82e7-700c-4cf9-a141-999be42a1ddb\",\n    region: \"na1\"\n  });\n<\/script>\n<\/div>\n","protected":false},"excerpt":{"rendered":"<p>Mastercam ma przyjemno\u015b\u0107 zaoferowa\u0107 wsparcie studentom bior\u0105cym udzia\u0142 w konkursach CNC SkillsUSA. Uczniowie bior\u0105cy udzia\u0142 [&hellip;]<\/p>\n","protected":false},"author":1,"featured_media":0,"parent":36872,"menu_order":0,"comment_status":"closed","ping_status":"closed","template":"","meta":{"_acf_changed":false,"footnotes":""},"class_list":["post-37316","page","type-page","status-publish","hentry"],"acf":[],"yoast_head":"<!-- This site is optimized with the Yoast SEO plugin v27.3 - https:\/\/yoast.com\/product\/yoast-seo-wordpress\/ -->\n<title>Program Mastercam SkillsUSA - mastercam.com<\/title>\n<meta name=\"description\" content=\"Mastercam ma przyjemno\u015b\u0107 zaoferowa\u0107 wsparcie studentom bior\u0105cym udzia\u0142 w konkursach CNC SkillsUSA. Uczniowie bior\u0105cy udzia\u0142 w konkursach CNC kwalifikuj\u0105\" \/>\n<meta name=\"robots\" content=\"index, follow, max-snippet:-1, max-image-preview:large, max-video-preview:-1\" \/>\n<link rel=\"canonical\" href=\"https:\/\/www.mastercam.com\/pl\/wspolnota\/konkursy\/program-mastercam-skillsusa\/\" \/>\n<meta property=\"og:locale\" content=\"pl_PL\" \/>\n<meta property=\"og:type\" content=\"article\" \/>\n<meta property=\"og:title\" content=\"Program Mastercam SkillsUSA - mastercam.com\" \/>\n<meta property=\"og:description\" content=\"Mastercam ma przyjemno\u015b\u0107 zaoferowa\u0107 wsparcie studentom bior\u0105cym udzia\u0142 w konkursach CNC SkillsUSA. Uczniowie bior\u0105cy udzia\u0142 w konkursach CNC kwalifikuj\u0105\" \/>\n<meta property=\"og:url\" content=\"https:\/\/www.mastercam.com\/pl\/wspolnota\/konkursy\/program-mastercam-skillsusa\/\" \/>\n<meta property=\"og:site_name\" content=\"mastercam.com\" \/>\n<meta property=\"article:publisher\" content=\"https:\/\/www.facebook.com\/Mastercam\/\" \/>\n<meta property=\"article:modified_time\" content=\"2026-01-16T16:11:29+00:00\" \/>\n<meta property=\"og:image\" content=\"http:\/\/www.mastercam.com\/wp-content\/uploads\/2023\/03\/SkillsUSALogo1-768x498-1.jpg\" \/>\n<meta name=\"twitter:card\" content=\"summary_large_image\" \/>\n<meta name=\"twitter:site\" content=\"@mastercam\" \/>\n<meta name=\"twitter:label1\" content=\"Est. reading time\" \/>\n\t<meta name=\"twitter:data1\" content=\"1 minute\" \/>\n<script type=\"application\/ld+json\" class=\"yoast-schema-graph\">{\"@context\":\"https:\\\/\\\/schema.org\",\"@graph\":[{\"@type\":\"WebPage\",\"@id\":\"https:\\\/\\\/www.mastercam.com\\\/pl\\\/wspolnota\\\/konkursy\\\/program-mastercam-skillsusa\\\/\",\"url\":\"https:\\\/\\\/www.mastercam.com\\\/pl\\\/wspolnota\\\/konkursy\\\/program-mastercam-skillsusa\\\/\",\"name\":\"Program Mastercam SkillsUSA - mastercam.com\",\"isPartOf\":{\"@id\":\"https:\\\/\\\/www.mastercam.com\\\/pl\\\/#website\"},\"primaryImageOfPage\":{\"@id\":\"https:\\\/\\\/www.mastercam.com\\\/pl\\\/wspolnota\\\/konkursy\\\/program-mastercam-skillsusa\\\/#primaryimage\"},\"image\":{\"@id\":\"https:\\\/\\\/www.mastercam.com\\\/pl\\\/wspolnota\\\/konkursy\\\/program-mastercam-skillsusa\\\/#primaryimage\"},\"thumbnailUrl\":\"http:\\\/\\\/www.mastercam.com\\\/wp-content\\\/uploads\\\/2023\\\/03\\\/SkillsUSALogo1-768x498-1.jpg\",\"datePublished\":\"2023-02-01T00:02:44+00:00\",\"dateModified\":\"2026-01-16T16:11:29+00:00\",\"description\":\"Mastercam ma przyjemno\u015b\u0107 zaoferowa\u0107 wsparcie studentom bior\u0105cym udzia\u0142 w konkursach CNC SkillsUSA. Uczniowie bior\u0105cy udzia\u0142 w konkursach CNC kwalifikuj\u0105\",\"breadcrumb\":{\"@id\":\"https:\\\/\\\/www.mastercam.com\\\/pl\\\/wspolnota\\\/konkursy\\\/program-mastercam-skillsusa\\\/#breadcrumb\"},\"inLanguage\":\"pl-PL\",\"potentialAction\":[{\"@type\":\"ReadAction\",\"target\":[\"https:\\\/\\\/www.mastercam.com\\\/pl\\\/wspolnota\\\/konkursy\\\/program-mastercam-skillsusa\\\/\"]}]},{\"@type\":\"ImageObject\",\"inLanguage\":\"pl-PL\",\"@id\":\"https:\\\/\\\/www.mastercam.com\\\/pl\\\/wspolnota\\\/konkursy\\\/program-mastercam-skillsusa\\\/#primaryimage\",\"url\":\"http:\\\/\\\/www.mastercam.com\\\/wp-content\\\/uploads\\\/2023\\\/03\\\/SkillsUSALogo1-768x498-1.jpg\",\"contentUrl\":\"http:\\\/\\\/www.mastercam.com\\\/wp-content\\\/uploads\\\/2023\\\/03\\\/SkillsUSALogo1-768x498-1.jpg\"},{\"@type\":\"BreadcrumbList\",\"@id\":\"https:\\\/\\\/www.mastercam.com\\\/pl\\\/wspolnota\\\/konkursy\\\/program-mastercam-skillsusa\\\/#breadcrumb\",\"itemListElement\":[{\"@type\":\"ListItem\",\"position\":1,\"name\":\"Home\",\"item\":\"https:\\\/\\\/www.mastercam.com\\\/pl\\\/\"},{\"@type\":\"ListItem\",\"position\":2,\"name\":\"Wsp\u00f3lnota\",\"item\":\"https:\\\/\\\/www.mastercam.com\\\/pl\\\/wspolnota\\\/\"},{\"@type\":\"ListItem\",\"position\":3,\"name\":\"Konkursy\",\"item\":\"https:\\\/\\\/www.mastercam.com\\\/pl\\\/wspolnota\\\/konkursy\\\/\"},{\"@type\":\"ListItem\",\"position\":4,\"name\":\"Program Mastercam SkillsUSA\"}]},{\"@type\":\"WebSite\",\"@id\":\"https:\\\/\\\/www.mastercam.com\\\/pl\\\/#website\",\"url\":\"https:\\\/\\\/www.mastercam.com\\\/pl\\\/\",\"name\":\"Mastercam\",\"description\":\"Creating software and services that solve the world&#039;s manufacturing challenges\",\"publisher\":{\"@id\":\"https:\\\/\\\/www.mastercam.com\\\/pl\\\/#organization\"},\"potentialAction\":[{\"@type\":\"SearchAction\",\"target\":{\"@type\":\"EntryPoint\",\"urlTemplate\":\"https:\\\/\\\/www.mastercam.com\\\/pl\\\/?s={search_term_string}\"},\"query-input\":{\"@type\":\"PropertyValueSpecification\",\"valueRequired\":true,\"valueName\":\"search_term_string\"}}],\"inLanguage\":\"pl-PL\"},{\"@type\":\"Organization\",\"@id\":\"https:\\\/\\\/www.mastercam.com\\\/pl\\\/#organization\",\"name\":\"Mastercam\",\"url\":\"https:\\\/\\\/www.mastercam.com\\\/pl\\\/\",\"logo\":{\"@type\":\"ImageObject\",\"inLanguage\":\"pl-PL\",\"@id\":\"https:\\\/\\\/www.mastercam.com\\\/pl\\\/#\\\/schema\\\/logo\\\/image\\\/\",\"url\":\"https:\\\/\\\/www.mastercam.com\\\/wp-content\\\/uploads\\\/2023\\\/02\\\/MC_logo.svg\",\"contentUrl\":\"https:\\\/\\\/www.mastercam.com\\\/wp-content\\\/uploads\\\/2023\\\/02\\\/MC_logo.svg\",\"width\":230,\"height\":40,\"caption\":\"Mastercam\"},\"image\":{\"@id\":\"https:\\\/\\\/www.mastercam.com\\\/pl\\\/#\\\/schema\\\/logo\\\/image\\\/\"},\"sameAs\":[\"https:\\\/\\\/www.facebook.com\\\/Mastercam\\\/\",\"https:\\\/\\\/x.com\\\/mastercam\",\"https:\\\/\\\/www.linkedin.com\\\/company\\\/mastercam\",\"https:\\\/\\\/www.youtube.com\\\/channel\\\/UChJt5ruSkqnmFH44WsXVZLw\",\"https:\\\/\\\/www.instagram.com\\\/mastercam\\\/\"]}]}<\/script>\n<!-- \/ Yoast SEO plugin. -->","yoast_head_json":{"title":"Program Mastercam SkillsUSA - mastercam.com","description":"Mastercam ma przyjemno\u015b\u0107 zaoferowa\u0107 wsparcie studentom bior\u0105cym udzia\u0142 w konkursach CNC SkillsUSA. Uczniowie bior\u0105cy udzia\u0142 w konkursach CNC kwalifikuj\u0105","robots":{"index":"index","follow":"follow","max-snippet":"max-snippet:-1","max-image-preview":"max-image-preview:large","max-video-preview":"max-video-preview:-1"},"canonical":"https:\/\/www.mastercam.com\/pl\/wspolnota\/konkursy\/program-mastercam-skillsusa\/","og_locale":"pl_PL","og_type":"article","og_title":"Program Mastercam SkillsUSA - mastercam.com","og_description":"Mastercam ma przyjemno\u015b\u0107 zaoferowa\u0107 wsparcie studentom bior\u0105cym udzia\u0142 w konkursach CNC SkillsUSA. Uczniowie bior\u0105cy udzia\u0142 w konkursach CNC kwalifikuj\u0105","og_url":"https:\/\/www.mastercam.com\/pl\/wspolnota\/konkursy\/program-mastercam-skillsusa\/","og_site_name":"mastercam.com","article_publisher":"https:\/\/www.facebook.com\/Mastercam\/","article_modified_time":"2026-01-16T16:11:29+00:00","og_image":[{"url":"http:\/\/www.mastercam.com\/wp-content\/uploads\/2023\/03\/SkillsUSALogo1-768x498-1.jpg","type":"","width":"","height":""}],"twitter_card":"summary_large_image","twitter_site":"@mastercam","twitter_misc":{"Est. reading time":"1 minute"},"schema":{"@context":"https:\/\/schema.org","@graph":[{"@type":"WebPage","@id":"https:\/\/www.mastercam.com\/pl\/wspolnota\/konkursy\/program-mastercam-skillsusa\/","url":"https:\/\/www.mastercam.com\/pl\/wspolnota\/konkursy\/program-mastercam-skillsusa\/","name":"Program Mastercam SkillsUSA - mastercam.com","isPartOf":{"@id":"https:\/\/www.mastercam.com\/pl\/#website"},"primaryImageOfPage":{"@id":"https:\/\/www.mastercam.com\/pl\/wspolnota\/konkursy\/program-mastercam-skillsusa\/#primaryimage"},"image":{"@id":"https:\/\/www.mastercam.com\/pl\/wspolnota\/konkursy\/program-mastercam-skillsusa\/#primaryimage"},"thumbnailUrl":"http:\/\/www.mastercam.com\/wp-content\/uploads\/2023\/03\/SkillsUSALogo1-768x498-1.jpg","datePublished":"2023-02-01T00:02:44+00:00","dateModified":"2026-01-16T16:11:29+00:00","description":"Mastercam ma przyjemno\u015b\u0107 zaoferowa\u0107 wsparcie studentom bior\u0105cym udzia\u0142 w konkursach CNC SkillsUSA. Uczniowie bior\u0105cy udzia\u0142 w konkursach CNC kwalifikuj\u0105","breadcrumb":{"@id":"https:\/\/www.mastercam.com\/pl\/wspolnota\/konkursy\/program-mastercam-skillsusa\/#breadcrumb"},"inLanguage":"pl-PL","potentialAction":[{"@type":"ReadAction","target":["https:\/\/www.mastercam.com\/pl\/wspolnota\/konkursy\/program-mastercam-skillsusa\/"]}]},{"@type":"ImageObject","inLanguage":"pl-PL","@id":"https:\/\/www.mastercam.com\/pl\/wspolnota\/konkursy\/program-mastercam-skillsusa\/#primaryimage","url":"http:\/\/www.mastercam.com\/wp-content\/uploads\/2023\/03\/SkillsUSALogo1-768x498-1.jpg","contentUrl":"http:\/\/www.mastercam.com\/wp-content\/uploads\/2023\/03\/SkillsUSALogo1-768x498-1.jpg"},{"@type":"BreadcrumbList","@id":"https:\/\/www.mastercam.com\/pl\/wspolnota\/konkursy\/program-mastercam-skillsusa\/#breadcrumb","itemListElement":[{"@type":"ListItem","position":1,"name":"Home","item":"https:\/\/www.mastercam.com\/pl\/"},{"@type":"ListItem","position":2,"name":"Wsp\u00f3lnota","item":"https:\/\/www.mastercam.com\/pl\/wspolnota\/"},{"@type":"ListItem","position":3,"name":"Konkursy","item":"https:\/\/www.mastercam.com\/pl\/wspolnota\/konkursy\/"},{"@type":"ListItem","position":4,"name":"Program Mastercam SkillsUSA"}]},{"@type":"WebSite","@id":"https:\/\/www.mastercam.com\/pl\/#website","url":"https:\/\/www.mastercam.com\/pl\/","name":"Mastercam","description":"Creating software and services that solve the world&#039;s manufacturing challenges","publisher":{"@id":"https:\/\/www.mastercam.com\/pl\/#organization"},"potentialAction":[{"@type":"SearchAction","target":{"@type":"EntryPoint","urlTemplate":"https:\/\/www.mastercam.com\/pl\/?s={search_term_string}"},"query-input":{"@type":"PropertyValueSpecification","valueRequired":true,"valueName":"search_term_string"}}],"inLanguage":"pl-PL"},{"@type":"Organization","@id":"https:\/\/www.mastercam.com\/pl\/#organization","name":"Mastercam","url":"https:\/\/www.mastercam.com\/pl\/","logo":{"@type":"ImageObject","inLanguage":"pl-PL","@id":"https:\/\/www.mastercam.com\/pl\/#\/schema\/logo\/image\/","url":"https:\/\/www.mastercam.com\/wp-content\/uploads\/2023\/02\/MC_logo.svg","contentUrl":"https:\/\/www.mastercam.com\/wp-content\/uploads\/2023\/02\/MC_logo.svg","width":230,"height":40,"caption":"Mastercam"},"image":{"@id":"https:\/\/www.mastercam.com\/pl\/#\/schema\/logo\/image\/"},"sameAs":["https:\/\/www.facebook.com\/Mastercam\/","https:\/\/x.com\/mastercam","https:\/\/www.linkedin.com\/company\/mastercam","https:\/\/www.youtube.com\/channel\/UChJt5ruSkqnmFH44WsXVZLw","https:\/\/www.instagram.com\/mastercam\/"]}]}},"_links":{"self":[{"href":"https:\/\/www.mastercam.com\/pl\/wp-json\/wp\/v2\/pages\/37316","targetHints":{"allow":["GET"]}}],"collection":[{"href":"https:\/\/www.mastercam.com\/pl\/wp-json\/wp\/v2\/pages"}],"about":[{"href":"https:\/\/www.mastercam.com\/pl\/wp-json\/wp\/v2\/types\/page"}],"author":[{"embeddable":true,"href":"https:\/\/www.mastercam.com\/pl\/wp-json\/wp\/v2\/users\/1"}],"replies":[{"embeddable":true,"href":"https:\/\/www.mastercam.com\/pl\/wp-json\/wp\/v2\/comments?post=37316"}],"version-history":[{"count":0,"href":"https:\/\/www.mastercam.com\/pl\/wp-json\/wp\/v2\/pages\/37316\/revisions"}],"up":[{"embeddable":true,"href":"https:\/\/www.mastercam.com\/pl\/wp-json\/wp\/v2\/pages\/36872"}],"wp:attachment":[{"href":"https:\/\/www.mastercam.com\/pl\/wp-json\/wp\/v2\/media?parent=37316"}],"curies":[{"name":"wp","href":"https:\/\/api.w.org\/{rel}","templated":true}]}}