{"id":37292,"date":"2023-01-31T18:57:32","date_gmt":"2023-01-31T23:57:32","guid":{"rendered":"https:\/\/www.mastercam.com\/wsparcie\/wsparcie-techniczne\/sterowniki-i-narzedzia\/"},"modified":"2026-01-16T11:11:18","modified_gmt":"2026-01-16T16:11:18","slug":"sterowniki-i-narzedzia","status":"publish","type":"page","link":"https:\/\/www.mastercam.com\/pl\/wsparcie\/wsparcie-techniczne\/sterowniki-i-narzedzia\/","title":{"rendered":"Sterowniki i narz\u0119dzia"},"content":{"rendered":"<div class=\"hero__breadcrumbs\">\n    <div class=\"container-fluid\">\n      <div class=\"row\">\n        <div class=\"col\">\n          <nav aria-label=\"breadcrumbs\"><ol class=\"breadcrumb\"><li><a href=\"https:\/\/www.mastercam.com\/pl\/\">Home<\/a><\/li><\/ol><\/nav>\n        <\/div>\n      <\/div>\n    <\/div>\n  <\/div>\n\n<div class=\"hero hero--minimal wp-block-acf-block-hero\">\n  <div class=\"container-fluid\">\n    <div class=\"row align-items-center\">\n      \n      \n      \n      <div class=\"col-12 col-lg-7 order-2 order-lg-2 hero__content-column\">\n        <div class=\"hero__content\">\n                      <h1 class=\"hero__heading\">\n              \n              Sterowniki i narz\u0119dzia\n            <\/h1>\n          \n          \n          \n          \n          \n                  <\/div>\n      <\/div>\n    <\/div>\n  <\/div>\n<\/div>\n\n<div class=\"wp-block-columns is-style-container is-layout-flex wp-container-core-columns-is-layout-28f84493 wp-block-columns-is-layout-flex\">\n<div class=\"wp-block-column is-layout-flow wp-block-column-is-layout-flow\">\n<p>Te sterowniki i programy narz\u0119dziowe zosta\u0142y przetestowane i wydane przez Dzia\u0142 Kontroli Jako\u015bci. Post\u0119puj zgodnie z instrukcjami podanymi w kolumnie &#8220;info&#8221; ka\u017cdego pobieranego pliku, aby uzyska\u0107 pomoc dotycz\u0105c\u0105 instalacji. <\/p>\n\n\n\n<p>Wszelkie komentarze i pytania mo\u017cna przesy\u0142a\u0107 <a href=\"http:\/\/www.mastercam.com\/contact-us\/\">tutaj<\/a>.<\/p>\n\n\n\n<h2 class=\"wp-block-heading\">Licencjonowanie sprz\u0119tu<\/h2>\n\n\n\n<figure class=\"wp-block-table is-style-stripes\"><table><thead><tr><th class=\"has-text-align-left\" data-align=\"left\"><strong><strong>POZYCJA \/ OPIS<\/strong><\/strong><\/th><th class=\"has-text-align-left\" data-align=\"left\"><strong>POSTED<\/strong><\/th><th class=\"has-text-align-left\" data-align=\"left\"><strong>ROZMIAR<\/strong><\/th><th><strong>INFO<\/strong><\/th><\/tr><\/thead><tbody><tr><td class=\"has-text-align-left\" data-align=\"left\"><a href=\"https:\/\/downloads.mastercam.com\/public\/drivers\/Sentinel_LDK_20200608_setup.zip\">Sterowniki HASP<\/a><br\/>dla Mastercam X2 i nowszych<\/td><td class=\"has-text-align-left\" data-align=\"left\">06\/08\/2020<\/td><td class=\"has-text-align-left\" data-align=\"left\">20 MB<\/td><td>U\u017cyj tego produktu, aby zainstalowa\u0107 sterowniki HASP w systemie Windows 7 lub nowszym.<br\/><strong>Aby zainstalowa\u0107:<\/strong><br\/>Kliknij \u0142\u0105cze Sentinel_LDK_setup.zip i zapisz je na komputerze.<br\/>Wyodr\u0119bnij plik .zip na pulpicie.<br\/>Kliknij dwukrotnie plik HASPUserSetup.exe.<br\/>Post\u0119puj zgodnie z instrukcjami instalacji.<\/td><\/tr><tr><td class=\"has-text-align-left\" data-align=\"left\"><a href=\"https:\/\/downloads.mastercam.com\/public\/drivers\/haspx.zip\">HASP Update Utility<\/a><br\/>HASPX.exe-Version 2026<\/td><td class=\"has-text-align-left\" data-align=\"left\">07\/01\/2025<\/td><td class=\"has-text-align-left\" data-align=\"left\">1.6 MB<\/td><td>U\u017cyj tego produktu, aby zainstalowa\u0107 kody HASP lub odczyta\u0107 HASP<strong>.Aby zainstalowa\u0107:<\/strong><br\/>Kliknij link haspx.zip i zapisz go na swoim komputerze.<br\/>Wyodr\u0119bnij zawarto\u015b\u0107 pliku *.zip na pulpit.<br\/>Kliknij dwukrotnie .exe, aby uruchomi\u0107 aplikacj\u0119. Aby uruchomi\u0107 ten plik wykonywalny, musz\u0105 by\u0107 zainstalowane sterowniki HASP. <\/td><\/tr><tr><td class=\"has-text-align-left\" data-align=\"left\"><a href=\"https:\/\/downloads.mastercam.com\/public\/drivers\/nhaspx.zip\">NetHASP Update Utility<\/a><br\/>NHASPX.exe-Version 2026<\/td><td class=\"has-text-align-left\" data-align=\"left\">07\/01\/2025<\/td><td class=\"has-text-align-left\" data-align=\"left\">1,5 MB<\/td><td><strong>Aby zainstalowa\u0107:<\/strong><br\/>Kliknij \u0142\u0105cze Nhaspx.zip i zapisz je na komputerze.<br\/>Wyodr\u0119bnij zawarto\u015b\u0107 pliku *.zip na pulpit.<br\/>Kliknij dwukrotnie plik .exe, aby uruchomi\u0107 aplikacj\u0119. Aby uruchomi\u0107 ten plik wykonywalny, musz\u0105 by\u0107 zainstalowane sterowniki NetHASP. Musi on by\u0107 r\u00f3wnie\u017c uruchomiony lokalnie na serwerze NetHASP w celu aktualizacji kod\u00f3w.  <\/td><\/tr><tr><td class=\"has-text-align-left\" data-align=\"left\"><a href=\"https:\/\/downloads.mastercam.com\/public\/drivers\/mastercam-licensemanager.zip\">Mened\u017cer licencji NetHasp<\/a><\/td><td class=\"has-text-align-left\" data-align=\"left\">01\/17\/2019<\/td><td class=\"has-text-align-left\" data-align=\"left\">14 MB<\/td><td>U\u017cyj tego produktu, aby zainstalowa\u0107 Mastercam License Manager<strong>.Aby zainstalowa\u0107:<\/strong><br\/>Kliknij na link mastercam-licensemanager.zip i zapisz go na swoim komputerze.<br\/>Wyodr\u0119bnij plik .zip na pulpit.<br\/>Kliknij dwukrotnie na mastercam-licensemanager.exe, aby uruchomi\u0107 aplikacj\u0119.<\/td><\/tr><tr><td class=\"has-text-align-left\" data-align=\"left\"><a href=\"https:\/\/downloads.mastercam.com\/public\/drivers\/mastercam-monitor.zip\">NetHASP Monitor<\/a><\/td><td class=\"has-text-align-left\" data-align=\"left\">01\/17\/2011<\/td><td class=\"has-text-align-left\" data-align=\"left\">2 MB<\/td><td><strong>Aby zainstalowa\u0107:<\/strong>Kliknij \u0142\u0105cze mastercam-monitor.zip i zapisz je na komputerze. Rozpakuj plik .zip na pulpit. Kliknij dwukrotnie mastercam-monitor.exe, aby uruchomi\u0107 aplikacj\u0119.  <\/td><\/tr><tr><td class=\"has-text-align-left\" data-align=\"left\"><a href=\"https:\/\/downloads.mastercam.com\/public\/drivers\/drivers_x.exe\">HASP Drivers<\/a><br\/>Dla Mastercam X i starszych<\/td><td class=\"has-text-align-left\" data-align=\"left\">09\/09\/2007<\/td><td class=\"has-text-align-left\" data-align=\"left\">4 MB<\/td><td>U\u017cyj tego produktu, aby zainstalowa\u0107 sterowniki HASP dla Mastercam X i starszych<strong>.Aby zainstalowa\u0107:<\/strong><br\/>Kliknij \u0142\u0105cze drivers_x.exe i zapisz pobrany plik na komputerze.<br\/>Po zako\u0144czeniu pobierania kliknij dwukrotnie plik *.exe.<br\/>Post\u0119puj zgodnie z instrukcjami instalacji.<br\/><strong>Uwaga:<\/strong> Klucz HASP powinien by\u0107 od\u0142\u0105czony podczas instalacji sterownika.<\/td><\/tr><\/tbody><\/table><\/figure>\n\n\n\n<h2 class=\"wp-block-heading\" style=\"padding-top:var(--wp--preset--spacing--6)\">Licencjonowanie oprogramowania<\/h2>\n\n\n\n<figure class=\"wp-block-table is-style-stripes\"><table><thead><tr><th><strong>POZYCJA \/ OPIS<\/strong><\/th><th><strong>POSTED<\/strong><\/th><th><strong>ROZMIAR<\/strong><\/th><th><strong>INFO<\/strong><\/th><\/tr><\/thead><tbody><tr><td><a href=\"https:\/\/downloads.mastercam.com\/public\/drivers\/MastercamLicensingSetup070125.exe\" target=\"_blank\" rel=\"noreferrer noopener\">Mastercam Activation Wizard Setup<\/a><br\/>Wersja 2026<br\/><\/td><td>07\/01\/2025<\/td><td>378 MB<\/td><td>To narz\u0119dzie zainstaluje Kreator Aktywacji Mastercam. Program umo\u017cliwia aktywacj\u0119 produkt\u00f3w Mastercam przy u\u017cyciu kodu aktywacyjnego. <\/td><\/tr><tr><td><a href=\"https:\/\/downloads.mastercam.com\/public\/drivers\/CodeMeterRuntime_8_20.exe\" target=\"_blank\" rel=\"noreferrer noopener nofollow\">Instalacja \u015brodowiska uruchomieniowego CodeMeter 8.2<\/a><\/td><td>07\/01\/2025<\/td><td>169 MB<\/td><td><strong>Aby zainstalowa\u0107:<\/strong> Kliknij \u0142\u0105cze CodeMeterRuntime_8_20.exe i zapisz pobrany plik na komputerze.<br\/>Po zako\u0144czeniu pobierania kliknij dwukrotnie plik *.exe.<br\/>Post\u0119puj zgodnie z instrukcjami instalacji.<\/td><\/tr><\/tbody><\/table><\/figure>\n\n\n\n<h2 class=\"wp-block-heading\" style=\"padding-top:var(--wp--preset--spacing--6)\">Narz\u0119dzia<\/h2>\n\n\n\n<figure class=\"wp-block-table is-style-stripes\"><table><thead><tr><th><strong>POZYCJA \/ OPIS<\/strong><\/th><th><strong>POSTED<\/strong><\/th><th><strong>ROZMIAR<\/strong><\/th><th><strong>INFO<\/strong><\/th><\/tr><\/thead><tbody><tr><td><a href=\"https:\/\/downloads.mastercam.com\/public\/drivers\/inspector-utility-20200528.zip\">Narz\u0119dzie System Inspector<\/a><\/td><td>05\/28\/2020<\/td><td>2 MB<\/td><td>Jest to ma\u0142e narz\u0119dzie u\u017cywane do zbierania informacji i diagnozowania podstawowych problem\u00f3w zwi\u0105zanych z Mastercam w systemie u\u017cytkownika. Program generuje plik tekstowy, kt\u00f3ry mo\u017ce by\u0107 wys\u0142any do dzia\u0142u wsparcia technicznego, aby pom\u00f3c w rozwi\u0105zywaniu problem\u00f3w<strong>.Aby u\u017cy\u0107 narz\u0119dzia Inspector Utility:<\/strong><br\/>Kliknij link System Inspector Utility, aby zapisa\u0107 plik inspector-utility-20200528.zip na komputerze.<br\/>Wyodr\u0119bnij zawarto\u015b\u0107 pliku .zip na pulpit.<br\/>Kliknij dwukrotnie McamInspect.exe.<br\/>Wybierz wersj\u0119 Mastercam z rozwijanej listy.<br\/>Kliknij przycisk &#8220;Sys Info&#8221;, aby zebra\u0107 informacje o systemie i Mastercam.<br\/>Kliknij przycisk &#8220;Analyze&#8221;, aby sprawdzi\u0107 problemy licencyjne.<br\/>Kliknij przycisk &#8220;Create report&#8221;, aby wygenerowa\u0107 plik raportu tekstowego. Jest on tworzony w tej samej lokalizacji co &#8220;McamInspect.exe&#8221;.  <\/td><\/tr><\/tbody><\/table><\/figure>\n<\/div>\n<\/div>\n","protected":false},"excerpt":{"rendered":"<p>Te sterowniki i programy narz\u0119dziowe zosta\u0142y przetestowane i wydane przez Dzia\u0142 Kontroli Jako\u015bci. Post\u0119puj zgodnie [&hellip;]<\/p>\n","protected":false},"author":1,"featured_media":0,"parent":36719,"menu_order":0,"comment_status":"closed","ping_status":"closed","template":"","meta":{"_acf_changed":false,"footnotes":""},"class_list":["post-37292","page","type-page","status-publish","hentry"],"acf":[],"yoast_head":"<!-- This site is optimized with the Yoast SEO plugin v26.8 - https:\/\/yoast.com\/product\/yoast-seo-wordpress\/ -->\n<title>Sterowniki i narz\u0119dzia | Mastercam<\/title>\n<meta name=\"description\" content=\"Nasze sterowniki i narz\u0119dzia zosta\u0142y przetestowane i wydane przez Dzia\u0142 Kontroli Jako\u015bci. Kliknij, aby dowiedzie\u0107 si\u0119 wi\u0119cej o r\u00f3\u017cnych licencjach na sprz\u0119t i oprogramowanie.\" \/>\n<meta name=\"robots\" content=\"index, follow, max-snippet:-1, max-image-preview:large, max-video-preview:-1\" \/>\n<link rel=\"canonical\" href=\"https:\/\/www.mastercam.com\/pl\/wsparcie\/wsparcie-techniczne\/sterowniki-i-narzedzia\/\" \/>\n<meta property=\"og:locale\" content=\"pl_PL\" \/>\n<meta property=\"og:type\" content=\"article\" \/>\n<meta property=\"og:title\" content=\"Sterowniki i narz\u0119dzia | Mastercam\" \/>\n<meta property=\"og:description\" content=\"Nasze sterowniki i narz\u0119dzia zosta\u0142y przetestowane i wydane przez Dzia\u0142 Kontroli Jako\u015bci. Kliknij, aby dowiedzie\u0107 si\u0119 wi\u0119cej o r\u00f3\u017cnych licencjach na sprz\u0119t i oprogramowanie.\" \/>\n<meta property=\"og:url\" content=\"https:\/\/www.mastercam.com\/pl\/wsparcie\/wsparcie-techniczne\/sterowniki-i-narzedzia\/\" \/>\n<meta property=\"og:site_name\" content=\"mastercam.com\" \/>\n<meta property=\"article:publisher\" content=\"https:\/\/www.facebook.com\/Mastercam\/\" \/>\n<meta property=\"article:modified_time\" content=\"2026-01-16T16:11:18+00:00\" \/>\n<meta property=\"og:image\" content=\"https:\/\/www.mastercam.com\/wp-content\/uploads\/2024\/02\/drill-wide-photo-1200x675-1.jpg\" \/>\n\t<meta property=\"og:image:width\" content=\"1200\" \/>\n\t<meta property=\"og:image:height\" content=\"675\" \/>\n\t<meta property=\"og:image:type\" content=\"image\/jpeg\" \/>\n<meta name=\"twitter:card\" content=\"summary_large_image\" \/>\n<meta name=\"twitter:site\" content=\"@mastercam\" \/>\n<meta name=\"twitter:label1\" content=\"Est. reading time\" \/>\n\t<meta name=\"twitter:data1\" content=\"3 minutes\" \/>\n<script type=\"application\/ld+json\" class=\"yoast-schema-graph\">{\"@context\":\"https:\/\/schema.org\",\"@graph\":[{\"@type\":\"WebPage\",\"@id\":\"https:\/\/www.mastercam.com\/pl\/wsparcie\/wsparcie-techniczne\/sterowniki-i-narzedzia\/\",\"url\":\"https:\/\/www.mastercam.com\/pl\/wsparcie\/wsparcie-techniczne\/sterowniki-i-narzedzia\/\",\"name\":\"Sterowniki i narz\u0119dzia | Mastercam\",\"isPartOf\":{\"@id\":\"https:\/\/www.mastercam.com\/pl\/#website\"},\"datePublished\":\"2023-01-31T23:57:32+00:00\",\"dateModified\":\"2026-01-16T16:11:18+00:00\",\"description\":\"Nasze sterowniki i narz\u0119dzia zosta\u0142y przetestowane i wydane przez Dzia\u0142 Kontroli Jako\u015bci. Kliknij, aby dowiedzie\u0107 si\u0119 wi\u0119cej o r\u00f3\u017cnych licencjach na sprz\u0119t i oprogramowanie.\",\"breadcrumb\":{\"@id\":\"https:\/\/www.mastercam.com\/pl\/wsparcie\/wsparcie-techniczne\/sterowniki-i-narzedzia\/#breadcrumb\"},\"inLanguage\":\"pl-PL\",\"potentialAction\":[{\"@type\":\"ReadAction\",\"target\":[\"https:\/\/www.mastercam.com\/pl\/wsparcie\/wsparcie-techniczne\/sterowniki-i-narzedzia\/\"]}]},{\"@type\":\"BreadcrumbList\",\"@id\":\"https:\/\/www.mastercam.com\/pl\/wsparcie\/wsparcie-techniczne\/sterowniki-i-narzedzia\/#breadcrumb\",\"itemListElement\":[{\"@type\":\"ListItem\",\"position\":1,\"name\":\"Home\",\"item\":\"https:\/\/www.mastercam.com\/pl\/\"},{\"@type\":\"ListItem\",\"position\":2,\"name\":\"Wsparcie\",\"item\":\"https:\/\/www.mastercam.com\/pl\/wsparcie\/\"},{\"@type\":\"ListItem\",\"position\":3,\"name\":\"Wsparcie techniczne\",\"item\":\"https:\/\/www.mastercam.com\/pl\/wsparcie\/wsparcie-techniczne\/\"},{\"@type\":\"ListItem\",\"position\":4,\"name\":\"Sterowniki i narz\u0119dzia\"}]},{\"@type\":\"WebSite\",\"@id\":\"https:\/\/www.mastercam.com\/pl\/#website\",\"url\":\"https:\/\/www.mastercam.com\/pl\/\",\"name\":\"Mastercam\",\"description\":\"Creating software and services that solve the world&#039;s manufacturing challenges\",\"publisher\":{\"@id\":\"https:\/\/www.mastercam.com\/pl\/#organization\"},\"potentialAction\":[{\"@type\":\"SearchAction\",\"target\":{\"@type\":\"EntryPoint\",\"urlTemplate\":\"https:\/\/www.mastercam.com\/pl\/?s={search_term_string}\"},\"query-input\":{\"@type\":\"PropertyValueSpecification\",\"valueRequired\":true,\"valueName\":\"search_term_string\"}}],\"inLanguage\":\"pl-PL\"},{\"@type\":\"Organization\",\"@id\":\"https:\/\/www.mastercam.com\/pl\/#organization\",\"name\":\"Mastercam\",\"url\":\"https:\/\/www.mastercam.com\/pl\/\",\"logo\":{\"@type\":\"ImageObject\",\"inLanguage\":\"pl-PL\",\"@id\":\"https:\/\/www.mastercam.com\/pl\/#\/schema\/logo\/image\/\",\"url\":\"https:\/\/www.mastercam.com\/wp-content\/uploads\/2023\/02\/MC_logo.svg\",\"contentUrl\":\"https:\/\/www.mastercam.com\/wp-content\/uploads\/2023\/02\/MC_logo.svg\",\"width\":230,\"height\":40,\"caption\":\"Mastercam\"},\"image\":{\"@id\":\"https:\/\/www.mastercam.com\/pl\/#\/schema\/logo\/image\/\"},\"sameAs\":[\"https:\/\/www.facebook.com\/Mastercam\/\",\"https:\/\/x.com\/mastercam\",\"https:\/\/www.linkedin.com\/company\/mastercam\",\"https:\/\/www.youtube.com\/channel\/UChJt5ruSkqnmFH44WsXVZLw\",\"https:\/\/www.instagram.com\/mastercam\/\"]}]}<\/script>\n<!-- \/ Yoast SEO plugin. -->","yoast_head_json":{"title":"Sterowniki i narz\u0119dzia | Mastercam","description":"Nasze sterowniki i narz\u0119dzia zosta\u0142y przetestowane i wydane przez Dzia\u0142 Kontroli Jako\u015bci. Kliknij, aby dowiedzie\u0107 si\u0119 wi\u0119cej o r\u00f3\u017cnych licencjach na sprz\u0119t i oprogramowanie.","robots":{"index":"index","follow":"follow","max-snippet":"max-snippet:-1","max-image-preview":"max-image-preview:large","max-video-preview":"max-video-preview:-1"},"canonical":"https:\/\/www.mastercam.com\/pl\/wsparcie\/wsparcie-techniczne\/sterowniki-i-narzedzia\/","og_locale":"pl_PL","og_type":"article","og_title":"Sterowniki i narz\u0119dzia | Mastercam","og_description":"Nasze sterowniki i narz\u0119dzia zosta\u0142y przetestowane i wydane przez Dzia\u0142 Kontroli Jako\u015bci. Kliknij, aby dowiedzie\u0107 si\u0119 wi\u0119cej o r\u00f3\u017cnych licencjach na sprz\u0119t i oprogramowanie.","og_url":"https:\/\/www.mastercam.com\/pl\/wsparcie\/wsparcie-techniczne\/sterowniki-i-narzedzia\/","og_site_name":"mastercam.com","article_publisher":"https:\/\/www.facebook.com\/Mastercam\/","article_modified_time":"2026-01-16T16:11:18+00:00","og_image":[{"width":1200,"height":675,"url":"https:\/\/www.mastercam.com\/wp-content\/uploads\/2024\/02\/drill-wide-photo-1200x675-1.jpg","type":"image\/jpeg"}],"twitter_card":"summary_large_image","twitter_site":"@mastercam","twitter_misc":{"Est. reading time":"3 minutes"},"schema":{"@context":"https:\/\/schema.org","@graph":[{"@type":"WebPage","@id":"https:\/\/www.mastercam.com\/pl\/wsparcie\/wsparcie-techniczne\/sterowniki-i-narzedzia\/","url":"https:\/\/www.mastercam.com\/pl\/wsparcie\/wsparcie-techniczne\/sterowniki-i-narzedzia\/","name":"Sterowniki i narz\u0119dzia | Mastercam","isPartOf":{"@id":"https:\/\/www.mastercam.com\/pl\/#website"},"datePublished":"2023-01-31T23:57:32+00:00","dateModified":"2026-01-16T16:11:18+00:00","description":"Nasze sterowniki i narz\u0119dzia zosta\u0142y przetestowane i wydane przez Dzia\u0142 Kontroli Jako\u015bci. Kliknij, aby dowiedzie\u0107 si\u0119 wi\u0119cej o r\u00f3\u017cnych licencjach na sprz\u0119t i oprogramowanie.","breadcrumb":{"@id":"https:\/\/www.mastercam.com\/pl\/wsparcie\/wsparcie-techniczne\/sterowniki-i-narzedzia\/#breadcrumb"},"inLanguage":"pl-PL","potentialAction":[{"@type":"ReadAction","target":["https:\/\/www.mastercam.com\/pl\/wsparcie\/wsparcie-techniczne\/sterowniki-i-narzedzia\/"]}]},{"@type":"BreadcrumbList","@id":"https:\/\/www.mastercam.com\/pl\/wsparcie\/wsparcie-techniczne\/sterowniki-i-narzedzia\/#breadcrumb","itemListElement":[{"@type":"ListItem","position":1,"name":"Home","item":"https:\/\/www.mastercam.com\/pl\/"},{"@type":"ListItem","position":2,"name":"Wsparcie","item":"https:\/\/www.mastercam.com\/pl\/wsparcie\/"},{"@type":"ListItem","position":3,"name":"Wsparcie techniczne","item":"https:\/\/www.mastercam.com\/pl\/wsparcie\/wsparcie-techniczne\/"},{"@type":"ListItem","position":4,"name":"Sterowniki i narz\u0119dzia"}]},{"@type":"WebSite","@id":"https:\/\/www.mastercam.com\/pl\/#website","url":"https:\/\/www.mastercam.com\/pl\/","name":"Mastercam","description":"Creating software and services that solve the world&#039;s manufacturing challenges","publisher":{"@id":"https:\/\/www.mastercam.com\/pl\/#organization"},"potentialAction":[{"@type":"SearchAction","target":{"@type":"EntryPoint","urlTemplate":"https:\/\/www.mastercam.com\/pl\/?s={search_term_string}"},"query-input":{"@type":"PropertyValueSpecification","valueRequired":true,"valueName":"search_term_string"}}],"inLanguage":"pl-PL"},{"@type":"Organization","@id":"https:\/\/www.mastercam.com\/pl\/#organization","name":"Mastercam","url":"https:\/\/www.mastercam.com\/pl\/","logo":{"@type":"ImageObject","inLanguage":"pl-PL","@id":"https:\/\/www.mastercam.com\/pl\/#\/schema\/logo\/image\/","url":"https:\/\/www.mastercam.com\/wp-content\/uploads\/2023\/02\/MC_logo.svg","contentUrl":"https:\/\/www.mastercam.com\/wp-content\/uploads\/2023\/02\/MC_logo.svg","width":230,"height":40,"caption":"Mastercam"},"image":{"@id":"https:\/\/www.mastercam.com\/pl\/#\/schema\/logo\/image\/"},"sameAs":["https:\/\/www.facebook.com\/Mastercam\/","https:\/\/x.com\/mastercam","https:\/\/www.linkedin.com\/company\/mastercam","https:\/\/www.youtube.com\/channel\/UChJt5ruSkqnmFH44WsXVZLw","https:\/\/www.instagram.com\/mastercam\/"]}]}},"_links":{"self":[{"href":"https:\/\/www.mastercam.com\/pl\/wp-json\/wp\/v2\/pages\/37292","targetHints":{"allow":["GET"]}}],"collection":[{"href":"https:\/\/www.mastercam.com\/pl\/wp-json\/wp\/v2\/pages"}],"about":[{"href":"https:\/\/www.mastercam.com\/pl\/wp-json\/wp\/v2\/types\/page"}],"author":[{"embeddable":true,"href":"https:\/\/www.mastercam.com\/pl\/wp-json\/wp\/v2\/users\/1"}],"replies":[{"embeddable":true,"href":"https:\/\/www.mastercam.com\/pl\/wp-json\/wp\/v2\/comments?post=37292"}],"version-history":[{"count":0,"href":"https:\/\/www.mastercam.com\/pl\/wp-json\/wp\/v2\/pages\/37292\/revisions"}],"up":[{"embeddable":true,"href":"https:\/\/www.mastercam.com\/pl\/wp-json\/wp\/v2\/pages\/36719"}],"wp:attachment":[{"href":"https:\/\/www.mastercam.com\/pl\/wp-json\/wp\/v2\/media?parent=37292"}],"curies":[{"name":"wp","href":"https:\/\/api.w.org\/{rel}","templated":true}]}}