{"id":37068,"date":"2023-01-31T18:23:46","date_gmt":"2023-01-31T23:23:46","guid":{"rendered":"https:\/\/www.mastercam.com\/rozwiazania\/branze\/edukacja\/"},"modified":"2026-01-16T11:09:10","modified_gmt":"2026-01-16T16:09:10","slug":"edukacja","status":"publish","type":"page","link":"https:\/\/www.mastercam.com\/pl\/rozwiazania\/branze\/edukacja\/","title":{"rendered":"Edukacja"},"content":{"rendered":"<div class=\"hero__breadcrumbs\">\n    <div class=\"container-fluid\">\n      <div class=\"row\">\n        <div class=\"col\">\n          <nav aria-label=\"breadcrumbs\"><ol class=\"breadcrumb\"><li><a href=\"https:\/\/www.mastercam.com\/pl\/\">Home<\/a><\/li><\/ol><\/nav>\n        <\/div>\n      <\/div>\n    <\/div>\n  <\/div>\n\n<div class=\"hero hero--minimal wp-block-acf-block-hero\">\n  <div class=\"container-fluid\">\n    <div class=\"row align-items-center\">\n      \n      \n      \n      <div class=\"col-12 col-lg-7 order-2 order-lg-2 hero__content-column\">\n        <div class=\"hero__content\">\n                      <h1 class=\"hero__heading\">\n              \n              Edukacja\n            <\/h1>\n          \n                      <p class=\"hero__text\">Rozwi\u0105zania Mastercam dla edukacji produkcyjnej<\/p>\n          \n          \n          \n          \n                  <\/div>\n      <\/div>\n    <\/div>\n  <\/div>\n<\/div>\n\n<div class=\"wp-block-group is-style-light-gray-bg is-layout-constrained wp-block-group-is-layout-constrained\" style=\"padding-top:var(--wp--preset--spacing--6);padding-bottom:var(--wp--preset--spacing--6)\">\n<div class=\"wp-block-columns is-style-container is-layout-flex wp-container-core-columns-is-layout-28f84493 wp-block-columns-is-layout-flex\">\n<div class=\"wp-block-column is-layout-flow wp-block-column-is-layout-flow\" style=\"flex-basis:50%\">\n<p>Edukacja produkcyjna zas\u0142uguje na najlepsze rozwi\u0105zania CAM i wsparcie na najwy\u017cszym poziomie. Nauczyciele wybieraj\u0105 Mastercam, aby wprowadzi\u0107 uczni\u00f3w do produkcji i zapewni\u0107 im praktyczne umiej\u0119tno\u015bci i do\u015bwiadczenie przy u\u017cyciu tego samego oprogramowania CAD\/CAM, kt\u00f3remu ufaj\u0105 zar\u00f3wno liderzy w produkcji, jak i mniejsze warsztaty. <\/p>\n\n\n\n<p>Mastercam jest zaanga\u017cowany we wspieranie <a href=\"https:\/\/www.mastercam.com\/sv\/?post_type=product&amp;p=35343\">edukacji produkcyjnej<\/a>. Naszym priorytetem jest zapewnienie nauczycielom dost\u0119pu do <a href=\"http:\/\/www.mastercam.com\/community\/education-resources\/\">najlepszych narz\u0119dzi dydaktycznych<\/a>, oprogramowania CAD\/CAM i wsparcia, w tym materia\u0142\u00f3w, szkole\u0144, zasob\u00f3w edukacyjnych i rzeczywistych rozwi\u0105za\u0144.   <\/p>\n<\/div>\n\n\n\n<div class=\"wp-block-column is-layout-flow wp-block-column-is-layout-flow\" style=\"flex-basis:50%\">\n<p><strong>Od szk\u00f3\u0142 \u015brednich po instytuty techniczne i uczelnie wy\u017csze, nauczyciele poszukuj\u0105 innowacyjnych rozwi\u0105za\u0144, kt\u00f3re zaspokoj\u0105 rosn\u0105ce wymagania w zakresie edukacji produkcyjnej. Korzy\u015bci z nauczania z Mastercam obejmuj\u0105: <\/strong><\/p>\n\n\n\n<ul id=\"block-b0931e0a-abcc-44d9-b260-ccfd809f8af6\" class=\"wp-block-list\">\n<li>Nauczanie student\u00f3w za pomoc\u0105 najcz\u0119\u015bciej u\u017cywanego na \u015bwiecie oprogramowania CAD\/CAM.<\/li>\n\n\n\n<li><a href=\"\/pl\/?page_id=37068\">Mastercam Educational Suite<\/a> zawiera szereg rozwi\u0105za\u0144 CAD\/CAM dla sal lekcyjnych.<\/li>\n\n\n\n<li>Przyst\u0119pne cenowo opcje konserwacji zapewniaj\u0105 szko\u0142om dost\u0119p do najnowszych technologii.<\/li>\n\n\n\n<li>Dost\u0119pny jest szeroki wyb\u00f3r <a href=\"http:\/\/www.mastercam.com\/community\/education-resources\/\">zasob\u00f3w edukacyjnych<\/a>.<\/li>\n\n\n\n<li>Mastercam sponsoruje kilka <a href=\"http:\/\/www.mastercam.com\/community\/competitions\/\">konkurs\u00f3w<\/a> i <a href=\"http:\/\/www.mastercam.com\/community\/sponsorships\/\">organizacji<\/a>, aby pom\u00f3c uczniom zdoby\u0107 umiej\u0119tno\u015bci STEM w karierze produkcyjnej.<\/li>\n<\/ul>\n<\/div>\n<\/div>\n<\/div>\n\n<div class=\"wp-block-columns is-style-medium is-layout-flex wp-container-core-columns-is-layout-b9053888 wp-block-columns-is-layout-flex\" style=\"padding-top:var(--wp--preset--spacing--5)\">\n<div class=\"wp-block-column is-layout-flow wp-block-column-is-layout-flow\">\n<h2 class=\"wp-block-heading\">Rozwi\u0105zania Mastercam dla edukacji produkcyjnej<\/h2>\n\n\n\n<p>Pakiet oprogramowania CAD\/CAM opracowany dla edukacji produkcyjnej to tylko jeden ze sk\u0142adnik\u00f3w sukcesu. Nasz oddany Zesp\u00f3\u0142 Edukacyjny wraz z globaln\u0105 spo\u0142eczno\u015bci\u0105 u\u017cytkownik\u00f3w, ekspert\u00f3w, edukator\u00f3w i entuzjast\u00f3w Mastercam tworz\u0105 cenne \u017ar\u00f3d\u0142o wiedzy i innowacji. A nasi Przedstawiciele Mastercam wnosz\u0105 lata praktycznego do\u015bwiadczenia w r\u00f3\u017cnych bran\u017cach i na lokalnych rynkach, pomagaj\u0105c zapewni\u0107, \u017ce zawsze masz wsparcie potrzebne do przygotowania przysz\u0142ych producent\u00f3w.    <\/p>\n\n\n\n<p>Liczba wolnych miejsc pracy w bran\u017cy produkcyjnej nadal przewy\u017csza liczb\u0119 wykwalifikowanych student\u00f3w i specjalist\u00f3w.<\/p>\n\n\n\n<p>Obecnie, bardziej ni\u017c kiedykolwiek, edukacja w zakresie produkcji ma kluczowe znaczenie dla sukcesu gospodarek regionalnych i globalnych. Z wi\u0119ksz\u0105 liczb\u0105 zainstalowanych stanowisk w przemy\u015ble i edukacji ni\u017c jakiekolwiek inne oprogramowanie CAM, Mastercam jest najlepszym wyborem dla szk\u00f3\u0142 poszukuj\u0105cych wsparcia i realnych rozwi\u0105za\u0144, kt\u00f3re pomog\u0105 uczniom wype\u0142ni\u0107 luk\u0119 w umiej\u0119tno\u015bciach i rozpocz\u0105\u0107 satysfakcjonuj\u0105c\u0105 karier\u0119 w produkcji. Niezale\u017cnie od tego, czy Twoja szko\u0142a koncentruje si\u0119 na STEM, karierze i edukacji technicznej, CNC, zaawansowanej technologii produkcji, drewnie i kompozytach, technologii maszyn czy innych podobnych przedmiotach,    <\/p>\n\n\n\n<p>Oprogramowanie i program nauczania Mastercam mog\u0105 pom\u00f3c Ci zwi\u0119kszy\u0107 sukces Twojego programu. Nasze rozwi\u0105zania obejmuj\u0105 najnowsze technologie opracowane przez producent\u00f3w narz\u0119dzi, oprogramowania i obrabiarek na ca\u0142ym \u015bwiecie. <\/p>\n\n\n\n<div class=\"wp-block-buttons is-layout-flex wp-block-buttons-is-layout-flex\">\n<div class=\"wp-block-button is-style-secondary\"><a class=\"wp-block-button__link wp-element-button\" href=\"\/pl\/?page_id=36676\">Wy\u015bwietl produkty<\/a><\/div>\n<\/div>\n<\/div>\n<\/div>\n\n<div class=\"wp-block-columns is-style-container is-layout-flex wp-container-core-columns-is-layout-28f84493 wp-block-columns-is-layout-flex\">\n<div class=\"wp-block-column is-layout-flow wp-block-column-is-layout-flow\">\n<h2 class=\"wp-block-heading\" style=\"padding-top:var(--wp--preset--spacing--6)\">Dodatki<\/h2>\n\n\n<div class=\"aligncenter wp-block-acf-block-add-ons\">\n  <div class=\"row block-addons\">\n                                        <div class=\"block-addons__item col-xs-12 col-sm-6 col-md-4 col-lg-3\">\n              <a href=\"https:\/\/www.mastercam.com\/pl\/solutions\/add-ons\/obrobka-wieloosiowa\/\" class=\"btn btn-outline-secondary w-100\">\n                Multiaxis Machining\n              <\/a>\n            <\/div>\n                                                                <div class=\"block-addons__item col-xs-12 col-sm-6 col-md-4 col-lg-3\">\n              <a href=\"https:\/\/www.mastercam.com\/pl\/solutions\/add-ons\/sztuka\/\" class=\"btn btn-outline-secondary w-100\">\n                Sztuka\n              <\/a>\n            <\/div>\n                              <\/div>\n<\/div>\n<\/div>\n<\/div>\n<div class=\"container-fluid align wp-block-acf-block-media-object\">\n  <div class=\"row\">\n    <div class=\"col\">\n      <div class=\"d-flex flex-column flex-lg-row media-object media-object--shaded\">\n        <div class=\"flex-shrink-0 media-object__image order-1  order-lg-3 \">\n                                    \n              <a href=\"https:\/\/www.mastercam.com\/pl\/znajdz-partnera\/\" tabindex=\"-1\">\n                <img decoding=\"async\" src=\"https:\/\/www.mastercam.com\/wp-content\/uploads\/2023\/01\/Rectangle-2.jpg\" alt=\"man wearing a headset typing on a desktop computer\" loading=\"lazy\">\n              <\/a>\n                              <\/div>\n        <div class=\"media-object__body flex-grow-1 d-lg-flex flex-column order-2 justify-content-lg-center\">\n                                <h2 class=\"media-object__header h3\">Kontakt z Mastercam<\/h2>\n                                <div class=\"media-object__content\">\n              <p>Skontaktuj si\u0119 z nami, aby zapozna\u0107 si\u0119 z rozwi\u0105zaniami CAD\/CAM usprawniaj\u0105cymi program produkcji.<\/p>\n\n            <\/div>\n                                <div class=\"media-object__cta\">\n              <a href=\"https:\/\/www.mastercam.com\/pl\/znajdz-partnera\/\" class=\"btn btn-outline-secondary\">Kontakt z Mastercam<\/a>\n            <\/div>\n                  <\/div>\n      <\/div>\n    <\/div>\n  <\/div>\n<\/div>\n\n<div class=\"wp-block-group is-style-light-gray-bg is-layout-constrained wp-block-group-is-layout-constrained\" style=\"margin-top:0;margin-bottom:0;padding-top:var(--wp--preset--spacing--6);padding-bottom:var(--wp--preset--spacing--6)\"><div class=\"container-fluid aligncenter wp-block-acf-block-case-studies\">\n  <div id=\"case-studies\" class=\"row\">\n    <div class=\"col-12 col-md-8\">\n      <h2>Success Stories<\/h2>\n          <\/div>\n    <div class=\"col-12 col-md-4 mt-5 mt-md-0 text-md-end\">\n      <a href=\"https:\/\/www.mastercam.com\/pl\/success-stories\/\" class=\"btn btn-outline-secondary btn-view-all\">View all<\/a>\n    <\/div>\n  <\/div>\n  <div class=\"cards mt-5\">\n          \n              <div class=\"col col-12 col-md-6 col-lg-6\">\n  <div class=\"card h-100 case-studies card--linked\">\n          <div class=\"skeleton-image card-img-top\" style=\"--skeleton-aspect-ratio: 375 \/ 236;\">\n        <img decoding=\"async\" src=\"https:\/\/www.mastercam.com\/wp-content\/uploads\/2023\/04\/AsnuntuckMachineSetupDemo-1024x356.jpeg\" alt=\"Asnuntuck Community College\" loading=\"lazy\" onload=\"this.classList.add('loaded')\" \/>\n      <\/div>\n    \n    <div class=\"card-body\">\n              <span class=\"card-category card-category--static\">Success Stories<\/span>\n      \n      <h3 class=\"card-title\">Asnuntuck Community College<\/h3>\n\n              <p class=\"card-text\">Za\u0142o\u017cony dwadzie\u015bcia lat temu program zaawansowanej produkcji Asnuntuck Community College w Enfield w stanie Connecticut sta\u0142 si\u0119 g\u0142\u00f3wnym \u017ar\u00f3d\u0142em pracownik\u00f3w dla wielu firm produkcyjnych w tym stanie. Poniewa\u017c relacja pracodawca-pracownik sta\u0142a si\u0119 dla student\u00f3w dwukierunkow\u0105 ulic\u0105, zaanga\u017cowani producenci dostarczaj\u0105 szkole zar\u00f3wno podstawy programowe, jak i sprz\u0119t warsztatowy, aby zapewni\u0107 sta\u0142y nap\u0142yw wykwalifikowanych pracownik\u00f3w.<\/p>\n      \n          <\/div>\n\n          \n      <div class=\"card-footer\">\n        <a class=\"btn btn-outline-secondary stretched-link\" href=\"https:\/\/www.mastercam.com\/pl\/success-stories\/asnuntuck-community-college\/\">\n          Read more<span class=\"sr-only\"> about Asnuntuck Community College<\/span>\n        <\/a>\n      <\/div>\n      <\/div>\n\n  <\/div>\n                \n              <div class=\"col col-12 col-md-6 col-lg-6\">\n  <div class=\"card h-100 case-studies card--linked\">\n          <div class=\"skeleton-image card-img-top\" style=\"--skeleton-aspect-ratio: 375 \/ 236;\">\n        <img decoding=\"async\" src=\"https:\/\/www.mastercam.com\/wp-content\/uploads\/2023\/04\/ATCStudentswithMastercamUCertificate-1024x356.jpeg\" alt=\"ATC Machining Technologies\" loading=\"lazy\" onload=\"this.classList.add('loaded')\" \/>\n      <\/div>\n    \n    <div class=\"card-body\">\n              <span class=\"card-category card-category--static\">Success Stories<\/span>\n      \n      <h3 class=\"card-title\">ATC Machining Technologies<\/h3>\n\n              <p class=\"card-text\">Znane w spo\u0142eczno\u015bci Coconut Creek na Florydzie jako ATC, po\u0142\u0105czone obiekty Atlantic Technical College i Technical High School wykorzystuj\u0105 nauczanie projektowania wspomaganego komputerowo (CAD) i produkcji wspomaganej komputerowo (CAM), aby zach\u0119ci\u0107 zainteresowanych uczni\u00f3w do satysfakcjonuj\u0105cej kariery w dzisiejszym \u015bwiecie automatyzacji fabryk. Kevin Finan, instruktor w programie technologii obr\u00f3bki skrawaniem, pracowa\u0142 w zautomatyzowanych zak\u0142adach produkcyjnych zar\u00f3wno\u2026<\/p>\n      \n          <\/div>\n\n          \n      <div class=\"card-footer\">\n        <a class=\"btn btn-outline-secondary stretched-link\" href=\"https:\/\/www.mastercam.com\/pl\/success-stories\/atc-machining-technologies\/\">\n          Read more<span class=\"sr-only\"> about ATC Machining Technologies<\/span>\n        <\/a>\n      <\/div>\n      <\/div>\n\n  <\/div>\n            <\/div>\n<\/div>\n<\/div>\n","protected":false},"excerpt":{"rendered":"<p>Edukacja produkcyjna zas\u0142uguje na najlepsze rozwi\u0105zania CAM i wsparcie na najwy\u017cszym poziomie. Nauczyciele wybieraj\u0105 Mastercam, [&hellip;]<\/p>\n","protected":false},"author":1,"featured_media":0,"parent":36615,"menu_order":0,"comment_status":"closed","ping_status":"closed","template":"","meta":{"_acf_changed":false,"footnotes":""},"class_list":["post-37068","page","type-page","status-publish","hentry"],"acf":[],"yoast_head":"<!-- This site is optimized with the Yoast SEO plugin v27.4 - https:\/\/yoast.com\/product\/yoast-seo-wordpress\/ -->\n<title>Oprogramowanie CAD\/CAM dla bran\u017cy edukacyjnej<\/title>\n<meta name=\"description\" content=\"Oprogramowanie CAD\/CAM Mastercam dla edukacji uczy student\u00f3w projektowania i wytwarzania produkt\u00f3w w r\u00f3\u017cnych bran\u017cach. Dowiedz si\u0119 wi\u0119cej ju\u017c dzi\u015b.\" \/>\n<meta name=\"robots\" content=\"index, follow, max-snippet:-1, max-image-preview:large, max-video-preview:-1\" \/>\n<link rel=\"canonical\" href=\"https:\/\/www.mastercam.com\/pl\/rozwiazania\/branze\/edukacja\/\" \/>\n<meta property=\"og:locale\" content=\"pl_PL\" \/>\n<meta property=\"og:type\" content=\"article\" \/>\n<meta property=\"og:title\" content=\"Oprogramowanie CAD\/CAM dla bran\u017cy edukacyjnej\" \/>\n<meta property=\"og:description\" content=\"Oprogramowanie CAD\/CAM Mastercam dla edukacji uczy student\u00f3w projektowania i wytwarzania produkt\u00f3w w r\u00f3\u017cnych bran\u017cach. Dowiedz si\u0119 wi\u0119cej ju\u017c dzi\u015b.\" \/>\n<meta property=\"og:url\" content=\"https:\/\/www.mastercam.com\/pl\/rozwiazania\/branze\/edukacja\/\" \/>\n<meta property=\"og:site_name\" content=\"mastercam.com\" \/>\n<meta property=\"article:publisher\" content=\"https:\/\/www.facebook.com\/Mastercam\/\" \/>\n<meta property=\"article:modified_time\" content=\"2026-01-16T16:09:10+00:00\" \/>\n<meta property=\"og:image\" content=\"https:\/\/www.mastercam.com\/wp-content\/uploads\/2024\/02\/drill-wide-photo-1200x675-1.jpg\" \/>\n\t<meta property=\"og:image:width\" content=\"1200\" \/>\n\t<meta property=\"og:image:height\" content=\"675\" \/>\n\t<meta property=\"og:image:type\" content=\"image\/jpeg\" \/>\n<meta name=\"twitter:card\" content=\"summary_large_image\" \/>\n<meta name=\"twitter:site\" content=\"@mastercam\" \/>\n<meta name=\"twitter:label1\" content=\"Est. reading time\" \/>\n\t<meta name=\"twitter:data1\" content=\"2 minutes\" \/>\n<script type=\"application\/ld+json\" class=\"yoast-schema-graph\">{\"@context\":\"https:\\\/\\\/schema.org\",\"@graph\":[{\"@type\":\"WebPage\",\"@id\":\"https:\\\/\\\/www.mastercam.com\\\/pl\\\/rozwiazania\\\/branze\\\/edukacja\\\/\",\"url\":\"https:\\\/\\\/www.mastercam.com\\\/pl\\\/rozwiazania\\\/branze\\\/edukacja\\\/\",\"name\":\"Oprogramowanie CAD\\\/CAM dla bran\u017cy edukacyjnej\",\"isPartOf\":{\"@id\":\"https:\\\/\\\/www.mastercam.com\\\/pl\\\/#website\"},\"datePublished\":\"2023-01-31T23:23:46+00:00\",\"dateModified\":\"2026-01-16T16:09:10+00:00\",\"description\":\"Oprogramowanie CAD\\\/CAM Mastercam dla edukacji uczy student\u00f3w projektowania i wytwarzania produkt\u00f3w w r\u00f3\u017cnych bran\u017cach. Dowiedz si\u0119 wi\u0119cej ju\u017c dzi\u015b.\",\"breadcrumb\":{\"@id\":\"https:\\\/\\\/www.mastercam.com\\\/pl\\\/rozwiazania\\\/branze\\\/edukacja\\\/#breadcrumb\"},\"inLanguage\":\"pl-PL\",\"potentialAction\":[{\"@type\":\"ReadAction\",\"target\":[\"https:\\\/\\\/www.mastercam.com\\\/pl\\\/rozwiazania\\\/branze\\\/edukacja\\\/\"]}]},{\"@type\":\"BreadcrumbList\",\"@id\":\"https:\\\/\\\/www.mastercam.com\\\/pl\\\/rozwiazania\\\/branze\\\/edukacja\\\/#breadcrumb\",\"itemListElement\":[{\"@type\":\"ListItem\",\"position\":1,\"name\":\"Home\",\"item\":\"https:\\\/\\\/www.mastercam.com\\\/pl\\\/\"},{\"@type\":\"ListItem\",\"position\":2,\"name\":\"Rozwi\u0105zania\",\"item\":\"https:\\\/\\\/www.mastercam.com\\\/pl\\\/rozwiazania\\\/\"},{\"@type\":\"ListItem\",\"position\":3,\"name\":\"Bran\u017ce\",\"item\":\"https:\\\/\\\/www.mastercam.com\\\/pl\\\/rozwiazania\\\/branze\\\/\"},{\"@type\":\"ListItem\",\"position\":4,\"name\":\"Edukacja\"}]},{\"@type\":\"WebSite\",\"@id\":\"https:\\\/\\\/www.mastercam.com\\\/pl\\\/#website\",\"url\":\"https:\\\/\\\/www.mastercam.com\\\/pl\\\/\",\"name\":\"Mastercam\",\"description\":\"Creating software and services that solve the world&#039;s manufacturing challenges\",\"publisher\":{\"@id\":\"https:\\\/\\\/www.mastercam.com\\\/pl\\\/#organization\"},\"potentialAction\":[{\"@type\":\"SearchAction\",\"target\":{\"@type\":\"EntryPoint\",\"urlTemplate\":\"https:\\\/\\\/www.mastercam.com\\\/pl\\\/?s={search_term_string}\"},\"query-input\":{\"@type\":\"PropertyValueSpecification\",\"valueRequired\":true,\"valueName\":\"search_term_string\"}}],\"inLanguage\":\"pl-PL\"},{\"@type\":\"Organization\",\"@id\":\"https:\\\/\\\/www.mastercam.com\\\/pl\\\/#organization\",\"name\":\"Mastercam\",\"url\":\"https:\\\/\\\/www.mastercam.com\\\/pl\\\/\",\"logo\":{\"@type\":\"ImageObject\",\"inLanguage\":\"pl-PL\",\"@id\":\"https:\\\/\\\/www.mastercam.com\\\/pl\\\/#\\\/schema\\\/logo\\\/image\\\/\",\"url\":\"https:\\\/\\\/www.mastercam.com\\\/wp-content\\\/uploads\\\/2023\\\/02\\\/MC_logo.svg\",\"contentUrl\":\"https:\\\/\\\/www.mastercam.com\\\/wp-content\\\/uploads\\\/2023\\\/02\\\/MC_logo.svg\",\"width\":230,\"height\":40,\"caption\":\"Mastercam\"},\"image\":{\"@id\":\"https:\\\/\\\/www.mastercam.com\\\/pl\\\/#\\\/schema\\\/logo\\\/image\\\/\"},\"sameAs\":[\"https:\\\/\\\/www.facebook.com\\\/Mastercam\\\/\",\"https:\\\/\\\/x.com\\\/mastercam\",\"https:\\\/\\\/www.linkedin.com\\\/company\\\/mastercam\",\"https:\\\/\\\/www.youtube.com\\\/channel\\\/UChJt5ruSkqnmFH44WsXVZLw\",\"https:\\\/\\\/www.instagram.com\\\/mastercam\\\/\"]}]}<\/script>\n<!-- \/ Yoast SEO plugin. -->","yoast_head_json":{"title":"Oprogramowanie CAD\/CAM dla bran\u017cy edukacyjnej","description":"Oprogramowanie CAD\/CAM Mastercam dla edukacji uczy student\u00f3w projektowania i wytwarzania produkt\u00f3w w r\u00f3\u017cnych bran\u017cach. Dowiedz si\u0119 wi\u0119cej ju\u017c dzi\u015b.","robots":{"index":"index","follow":"follow","max-snippet":"max-snippet:-1","max-image-preview":"max-image-preview:large","max-video-preview":"max-video-preview:-1"},"canonical":"https:\/\/www.mastercam.com\/pl\/rozwiazania\/branze\/edukacja\/","og_locale":"pl_PL","og_type":"article","og_title":"Oprogramowanie CAD\/CAM dla bran\u017cy edukacyjnej","og_description":"Oprogramowanie CAD\/CAM Mastercam dla edukacji uczy student\u00f3w projektowania i wytwarzania produkt\u00f3w w r\u00f3\u017cnych bran\u017cach. Dowiedz si\u0119 wi\u0119cej ju\u017c dzi\u015b.","og_url":"https:\/\/www.mastercam.com\/pl\/rozwiazania\/branze\/edukacja\/","og_site_name":"mastercam.com","article_publisher":"https:\/\/www.facebook.com\/Mastercam\/","article_modified_time":"2026-01-16T16:09:10+00:00","og_image":[{"width":1200,"height":675,"url":"https:\/\/www.mastercam.com\/wp-content\/uploads\/2024\/02\/drill-wide-photo-1200x675-1.jpg","type":"image\/jpeg"}],"twitter_card":"summary_large_image","twitter_site":"@mastercam","twitter_misc":{"Est. reading time":"2 minutes"},"schema":{"@context":"https:\/\/schema.org","@graph":[{"@type":"WebPage","@id":"https:\/\/www.mastercam.com\/pl\/rozwiazania\/branze\/edukacja\/","url":"https:\/\/www.mastercam.com\/pl\/rozwiazania\/branze\/edukacja\/","name":"Oprogramowanie CAD\/CAM dla bran\u017cy edukacyjnej","isPartOf":{"@id":"https:\/\/www.mastercam.com\/pl\/#website"},"datePublished":"2023-01-31T23:23:46+00:00","dateModified":"2026-01-16T16:09:10+00:00","description":"Oprogramowanie CAD\/CAM Mastercam dla edukacji uczy student\u00f3w projektowania i wytwarzania produkt\u00f3w w r\u00f3\u017cnych bran\u017cach. Dowiedz si\u0119 wi\u0119cej ju\u017c dzi\u015b.","breadcrumb":{"@id":"https:\/\/www.mastercam.com\/pl\/rozwiazania\/branze\/edukacja\/#breadcrumb"},"inLanguage":"pl-PL","potentialAction":[{"@type":"ReadAction","target":["https:\/\/www.mastercam.com\/pl\/rozwiazania\/branze\/edukacja\/"]}]},{"@type":"BreadcrumbList","@id":"https:\/\/www.mastercam.com\/pl\/rozwiazania\/branze\/edukacja\/#breadcrumb","itemListElement":[{"@type":"ListItem","position":1,"name":"Home","item":"https:\/\/www.mastercam.com\/pl\/"},{"@type":"ListItem","position":2,"name":"Rozwi\u0105zania","item":"https:\/\/www.mastercam.com\/pl\/rozwiazania\/"},{"@type":"ListItem","position":3,"name":"Bran\u017ce","item":"https:\/\/www.mastercam.com\/pl\/rozwiazania\/branze\/"},{"@type":"ListItem","position":4,"name":"Edukacja"}]},{"@type":"WebSite","@id":"https:\/\/www.mastercam.com\/pl\/#website","url":"https:\/\/www.mastercam.com\/pl\/","name":"Mastercam","description":"Creating software and services that solve the world&#039;s manufacturing challenges","publisher":{"@id":"https:\/\/www.mastercam.com\/pl\/#organization"},"potentialAction":[{"@type":"SearchAction","target":{"@type":"EntryPoint","urlTemplate":"https:\/\/www.mastercam.com\/pl\/?s={search_term_string}"},"query-input":{"@type":"PropertyValueSpecification","valueRequired":true,"valueName":"search_term_string"}}],"inLanguage":"pl-PL"},{"@type":"Organization","@id":"https:\/\/www.mastercam.com\/pl\/#organization","name":"Mastercam","url":"https:\/\/www.mastercam.com\/pl\/","logo":{"@type":"ImageObject","inLanguage":"pl-PL","@id":"https:\/\/www.mastercam.com\/pl\/#\/schema\/logo\/image\/","url":"https:\/\/www.mastercam.com\/wp-content\/uploads\/2023\/02\/MC_logo.svg","contentUrl":"https:\/\/www.mastercam.com\/wp-content\/uploads\/2023\/02\/MC_logo.svg","width":230,"height":40,"caption":"Mastercam"},"image":{"@id":"https:\/\/www.mastercam.com\/pl\/#\/schema\/logo\/image\/"},"sameAs":["https:\/\/www.facebook.com\/Mastercam\/","https:\/\/x.com\/mastercam","https:\/\/www.linkedin.com\/company\/mastercam","https:\/\/www.youtube.com\/channel\/UChJt5ruSkqnmFH44WsXVZLw","https:\/\/www.instagram.com\/mastercam\/"]}]}},"_links":{"self":[{"href":"https:\/\/www.mastercam.com\/pl\/wp-json\/wp\/v2\/pages\/37068","targetHints":{"allow":["GET"]}}],"collection":[{"href":"https:\/\/www.mastercam.com\/pl\/wp-json\/wp\/v2\/pages"}],"about":[{"href":"https:\/\/www.mastercam.com\/pl\/wp-json\/wp\/v2\/types\/page"}],"author":[{"embeddable":true,"href":"https:\/\/www.mastercam.com\/pl\/wp-json\/wp\/v2\/users\/1"}],"replies":[{"embeddable":true,"href":"https:\/\/www.mastercam.com\/pl\/wp-json\/wp\/v2\/comments?post=37068"}],"version-history":[{"count":0,"href":"https:\/\/www.mastercam.com\/pl\/wp-json\/wp\/v2\/pages\/37068\/revisions"}],"up":[{"embeddable":true,"href":"https:\/\/www.mastercam.com\/pl\/wp-json\/wp\/v2\/pages\/36615"}],"wp:attachment":[{"href":"https:\/\/www.mastercam.com\/pl\/wp-json\/wp\/v2\/media?parent=37068"}],"curies":[{"name":"wp","href":"https:\/\/api.w.org\/{rel}","templated":true}]}}