{"id":37010,"date":"2023-01-31T18:24:36","date_gmt":"2023-01-31T23:24:36","guid":{"rendered":"https:\/\/www.mastercam.com\/rozwiazania\/branze\/przemysl-ciezki\/"},"modified":"2026-01-16T11:09:12","modified_gmt":"2026-01-16T16:09:12","slug":"przemysl-ciezki","status":"publish","type":"page","link":"https:\/\/www.mastercam.com\/pl\/rozwiazania\/branze\/przemysl-ciezki\/","title":{"rendered":"Przemys\u0142 ci\u0119\u017cki"},"content":{"rendered":"<div class=\"hero__breadcrumbs\">\n    <div class=\"container-fluid\">\n      <div class=\"row\">\n        <div class=\"col\">\n          <nav aria-label=\"breadcrumbs\"><ol class=\"breadcrumb\"><li><a href=\"https:\/\/www.mastercam.com\/pl\/\">Home<\/a><\/li><\/ol><\/nav>\n        <\/div>\n      <\/div>\n    <\/div>\n  <\/div>\n\n<div class=\"hero hero--minimal wp-block-acf-block-hero\">\n  <div class=\"container-fluid\">\n    <div class=\"row align-items-center\">\n      \n      \n      \n      <div class=\"col-12 col-lg-7 order-2 order-lg-2 hero__content-column\">\n        <div class=\"hero__content\">\n                      <h1 class=\"hero__heading\">\n              \n              Przemys\u0142 ci\u0119\u017cki\n            <\/h1>\n          \n                      <p class=\"hero__text\">Rozwi\u0105zania Mastercam dla przemys\u0142u ci\u0119\u017ckiego<\/p>\n          \n          \n          \n          \n                  <\/div>\n      <\/div>\n    <\/div>\n  <\/div>\n<\/div>\n\n<div class=\"wp-block-group is-style-light-gray-bg is-layout-constrained wp-block-group-is-layout-constrained\" style=\"padding-top:var(--wp--preset--spacing--6);padding-bottom:var(--wp--preset--spacing--6)\">\n<div class=\"wp-block-columns is-style-container is-layout-flex wp-container-core-columns-is-layout-28f84493 wp-block-columns-is-layout-flex\">\n<div class=\"wp-block-column is-layout-flow wp-block-column-is-layout-flow\" style=\"flex-basis:50%\">\n<p>Producenci w przemy\u015ble ci\u0119\u017ckim d\u0105\u017c\u0105 do maksymalizacji wydajno\u015bci produkcji bez po\u015bwi\u0119cania jako\u015bci. Czy jest lepszy spos\u00f3b na osi\u0105gni\u0119cie tego celu ni\u017c najnowsze oprogramowanie od \u015bwiatowego lidera w dziedzinie system\u00f3w CAM? Zaufaj Mastercam, aby zapewni\u0107 precyzj\u0119 i wydajno\u015b\u0107 gotowych cz\u0119\u015bci dzi\u0119ki bezkonkurencyjnym procesom usuwania metalu nawet z najtwardszych materia\u0142\u00f3w przemys\u0142u ci\u0119\u017ckiego.  <\/p>\n<\/div>\n\n\n\n<div class=\"wp-block-column is-layout-flow wp-block-column-is-layout-flow\" style=\"flex-basis:50%\">\n<p><strong>W przemy\u015ble ci\u0119\u017ckim sukces zale\u017cy od niezawodnej precyzji, elastyczno\u015bci i szybko\u015bci. Mastercam zapewnia rozwi\u0105zania CAD\/CAM, kt\u00f3re skutecznie radz\u0105 sobie z najwi\u0119kszym obci\u0105\u017ceniem prac\u0105, w tym: <\/strong><\/p>\n\n\n\n<ul id=\"block-c0357bd6-b835-4c88-904e-b240df4aba9c\" class=\"wp-block-list\">\n<li>Strategie oprogramowania dla z\u0142o\u017conych wyzwa\u0144 zwi\u0105zanych z obr\u00f3bk\u0105 skrawaniem.<\/li>\n\n\n\n<li>Wydajne \u015bcie\u017cki narz\u0119dzia, kt\u00f3re s\u0105 zgodne z odkuwkami i odlewami.<\/li>\n\n\n\n<li>Usprawnione, 5-osiowe ci\u0119cie, przycinanie i wiercenie.<\/li>\n\n\n\n<li>Accelerated Finishing\u2122 zapewnia mniej przej\u015b\u0107, bardziej p\u0142askie kraw\u0119dzie i lepsze wyko\u0144czenie powierzchni.<\/li>\n\n\n\n<li>Dynamic Motion\u2122 dla wyd\u0142u\u017cenia \u017cywotno\u015bci narz\u0119dzia i skr\u00f3cenia czasu ci\u0119cia.<\/li>\n\n\n\n<li>Rozwi\u0105zania innych firm, kt\u00f3re integruj\u0105 si\u0119 z Mastercam w celu \u015bledzenia hali produkcyjnej i proces\u00f3w.<\/li>\n<\/ul>\n<\/div>\n<\/div>\n<\/div>\n\n<div class=\"wp-block-columns is-style-medium is-layout-flex wp-container-core-columns-is-layout-b9053888 wp-block-columns-is-layout-flex\" style=\"padding-top:var(--wp--preset--spacing--5)\">\n<div class=\"wp-block-column is-layout-flow wp-block-column-is-layout-flow\">\n<h2 class=\"wp-block-heading\">Rozwi\u0105zania Mastercam dla przemys\u0142u ci\u0119\u017ckiego<\/h2>\n\n\n\n<p>Oprogramowanie idealne dla przemys\u0142u ci\u0119\u017ckiego to tylko jeden ze sk\u0142adnik\u00f3w sukcesu. Nasza globalna spo\u0142eczno\u015b\u0107 u\u017cytkownik\u00f3w, ekspert\u00f3w, edukator\u00f3w i entuzjast\u00f3w Mastercam tworzy cenne \u017ar\u00f3d\u0142o wiedzy i innowacji. A nasi Przedstawiciele Mastercam wnosz\u0105 lata praktycznego do\u015bwiadczenia w r\u00f3\u017cnych bran\u017cach i na lokalnych rynkach, pomagaj\u0105c zapewni\u0107, \u017ce zawsze masz wsparcie, kt\u00f3rego potrzebujesz, aby jak najlepiej wykorzysta\u0107 swoj\u0105 inwestycj\u0119 w CAD\/CAM.  <\/p>\n\n\n\n<p>Stworzyli\u015bmy najwi\u0119ksz\u0105 globaln\u0105 sie\u0107 partner\u00f3w CAM, aby zapewni\u0107 naszym u\u017cytkownikom w przemy\u015ble ci\u0119\u017ckim szereg opcji, dzi\u0119ki kt\u00f3rym wyzwania produkcyjne znikn\u0105. Nasze rozwi\u0105zania wykorzystuj\u0105 najnowsze technologie opracowane przez producent\u00f3w narz\u0119dzi, oprogramowania i obrabiarek na ca\u0142ym \u015bwiecie. Mastercam dostarcza pot\u0119\u017cny zestaw ukierunkowanych \u015bcie\u017cek narz\u0119dzi i narz\u0119dzi projektowych dla globalnych firm, od producent\u00f3w komponent\u00f3w i sprz\u0119tu z listy Fortune 500 po ma\u0142e, pocz\u0105tkuj\u0105ce warsztaty.  <\/p>\n\n\n\n<p>Nasza gama rozwi\u0105za\u0144 do obr\u00f3bki skrawaniem dla przemys\u0142u ci\u0119\u017ckiego pomaga zmaksymalizowa\u0107 produktywno\u015b\u0107 bez po\u015bwi\u0119cania jako\u015bci. Niezale\u017cnie od tego, czy chodzi o obr\u00f3bk\u0119 zgrubn\u0105, czy wyka\u0144czaj\u0105c\u0105, Mastercam zapewnia narz\u0119dzia potrzebne do usprawnienia i zautomatyzowania linii produkcyjnej. W przemy\u015ble ci\u0119\u017ckim producenci maj\u0105 zr\u00f3\u017cnicowane wymagania dotycz\u0105ce obr\u00f3bki, a my oferujemy narz\u0119dzia programowe, kt\u00f3re uzupe\u0142niaj\u0105 precyzyjne potrzeby Twojego warsztatu, od projektowania po frezowanie, toczenie, wielozadaniowo\u015b\u0107 i wiele innych. Sprawd\u017a pe\u0142n\u0105 gam\u0119 <a href=\"http:\/\/www.mastercam.com\/solutions\/products\/\">produkt\u00f3w Mastercam<\/a>, aby znale\u017a\u0107 odpowiednie rozwi\u0105zania dla swoich wyzwa\u0144 produkcyjnych. Je\u015bli Tw\u00f3j zak\u0142ad to robi, mo\u017cemy go wesprze\u0107.   <\/p>\n\n\n\n<div class=\"wp-block-buttons is-layout-flex wp-block-buttons-is-layout-flex\">\n<div class=\"wp-block-button is-style-secondary\"><a class=\"wp-block-button__link wp-element-button\" href=\"\/pl\/?page_id=36676\">Wy\u015bwietl produkty<\/a><\/div>\n<\/div>\n<\/div>\n<\/div>\n\n<div class=\"wp-block-columns is-style-container is-layout-flex wp-container-core-columns-is-layout-28f84493 wp-block-columns-is-layout-flex\">\n<div class=\"wp-block-column is-layout-flow wp-block-column-is-layout-flow\">\n<h2 class=\"wp-block-heading\" style=\"padding-top:var(--wp--preset--spacing--6)\">Dodatki<\/h2>\n\n\n<div class=\"aligncenter wp-block-acf-block-add-ons\">\n  <div class=\"row block-addons\">\n                                        <div class=\"block-addons__item col-xs-12 col-sm-6 col-md-4 col-lg-3\">\n              <a href=\"https:\/\/www.mastercam.com\/pl\/solutions\/add-ons\/obrobka-wieloosiowa\/\" class=\"btn btn-outline-secondary w-100\">\n                Multiaxis Machining\n              <\/a>\n            <\/div>\n                                                                <div class=\"block-addons__item col-xs-12 col-sm-6 col-md-4 col-lg-3\">\n              <a href=\"https:\/\/www.mastercam.com\/pl\/solutions\/add-ons\/produktywnosc\/\" class=\"btn btn-outline-secondary w-100\">\n                Productivity+\u2122\n              <\/a>\n            <\/div>\n                              <\/div>\n<\/div>\n<\/div>\n<\/div>\n<div style=\"padding-bottom:var(--wp--preset--spacing--6);\" class=\"container-fluid align wp-block-acf-block-media-object\">\n  <div class=\"row\">\n    <div class=\"col\">\n      <div class=\"d-flex flex-column flex-lg-row media-object media-object--shaded\">\n        <div class=\"flex-shrink-0 media-object__image order-1  order-lg-3 \">\n                                    \n              <a href=\"https:\/\/www.mastercam.com\/pl\/znajdz-partnera\/\" tabindex=\"-1\">\n                <img decoding=\"async\" src=\"https:\/\/www.mastercam.com\/wp-content\/uploads\/2023\/01\/Rectangle-2.jpg\" alt=\"man wearing a headset typing on a desktop computer\" loading=\"lazy\">\n              <\/a>\n                              <\/div>\n        <div class=\"media-object__body flex-grow-1 d-lg-flex flex-column order-2 justify-content-lg-center\">\n                                <h2 class=\"media-object__header h3\">Kontakt z Mastercam<\/h2>\n                                <div class=\"media-object__content\">\n              <p>Skontaktuj si\u0119 z nami, aby pozna\u0107 rozwi\u0105zania CAD\/CAM usprawniaj\u0105ce produkcj\u0119 w przemy\u015ble ci\u0119\u017ckim.<\/p>\n\n            <\/div>\n                                <div class=\"media-object__cta\">\n              <a href=\"https:\/\/www.mastercam.com\/pl\/znajdz-partnera\/\" class=\"btn btn-outline-secondary\">Kontakt z Mastercam<\/a>\n            <\/div>\n                  <\/div>\n      <\/div>\n    <\/div>\n  <\/div>\n<\/div>\n\n<div class=\"wp-block-group is-style-light-gray-bg is-layout-constrained wp-block-group-is-layout-constrained\" style=\"margin-top:0;margin-bottom:0;padding-top:var(--wp--preset--spacing--6);padding-bottom:var(--wp--preset--spacing--6)\"><div class=\"container-fluid aligncenter wp-block-acf-block-case-studies\">\n  <div id=\"case-studies\" class=\"row\">\n    <div class=\"col-12 col-md-8\">\n      <h2>Success Stories<\/h2>\n          <\/div>\n    <div class=\"col-12 col-md-4 mt-5 mt-md-0 text-md-end\">\n      <a href=\"https:\/\/www.mastercam.com\/pl\/success-stories\/\" class=\"btn btn-outline-secondary btn-view-all\">View all<\/a>\n    <\/div>\n  <\/div>\n  <div class=\"cards mt-5\">\n          \n              <div class=\"col col-12 col-md-6 col-lg-6\">\n  <div class=\"card h-100 case-studies card--linked\">\n          <div class=\"skeleton-image card-img-top\" style=\"--skeleton-aspect-ratio: 375 \/ 236;\">\n        <img decoding=\"async\" src=\"https:\/\/www.mastercam.com\/wp-content\/uploads\/2023\/04\/MRSComplexedMachineddParts-1024x356.jpeg\" alt=\"M.R.S. Obr\u00f3bka skrawaniem\" loading=\"lazy\" onload=\"this.classList.add('loaded')\" \/>\n      <\/div>\n    \n    <div class=\"card-body\">\n              <span class=\"card-category card-category--static\">Success Stories<\/span>\n      \n      <h3 class=\"card-title\">M.R.S. Obr\u00f3bka skrawaniem<\/h3>\n\n              <p class=\"card-text\">M.R.S. Machining produkuje szerok\u0105 gam\u0119 niskonak\u0142adowych cz\u0119\u015bci, z kt\u00f3rych wiele ma z\u0142o\u017con\u0105 geometri\u0119 lub w\u0105skie tolerancje. Utrzymanie konkurencyjno\u015bci przy produkcji \u015brednio 50 cz\u0119\u015bci na zlecenie wymaga od M.R.S. oszcz\u0119dzania pieni\u0119dzy poprzez efektywne wykorzystanie materia\u0142\u00f3w i narz\u0119dzi. Firma wykorzystuje technologi\u0119 Mastercam Dynamic Motion w celu zmniejszenia uszkodze\u0144 narz\u0119dzi skrawaj\u0105cych, zu\u017cycia maszyny i wy\u017c\u0142obie\u0144 materia\u0142u.<\/p>\n      \n          <\/div>\n\n          \n      <div class=\"card-footer\">\n        <a class=\"btn btn-outline-secondary stretched-link\" href=\"https:\/\/www.mastercam.com\/pl\/success-stories\/m-r-s-obrobka-skrawaniem\/\">\n          Read more<span class=\"sr-only\"> about M.R.S. Obr\u00f3bka skrawaniem<\/span>\n        <\/a>\n      <\/div>\n      <\/div>\n\n  <\/div>\n                \n              <div class=\"col col-12 col-md-6 col-lg-6\">\n  <div class=\"card h-100 case-studies card--linked\">\n          <div class=\"skeleton-image card-img-top\" style=\"--skeleton-aspect-ratio: 375 \/ 236;\">\n        <img decoding=\"async\" src=\"https:\/\/www.mastercam.com\/wp-content\/uploads\/2023\/04\/DiversifiedMetalsShopCrew-1024x356.jpeg\" alt=\"Diversified Metals Services, Inc.\" loading=\"lazy\" onload=\"this.classList.add('loaded')\" \/>\n      <\/div>\n    \n    <div class=\"card-body\">\n              <span class=\"card-category card-category--static\">Success Stories<\/span>\n      \n      <h3 class=\"card-title\">Diversified Metals Services, Inc.<\/h3>\n\n              <p class=\"card-text\">\u0141\u0105cz\u0105c elastyczno\u015b\u0107 zapewnian\u0105 przez dodanie sz\u00f3stej i si\u00f3dmej osi z frezark\u0105, firma Diversified Metals Services, Inc. (DMSI) z Salt Lake City w stanie Utah by\u0142a w stanie rozszerzy\u0107 swoje mo\u017cliwo\u015bci ci\u0119cia strumieniem wody i frezark\u0105, aby dostosowa\u0107 si\u0119 do szerokiej gamy rozmiar\u00f3w i materia\u0142\u00f3w, tn\u0105c szybciej ni\u017c kiedykolwiek wcze\u015bniej i oszcz\u0119dzaj\u0105c znaczn\u0105 ilo\u015b\u0107 czasu.<\/p>\n      \n          <\/div>\n\n          \n      <div class=\"card-footer\">\n        <a class=\"btn btn-outline-secondary stretched-link\" href=\"https:\/\/www.mastercam.com\/pl\/success-stories\/diversified-metals-services-inc\/\">\n          Read more<span class=\"sr-only\"> about Diversified Metals Services, Inc.<\/span>\n        <\/a>\n      <\/div>\n      <\/div>\n\n  <\/div>\n            <\/div>\n<\/div>\n<\/div>\n","protected":false},"excerpt":{"rendered":"<p>Producenci w przemy\u015ble ci\u0119\u017ckim d\u0105\u017c\u0105 do maksymalizacji wydajno\u015bci produkcji bez po\u015bwi\u0119cania jako\u015bci. Czy jest lepszy [&hellip;]<\/p>\n","protected":false},"author":1,"featured_media":0,"parent":36615,"menu_order":0,"comment_status":"closed","ping_status":"closed","template":"","meta":{"_acf_changed":false,"footnotes":""},"class_list":["post-37010","page","type-page","status-publish","hentry"],"acf":[],"yoast_head":"<!-- This site is optimized with the Yoast SEO plugin v27.4 - https:\/\/yoast.com\/product\/yoast-seo-wordpress\/ -->\n<title>Oprogramowanie CAD\/CAM dla przemys\u0142u ci\u0119\u017ckiego | Mastercam<\/title>\n<meta name=\"description\" content=\"Nasze oprogramowanie CAD\/CAM dla przemys\u0142u ci\u0119\u017ckiego jest pot\u0119\u017cnym narz\u0119dziem do projektowania i wytwarzania z\u0142o\u017conych, precyzyjnych produkt\u00f3w. Dowiedz si\u0119 wi\u0119cej ju\u017c dzi\u015b.\" \/>\n<meta name=\"robots\" content=\"index, follow, max-snippet:-1, max-image-preview:large, max-video-preview:-1\" \/>\n<link rel=\"canonical\" href=\"https:\/\/www.mastercam.com\/pl\/rozwiazania\/branze\/przemysl-ciezki\/\" \/>\n<meta property=\"og:locale\" content=\"pl_PL\" \/>\n<meta property=\"og:type\" content=\"article\" \/>\n<meta property=\"og:title\" content=\"Oprogramowanie CAD\/CAM dla przemys\u0142u ci\u0119\u017ckiego | Mastercam\" \/>\n<meta property=\"og:description\" content=\"Nasze oprogramowanie CAD\/CAM dla przemys\u0142u ci\u0119\u017ckiego jest pot\u0119\u017cnym narz\u0119dziem do projektowania i wytwarzania z\u0142o\u017conych, precyzyjnych produkt\u00f3w. Dowiedz si\u0119 wi\u0119cej ju\u017c dzi\u015b.\" \/>\n<meta property=\"og:url\" content=\"https:\/\/www.mastercam.com\/pl\/rozwiazania\/branze\/przemysl-ciezki\/\" \/>\n<meta property=\"og:site_name\" content=\"mastercam.com\" \/>\n<meta property=\"article:publisher\" content=\"https:\/\/www.facebook.com\/Mastercam\/\" \/>\n<meta property=\"article:modified_time\" content=\"2026-01-16T16:09:12+00:00\" \/>\n<meta property=\"og:image\" content=\"https:\/\/www.mastercam.com\/wp-content\/uploads\/2024\/02\/drill-wide-photo-1200x675-1.jpg\" \/>\n\t<meta property=\"og:image:width\" content=\"1200\" \/>\n\t<meta property=\"og:image:height\" content=\"675\" \/>\n\t<meta property=\"og:image:type\" content=\"image\/jpeg\" \/>\n<meta name=\"twitter:card\" content=\"summary_large_image\" \/>\n<meta name=\"twitter:site\" content=\"@mastercam\" \/>\n<meta name=\"twitter:label1\" content=\"Est. reading time\" \/>\n\t<meta name=\"twitter:data1\" content=\"2 minutes\" \/>\n<script type=\"application\/ld+json\" class=\"yoast-schema-graph\">{\"@context\":\"https:\\\/\\\/schema.org\",\"@graph\":[{\"@type\":\"WebPage\",\"@id\":\"https:\\\/\\\/www.mastercam.com\\\/pl\\\/rozwiazania\\\/branze\\\/przemysl-ciezki\\\/\",\"url\":\"https:\\\/\\\/www.mastercam.com\\\/pl\\\/rozwiazania\\\/branze\\\/przemysl-ciezki\\\/\",\"name\":\"Oprogramowanie CAD\\\/CAM dla przemys\u0142u ci\u0119\u017ckiego | Mastercam\",\"isPartOf\":{\"@id\":\"https:\\\/\\\/www.mastercam.com\\\/pl\\\/#website\"},\"datePublished\":\"2023-01-31T23:24:36+00:00\",\"dateModified\":\"2026-01-16T16:09:12+00:00\",\"description\":\"Nasze oprogramowanie CAD\\\/CAM dla przemys\u0142u ci\u0119\u017ckiego jest pot\u0119\u017cnym narz\u0119dziem do projektowania i wytwarzania z\u0142o\u017conych, precyzyjnych produkt\u00f3w. Dowiedz si\u0119 wi\u0119cej ju\u017c dzi\u015b.\",\"breadcrumb\":{\"@id\":\"https:\\\/\\\/www.mastercam.com\\\/pl\\\/rozwiazania\\\/branze\\\/przemysl-ciezki\\\/#breadcrumb\"},\"inLanguage\":\"pl-PL\",\"potentialAction\":[{\"@type\":\"ReadAction\",\"target\":[\"https:\\\/\\\/www.mastercam.com\\\/pl\\\/rozwiazania\\\/branze\\\/przemysl-ciezki\\\/\"]}]},{\"@type\":\"BreadcrumbList\",\"@id\":\"https:\\\/\\\/www.mastercam.com\\\/pl\\\/rozwiazania\\\/branze\\\/przemysl-ciezki\\\/#breadcrumb\",\"itemListElement\":[{\"@type\":\"ListItem\",\"position\":1,\"name\":\"Home\",\"item\":\"https:\\\/\\\/www.mastercam.com\\\/pl\\\/\"},{\"@type\":\"ListItem\",\"position\":2,\"name\":\"Rozwi\u0105zania\",\"item\":\"https:\\\/\\\/www.mastercam.com\\\/pl\\\/rozwiazania\\\/\"},{\"@type\":\"ListItem\",\"position\":3,\"name\":\"Bran\u017ce\",\"item\":\"https:\\\/\\\/www.mastercam.com\\\/pl\\\/rozwiazania\\\/branze\\\/\"},{\"@type\":\"ListItem\",\"position\":4,\"name\":\"Przemys\u0142 ci\u0119\u017cki\"}]},{\"@type\":\"WebSite\",\"@id\":\"https:\\\/\\\/www.mastercam.com\\\/pl\\\/#website\",\"url\":\"https:\\\/\\\/www.mastercam.com\\\/pl\\\/\",\"name\":\"Mastercam\",\"description\":\"Creating software and services that solve the world&#039;s manufacturing challenges\",\"publisher\":{\"@id\":\"https:\\\/\\\/www.mastercam.com\\\/pl\\\/#organization\"},\"potentialAction\":[{\"@type\":\"SearchAction\",\"target\":{\"@type\":\"EntryPoint\",\"urlTemplate\":\"https:\\\/\\\/www.mastercam.com\\\/pl\\\/?s={search_term_string}\"},\"query-input\":{\"@type\":\"PropertyValueSpecification\",\"valueRequired\":true,\"valueName\":\"search_term_string\"}}],\"inLanguage\":\"pl-PL\"},{\"@type\":\"Organization\",\"@id\":\"https:\\\/\\\/www.mastercam.com\\\/pl\\\/#organization\",\"name\":\"Mastercam\",\"url\":\"https:\\\/\\\/www.mastercam.com\\\/pl\\\/\",\"logo\":{\"@type\":\"ImageObject\",\"inLanguage\":\"pl-PL\",\"@id\":\"https:\\\/\\\/www.mastercam.com\\\/pl\\\/#\\\/schema\\\/logo\\\/image\\\/\",\"url\":\"https:\\\/\\\/www.mastercam.com\\\/wp-content\\\/uploads\\\/2023\\\/02\\\/MC_logo.svg\",\"contentUrl\":\"https:\\\/\\\/www.mastercam.com\\\/wp-content\\\/uploads\\\/2023\\\/02\\\/MC_logo.svg\",\"width\":230,\"height\":40,\"caption\":\"Mastercam\"},\"image\":{\"@id\":\"https:\\\/\\\/www.mastercam.com\\\/pl\\\/#\\\/schema\\\/logo\\\/image\\\/\"},\"sameAs\":[\"https:\\\/\\\/www.facebook.com\\\/Mastercam\\\/\",\"https:\\\/\\\/x.com\\\/mastercam\",\"https:\\\/\\\/www.linkedin.com\\\/company\\\/mastercam\",\"https:\\\/\\\/www.youtube.com\\\/channel\\\/UChJt5ruSkqnmFH44WsXVZLw\",\"https:\\\/\\\/www.instagram.com\\\/mastercam\\\/\"]}]}<\/script>\n<!-- \/ Yoast SEO plugin. -->","yoast_head_json":{"title":"Oprogramowanie CAD\/CAM dla przemys\u0142u ci\u0119\u017ckiego | Mastercam","description":"Nasze oprogramowanie CAD\/CAM dla przemys\u0142u ci\u0119\u017ckiego jest pot\u0119\u017cnym narz\u0119dziem do projektowania i wytwarzania z\u0142o\u017conych, precyzyjnych produkt\u00f3w. Dowiedz si\u0119 wi\u0119cej ju\u017c dzi\u015b.","robots":{"index":"index","follow":"follow","max-snippet":"max-snippet:-1","max-image-preview":"max-image-preview:large","max-video-preview":"max-video-preview:-1"},"canonical":"https:\/\/www.mastercam.com\/pl\/rozwiazania\/branze\/przemysl-ciezki\/","og_locale":"pl_PL","og_type":"article","og_title":"Oprogramowanie CAD\/CAM dla przemys\u0142u ci\u0119\u017ckiego | Mastercam","og_description":"Nasze oprogramowanie CAD\/CAM dla przemys\u0142u ci\u0119\u017ckiego jest pot\u0119\u017cnym narz\u0119dziem do projektowania i wytwarzania z\u0142o\u017conych, precyzyjnych produkt\u00f3w. Dowiedz si\u0119 wi\u0119cej ju\u017c dzi\u015b.","og_url":"https:\/\/www.mastercam.com\/pl\/rozwiazania\/branze\/przemysl-ciezki\/","og_site_name":"mastercam.com","article_publisher":"https:\/\/www.facebook.com\/Mastercam\/","article_modified_time":"2026-01-16T16:09:12+00:00","og_image":[{"width":1200,"height":675,"url":"https:\/\/www.mastercam.com\/wp-content\/uploads\/2024\/02\/drill-wide-photo-1200x675-1.jpg","type":"image\/jpeg"}],"twitter_card":"summary_large_image","twitter_site":"@mastercam","twitter_misc":{"Est. reading time":"2 minutes"},"schema":{"@context":"https:\/\/schema.org","@graph":[{"@type":"WebPage","@id":"https:\/\/www.mastercam.com\/pl\/rozwiazania\/branze\/przemysl-ciezki\/","url":"https:\/\/www.mastercam.com\/pl\/rozwiazania\/branze\/przemysl-ciezki\/","name":"Oprogramowanie CAD\/CAM dla przemys\u0142u ci\u0119\u017ckiego | Mastercam","isPartOf":{"@id":"https:\/\/www.mastercam.com\/pl\/#website"},"datePublished":"2023-01-31T23:24:36+00:00","dateModified":"2026-01-16T16:09:12+00:00","description":"Nasze oprogramowanie CAD\/CAM dla przemys\u0142u ci\u0119\u017ckiego jest pot\u0119\u017cnym narz\u0119dziem do projektowania i wytwarzania z\u0142o\u017conych, precyzyjnych produkt\u00f3w. Dowiedz si\u0119 wi\u0119cej ju\u017c dzi\u015b.","breadcrumb":{"@id":"https:\/\/www.mastercam.com\/pl\/rozwiazania\/branze\/przemysl-ciezki\/#breadcrumb"},"inLanguage":"pl-PL","potentialAction":[{"@type":"ReadAction","target":["https:\/\/www.mastercam.com\/pl\/rozwiazania\/branze\/przemysl-ciezki\/"]}]},{"@type":"BreadcrumbList","@id":"https:\/\/www.mastercam.com\/pl\/rozwiazania\/branze\/przemysl-ciezki\/#breadcrumb","itemListElement":[{"@type":"ListItem","position":1,"name":"Home","item":"https:\/\/www.mastercam.com\/pl\/"},{"@type":"ListItem","position":2,"name":"Rozwi\u0105zania","item":"https:\/\/www.mastercam.com\/pl\/rozwiazania\/"},{"@type":"ListItem","position":3,"name":"Bran\u017ce","item":"https:\/\/www.mastercam.com\/pl\/rozwiazania\/branze\/"},{"@type":"ListItem","position":4,"name":"Przemys\u0142 ci\u0119\u017cki"}]},{"@type":"WebSite","@id":"https:\/\/www.mastercam.com\/pl\/#website","url":"https:\/\/www.mastercam.com\/pl\/","name":"Mastercam","description":"Creating software and services that solve the world&#039;s manufacturing challenges","publisher":{"@id":"https:\/\/www.mastercam.com\/pl\/#organization"},"potentialAction":[{"@type":"SearchAction","target":{"@type":"EntryPoint","urlTemplate":"https:\/\/www.mastercam.com\/pl\/?s={search_term_string}"},"query-input":{"@type":"PropertyValueSpecification","valueRequired":true,"valueName":"search_term_string"}}],"inLanguage":"pl-PL"},{"@type":"Organization","@id":"https:\/\/www.mastercam.com\/pl\/#organization","name":"Mastercam","url":"https:\/\/www.mastercam.com\/pl\/","logo":{"@type":"ImageObject","inLanguage":"pl-PL","@id":"https:\/\/www.mastercam.com\/pl\/#\/schema\/logo\/image\/","url":"https:\/\/www.mastercam.com\/wp-content\/uploads\/2023\/02\/MC_logo.svg","contentUrl":"https:\/\/www.mastercam.com\/wp-content\/uploads\/2023\/02\/MC_logo.svg","width":230,"height":40,"caption":"Mastercam"},"image":{"@id":"https:\/\/www.mastercam.com\/pl\/#\/schema\/logo\/image\/"},"sameAs":["https:\/\/www.facebook.com\/Mastercam\/","https:\/\/x.com\/mastercam","https:\/\/www.linkedin.com\/company\/mastercam","https:\/\/www.youtube.com\/channel\/UChJt5ruSkqnmFH44WsXVZLw","https:\/\/www.instagram.com\/mastercam\/"]}]}},"_links":{"self":[{"href":"https:\/\/www.mastercam.com\/pl\/wp-json\/wp\/v2\/pages\/37010","targetHints":{"allow":["GET"]}}],"collection":[{"href":"https:\/\/www.mastercam.com\/pl\/wp-json\/wp\/v2\/pages"}],"about":[{"href":"https:\/\/www.mastercam.com\/pl\/wp-json\/wp\/v2\/types\/page"}],"author":[{"embeddable":true,"href":"https:\/\/www.mastercam.com\/pl\/wp-json\/wp\/v2\/users\/1"}],"replies":[{"embeddable":true,"href":"https:\/\/www.mastercam.com\/pl\/wp-json\/wp\/v2\/comments?post=37010"}],"version-history":[{"count":0,"href":"https:\/\/www.mastercam.com\/pl\/wp-json\/wp\/v2\/pages\/37010\/revisions"}],"up":[{"embeddable":true,"href":"https:\/\/www.mastercam.com\/pl\/wp-json\/wp\/v2\/pages\/36615"}],"wp:attachment":[{"href":"https:\/\/www.mastercam.com\/pl\/wp-json\/wp\/v2\/media?parent=37010"}],"curies":[{"name":"wp","href":"https:\/\/api.w.org\/{rel}","templated":true}]}}