{"id":37006,"date":"2023-01-31T18:22:49","date_gmt":"2023-01-31T23:22:49","guid":{"rendered":"https:\/\/www.mastercam.com\/rozwiazania\/branze\/towary-konsumpcyjne\/"},"modified":"2026-01-16T11:09:13","modified_gmt":"2026-01-16T16:09:13","slug":"towary-konsumpcyjne","status":"publish","type":"page","link":"https:\/\/www.mastercam.com\/pl\/rozwiazania\/branze\/towary-konsumpcyjne\/","title":{"rendered":"Towary konsumpcyjne"},"content":{"rendered":"<div class=\"hero__breadcrumbs\">\n    <div class=\"container-fluid\">\n      <div class=\"row\">\n        <div class=\"col\">\n          <nav aria-label=\"breadcrumbs\"><ol class=\"breadcrumb\"><li><a href=\"https:\/\/www.mastercam.com\/pl\/\">Home<\/a><\/li><\/ol><\/nav>\n        <\/div>\n      <\/div>\n    <\/div>\n  <\/div>\n\n<div class=\"hero hero--minimal wp-block-acf-block-hero\">\n  <div class=\"container-fluid\">\n    <div class=\"row align-items-center\">\n      \n      \n      \n      <div class=\"col-12 col-lg-7 order-2 order-lg-2 hero__content-column\">\n        <div class=\"hero__content\">\n                      <h1 class=\"hero__heading\">\n              \n              Towary konsumpcyjne\n            <\/h1>\n          \n                      <p class=\"hero__text\">Oprogramowanie Mastercam dla produkcji d\u00f3br konsumpcyjnych<\/p>\n          \n          \n          \n          \n                  <\/div>\n      <\/div>\n    <\/div>\n  <\/div>\n<\/div>\n\n<div class=\"wp-block-group is-style-light-gray-bg is-layout-constrained wp-block-group-is-layout-constrained\" style=\"padding-top:var(--wp--preset--spacing--6);padding-bottom:var(--wp--preset--spacing--6)\">\n<div class=\"wp-block-columns is-style-container is-layout-flex wp-container-core-columns-is-layout-28f84493 wp-block-columns-is-layout-flex\">\n<div class=\"wp-block-column is-layout-flow wp-block-column-is-layout-flow\" style=\"flex-basis:50%\">\n<p>Producenci d\u00f3br konsumpcyjnych d\u0105\u017c\u0105 do zwi\u0119kszenia wydajno\u015bci projektowania i produkcji produkt\u00f3w przy jednoczesnym obni\u017ceniu koszt\u00f3w i utrzymaniu jako\u015bci.  <\/p>\n\n\n\n<p>Projektowanie d\u00f3br konsumpcyjnych obejmuje najszerszy zakres zastosowa\u0144 obr\u00f3bki skrawaniem. Dlatego tak wielu producent\u00f3w d\u00f3br konsumpcyjnych zwraca si\u0119 do oprogramowania produkcyjnego Mastercam. Od naszej kompletnej linii narz\u0119dzi do projektowania na potrzeby produkcji, po aplikacje obejmuj\u0105ce <a href=\"http:\/\/mastercamcodev.wpenginepowered.com\/solutions\/add-ons\/multiaxis\/\">obr\u00f3bk\u0119 2D i wieloosiow\u0105<\/a>, <a href=\"http:\/\/mastercamcodev.wpenginepowered.com\/solutions\/products\/lathe\/\">toczenie<\/a>, <a href=\"http:\/\/mastercamcodev.wpenginepowered.com\/solutions\/products\/mill-turn\/\">frezowanie<\/a> i <a href=\"http:\/\/mastercamcodev.wpenginepowered.com\/solutions\/products\/wire\/\">elektrodr\u0105\u017cenie drutowe<\/a>, nie ma praktycznie niczego, czego Mastercam nie m\u00f3g\u0142by zautomatyzowa\u0107.Producenci w przemy\u015ble lotniczym i obronnym poszukuj\u0105 technologii produkcji zapewniaj\u0105cej jako\u015b\u0107 i precyzj\u0119 na wyj\u0105tkowo wysokim poziomie. Czy jest lepszy spos\u00f3b na osi\u0105gni\u0119cie tego celu ni\u017c najnowsze oprogramowanie do produkcji w przemy\u015ble obronnym i lotniczym od \u015bwiatowego lidera w dziedzinie system\u00f3w CAM? Zaufaj Mastercam, aby zapewni\u0107 precyzj\u0119 i wydajno\u015b\u0107 gotowych cz\u0119\u015bci, z bezkonkurencyjnymi procesami usuwania metalu nawet z najtwardszych materia\u0142\u00f3w lotniczych i obronnych.    <\/p>\n<\/div>\n\n\n\n<div class=\"wp-block-column is-layout-flow wp-block-column-is-layout-flow\" style=\"flex-basis:50%\">\n<p><strong>W produkcji d\u00f3br konsumpcyjnych sukces zale\u017cy od precyzji, niezawodno\u015bci i szybko\u015bci. Mastercam dostarcza rozwi\u0105zania oprogramowania CAD\/CAM, aby sprosta\u0107 rygorystycznym wymaganiom przemys\u0142u w tej dziedzinie, w tym: <\/strong><\/p>\n\n\n\n<ul class=\"wp-block-list\">\n<li>Mo\u017cliwo\u015b\u0107 importowania, tworzenia lub ci\u0119cia praktycznie dowolnego modelu CAD.<\/li>\n\n\n\n<li>Szeroka gama narz\u0119dzi CAM do rozwi\u0105zywania z\u0142o\u017conych problem\u00f3w zwi\u0105zanych z obr\u00f3bk\u0105.<\/li>\n\n\n\n<li>Dynamic Motion\u2122 zwi\u0119ksza \u017cywotno\u015b\u0107 narz\u0119dzia i skraca czas ci\u0119cia.<\/li>\n\n\n\n<li>Inteligentne \u015bcie\u017cki narz\u0119dzia, kt\u00f3re skutecznie celuj\u0105 w nieobrobione obszary.<\/li>\n\n\n\n<li>Usprawniony interfejs i \u0142atwa \u015bcie\u017cka aktualizacji.<\/li>\n\n\n\n<li>Mo\u017cliwo\u015b\u0107 obr\u00f3bki hartowanej stali narz\u0119dziowej zgodnie z dok\u0142adnymi specyfikacjami.<\/li>\n\n\n\n<li>Wysokowydajne toczenie cz\u0119\u015bci sk\u0142adowych.<\/li>\n\n\n\n<li>Tworzenie z\u0142o\u017conych matryc\/form wykorzystywanych w produkcji produkt\u00f3w konsumenckich.<\/li>\n<\/ul>\n<\/div>\n<\/div>\n<\/div>\n\n<div class=\"wp-block-columns is-style-medium is-layout-flex wp-container-core-columns-is-layout-b9053888 wp-block-columns-is-layout-flex\" style=\"padding-top:var(--wp--preset--spacing--5)\">\n<div class=\"wp-block-column is-layout-flow wp-block-column-is-layout-flow\">\n<h2 class=\"wp-block-heading\">Oprogramowanie Mastercam dla produkcji d\u00f3br konsumpcyjnych<\/h2>\n\n\n\n<p>Konsumenci oczekuj\u0105 tego, co najlepsze, a producenci d\u00f3br konsumpcyjnych szukaj\u0105 przyst\u0119pnych cenowo sposob\u00f3w na maksymalizacj\u0119 wydajno\u015bci i spe\u0142nienie tych oczekiwa\u0144. Produkcja d\u00f3br konsumpcyjnych zale\u017cy od niezawodnej precyzji, elastyczno\u015bci i zapewnienia odpowiedniego wyko\u0144czenia. Od ma\u0142ych zak\u0142ad\u00f3w produkuj\u0105cych specjalistyczne elementy po du\u017ce firmy masowo wytwarzaj\u0105ce popularne produkty, wszyscy zaanga\u017cowani wymagaj\u0105 oprogramowania CAD\/CAM, kt\u00f3re mo\u017ce sprosta\u0107 rosn\u0105cym wymaganiom bran\u017cy.  <\/p>\n\n\n\n<p>Oprogramowanie idealne dla bran\u017cy d\u00f3br konsumpcyjnych to tylko jeden ze sk\u0142adnik\u00f3w sukcesu. Nasza globalna spo\u0142eczno\u015b\u0107 u\u017cytkownik\u00f3w, ekspert\u00f3w, edukator\u00f3w i entuzjast\u00f3w Mastercam tworzy cenne \u017ar\u00f3d\u0142o wiedzy i innowacji. A nasi Przedstawiciele Mastercam wnosz\u0105 lata praktycznego do\u015bwiadczenia w r\u00f3\u017cnych bran\u017cach i na lokalnych rynkach, pomagaj\u0105c zapewni\u0107, \u017ce zawsze masz wsparcie, kt\u00f3rego potrzebujesz, aby jak najlepiej wykorzysta\u0107 swoj\u0105 inwestycj\u0119 w CAD\/CAM.  <\/p>\n\n\n\n<p>Nasza gama rozwi\u0105za\u0144 obr\u00f3bczych i zastrze\u017conych \u015bcie\u017cek narz\u0119dzi jest standardem w bran\u017cy d\u00f3br konsumpcyjnych. Dba\u0142o\u015b\u0107 o szczeg\u00f3\u0142y, wraz z najwy\u017cszej jako\u015bci wyko\u0144czeniem powierzchni sprawia, \u017ce Mastercam jest najlepszym narz\u0119dziem do produkcji cz\u0119\u015bci i form. <\/p>\n\n\n\n<p>W bran\u017cy d\u00f3br konsumpcyjnych szybko\u015b\u0107 i niezawodno\u015b\u0107 s\u0105 najwa\u017cniejsze, a my oferujemy narz\u0119dzia wspieraj\u0105ce precyzyjne potrzeby Twojego warsztatu, od projektowania przez toczenie po wielozadaniowo\u015b\u0107, elektrodr\u0105\u017cenie drutowe i nie tylko. Sprawd\u017a pe\u0142n\u0105 gam\u0119 <a href=\"http:\/\/www.mastercam.com\/solutions\/products\/\">produkt\u00f3w Mastercam<\/a>, aby znale\u017a\u0107 odpowiednie rozwi\u0105zania dla swoich wyzwa\u0144 produkcyjnych. Je\u015bli Tw\u00f3j zak\u0142ad to robi, mo\u017cemy go wesprze\u0107.  <\/p>\n\n\n\n<div class=\"wp-block-buttons is-layout-flex wp-block-buttons-is-layout-flex\">\n<div class=\"wp-block-button is-style-secondary\"><a class=\"wp-block-button__link wp-element-button\" href=\"\/pl\/?page_id=36676\">Wy\u015bwietl produkty<\/a><\/div>\n<\/div>\n<\/div>\n<\/div>\n\n<div class=\"wp-block-columns is-style-container is-layout-flex wp-container-core-columns-is-layout-28f84493 wp-block-columns-is-layout-flex\">\n<div class=\"wp-block-column is-layout-flow wp-block-column-is-layout-flow\">\n<h2 class=\"wp-block-heading\" style=\"padding-top:var(--wp--preset--spacing--6)\">Dodatki<\/h2>\n\n\n<div class=\"aligncenter wp-block-acf-block-add-ons\">\n  <div class=\"row block-addons\">\n                                        <div class=\"block-addons__item col-xs-12 col-sm-6 col-md-4 col-lg-3\">\n              <a href=\"https:\/\/www.mastercam.com\/pl\/solutions\/add-ons\/obrobka-wieloosiowa\/\" class=\"btn btn-outline-secondary w-100\">\n                Multiaxis Machining\n              <\/a>\n            <\/div>\n                              <\/div>\n<\/div>\n<\/div>\n<\/div>\n<div class=\"container-fluid align wp-block-acf-block-media-object\">\n  <div class=\"row\">\n    <div class=\"col\">\n      <div class=\"d-flex flex-column flex-lg-row media-object media-object--shaded\">\n        <div class=\"flex-shrink-0 media-object__image order-1  order-lg-3 \">\n                                    \n              <a href=\"https:\/\/www.mastercam.com\/pl\/znajdz-partnera\/\" tabindex=\"-1\">\n                <img decoding=\"async\" src=\"https:\/\/www.mastercam.com\/wp-content\/uploads\/2023\/01\/Rectangle-2.jpg\" alt=\"man wearing a headset typing on a desktop computer\" loading=\"lazy\">\n              <\/a>\n                              <\/div>\n        <div class=\"media-object__body flex-grow-1 d-lg-flex flex-column order-2 justify-content-lg-center\">\n                                <h2 class=\"media-object__header h3\">Kontakt z Mastercam<\/h2>\n                                <div class=\"media-object__content\">\n              <div class=\"wp-block-media-text__content\"><!-- wp:acf\/block-media-object {\"name\":\"acf\/block-media-object\",\"data\":{\"mo_image\":215,\"_mo_image\":\"field_657731058bab2\",\"mo_youtube_id\":\"\",\"_mo_youtube_id\":\"field_659d952daebdd\",\"mo_heading\":\"Contact Mastercam\",\"_mo_heading\":\"field_6577301a8baad\",\"mo_heading_style\":\"h2\",\"_mo_heading_style\":\"field_6577303f8baae\",\"mo_body\":\"Contact us to explore CAD\/CAM solutions for improved Consumer Goods manufacturing.\",\"_mo_body\":\"field_657730878baaf\",\"mo_body_style\":\"1\",\"_mo_body_style\":\"field_66c6023051edb\",\"mo_button\":{\"title\":\"Contact Mastercam\",\"url\":\"https:\/\/www.mastercam.com\/find-a-partner\/\",\"target\":\"\"},\"_mo_button\":\"field_657730c68bab0\",\"mo_button_style\":\"secondary\",\"_mo_button_style\":\"field_657730dc8bab1\",\"mo_layout\":\"align-right\",\"_mo_layout\":\"field_657742c048488\",\"mo_background\":\"1\",\"_mo_background\":\"field_66c5fe37bff36\"},\"align\":\"\",\"mode\":\"auto\"} \/-->Skontaktuj si\u0119 z nami, aby pozna\u0107 rozwi\u0105zania CAD\/CAM dla przemys\u0142u lotniczego i obronnego.<\/p>\n<\/div>\n\n            <\/div>\n                                <div class=\"media-object__cta\">\n              <a href=\"https:\/\/www.mastercam.com\/pl\/znajdz-partnera\/\" class=\"btn btn-outline-secondary\">Kontakt z Mastercam<\/a>\n            <\/div>\n                  <\/div>\n      <\/div>\n    <\/div>\n  <\/div>\n<\/div>\n\n<div class=\"wp-block-group is-style-light-gray-bg is-layout-constrained wp-block-group-is-layout-constrained\" style=\"margin-top:0;margin-bottom:0;padding-top:var(--wp--preset--spacing--6);padding-bottom:var(--wp--preset--spacing--6)\"><div class=\"container-fluid aligncenter wp-block-acf-block-case-studies\">\n  <div id=\"case-studies\" class=\"row\">\n    <div class=\"col-12 col-md-8\">\n      <h2>Success Stories<\/h2>\n          <\/div>\n    <div class=\"col-12 col-md-4 mt-5 mt-md-0 text-md-end\">\n      <a href=\"https:\/\/www.mastercam.com\/pl\/success-stories\/\" class=\"btn btn-outline-secondary btn-view-all\">View all<\/a>\n    <\/div>\n  <\/div>\n  <div class=\"cards mt-5\">\n          \n              <div class=\"col col-12 col-md-6 col-lg-6\">\n  <div class=\"card h-100 case-studies\">\n          <img decoding=\"async\" src=\"https:\/\/www.mastercam.com\/wp-content\/uploads\/2023\/04\/HoistdrumMachine-1024x356.jpeg\" class=\"card-img-top\" alt=\"3D-Machine, Inc.\" loading=\"lazy\" \/>\n    \n    <div class=\"card-body\">\n              <span class=\"card-category card-category--static\">Success Stories<\/span>\n      \n      <h3 class=\"card-title\">3D-Machine, Inc.<\/h3>\n\n              <p class=\"card-text\">Przed u\u017cyciem \u015bcie\u017cki narz\u0119dzia Mastercam Lathe Custom Thread, produkcja b\u0119bna podno\u015bnika &#8211; w tym ustawienie maszyny, oprzyrz\u0105dowanie i obr\u00f3bka &#8211; zajmowa\u0142a co najmniej 40 godzin. Dzi\u0119ki \u015bcie\u017cce narz\u0119dzia CAM, 3D-Machine, Inc. wyprodukowa\u0142a cz\u0119\u015b\u0107 w zaledwie siedem godzin.<\/p>\n      \n          <\/div>\n\n          \n      <div class=\"card-footer\">\n        <a class=\"btn btn-outline-secondary stretched-link\" href=\"https:\/\/www.mastercam.com\/pl\/success-stories\/3d-machine-inc\/\">\n          Read more<span class=\"sr-only\"> about 3D-Machine, Inc.<\/span>\n        <\/a>\n      <\/div>\n      <\/div>\n\n  <\/div>\n                \n              <div class=\"col col-12 col-md-6 col-lg-6\">\n  <div class=\"card h-100 case-studies\">\n          <img decoding=\"async\" src=\"https:\/\/www.mastercam.com\/wp-content\/uploads\/2023\/04\/APS-1440x500-1-1024x356.jpeg\" class=\"card-img-top\" alt=\"Historia sukcesu APS Plastics\" loading=\"lazy\" \/>\n    \n    <div class=\"card-body\">\n              <span class=\"card-category card-category--static\">Success Stories<\/span>\n      \n      <h3 class=\"card-title\">Historia sukcesu APS Plastics<\/h3>\n\n              <p class=\"card-text\">APS Plastics &amp; Manufacturing (Tomball, TX) zajmuje si\u0119 obr\u00f3bk\u0105 niestandardowych komponent\u00f3w kompozytowych od 2006 roku. W 2016 roku firma zosta\u0142a przej\u0119ta przez Framework Capital Partners, firm\u0119 inwestycyjn\u0105 zaanga\u017cowan\u0105 w optymalizacj\u0119 praktyk produkcyjnych. Prowadzona przez CEO Mushahida (Mush) Khana, firma APS specjalizuje si\u0119 w ma\u0142ych, precyzyjnych komponentach wykonanych z termoutwardzalnych kompozyt\u00f3w tworzyw sztucznych, folii szklanych i\u2026<\/p>\n      \n          <\/div>\n\n          \n      <div class=\"card-footer\">\n        <a class=\"btn btn-outline-secondary stretched-link\" href=\"https:\/\/www.mastercam.com\/pl\/success-stories\/historia-sukcesu-aps-plastics\/\">\n          Read more<span class=\"sr-only\"> about Historia sukcesu APS Plastics<\/span>\n        <\/a>\n      <\/div>\n      <\/div>\n\n  <\/div>\n            <\/div>\n<\/div>\n<\/div>\n","protected":false},"excerpt":{"rendered":"<p>Producenci d\u00f3br konsumpcyjnych d\u0105\u017c\u0105 do zwi\u0119kszenia wydajno\u015bci projektowania i produkcji produkt\u00f3w przy jednoczesnym obni\u017ceniu koszt\u00f3w [&hellip;]<\/p>\n","protected":false},"author":1,"featured_media":0,"parent":36615,"menu_order":0,"comment_status":"closed","ping_status":"closed","template":"","meta":{"_acf_changed":false,"footnotes":""},"class_list":["post-37006","page","type-page","status-publish","hentry"],"acf":[],"yoast_head":"<!-- This site is optimized with the Yoast SEO plugin v27.3 - https:\/\/yoast.com\/product\/yoast-seo-wordpress\/ -->\n<title>Oprogramowanie do produkcji d\u00f3br konsumpcyjnych | Mastercam<\/title>\n<meta name=\"description\" content=\"Oprogramowanie CAD\/CAM Mastercam do produkcji d\u00f3br konsumpcyjnych pomaga firmom wytwarza\u0107 wysokiej jako\u015bci produkty z precyzj\u0105 i \u0142atwo\u015bci\u0105. Kliknij, aby dowiedzie\u0107 si\u0119 wi\u0119cej.\" \/>\n<meta name=\"robots\" content=\"index, follow, max-snippet:-1, max-image-preview:large, max-video-preview:-1\" \/>\n<link rel=\"canonical\" href=\"https:\/\/www.mastercam.com\/pl\/rozwiazania\/branze\/towary-konsumpcyjne\/\" \/>\n<meta property=\"og:locale\" content=\"pl_PL\" \/>\n<meta property=\"og:type\" content=\"article\" \/>\n<meta property=\"og:title\" content=\"Oprogramowanie do produkcji d\u00f3br konsumpcyjnych | Mastercam\" \/>\n<meta property=\"og:description\" content=\"Oprogramowanie CAD\/CAM Mastercam do produkcji d\u00f3br konsumpcyjnych pomaga firmom wytwarza\u0107 wysokiej jako\u015bci produkty z precyzj\u0105 i \u0142atwo\u015bci\u0105. Kliknij, aby dowiedzie\u0107 si\u0119 wi\u0119cej.\" \/>\n<meta property=\"og:url\" content=\"https:\/\/www.mastercam.com\/pl\/rozwiazania\/branze\/towary-konsumpcyjne\/\" \/>\n<meta property=\"og:site_name\" content=\"mastercam.com\" \/>\n<meta property=\"article:publisher\" content=\"https:\/\/www.facebook.com\/Mastercam\/\" \/>\n<meta property=\"article:modified_time\" content=\"2026-01-16T16:09:13+00:00\" \/>\n<meta property=\"og:image\" content=\"https:\/\/www.mastercam.com\/wp-content\/uploads\/2024\/02\/drill-wide-photo-1200x675-1.jpg\" \/>\n\t<meta property=\"og:image:width\" content=\"1200\" \/>\n\t<meta property=\"og:image:height\" content=\"675\" \/>\n\t<meta property=\"og:image:type\" content=\"image\/jpeg\" \/>\n<meta name=\"twitter:card\" content=\"summary_large_image\" \/>\n<meta name=\"twitter:site\" content=\"@mastercam\" \/>\n<meta name=\"twitter:label1\" content=\"Est. reading time\" \/>\n\t<meta name=\"twitter:data1\" content=\"3 minutes\" \/>\n<script type=\"application\/ld+json\" class=\"yoast-schema-graph\">{\"@context\":\"https:\\\/\\\/schema.org\",\"@graph\":[{\"@type\":\"WebPage\",\"@id\":\"https:\\\/\\\/www.mastercam.com\\\/pl\\\/rozwiazania\\\/branze\\\/towary-konsumpcyjne\\\/\",\"url\":\"https:\\\/\\\/www.mastercam.com\\\/pl\\\/rozwiazania\\\/branze\\\/towary-konsumpcyjne\\\/\",\"name\":\"Oprogramowanie do produkcji d\u00f3br konsumpcyjnych | Mastercam\",\"isPartOf\":{\"@id\":\"https:\\\/\\\/www.mastercam.com\\\/pl\\\/#website\"},\"datePublished\":\"2023-01-31T23:22:49+00:00\",\"dateModified\":\"2026-01-16T16:09:13+00:00\",\"description\":\"Oprogramowanie CAD\\\/CAM Mastercam do produkcji d\u00f3br konsumpcyjnych pomaga firmom wytwarza\u0107 wysokiej jako\u015bci produkty z precyzj\u0105 i \u0142atwo\u015bci\u0105. Kliknij, aby dowiedzie\u0107 si\u0119 wi\u0119cej.\",\"breadcrumb\":{\"@id\":\"https:\\\/\\\/www.mastercam.com\\\/pl\\\/rozwiazania\\\/branze\\\/towary-konsumpcyjne\\\/#breadcrumb\"},\"inLanguage\":\"pl-PL\",\"potentialAction\":[{\"@type\":\"ReadAction\",\"target\":[\"https:\\\/\\\/www.mastercam.com\\\/pl\\\/rozwiazania\\\/branze\\\/towary-konsumpcyjne\\\/\"]}]},{\"@type\":\"BreadcrumbList\",\"@id\":\"https:\\\/\\\/www.mastercam.com\\\/pl\\\/rozwiazania\\\/branze\\\/towary-konsumpcyjne\\\/#breadcrumb\",\"itemListElement\":[{\"@type\":\"ListItem\",\"position\":1,\"name\":\"Home\",\"item\":\"https:\\\/\\\/www.mastercam.com\\\/pl\\\/\"},{\"@type\":\"ListItem\",\"position\":2,\"name\":\"Rozwi\u0105zania\",\"item\":\"https:\\\/\\\/www.mastercam.com\\\/pl\\\/rozwiazania\\\/\"},{\"@type\":\"ListItem\",\"position\":3,\"name\":\"Bran\u017ce\",\"item\":\"https:\\\/\\\/www.mastercam.com\\\/pl\\\/rozwiazania\\\/branze\\\/\"},{\"@type\":\"ListItem\",\"position\":4,\"name\":\"Towary konsumpcyjne\"}]},{\"@type\":\"WebSite\",\"@id\":\"https:\\\/\\\/www.mastercam.com\\\/pl\\\/#website\",\"url\":\"https:\\\/\\\/www.mastercam.com\\\/pl\\\/\",\"name\":\"Mastercam\",\"description\":\"Creating software and services that solve the world&#039;s manufacturing challenges\",\"publisher\":{\"@id\":\"https:\\\/\\\/www.mastercam.com\\\/pl\\\/#organization\"},\"potentialAction\":[{\"@type\":\"SearchAction\",\"target\":{\"@type\":\"EntryPoint\",\"urlTemplate\":\"https:\\\/\\\/www.mastercam.com\\\/pl\\\/?s={search_term_string}\"},\"query-input\":{\"@type\":\"PropertyValueSpecification\",\"valueRequired\":true,\"valueName\":\"search_term_string\"}}],\"inLanguage\":\"pl-PL\"},{\"@type\":\"Organization\",\"@id\":\"https:\\\/\\\/www.mastercam.com\\\/pl\\\/#organization\",\"name\":\"Mastercam\",\"url\":\"https:\\\/\\\/www.mastercam.com\\\/pl\\\/\",\"logo\":{\"@type\":\"ImageObject\",\"inLanguage\":\"pl-PL\",\"@id\":\"https:\\\/\\\/www.mastercam.com\\\/pl\\\/#\\\/schema\\\/logo\\\/image\\\/\",\"url\":\"https:\\\/\\\/www.mastercam.com\\\/wp-content\\\/uploads\\\/2023\\\/02\\\/MC_logo.svg\",\"contentUrl\":\"https:\\\/\\\/www.mastercam.com\\\/wp-content\\\/uploads\\\/2023\\\/02\\\/MC_logo.svg\",\"width\":230,\"height\":40,\"caption\":\"Mastercam\"},\"image\":{\"@id\":\"https:\\\/\\\/www.mastercam.com\\\/pl\\\/#\\\/schema\\\/logo\\\/image\\\/\"},\"sameAs\":[\"https:\\\/\\\/www.facebook.com\\\/Mastercam\\\/\",\"https:\\\/\\\/x.com\\\/mastercam\",\"https:\\\/\\\/www.linkedin.com\\\/company\\\/mastercam\",\"https:\\\/\\\/www.youtube.com\\\/channel\\\/UChJt5ruSkqnmFH44WsXVZLw\",\"https:\\\/\\\/www.instagram.com\\\/mastercam\\\/\"]}]}<\/script>\n<!-- \/ Yoast SEO plugin. -->","yoast_head_json":{"title":"Oprogramowanie do produkcji d\u00f3br konsumpcyjnych | Mastercam","description":"Oprogramowanie CAD\/CAM Mastercam do produkcji d\u00f3br konsumpcyjnych pomaga firmom wytwarza\u0107 wysokiej jako\u015bci produkty z precyzj\u0105 i \u0142atwo\u015bci\u0105. Kliknij, aby dowiedzie\u0107 si\u0119 wi\u0119cej.","robots":{"index":"index","follow":"follow","max-snippet":"max-snippet:-1","max-image-preview":"max-image-preview:large","max-video-preview":"max-video-preview:-1"},"canonical":"https:\/\/www.mastercam.com\/pl\/rozwiazania\/branze\/towary-konsumpcyjne\/","og_locale":"pl_PL","og_type":"article","og_title":"Oprogramowanie do produkcji d\u00f3br konsumpcyjnych | Mastercam","og_description":"Oprogramowanie CAD\/CAM Mastercam do produkcji d\u00f3br konsumpcyjnych pomaga firmom wytwarza\u0107 wysokiej jako\u015bci produkty z precyzj\u0105 i \u0142atwo\u015bci\u0105. Kliknij, aby dowiedzie\u0107 si\u0119 wi\u0119cej.","og_url":"https:\/\/www.mastercam.com\/pl\/rozwiazania\/branze\/towary-konsumpcyjne\/","og_site_name":"mastercam.com","article_publisher":"https:\/\/www.facebook.com\/Mastercam\/","article_modified_time":"2026-01-16T16:09:13+00:00","og_image":[{"width":1200,"height":675,"url":"https:\/\/www.mastercam.com\/wp-content\/uploads\/2024\/02\/drill-wide-photo-1200x675-1.jpg","type":"image\/jpeg"}],"twitter_card":"summary_large_image","twitter_site":"@mastercam","twitter_misc":{"Est. reading time":"3 minutes"},"schema":{"@context":"https:\/\/schema.org","@graph":[{"@type":"WebPage","@id":"https:\/\/www.mastercam.com\/pl\/rozwiazania\/branze\/towary-konsumpcyjne\/","url":"https:\/\/www.mastercam.com\/pl\/rozwiazania\/branze\/towary-konsumpcyjne\/","name":"Oprogramowanie do produkcji d\u00f3br konsumpcyjnych | Mastercam","isPartOf":{"@id":"https:\/\/www.mastercam.com\/pl\/#website"},"datePublished":"2023-01-31T23:22:49+00:00","dateModified":"2026-01-16T16:09:13+00:00","description":"Oprogramowanie CAD\/CAM Mastercam do produkcji d\u00f3br konsumpcyjnych pomaga firmom wytwarza\u0107 wysokiej jako\u015bci produkty z precyzj\u0105 i \u0142atwo\u015bci\u0105. Kliknij, aby dowiedzie\u0107 si\u0119 wi\u0119cej.","breadcrumb":{"@id":"https:\/\/www.mastercam.com\/pl\/rozwiazania\/branze\/towary-konsumpcyjne\/#breadcrumb"},"inLanguage":"pl-PL","potentialAction":[{"@type":"ReadAction","target":["https:\/\/www.mastercam.com\/pl\/rozwiazania\/branze\/towary-konsumpcyjne\/"]}]},{"@type":"BreadcrumbList","@id":"https:\/\/www.mastercam.com\/pl\/rozwiazania\/branze\/towary-konsumpcyjne\/#breadcrumb","itemListElement":[{"@type":"ListItem","position":1,"name":"Home","item":"https:\/\/www.mastercam.com\/pl\/"},{"@type":"ListItem","position":2,"name":"Rozwi\u0105zania","item":"https:\/\/www.mastercam.com\/pl\/rozwiazania\/"},{"@type":"ListItem","position":3,"name":"Bran\u017ce","item":"https:\/\/www.mastercam.com\/pl\/rozwiazania\/branze\/"},{"@type":"ListItem","position":4,"name":"Towary konsumpcyjne"}]},{"@type":"WebSite","@id":"https:\/\/www.mastercam.com\/pl\/#website","url":"https:\/\/www.mastercam.com\/pl\/","name":"Mastercam","description":"Creating software and services that solve the world&#039;s manufacturing challenges","publisher":{"@id":"https:\/\/www.mastercam.com\/pl\/#organization"},"potentialAction":[{"@type":"SearchAction","target":{"@type":"EntryPoint","urlTemplate":"https:\/\/www.mastercam.com\/pl\/?s={search_term_string}"},"query-input":{"@type":"PropertyValueSpecification","valueRequired":true,"valueName":"search_term_string"}}],"inLanguage":"pl-PL"},{"@type":"Organization","@id":"https:\/\/www.mastercam.com\/pl\/#organization","name":"Mastercam","url":"https:\/\/www.mastercam.com\/pl\/","logo":{"@type":"ImageObject","inLanguage":"pl-PL","@id":"https:\/\/www.mastercam.com\/pl\/#\/schema\/logo\/image\/","url":"https:\/\/www.mastercam.com\/wp-content\/uploads\/2023\/02\/MC_logo.svg","contentUrl":"https:\/\/www.mastercam.com\/wp-content\/uploads\/2023\/02\/MC_logo.svg","width":230,"height":40,"caption":"Mastercam"},"image":{"@id":"https:\/\/www.mastercam.com\/pl\/#\/schema\/logo\/image\/"},"sameAs":["https:\/\/www.facebook.com\/Mastercam\/","https:\/\/x.com\/mastercam","https:\/\/www.linkedin.com\/company\/mastercam","https:\/\/www.youtube.com\/channel\/UChJt5ruSkqnmFH44WsXVZLw","https:\/\/www.instagram.com\/mastercam\/"]}]}},"_links":{"self":[{"href":"https:\/\/www.mastercam.com\/pl\/wp-json\/wp\/v2\/pages\/37006","targetHints":{"allow":["GET"]}}],"collection":[{"href":"https:\/\/www.mastercam.com\/pl\/wp-json\/wp\/v2\/pages"}],"about":[{"href":"https:\/\/www.mastercam.com\/pl\/wp-json\/wp\/v2\/types\/page"}],"author":[{"embeddable":true,"href":"https:\/\/www.mastercam.com\/pl\/wp-json\/wp\/v2\/users\/1"}],"replies":[{"embeddable":true,"href":"https:\/\/www.mastercam.com\/pl\/wp-json\/wp\/v2\/comments?post=37006"}],"version-history":[{"count":0,"href":"https:\/\/www.mastercam.com\/pl\/wp-json\/wp\/v2\/pages\/37006\/revisions"}],"up":[{"embeddable":true,"href":"https:\/\/www.mastercam.com\/pl\/wp-json\/wp\/v2\/pages\/36615"}],"wp:attachment":[{"href":"https:\/\/www.mastercam.com\/pl\/wp-json\/wp\/v2\/media?parent=37006"}],"curies":[{"name":"wp","href":"https:\/\/api.w.org\/{rel}","templated":true}]}}