{"id":36680,"date":"2023-01-12T19:56:55","date_gmt":"2023-01-13T00:56:55","guid":{"rendered":"https:\/\/www.mastercam.com\/rozwiazania\/dodatki-mastercam\/"},"modified":"2026-04-02T09:38:58","modified_gmt":"2026-04-02T13:38:58","slug":"dodatki-mastercam","status":"publish","type":"page","link":"https:\/\/www.mastercam.com\/pl\/rozwiazania\/dodatki-mastercam\/","title":{"rendered":"Dodatki do Mastercam"},"content":{"rendered":"<div class=\"hero__breadcrumbs\">\n    <div class=\"container-fluid\">\n      <div class=\"row\">\n        <div class=\"col\">\n          <nav aria-label=\"breadcrumbs\"><ol class=\"breadcrumb\"><li><a href=\"https:\/\/www.mastercam.com\/pl\/\">Home<\/a><\/li><\/ol><\/nav>\n        <\/div>\n      <\/div>\n    <\/div>\n  <\/div>\n\n<div class=\"hero hero--minimal wp-block-acf-block-hero\">\n  <div class=\"container-fluid\">\n    <div class=\"row align-items-center\">\n      \n      \n      \n      <div class=\"col-12 col-lg-7 order-2 order-lg-2 hero__content-column\">\n        <div class=\"hero__content\">\n                      <h1 class=\"hero__heading\">\n              \n              <span class=\"text-nowrap\">Dodatki do<\/span> Mastercam\n            <\/h1>\n          \n                      <p class=\"hero__text\">Zbuduj swoje kompleksowe rozwi\u0105zanie CAD\/CAM z Mastercam. Zwi\u0119ksz swoj\u0105 produktywno\u015b\u0107 dzi\u0119ki r\u00f3\u017cnorodnym specjalistycznym dodatkom dla konkretnych potrzeb obr\u00f3bki skrawaniem. <\/p>\n          \n          \n          \n          \n                  <\/div>\n      <\/div>\n    <\/div>\n  <\/div>\n<\/div>\n\n<div class=\"wp-block-group is-style-light-gray-bg is-layout-constrained wp-block-group-is-layout-constrained\" style=\"padding-top:var(--wp--preset--spacing--0);padding-bottom:var(--wp--preset--spacing--0)\">\n<div class=\"wp-block-columns is-style-container is-layout-flex wp-container-core-columns-is-layout-299ef634 wp-block-columns-is-layout-flex\" style=\"padding-top:var(--wp--preset--spacing--0);padding-bottom:var(--wp--preset--spacing--6)\">\n<div class=\"wp-block-column is-layout-flow wp-block-column-is-layout-flow\">\n<h2 class=\"wp-block-heading\" style=\"margin-top:0;margin-bottom:var(--wp--preset--spacing--5)\">Dodatki<\/h2>\n\n\n<div style=\"margin-bottom:var(--wp--preset--spacing--6);\" class=\"container-fluid aligncenter wp-block-acf-block-featured-items\">\r\n  <div class=\"cards row g-4\">\r\n                  \r\n                  \r\n                      <div class=\"col col-12 col-md-6 col-lg-4\">\n  <div class=\"card h-100  card--linked\">\n          <img decoding=\"async\" src=\"https:\/\/www.mastercam.com\/wp-content\/uploads\/2025\/06\/Probing-Still-2-1024x576.png\" class=\"card-img-top\" alt=\"Probing\" loading=\"lazy\" \/>\n    \n    <div class=\"card-body\">\n      \n      <h3 class=\"card-title\">Probing<\/h3>\n\n              <p class=\"card-text\">Mastercam Probing p\u0142ynnie generuje niezale\u017cny od maszyny kod G i integruje go bezpo\u015brednio z programem NC. Bez wysi\u0142ku zaprogramuj sond\u0119 dotykow\u0105 zamontowan\u0105 na wrzecionie centrum obr\u00f3bczego, tak jak \u015bcie\u017ck\u0119 narz\u0119dzia.<\/p>\n      \n          <\/div>\n\n          \n      <div class=\"card-footer\">\n        <a class=\"btn btn-outline-secondary stretched-link\" href=\"https:\/\/www.mastercam.com\/pl\/solutions\/add-ons\/sondowanie\/\">\n          Explore<span class=\"sr-only\"> about Probing<\/span>\n        <\/a>\n      <\/div>\n      <\/div>\n\n  <\/div>\n                                \r\n                  \r\n                      <div class=\"col col-12 col-md-6 col-lg-4\">\n  <div class=\"card h-100  card--linked\">\n          <img decoding=\"async\" src=\"https:\/\/www.mastercam.com\/wp-content\/uploads\/2024\/06\/Deburr-Background_Wrapped-1024x588.jpg\" class=\"card-img-top\" alt=\"Deburr\" loading=\"lazy\" \/>\n    \n    <div class=\"card-body\">\n      \n      <h3 class=\"card-title\">Deburr<\/h3>\n\n              <p class=\"card-text\">Mastercam Deburr dla 3 osi, zaawansowane rozwi\u0105zanie, kt\u00f3re rewolucjonizuje proces usuwania zadzior\u00f3w dla Mastercam Mill, Mastercam Mill 3D, Mastercam Router i Mastercam Mill-turn.<\/p>\n      \n          <\/div>\n\n          \n      <div class=\"card-footer\">\n        <a class=\"btn btn-outline-secondary stretched-link\" href=\"https:\/\/www.mastercam.com\/pl\/solutions\/add-ons\/deburr\/\">\n          Explore<span class=\"sr-only\"> about Deburr<\/span>\n        <\/a>\n      <\/div>\n      <\/div>\n\n  <\/div>\n                                \r\n                  \r\n                      <div class=\"col col-12 col-md-6 col-lg-4\">\n  <div class=\"card h-100  card--linked\">\n          <img decoding=\"async\" src=\"https:\/\/www.mastercam.com\/wp-content\/uploads\/2023\/03\/Multiaxis-1024x683.jpg\" class=\"card-img-top\" alt=\"Multiaxis Machining\" loading=\"lazy\" \/>\n    \n    <div class=\"card-body\">\n      \n      <h3 class=\"card-title\">Multiaxis Machining<\/h3>\n\n              <p class=\"card-text\">Mastercam Multiaxis oferuje szeroki zakres strategii multiaxis machining &#8211; zar\u00f3wno podstawowych, jak i zaawansowanych.<\/p>\n      \n          <\/div>\n\n          \n      <div class=\"card-footer\">\n        <a class=\"btn btn-outline-secondary stretched-link\" href=\"https:\/\/www.mastercam.com\/pl\/solutions\/add-ons\/obrobka-wieloosiowa\/\">\n          Explore<span class=\"sr-only\"> about Multiaxis Machining<\/span>\n        <\/a>\n      <\/div>\n      <\/div>\n\n  <\/div>\n                                \r\n                  \r\n                      <div class=\"col col-12 col-md-6 col-lg-4\">\n  <div class=\"card h-100  card--linked\">\n          <img decoding=\"async\" src=\"https:\/\/www.mastercam.com\/wp-content\/uploads\/2023\/03\/Group-73.jpg\" class=\"card-img-top\" alt=\"PORT EXPERT\" loading=\"lazy\" \/>\n    \n    <div class=\"card-body\">\n      \n      <h3 class=\"card-title\">PORT EXPERT<\/h3>\n\n              <p class=\"card-text\">Mastercam Port Expert u\u0142atwia generowanie \u015bcie\u017cek narz\u0119dzi do portowania CNC g\u0142owic cylindr\u00f3w.<\/p>\n      \n          <\/div>\n\n          \n      <div class=\"card-footer\">\n        <a class=\"btn btn-outline-secondary stretched-link\" href=\"https:\/\/www.mastercam.com\/pl\/solutions\/add-ons\/ekspert-ds-portow\/\">\n          Explore<span class=\"sr-only\"> about PORT EXPERT<\/span>\n        <\/a>\n      <\/div>\n      <\/div>\n\n  <\/div>\n                                \r\n                  \r\n                      <div class=\"col col-12 col-md-6 col-lg-4\">\n  <div class=\"card h-100  card--linked\">\n          <img decoding=\"async\" src=\"https:\/\/www.mastercam.com\/wp-content\/uploads\/2023\/03\/3.jpg\" class=\"card-img-top\" alt=\"Blade Expert\" loading=\"lazy\" \/>\n    \n    <div class=\"card-body\">\n      \n      <h3 class=\"card-title\">Blade Expert<\/h3>\n\n              <p class=\"card-text\">Mastercam Blade Expert zapewnia kompleksowe rozwi\u0105zanie dla r\u00f3\u017cnych konfiguracji ostrzy.<\/p>\n      \n          <\/div>\n\n          \n      <div class=\"card-footer\">\n        <a class=\"btn btn-outline-secondary stretched-link\" href=\"https:\/\/www.mastercam.com\/pl\/solutions\/add-ons\/blade-expert\/\">\n          Explore<span class=\"sr-only\"> about Blade Expert<\/span>\n        <\/a>\n      <\/div>\n      <\/div>\n\n  <\/div>\n                                \r\n                  \r\n                      <div class=\"col col-12 col-md-6 col-lg-4\">\n  <div class=\"card h-100  card--linked\">\n          <img decoding=\"async\" src=\"https:\/\/www.mastercam.com\/wp-content\/uploads\/2023\/02\/ProdrillExample-1024x792-2.jpeg\" class=\"card-img-top\" alt=\"ProDrill\" loading=\"lazy\" \/>\n    \n    <div class=\"card-body\">\n      \n      <h3 class=\"card-title\">ProDrill<\/h3>\n\n              <p class=\"card-text\">Mastercam ProDrill to wysoce konfigurowalny, oparty na funkcjach dodatek do wiercenia dla Mastercam.<\/p>\n      \n          <\/div>\n\n          \n      <div class=\"card-footer\">\n        <a class=\"btn btn-outline-secondary stretched-link\" href=\"https:\/\/www.mastercam.com\/pl\/solutions\/add-ons\/prodrill\/\">\n          Explore<span class=\"sr-only\"> about ProDrill<\/span>\n        <\/a>\n      <\/div>\n      <\/div>\n\n  <\/div>\n                                \r\n                  \r\n                      <div class=\"col col-12 col-md-6 col-lg-4\">\n  <div class=\"card h-100  card--linked\">\n          <img decoding=\"async\" src=\"https:\/\/www.mastercam.com\/wp-content\/uploads\/2023\/03\/5-axis.jpg\" class=\"card-img-top\" alt=\"5-Axis Curve Machining\" loading=\"lazy\" \/>\n    \n    <div class=\"card-body\">\n      \n      <h3 class=\"card-title\">5-Axis Curve Machining<\/h3>\n\n              <p class=\"card-text\">5-Axis Curve Machining pomaga lepiej wykorzysta\u0107 mo\u017cliwo\u015bci oferowane przez maszyny 5-osiowe.<\/p>\n      \n          <\/div>\n\n          \n      <div class=\"card-footer\">\n        <a class=\"btn btn-outline-secondary stretched-link\" href=\"https:\/\/www.mastercam.com\/pl\/solutions\/add-ons\/5-osiowa-obrobka-krzywych\/\">\n          Explore<span class=\"sr-only\"> about 5-Axis Curve Machining<\/span>\n        <\/a>\n      <\/div>\n      <\/div>\n\n  <\/div>\n                                \r\n                  \r\n                      <div class=\"col col-12 col-md-6 col-lg-4\">\n  <div class=\"card h-100  card--linked\">\n          <img decoding=\"async\" src=\"https:\/\/www.mastercam.com\/wp-content\/uploads\/2023\/02\/TranslatorHero-1024x632.jpeg\" class=\"card-img-top\" alt=\"File Translators\" loading=\"lazy\" \/>\n    \n    <div class=\"card-body\">\n      \n      <h3 class=\"card-title\">File Translators<\/h3>\n\n              <p class=\"card-text\">File Translators umo\u017cliwiaj\u0105 importowanie i eksportowanie plik\u00f3w cz\u0119\u015bci pomi\u0119dzy programami.<\/p>\n      \n          <\/div>\n\n          \n      <div class=\"card-footer\">\n        <a class=\"btn btn-outline-secondary stretched-link\" href=\"https:\/\/www.mastercam.com\/pl\/solutions\/add-ons\/translatory-plikow\/\">\n          Explore<span class=\"sr-only\"> about File Translators<\/span>\n        <\/a>\n      <\/div>\n      <\/div>\n\n  <\/div>\n                                \r\n                  \r\n                      <div class=\"col col-12 col-md-6 col-lg-4\">\n  <div class=\"card h-100  card--linked\">\n          <img decoding=\"async\" src=\"https:\/\/www.mastercam.com\/wp-content\/uploads\/2024\/02\/aplus.jpeg\" class=\"card-img-top\" alt=\"APlus\" loading=\"lazy\" \/>\n    \n    <div class=\"card-body\">\n      \n      <h3 class=\"card-title\">APlus<\/h3>\n\n              <p class=\"card-text\">Dzi\u0119ki partnerstwu z CAMufacturing Solutions, Inc., Mastercam posiada Add-On dla Additive Manufacturing (AM) w Mastercam.<\/p>\n      \n          <\/div>\n\n          \n      <div class=\"card-footer\">\n        <a class=\"btn btn-outline-secondary stretched-link\" href=\"https:\/\/www.mastercam.com\/pl\/solutions\/add-ons\/aplus\/\">\n          Explore<span class=\"sr-only\"> about APlus<\/span>\n        <\/a>\n      <\/div>\n      <\/div>\n\n  <\/div>\n                              <\/div>\r\n<\/div>\r\n<\/div>\n<\/div>\n<\/div>\n","protected":false},"excerpt":{"rendered":"<p>Dodatki<\/p>\n","protected":false},"author":1,"featured_media":36716,"parent":36479,"menu_order":0,"comment_status":"closed","ping_status":"closed","template":"addons.blade.php","meta":{"_acf_changed":false,"footnotes":""},"class_list":["post-36680","page","type-page","status-publish","has-post-thumbnail","hentry"],"acf":[],"yoast_head":"<!-- This site is optimized with the Yoast SEO plugin v26.8 - https:\/\/yoast.com\/product\/yoast-seo-wordpress\/ -->\n<title>Dodatki do oprogramowania CAD\/CAM | Mastercam<\/title>\n<meta name=\"description\" content=\"Odkryj r\u00f3\u017cnorodne dodatki i wtyczki do oprogramowania CAD\/CAM, kt\u00f3re mog\u0105 zwi\u0119kszy\u0107 mo\u017cliwo\u015bci Twojego oprogramowania produkcyjnego. Kliknij, aby dowiedzie\u0107 si\u0119 wi\u0119cej.\" \/>\n<meta name=\"robots\" content=\"index, follow, max-snippet:-1, max-image-preview:large, max-video-preview:-1\" \/>\n<link rel=\"canonical\" href=\"https:\/\/www.mastercam.com\/pl\/rozwiazania\/dodatki-mastercam\/\" \/>\n<meta property=\"og:locale\" content=\"pl_PL\" \/>\n<meta property=\"og:type\" content=\"article\" \/>\n<meta property=\"og:title\" content=\"Dodatki do oprogramowania CAD\/CAM | Mastercam\" \/>\n<meta property=\"og:description\" content=\"Odkryj r\u00f3\u017cnorodne dodatki i wtyczki do oprogramowania CAD\/CAM, kt\u00f3re mog\u0105 zwi\u0119kszy\u0107 mo\u017cliwo\u015bci Twojego oprogramowania produkcyjnego. Kliknij, aby dowiedzie\u0107 si\u0119 wi\u0119cej.\" \/>\n<meta property=\"og:url\" content=\"https:\/\/www.mastercam.com\/pl\/rozwiazania\/dodatki-mastercam\/\" \/>\n<meta property=\"og:site_name\" content=\"mastercam.com\" \/>\n<meta property=\"article:publisher\" content=\"https:\/\/www.facebook.com\/Mastercam\/\" \/>\n<meta property=\"article:modified_time\" content=\"2026-04-02T13:38:58+00:00\" \/>\n<meta property=\"og:image\" content=\"https:\/\/www.mastercam.com\/wp-content\/uploads\/2025\/11\/IMG_8318-scaled.jpg\" \/>\n\t<meta property=\"og:image:width\" content=\"2560\" \/>\n\t<meta property=\"og:image:height\" content=\"1707\" \/>\n\t<meta property=\"og:image:type\" content=\"image\/jpeg\" \/>\n<meta name=\"twitter:card\" content=\"summary_large_image\" \/>\n<meta name=\"twitter:site\" content=\"@mastercam\" \/>\n<script type=\"application\/ld+json\" class=\"yoast-schema-graph\">{\"@context\":\"https:\/\/schema.org\",\"@graph\":[{\"@type\":\"WebPage\",\"@id\":\"https:\/\/www.mastercam.com\/pl\/rozwiazania\/dodatki-mastercam\/\",\"url\":\"https:\/\/www.mastercam.com\/pl\/rozwiazania\/dodatki-mastercam\/\",\"name\":\"Dodatki do oprogramowania CAD\/CAM | Mastercam\",\"isPartOf\":{\"@id\":\"https:\/\/www.mastercam.com\/pl\/#website\"},\"primaryImageOfPage\":{\"@id\":\"https:\/\/www.mastercam.com\/pl\/rozwiazania\/dodatki-mastercam\/#primaryimage\"},\"image\":{\"@id\":\"https:\/\/www.mastercam.com\/pl\/rozwiazania\/dodatki-mastercam\/#primaryimage\"},\"thumbnailUrl\":\"https:\/\/www.mastercam.com\/wp-content\/uploads\/2025\/11\/IMG_8318-scaled.jpg\",\"datePublished\":\"2023-01-13T00:56:55+00:00\",\"dateModified\":\"2026-04-02T13:38:58+00:00\",\"description\":\"Odkryj r\u00f3\u017cnorodne dodatki i wtyczki do oprogramowania CAD\/CAM, kt\u00f3re mog\u0105 zwi\u0119kszy\u0107 mo\u017cliwo\u015bci Twojego oprogramowania produkcyjnego. Kliknij, aby dowiedzie\u0107 si\u0119 wi\u0119cej.\",\"breadcrumb\":{\"@id\":\"https:\/\/www.mastercam.com\/pl\/rozwiazania\/dodatki-mastercam\/#breadcrumb\"},\"inLanguage\":\"pl-PL\",\"potentialAction\":[{\"@type\":\"ReadAction\",\"target\":[\"https:\/\/www.mastercam.com\/pl\/rozwiazania\/dodatki-mastercam\/\"]}]},{\"@type\":\"ImageObject\",\"inLanguage\":\"pl-PL\",\"@id\":\"https:\/\/www.mastercam.com\/pl\/rozwiazania\/dodatki-mastercam\/#primaryimage\",\"url\":\"https:\/\/www.mastercam.com\/wp-content\/uploads\/2025\/11\/IMG_8318-scaled.jpg\",\"contentUrl\":\"https:\/\/www.mastercam.com\/wp-content\/uploads\/2025\/11\/IMG_8318-scaled.jpg\",\"width\":2560,\"height\":1707,\"caption\":\"screen with product rendered using mastercam software\"},{\"@type\":\"BreadcrumbList\",\"@id\":\"https:\/\/www.mastercam.com\/pl\/rozwiazania\/dodatki-mastercam\/#breadcrumb\",\"itemListElement\":[{\"@type\":\"ListItem\",\"position\":1,\"name\":\"Home\",\"item\":\"https:\/\/www.mastercam.com\/pl\/\"},{\"@type\":\"ListItem\",\"position\":2,\"name\":\"Rozwi\u0105zania\",\"item\":\"https:\/\/www.mastercam.com\/pl\/rozwiazania\/\"},{\"@type\":\"ListItem\",\"position\":3,\"name\":\"Dodatki do Mastercam\"}]},{\"@type\":\"WebSite\",\"@id\":\"https:\/\/www.mastercam.com\/pl\/#website\",\"url\":\"https:\/\/www.mastercam.com\/pl\/\",\"name\":\"Mastercam\",\"description\":\"Creating software and services that solve the world&#039;s manufacturing challenges\",\"publisher\":{\"@id\":\"https:\/\/www.mastercam.com\/pl\/#organization\"},\"potentialAction\":[{\"@type\":\"SearchAction\",\"target\":{\"@type\":\"EntryPoint\",\"urlTemplate\":\"https:\/\/www.mastercam.com\/pl\/?s={search_term_string}\"},\"query-input\":{\"@type\":\"PropertyValueSpecification\",\"valueRequired\":true,\"valueName\":\"search_term_string\"}}],\"inLanguage\":\"pl-PL\"},{\"@type\":\"Organization\",\"@id\":\"https:\/\/www.mastercam.com\/pl\/#organization\",\"name\":\"Mastercam\",\"url\":\"https:\/\/www.mastercam.com\/pl\/\",\"logo\":{\"@type\":\"ImageObject\",\"inLanguage\":\"pl-PL\",\"@id\":\"https:\/\/www.mastercam.com\/pl\/#\/schema\/logo\/image\/\",\"url\":\"https:\/\/www.mastercam.com\/wp-content\/uploads\/2023\/02\/MC_logo.svg\",\"contentUrl\":\"https:\/\/www.mastercam.com\/wp-content\/uploads\/2023\/02\/MC_logo.svg\",\"width\":230,\"height\":40,\"caption\":\"Mastercam\"},\"image\":{\"@id\":\"https:\/\/www.mastercam.com\/pl\/#\/schema\/logo\/image\/\"},\"sameAs\":[\"https:\/\/www.facebook.com\/Mastercam\/\",\"https:\/\/x.com\/mastercam\",\"https:\/\/www.linkedin.com\/company\/mastercam\",\"https:\/\/www.youtube.com\/channel\/UChJt5ruSkqnmFH44WsXVZLw\",\"https:\/\/www.instagram.com\/mastercam\/\"]}]}<\/script>\n<!-- \/ Yoast SEO plugin. -->","yoast_head_json":{"title":"Dodatki do oprogramowania CAD\/CAM | Mastercam","description":"Odkryj r\u00f3\u017cnorodne dodatki i wtyczki do oprogramowania CAD\/CAM, kt\u00f3re mog\u0105 zwi\u0119kszy\u0107 mo\u017cliwo\u015bci Twojego oprogramowania produkcyjnego. Kliknij, aby dowiedzie\u0107 si\u0119 wi\u0119cej.","robots":{"index":"index","follow":"follow","max-snippet":"max-snippet:-1","max-image-preview":"max-image-preview:large","max-video-preview":"max-video-preview:-1"},"canonical":"https:\/\/www.mastercam.com\/pl\/rozwiazania\/dodatki-mastercam\/","og_locale":"pl_PL","og_type":"article","og_title":"Dodatki do oprogramowania CAD\/CAM | Mastercam","og_description":"Odkryj r\u00f3\u017cnorodne dodatki i wtyczki do oprogramowania CAD\/CAM, kt\u00f3re mog\u0105 zwi\u0119kszy\u0107 mo\u017cliwo\u015bci Twojego oprogramowania produkcyjnego. Kliknij, aby dowiedzie\u0107 si\u0119 wi\u0119cej.","og_url":"https:\/\/www.mastercam.com\/pl\/rozwiazania\/dodatki-mastercam\/","og_site_name":"mastercam.com","article_publisher":"https:\/\/www.facebook.com\/Mastercam\/","article_modified_time":"2026-04-02T13:38:58+00:00","og_image":[{"width":2560,"height":1707,"url":"https:\/\/www.mastercam.com\/wp-content\/uploads\/2025\/11\/IMG_8318-scaled.jpg","type":"image\/jpeg"}],"twitter_card":"summary_large_image","twitter_site":"@mastercam","schema":{"@context":"https:\/\/schema.org","@graph":[{"@type":"WebPage","@id":"https:\/\/www.mastercam.com\/pl\/rozwiazania\/dodatki-mastercam\/","url":"https:\/\/www.mastercam.com\/pl\/rozwiazania\/dodatki-mastercam\/","name":"Dodatki do oprogramowania CAD\/CAM | Mastercam","isPartOf":{"@id":"https:\/\/www.mastercam.com\/pl\/#website"},"primaryImageOfPage":{"@id":"https:\/\/www.mastercam.com\/pl\/rozwiazania\/dodatki-mastercam\/#primaryimage"},"image":{"@id":"https:\/\/www.mastercam.com\/pl\/rozwiazania\/dodatki-mastercam\/#primaryimage"},"thumbnailUrl":"https:\/\/www.mastercam.com\/wp-content\/uploads\/2025\/11\/IMG_8318-scaled.jpg","datePublished":"2023-01-13T00:56:55+00:00","dateModified":"2026-04-02T13:38:58+00:00","description":"Odkryj r\u00f3\u017cnorodne dodatki i wtyczki do oprogramowania CAD\/CAM, kt\u00f3re mog\u0105 zwi\u0119kszy\u0107 mo\u017cliwo\u015bci Twojego oprogramowania produkcyjnego. Kliknij, aby dowiedzie\u0107 si\u0119 wi\u0119cej.","breadcrumb":{"@id":"https:\/\/www.mastercam.com\/pl\/rozwiazania\/dodatki-mastercam\/#breadcrumb"},"inLanguage":"pl-PL","potentialAction":[{"@type":"ReadAction","target":["https:\/\/www.mastercam.com\/pl\/rozwiazania\/dodatki-mastercam\/"]}]},{"@type":"ImageObject","inLanguage":"pl-PL","@id":"https:\/\/www.mastercam.com\/pl\/rozwiazania\/dodatki-mastercam\/#primaryimage","url":"https:\/\/www.mastercam.com\/wp-content\/uploads\/2025\/11\/IMG_8318-scaled.jpg","contentUrl":"https:\/\/www.mastercam.com\/wp-content\/uploads\/2025\/11\/IMG_8318-scaled.jpg","width":2560,"height":1707,"caption":"screen with product rendered using mastercam software"},{"@type":"BreadcrumbList","@id":"https:\/\/www.mastercam.com\/pl\/rozwiazania\/dodatki-mastercam\/#breadcrumb","itemListElement":[{"@type":"ListItem","position":1,"name":"Home","item":"https:\/\/www.mastercam.com\/pl\/"},{"@type":"ListItem","position":2,"name":"Rozwi\u0105zania","item":"https:\/\/www.mastercam.com\/pl\/rozwiazania\/"},{"@type":"ListItem","position":3,"name":"Dodatki do Mastercam"}]},{"@type":"WebSite","@id":"https:\/\/www.mastercam.com\/pl\/#website","url":"https:\/\/www.mastercam.com\/pl\/","name":"Mastercam","description":"Creating software and services that solve the world&#039;s manufacturing challenges","publisher":{"@id":"https:\/\/www.mastercam.com\/pl\/#organization"},"potentialAction":[{"@type":"SearchAction","target":{"@type":"EntryPoint","urlTemplate":"https:\/\/www.mastercam.com\/pl\/?s={search_term_string}"},"query-input":{"@type":"PropertyValueSpecification","valueRequired":true,"valueName":"search_term_string"}}],"inLanguage":"pl-PL"},{"@type":"Organization","@id":"https:\/\/www.mastercam.com\/pl\/#organization","name":"Mastercam","url":"https:\/\/www.mastercam.com\/pl\/","logo":{"@type":"ImageObject","inLanguage":"pl-PL","@id":"https:\/\/www.mastercam.com\/pl\/#\/schema\/logo\/image\/","url":"https:\/\/www.mastercam.com\/wp-content\/uploads\/2023\/02\/MC_logo.svg","contentUrl":"https:\/\/www.mastercam.com\/wp-content\/uploads\/2023\/02\/MC_logo.svg","width":230,"height":40,"caption":"Mastercam"},"image":{"@id":"https:\/\/www.mastercam.com\/pl\/#\/schema\/logo\/image\/"},"sameAs":["https:\/\/www.facebook.com\/Mastercam\/","https:\/\/x.com\/mastercam","https:\/\/www.linkedin.com\/company\/mastercam","https:\/\/www.youtube.com\/channel\/UChJt5ruSkqnmFH44WsXVZLw","https:\/\/www.instagram.com\/mastercam\/"]}]}},"_links":{"self":[{"href":"https:\/\/www.mastercam.com\/pl\/wp-json\/wp\/v2\/pages\/36680","targetHints":{"allow":["GET"]}}],"collection":[{"href":"https:\/\/www.mastercam.com\/pl\/wp-json\/wp\/v2\/pages"}],"about":[{"href":"https:\/\/www.mastercam.com\/pl\/wp-json\/wp\/v2\/types\/page"}],"author":[{"embeddable":true,"href":"https:\/\/www.mastercam.com\/pl\/wp-json\/wp\/v2\/users\/1"}],"replies":[{"embeddable":true,"href":"https:\/\/www.mastercam.com\/pl\/wp-json\/wp\/v2\/comments?post=36680"}],"version-history":[{"count":0,"href":"https:\/\/www.mastercam.com\/pl\/wp-json\/wp\/v2\/pages\/36680\/revisions"}],"up":[{"embeddable":true,"href":"https:\/\/www.mastercam.com\/pl\/wp-json\/wp\/v2\/pages\/36479"}],"wp:featuredmedia":[{"embeddable":true,"href":"https:\/\/www.mastercam.com\/pl\/wp-json\/wp\/v2\/media\/36716"}],"wp:attachment":[{"href":"https:\/\/www.mastercam.com\/pl\/wp-json\/wp\/v2\/media?parent=36680"}],"curies":[{"name":"wp","href":"https:\/\/api.w.org\/{rel}","templated":true}]}}