{"id":36615,"date":"2023-01-12T19:55:57","date_gmt":"2023-01-13T00:55:57","guid":{"rendered":"https:\/\/www.mastercam.com\/rozwiazania\/branze\/"},"modified":"2026-01-16T11:09:09","modified_gmt":"2026-01-16T16:09:09","slug":"branze","status":"publish","type":"page","link":"https:\/\/www.mastercam.com\/pl\/rozwiazania\/branze\/","title":{"rendered":"Bran\u017ce"},"content":{"rendered":"<div class=\"hero__breadcrumbs\">\n    <div class=\"container-fluid\">\n      <div class=\"row\">\n        <div class=\"col\">\n          <nav aria-label=\"breadcrumbs\"><ol class=\"breadcrumb\"><li><a href=\"https:\/\/www.mastercam.com\/pl\/\">Home<\/a><\/li><\/ol><\/nav>\n        <\/div>\n      <\/div>\n    <\/div>\n  <\/div>\n\n<div class=\"hero hero--minimal wp-block-acf-block-hero\">\n  <div class=\"container-fluid\">\n    <div class=\"row align-items-center\">\n      \n      \n      \n      <div class=\"col-12 col-lg-7 order-2 order-lg-2 hero__content-column\">\n        <div class=\"hero__content\">\n                      <h1 class=\"hero__heading\">\n              \n              Prezentacja bran\u017cowa\n            <\/h1>\n          \n                      <p class=\"hero__text\">Mastercam jest numerem 1 w\u015br\u00f3d system\u00f3w CAM u\u017cywanych na ca\u0142ym \u015bwiecie w r\u00f3\u017cnych bran\u017cach produkcyjnych. Od przemys\u0142u lotniczego po motoryzacyjny, od edukacji po energetyk\u0119, Mastercam spe\u0142nia wysokie wymagania w zakresie produktywno\u015bci. <\/p>\n          \n          \n          \n          \n                  <\/div>\n      <\/div>\n    <\/div>\n  <\/div>\n<\/div>\n\n<div class=\"wp-block-group is-style-light-gray-bg is-layout-constrained wp-block-group-is-layout-constrained\" style=\"margin-bottom:var(--wp--preset--spacing--6);padding-bottom:var(--wp--preset--spacing--6)\">\n<div class=\"wp-block-columns is-style-container is-layout-flex wp-container-core-columns-is-layout-28f84493 wp-block-columns-is-layout-flex\">\n<div class=\"wp-block-column is-layout-flow wp-block-column-is-layout-flow\"><div class=\"container-fluid aligncenter wp-block-acf-block-cards\">\n  <div class=\"cards row g-4\">\n                                    <div class=\"col col-12 col-md-6 col-lg-4\">\n  <div class=\"card h-100 card--default card--linked\">\n          <img decoding=\"async\" src=\"https:\/\/www.mastercam.com\/wp-content\/uploads\/2024\/02\/mastercam-aerospace-1024x1024.jpg\" class=\"card-img-top\" alt=\"Przemys\u0142 lotniczy i obronny\" loading=\"lazy\" \/>\n    \n    <div class=\"card-body\">\n      \n      <h3 class=\"card-title\">Przemys\u0142 lotniczy i obronny<\/h3>\n\n              <p class=\"card-text\">Producenci z bran\u017cy lotniczej i obronnej uzyskuj\u0105 technologi\u0119 produkcji zapewniaj\u0105c\u0105 jako\u015b\u0107 i precyzj\u0119 na wyj\u0105tkowo wysokim poziomie przy u\u017cyciu najlepszego na \u015bwiecie systemu CAM.<\/p>\n      \n          <\/div>\n\n          \n      <div class=\"card-footer\">\n        <a class=\"btn btn-outline-secondary stretched-link\" href=\"https:\/\/www.mastercam.com\/pl\/rozwiazania\/branze\/przemysl-lotniczy-i-obronny\/\">\n          Przemys\u0142 lotniczy i obronny<span class=\"sr-only\"> about Przemys\u0142 lotniczy i obronny<\/span>\n        <\/a>\n      <\/div>\n      <\/div>\n\n  <\/div>\n                                        <div class=\"col col-12 col-md-6 col-lg-4\">\n  <div class=\"card h-100 card--default card--linked\">\n          <img decoding=\"async\" src=\"https:\/\/www.mastercam.com\/wp-content\/uploads\/2024\/02\/mastercam-consumer-goods-1024x1024.jpg\" class=\"card-img-top\" alt=\"Towary konsumpcyjne\" loading=\"lazy\" \/>\n    \n    <div class=\"card-body\">\n      \n      <h3 class=\"card-title\">Towary konsumpcyjne<\/h3>\n\n              <p class=\"card-text\">Mastercam oferuje producentom d\u00f3br konsumpcyjnych wi\u0119ksz\u0105 wydajno\u015b\u0107 projektowania i produkcji przy jednoczesnym obni\u017ceniu koszt\u00f3w i zachowaniu jako\u015bci.<\/p>\n      \n          <\/div>\n\n          \n      <div class=\"card-footer\">\n        <a class=\"btn btn-outline-secondary stretched-link\" href=\"https:\/\/www.mastercam.com\/pl\/rozwiazania\/branze\/towary-konsumpcyjne\/\">\n          Towary konsumpcyjne<span class=\"sr-only\"> about Towary konsumpcyjne<\/span>\n        <\/a>\n      <\/div>\n      <\/div>\n\n  <\/div>\n                                        <div class=\"col col-12 col-md-6 col-lg-4\">\n  <div class=\"card h-100 card--default card--linked\">\n          <img decoding=\"async\" src=\"https:\/\/www.mastercam.com\/wp-content\/uploads\/2024\/02\/mastercam-education-1024x1024.jpg\" class=\"card-img-top\" alt=\"Edukacja\" loading=\"lazy\" \/>\n    \n    <div class=\"card-body\">\n      \n      <h3 class=\"card-title\">Edukacja<\/h3>\n\n              <p class=\"card-text\">Nauczyciele wybieraj\u0105 Mastercam, aby wprowadzi\u0107 uczni\u00f3w do produkcji i zapewni\u0107 im praktyczne umiej\u0119tno\u015bci i do\u015bwiadczenie.  <\/p>\n      \n          <\/div>\n\n          \n      <div class=\"card-footer\">\n        <a class=\"btn btn-outline-secondary stretched-link\" href=\"https:\/\/www.mastercam.com\/pl\/rozwiazania\/branze\/edukacja\/\">\n          Edukacja<span class=\"sr-only\"> about Edukacja<\/span>\n        <\/a>\n      <\/div>\n      <\/div>\n\n  <\/div>\n                                        <div class=\"col col-12 col-md-6 col-lg-4\">\n  <div class=\"card h-100 card--default card--linked\">\n          <img decoding=\"async\" src=\"https:\/\/www.mastercam.com\/wp-content\/uploads\/2024\/02\/mastercam-solar-1024x1024.jpg\" class=\"card-img-top\" alt=\"Energia\" loading=\"lazy\" \/>\n    \n    <div class=\"card-body\">\n      \n      <h3 class=\"card-title\">Energia<\/h3>\n\n              <p class=\"card-text\">Mastercam oferuje producentom z bran\u017cy energetycznej precyzj\u0119, elastyczno\u015b\u0107 i \u015bwie\u017ce innowacje, kt\u00f3rych potrzebuj\u0105.<\/p>\n      \n          <\/div>\n\n          \n      <div class=\"card-footer\">\n        <a class=\"btn btn-outline-secondary stretched-link\" href=\"https:\/\/www.mastercam.com\/pl\/rozwiazania\/branze\/energia\/\">\n          Energia<span class=\"sr-only\"> about Energia<\/span>\n        <\/a>\n      <\/div>\n      <\/div>\n\n  <\/div>\n                                        <div class=\"col col-12 col-md-6 col-lg-4\">\n  <div class=\"card h-100 card--default card--linked\">\n          <img decoding=\"async\" src=\"https:\/\/www.mastercam.com\/wp-content\/uploads\/2024\/02\/mastercam-heavy-machinery-1024x1024.jpg\" class=\"card-img-top\" alt=\"Przemys\u0142 ci\u0119\u017cki\" loading=\"lazy\" \/>\n    \n    <div class=\"card-body\">\n      \n      <h3 class=\"card-title\">Przemys\u0142 ci\u0119\u017cki<\/h3>\n\n              <p class=\"card-text\">Producenci w przemy\u015ble ci\u0119\u017ckim wykorzystuj\u0105 oprogramowanie Mastercam, aby zmaksymalizowa\u0107 wydajno\u015b\u0107 produkcji bez utraty jako\u015bci.<\/p>\n      \n          <\/div>\n\n          \n      <div class=\"card-footer\">\n        <a class=\"btn btn-outline-secondary stretched-link\" href=\"https:\/\/www.mastercam.com\/pl\/rozwiazania\/branze\/przemysl-ciezki\/\">\n          Przemys\u0142 ci\u0119\u017cki<span class=\"sr-only\"> about Przemys\u0142 ci\u0119\u017cki<\/span>\n        <\/a>\n      <\/div>\n      <\/div>\n\n  <\/div>\n                                        <div class=\"col col-12 col-md-6 col-lg-4\">\n  <div class=\"card h-100 card--default card--linked\">\n          <img decoding=\"async\" src=\"https:\/\/www.mastercam.com\/wp-content\/uploads\/2024\/02\/mastercam-medical-1024x1024.jpg\" class=\"card-img-top\" alt=\"Medyczny\" loading=\"lazy\" \/>\n    \n    <div class=\"card-body\">\n      \n      <h3 class=\"card-title\">Medyczny<\/h3>\n\n              <p class=\"card-text\">Mastercam oferuje producentom z bran\u017cy medycznej jako\u015b\u0107 i precyzj\u0119 na najwy\u017cszym poziomie.<\/p>\n      \n          <\/div>\n\n          \n      <div class=\"card-footer\">\n        <a class=\"btn btn-outline-secondary stretched-link\" href=\"https:\/\/www.mastercam.com\/pl\/rozwiazania\/branze\/medyczny\/\">\n          Medyczny<span class=\"sr-only\"> about Medyczny<\/span>\n        <\/a>\n      <\/div>\n      <\/div>\n\n  <\/div>\n                                        <div class=\"col col-12 col-md-6 col-lg-4\">\n  <div class=\"card h-100 card--default card--linked\">\n          <img decoding=\"async\" src=\"https:\/\/www.mastercam.com\/wp-content\/uploads\/2024\/02\/mastercam-mold_and_die-1024x1024.jpg\" class=\"card-img-top\" alt=\"Narz\u0119dzia i matryce\" loading=\"lazy\" \/>\n    \n    <div class=\"card-body\">\n      \n      <h3 class=\"card-title\">Narz\u0119dzia i matryce<\/h3>\n\n              <p class=\"card-text\">Producenci narz\u0119dzi i matryc wykorzystuj\u0105 oprogramowanie Mastercam do skr\u00f3cenia czasu cyklu i precyzyjnego wyko\u0144czenia, co przek\u0142ada si\u0119 na produktywno\u015b\u0107 i zyski.<\/p>\n      \n          <\/div>\n\n          \n      <div class=\"card-footer\">\n        <a class=\"btn btn-outline-secondary stretched-link\" href=\"https:\/\/www.mastercam.com\/pl\/rozwiazania\/branze\/narzedzia-i-matryce\/\">\n          Narz\u0119dzia i matryce<span class=\"sr-only\"> about Narz\u0119dzia i matryce<\/span>\n        <\/a>\n      <\/div>\n      <\/div>\n\n  <\/div>\n                                        <div class=\"col col-12 col-md-6 col-lg-4\">\n  <div class=\"card h-100 card--default card--linked\">\n          <img decoding=\"async\" src=\"https:\/\/www.mastercam.com\/wp-content\/uploads\/2024\/02\/mastercam-transportation-1024x1024.jpg\" class=\"card-img-top\" alt=\"Transport\" loading=\"lazy\" \/>\n    \n    <div class=\"card-body\">\n      \n      <h3 class=\"card-title\">Transport<\/h3>\n\n              <p class=\"card-text\">Mastercam zapewnia producentom z bran\u017cy transportowej i motoryzacyjnej zwi\u0119kszenie produktywno\u015bci w r\u00f3\u017cnych zastosowaniach.<\/p>\n      \n          <\/div>\n\n          \n      <div class=\"card-footer\">\n        <a class=\"btn btn-outline-secondary stretched-link\" href=\"https:\/\/www.mastercam.com\/pl\/rozwiazania\/branze\/transport\/\">\n          Transport<span class=\"sr-only\"> about Transport<\/span>\n        <\/a>\n      <\/div>\n      <\/div>\n\n  <\/div>\n                                        <div class=\"col col-12 col-md-6 col-lg-4\">\n  <div class=\"card h-100 card--default card--linked\">\n          <img decoding=\"async\" src=\"https:\/\/www.mastercam.com\/wp-content\/uploads\/2024\/02\/mastercam-woodworking-1024x1024.jpg\" class=\"card-img-top\" alt=\"Obr\u00f3bka drewna\" loading=\"lazy\" \/>\n    \n    <div class=\"card-body\">\n      \n      <h3 class=\"card-title\">Obr\u00f3bka drewna<\/h3>\n\n              <p class=\"card-text\">Producenci z bran\u017cy obr\u00f3bki drewna wykorzystuj\u0105 rozwi\u0105zania Mastercam do dynamicznej produkcji przy u\u017cyciu maszyn CNC.<\/p>\n      \n          <\/div>\n\n          \n      <div class=\"card-footer\">\n        <a class=\"btn btn-outline-secondary stretched-link\" href=\"https:\/\/www.mastercam.com\/pl\/rozwiazania\/branze\/oprogramowanie-cnc-do-obrobki-drewna-rozwiazania-cad-cam\/\">\n          Obr\u00f3bka drewna<span class=\"sr-only\"> about Obr\u00f3bka drewna<\/span>\n        <\/a>\n      <\/div>\n      <\/div>\n\n  <\/div>\n                    <\/div>\n<\/div>\n<\/div>\n<\/div>\n<\/div>\n\n<div class=\"wp-block-columns is-style-container is-layout-flex wp-container-core-columns-is-layout-28f84493 wp-block-columns-is-layout-flex\">\n<div class=\"wp-block-column is-layout-flow wp-block-column-is-layout-flow\">\n<h2 class=\"wp-block-heading has-text-align-left\">Szukasz czego\u015b innego?<\/h2>\n\n\n<div class=\"container-fluid aligncenter wp-block-acf-block-features-list\">\n    <div class=\"row\">\n                        <div class=\"col-md-6 col-lg-4 mb-4\">\n          <p class=\"mb-3 fs-5\">\n                          <a href=\"https:\/\/www.mastercam.com\/pl\/rozwiazania\/produkty-mastercam\/\" aria-label=\"Read more about Produkty\">\n                <strong>Produkty<\/strong>\n              <\/a>\n                      <\/p>\n                      <p>Nasze oprogramowanie CAD CAM przenosi cz\u0119\u015bci od projektu do linii produkcyjnej. Zaprogramuj produkowane cz\u0119\u015bci za pomoc\u0105 najnowocze\u015bniejszych funkcji zapewniaj\u0105cych precyzj\u0119 i wydajno\u015b\u0107. Tworzenie kodu do sterowania urz\u0105dzeniami CNC jest tym, co Mastercam robi najlepiej.  <\/p>\n                  <\/div>\n                              <div class=\"col-md-6 col-lg-4 mb-4\">\n          <p class=\"mb-3 fs-5\">\n                          <a href=\"https:\/\/www.mastercam.com\/pl\/rozwiazania\/dodatki-mastercam\/\" aria-label=\"Read more about Dodatki\">\n                <strong>Dodatki<\/strong>\n              <\/a>\n                      <\/p>\n                      <p>Zbuduj kompleksowe rozwi\u0105zanie CAD\/CAM z Mastercam. Zwi\u0119ksz swoj\u0105 produktywno\u015b\u0107 dzi\u0119ki r\u00f3\u017cnorodnym specjalistycznym dodatkom do obr\u00f3bki skrawaniem. <\/p>\n                  <\/div>\n                              <div class=\"col-md-6 col-lg-4 mb-4\">\n          <p class=\"mb-3 fs-5\">\n                          <a href=\"https:\/\/www.mastercam.com\/pl\/rozwiazania\/dodatki-innych-firm\/\" aria-label=\"Read more about Dodatki innych firm\">\n                <strong>Dodatki innych firm<\/strong>\n              <\/a>\n                      <\/p>\n                      <p>Mastercam wsp\u00f3\u0142pracuje z najlepszymi ekspertami w dziedzinie integracji oprogramowania CAD\/CAM w bran\u017cy produkcyjnej, dzi\u0119ki czemu mo\u017cesz wybiera\u0107 spo\u015br\u00f3d uzupe\u0142niaj\u0105cych si\u0119 narz\u0119dzi programowych, sprz\u0119tu i nie tylko, aby zwi\u0119kszy\u0107 swoje zyski dzi\u0119ki kompletnemu rozwi\u0105zaniu produkcyjnemu.<\/p>\n                  <\/div>\n                              <div class=\"col-md-6 col-lg-4 mb-4\">\n          <p class=\"mb-3 fs-5\">\n                          <a href=\"https:\/\/www.mastercam.com\/pl\/rozwiazania\/postprocesor-cnc\/\" aria-label=\"Read more about Procesory pocztowe\">\n                <strong>Procesory pocztowe<\/strong>\n              <\/a>\n                      <\/p>\n                      <p>Mastercam oferuje kilka wtyczek postprocesora do konwersji og\u00f3lnych danych wyj\u015bciowych systemu CAM na kod NC specyficzny dla Mastercam.<\/p>\n                  <\/div>\n            <\/div>\n<\/div>\n<\/div>\n<\/div>\n","protected":false},"excerpt":{"rendered":"<p>Szukasz czego\u015b innego?<\/p>\n","protected":false},"author":1,"featured_media":0,"parent":36479,"menu_order":0,"comment_status":"closed","ping_status":"closed","template":"","meta":{"_acf_changed":false,"footnotes":""},"class_list":["post-36615","page","type-page","status-publish","hentry"],"acf":[],"yoast_head":"<!-- This site is optimized with the Yoast SEO plugin v26.8 - https:\/\/yoast.com\/product\/yoast-seo-wordpress\/ -->\n<title>Bran\u017ce korzystaj\u0105ce z naszego oprogramowania | Mastercam<\/title>\n<meta name=\"description\" content=\"Mastercam to oprogramowanie CAD\/CAM nr 1 u\u017cywane na ca\u0142ym \u015bwiecie w r\u00f3\u017cnych bran\u017cach produkcyjnych. Dowiedz si\u0119, jak radzimy sobie z wysokimi wymaganiami w zakresie produktywno\u015bci.\" \/>\n<meta name=\"robots\" content=\"index, follow, max-snippet:-1, max-image-preview:large, max-video-preview:-1\" \/>\n<link rel=\"canonical\" href=\"https:\/\/www.mastercam.com\/pl\/rozwiazania\/branze\/\" \/>\n<meta property=\"og:locale\" content=\"pl_PL\" \/>\n<meta property=\"og:type\" content=\"article\" \/>\n<meta property=\"og:title\" content=\"Bran\u017ce korzystaj\u0105ce z naszego oprogramowania | Mastercam\" \/>\n<meta property=\"og:description\" content=\"Mastercam to oprogramowanie CAD\/CAM nr 1 u\u017cywane na ca\u0142ym \u015bwiecie w r\u00f3\u017cnych bran\u017cach produkcyjnych. Dowiedz si\u0119, jak radzimy sobie z wysokimi wymaganiami w zakresie produktywno\u015bci.\" \/>\n<meta property=\"og:url\" content=\"https:\/\/www.mastercam.com\/pl\/rozwiazania\/branze\/\" \/>\n<meta property=\"og:site_name\" content=\"mastercam.com\" \/>\n<meta property=\"article:publisher\" content=\"https:\/\/www.facebook.com\/Mastercam\/\" \/>\n<meta property=\"article:modified_time\" content=\"2026-01-16T16:09:09+00:00\" \/>\n<meta property=\"og:image\" content=\"https:\/\/www.mastercam.com\/wp-content\/uploads\/2024\/02\/drill-wide-photo-1200x675-1.jpg\" \/>\n\t<meta property=\"og:image:width\" content=\"1200\" \/>\n\t<meta property=\"og:image:height\" content=\"675\" \/>\n\t<meta property=\"og:image:type\" content=\"image\/jpeg\" \/>\n<meta name=\"twitter:card\" content=\"summary_large_image\" \/>\n<meta name=\"twitter:site\" content=\"@mastercam\" \/>\n<script type=\"application\/ld+json\" class=\"yoast-schema-graph\">{\"@context\":\"https:\/\/schema.org\",\"@graph\":[{\"@type\":\"WebPage\",\"@id\":\"https:\/\/www.mastercam.com\/pl\/rozwiazania\/branze\/\",\"url\":\"https:\/\/www.mastercam.com\/pl\/rozwiazania\/branze\/\",\"name\":\"Bran\u017ce korzystaj\u0105ce z naszego oprogramowania | Mastercam\",\"isPartOf\":{\"@id\":\"https:\/\/www.mastercam.com\/pl\/#website\"},\"datePublished\":\"2023-01-13T00:55:57+00:00\",\"dateModified\":\"2026-01-16T16:09:09+00:00\",\"description\":\"Mastercam to oprogramowanie CAD\/CAM nr 1 u\u017cywane na ca\u0142ym \u015bwiecie w r\u00f3\u017cnych bran\u017cach produkcyjnych. Dowiedz si\u0119, jak radzimy sobie z wysokimi wymaganiami w zakresie produktywno\u015bci.\",\"breadcrumb\":{\"@id\":\"https:\/\/www.mastercam.com\/pl\/rozwiazania\/branze\/#breadcrumb\"},\"inLanguage\":\"pl-PL\",\"potentialAction\":[{\"@type\":\"ReadAction\",\"target\":[\"https:\/\/www.mastercam.com\/pl\/rozwiazania\/branze\/\"]}]},{\"@type\":\"BreadcrumbList\",\"@id\":\"https:\/\/www.mastercam.com\/pl\/rozwiazania\/branze\/#breadcrumb\",\"itemListElement\":[{\"@type\":\"ListItem\",\"position\":1,\"name\":\"Home\",\"item\":\"https:\/\/www.mastercam.com\/pl\/\"},{\"@type\":\"ListItem\",\"position\":2,\"name\":\"Rozwi\u0105zania\",\"item\":\"https:\/\/www.mastercam.com\/pl\/rozwiazania\/\"},{\"@type\":\"ListItem\",\"position\":3,\"name\":\"Bran\u017ce\"}]},{\"@type\":\"WebSite\",\"@id\":\"https:\/\/www.mastercam.com\/pl\/#website\",\"url\":\"https:\/\/www.mastercam.com\/pl\/\",\"name\":\"Mastercam\",\"description\":\"Creating software and services that solve the world&#039;s manufacturing challenges\",\"publisher\":{\"@id\":\"https:\/\/www.mastercam.com\/pl\/#organization\"},\"potentialAction\":[{\"@type\":\"SearchAction\",\"target\":{\"@type\":\"EntryPoint\",\"urlTemplate\":\"https:\/\/www.mastercam.com\/pl\/?s={search_term_string}\"},\"query-input\":{\"@type\":\"PropertyValueSpecification\",\"valueRequired\":true,\"valueName\":\"search_term_string\"}}],\"inLanguage\":\"pl-PL\"},{\"@type\":\"Organization\",\"@id\":\"https:\/\/www.mastercam.com\/pl\/#organization\",\"name\":\"Mastercam\",\"url\":\"https:\/\/www.mastercam.com\/pl\/\",\"logo\":{\"@type\":\"ImageObject\",\"inLanguage\":\"pl-PL\",\"@id\":\"https:\/\/www.mastercam.com\/pl\/#\/schema\/logo\/image\/\",\"url\":\"https:\/\/www.mastercam.com\/wp-content\/uploads\/2023\/02\/MC_logo.svg\",\"contentUrl\":\"https:\/\/www.mastercam.com\/wp-content\/uploads\/2023\/02\/MC_logo.svg\",\"width\":230,\"height\":40,\"caption\":\"Mastercam\"},\"image\":{\"@id\":\"https:\/\/www.mastercam.com\/pl\/#\/schema\/logo\/image\/\"},\"sameAs\":[\"https:\/\/www.facebook.com\/Mastercam\/\",\"https:\/\/x.com\/mastercam\",\"https:\/\/www.linkedin.com\/company\/mastercam\",\"https:\/\/www.youtube.com\/channel\/UChJt5ruSkqnmFH44WsXVZLw\",\"https:\/\/www.instagram.com\/mastercam\/\"]}]}<\/script>\n<!-- \/ Yoast SEO plugin. -->","yoast_head_json":{"title":"Bran\u017ce korzystaj\u0105ce z naszego oprogramowania | Mastercam","description":"Mastercam to oprogramowanie CAD\/CAM nr 1 u\u017cywane na ca\u0142ym \u015bwiecie w r\u00f3\u017cnych bran\u017cach produkcyjnych. Dowiedz si\u0119, jak radzimy sobie z wysokimi wymaganiami w zakresie produktywno\u015bci.","robots":{"index":"index","follow":"follow","max-snippet":"max-snippet:-1","max-image-preview":"max-image-preview:large","max-video-preview":"max-video-preview:-1"},"canonical":"https:\/\/www.mastercam.com\/pl\/rozwiazania\/branze\/","og_locale":"pl_PL","og_type":"article","og_title":"Bran\u017ce korzystaj\u0105ce z naszego oprogramowania | Mastercam","og_description":"Mastercam to oprogramowanie CAD\/CAM nr 1 u\u017cywane na ca\u0142ym \u015bwiecie w r\u00f3\u017cnych bran\u017cach produkcyjnych. Dowiedz si\u0119, jak radzimy sobie z wysokimi wymaganiami w zakresie produktywno\u015bci.","og_url":"https:\/\/www.mastercam.com\/pl\/rozwiazania\/branze\/","og_site_name":"mastercam.com","article_publisher":"https:\/\/www.facebook.com\/Mastercam\/","article_modified_time":"2026-01-16T16:09:09+00:00","og_image":[{"width":1200,"height":675,"url":"https:\/\/www.mastercam.com\/wp-content\/uploads\/2024\/02\/drill-wide-photo-1200x675-1.jpg","type":"image\/jpeg"}],"twitter_card":"summary_large_image","twitter_site":"@mastercam","schema":{"@context":"https:\/\/schema.org","@graph":[{"@type":"WebPage","@id":"https:\/\/www.mastercam.com\/pl\/rozwiazania\/branze\/","url":"https:\/\/www.mastercam.com\/pl\/rozwiazania\/branze\/","name":"Bran\u017ce korzystaj\u0105ce z naszego oprogramowania | Mastercam","isPartOf":{"@id":"https:\/\/www.mastercam.com\/pl\/#website"},"datePublished":"2023-01-13T00:55:57+00:00","dateModified":"2026-01-16T16:09:09+00:00","description":"Mastercam to oprogramowanie CAD\/CAM nr 1 u\u017cywane na ca\u0142ym \u015bwiecie w r\u00f3\u017cnych bran\u017cach produkcyjnych. Dowiedz si\u0119, jak radzimy sobie z wysokimi wymaganiami w zakresie produktywno\u015bci.","breadcrumb":{"@id":"https:\/\/www.mastercam.com\/pl\/rozwiazania\/branze\/#breadcrumb"},"inLanguage":"pl-PL","potentialAction":[{"@type":"ReadAction","target":["https:\/\/www.mastercam.com\/pl\/rozwiazania\/branze\/"]}]},{"@type":"BreadcrumbList","@id":"https:\/\/www.mastercam.com\/pl\/rozwiazania\/branze\/#breadcrumb","itemListElement":[{"@type":"ListItem","position":1,"name":"Home","item":"https:\/\/www.mastercam.com\/pl\/"},{"@type":"ListItem","position":2,"name":"Rozwi\u0105zania","item":"https:\/\/www.mastercam.com\/pl\/rozwiazania\/"},{"@type":"ListItem","position":3,"name":"Bran\u017ce"}]},{"@type":"WebSite","@id":"https:\/\/www.mastercam.com\/pl\/#website","url":"https:\/\/www.mastercam.com\/pl\/","name":"Mastercam","description":"Creating software and services that solve the world&#039;s manufacturing challenges","publisher":{"@id":"https:\/\/www.mastercam.com\/pl\/#organization"},"potentialAction":[{"@type":"SearchAction","target":{"@type":"EntryPoint","urlTemplate":"https:\/\/www.mastercam.com\/pl\/?s={search_term_string}"},"query-input":{"@type":"PropertyValueSpecification","valueRequired":true,"valueName":"search_term_string"}}],"inLanguage":"pl-PL"},{"@type":"Organization","@id":"https:\/\/www.mastercam.com\/pl\/#organization","name":"Mastercam","url":"https:\/\/www.mastercam.com\/pl\/","logo":{"@type":"ImageObject","inLanguage":"pl-PL","@id":"https:\/\/www.mastercam.com\/pl\/#\/schema\/logo\/image\/","url":"https:\/\/www.mastercam.com\/wp-content\/uploads\/2023\/02\/MC_logo.svg","contentUrl":"https:\/\/www.mastercam.com\/wp-content\/uploads\/2023\/02\/MC_logo.svg","width":230,"height":40,"caption":"Mastercam"},"image":{"@id":"https:\/\/www.mastercam.com\/pl\/#\/schema\/logo\/image\/"},"sameAs":["https:\/\/www.facebook.com\/Mastercam\/","https:\/\/x.com\/mastercam","https:\/\/www.linkedin.com\/company\/mastercam","https:\/\/www.youtube.com\/channel\/UChJt5ruSkqnmFH44WsXVZLw","https:\/\/www.instagram.com\/mastercam\/"]}]}},"_links":{"self":[{"href":"https:\/\/www.mastercam.com\/pl\/wp-json\/wp\/v2\/pages\/36615","targetHints":{"allow":["GET"]}}],"collection":[{"href":"https:\/\/www.mastercam.com\/pl\/wp-json\/wp\/v2\/pages"}],"about":[{"href":"https:\/\/www.mastercam.com\/pl\/wp-json\/wp\/v2\/types\/page"}],"author":[{"embeddable":true,"href":"https:\/\/www.mastercam.com\/pl\/wp-json\/wp\/v2\/users\/1"}],"replies":[{"embeddable":true,"href":"https:\/\/www.mastercam.com\/pl\/wp-json\/wp\/v2\/comments?post=36615"}],"version-history":[{"count":0,"href":"https:\/\/www.mastercam.com\/pl\/wp-json\/wp\/v2\/pages\/36615\/revisions"}],"up":[{"embeddable":true,"href":"https:\/\/www.mastercam.com\/pl\/wp-json\/wp\/v2\/pages\/36479"}],"wp:attachment":[{"href":"https:\/\/www.mastercam.com\/pl\/wp-json\/wp\/v2\/media?parent=36615"}],"curies":[{"name":"wp","href":"https:\/\/api.w.org\/{rel}","templated":true}]}}