{"id":36308,"date":"2023-01-31T19:04:52","date_gmt":"2023-02-01T00:04:52","guid":{"rendered":"https:\/\/www.mastercam.com\/historie-sukcesu\/"},"modified":"2026-01-16T11:08:45","modified_gmt":"2026-01-16T16:08:45","slug":"historie-sukcesu","status":"publish","type":"page","link":"https:\/\/www.mastercam.com\/pl\/historie-sukcesu\/","title":{"rendered":"Historie sukcesu"},"content":{"rendered":"","protected":false},"excerpt":{"rendered":"","protected":false},"author":1,"featured_media":36309,"parent":0,"menu_order":0,"comment_status":"closed","ping_status":"closed","template":"case-study.blade.php","meta":{"_acf_changed":false,"footnotes":""},"class_list":["post-36308","page","type-page","status-publish","has-post-thumbnail","hentry"],"acf":[],"yoast_head":"<!-- This site is optimized with the Yoast SEO plugin v27.4 - https:\/\/yoast.com\/product\/yoast-seo-wordpress\/ -->\n<title>Historie sukcesu - mastercam.com<\/title>\n<meta name=\"description\" content=\"Dowiedz si\u0119, w jaki spos\u00f3b produkty Mastercam s\u0105 wykorzystywane przez naszych klient\u00f3w w wielu bran\u017cach do automatyzacji i usprawnienia programowania CNC w r\u00f3\u017cnych zastosowaniach.\" \/>\n<meta name=\"robots\" content=\"index, follow, max-snippet:-1, max-image-preview:large, max-video-preview:-1\" \/>\n<link rel=\"canonical\" href=\"https:\/\/www.mastercam.com\/pl\/historie-sukcesu\/\" \/>\n<meta property=\"og:locale\" content=\"pl_PL\" \/>\n<meta property=\"og:type\" content=\"article\" \/>\n<meta property=\"og:title\" content=\"Historie sukcesu - mastercam.com\" \/>\n<meta property=\"og:description\" content=\"Dowiedz si\u0119, w jaki spos\u00f3b produkty Mastercam s\u0105 wykorzystywane przez naszych klient\u00f3w w wielu bran\u017cach do automatyzacji i usprawnienia programowania CNC w r\u00f3\u017cnych zastosowaniach.\" \/>\n<meta property=\"og:url\" content=\"https:\/\/www.mastercam.com\/pl\/historie-sukcesu\/\" \/>\n<meta property=\"og:site_name\" content=\"mastercam.com\" \/>\n<meta property=\"article:publisher\" content=\"https:\/\/www.facebook.com\/Mastercam\/\" \/>\n<meta property=\"article:modified_time\" content=\"2026-01-16T16:08:45+00:00\" \/>\n<meta property=\"og:image\" content=\"https:\/\/www.mastercam.com\/wp-content\/uploads\/2025\/08\/man-at-laptop.jpg\" \/>\n<meta name=\"twitter:card\" content=\"summary_large_image\" \/>\n<meta name=\"twitter:image\" content=\"https:\/\/www.mastercam.com\/wp-content\/uploads\/2025\/08\/man-at-laptop.jpg\" \/>\n<meta name=\"twitter:site\" content=\"@mastercam\" \/>\n<script type=\"application\/ld+json\" class=\"yoast-schema-graph\">{\"@context\":\"https:\\\/\\\/schema.org\",\"@graph\":[{\"@type\":\"WebPage\",\"@id\":\"https:\\\/\\\/www.mastercam.com\\\/pl\\\/historie-sukcesu\\\/\",\"url\":\"https:\\\/\\\/www.mastercam.com\\\/pl\\\/historie-sukcesu\\\/\",\"name\":\"Historie sukcesu - mastercam.com\",\"isPartOf\":{\"@id\":\"https:\\\/\\\/www.mastercam.com\\\/pl\\\/#website\"},\"primaryImageOfPage\":{\"@id\":\"https:\\\/\\\/www.mastercam.com\\\/pl\\\/historie-sukcesu\\\/#primaryimage\"},\"image\":{\"@id\":\"https:\\\/\\\/www.mastercam.com\\\/pl\\\/historie-sukcesu\\\/#primaryimage\"},\"thumbnailUrl\":\"https:\\\/\\\/www.mastercam.com\\\/wp-content\\\/uploads\\\/2025\\\/11\\\/172A6145-scaled.jpg\",\"datePublished\":\"2023-02-01T00:04:52+00:00\",\"dateModified\":\"2026-01-16T16:08:45+00:00\",\"description\":\"Dowiedz si\u0119, w jaki spos\u00f3b produkty Mastercam s\u0105 wykorzystywane przez naszych klient\u00f3w w wielu bran\u017cach do automatyzacji i usprawnienia programowania CNC w r\u00f3\u017cnych zastosowaniach.\",\"breadcrumb\":{\"@id\":\"https:\\\/\\\/www.mastercam.com\\\/pl\\\/historie-sukcesu\\\/#breadcrumb\"},\"inLanguage\":\"pl-PL\",\"potentialAction\":[{\"@type\":\"ReadAction\",\"target\":[\"https:\\\/\\\/www.mastercam.com\\\/pl\\\/historie-sukcesu\\\/\"]}]},{\"@type\":\"ImageObject\",\"inLanguage\":\"pl-PL\",\"@id\":\"https:\\\/\\\/www.mastercam.com\\\/pl\\\/historie-sukcesu\\\/#primaryimage\",\"url\":\"https:\\\/\\\/www.mastercam.com\\\/wp-content\\\/uploads\\\/2025\\\/11\\\/172A6145-scaled.jpg\",\"contentUrl\":\"https:\\\/\\\/www.mastercam.com\\\/wp-content\\\/uploads\\\/2025\\\/11\\\/172A6145-scaled.jpg\",\"width\":2560,\"height\":1708,\"caption\":\"m\u0119\u017cczyzna w sklepie maszynowym stoj\u0105cy przed sprz\u0119tem ze z\u0142o\u017conymi r\u0119kami\"},{\"@type\":\"BreadcrumbList\",\"@id\":\"https:\\\/\\\/www.mastercam.com\\\/pl\\\/historie-sukcesu\\\/#breadcrumb\",\"itemListElement\":[{\"@type\":\"ListItem\",\"position\":1,\"name\":\"Home\",\"item\":\"https:\\\/\\\/www.mastercam.com\\\/pl\\\/\"},{\"@type\":\"ListItem\",\"position\":2,\"name\":\"Historie sukcesu\"}]},{\"@type\":\"WebSite\",\"@id\":\"https:\\\/\\\/www.mastercam.com\\\/pl\\\/#website\",\"url\":\"https:\\\/\\\/www.mastercam.com\\\/pl\\\/\",\"name\":\"Mastercam\",\"description\":\"Creating software and services that solve the world&#039;s manufacturing challenges\",\"publisher\":{\"@id\":\"https:\\\/\\\/www.mastercam.com\\\/pl\\\/#organization\"},\"potentialAction\":[{\"@type\":\"SearchAction\",\"target\":{\"@type\":\"EntryPoint\",\"urlTemplate\":\"https:\\\/\\\/www.mastercam.com\\\/pl\\\/?s={search_term_string}\"},\"query-input\":{\"@type\":\"PropertyValueSpecification\",\"valueRequired\":true,\"valueName\":\"search_term_string\"}}],\"inLanguage\":\"pl-PL\"},{\"@type\":\"Organization\",\"@id\":\"https:\\\/\\\/www.mastercam.com\\\/pl\\\/#organization\",\"name\":\"Mastercam\",\"url\":\"https:\\\/\\\/www.mastercam.com\\\/pl\\\/\",\"logo\":{\"@type\":\"ImageObject\",\"inLanguage\":\"pl-PL\",\"@id\":\"https:\\\/\\\/www.mastercam.com\\\/pl\\\/#\\\/schema\\\/logo\\\/image\\\/\",\"url\":\"https:\\\/\\\/www.mastercam.com\\\/wp-content\\\/uploads\\\/2023\\\/02\\\/MC_logo.svg\",\"contentUrl\":\"https:\\\/\\\/www.mastercam.com\\\/wp-content\\\/uploads\\\/2023\\\/02\\\/MC_logo.svg\",\"width\":230,\"height\":40,\"caption\":\"Mastercam\"},\"image\":{\"@id\":\"https:\\\/\\\/www.mastercam.com\\\/pl\\\/#\\\/schema\\\/logo\\\/image\\\/\"},\"sameAs\":[\"https:\\\/\\\/www.facebook.com\\\/Mastercam\\\/\",\"https:\\\/\\\/x.com\\\/mastercam\",\"https:\\\/\\\/www.linkedin.com\\\/company\\\/mastercam\",\"https:\\\/\\\/www.youtube.com\\\/channel\\\/UChJt5ruSkqnmFH44WsXVZLw\",\"https:\\\/\\\/www.instagram.com\\\/mastercam\\\/\"]}]}<\/script>\n<!-- \/ Yoast SEO plugin. -->","yoast_head_json":{"title":"Historie sukcesu - mastercam.com","description":"Dowiedz si\u0119, w jaki spos\u00f3b produkty Mastercam s\u0105 wykorzystywane przez naszych klient\u00f3w w wielu bran\u017cach do automatyzacji i usprawnienia programowania CNC w r\u00f3\u017cnych zastosowaniach.","robots":{"index":"index","follow":"follow","max-snippet":"max-snippet:-1","max-image-preview":"max-image-preview:large","max-video-preview":"max-video-preview:-1"},"canonical":"https:\/\/www.mastercam.com\/pl\/historie-sukcesu\/","og_locale":"pl_PL","og_type":"article","og_title":"Historie sukcesu - mastercam.com","og_description":"Dowiedz si\u0119, w jaki spos\u00f3b produkty Mastercam s\u0105 wykorzystywane przez naszych klient\u00f3w w wielu bran\u017cach do automatyzacji i usprawnienia programowania CNC w r\u00f3\u017cnych zastosowaniach.","og_url":"https:\/\/www.mastercam.com\/pl\/historie-sukcesu\/","og_site_name":"mastercam.com","article_publisher":"https:\/\/www.facebook.com\/Mastercam\/","article_modified_time":"2026-01-16T16:08:45+00:00","og_image":[{"url":"https:\/\/www.mastercam.com\/wp-content\/uploads\/2025\/08\/man-at-laptop.jpg","type":"","width":"","height":""}],"twitter_card":"summary_large_image","twitter_image":"https:\/\/www.mastercam.com\/wp-content\/uploads\/2025\/08\/man-at-laptop.jpg","twitter_site":"@mastercam","schema":{"@context":"https:\/\/schema.org","@graph":[{"@type":"WebPage","@id":"https:\/\/www.mastercam.com\/pl\/historie-sukcesu\/","url":"https:\/\/www.mastercam.com\/pl\/historie-sukcesu\/","name":"Historie sukcesu - mastercam.com","isPartOf":{"@id":"https:\/\/www.mastercam.com\/pl\/#website"},"primaryImageOfPage":{"@id":"https:\/\/www.mastercam.com\/pl\/historie-sukcesu\/#primaryimage"},"image":{"@id":"https:\/\/www.mastercam.com\/pl\/historie-sukcesu\/#primaryimage"},"thumbnailUrl":"https:\/\/www.mastercam.com\/wp-content\/uploads\/2025\/11\/172A6145-scaled.jpg","datePublished":"2023-02-01T00:04:52+00:00","dateModified":"2026-01-16T16:08:45+00:00","description":"Dowiedz si\u0119, w jaki spos\u00f3b produkty Mastercam s\u0105 wykorzystywane przez naszych klient\u00f3w w wielu bran\u017cach do automatyzacji i usprawnienia programowania CNC w r\u00f3\u017cnych zastosowaniach.","breadcrumb":{"@id":"https:\/\/www.mastercam.com\/pl\/historie-sukcesu\/#breadcrumb"},"inLanguage":"pl-PL","potentialAction":[{"@type":"ReadAction","target":["https:\/\/www.mastercam.com\/pl\/historie-sukcesu\/"]}]},{"@type":"ImageObject","inLanguage":"pl-PL","@id":"https:\/\/www.mastercam.com\/pl\/historie-sukcesu\/#primaryimage","url":"https:\/\/www.mastercam.com\/wp-content\/uploads\/2025\/11\/172A6145-scaled.jpg","contentUrl":"https:\/\/www.mastercam.com\/wp-content\/uploads\/2025\/11\/172A6145-scaled.jpg","width":2560,"height":1708,"caption":"m\u0119\u017cczyzna w sklepie maszynowym stoj\u0105cy przed sprz\u0119tem ze z\u0142o\u017conymi r\u0119kami"},{"@type":"BreadcrumbList","@id":"https:\/\/www.mastercam.com\/pl\/historie-sukcesu\/#breadcrumb","itemListElement":[{"@type":"ListItem","position":1,"name":"Home","item":"https:\/\/www.mastercam.com\/pl\/"},{"@type":"ListItem","position":2,"name":"Historie sukcesu"}]},{"@type":"WebSite","@id":"https:\/\/www.mastercam.com\/pl\/#website","url":"https:\/\/www.mastercam.com\/pl\/","name":"Mastercam","description":"Creating software and services that solve the world&#039;s manufacturing challenges","publisher":{"@id":"https:\/\/www.mastercam.com\/pl\/#organization"},"potentialAction":[{"@type":"SearchAction","target":{"@type":"EntryPoint","urlTemplate":"https:\/\/www.mastercam.com\/pl\/?s={search_term_string}"},"query-input":{"@type":"PropertyValueSpecification","valueRequired":true,"valueName":"search_term_string"}}],"inLanguage":"pl-PL"},{"@type":"Organization","@id":"https:\/\/www.mastercam.com\/pl\/#organization","name":"Mastercam","url":"https:\/\/www.mastercam.com\/pl\/","logo":{"@type":"ImageObject","inLanguage":"pl-PL","@id":"https:\/\/www.mastercam.com\/pl\/#\/schema\/logo\/image\/","url":"https:\/\/www.mastercam.com\/wp-content\/uploads\/2023\/02\/MC_logo.svg","contentUrl":"https:\/\/www.mastercam.com\/wp-content\/uploads\/2023\/02\/MC_logo.svg","width":230,"height":40,"caption":"Mastercam"},"image":{"@id":"https:\/\/www.mastercam.com\/pl\/#\/schema\/logo\/image\/"},"sameAs":["https:\/\/www.facebook.com\/Mastercam\/","https:\/\/x.com\/mastercam","https:\/\/www.linkedin.com\/company\/mastercam","https:\/\/www.youtube.com\/channel\/UChJt5ruSkqnmFH44WsXVZLw","https:\/\/www.instagram.com\/mastercam\/"]}]}},"_links":{"self":[{"href":"https:\/\/www.mastercam.com\/pl\/wp-json\/wp\/v2\/pages\/36308","targetHints":{"allow":["GET"]}}],"collection":[{"href":"https:\/\/www.mastercam.com\/pl\/wp-json\/wp\/v2\/pages"}],"about":[{"href":"https:\/\/www.mastercam.com\/pl\/wp-json\/wp\/v2\/types\/page"}],"author":[{"embeddable":true,"href":"https:\/\/www.mastercam.com\/pl\/wp-json\/wp\/v2\/users\/1"}],"replies":[{"embeddable":true,"href":"https:\/\/www.mastercam.com\/pl\/wp-json\/wp\/v2\/comments?post=36308"}],"version-history":[{"count":0,"href":"https:\/\/www.mastercam.com\/pl\/wp-json\/wp\/v2\/pages\/36308\/revisions"}],"wp:featuredmedia":[{"embeddable":true,"href":"https:\/\/www.mastercam.com\/pl\/wp-json\/wp\/v2\/media\/36309"}],"wp:attachment":[{"href":"https:\/\/www.mastercam.com\/pl\/wp-json\/wp\/v2\/media?parent=36308"}],"curies":[{"name":"wp","href":"https:\/\/api.w.org\/{rel}","templated":true}]}}