{"id":36278,"date":"2023-01-31T19:04:23","date_gmt":"2023-02-01T00:04:23","guid":{"rendered":"https:\/\/www.mastercam.com\/zespol-zarzadzajacy\/"},"modified":"2026-01-16T11:08:53","modified_gmt":"2026-01-16T16:08:53","slug":"zespol-zarzadzajacy","status":"publish","type":"page","link":"https:\/\/www.mastercam.com\/pl\/aktualnosci\/o-nas\/zespol-zarzadzajacy\/","title":{"rendered":"Zesp\u00f3\u0142 zarz\u0105dzaj\u0105cy"},"content":{"rendered":"<div class=\"hero__breadcrumbs\">\n    <div class=\"container-fluid\">\n      <div class=\"row\">\n        <div class=\"col\">\n          <nav aria-label=\"breadcrumbs\"><ol class=\"breadcrumb\"><li><a href=\"https:\/\/www.mastercam.com\/pl\/\">Home<\/a><\/li><\/ol><\/nav>\n        <\/div>\n      <\/div>\n    <\/div>\n  <\/div>\n\n<div class=\"hero hero--minimal wp-block-acf-block-hero\">\n  <div class=\"container-fluid\">\n    <div class=\"row align-items-center\">\n      \n      \n      \n      <div class=\"col-12 col-lg-7 order-2 order-lg-2 hero__content-column\">\n        <div class=\"hero__content\">\n                      <h1 class=\"hero__heading\">\n              \n              Zesp\u00f3\u0142 zarz\u0105dzaj\u0105cy\n            <\/h1>\n          \n          \n          \n          \n          \n                  <\/div>\n      <\/div>\n    <\/div>\n  <\/div>\n<\/div>\n\n<div class=\"wp-block-group is-style-light-gray-bg is-layout-constrained wp-block-group-is-layout-constrained\" style=\"padding-top:var(--wp--preset--spacing--6);padding-bottom:var(--wp--preset--spacing--6)\">\n<div class=\"wp-block-columns is-style-container is-layout-flex wp-container-core-columns-is-layout-a61e1d87 wp-block-columns-is-layout-flex\" style=\"padding-bottom:var(--wp--preset--spacing--6)\">\n<div class=\"wp-block-column is-layout-flow wp-block-column-is-layout-flow\">\n<p>Od 1983 roku Mastercam ewoluowa\u0142 od pioniera CAD\/CAM do najcz\u0119\u015bciej u\u017cywanego oprogramowania CAM na \u015bwiecie. Dzi\u015b jeste\u015bmy podstaw\u0105 nowoczesnej produkcji &#8211; od prototypowni po zak\u0142ady produkcyjne na ca\u0142ym \u015bwiecie, wspierani przez nasz\u0105 sie\u0107 certyfikowanych partner\u00f3w, kt\u00f3rzy znaj\u0105 lokalny rynek i wyzwania. <\/p>\n\n\n\n<p>Nasz zesp\u00f3\u0142 \u0142\u0105czy dziesi\u0119ciolecia do\u015bwiadczenia na hali produkcyjnej z najnowocze\u015bniejsz\u0105 wiedz\u0105 w zakresie oprogramowania. In\u017cynierowie, kt\u00f3rzy uruchamiali maszyny. Programi\u015bci, kt\u00f3rzy rozumiej\u0105 kod G. Specjali\u015bci ds. wsparcia, kt\u00f3rzy rozwi\u0105zywali rzeczywiste problemy produkcyjne. To produkcyjne DNA nap\u0119dza ka\u017cd\u0105 podejmowan\u0105 przez nas decyzj\u0119 &#8211; poniewa\u017c nie tylko tworzymy oprogramowanie, ale tak\u017ce narz\u0119dzia, kt\u00f3re utrzymuj\u0105 konkurencyjno\u015b\u0107 i rentowno\u015b\u0107 sklep\u00f3w.    <\/p>\n\n\n\n<p>Miar\u0105 naszego sukcesu jest Tw\u00f3j. Kiedy udaje Ci si\u0119 osi\u0105gn\u0105\u0107 bardziej rygorystyczne tolerancje, skr\u00f3ci\u0107 czas cyklu lub wykona\u0107 niemo\u017cliwe zadanie, to w\u0142a\u015bnie to nas nap\u0119dza. <\/p>\n<\/div>\n\n\n\n<div class=\"wp-block-column is-layout-flow wp-block-column-is-layout-flow\" style=\"flex-basis:20rem\"><\/div>\n<\/div>\n\n\n\n<div class=\"wp-block-columns is-style-container is-layout-flex wp-container-core-columns-is-layout-28f84493 wp-block-columns-is-layout-flex\">\n<div class=\"wp-block-column is-layout-flow wp-block-column-is-layout-flow\">\n<h2 class=\"wp-block-heading has-text-align-left\">Zesp\u00f3\u0142 zarz\u0105dzaj\u0105cy<\/h2>\n\n\n<div class=\"container-fluid is-style-default aligncenter is-style-default wp-block-acf-block-cards\">\n  <div class=\"cards row g-4\">\n                                    <div class=\"col col-12 col-md-6 col-lg-4\">\n  <div class=\"card h-100 card--square card--linked\">\n          \n      <a href=\"http:\/\/www.mastercam.com\/pl\/about-us\/management\/russ-bukowski\/\" aria-hidden=\"true\" tabindex=\"-1\">\n        <div class=\"skeleton-image card-img-top\" style=\"--skeleton-aspect-ratio: 375 \/ 236;\">\n          <img decoding=\"async\" src=\"https:\/\/www.mastercam.com\/wp-content\/uploads\/2024\/02\/RussB1024x1024.jpg\" alt=\"\" loading=\"lazy\" onload=\"this.classList.add('loaded')\" \/>\n        <\/div>\n      <\/a>\n    \n    <div class=\"card-body\">\n      \n      <h3 class=\"card-title\">Russ Bukowski<\/h3>\n\n              <p class=\"card-text\">Prezes<\/p>\n      \n          <\/div>\n\n          \n      <div class=\"card-footer\">\n        <a class=\"btn btn-outline-secondary\" href=\"http:\/\/www.mastercam.com\/pl\/about-us\/management\/russ-bukowski\/\">\n          Czytaj wi\u0119cej<span class=\"sr-only\"> about Russ Bukowski<\/span>\n        <\/a>\n      <\/div>\n      <\/div>\n\n  <\/div>\n                                        <div class=\"col col-12 col-md-6 col-lg-4\">\n  <div class=\"card h-100 card--square card--linked\">\n          \n      <a href=\"http:\/\/www.mastercam.com\/pl\/about-us\/management\/karen-gibbs\/\" aria-hidden=\"true\" tabindex=\"-1\">\n        <div class=\"skeleton-image card-img-top\" style=\"--skeleton-aspect-ratio: 375 \/ 236;\">\n          <img decoding=\"async\" src=\"https:\/\/www.mastercam.com\/wp-content\/uploads\/2025\/04\/Gibbs_Karen-1-1024x819.png\" alt=\"\" loading=\"lazy\" onload=\"this.classList.add('loaded')\" \/>\n        <\/div>\n      <\/a>\n    \n    <div class=\"card-body\">\n      \n      <h3 class=\"card-title\">Karen Gibbs<\/h3>\n\n              <p class=\"card-text\">Dyrektor finansowy<\/p>\n      \n          <\/div>\n\n          \n      <div class=\"card-footer\">\n        <a class=\"btn btn-outline-secondary\" href=\"http:\/\/www.mastercam.com\/pl\/about-us\/management\/karen-gibbs\/\">\n          Czytaj wi\u0119cej<span class=\"sr-only\"> about Karen Gibbs<\/span>\n        <\/a>\n      <\/div>\n      <\/div>\n\n  <\/div>\n                                        <div class=\"col col-12 col-md-6 col-lg-4\">\n  <div class=\"card h-100 card--square card--linked\">\n          \n      <a href=\"http:\/\/www.mastercam.com\/pl\/about-us\/management\/geoff-nevins\/\" aria-hidden=\"true\" tabindex=\"-1\">\n        <div class=\"skeleton-image card-img-top\" style=\"--skeleton-aspect-ratio: 375 \/ 236;\">\n          <img decoding=\"async\" src=\"https:\/\/www.mastercam.com\/wp-content\/uploads\/2024\/02\/GeoffN1024x1024.jpg\" alt=\"\" loading=\"lazy\" onload=\"this.classList.add('loaded')\" \/>\n        <\/div>\n      <\/a>\n    \n    <div class=\"card-body\">\n      \n      <h3 class=\"card-title\">Geoff Nevins<\/h3>\n\n              <p class=\"card-text\">Dyrektor ds. informacji<\/p>\n      \n          <\/div>\n\n          \n      <div class=\"card-footer\">\n        <a class=\"btn btn-outline-secondary\" href=\"http:\/\/www.mastercam.com\/pl\/about-us\/management\/geoff-nevins\/\">\n          Czytaj wi\u0119cej<span class=\"sr-only\"> about Geoff Nevins<\/span>\n        <\/a>\n      <\/div>\n      <\/div>\n\n  <\/div>\n                                        <div class=\"col col-12 col-md-6 col-lg-4\">\n  <div class=\"card h-100 card--square card--linked\">\n          \n      <a href=\"https:\/\/www.mastercam.com\/pl\/about-us\/management\/nand-shivkumar\/\" aria-hidden=\"true\" tabindex=\"-1\">\n        <div class=\"skeleton-image card-img-top\" style=\"--skeleton-aspect-ratio: 375 \/ 236;\">\n          <img decoding=\"async\" src=\"https:\/\/www.mastercam.com\/wp-content\/uploads\/2024\/10\/Nand_Headshot_Square.jpg\" alt=\"\" loading=\"lazy\" onload=\"this.classList.add('loaded')\" \/>\n        <\/div>\n      <\/a>\n    \n    <div class=\"card-body\">\n      \n      <h3 class=\"card-title\">Nand Shivkumar<\/h3>\n\n              <p class=\"card-text\">Dyrektor ds. innowacji<\/p>\n      \n          <\/div>\n\n          \n      <div class=\"card-footer\">\n        <a class=\"btn btn-outline-secondary\" href=\"https:\/\/www.mastercam.com\/pl\/about-us\/management\/nand-shivkumar\/\">\n          Czytaj wi\u0119cej<span class=\"sr-only\"> about Nand Shivkumar<\/span>\n        <\/a>\n      <\/div>\n      <\/div>\n\n  <\/div>\n                                        <div class=\"col col-12 col-md-6 col-lg-4\">\n  <div class=\"card h-100 card--square card--linked\">\n          \n      <a href=\"https:\/\/www.mastercam.com\/pl\/about-us\/management\/nicolas-le-moigne\/\" aria-hidden=\"true\" tabindex=\"-1\">\n        <div class=\"skeleton-image card-img-top\" style=\"--skeleton-aspect-ratio: 375 \/ 236;\">\n          <img decoding=\"async\" src=\"https:\/\/www.mastercam.com\/wp-content\/uploads\/2024\/06\/NicolasLeMoigne-1024x819.jpg\" alt=\"\" loading=\"lazy\" onload=\"this.classList.add('loaded')\" \/>\n        <\/div>\n      <\/a>\n    \n    <div class=\"card-body\">\n      \n      <h3 class=\"card-title\">Nicolas Le Moigne<\/h3>\n\n              <p class=\"card-text\">Dyrektor ds. przychod\u00f3w<\/p>\n      \n          <\/div>\n\n          \n      <div class=\"card-footer\">\n        <a class=\"btn btn-outline-secondary\" href=\"https:\/\/www.mastercam.com\/pl\/about-us\/management\/nicolas-le-moigne\/\">\n          Czytaj wi\u0119cej<span class=\"sr-only\"> about Nicolas Le Moigne<\/span>\n        <\/a>\n      <\/div>\n      <\/div>\n\n  <\/div>\n                                        <div class=\"col col-12 col-md-6 col-lg-4\">\n  <div class=\"card h-100 card--square card--linked\">\n          \n      <a href=\"https:\/\/www.mastercam.com\/pl\/about-us\/management\/jason-chateauneuf\/\" aria-hidden=\"true\" tabindex=\"-1\">\n        <div class=\"skeleton-image card-img-top\" style=\"--skeleton-aspect-ratio: 375 \/ 236;\">\n          <img decoding=\"async\" src=\"https:\/\/www.mastercam.com\/wp-content\/uploads\/2024\/04\/Chateauneuf_Jason-1024x819.jpg\" alt=\"\" loading=\"lazy\" onload=\"this.classList.add('loaded')\" \/>\n        <\/div>\n      <\/a>\n    \n    <div class=\"card-body\">\n      \n      <h3 class=\"card-title\">Jason Chateauneuf<\/h3>\n\n              <p class=\"card-text\">Wiceprezes i dyrektor ds. zasob\u00f3w ludzkich<\/p>\n      \n          <\/div>\n\n          \n      <div class=\"card-footer\">\n        <a class=\"btn btn-outline-secondary\" href=\"https:\/\/www.mastercam.com\/pl\/about-us\/management\/jason-chateauneuf\/\">\n          Czytaj wi\u0119cej<span class=\"sr-only\"> about Jason Chateauneuf<\/span>\n        <\/a>\n      <\/div>\n      <\/div>\n\n  <\/div>\n                                        <div class=\"col col-12 col-md-6 col-lg-4\">\n  <div class=\"card h-100 card--square card--linked\">\n          \n      <a href=\"https:\/\/www.mastercam.com\/pl\/about-us\/management\/shannon-lesane\/\" aria-hidden=\"true\" tabindex=\"-1\">\n        <div class=\"skeleton-image card-img-top\" style=\"--skeleton-aspect-ratio: 375 \/ 236;\">\n          <img decoding=\"async\" src=\"https:\/\/www.mastercam.com\/wp-content\/uploads\/2025\/02\/ShannonLesaneHeadshot-1024x1024.jpg\" alt=\"\" loading=\"lazy\" onload=\"this.classList.add('loaded')\" \/>\n        <\/div>\n      <\/a>\n    \n    <div class=\"card-body\">\n      \n      <h3 class=\"card-title\">Shannon Lesane<\/h3>\n\n              <p class=\"card-text\">Wiceprezes ds. sukcesu klient\u00f3w i realizacji program\u00f3w<\/p>\n      \n          <\/div>\n\n          \n      <div class=\"card-footer\">\n        <a class=\"btn btn-outline-secondary\" href=\"https:\/\/www.mastercam.com\/pl\/about-us\/management\/shannon-lesane\/\">\n          Czytaj wi\u0119cej<span class=\"sr-only\"> about Shannon Lesane<\/span>\n        <\/a>\n      <\/div>\n      <\/div>\n\n  <\/div>\n                    <\/div>\n<\/div>\n<\/div>\n<\/div>\n<\/div>\n","protected":false},"excerpt":{"rendered":"<p>Od 1983 roku Mastercam ewoluowa\u0142 od pioniera CAD\/CAM do najcz\u0119\u015bciej u\u017cywanego oprogramowania CAM na \u015bwiecie. [&hellip;]<\/p>\n","protected":false},"author":1,"featured_media":43938,"parent":36870,"menu_order":0,"comment_status":"closed","ping_status":"closed","template":"","meta":{"_acf_changed":false,"footnotes":""},"class_list":["post-36278","page","type-page","status-publish","has-post-thumbnail","hentry"],"acf":[],"yoast_head":"<!-- This site is optimized with the Yoast SEO plugin v27.5 - https:\/\/yoast.com\/product\/yoast-seo-wordpress\/ -->\n<title>Zesp\u00f3\u0142 zarz\u0105dzaj\u0105cy - mastercam.com<\/title>\n<meta name=\"description\" content=\"Od 1983 roku Mastercam ewoluowa\u0142 od pioniera CAD\/CAM do najcz\u0119\u015bciej u\u017cywanego oprogramowania CAM na \u015bwiecie. Dzi\u015b jeste\u015bmy podstaw\u0105 nowoczesnej produkcji\" \/>\n<meta name=\"robots\" content=\"index, follow, max-snippet:-1, max-image-preview:large, max-video-preview:-1\" \/>\n<link rel=\"canonical\" href=\"https:\/\/www.mastercam.com\/pl\/aktualnosci\/o-nas\/zespol-zarzadzajacy\/\" \/>\n<meta property=\"og:locale\" content=\"pl_PL\" \/>\n<meta property=\"og:type\" content=\"article\" \/>\n<meta property=\"og:title\" content=\"Zesp\u00f3\u0142 zarz\u0105dzaj\u0105cy - mastercam.com\" \/>\n<meta property=\"og:description\" content=\"Od 1983 roku Mastercam ewoluowa\u0142 od pioniera CAD\/CAM do najcz\u0119\u015bciej u\u017cywanego oprogramowania CAM na \u015bwiecie. Dzi\u015b jeste\u015bmy podstaw\u0105 nowoczesnej produkcji\" \/>\n<meta property=\"og:url\" content=\"https:\/\/www.mastercam.com\/pl\/aktualnosci\/o-nas\/zespol-zarzadzajacy\/\" \/>\n<meta property=\"og:site_name\" content=\"mastercam.com\" \/>\n<meta property=\"article:publisher\" content=\"https:\/\/www.facebook.com\/Mastercam\/\" \/>\n<meta property=\"article:modified_time\" content=\"2026-01-16T16:08:53+00:00\" \/>\n<meta property=\"og:image\" content=\"https:\/\/www.mastercam.com\/wp-content\/uploads\/2026\/02\/Mastercam-NEW-Icon-Red-1.png\" \/>\n\t<meta property=\"og:image:width\" content=\"1581\" \/>\n\t<meta property=\"og:image:height\" content=\"1262\" \/>\n\t<meta property=\"og:image:type\" content=\"image\/png\" \/>\n<meta name=\"twitter:card\" content=\"summary_large_image\" \/>\n<meta name=\"twitter:site\" content=\"@mastercam\" \/>\n<meta name=\"twitter:label1\" content=\"Est. reading time\" \/>\n\t<meta name=\"twitter:data1\" content=\"1 minute\" \/>\n<script type=\"application\/ld+json\" class=\"yoast-schema-graph\">{\"@context\":\"https:\\\/\\\/schema.org\",\"@graph\":[{\"@type\":\"WebPage\",\"@id\":\"https:\\\/\\\/www.mastercam.com\\\/pl\\\/aktualnosci\\\/o-nas\\\/zespol-zarzadzajacy\\\/\",\"url\":\"https:\\\/\\\/www.mastercam.com\\\/pl\\\/aktualnosci\\\/o-nas\\\/zespol-zarzadzajacy\\\/\",\"name\":\"Zesp\u00f3\u0142 zarz\u0105dzaj\u0105cy - mastercam.com\",\"isPartOf\":{\"@id\":\"https:\\\/\\\/www.mastercam.com\\\/pl\\\/#website\"},\"primaryImageOfPage\":{\"@id\":\"https:\\\/\\\/www.mastercam.com\\\/pl\\\/aktualnosci\\\/o-nas\\\/zespol-zarzadzajacy\\\/#primaryimage\"},\"image\":{\"@id\":\"https:\\\/\\\/www.mastercam.com\\\/pl\\\/aktualnosci\\\/o-nas\\\/zespol-zarzadzajacy\\\/#primaryimage\"},\"thumbnailUrl\":\"https:\\\/\\\/www.mastercam.com\\\/wp-content\\\/uploads\\\/2026\\\/02\\\/Mastercam-NEW-Icon-Red-1.png\",\"datePublished\":\"2023-02-01T00:04:23+00:00\",\"dateModified\":\"2026-01-16T16:08:53+00:00\",\"description\":\"Od 1983 roku Mastercam ewoluowa\u0142 od pioniera CAD\\\/CAM do najcz\u0119\u015bciej u\u017cywanego oprogramowania CAM na \u015bwiecie. Dzi\u015b jeste\u015bmy podstaw\u0105 nowoczesnej produkcji\",\"breadcrumb\":{\"@id\":\"https:\\\/\\\/www.mastercam.com\\\/pl\\\/aktualnosci\\\/o-nas\\\/zespol-zarzadzajacy\\\/#breadcrumb\"},\"inLanguage\":\"pl-PL\",\"potentialAction\":[{\"@type\":\"ReadAction\",\"target\":[\"https:\\\/\\\/www.mastercam.com\\\/pl\\\/aktualnosci\\\/o-nas\\\/zespol-zarzadzajacy\\\/\"]}]},{\"@type\":\"ImageObject\",\"inLanguage\":\"pl-PL\",\"@id\":\"https:\\\/\\\/www.mastercam.com\\\/pl\\\/aktualnosci\\\/o-nas\\\/zespol-zarzadzajacy\\\/#primaryimage\",\"url\":\"https:\\\/\\\/www.mastercam.com\\\/wp-content\\\/uploads\\\/2026\\\/02\\\/Mastercam-NEW-Icon-Red-1.png\",\"contentUrl\":\"https:\\\/\\\/www.mastercam.com\\\/wp-content\\\/uploads\\\/2026\\\/02\\\/Mastercam-NEW-Icon-Red-1.png\",\"width\":1581,\"height\":1262,\"caption\":\"Znak logo mastercam\"},{\"@type\":\"BreadcrumbList\",\"@id\":\"https:\\\/\\\/www.mastercam.com\\\/pl\\\/aktualnosci\\\/o-nas\\\/zespol-zarzadzajacy\\\/#breadcrumb\",\"itemListElement\":[{\"@type\":\"ListItem\",\"position\":1,\"name\":\"Home\",\"item\":\"https:\\\/\\\/www.mastercam.com\\\/pl\\\/\"},{\"@type\":\"ListItem\",\"position\":2,\"name\":\"Aktualno\u015bci\",\"item\":\"https:\\\/\\\/www.mastercam.com\\\/pl\\\/aktualnosci\\\/\"},{\"@type\":\"ListItem\",\"position\":3,\"name\":\"Nasza historia\",\"item\":\"https:\\\/\\\/www.mastercam.com\\\/pl\\\/aktualnosci\\\/o-nas\\\/\"},{\"@type\":\"ListItem\",\"position\":4,\"name\":\"Zesp\u00f3\u0142 zarz\u0105dzaj\u0105cy\"}]},{\"@type\":\"WebSite\",\"@id\":\"https:\\\/\\\/www.mastercam.com\\\/pl\\\/#website\",\"url\":\"https:\\\/\\\/www.mastercam.com\\\/pl\\\/\",\"name\":\"Mastercam\",\"description\":\"Creating software and services that solve the world&#039;s manufacturing challenges\",\"publisher\":{\"@id\":\"https:\\\/\\\/www.mastercam.com\\\/pl\\\/#organization\"},\"potentialAction\":[{\"@type\":\"SearchAction\",\"target\":{\"@type\":\"EntryPoint\",\"urlTemplate\":\"https:\\\/\\\/www.mastercam.com\\\/pl\\\/?s={search_term_string}\"},\"query-input\":{\"@type\":\"PropertyValueSpecification\",\"valueRequired\":true,\"valueName\":\"search_term_string\"}}],\"inLanguage\":\"pl-PL\"},{\"@type\":\"Organization\",\"@id\":\"https:\\\/\\\/www.mastercam.com\\\/pl\\\/#organization\",\"name\":\"Mastercam\",\"url\":\"https:\\\/\\\/www.mastercam.com\\\/pl\\\/\",\"logo\":{\"@type\":\"ImageObject\",\"inLanguage\":\"pl-PL\",\"@id\":\"https:\\\/\\\/www.mastercam.com\\\/pl\\\/#\\\/schema\\\/logo\\\/image\\\/\",\"url\":\"https:\\\/\\\/www.mastercam.com\\\/wp-content\\\/uploads\\\/2023\\\/02\\\/MC_logo.svg\",\"contentUrl\":\"https:\\\/\\\/www.mastercam.com\\\/wp-content\\\/uploads\\\/2023\\\/02\\\/MC_logo.svg\",\"width\":230,\"height\":40,\"caption\":\"Mastercam\"},\"image\":{\"@id\":\"https:\\\/\\\/www.mastercam.com\\\/pl\\\/#\\\/schema\\\/logo\\\/image\\\/\"},\"sameAs\":[\"https:\\\/\\\/www.facebook.com\\\/Mastercam\\\/\",\"https:\\\/\\\/x.com\\\/mastercam\",\"https:\\\/\\\/www.linkedin.com\\\/company\\\/mastercam\",\"https:\\\/\\\/www.youtube.com\\\/channel\\\/UChJt5ruSkqnmFH44WsXVZLw\",\"https:\\\/\\\/www.instagram.com\\\/mastercam\\\/\"]}]}<\/script>\n<!-- \/ Yoast SEO plugin. -->","yoast_head_json":{"title":"Zesp\u00f3\u0142 zarz\u0105dzaj\u0105cy - mastercam.com","description":"Od 1983 roku Mastercam ewoluowa\u0142 od pioniera CAD\/CAM do najcz\u0119\u015bciej u\u017cywanego oprogramowania CAM na \u015bwiecie. Dzi\u015b jeste\u015bmy podstaw\u0105 nowoczesnej produkcji","robots":{"index":"index","follow":"follow","max-snippet":"max-snippet:-1","max-image-preview":"max-image-preview:large","max-video-preview":"max-video-preview:-1"},"canonical":"https:\/\/www.mastercam.com\/pl\/aktualnosci\/o-nas\/zespol-zarzadzajacy\/","og_locale":"pl_PL","og_type":"article","og_title":"Zesp\u00f3\u0142 zarz\u0105dzaj\u0105cy - mastercam.com","og_description":"Od 1983 roku Mastercam ewoluowa\u0142 od pioniera CAD\/CAM do najcz\u0119\u015bciej u\u017cywanego oprogramowania CAM na \u015bwiecie. Dzi\u015b jeste\u015bmy podstaw\u0105 nowoczesnej produkcji","og_url":"https:\/\/www.mastercam.com\/pl\/aktualnosci\/o-nas\/zespol-zarzadzajacy\/","og_site_name":"mastercam.com","article_publisher":"https:\/\/www.facebook.com\/Mastercam\/","article_modified_time":"2026-01-16T16:08:53+00:00","og_image":[{"width":1581,"height":1262,"url":"https:\/\/www.mastercam.com\/wp-content\/uploads\/2026\/02\/Mastercam-NEW-Icon-Red-1.png","type":"image\/png"}],"twitter_card":"summary_large_image","twitter_site":"@mastercam","twitter_misc":{"Est. reading time":"1 minute"},"schema":{"@context":"https:\/\/schema.org","@graph":[{"@type":"WebPage","@id":"https:\/\/www.mastercam.com\/pl\/aktualnosci\/o-nas\/zespol-zarzadzajacy\/","url":"https:\/\/www.mastercam.com\/pl\/aktualnosci\/o-nas\/zespol-zarzadzajacy\/","name":"Zesp\u00f3\u0142 zarz\u0105dzaj\u0105cy - mastercam.com","isPartOf":{"@id":"https:\/\/www.mastercam.com\/pl\/#website"},"primaryImageOfPage":{"@id":"https:\/\/www.mastercam.com\/pl\/aktualnosci\/o-nas\/zespol-zarzadzajacy\/#primaryimage"},"image":{"@id":"https:\/\/www.mastercam.com\/pl\/aktualnosci\/o-nas\/zespol-zarzadzajacy\/#primaryimage"},"thumbnailUrl":"https:\/\/www.mastercam.com\/wp-content\/uploads\/2026\/02\/Mastercam-NEW-Icon-Red-1.png","datePublished":"2023-02-01T00:04:23+00:00","dateModified":"2026-01-16T16:08:53+00:00","description":"Od 1983 roku Mastercam ewoluowa\u0142 od pioniera CAD\/CAM do najcz\u0119\u015bciej u\u017cywanego oprogramowania CAM na \u015bwiecie. Dzi\u015b jeste\u015bmy podstaw\u0105 nowoczesnej produkcji","breadcrumb":{"@id":"https:\/\/www.mastercam.com\/pl\/aktualnosci\/o-nas\/zespol-zarzadzajacy\/#breadcrumb"},"inLanguage":"pl-PL","potentialAction":[{"@type":"ReadAction","target":["https:\/\/www.mastercam.com\/pl\/aktualnosci\/o-nas\/zespol-zarzadzajacy\/"]}]},{"@type":"ImageObject","inLanguage":"pl-PL","@id":"https:\/\/www.mastercam.com\/pl\/aktualnosci\/o-nas\/zespol-zarzadzajacy\/#primaryimage","url":"https:\/\/www.mastercam.com\/wp-content\/uploads\/2026\/02\/Mastercam-NEW-Icon-Red-1.png","contentUrl":"https:\/\/www.mastercam.com\/wp-content\/uploads\/2026\/02\/Mastercam-NEW-Icon-Red-1.png","width":1581,"height":1262,"caption":"Znak logo mastercam"},{"@type":"BreadcrumbList","@id":"https:\/\/www.mastercam.com\/pl\/aktualnosci\/o-nas\/zespol-zarzadzajacy\/#breadcrumb","itemListElement":[{"@type":"ListItem","position":1,"name":"Home","item":"https:\/\/www.mastercam.com\/pl\/"},{"@type":"ListItem","position":2,"name":"Aktualno\u015bci","item":"https:\/\/www.mastercam.com\/pl\/aktualnosci\/"},{"@type":"ListItem","position":3,"name":"Nasza historia","item":"https:\/\/www.mastercam.com\/pl\/aktualnosci\/o-nas\/"},{"@type":"ListItem","position":4,"name":"Zesp\u00f3\u0142 zarz\u0105dzaj\u0105cy"}]},{"@type":"WebSite","@id":"https:\/\/www.mastercam.com\/pl\/#website","url":"https:\/\/www.mastercam.com\/pl\/","name":"Mastercam","description":"Creating software and services that solve the world&#039;s manufacturing challenges","publisher":{"@id":"https:\/\/www.mastercam.com\/pl\/#organization"},"potentialAction":[{"@type":"SearchAction","target":{"@type":"EntryPoint","urlTemplate":"https:\/\/www.mastercam.com\/pl\/?s={search_term_string}"},"query-input":{"@type":"PropertyValueSpecification","valueRequired":true,"valueName":"search_term_string"}}],"inLanguage":"pl-PL"},{"@type":"Organization","@id":"https:\/\/www.mastercam.com\/pl\/#organization","name":"Mastercam","url":"https:\/\/www.mastercam.com\/pl\/","logo":{"@type":"ImageObject","inLanguage":"pl-PL","@id":"https:\/\/www.mastercam.com\/pl\/#\/schema\/logo\/image\/","url":"https:\/\/www.mastercam.com\/wp-content\/uploads\/2023\/02\/MC_logo.svg","contentUrl":"https:\/\/www.mastercam.com\/wp-content\/uploads\/2023\/02\/MC_logo.svg","width":230,"height":40,"caption":"Mastercam"},"image":{"@id":"https:\/\/www.mastercam.com\/pl\/#\/schema\/logo\/image\/"},"sameAs":["https:\/\/www.facebook.com\/Mastercam\/","https:\/\/x.com\/mastercam","https:\/\/www.linkedin.com\/company\/mastercam","https:\/\/www.youtube.com\/channel\/UChJt5ruSkqnmFH44WsXVZLw","https:\/\/www.instagram.com\/mastercam\/"]}]}},"_links":{"self":[{"href":"https:\/\/www.mastercam.com\/pl\/wp-json\/wp\/v2\/pages\/36278","targetHints":{"allow":["GET"]}}],"collection":[{"href":"https:\/\/www.mastercam.com\/pl\/wp-json\/wp\/v2\/pages"}],"about":[{"href":"https:\/\/www.mastercam.com\/pl\/wp-json\/wp\/v2\/types\/page"}],"author":[{"embeddable":true,"href":"https:\/\/www.mastercam.com\/pl\/wp-json\/wp\/v2\/users\/1"}],"replies":[{"embeddable":true,"href":"https:\/\/www.mastercam.com\/pl\/wp-json\/wp\/v2\/comments?post=36278"}],"version-history":[{"count":0,"href":"https:\/\/www.mastercam.com\/pl\/wp-json\/wp\/v2\/pages\/36278\/revisions"}],"up":[{"embeddable":true,"href":"https:\/\/www.mastercam.com\/pl\/wp-json\/wp\/v2\/pages\/36870"}],"wp:featuredmedia":[{"embeddable":true,"href":"https:\/\/www.mastercam.com\/pl\/wp-json\/wp\/v2\/media\/43938"}],"wp:attachment":[{"href":"https:\/\/www.mastercam.com\/pl\/wp-json\/wp\/v2\/media?parent=36278"}],"curies":[{"name":"wp","href":"https:\/\/api.w.org\/{rel}","templated":true}]}}