{"id":36249,"date":"2023-01-31T19:06:01","date_gmt":"2023-02-01T00:06:01","guid":{"rendered":"https:\/\/www.mastercam.com\/brian-summers\/"},"modified":"2026-01-16T11:08:53","modified_gmt":"2026-01-16T16:08:53","slug":"brian-summers","status":"publish","type":"page","link":"https:\/\/www.mastercam.com\/pl\/aktualnosci\/o-nas\/zespol-zarzadzajacy\/brian-summers\/","title":{"rendered":"Brian Summers"},"content":{"rendered":"\n<div class=\"wp-block-group alignwide is-layout-flow wp-block-group-is-layout-flow\">\n<div class=\"wp-block-media-text alignwide is-stacked-on-mobile is-style-container\" style=\"grid-template-columns:20% auto\"><figure class=\"wp-block-media-text__media\"><img loading=\"lazy\" decoding=\"async\" width=\"458\" height=\"458\" src=\"http:\/\/www.mastercam.com\/wp-content\/uploads\/2023\/02\/BrianSummers-458x458-1.png\" alt=\"\" class=\"wp-image-4362 size-medium\" srcset=\"https:\/\/www.mastercam.com\/wp-content\/uploads\/2023\/02\/BrianSummers-458x458-1.png 458w, https:\/\/www.mastercam.com\/wp-content\/uploads\/2023\/02\/BrianSummers-458x458-1-150x150.png 150w, https:\/\/www.mastercam.com\/wp-content\/uploads\/2023\/02\/BrianSummers-458x458-1-300x300.png 300w, https:\/\/www.mastercam.com\/wp-content\/uploads\/2023\/02\/BrianSummers-458x458-1-112x112.png 112w, https:\/\/www.mastercam.com\/wp-content\/uploads\/2023\/02\/BrianSummers-458x458-1-224x224.png 224w\" sizes=\"auto, (max-width: 458px) 100vw, 458px\" \/><\/figure><div class=\"wp-block-media-text__content\">\n<p><a href=\"https:\/\/www.mastercam.com\/pl\/\"><\/a><\/p>\n\n\n\n<div class=\"wp-block-group is-layout-flow wp-block-group-is-layout-flow\">\n<h2 class=\"wp-block-heading\">Brian Summers<\/h2>\n\n\n\n<div class=\"wp-block-group is-layout-flow wp-block-group-is-layout-flow\">\n<p>DORADCA<\/p>\n\n\n\n<div style=\"height:20px\" aria-hidden=\"true\" class=\"wp-block-spacer\"><\/div>\n\n\n\n<p>Brian jest zwi\u0105zany z Mastercam od 1986 roku. S\u0142u\u017cy firmie jako ambasador marki i dzia\u0142a jako rzecznik produkcji na ca\u0142ym \u015bwiecie. Wcze\u015bniej, jako wiceprezes wykonawczy, by\u0142 odpowiedzialny za zarz\u0105dzanie wzrostem, rozwojem i kondycj\u0105 firmy poprzez identyfikowanie potrzeb i motywowanie pracownik\u00f3w.    <\/p>\n\n\n\n<p>Brian posiada tytu\u0142 AS w dziedzinie in\u017cynierii oprogramowania z Hartford State Tech i jest aktywnie zaanga\u017cowany w wiele organizacji w Glastonbury, CT, gdzie mieszka z \u017con\u0105. Brian lubi sp\u0119dza\u0107 czas z dw\u00f3jk\u0105 swoich dzieci, przebywa\u0107 na \u015bwie\u017cym powietrzu, je\u017adzi\u0107 na rowerze, w\u0119drowa\u0107, je\u017adzi\u0107 na nartach i produkowa\u0107 wino. <\/p>\n<\/div>\n<\/div>\n<\/div><\/div>\n<\/div>\n","protected":false},"excerpt":{"rendered":"<p>Brian Summers DORADCA Brian jest zwi\u0105zany z Mastercam od 1986 roku. S\u0142u\u017cy firmie jako ambasador [&hellip;]<\/p>\n","protected":false},"author":1,"featured_media":0,"parent":36278,"menu_order":0,"comment_status":"closed","ping_status":"closed","template":"","meta":{"_acf_changed":false,"footnotes":""},"class_list":["post-36249","page","type-page","status-publish","hentry"],"acf":[],"yoast_head":"<!-- This site is optimized with the Yoast SEO plugin v26.8 - https:\/\/yoast.com\/product\/yoast-seo-wordpress\/ -->\n<title>Brian Summers - mastercam.com<\/title>\n<meta name=\"description\" content=\"Brian Summers DORADCA Brian jest zwi\u0105zany z Mastercam od 1986 roku. S\u0142u\u017cy firmie jako ambasador marki i dzia\u0142a jako rzecznik produkcji na ca\u0142ym \u015bwiecie.\" \/>\n<meta name=\"robots\" content=\"index, follow, max-snippet:-1, max-image-preview:large, max-video-preview:-1\" \/>\n<link rel=\"canonical\" href=\"https:\/\/www.mastercam.com\/pl\/aktualnosci\/o-nas\/zespol-zarzadzajacy\/brian-summers\/\" \/>\n<meta property=\"og:locale\" content=\"pl_PL\" \/>\n<meta property=\"og:type\" content=\"article\" \/>\n<meta property=\"og:title\" content=\"Brian Summers - mastercam.com\" \/>\n<meta property=\"og:description\" content=\"Brian Summers DORADCA Brian jest zwi\u0105zany z Mastercam od 1986 roku. S\u0142u\u017cy firmie jako ambasador marki i dzia\u0142a jako rzecznik produkcji na ca\u0142ym \u015bwiecie.\" \/>\n<meta property=\"og:url\" content=\"https:\/\/www.mastercam.com\/pl\/aktualnosci\/o-nas\/zespol-zarzadzajacy\/brian-summers\/\" \/>\n<meta property=\"og:site_name\" content=\"mastercam.com\" \/>\n<meta property=\"article:publisher\" content=\"https:\/\/www.facebook.com\/Mastercam\/\" \/>\n<meta property=\"article:modified_time\" content=\"2026-01-16T16:08:53+00:00\" \/>\n<meta property=\"og:image\" content=\"http:\/\/www.mastercam.com\/wp-content\/uploads\/2023\/02\/BrianSummers-458x458-1.png\" \/>\n<meta name=\"twitter:card\" content=\"summary_large_image\" \/>\n<meta name=\"twitter:site\" content=\"@mastercam\" \/>\n<meta name=\"twitter:label1\" content=\"Est. reading time\" \/>\n\t<meta name=\"twitter:data1\" content=\"1 minute\" \/>\n<script type=\"application\/ld+json\" class=\"yoast-schema-graph\">{\"@context\":\"https:\/\/schema.org\",\"@graph\":[{\"@type\":\"WebPage\",\"@id\":\"https:\/\/www.mastercam.com\/pl\/aktualnosci\/o-nas\/zespol-zarzadzajacy\/brian-summers\/\",\"url\":\"https:\/\/www.mastercam.com\/pl\/aktualnosci\/o-nas\/zespol-zarzadzajacy\/brian-summers\/\",\"name\":\"Brian Summers - mastercam.com\",\"isPartOf\":{\"@id\":\"https:\/\/www.mastercam.com\/pl\/#website\"},\"primaryImageOfPage\":{\"@id\":\"https:\/\/www.mastercam.com\/pl\/aktualnosci\/o-nas\/zespol-zarzadzajacy\/brian-summers\/#primaryimage\"},\"image\":{\"@id\":\"https:\/\/www.mastercam.com\/pl\/aktualnosci\/o-nas\/zespol-zarzadzajacy\/brian-summers\/#primaryimage\"},\"thumbnailUrl\":\"http:\/\/www.mastercam.com\/wp-content\/uploads\/2023\/02\/BrianSummers-458x458-1.png\",\"datePublished\":\"2023-02-01T00:06:01+00:00\",\"dateModified\":\"2026-01-16T16:08:53+00:00\",\"description\":\"Brian Summers DORADCA Brian jest zwi\u0105zany z Mastercam od 1986 roku. S\u0142u\u017cy firmie jako ambasador marki i dzia\u0142a jako rzecznik produkcji na ca\u0142ym \u015bwiecie.\",\"breadcrumb\":{\"@id\":\"https:\/\/www.mastercam.com\/pl\/aktualnosci\/o-nas\/zespol-zarzadzajacy\/brian-summers\/#breadcrumb\"},\"inLanguage\":\"pl-PL\",\"potentialAction\":[{\"@type\":\"ReadAction\",\"target\":[\"https:\/\/www.mastercam.com\/pl\/aktualnosci\/o-nas\/zespol-zarzadzajacy\/brian-summers\/\"]}]},{\"@type\":\"ImageObject\",\"inLanguage\":\"pl-PL\",\"@id\":\"https:\/\/www.mastercam.com\/pl\/aktualnosci\/o-nas\/zespol-zarzadzajacy\/brian-summers\/#primaryimage\",\"url\":\"http:\/\/www.mastercam.com\/wp-content\/uploads\/2023\/02\/BrianSummers-458x458-1.png\",\"contentUrl\":\"http:\/\/www.mastercam.com\/wp-content\/uploads\/2023\/02\/BrianSummers-458x458-1.png\"},{\"@type\":\"BreadcrumbList\",\"@id\":\"https:\/\/www.mastercam.com\/pl\/aktualnosci\/o-nas\/zespol-zarzadzajacy\/brian-summers\/#breadcrumb\",\"itemListElement\":[{\"@type\":\"ListItem\",\"position\":1,\"name\":\"Home\",\"item\":\"https:\/\/www.mastercam.com\/pl\/\"},{\"@type\":\"ListItem\",\"position\":2,\"name\":\"Aktualno\u015bci\",\"item\":\"https:\/\/www.mastercam.com\/pl\/aktualnosci\/\"},{\"@type\":\"ListItem\",\"position\":3,\"name\":\"Nasza historia\",\"item\":\"https:\/\/www.mastercam.com\/pl\/aktualnosci\/o-nas\/\"},{\"@type\":\"ListItem\",\"position\":4,\"name\":\"Zesp\u00f3\u0142 zarz\u0105dzaj\u0105cy\",\"item\":\"https:\/\/www.mastercam.com\/pl\/aktualnosci\/o-nas\/zespol-zarzadzajacy\/\"},{\"@type\":\"ListItem\",\"position\":5,\"name\":\"Brian Summers\"}]},{\"@type\":\"WebSite\",\"@id\":\"https:\/\/www.mastercam.com\/pl\/#website\",\"url\":\"https:\/\/www.mastercam.com\/pl\/\",\"name\":\"Mastercam\",\"description\":\"Creating software and services that solve the world&#039;s manufacturing challenges\",\"publisher\":{\"@id\":\"https:\/\/www.mastercam.com\/pl\/#organization\"},\"potentialAction\":[{\"@type\":\"SearchAction\",\"target\":{\"@type\":\"EntryPoint\",\"urlTemplate\":\"https:\/\/www.mastercam.com\/pl\/?s={search_term_string}\"},\"query-input\":{\"@type\":\"PropertyValueSpecification\",\"valueRequired\":true,\"valueName\":\"search_term_string\"}}],\"inLanguage\":\"pl-PL\"},{\"@type\":\"Organization\",\"@id\":\"https:\/\/www.mastercam.com\/pl\/#organization\",\"name\":\"Mastercam\",\"url\":\"https:\/\/www.mastercam.com\/pl\/\",\"logo\":{\"@type\":\"ImageObject\",\"inLanguage\":\"pl-PL\",\"@id\":\"https:\/\/www.mastercam.com\/pl\/#\/schema\/logo\/image\/\",\"url\":\"https:\/\/www.mastercam.com\/wp-content\/uploads\/2023\/02\/MC_logo.svg\",\"contentUrl\":\"https:\/\/www.mastercam.com\/wp-content\/uploads\/2023\/02\/MC_logo.svg\",\"width\":230,\"height\":40,\"caption\":\"Mastercam\"},\"image\":{\"@id\":\"https:\/\/www.mastercam.com\/pl\/#\/schema\/logo\/image\/\"},\"sameAs\":[\"https:\/\/www.facebook.com\/Mastercam\/\",\"https:\/\/x.com\/mastercam\",\"https:\/\/www.linkedin.com\/company\/mastercam\",\"https:\/\/www.youtube.com\/channel\/UChJt5ruSkqnmFH44WsXVZLw\",\"https:\/\/www.instagram.com\/mastercam\/\"]}]}<\/script>\n<!-- \/ Yoast SEO plugin. -->","yoast_head_json":{"title":"Brian Summers - mastercam.com","description":"Brian Summers DORADCA Brian jest zwi\u0105zany z Mastercam od 1986 roku. S\u0142u\u017cy firmie jako ambasador marki i dzia\u0142a jako rzecznik produkcji na ca\u0142ym \u015bwiecie.","robots":{"index":"index","follow":"follow","max-snippet":"max-snippet:-1","max-image-preview":"max-image-preview:large","max-video-preview":"max-video-preview:-1"},"canonical":"https:\/\/www.mastercam.com\/pl\/aktualnosci\/o-nas\/zespol-zarzadzajacy\/brian-summers\/","og_locale":"pl_PL","og_type":"article","og_title":"Brian Summers - mastercam.com","og_description":"Brian Summers DORADCA Brian jest zwi\u0105zany z Mastercam od 1986 roku. S\u0142u\u017cy firmie jako ambasador marki i dzia\u0142a jako rzecznik produkcji na ca\u0142ym \u015bwiecie.","og_url":"https:\/\/www.mastercam.com\/pl\/aktualnosci\/o-nas\/zespol-zarzadzajacy\/brian-summers\/","og_site_name":"mastercam.com","article_publisher":"https:\/\/www.facebook.com\/Mastercam\/","article_modified_time":"2026-01-16T16:08:53+00:00","og_image":[{"url":"http:\/\/www.mastercam.com\/wp-content\/uploads\/2023\/02\/BrianSummers-458x458-1.png","type":"","width":"","height":""}],"twitter_card":"summary_large_image","twitter_site":"@mastercam","twitter_misc":{"Est. reading time":"1 minute"},"schema":{"@context":"https:\/\/schema.org","@graph":[{"@type":"WebPage","@id":"https:\/\/www.mastercam.com\/pl\/aktualnosci\/o-nas\/zespol-zarzadzajacy\/brian-summers\/","url":"https:\/\/www.mastercam.com\/pl\/aktualnosci\/o-nas\/zespol-zarzadzajacy\/brian-summers\/","name":"Brian Summers - mastercam.com","isPartOf":{"@id":"https:\/\/www.mastercam.com\/pl\/#website"},"primaryImageOfPage":{"@id":"https:\/\/www.mastercam.com\/pl\/aktualnosci\/o-nas\/zespol-zarzadzajacy\/brian-summers\/#primaryimage"},"image":{"@id":"https:\/\/www.mastercam.com\/pl\/aktualnosci\/o-nas\/zespol-zarzadzajacy\/brian-summers\/#primaryimage"},"thumbnailUrl":"http:\/\/www.mastercam.com\/wp-content\/uploads\/2023\/02\/BrianSummers-458x458-1.png","datePublished":"2023-02-01T00:06:01+00:00","dateModified":"2026-01-16T16:08:53+00:00","description":"Brian Summers DORADCA Brian jest zwi\u0105zany z Mastercam od 1986 roku. S\u0142u\u017cy firmie jako ambasador marki i dzia\u0142a jako rzecznik produkcji na ca\u0142ym \u015bwiecie.","breadcrumb":{"@id":"https:\/\/www.mastercam.com\/pl\/aktualnosci\/o-nas\/zespol-zarzadzajacy\/brian-summers\/#breadcrumb"},"inLanguage":"pl-PL","potentialAction":[{"@type":"ReadAction","target":["https:\/\/www.mastercam.com\/pl\/aktualnosci\/o-nas\/zespol-zarzadzajacy\/brian-summers\/"]}]},{"@type":"ImageObject","inLanguage":"pl-PL","@id":"https:\/\/www.mastercam.com\/pl\/aktualnosci\/o-nas\/zespol-zarzadzajacy\/brian-summers\/#primaryimage","url":"http:\/\/www.mastercam.com\/wp-content\/uploads\/2023\/02\/BrianSummers-458x458-1.png","contentUrl":"http:\/\/www.mastercam.com\/wp-content\/uploads\/2023\/02\/BrianSummers-458x458-1.png"},{"@type":"BreadcrumbList","@id":"https:\/\/www.mastercam.com\/pl\/aktualnosci\/o-nas\/zespol-zarzadzajacy\/brian-summers\/#breadcrumb","itemListElement":[{"@type":"ListItem","position":1,"name":"Home","item":"https:\/\/www.mastercam.com\/pl\/"},{"@type":"ListItem","position":2,"name":"Aktualno\u015bci","item":"https:\/\/www.mastercam.com\/pl\/aktualnosci\/"},{"@type":"ListItem","position":3,"name":"Nasza historia","item":"https:\/\/www.mastercam.com\/pl\/aktualnosci\/o-nas\/"},{"@type":"ListItem","position":4,"name":"Zesp\u00f3\u0142 zarz\u0105dzaj\u0105cy","item":"https:\/\/www.mastercam.com\/pl\/aktualnosci\/o-nas\/zespol-zarzadzajacy\/"},{"@type":"ListItem","position":5,"name":"Brian Summers"}]},{"@type":"WebSite","@id":"https:\/\/www.mastercam.com\/pl\/#website","url":"https:\/\/www.mastercam.com\/pl\/","name":"Mastercam","description":"Creating software and services that solve the world&#039;s manufacturing challenges","publisher":{"@id":"https:\/\/www.mastercam.com\/pl\/#organization"},"potentialAction":[{"@type":"SearchAction","target":{"@type":"EntryPoint","urlTemplate":"https:\/\/www.mastercam.com\/pl\/?s={search_term_string}"},"query-input":{"@type":"PropertyValueSpecification","valueRequired":true,"valueName":"search_term_string"}}],"inLanguage":"pl-PL"},{"@type":"Organization","@id":"https:\/\/www.mastercam.com\/pl\/#organization","name":"Mastercam","url":"https:\/\/www.mastercam.com\/pl\/","logo":{"@type":"ImageObject","inLanguage":"pl-PL","@id":"https:\/\/www.mastercam.com\/pl\/#\/schema\/logo\/image\/","url":"https:\/\/www.mastercam.com\/wp-content\/uploads\/2023\/02\/MC_logo.svg","contentUrl":"https:\/\/www.mastercam.com\/wp-content\/uploads\/2023\/02\/MC_logo.svg","width":230,"height":40,"caption":"Mastercam"},"image":{"@id":"https:\/\/www.mastercam.com\/pl\/#\/schema\/logo\/image\/"},"sameAs":["https:\/\/www.facebook.com\/Mastercam\/","https:\/\/x.com\/mastercam","https:\/\/www.linkedin.com\/company\/mastercam","https:\/\/www.youtube.com\/channel\/UChJt5ruSkqnmFH44WsXVZLw","https:\/\/www.instagram.com\/mastercam\/"]}]}},"_links":{"self":[{"href":"https:\/\/www.mastercam.com\/pl\/wp-json\/wp\/v2\/pages\/36249","targetHints":{"allow":["GET"]}}],"collection":[{"href":"https:\/\/www.mastercam.com\/pl\/wp-json\/wp\/v2\/pages"}],"about":[{"href":"https:\/\/www.mastercam.com\/pl\/wp-json\/wp\/v2\/types\/page"}],"author":[{"embeddable":true,"href":"https:\/\/www.mastercam.com\/pl\/wp-json\/wp\/v2\/users\/1"}],"replies":[{"embeddable":true,"href":"https:\/\/www.mastercam.com\/pl\/wp-json\/wp\/v2\/comments?post=36249"}],"version-history":[{"count":0,"href":"https:\/\/www.mastercam.com\/pl\/wp-json\/wp\/v2\/pages\/36249\/revisions"}],"up":[{"embeddable":true,"href":"https:\/\/www.mastercam.com\/pl\/wp-json\/wp\/v2\/pages\/36278"}],"wp:attachment":[{"href":"https:\/\/www.mastercam.com\/pl\/wp-json\/wp\/v2\/media?parent=36249"}],"curies":[{"name":"wp","href":"https:\/\/api.w.org\/{rel}","templated":true}]}}