{"id":36003,"date":"2025-01-09T16:09:23","date_gmt":"2025-01-09T21:09:23","guid":{"rendered":"https:\/\/www.mastercam.com\/opisy-kursow\/mastercam-mill-3d\/"},"modified":"2026-01-16T11:11:14","modified_gmt":"2026-01-16T16:11:14","slug":"mastercam-mill-3d","status":"publish","type":"page","link":"https:\/\/www.mastercam.com\/pl\/wsparcie\/szkolenie-produktowe\/opisy-kursow\/mastercam-mill-3d\/","title":{"rendered":"Mastercam Mill 3D"},"content":{"rendered":"<div class=\"hero__breadcrumbs\">\n    <div class=\"container-fluid\">\n      <div class=\"row\">\n        <div class=\"col\">\n          <nav aria-label=\"breadcrumbs\"><ol class=\"breadcrumb\"><li><a href=\"https:\/\/www.mastercam.com\/pl\/\">Home<\/a><\/li><\/ol><\/nav>\n        <\/div>\n      <\/div>\n    <\/div>\n  <\/div>\n\n<div class=\"hero hero--minimal wp-block-acf-block-hero\">\n  <div class=\"container-fluid\">\n    <div class=\"row align-items-center\">\n      \n      \n      \n      <div class=\"col-12 col-lg-7 order-2 order-lg-2 hero__content-column\">\n        <div class=\"hero__content\">\n                      <h1 class=\"hero__heading\">\n              \n              Mastercam Mill 3D\n            <\/h1>\n          \n                      <p class=\"hero__text\">Naucz si\u0119 tworzenia \u015bcie\u017cek narz\u0119dzi 3D z naszymi instruktorami-ekspertami. Rozwijaj umiej\u0119tno\u015bci w zakresie edycji powierzchni, programowania \u015bcie\u017cek narz\u0119dzi High Speed i Legacy oraz korzystania z modeli magazynowych. Ulepsz swoj\u0105 obr\u00f3bk\u0119 dzi\u0119ki zaawansowanym technikom w zakresie ustawie\u0144 tolerancji i technik kre\u015blenia wstecznego, ustawiania granic narz\u0119dzi i sprawdzania wy\u017c\u0142obie\u0144!  <\/p>\n          \n          \n          \n          \n                  <\/div>\n      <\/div>\n    <\/div>\n  <\/div>\n<\/div>\n\n<div class=\"wp-block-columns is-style-container is-layout-flex wp-container-core-columns-is-layout-28f84493 wp-block-columns-is-layout-flex\">\n<div class=\"wp-block-column is-layout-flow wp-block-column-is-layout-flow\" style=\"flex-basis:66%\">\n<h2 class=\"wp-block-heading h5\">Czas trwania<\/h2>\n\n\n\n<p class=\"mb-4 mt-0\">3 dni<\/p>\n\n\n\n<h2 class=\"wp-block-heading h5\">Warunek wst\u0119pny<\/h2>\n\n\n\n<p class=\"mb-4 mt-0\">Mastercam Mill Essentials<\/p>\n\n\n\n<p>Instruktorzy b\u0119d\u0105 pomaga\u0107 uczniom w tworzeniu \u015bcie\u017cek narz\u0119dzi 3D. Studenci b\u0119d\u0105 uczy\u0107 si\u0119 z \u0107wicze\u0144 prowadzonych przez instruktora, a nast\u0119pnie pracowa\u0107 przez ponad 60 \u0107wicze\u0144 dla student\u00f3w, aby tworzy\u0107 i edytowa\u0107 z\u0142o\u017cone powierzchnie i krzywe, a nast\u0119pnie programowa\u0107 je przy u\u017cyciu r\u00f3\u017cnych wydajnych \u015bcie\u017cek narz\u0119dzi 3D, ze szczeg\u00f3lnym uwzgl\u0119dnieniem \u015bcie\u017cek narz\u0119dzi High Speed i Legacy. Ponadto studenci naucz\u0105 si\u0119 korzysta\u0107 z modeli magazynowych i stosowa\u0107 r\u00f3\u017cne aplikacje mocowania, ustawienia szczelin, granice narz\u0119dzi i sprawdzanie wy\u017c\u0142obie\u0144.  <\/p>\n<\/div>\n\n\n\n<div class=\"wp-block-column is-layout-flow wp-block-column-is-layout-flow\">\n<figure class=\"wp-block-image size-full\"><img loading=\"lazy\" decoding=\"async\" width=\"446\" height=\"446\" src=\"https:\/\/www.mastercam.com\/wp-content\/uploads\/2023\/01\/mc-product-mill.png\" alt=\"Mastercam Mill\" class=\"wp-image-25176\" srcset=\"https:\/\/www.mastercam.com\/wp-content\/uploads\/2023\/01\/mc-product-mill.png 446w, https:\/\/www.mastercam.com\/wp-content\/uploads\/2023\/01\/mc-product-mill-300x300.png 300w, https:\/\/www.mastercam.com\/wp-content\/uploads\/2023\/01\/mc-product-mill-150x150.png 150w, https:\/\/www.mastercam.com\/wp-content\/uploads\/2023\/01\/mc-product-mill-112x112.png 112w, https:\/\/www.mastercam.com\/wp-content\/uploads\/2023\/01\/mc-product-mill-224x224.png 224w\" sizes=\"auto, (max-width: 446px) 100vw, 446px\" \/><\/figure>\n<\/div>\n<\/div>\n\n<div class=\"wp-block-columns is-style-container is-layout-flex wp-container-core-columns-is-layout-28f84493 wp-block-columns-is-layout-flex\">\n<div class=\"wp-block-column is-layout-flow wp-block-column-is-layout-flow\">\n<h2 class=\"wp-block-heading h5\">Omawiane tematy<\/h2>\n\n\n\n<ul class=\"wp-block-list horizontal-list\">\n<li>Tworzenie\/modyfikowanie powierzchni<\/li>\n\n\n\n<li>Tworzenie krzywych 3D<\/li>\n\n\n\n<li>Narz\u0119dzia powierzchniowe<\/li>\n\n\n\n<li>Aplikacje Stock Model<\/li>\n\n\n\n<li>Zastosowania uchwyt\u00f3w roboczych<\/li>\n\n\n\n<li>Obr\u00f3bka konturowa 3D wireframe<\/li>\n\n\n\n<li>Starsza obr\u00f3bka powierzchni 3D<\/li>\n\n\n\n<li>Szybka obr\u00f3bka powierzchni 3D<\/li>\n\n\n\n<li>Filtrowanie \u015bcie\u017cki narz\u0119dzia i ustawienia tolerancji<\/li>\n\n\n\n<li>Sprawdzanie wy\u017c\u0142obie\u0144<\/li>\n\n\n\n<li>Granice narz\u0119dzia<\/li>\n\n\n\n<li>G\u0142\u0119boko\u015b\u0107 ci\u0119cia<\/li>\n<\/ul>\n\n\n\n<div style=\"height:47px\" aria-hidden=\"true\" class=\"wp-block-spacer\"><\/div>\n\n\n\n<h2 class=\"wp-block-heading h5\">Zarejestruj si\u0119 na nadchodz\u0105ce sesje szkoleniowe<\/h2>\n\n\n\n<script data-js='tribe-events-view-nonce-data' type='application\/json'>{\"tvn1\":\"2acbd7a15e\",\"tvn2\":\"\"}<\/script>\n\n\n\n<div style=\"height:76px\" aria-hidden=\"true\" class=\"wp-block-spacer\"><\/div>\n<\/div>\n<\/div>\n\n<div class=\"wp-block-group is-style-secondarybg flush-to-footer is-layout-constrained wp-block-group-is-layout-constrained\" style=\"margin-bottom:var(--wp--preset--spacing--6)\">\n<div class=\"wp-block-columns is-style-container is-layout-flex wp-container-core-columns-is-layout-28f84493 wp-block-columns-is-layout-flex\">\n<div class=\"wp-block-column is-layout-flow wp-block-column-is-layout-flow\"><div class=\"cta-with-image-alt align wp-block-acf-block-cta-with-image-alt\">\n    <div class=\"container-fluid\">\n    <div class=\"cta-with-image-alt__content\">\n      <div class=\"cta-with-image-alt__text\">\n                <h2 class=\"cta-with-image-alt__heading\">Chcesz dowiedzie\u0107 si\u0119 wi\u0119cej o Mastercam Classes?<\/h2>\n                        <p class=\"mb-0\">Skontaktuj si\u0119 z Mastercam ju\u017c dzi\u015b, aby zrobi\u0107 kolejny krok w swojej edukacji.<\/p>\n              <\/div>\n            <ul class=\"list-inline mt-4\">\n        <li class=\"list-inline-item py-1\">\n          <a href=\"https:\/\/www.mastercam.com\/pl\/kontakt\/\" class=\"btn btn-light\">Kontakt<\/a>\n        <\/li>\n      <\/ul>\n          <\/div>\n  <\/div>\n<\/div>\n<\/div>\n<\/div>\n<\/div>\n","protected":false},"excerpt":{"rendered":"<p>Czas trwania 3 dni Warunek wst\u0119pny Mastercam Mill Essentials Instruktorzy b\u0119d\u0105 pomaga\u0107 uczniom w tworzeniu [&hellip;]<\/p>\n","protected":false},"author":1,"featured_media":0,"parent":35979,"menu_order":0,"comment_status":"closed","ping_status":"closed","template":"","meta":{"_acf_changed":false,"footnotes":""},"class_list":["post-36003","page","type-page","status-publish","hentry"],"acf":[],"yoast_head":"<!-- This site is optimized with the Yoast SEO plugin v27.3 - https:\/\/yoast.com\/product\/yoast-seo-wordpress\/ -->\n<title>Mastercam Mill 3D - mastercam.com<\/title>\n<meta name=\"description\" content=\"Czas trwania 3 dni Warunek wst\u0119pny Mastercam Mill Essentials Instruktorzy b\u0119d\u0105 pomaga\u0107 uczniom w tworzeniu \u015bcie\u017cek narz\u0119dzi 3D. Studenci b\u0119d\u0105 uczy\u0107 si\u0119 z\" \/>\n<meta name=\"robots\" content=\"index, follow, max-snippet:-1, max-image-preview:large, max-video-preview:-1\" \/>\n<link rel=\"canonical\" href=\"https:\/\/www.mastercam.com\/pl\/wsparcie\/szkolenie-produktowe\/opisy-kursow\/mastercam-mill-3d\/\" \/>\n<meta property=\"og:locale\" content=\"pl_PL\" \/>\n<meta property=\"og:type\" content=\"article\" \/>\n<meta property=\"og:title\" content=\"Mastercam Mill 3D - mastercam.com\" \/>\n<meta property=\"og:description\" content=\"Czas trwania 3 dni Warunek wst\u0119pny Mastercam Mill Essentials Instruktorzy b\u0119d\u0105 pomaga\u0107 uczniom w tworzeniu \u015bcie\u017cek narz\u0119dzi 3D. Studenci b\u0119d\u0105 uczy\u0107 si\u0119 z\" \/>\n<meta property=\"og:url\" content=\"https:\/\/www.mastercam.com\/pl\/wsparcie\/szkolenie-produktowe\/opisy-kursow\/mastercam-mill-3d\/\" \/>\n<meta property=\"og:site_name\" content=\"mastercam.com\" \/>\n<meta property=\"article:publisher\" content=\"https:\/\/www.facebook.com\/Mastercam\/\" \/>\n<meta property=\"article:modified_time\" content=\"2026-01-16T16:11:14+00:00\" \/>\n<meta property=\"og:image\" content=\"https:\/\/www.mastercam.com\/wp-content\/uploads\/2023\/01\/mc-product-mill.png\" \/>\n<meta name=\"twitter:card\" content=\"summary_large_image\" \/>\n<meta name=\"twitter:site\" content=\"@mastercam\" \/>\n<meta name=\"twitter:label1\" content=\"Est. reading time\" \/>\n\t<meta name=\"twitter:data1\" content=\"1 minute\" \/>\n<script type=\"application\/ld+json\" class=\"yoast-schema-graph\">{\"@context\":\"https:\\\/\\\/schema.org\",\"@graph\":[{\"@type\":\"WebPage\",\"@id\":\"https:\\\/\\\/www.mastercam.com\\\/pl\\\/wsparcie\\\/szkolenie-produktowe\\\/opisy-kursow\\\/mastercam-mill-3d\\\/\",\"url\":\"https:\\\/\\\/www.mastercam.com\\\/pl\\\/wsparcie\\\/szkolenie-produktowe\\\/opisy-kursow\\\/mastercam-mill-3d\\\/\",\"name\":\"Mastercam Mill 3D - mastercam.com\",\"isPartOf\":{\"@id\":\"https:\\\/\\\/www.mastercam.com\\\/pl\\\/#website\"},\"primaryImageOfPage\":{\"@id\":\"https:\\\/\\\/www.mastercam.com\\\/pl\\\/wsparcie\\\/szkolenie-produktowe\\\/opisy-kursow\\\/mastercam-mill-3d\\\/#primaryimage\"},\"image\":{\"@id\":\"https:\\\/\\\/www.mastercam.com\\\/pl\\\/wsparcie\\\/szkolenie-produktowe\\\/opisy-kursow\\\/mastercam-mill-3d\\\/#primaryimage\"},\"thumbnailUrl\":\"https:\\\/\\\/www.mastercam.com\\\/wp-content\\\/uploads\\\/2023\\\/01\\\/mc-product-mill.png\",\"datePublished\":\"2025-01-09T21:09:23+00:00\",\"dateModified\":\"2026-01-16T16:11:14+00:00\",\"description\":\"Czas trwania 3 dni Warunek wst\u0119pny Mastercam Mill Essentials Instruktorzy b\u0119d\u0105 pomaga\u0107 uczniom w tworzeniu \u015bcie\u017cek narz\u0119dzi 3D. Studenci b\u0119d\u0105 uczy\u0107 si\u0119 z\",\"breadcrumb\":{\"@id\":\"https:\\\/\\\/www.mastercam.com\\\/pl\\\/wsparcie\\\/szkolenie-produktowe\\\/opisy-kursow\\\/mastercam-mill-3d\\\/#breadcrumb\"},\"inLanguage\":\"pl-PL\",\"potentialAction\":[{\"@type\":\"ReadAction\",\"target\":[\"https:\\\/\\\/www.mastercam.com\\\/pl\\\/wsparcie\\\/szkolenie-produktowe\\\/opisy-kursow\\\/mastercam-mill-3d\\\/\"]}]},{\"@type\":\"ImageObject\",\"inLanguage\":\"pl-PL\",\"@id\":\"https:\\\/\\\/www.mastercam.com\\\/pl\\\/wsparcie\\\/szkolenie-produktowe\\\/opisy-kursow\\\/mastercam-mill-3d\\\/#primaryimage\",\"url\":\"https:\\\/\\\/www.mastercam.com\\\/wp-content\\\/uploads\\\/2023\\\/01\\\/mc-product-mill.png\",\"contentUrl\":\"https:\\\/\\\/www.mastercam.com\\\/wp-content\\\/uploads\\\/2023\\\/01\\\/mc-product-mill.png\"},{\"@type\":\"BreadcrumbList\",\"@id\":\"https:\\\/\\\/www.mastercam.com\\\/pl\\\/wsparcie\\\/szkolenie-produktowe\\\/opisy-kursow\\\/mastercam-mill-3d\\\/#breadcrumb\",\"itemListElement\":[{\"@type\":\"ListItem\",\"position\":1,\"name\":\"Home\",\"item\":\"https:\\\/\\\/www.mastercam.com\\\/pl\\\/\"},{\"@type\":\"ListItem\",\"position\":2,\"name\":\"Wsparcie\",\"item\":\"https:\\\/\\\/www.mastercam.com\\\/pl\\\/wsparcie\\\/\"},{\"@type\":\"ListItem\",\"position\":3,\"name\":\"Szkolenie produktowe\",\"item\":\"https:\\\/\\\/www.mastercam.com\\\/pl\\\/wsparcie\\\/szkolenie-produktowe\\\/\"},{\"@type\":\"ListItem\",\"position\":4,\"name\":\"Opisy kurs\u00f3w\",\"item\":\"https:\\\/\\\/www.mastercam.com\\\/pl\\\/wsparcie\\\/szkolenie-produktowe\\\/opisy-kursow\\\/\"},{\"@type\":\"ListItem\",\"position\":5,\"name\":\"Mastercam Mill 3D\"}]},{\"@type\":\"WebSite\",\"@id\":\"https:\\\/\\\/www.mastercam.com\\\/pl\\\/#website\",\"url\":\"https:\\\/\\\/www.mastercam.com\\\/pl\\\/\",\"name\":\"Mastercam\",\"description\":\"Creating software and services that solve the world&#039;s manufacturing challenges\",\"publisher\":{\"@id\":\"https:\\\/\\\/www.mastercam.com\\\/pl\\\/#organization\"},\"potentialAction\":[{\"@type\":\"SearchAction\",\"target\":{\"@type\":\"EntryPoint\",\"urlTemplate\":\"https:\\\/\\\/www.mastercam.com\\\/pl\\\/?s={search_term_string}\"},\"query-input\":{\"@type\":\"PropertyValueSpecification\",\"valueRequired\":true,\"valueName\":\"search_term_string\"}}],\"inLanguage\":\"pl-PL\"},{\"@type\":\"Organization\",\"@id\":\"https:\\\/\\\/www.mastercam.com\\\/pl\\\/#organization\",\"name\":\"Mastercam\",\"url\":\"https:\\\/\\\/www.mastercam.com\\\/pl\\\/\",\"logo\":{\"@type\":\"ImageObject\",\"inLanguage\":\"pl-PL\",\"@id\":\"https:\\\/\\\/www.mastercam.com\\\/pl\\\/#\\\/schema\\\/logo\\\/image\\\/\",\"url\":\"https:\\\/\\\/www.mastercam.com\\\/wp-content\\\/uploads\\\/2023\\\/02\\\/MC_logo.svg\",\"contentUrl\":\"https:\\\/\\\/www.mastercam.com\\\/wp-content\\\/uploads\\\/2023\\\/02\\\/MC_logo.svg\",\"width\":230,\"height\":40,\"caption\":\"Mastercam\"},\"image\":{\"@id\":\"https:\\\/\\\/www.mastercam.com\\\/pl\\\/#\\\/schema\\\/logo\\\/image\\\/\"},\"sameAs\":[\"https:\\\/\\\/www.facebook.com\\\/Mastercam\\\/\",\"https:\\\/\\\/x.com\\\/mastercam\",\"https:\\\/\\\/www.linkedin.com\\\/company\\\/mastercam\",\"https:\\\/\\\/www.youtube.com\\\/channel\\\/UChJt5ruSkqnmFH44WsXVZLw\",\"https:\\\/\\\/www.instagram.com\\\/mastercam\\\/\"]}]}<\/script>\n<!-- \/ Yoast SEO plugin. -->","yoast_head_json":{"title":"Mastercam Mill 3D - mastercam.com","description":"Czas trwania 3 dni Warunek wst\u0119pny Mastercam Mill Essentials Instruktorzy b\u0119d\u0105 pomaga\u0107 uczniom w tworzeniu \u015bcie\u017cek narz\u0119dzi 3D. Studenci b\u0119d\u0105 uczy\u0107 si\u0119 z","robots":{"index":"index","follow":"follow","max-snippet":"max-snippet:-1","max-image-preview":"max-image-preview:large","max-video-preview":"max-video-preview:-1"},"canonical":"https:\/\/www.mastercam.com\/pl\/wsparcie\/szkolenie-produktowe\/opisy-kursow\/mastercam-mill-3d\/","og_locale":"pl_PL","og_type":"article","og_title":"Mastercam Mill 3D - mastercam.com","og_description":"Czas trwania 3 dni Warunek wst\u0119pny Mastercam Mill Essentials Instruktorzy b\u0119d\u0105 pomaga\u0107 uczniom w tworzeniu \u015bcie\u017cek narz\u0119dzi 3D. Studenci b\u0119d\u0105 uczy\u0107 si\u0119 z","og_url":"https:\/\/www.mastercam.com\/pl\/wsparcie\/szkolenie-produktowe\/opisy-kursow\/mastercam-mill-3d\/","og_site_name":"mastercam.com","article_publisher":"https:\/\/www.facebook.com\/Mastercam\/","article_modified_time":"2026-01-16T16:11:14+00:00","og_image":[{"url":"https:\/\/www.mastercam.com\/wp-content\/uploads\/2023\/01\/mc-product-mill.png","type":"","width":"","height":""}],"twitter_card":"summary_large_image","twitter_site":"@mastercam","twitter_misc":{"Est. reading time":"1 minute"},"schema":{"@context":"https:\/\/schema.org","@graph":[{"@type":"WebPage","@id":"https:\/\/www.mastercam.com\/pl\/wsparcie\/szkolenie-produktowe\/opisy-kursow\/mastercam-mill-3d\/","url":"https:\/\/www.mastercam.com\/pl\/wsparcie\/szkolenie-produktowe\/opisy-kursow\/mastercam-mill-3d\/","name":"Mastercam Mill 3D - mastercam.com","isPartOf":{"@id":"https:\/\/www.mastercam.com\/pl\/#website"},"primaryImageOfPage":{"@id":"https:\/\/www.mastercam.com\/pl\/wsparcie\/szkolenie-produktowe\/opisy-kursow\/mastercam-mill-3d\/#primaryimage"},"image":{"@id":"https:\/\/www.mastercam.com\/pl\/wsparcie\/szkolenie-produktowe\/opisy-kursow\/mastercam-mill-3d\/#primaryimage"},"thumbnailUrl":"https:\/\/www.mastercam.com\/wp-content\/uploads\/2023\/01\/mc-product-mill.png","datePublished":"2025-01-09T21:09:23+00:00","dateModified":"2026-01-16T16:11:14+00:00","description":"Czas trwania 3 dni Warunek wst\u0119pny Mastercam Mill Essentials Instruktorzy b\u0119d\u0105 pomaga\u0107 uczniom w tworzeniu \u015bcie\u017cek narz\u0119dzi 3D. Studenci b\u0119d\u0105 uczy\u0107 si\u0119 z","breadcrumb":{"@id":"https:\/\/www.mastercam.com\/pl\/wsparcie\/szkolenie-produktowe\/opisy-kursow\/mastercam-mill-3d\/#breadcrumb"},"inLanguage":"pl-PL","potentialAction":[{"@type":"ReadAction","target":["https:\/\/www.mastercam.com\/pl\/wsparcie\/szkolenie-produktowe\/opisy-kursow\/mastercam-mill-3d\/"]}]},{"@type":"ImageObject","inLanguage":"pl-PL","@id":"https:\/\/www.mastercam.com\/pl\/wsparcie\/szkolenie-produktowe\/opisy-kursow\/mastercam-mill-3d\/#primaryimage","url":"https:\/\/www.mastercam.com\/wp-content\/uploads\/2023\/01\/mc-product-mill.png","contentUrl":"https:\/\/www.mastercam.com\/wp-content\/uploads\/2023\/01\/mc-product-mill.png"},{"@type":"BreadcrumbList","@id":"https:\/\/www.mastercam.com\/pl\/wsparcie\/szkolenie-produktowe\/opisy-kursow\/mastercam-mill-3d\/#breadcrumb","itemListElement":[{"@type":"ListItem","position":1,"name":"Home","item":"https:\/\/www.mastercam.com\/pl\/"},{"@type":"ListItem","position":2,"name":"Wsparcie","item":"https:\/\/www.mastercam.com\/pl\/wsparcie\/"},{"@type":"ListItem","position":3,"name":"Szkolenie produktowe","item":"https:\/\/www.mastercam.com\/pl\/wsparcie\/szkolenie-produktowe\/"},{"@type":"ListItem","position":4,"name":"Opisy kurs\u00f3w","item":"https:\/\/www.mastercam.com\/pl\/wsparcie\/szkolenie-produktowe\/opisy-kursow\/"},{"@type":"ListItem","position":5,"name":"Mastercam Mill 3D"}]},{"@type":"WebSite","@id":"https:\/\/www.mastercam.com\/pl\/#website","url":"https:\/\/www.mastercam.com\/pl\/","name":"Mastercam","description":"Creating software and services that solve the world&#039;s manufacturing challenges","publisher":{"@id":"https:\/\/www.mastercam.com\/pl\/#organization"},"potentialAction":[{"@type":"SearchAction","target":{"@type":"EntryPoint","urlTemplate":"https:\/\/www.mastercam.com\/pl\/?s={search_term_string}"},"query-input":{"@type":"PropertyValueSpecification","valueRequired":true,"valueName":"search_term_string"}}],"inLanguage":"pl-PL"},{"@type":"Organization","@id":"https:\/\/www.mastercam.com\/pl\/#organization","name":"Mastercam","url":"https:\/\/www.mastercam.com\/pl\/","logo":{"@type":"ImageObject","inLanguage":"pl-PL","@id":"https:\/\/www.mastercam.com\/pl\/#\/schema\/logo\/image\/","url":"https:\/\/www.mastercam.com\/wp-content\/uploads\/2023\/02\/MC_logo.svg","contentUrl":"https:\/\/www.mastercam.com\/wp-content\/uploads\/2023\/02\/MC_logo.svg","width":230,"height":40,"caption":"Mastercam"},"image":{"@id":"https:\/\/www.mastercam.com\/pl\/#\/schema\/logo\/image\/"},"sameAs":["https:\/\/www.facebook.com\/Mastercam\/","https:\/\/x.com\/mastercam","https:\/\/www.linkedin.com\/company\/mastercam","https:\/\/www.youtube.com\/channel\/UChJt5ruSkqnmFH44WsXVZLw","https:\/\/www.instagram.com\/mastercam\/"]}]}},"_links":{"self":[{"href":"https:\/\/www.mastercam.com\/pl\/wp-json\/wp\/v2\/pages\/36003","targetHints":{"allow":["GET"]}}],"collection":[{"href":"https:\/\/www.mastercam.com\/pl\/wp-json\/wp\/v2\/pages"}],"about":[{"href":"https:\/\/www.mastercam.com\/pl\/wp-json\/wp\/v2\/types\/page"}],"author":[{"embeddable":true,"href":"https:\/\/www.mastercam.com\/pl\/wp-json\/wp\/v2\/users\/1"}],"replies":[{"embeddable":true,"href":"https:\/\/www.mastercam.com\/pl\/wp-json\/wp\/v2\/comments?post=36003"}],"version-history":[{"count":0,"href":"https:\/\/www.mastercam.com\/pl\/wp-json\/wp\/v2\/pages\/36003\/revisions"}],"up":[{"embeddable":true,"href":"https:\/\/www.mastercam.com\/pl\/wp-json\/wp\/v2\/pages\/35979"}],"wp:attachment":[{"href":"https:\/\/www.mastercam.com\/pl\/wp-json\/wp\/v2\/media?parent=36003"}],"curies":[{"name":"wp","href":"https:\/\/api.w.org\/{rel}","templated":true}]}}