{"id":35994,"date":"2025-01-09T16:08:08","date_gmt":"2025-01-09T21:08:08","guid":{"rendered":"https:\/\/www.mastercam.com\/opisy-kursow\/tokarka-mastercam\/"},"modified":"2026-01-16T11:11:16","modified_gmt":"2026-01-16T16:11:16","slug":"tokarka-mastercam","status":"publish","type":"page","link":"https:\/\/www.mastercam.com\/pl\/wsparcie\/szkolenie-produktowe\/opisy-kursow\/tokarka-mastercam\/","title":{"rendered":"Tokarka Mastercam"},"content":{"rendered":"<div class=\"hero__breadcrumbs\">\n    <div class=\"container-fluid\">\n      <div class=\"row\">\n        <div class=\"col\">\n          <nav aria-label=\"breadcrumbs\"><ol class=\"breadcrumb\"><li><a href=\"https:\/\/www.mastercam.com\/pl\/\">Home<\/a><\/li><\/ol><\/nav>\n        <\/div>\n      <\/div>\n    <\/div>\n  <\/div>\n\n<div class=\"hero hero--minimal wp-block-acf-block-hero\">\n  <div class=\"container-fluid\">\n    <div class=\"row align-items-center\">\n      \n      \n      \n      <div class=\"col-12 col-lg-7 order-2 order-lg-2 hero__content-column\">\n        <div class=\"hero__content\">\n                      <h1 class=\"hero__heading\">\n              \n              Tokarka Mastercam\n            <\/h1>\n          \n                      <p class=\"hero__text\">Zanurz si\u0119 w tworzeniu \u015bcie\u017cki narz\u0119dzia tokarki z naszym instruktorem-ekspertem. We\u017a udzia\u0142 w \u0107wiczeniach programistycznych z zakresu frezowania i wyka\u0144czania, a nast\u0119pnie zaprogramuj cz\u0119\u015bci osi C i Y za pomoc\u0105 narz\u0119dzi na \u017cywo, opublikuj kod g i zweryfikuj ka\u017cdy program, aby zwi\u0119kszy\u0107 swoje mo\u017cliwo\u015bci obr\u00f3bki! <\/p>\n          \n          \n          \n          \n                  <\/div>\n      <\/div>\n    <\/div>\n  <\/div>\n<\/div>\n\n<div class=\"wp-block-columns is-style-container is-layout-flex wp-container-core-columns-is-layout-28f84493 wp-block-columns-is-layout-flex\">\n<div class=\"wp-block-column is-layout-flow wp-block-column-is-layout-flow\" style=\"flex-basis:66%\">\n<h2 class=\"wp-block-heading h5\">Czas trwania<\/h2>\n\n\n\n<p class=\"mb-4 mt-0\">2 dni<\/p>\n\n\n\n<h2 class=\"wp-block-heading h5\">Warunek wst\u0119pny<\/h2>\n\n\n\n<p class=\"mb-4 mt-0\">Podstawowe umiej\u0119tno\u015bci obs\u0142ugi komputera oraz og\u00f3lna wiedza na temat konfiguracji i obs\u0142ugi frezarki CNC<\/p>\n\n\n\n<h2 class=\"wp-block-heading h5\">Przygotowanie do zaj\u0119\u0107 do pobrania<\/h2>\n\n\n\n<ul class=\"wp-block-list mb-4 mt-0\">\n<li><a href=\"https:\/\/downloads.mastercam.com\/tutorials\/mastercam\/2025\/tutorial2025-mastercam-basics-pdf.pdf\">Mastercam Podstawy Tuto<\/a><a href=\"https:\/\/downloads.mastercam.com\/public\/tutorials\/tutorial2025-mastercam-basics-pdf.pdf\">pr\u00f3ba<\/a><\/li>\n\n\n\n<li><a href=\"https:\/\/downloads.mastercam.com\/public\/tutorials\/tutorial2021-mastercam-lathe.zip\">Mastercam &#8211; Pierwsze kroki z tokark\u0105<\/a><\/li>\n\n\n\n<li><a href=\"https:\/\/downloads.mastercam.com\/public\/tutorials\/tutorial2018-wcs-intro.zip\">Mastercam WCS Wprowadzenie<\/a><\/li>\n<\/ul>\n\n\n\n<p>Instruktorzy poprowadz\u0105 Ci\u0119 w tworzeniu \u015bcie\u017cek narz\u0119dzi Mastercam dla 2-osiowej tokarki wraz ze \u015bcie\u017ckami narz\u0119dzi dla frezowania w osiach C i Y. Studenci b\u0119d\u0105 uczy\u0107 si\u0119 z \u0107wicze\u0144 prowadzonych przez instruktora, a nast\u0119pnie pracowa\u0107 nad ponad 30 r\u00f3\u017cnymi \u0107wiczeniami studenckimi obejmuj\u0105cymi szkielet 2D, a nast\u0119pnie importowanie i manipulowanie modelami bry\u0142owymi w celu tworzenia \u015bcie\u017cek narz\u0119dzi do toczenia czo\u0142owego, wiercenia oraz toczenia zgrubnego i wyka\u0144czaj\u0105cego. Na koniec studenci zaprogramuj\u0105 kilka cz\u0119\u015bci osi C i Y z narz\u0119dziami na \u017cywo. Dla ka\u017cdego utworzonego programu zostanie umieszczony kod g, wykres wsteczny i weryfikacja.   <\/p>\n<\/div>\n\n\n\n<div class=\"wp-block-column is-layout-flow wp-block-column-is-layout-flow\">\n<figure class=\"wp-block-image size-full\"><img loading=\"lazy\" decoding=\"async\" width=\"446\" height=\"445\" src=\"https:\/\/www.mastercam.com\/wp-content\/uploads\/2023\/01\/mc-product-lathe.png\" alt=\"Tokarka Mastercam\" class=\"wp-image-25187\" srcset=\"https:\/\/www.mastercam.com\/wp-content\/uploads\/2023\/01\/mc-product-lathe.png 446w, https:\/\/www.mastercam.com\/wp-content\/uploads\/2023\/01\/mc-product-lathe-300x300.png 300w, https:\/\/www.mastercam.com\/wp-content\/uploads\/2023\/01\/mc-product-lathe-150x150.png 150w, https:\/\/www.mastercam.com\/wp-content\/uploads\/2023\/01\/mc-product-lathe-112x112.png 112w, https:\/\/www.mastercam.com\/wp-content\/uploads\/2023\/01\/mc-product-lathe-224x224.png 224w\" sizes=\"auto, (max-width: 446px) 100vw, 446px\" \/><\/figure>\n<\/div>\n<\/div>\n\n<div class=\"wp-block-columns is-style-container is-layout-flex wp-container-core-columns-is-layout-28f84493 wp-block-columns-is-layout-flex\">\n<div class=\"wp-block-column is-layout-flow wp-block-column-is-layout-flow\">\n<h2 class=\"wp-block-heading h5\">Omawiane tematy<\/h2>\n\n\n\n<ul class=\"wp-block-list horizontal-list\">\n<li>Podstawy nawigacji w interfejsie Mastercam<\/li>\n\n\n\n<li>P\u0142aszczyzny tokarki i wyr\u00f3wnanie do Z<\/li>\n\n\n\n<li>\u0141a\u0144cuch<\/li>\n\n\n\n<li>Tworzenie i importowanie geometrii<\/li>\n\n\n\n<li>Tworzenie profilu zakr\u0119tu<\/li>\n\n\n\n<li>Typowe \u015bcie\u017cki narz\u0119dzia &#8211; toczenie, wiercenie, toczenie zgrubne i wyka\u0144czaj\u0105ce<\/li>\n\n\n\n<li>Biblioteki narz\u0119dzi<\/li>\n\n\n\n<li>Konfiguracja samolotu<\/li>\n\n\n\n<li>Dynamiczna \u015bcie\u017cka narz\u0119dzia do toczenia<\/li>\n\n\n\n<li>\u015acie\u017cki narz\u0119dzia do toczenia<\/li>\n\n\n\n<li>\u015acie\u017cki narz\u0119dzia osi C<\/li>\n\n\n\n<li>Niestandardowe narz\u0119dzia Wireframe \/ 3D<\/li>\n<\/ul>\n\n\n\n<div style=\"height:47px\" aria-hidden=\"true\" class=\"wp-block-spacer\"><\/div>\n\n\n\n<h2 class=\"wp-block-heading h5\">Zarejestruj si\u0119 na nadchodz\u0105ce sesje szkoleniowe<\/h2>\n\n\n\n<script data-js='tribe-events-view-nonce-data' type='application\/json'>{\"tvn1\":\"a1fb4e51da\",\"tvn2\":\"\"}<\/script>\n\n\n\n<div style=\"height:76px\" aria-hidden=\"true\" class=\"wp-block-spacer\"><\/div>\n<\/div>\n<\/div>\n\n<div class=\"wp-block-group is-style-secondarybg flush-to-footer is-layout-constrained wp-block-group-is-layout-constrained\" style=\"margin-bottom:var(--wp--preset--spacing--6)\">\n<div class=\"wp-block-columns is-style-container is-layout-flex wp-container-core-columns-is-layout-28f84493 wp-block-columns-is-layout-flex\">\n<div class=\"wp-block-column is-layout-flow wp-block-column-is-layout-flow\"><div class=\"cta-with-image-alt align wp-block-acf-block-cta-with-image-alt\">\n    <div class=\"container-fluid\">\n    <div class=\"cta-with-image-alt__content\">\n      <div class=\"cta-with-image-alt__text\">\n                <h2 class=\"cta-with-image-alt__heading\">Chcesz dowiedzie\u0107 si\u0119 wi\u0119cej o Mastercam Classes?<\/h2>\n                        <p class=\"mb-0\">Skontaktuj si\u0119 z Mastercam ju\u017c dzi\u015b, aby zrobi\u0107 kolejny krok w swojej edukacji.<\/p>\n              <\/div>\n            <ul class=\"list-inline mt-4\">\n        <li class=\"list-inline-item py-1\">\n          <a href=\"https:\/\/www.mastercam.com\/pl\/kontakt\/\" class=\"btn btn-light\">Kontakt<\/a>\n        <\/li>\n      <\/ul>\n          <\/div>\n  <\/div>\n<\/div>\n<\/div>\n<\/div>\n<\/div>\n","protected":false},"excerpt":{"rendered":"<p>Czas trwania 2 dni Warunek wst\u0119pny Podstawowe umiej\u0119tno\u015bci obs\u0142ugi komputera oraz og\u00f3lna wiedza na temat [&hellip;]<\/p>\n","protected":false},"author":1,"featured_media":0,"parent":35979,"menu_order":0,"comment_status":"closed","ping_status":"closed","template":"","meta":{"_acf_changed":false,"footnotes":""},"class_list":["post-35994","page","type-page","status-publish","hentry"],"acf":[],"yoast_head":"<!-- This site is optimized with the Yoast SEO plugin v27.4 - https:\/\/yoast.com\/product\/yoast-seo-wordpress\/ -->\n<title>Tokarka Mastercam - mastercam.com<\/title>\n<meta name=\"description\" content=\"Czas trwania 2 dni Warunek wst\u0119pny Podstawowe umiej\u0119tno\u015bci obs\u0142ugi komputera oraz og\u00f3lna wiedza na temat konfiguracji i obs\u0142ugi frezarki CNC Przygotowanie\" \/>\n<meta name=\"robots\" content=\"index, follow, max-snippet:-1, max-image-preview:large, max-video-preview:-1\" \/>\n<link rel=\"canonical\" href=\"https:\/\/www.mastercam.com\/pl\/wsparcie\/szkolenie-produktowe\/opisy-kursow\/tokarka-mastercam\/\" \/>\n<meta property=\"og:locale\" content=\"pl_PL\" \/>\n<meta property=\"og:type\" content=\"article\" \/>\n<meta property=\"og:title\" content=\"Tokarka Mastercam - mastercam.com\" \/>\n<meta property=\"og:description\" content=\"Czas trwania 2 dni Warunek wst\u0119pny Podstawowe umiej\u0119tno\u015bci obs\u0142ugi komputera oraz og\u00f3lna wiedza na temat konfiguracji i obs\u0142ugi frezarki CNC Przygotowanie\" \/>\n<meta property=\"og:url\" content=\"https:\/\/www.mastercam.com\/pl\/wsparcie\/szkolenie-produktowe\/opisy-kursow\/tokarka-mastercam\/\" \/>\n<meta property=\"og:site_name\" content=\"mastercam.com\" \/>\n<meta property=\"article:publisher\" content=\"https:\/\/www.facebook.com\/Mastercam\/\" \/>\n<meta property=\"article:modified_time\" content=\"2026-01-16T16:11:16+00:00\" \/>\n<meta property=\"og:image\" content=\"https:\/\/www.mastercam.com\/wp-content\/uploads\/2023\/01\/mc-product-lathe.png\" \/>\n<meta name=\"twitter:card\" content=\"summary_large_image\" \/>\n<meta name=\"twitter:site\" content=\"@mastercam\" \/>\n<meta name=\"twitter:label1\" content=\"Est. reading time\" \/>\n\t<meta name=\"twitter:data1\" content=\"1 minute\" \/>\n<script type=\"application\/ld+json\" class=\"yoast-schema-graph\">{\"@context\":\"https:\\\/\\\/schema.org\",\"@graph\":[{\"@type\":\"WebPage\",\"@id\":\"https:\\\/\\\/www.mastercam.com\\\/pl\\\/wsparcie\\\/szkolenie-produktowe\\\/opisy-kursow\\\/tokarka-mastercam\\\/\",\"url\":\"https:\\\/\\\/www.mastercam.com\\\/pl\\\/wsparcie\\\/szkolenie-produktowe\\\/opisy-kursow\\\/tokarka-mastercam\\\/\",\"name\":\"Tokarka Mastercam - mastercam.com\",\"isPartOf\":{\"@id\":\"https:\\\/\\\/www.mastercam.com\\\/pl\\\/#website\"},\"primaryImageOfPage\":{\"@id\":\"https:\\\/\\\/www.mastercam.com\\\/pl\\\/wsparcie\\\/szkolenie-produktowe\\\/opisy-kursow\\\/tokarka-mastercam\\\/#primaryimage\"},\"image\":{\"@id\":\"https:\\\/\\\/www.mastercam.com\\\/pl\\\/wsparcie\\\/szkolenie-produktowe\\\/opisy-kursow\\\/tokarka-mastercam\\\/#primaryimage\"},\"thumbnailUrl\":\"https:\\\/\\\/www.mastercam.com\\\/wp-content\\\/uploads\\\/2023\\\/01\\\/mc-product-lathe.png\",\"datePublished\":\"2025-01-09T21:08:08+00:00\",\"dateModified\":\"2026-01-16T16:11:16+00:00\",\"description\":\"Czas trwania 2 dni Warunek wst\u0119pny Podstawowe umiej\u0119tno\u015bci obs\u0142ugi komputera oraz og\u00f3lna wiedza na temat konfiguracji i obs\u0142ugi frezarki CNC Przygotowanie\",\"breadcrumb\":{\"@id\":\"https:\\\/\\\/www.mastercam.com\\\/pl\\\/wsparcie\\\/szkolenie-produktowe\\\/opisy-kursow\\\/tokarka-mastercam\\\/#breadcrumb\"},\"inLanguage\":\"pl-PL\",\"potentialAction\":[{\"@type\":\"ReadAction\",\"target\":[\"https:\\\/\\\/www.mastercam.com\\\/pl\\\/wsparcie\\\/szkolenie-produktowe\\\/opisy-kursow\\\/tokarka-mastercam\\\/\"]}]},{\"@type\":\"ImageObject\",\"inLanguage\":\"pl-PL\",\"@id\":\"https:\\\/\\\/www.mastercam.com\\\/pl\\\/wsparcie\\\/szkolenie-produktowe\\\/opisy-kursow\\\/tokarka-mastercam\\\/#primaryimage\",\"url\":\"https:\\\/\\\/www.mastercam.com\\\/wp-content\\\/uploads\\\/2023\\\/01\\\/mc-product-lathe.png\",\"contentUrl\":\"https:\\\/\\\/www.mastercam.com\\\/wp-content\\\/uploads\\\/2023\\\/01\\\/mc-product-lathe.png\"},{\"@type\":\"BreadcrumbList\",\"@id\":\"https:\\\/\\\/www.mastercam.com\\\/pl\\\/wsparcie\\\/szkolenie-produktowe\\\/opisy-kursow\\\/tokarka-mastercam\\\/#breadcrumb\",\"itemListElement\":[{\"@type\":\"ListItem\",\"position\":1,\"name\":\"Home\",\"item\":\"https:\\\/\\\/www.mastercam.com\\\/pl\\\/\"},{\"@type\":\"ListItem\",\"position\":2,\"name\":\"Wsparcie\",\"item\":\"https:\\\/\\\/www.mastercam.com\\\/pl\\\/wsparcie\\\/\"},{\"@type\":\"ListItem\",\"position\":3,\"name\":\"Szkolenie produktowe\",\"item\":\"https:\\\/\\\/www.mastercam.com\\\/pl\\\/wsparcie\\\/szkolenie-produktowe\\\/\"},{\"@type\":\"ListItem\",\"position\":4,\"name\":\"Opisy kurs\u00f3w\",\"item\":\"https:\\\/\\\/www.mastercam.com\\\/pl\\\/wsparcie\\\/szkolenie-produktowe\\\/opisy-kursow\\\/\"},{\"@type\":\"ListItem\",\"position\":5,\"name\":\"Tokarka Mastercam\"}]},{\"@type\":\"WebSite\",\"@id\":\"https:\\\/\\\/www.mastercam.com\\\/pl\\\/#website\",\"url\":\"https:\\\/\\\/www.mastercam.com\\\/pl\\\/\",\"name\":\"Mastercam\",\"description\":\"Creating software and services that solve the world&#039;s manufacturing challenges\",\"publisher\":{\"@id\":\"https:\\\/\\\/www.mastercam.com\\\/pl\\\/#organization\"},\"potentialAction\":[{\"@type\":\"SearchAction\",\"target\":{\"@type\":\"EntryPoint\",\"urlTemplate\":\"https:\\\/\\\/www.mastercam.com\\\/pl\\\/?s={search_term_string}\"},\"query-input\":{\"@type\":\"PropertyValueSpecification\",\"valueRequired\":true,\"valueName\":\"search_term_string\"}}],\"inLanguage\":\"pl-PL\"},{\"@type\":\"Organization\",\"@id\":\"https:\\\/\\\/www.mastercam.com\\\/pl\\\/#organization\",\"name\":\"Mastercam\",\"url\":\"https:\\\/\\\/www.mastercam.com\\\/pl\\\/\",\"logo\":{\"@type\":\"ImageObject\",\"inLanguage\":\"pl-PL\",\"@id\":\"https:\\\/\\\/www.mastercam.com\\\/pl\\\/#\\\/schema\\\/logo\\\/image\\\/\",\"url\":\"https:\\\/\\\/www.mastercam.com\\\/wp-content\\\/uploads\\\/2023\\\/02\\\/MC_logo.svg\",\"contentUrl\":\"https:\\\/\\\/www.mastercam.com\\\/wp-content\\\/uploads\\\/2023\\\/02\\\/MC_logo.svg\",\"width\":230,\"height\":40,\"caption\":\"Mastercam\"},\"image\":{\"@id\":\"https:\\\/\\\/www.mastercam.com\\\/pl\\\/#\\\/schema\\\/logo\\\/image\\\/\"},\"sameAs\":[\"https:\\\/\\\/www.facebook.com\\\/Mastercam\\\/\",\"https:\\\/\\\/x.com\\\/mastercam\",\"https:\\\/\\\/www.linkedin.com\\\/company\\\/mastercam\",\"https:\\\/\\\/www.youtube.com\\\/channel\\\/UChJt5ruSkqnmFH44WsXVZLw\",\"https:\\\/\\\/www.instagram.com\\\/mastercam\\\/\"]}]}<\/script>\n<!-- \/ Yoast SEO plugin. -->","yoast_head_json":{"title":"Tokarka Mastercam - mastercam.com","description":"Czas trwania 2 dni Warunek wst\u0119pny Podstawowe umiej\u0119tno\u015bci obs\u0142ugi komputera oraz og\u00f3lna wiedza na temat konfiguracji i obs\u0142ugi frezarki CNC Przygotowanie","robots":{"index":"index","follow":"follow","max-snippet":"max-snippet:-1","max-image-preview":"max-image-preview:large","max-video-preview":"max-video-preview:-1"},"canonical":"https:\/\/www.mastercam.com\/pl\/wsparcie\/szkolenie-produktowe\/opisy-kursow\/tokarka-mastercam\/","og_locale":"pl_PL","og_type":"article","og_title":"Tokarka Mastercam - mastercam.com","og_description":"Czas trwania 2 dni Warunek wst\u0119pny Podstawowe umiej\u0119tno\u015bci obs\u0142ugi komputera oraz og\u00f3lna wiedza na temat konfiguracji i obs\u0142ugi frezarki CNC Przygotowanie","og_url":"https:\/\/www.mastercam.com\/pl\/wsparcie\/szkolenie-produktowe\/opisy-kursow\/tokarka-mastercam\/","og_site_name":"mastercam.com","article_publisher":"https:\/\/www.facebook.com\/Mastercam\/","article_modified_time":"2026-01-16T16:11:16+00:00","og_image":[{"url":"https:\/\/www.mastercam.com\/wp-content\/uploads\/2023\/01\/mc-product-lathe.png","type":"","width":"","height":""}],"twitter_card":"summary_large_image","twitter_site":"@mastercam","twitter_misc":{"Est. reading time":"1 minute"},"schema":{"@context":"https:\/\/schema.org","@graph":[{"@type":"WebPage","@id":"https:\/\/www.mastercam.com\/pl\/wsparcie\/szkolenie-produktowe\/opisy-kursow\/tokarka-mastercam\/","url":"https:\/\/www.mastercam.com\/pl\/wsparcie\/szkolenie-produktowe\/opisy-kursow\/tokarka-mastercam\/","name":"Tokarka Mastercam - mastercam.com","isPartOf":{"@id":"https:\/\/www.mastercam.com\/pl\/#website"},"primaryImageOfPage":{"@id":"https:\/\/www.mastercam.com\/pl\/wsparcie\/szkolenie-produktowe\/opisy-kursow\/tokarka-mastercam\/#primaryimage"},"image":{"@id":"https:\/\/www.mastercam.com\/pl\/wsparcie\/szkolenie-produktowe\/opisy-kursow\/tokarka-mastercam\/#primaryimage"},"thumbnailUrl":"https:\/\/www.mastercam.com\/wp-content\/uploads\/2023\/01\/mc-product-lathe.png","datePublished":"2025-01-09T21:08:08+00:00","dateModified":"2026-01-16T16:11:16+00:00","description":"Czas trwania 2 dni Warunek wst\u0119pny Podstawowe umiej\u0119tno\u015bci obs\u0142ugi komputera oraz og\u00f3lna wiedza na temat konfiguracji i obs\u0142ugi frezarki CNC Przygotowanie","breadcrumb":{"@id":"https:\/\/www.mastercam.com\/pl\/wsparcie\/szkolenie-produktowe\/opisy-kursow\/tokarka-mastercam\/#breadcrumb"},"inLanguage":"pl-PL","potentialAction":[{"@type":"ReadAction","target":["https:\/\/www.mastercam.com\/pl\/wsparcie\/szkolenie-produktowe\/opisy-kursow\/tokarka-mastercam\/"]}]},{"@type":"ImageObject","inLanguage":"pl-PL","@id":"https:\/\/www.mastercam.com\/pl\/wsparcie\/szkolenie-produktowe\/opisy-kursow\/tokarka-mastercam\/#primaryimage","url":"https:\/\/www.mastercam.com\/wp-content\/uploads\/2023\/01\/mc-product-lathe.png","contentUrl":"https:\/\/www.mastercam.com\/wp-content\/uploads\/2023\/01\/mc-product-lathe.png"},{"@type":"BreadcrumbList","@id":"https:\/\/www.mastercam.com\/pl\/wsparcie\/szkolenie-produktowe\/opisy-kursow\/tokarka-mastercam\/#breadcrumb","itemListElement":[{"@type":"ListItem","position":1,"name":"Home","item":"https:\/\/www.mastercam.com\/pl\/"},{"@type":"ListItem","position":2,"name":"Wsparcie","item":"https:\/\/www.mastercam.com\/pl\/wsparcie\/"},{"@type":"ListItem","position":3,"name":"Szkolenie produktowe","item":"https:\/\/www.mastercam.com\/pl\/wsparcie\/szkolenie-produktowe\/"},{"@type":"ListItem","position":4,"name":"Opisy kurs\u00f3w","item":"https:\/\/www.mastercam.com\/pl\/wsparcie\/szkolenie-produktowe\/opisy-kursow\/"},{"@type":"ListItem","position":5,"name":"Tokarka Mastercam"}]},{"@type":"WebSite","@id":"https:\/\/www.mastercam.com\/pl\/#website","url":"https:\/\/www.mastercam.com\/pl\/","name":"Mastercam","description":"Creating software and services that solve the world&#039;s manufacturing challenges","publisher":{"@id":"https:\/\/www.mastercam.com\/pl\/#organization"},"potentialAction":[{"@type":"SearchAction","target":{"@type":"EntryPoint","urlTemplate":"https:\/\/www.mastercam.com\/pl\/?s={search_term_string}"},"query-input":{"@type":"PropertyValueSpecification","valueRequired":true,"valueName":"search_term_string"}}],"inLanguage":"pl-PL"},{"@type":"Organization","@id":"https:\/\/www.mastercam.com\/pl\/#organization","name":"Mastercam","url":"https:\/\/www.mastercam.com\/pl\/","logo":{"@type":"ImageObject","inLanguage":"pl-PL","@id":"https:\/\/www.mastercam.com\/pl\/#\/schema\/logo\/image\/","url":"https:\/\/www.mastercam.com\/wp-content\/uploads\/2023\/02\/MC_logo.svg","contentUrl":"https:\/\/www.mastercam.com\/wp-content\/uploads\/2023\/02\/MC_logo.svg","width":230,"height":40,"caption":"Mastercam"},"image":{"@id":"https:\/\/www.mastercam.com\/pl\/#\/schema\/logo\/image\/"},"sameAs":["https:\/\/www.facebook.com\/Mastercam\/","https:\/\/x.com\/mastercam","https:\/\/www.linkedin.com\/company\/mastercam","https:\/\/www.youtube.com\/channel\/UChJt5ruSkqnmFH44WsXVZLw","https:\/\/www.instagram.com\/mastercam\/"]}]}},"_links":{"self":[{"href":"https:\/\/www.mastercam.com\/pl\/wp-json\/wp\/v2\/pages\/35994","targetHints":{"allow":["GET"]}}],"collection":[{"href":"https:\/\/www.mastercam.com\/pl\/wp-json\/wp\/v2\/pages"}],"about":[{"href":"https:\/\/www.mastercam.com\/pl\/wp-json\/wp\/v2\/types\/page"}],"author":[{"embeddable":true,"href":"https:\/\/www.mastercam.com\/pl\/wp-json\/wp\/v2\/users\/1"}],"replies":[{"embeddable":true,"href":"https:\/\/www.mastercam.com\/pl\/wp-json\/wp\/v2\/comments?post=35994"}],"version-history":[{"count":0,"href":"https:\/\/www.mastercam.com\/pl\/wp-json\/wp\/v2\/pages\/35994\/revisions"}],"up":[{"embeddable":true,"href":"https:\/\/www.mastercam.com\/pl\/wp-json\/wp\/v2\/pages\/35979"}],"wp:attachment":[{"href":"https:\/\/www.mastercam.com\/pl\/wp-json\/wp\/v2\/media?parent=35994"}],"curies":[{"name":"wp","href":"https:\/\/api.w.org\/{rel}","templated":true}]}}