{"id":35868,"date":"2024-08-29T16:39:12","date_gmt":"2024-08-29T20:39:12","guid":{"rendered":"https:\/\/www.mastercam.com\/polecane-czesci-imts-2024\/"},"modified":"2026-01-16T11:09:02","modified_gmt":"2026-01-16T16:09:02","slug":"polecane-czesci-imts-2024","status":"publish","type":"page","link":"https:\/\/www.mastercam.com\/pl\/polecane-czesci-imts-2024\/","title":{"rendered":"Polecane cz\u0119\u015bci IMTS 2024"},"content":{"rendered":"<div class=\"hero__breadcrumbs\">\n    <div class=\"container-fluid\">\n      <div class=\"row\">\n        <div class=\"col\">\n          <nav aria-label=\"breadcrumbs\"><ol class=\"breadcrumb\"><li><a href=\"https:\/\/www.mastercam.com\/pl\/\">Home<\/a><\/li><\/ol><\/nav>\n        <\/div>\n      <\/div>\n    <\/div>\n  <\/div>\n\n<div class=\"hero hero--minimal wp-block-acf-block-hero\">\n  <div class=\"container-fluid\">\n    <div class=\"row align-items-center\">\n      \n      \n      \n      <div class=\"col-12 col-lg-7 order-2 order-lg-2 hero__content-column\">\n        <div class=\"hero__content\">\n                      <h1 class=\"hero__heading\">\n              \n              IMTS 2024<br \/>\r\nPolecane cz\u0119\u015bci\n            <\/h1>\n          \n                      <p class=\"hero__text\">Do\u015bwiadcz na w\u0142asne oczy skomplikowanych cz\u0119\u015bci, kt\u00f3re Mastercam opracowa\u0142 we wsp\u00f3\u0142pracy z naszymi partnerami przemys\u0142owymi prezentowanymi na naszym stoisku IMTS.<\/p>\n          \n          \n          \n          \n                  <\/div>\n      <\/div>\n    <\/div>\n  <\/div>\n<\/div>\n\n<div class=\"wp-block-columns is-style-container is-layout-flex wp-container-core-columns-is-layout-28f84493 wp-block-columns-is-layout-flex\">\n<div class=\"wp-block-column is-layout-flow wp-block-column-is-layout-flow\"><div class=\"container-fluid align wp-block-acf-block-media-object\">\n  <div class=\"row\">\n    <div class=\"col\">\n      <div class=\"d-flex flex-column flex-lg-row media-object media-object--shaded\">\n        <div class=\"flex-shrink-0 media-object__image order-1  order-lg-3 \">\n                                    <img decoding=\"async\" src=\"https:\/\/www.mastercam.com\/wp-content\/uploads\/2024\/08\/imts-dean-guitar-e1724965432305.jpg\" alt=\"Dean Guitar\" loading=\"lazy\">\n                              <\/div>\n        <div class=\"media-object__body flex-grow-1 d-lg-flex flex-column order-2 justify-content-lg-center\">\n                                <h2 class=\"media-object__header h3\">Dean Zelinski Gitara<\/h2>\n                                <div class=\"media-object__content\">\n              <ul>\n<li>Maszyna: Okuma MU-6300V-L<\/li>\n<li>Oprzyrz\u0105dowanie: ISCAR  <\/li>\n<li>Mocowanie robocze: 5. o\u015b<\/li>\n<li>Funkcje Mastercam: Wieloosiowo\u015b\u0107, Frezowanie, Projektowanie, Frezowanie-Tokowanie<\/li>\n<li>165 godzin czasu pracy maszyny<\/li>\n<li>Materia\u0142: Aluminium 6061-T<\/li>\n<li><a href=\"https:\/\/community.mastercam.com\/TechExchange\/Parts\/4724#partTitle\">Tech Exchange &#8211; Gitara Dean Zelinsky<\/a><\/li>\n<\/ul>\n\n            <\/div>\n                            <\/div>\n      <\/div>\n    <\/div>\n  <\/div>\n<\/div>\n\n\n\n<div style=\"height:50px\" aria-hidden=\"true\" class=\"wp-block-spacer\"><\/div>\n\n\n<div class=\"container-fluid align wp-block-acf-block-media-object\">\n  <div class=\"row\">\n    <div class=\"col\">\n      <div class=\"d-flex flex-column flex-lg-row media-object media-object--shaded\">\n        <div class=\"flex-shrink-0 media-object__image order-1  order-lg-3 \">\n                      <div class=\"video\">\n      <lite-youtube\n      videoid=\"sY1xY1n09yk\"\n            params=\"modestbranding=2&#038;rel=0&#038;enablejsapi=1\">\n    <\/lite-youtube>\n  <\/div>\n                  <\/div>\n        <div class=\"media-object__body flex-grow-1 d-lg-flex flex-column order-2 justify-content-lg-center\">\n                                <h2 class=\"media-object__header h3\">Maska bramkarska do hokeja<\/h2>\n                                <div class=\"media-object__content\">\n              <ul>\n<li>Maszyna: GROB 550<\/li>\n<li>Oprzyrz\u0105dowanie: Emuge-Franken<\/li>\n<li>Mocowanie robocze: 5. o\u015b RockLock<\/li>\n<li>Funkcje Mastercam: Mastercam Mill, Unified Multiaxis &#8211; 747 ca\u0142kowitych \u015bcie\u017cek narz\u0119dzia<\/li>\n<li>Ponad 85 godzin pracy urz\u0105dzenia<\/li>\n<li>Materia\u0142: Aluminium 6061-T<\/li>\n<li><a href=\"https:\/\/community.mastercam.com\/TechExchange\/Parts\/4722#partTitle\">Tech Exchange &#8211; Maska bramkarska<\/a><\/li>\n<\/ul>\n\n            <\/div>\n                            <\/div>\n      <\/div>\n    <\/div>\n  <\/div>\n<\/div>\n\n\n\n<div style=\"height:50px\" aria-hidden=\"true\" class=\"wp-block-spacer\"><\/div>\n\n\n<div class=\"container-fluid align wp-block-acf-block-media-object\">\n  <div class=\"row\">\n    <div class=\"col\">\n      <div class=\"d-flex flex-column flex-lg-row media-object media-object--shaded\">\n        <div class=\"flex-shrink-0 media-object__image order-1  order-lg-3 \">\n                      <div class=\"video\">\n      <lite-youtube\n      videoid=\"KADC8nRiOmg\"\n            params=\"modestbranding=2&#038;rel=0&#038;enablejsapi=1\">\n    <\/lite-youtube>\n  <\/div>\n                  <\/div>\n        <div class=\"media-object__body flex-grow-1 d-lg-flex flex-column order-2 justify-content-lg-center\">\n                                <h2 class=\"media-object__header h3\">Nike z Samotraki<\/h2>\n                                <div class=\"media-object__content\">\n              <ul>\n<li>Partner: Methods Machine Tools<\/li>\n<li>Maszyna: Yasda PX30i<\/li>\n<li>Oprzyrz\u0105dowanie: Mitsubishi Materials i Lyndex-Nikken<\/li>\n<li>Mocowanie robocze: 5. o\u015b RockLock<\/li>\n<li>Funkcje Mastercam: Analyze, Unified Multiaxis, 3-osiowe wyka\u0144czanie, OptiRough<\/li>\n<li>110 godzin czasu pracy maszyny<\/li>\n<li>Materia\u0142: Aluminium 6061-T<\/li>\n<li><a href=\"https:\/\/community.mastercam.com\/TechExchange\/Parts\/3641#partTitle\">Tech Exchange &#8211; Nike z Samotraki<\/a><\/li>\n<\/ul>\n\n            <\/div>\n                            <\/div>\n      <\/div>\n    <\/div>\n  <\/div>\n<\/div>\n\n\n\n<div style=\"height:50px\" aria-hidden=\"true\" class=\"wp-block-spacer\"><\/div>\n\n\n<div class=\"container-fluid align wp-block-acf-block-media-object\">\n  <div class=\"row\">\n    <div class=\"col\">\n      <div class=\"d-flex flex-column flex-lg-row media-object media-object--shaded\">\n        <div class=\"flex-shrink-0 media-object__image order-1  order-lg-3 \">\n                      <div class=\"video\">\n      <lite-youtube\n      videoid=\"vTRhd3TxvHQ\"\n            params=\"modestbranding=2&#038;rel=0&#038;enablejsapi=1\">\n    <\/lite-youtube>\n  <\/div>\n                  <\/div>\n        <div class=\"media-object__body flex-grow-1 d-lg-flex flex-column order-2 justify-content-lg-center\">\n                                <h2 class=\"media-object__header h3\">Latarka<\/h2>\n                                <div class=\"media-object__content\">\n              <ul>\n<li>Maszyna: Mazak Integrex i-100ST<\/li>\n<li>Oprzyrz\u0105dowanie: Sandvik Coromant<\/li>\n<li>Funkcje Mastercam: Tokarka, Frezarka, Frezarko-Tokarka, Unified Multiaxis, Dynamic OptiRough, Prime Turning, B-axis Contour Turning, Multiaxis Deburr<\/li>\n<li>23 minuty czasu maszyny<\/li>\n<li>Materia\u0142: 3 kawa\u0142ki aluminium 6061-T6 obrobione z tego samego pr\u0119ta i skr\u0119cone w maszynie<\/li>\n<li><a href=\"https:\/\/community.mastercam.com\/TechExchange\/Parts\/4723#partTitle\">Tech Exchange &#8211; Latarka<\/a><\/li>\n<\/ul>\n\n            <\/div>\n                            <\/div>\n      <\/div>\n    <\/div>\n  <\/div>\n<\/div>\n\n\n\n<div style=\"height:50px\" aria-hidden=\"true\" class=\"wp-block-spacer\"><\/div>\n\n\n<div class=\"container-fluid align wp-block-acf-block-media-object\">\n  <div class=\"row\">\n    <div class=\"col\">\n      <div class=\"d-flex flex-column flex-lg-row media-object media-object--shaded\">\n        <div class=\"flex-shrink-0 media-object__image order-1  order-lg-3 \">\n                      <div class=\"video\">\n      <lite-youtube\n      videoid=\"vMxTfBu-PQ4\"\n            params=\"modestbranding=2&#038;rel=0&#038;enablejsapi=1\">\n    <\/lite-youtube>\n  <\/div>\n                  <\/div>\n        <div class=\"media-object__body flex-grow-1 d-lg-flex flex-column order-2 justify-content-lg-center\">\n                                <h2 class=\"media-object__header h3\">Ko\u0142o Mini F1<\/h2>\n                                <div class=\"media-object__content\">\n              <ul>\n<li>Maszyna: DN Solutions Lynx 2100 LSY<\/li>\n<li>Oprzyrz\u0105dowanie: ISCAR<\/li>\n<li>Funkcje Mastercam: Tokarka, Frezarka<\/li>\n<li>&lt;2 godziny czasu pracy maszyny<\/li>\n<li>Materia\u0142: Aluminium 6061-T6<\/li>\n<li>Obr\u00f3bka wideo: <a href=\"https:\/\/youtu.be\/vMxTfBu-PQ4\">Obr\u00f3bka k\u00f3\u0142 F1<\/a><\/li>\n<li><a href=\"https:\/\/community.mastercam.com\/TechExchange\/Parts\/3721#partTitle\">Tech Exchange<\/a><\/li>\n<\/ul>\n\n            <\/div>\n                            <\/div>\n      <\/div>\n    <\/div>\n  <\/div>\n<\/div>\n\n\n\n<div style=\"height:50px\" aria-hidden=\"true\" class=\"wp-block-spacer\"><\/div>\n\n\n<div class=\"container-fluid align wp-block-acf-block-media-object\">\n  <div class=\"row\">\n    <div class=\"col\">\n      <div class=\"d-flex flex-column flex-lg-row media-object media-object--shaded\">\n        <div class=\"flex-shrink-0 media-object__image order-1  order-lg-3 \">\n                                    <img decoding=\"async\" src=\"https:\/\/www.mastercam.com\/wp-content\/uploads\/2024\/08\/imts-optical-mount.jpg\" alt=\"Optical mount\" loading=\"lazy\">\n                              <\/div>\n        <div class=\"media-object__body flex-grow-1 d-lg-flex flex-column order-2 justify-content-lg-center\">\n                                <h2 class=\"media-object__header h3\">Mocowanie optyczne<\/h2>\n                                <div class=\"media-object__content\">\n              <ul>\n<li>Maszyna: Makino<\/li>\n<li>Oprzyrz\u0105dowanie: Emuge-Franken<\/li>\n<li>Funkcje Mastercam: Deburr<\/li>\n<li>2 godziny czasu pracy maszyny<\/li>\n<li>Materia\u0142: Stal nierdzewna 17-4PH<\/li>\n<li><a href=\"https:\/\/community.mastercam.com\/TechExchange\/Parts\/606#partTitle\">Tech Exchange &#8211; mocowanie optyczne &#8211; gratowanie<\/a><\/li>\n<\/ul>\n\n            <\/div>\n                            <\/div>\n      <\/div>\n    <\/div>\n  <\/div>\n<\/div>\n\n\n\n<div style=\"height:50px\" aria-hidden=\"true\" class=\"wp-block-spacer\"><\/div>\n\n\n<div class=\"container-fluid align wp-block-acf-block-media-object\">\n  <div class=\"row\">\n    <div class=\"col\">\n      <div class=\"d-flex flex-column flex-lg-row media-object media-object--shaded\">\n        <div class=\"flex-shrink-0 media-object__image order-1  order-lg-3 \">\n                                    <img decoding=\"async\" src=\"https:\/\/www.mastercam.com\/wp-content\/uploads\/2024\/08\/imts-swiss2-1024x473.jpg\" alt=\"Brass Swiss medical part\" loading=\"lazy\">\n                              <\/div>\n        <div class=\"media-object__body flex-grow-1 d-lg-flex flex-column order-2 justify-content-lg-center\">\n                                <h2 class=\"media-object__header h3\">Szwajcarska cz\u0119\u015b\u0107 medyczna<\/h2>\n                                <div class=\"media-object__content\">\n              <ul>\n<li>Maszyna: Tsugami SS327<\/li>\n<li>Oprzyrz\u0105dowanie: Sandvik Coromant<\/li>\n<li>Funkcje Mastercam: Projektowanie, Tokarka, Frezarka, Gratowanie wieloosiowe, Unified Multiaxis, Postability Swiss Solution Post<\/li>\n<li>25 minut czasu maszyny<\/li>\n<li>Materia\u0142: Mosi\u0105dz<\/li>\n<li><a href=\"https:\/\/community.mastercam.com\/TechExchange\/Parts\/3638#partTitle\">Tech Exchange &#8211; Cz\u0119\u015b\u0107 medyczna Tsugami SS327  <\/a><\/li>\n<\/ul>\n\n            <\/div>\n                            <\/div>\n      <\/div>\n    <\/div>\n  <\/div>\n<\/div>\n\n\n\n<div style=\"height:50px\" aria-hidden=\"true\" class=\"wp-block-spacer\"><\/div>\n\n\n<div class=\"container-fluid align wp-block-acf-block-media-object\">\n  <div class=\"row\">\n    <div class=\"col\">\n      <div class=\"d-flex flex-column flex-lg-row media-object media-object--shaded\">\n        <div class=\"flex-shrink-0 media-object__image order-1  order-lg-3 \">\n                                    <img decoding=\"async\" src=\"https:\/\/www.mastercam.com\/wp-content\/uploads\/2024\/08\/imts-mirror2-1024x683.jpg\" alt=\"Mirror finish\" loading=\"lazy\">\n                              <\/div>\n        <div class=\"media-object__body flex-grow-1 d-lg-flex flex-column order-2 justify-content-lg-center\">\n                                <h2 class=\"media-object__header h3\">Lustrzane wyko\u0144czenie<\/h2>\n                                <div class=\"media-object__content\">\n              <ul>\n<li>Maszyna: Yasda YMC650-5ax @ Metody<\/li>\n<li>Oprzyrz\u0105dowanie: NS Tool<\/li>\n<li>Uchwyt roboczy: MST Uno<\/li>\n<li>Funkcje Mastercam: Frezarka, Wieloosiowo\u015b\u0107<\/li>\n<li>60 godzin czasu pracy maszyny<\/li>\n<li>Materia\u0142: STAVAX 50-52HRC<\/li>\n<li><a href=\"https:\/\/community.mastercam.com\/TechExchange\/Parts\/4731#partTitle\">Tech Exchange &#8211; pr\u00f3bka wyko\u0144czenia lustrzanego<\/a><\/li>\n<\/ul>\n\n            <\/div>\n                            <\/div>\n      <\/div>\n    <\/div>\n  <\/div>\n<\/div>\n\n\n\n<div style=\"height:50px\" aria-hidden=\"true\" class=\"wp-block-spacer\"><\/div>\n\n\n<div class=\"container-fluid align wp-block-acf-block-media-object\">\n  <div class=\"row\">\n    <div class=\"col\">\n      <div class=\"d-flex flex-column flex-lg-row media-object media-object--shaded\">\n        <div class=\"flex-shrink-0 media-object__image order-1  order-lg-3 \">\n                      <div class=\"video\">\n      <lite-youtube\n      videoid=\"uAZGKJYqmpw\"\n            params=\"modestbranding=2&#038;rel=0&#038;enablejsapi=1\">\n    <\/lite-youtube>\n  <\/div>\n                  <\/div>\n        <div class=\"media-object__body flex-grow-1 d-lg-flex flex-column order-2 justify-content-lg-center\">\n                                <h2 class=\"media-object__header h3\">Ginterbread House<\/h2>\n                                <div class=\"media-object__content\">\n              <ul>\n<li>Maszyna: Hermle C42<\/li>\n<li>Oprzyrz\u0105dowanie: OSG USA<\/li>\n<li>Mocowanie robocze: 5. o\u015b Rock Lock<\/li>\n<li>Funkcje Mastercam: Art, Design, Mill, Unified Multiaxis, OptiRough, Equal Scallop, Convert to 5-axis<\/li>\n<li>65 godzin czasu pracy maszyny<\/li>\n<li>Materia\u0142: Aluminium 6061-T6<\/li>\n<li><a href=\"https:\/\/community.mastercam.com\/TechExchange\/Parts\/2884#partTitle\">Tech Exchange &#8211; Domek z piernika<\/a><\/li>\n<\/ul>\n\n            <\/div>\n                            <\/div>\n      <\/div>\n    <\/div>\n  <\/div>\n<\/div>\n\n\n\n<div style=\"height:50px\" aria-hidden=\"true\" class=\"wp-block-spacer\"><\/div>\n\n\n<div class=\"container-fluid align wp-block-acf-block-media-object\">\n  <div class=\"row\">\n    <div class=\"col\">\n      <div class=\"d-flex flex-column flex-lg-row media-object media-object--shaded\">\n        <div class=\"flex-shrink-0 media-object__image order-1  order-lg-3 \">\n                      <div class=\"video\">\n      <lite-youtube\n      videoid=\"eG4i5e-N9rQ\"\n            style=\"background-image: url('https:\/\/www.mastercam.com\/wp-content\/uploads\/2024\/08\/imts-scorpion.jpg');\"\n            params=\"modestbranding=2&#038;rel=0&#038;enablejsapi=1\">\n    <\/lite-youtube>\n  <\/div>\n                  <\/div>\n        <div class=\"media-object__body flex-grow-1 d-lg-flex flex-column order-2 justify-content-lg-center\">\n                                <h2 class=\"media-object__header h3\">Skorpion<\/h2>\n                                <div class=\"media-object__content\">\n              <ul>\n<li>Maszyna: MC Machinery Ingersoll Eagle V550<\/li>\n<li>Narz\u0119dzia: DiaEdge Tools<\/li>\n<li>Mocowanie robocze: 5. o\u015b Rock Lock<\/li>\n<li>Funkcje Mastercam: Projektowanie, Frezowanie, Wieloosiowo\u015b\u0107<\/li>\n<li>30 godzin czasu pracy maszyny<\/li>\n<li>Materia\u0142: Grafit<\/li>\n<li><a href=\"https:\/\/community.mastercam.com\/TechExchange\/Parts\/3640#partTitle\">Tech Exchange &#8211; Scorpion<\/a><\/li>\n<\/ul>\n\n            <\/div>\n                            <\/div>\n      <\/div>\n    <\/div>\n  <\/div>\n<\/div>\n<\/div>\n<\/div>\n","protected":false},"excerpt":{"rendered":"","protected":false},"author":1,"featured_media":0,"parent":0,"menu_order":0,"comment_status":"closed","ping_status":"closed","template":"","meta":{"_acf_changed":false,"footnotes":""},"class_list":["post-35868","page","type-page","status-publish","hentry"],"acf":[],"yoast_head":"<!-- This site is optimized with the Yoast SEO plugin v27.3 - https:\/\/yoast.com\/product\/yoast-seo-wordpress\/ -->\n<title>Polecane cz\u0119\u015bci IMTS 2024 - mastercam.com<\/title>\n<meta name=\"robots\" content=\"index, follow, max-snippet:-1, max-image-preview:large, max-video-preview:-1\" \/>\n<link rel=\"canonical\" href=\"https:\/\/www.mastercam.com\/pl\/polecane-czesci-imts-2024\/\" \/>\n<meta property=\"og:locale\" content=\"pl_PL\" \/>\n<meta property=\"og:type\" content=\"article\" \/>\n<meta property=\"og:title\" content=\"Polecane cz\u0119\u015bci IMTS 2024 - mastercam.com\" \/>\n<meta property=\"og:url\" content=\"https:\/\/www.mastercam.com\/pl\/polecane-czesci-imts-2024\/\" \/>\n<meta property=\"og:site_name\" content=\"mastercam.com\" \/>\n<meta property=\"article:publisher\" content=\"https:\/\/www.facebook.com\/Mastercam\/\" \/>\n<meta property=\"article:modified_time\" content=\"2026-01-16T16:09:02+00:00\" \/>\n<meta property=\"og:image\" content=\"https:\/\/www.mastercam.com\/wp-content\/uploads\/2024\/02\/drill-wide-photo-1200x675-1.jpg\" \/>\n\t<meta property=\"og:image:width\" content=\"1200\" \/>\n\t<meta property=\"og:image:height\" content=\"675\" \/>\n\t<meta property=\"og:image:type\" content=\"image\/jpeg\" \/>\n<meta name=\"twitter:card\" content=\"summary_large_image\" \/>\n<meta name=\"twitter:site\" content=\"@mastercam\" \/>\n<script type=\"application\/ld+json\" class=\"yoast-schema-graph\">{\"@context\":\"https:\\\/\\\/schema.org\",\"@graph\":[{\"@type\":\"WebPage\",\"@id\":\"https:\\\/\\\/www.mastercam.com\\\/pl\\\/polecane-czesci-imts-2024\\\/\",\"url\":\"https:\\\/\\\/www.mastercam.com\\\/pl\\\/polecane-czesci-imts-2024\\\/\",\"name\":\"Polecane cz\u0119\u015bci IMTS 2024 - mastercam.com\",\"isPartOf\":{\"@id\":\"https:\\\/\\\/www.mastercam.com\\\/pl\\\/#website\"},\"datePublished\":\"2024-08-29T20:39:12+00:00\",\"dateModified\":\"2026-01-16T16:09:02+00:00\",\"breadcrumb\":{\"@id\":\"https:\\\/\\\/www.mastercam.com\\\/pl\\\/polecane-czesci-imts-2024\\\/#breadcrumb\"},\"inLanguage\":\"pl-PL\",\"potentialAction\":[{\"@type\":\"ReadAction\",\"target\":[\"https:\\\/\\\/www.mastercam.com\\\/pl\\\/polecane-czesci-imts-2024\\\/\"]}]},{\"@type\":\"BreadcrumbList\",\"@id\":\"https:\\\/\\\/www.mastercam.com\\\/pl\\\/polecane-czesci-imts-2024\\\/#breadcrumb\",\"itemListElement\":[{\"@type\":\"ListItem\",\"position\":1,\"name\":\"Home\",\"item\":\"https:\\\/\\\/www.mastercam.com\\\/pl\\\/\"},{\"@type\":\"ListItem\",\"position\":2,\"name\":\"Polecane cz\u0119\u015bci IMTS 2024\"}]},{\"@type\":\"WebSite\",\"@id\":\"https:\\\/\\\/www.mastercam.com\\\/pl\\\/#website\",\"url\":\"https:\\\/\\\/www.mastercam.com\\\/pl\\\/\",\"name\":\"Mastercam\",\"description\":\"Creating software and services that solve the world&#039;s manufacturing challenges\",\"publisher\":{\"@id\":\"https:\\\/\\\/www.mastercam.com\\\/pl\\\/#organization\"},\"potentialAction\":[{\"@type\":\"SearchAction\",\"target\":{\"@type\":\"EntryPoint\",\"urlTemplate\":\"https:\\\/\\\/www.mastercam.com\\\/pl\\\/?s={search_term_string}\"},\"query-input\":{\"@type\":\"PropertyValueSpecification\",\"valueRequired\":true,\"valueName\":\"search_term_string\"}}],\"inLanguage\":\"pl-PL\"},{\"@type\":\"Organization\",\"@id\":\"https:\\\/\\\/www.mastercam.com\\\/pl\\\/#organization\",\"name\":\"Mastercam\",\"url\":\"https:\\\/\\\/www.mastercam.com\\\/pl\\\/\",\"logo\":{\"@type\":\"ImageObject\",\"inLanguage\":\"pl-PL\",\"@id\":\"https:\\\/\\\/www.mastercam.com\\\/pl\\\/#\\\/schema\\\/logo\\\/image\\\/\",\"url\":\"https:\\\/\\\/www.mastercam.com\\\/wp-content\\\/uploads\\\/2023\\\/02\\\/MC_logo.svg\",\"contentUrl\":\"https:\\\/\\\/www.mastercam.com\\\/wp-content\\\/uploads\\\/2023\\\/02\\\/MC_logo.svg\",\"width\":230,\"height\":40,\"caption\":\"Mastercam\"},\"image\":{\"@id\":\"https:\\\/\\\/www.mastercam.com\\\/pl\\\/#\\\/schema\\\/logo\\\/image\\\/\"},\"sameAs\":[\"https:\\\/\\\/www.facebook.com\\\/Mastercam\\\/\",\"https:\\\/\\\/x.com\\\/mastercam\",\"https:\\\/\\\/www.linkedin.com\\\/company\\\/mastercam\",\"https:\\\/\\\/www.youtube.com\\\/channel\\\/UChJt5ruSkqnmFH44WsXVZLw\",\"https:\\\/\\\/www.instagram.com\\\/mastercam\\\/\"]}]}<\/script>\n<!-- \/ Yoast SEO plugin. -->","yoast_head_json":{"title":"Polecane cz\u0119\u015bci IMTS 2024 - mastercam.com","robots":{"index":"index","follow":"follow","max-snippet":"max-snippet:-1","max-image-preview":"max-image-preview:large","max-video-preview":"max-video-preview:-1"},"canonical":"https:\/\/www.mastercam.com\/pl\/polecane-czesci-imts-2024\/","og_locale":"pl_PL","og_type":"article","og_title":"Polecane cz\u0119\u015bci IMTS 2024 - mastercam.com","og_url":"https:\/\/www.mastercam.com\/pl\/polecane-czesci-imts-2024\/","og_site_name":"mastercam.com","article_publisher":"https:\/\/www.facebook.com\/Mastercam\/","article_modified_time":"2026-01-16T16:09:02+00:00","og_image":[{"width":1200,"height":675,"url":"https:\/\/www.mastercam.com\/wp-content\/uploads\/2024\/02\/drill-wide-photo-1200x675-1.jpg","type":"image\/jpeg"}],"twitter_card":"summary_large_image","twitter_site":"@mastercam","schema":{"@context":"https:\/\/schema.org","@graph":[{"@type":"WebPage","@id":"https:\/\/www.mastercam.com\/pl\/polecane-czesci-imts-2024\/","url":"https:\/\/www.mastercam.com\/pl\/polecane-czesci-imts-2024\/","name":"Polecane cz\u0119\u015bci IMTS 2024 - mastercam.com","isPartOf":{"@id":"https:\/\/www.mastercam.com\/pl\/#website"},"datePublished":"2024-08-29T20:39:12+00:00","dateModified":"2026-01-16T16:09:02+00:00","breadcrumb":{"@id":"https:\/\/www.mastercam.com\/pl\/polecane-czesci-imts-2024\/#breadcrumb"},"inLanguage":"pl-PL","potentialAction":[{"@type":"ReadAction","target":["https:\/\/www.mastercam.com\/pl\/polecane-czesci-imts-2024\/"]}]},{"@type":"BreadcrumbList","@id":"https:\/\/www.mastercam.com\/pl\/polecane-czesci-imts-2024\/#breadcrumb","itemListElement":[{"@type":"ListItem","position":1,"name":"Home","item":"https:\/\/www.mastercam.com\/pl\/"},{"@type":"ListItem","position":2,"name":"Polecane cz\u0119\u015bci IMTS 2024"}]},{"@type":"WebSite","@id":"https:\/\/www.mastercam.com\/pl\/#website","url":"https:\/\/www.mastercam.com\/pl\/","name":"Mastercam","description":"Creating software and services that solve the world&#039;s manufacturing challenges","publisher":{"@id":"https:\/\/www.mastercam.com\/pl\/#organization"},"potentialAction":[{"@type":"SearchAction","target":{"@type":"EntryPoint","urlTemplate":"https:\/\/www.mastercam.com\/pl\/?s={search_term_string}"},"query-input":{"@type":"PropertyValueSpecification","valueRequired":true,"valueName":"search_term_string"}}],"inLanguage":"pl-PL"},{"@type":"Organization","@id":"https:\/\/www.mastercam.com\/pl\/#organization","name":"Mastercam","url":"https:\/\/www.mastercam.com\/pl\/","logo":{"@type":"ImageObject","inLanguage":"pl-PL","@id":"https:\/\/www.mastercam.com\/pl\/#\/schema\/logo\/image\/","url":"https:\/\/www.mastercam.com\/wp-content\/uploads\/2023\/02\/MC_logo.svg","contentUrl":"https:\/\/www.mastercam.com\/wp-content\/uploads\/2023\/02\/MC_logo.svg","width":230,"height":40,"caption":"Mastercam"},"image":{"@id":"https:\/\/www.mastercam.com\/pl\/#\/schema\/logo\/image\/"},"sameAs":["https:\/\/www.facebook.com\/Mastercam\/","https:\/\/x.com\/mastercam","https:\/\/www.linkedin.com\/company\/mastercam","https:\/\/www.youtube.com\/channel\/UChJt5ruSkqnmFH44WsXVZLw","https:\/\/www.instagram.com\/mastercam\/"]}]}},"_links":{"self":[{"href":"https:\/\/www.mastercam.com\/pl\/wp-json\/wp\/v2\/pages\/35868","targetHints":{"allow":["GET"]}}],"collection":[{"href":"https:\/\/www.mastercam.com\/pl\/wp-json\/wp\/v2\/pages"}],"about":[{"href":"https:\/\/www.mastercam.com\/pl\/wp-json\/wp\/v2\/types\/page"}],"author":[{"embeddable":true,"href":"https:\/\/www.mastercam.com\/pl\/wp-json\/wp\/v2\/users\/1"}],"replies":[{"embeddable":true,"href":"https:\/\/www.mastercam.com\/pl\/wp-json\/wp\/v2\/comments?post=35868"}],"version-history":[{"count":0,"href":"https:\/\/www.mastercam.com\/pl\/wp-json\/wp\/v2\/pages\/35868\/revisions"}],"wp:attachment":[{"href":"https:\/\/www.mastercam.com\/pl\/wp-json\/wp\/v2\/media?parent=35868"}],"curies":[{"name":"wp","href":"https:\/\/api.w.org\/{rel}","templated":true}]}}