{"id":35786,"date":"2024-01-10T20:51:53","date_gmt":"2024-01-11T01:51:53","guid":{"rendered":"https:\/\/www.mastercam.com\/mastercam-2024\/"},"modified":"2026-01-16T11:13:29","modified_gmt":"2026-01-16T16:13:29","slug":"mastercam-2024","status":"publish","type":"page","link":"https:\/\/www.mastercam.com\/pl\/mastercam-2024\/","title":{"rendered":"Mastercam 2024"},"content":{"rendered":"<div class=\"hero__breadcrumbs\">\n    <div class=\"container-fluid\">\n      <div class=\"row\">\n        <div class=\"col\">\n          <nav aria-label=\"breadcrumbs\"><ol class=\"breadcrumb\"><li><a href=\"https:\/\/www.mastercam.com\/pl\/\">Home<\/a><\/li><\/ol><\/nav>\n        <\/div>\n      <\/div>\n    <\/div>\n  <\/div>\n\n<div class=\"hero hero--minimal wp-block-acf-block-hero\">\n  <div class=\"container-fluid\">\n    <div class=\"row align-items-center\">\n      \n      \n      \n      <div class=\"col-12 col-lg-7 order-2 order-lg-2 hero__content-column\">\n        <div class=\"hero__content\">\n                      <h1 class=\"hero__heading\">\n              \n              Mastercam 2024\n            <\/h1>\n          \n                      <p class=\"hero__text\">Wk\u0142ad klient\u00f3w i bran\u017cy nap\u0119dza wieloosiowe post\u0119py w zakresie toczenia frezarskiego<\/p>\n          \n          \n          \n          \n                  <\/div>\n      <\/div>\n    <\/div>\n  <\/div>\n<\/div>\n\n<div class=\"wp-block-columns is-style-container is-layout-flex wp-container-core-columns-is-layout-28f84493 wp-block-columns-is-layout-flex\">\n<div class=\"wp-block-column is-layout-flow wp-block-column-is-layout-flow\"><div style=\"padding-top:var(--wp--preset--spacing--0);padding-bottom:var(--wp--preset--spacing--6);margin-top:var(--wp--preset--spacing--0);\" class=\"container-fluid align wp-block-acf-block-media-object\">\n  <div class=\"row\">\n    <div class=\"col\">\n      <div class=\"d-flex flex-column flex-lg-row media-object media-object--shaded\">\n        <div class=\"flex-shrink-0 media-object__image order-1 \">\n                      <div class=\"video\">\n      <lite-youtube\n      videoid=\"cw-BGSu34v4\"\n            params=\"modestbranding=2&#038;rel=0&#038;enablejsapi=1\">\n    <\/lite-youtube>\n  <\/div>\n                  <\/div>\n        <div class=\"media-object__body flex-grow-1 d-lg-flex flex-column order-2 justify-content-lg-center\">\n                                <h2 class=\"media-object__header h3\">Mastercam 2024<\/h2>\n                                <div class=\"media-object__content\">\n              <p>Dzi\u0119ki opiniom u\u017cytkownik\u00f3w i sklep\u00f3w na ca\u0142ym \u015bwiecie, oparli\u015bmy si\u0119 na naszych wcze\u015bniejszych osi\u0105gni\u0119ciach i cieszymy si\u0119, \u017ce mo\u017cemy zaoferowa\u0107 nasz najbardziej intuicyjny interfejs.<\/p>\n<p>Zwi\u0119ksz produktywno\u015b\u0107 obr\u00f3bki i zmniejsz og\u00f3lne koszty produkcji dzi\u0119ki bardziej wydajnym wieloosiowym \u015bcie\u017ckom narz\u0119dzi, szybszym konfiguracjom, elastycznemu ruchowi narz\u0119dzia i nie tylko.<\/p>\n<h3 class=\"wp-block-heading\">Dowiedz si\u0119 wi\u0119cej o funkcjach Mastercam 2024<\/h3>\n<ul>\n<li><a href=\"\/pl\/?p=40631\">10 funkcji Mastercam 2024, kt\u00f3re musisz zna\u0107<\/a><\/li>\n<li><a href=\"\/pl\/?p=39075\">5 sposob\u00f3w, w jakie Mastercam 2024 u\u0142atwia \u017cycie<\/a><\/li>\n<li><a href=\"\/pl\/?p=40649\">Czy wypr\u00f3bowa\u0142e\u015b ju\u017c nowe funkcje wieloosiowe Mastercam 2024?<\/a><\/li>\n<li><a href=\"\/pl\/?p=40656\">6 nowych funkcji CAD do odkrycia w Mastercam 2024<\/a><\/li>\n<\/ul>\n\n            <\/div>\n                            <\/div>\n      <\/div>\n    <\/div>\n  <\/div>\n<\/div>\n\n\n\n<h2 class=\"wp-block-heading\">Otrzymuj najnowsze wiadomo\u015bci Mastercam<\/h2>\n\n\n\n<p>Zapisz si\u0119 do newslettera Mastercam  <\/p>\n\n\n\n<div class=\"wp-block-columns is-layout-flex wp-container-core-columns-is-layout-a61e1d87 wp-block-columns-is-layout-flex\" style=\"padding-bottom:var(--wp--preset--spacing--6)\">\n<div class=\"wp-block-column is-layout-flow wp-block-column-is-layout-flow\">\n<script charset=\"utf-8\" type=\"text\/javascript\" src=\"\/\/js.hsforms.net\/forms\/embed\/v2.js\"><\/script><script>hbspt.forms.create({\n    region: \"na1\",\n    portalId: \"3375755\",\n    formId: \"99ac53d9-f52b-4dd1-9899-992112083f3f\"\n  });\n<\/script>\n<\/div>\n\n\n\n<div class=\"wp-block-column is-layout-flow wp-block-column-is-layout-flow\" style=\"flex-basis:33%\"><\/div>\n<\/div>\n\n\n\n<div class=\"wp-block-columns is-layout-flex wp-container-core-columns-is-layout-a61e1d87 wp-block-columns-is-layout-flex\" style=\"padding-bottom:var(--wp--preset--spacing--6)\">\n<div class=\"wp-block-column is-layout-flow wp-block-column-is-layout-flow\">\n<h2 class=\"wp-block-heading\">Filmy wideo z podpisanymi cz\u0119\u015bciami<\/h2>\n\n\n\n<figure class=\"wp-block-embed is-type-video is-provider-youtube wp-block-embed-youtube wp-embed-aspect-16-9 wp-has-aspect-ratio\"><div class=\"wp-block-embed__wrapper\">\n<iframe loading=\"lazy\" title=\"Solid Hole Enhancements Demo | Mastercam 2024 Signature Parts Demo\" width=\"500\" height=\"281\" src=\"https:\/\/www.youtube.com\/embed\/erqTecbzegw?feature=oembed\" frameborder=\"0\" allow=\"accelerometer; autoplay; clipboard-write; encrypted-media; gyroscope; picture-in-picture; web-share\" referrerpolicy=\"strict-origin-when-cross-origin\" allowfullscreen><\/iframe>\n<\/div><\/figure>\n<\/div>\n\n\n\n<div class=\"wp-block-column is-layout-flow wp-block-column-is-layout-flow\">\n<h2 class=\"wp-block-heading\">Nowo\u015bci wideo<\/h2>\n\n\n\n<figure class=\"wp-block-embed is-type-video is-provider-youtube wp-block-embed-youtube wp-embed-aspect-16-9 wp-has-aspect-ratio\"><div class=\"wp-block-embed__wrapper\">\n<iframe loading=\"lazy\" title=\"What&#039;s New in Milling for Mastercam 2024\" width=\"500\" height=\"281\" src=\"https:\/\/www.youtube.com\/embed\/lCAYI0tgDIc?list=PLT1NMjA2P81HKdlyPt883S8RgjmaIgjy6\" frameborder=\"0\" allow=\"accelerometer; autoplay; clipboard-write; encrypted-media; gyroscope; picture-in-picture; web-share\" referrerpolicy=\"strict-origin-when-cross-origin\" allowfullscreen><\/iframe>\n<\/div><\/figure>\n<\/div>\n<\/div>\n\n\n\n<h2 class=\"wp-block-heading\">2024 Najwa\u017cniejsze wydarzenia<\/h2>\n\n\n\n<a href=\"https:\/\/online.flippingbook.com\/view\/235242712\/\" class=\"fbo-embed\" data-fbo-id=\"8ca9c677d1\" data-fbo-ratio=\"3:2\" data-fbo-lightbox=\"yes\" data-fbo-width=\"100%\" data-fbo-height=\"auto\" data-fbo-version=\"1\" style=\"max-width: 100%\">Najwa\u017cniejsze informacje o Mastercam 2024<\/a><script async=\"\" defer=\"defer\" src=\"https:\/\/online.flippingbook.com\/EmbedScriptUrl.aspx?m=redir&#038;hid=235242712\"><\/script>\n\n\n\n<h2 class=\"wp-block-heading\" style=\"padding-top:var(--wp--preset--spacing--6)\">Wi\u0119cej informacji<\/h2>\n\n\n\n<p style=\"margin-bottom:var(--wp--preset--spacing--6)\">Odwied\u017a stron\u0119 <a href=\"https:\/\/whatsnew.mastercam.com\/\" target=\"_blank\" rel=\"noreferrer noopener\">whatsnew.mastercam.com<\/a>, aby dowiedzie\u0107 si\u0119 o wszystkich nowych funkcjach Mastercam 2024 lub skontaktuj <a href=\"\/pl\/?page_id=35977\">si\u0119 z lokalnym przedstawicielem Mastercam<\/a>, aby um\u00f3wi\u0107 si\u0119 na prezentacj\u0119 na \u017cywo.<\/p>\n<\/div>\n<\/div>\n","protected":false},"excerpt":{"rendered":"<p>Otrzymuj najnowsze wiadomo\u015bci Mastercam Zapisz si\u0119 do newslettera Mastercam Filmy wideo z podpisanymi cz\u0119\u015bciami Nowo\u015bci [&hellip;]<\/p>\n","protected":false},"author":1,"featured_media":0,"parent":0,"menu_order":0,"comment_status":"closed","ping_status":"closed","template":"","meta":{"_acf_changed":false,"footnotes":""},"class_list":["post-35786","page","type-page","status-publish","hentry"],"acf":[],"yoast_head":"<!-- This site is optimized with the Yoast SEO plugin v27.3 - https:\/\/yoast.com\/product\/yoast-seo-wordpress\/ -->\n<title>Mastercam 2024 - mastercam.com<\/title>\n<meta name=\"description\" content=\"Otrzymuj najnowsze wiadomo\u015bci Mastercam Zapisz si\u0119 do newslettera Mastercam Filmy wideo z podpisanymi cz\u0119\u015bciami\" \/>\n<meta name=\"robots\" content=\"index, follow, max-snippet:-1, max-image-preview:large, max-video-preview:-1\" \/>\n<link rel=\"canonical\" href=\"https:\/\/www.mastercam.com\/pl\/mastercam-2024\/\" \/>\n<meta property=\"og:locale\" content=\"pl_PL\" \/>\n<meta property=\"og:type\" content=\"article\" \/>\n<meta property=\"og:title\" content=\"Mastercam 2024 - mastercam.com\" \/>\n<meta property=\"og:description\" content=\"Otrzymuj najnowsze wiadomo\u015bci Mastercam Zapisz si\u0119 do newslettera Mastercam Filmy wideo z podpisanymi cz\u0119\u015bciami\" \/>\n<meta property=\"og:url\" content=\"https:\/\/www.mastercam.com\/pl\/mastercam-2024\/\" \/>\n<meta property=\"og:site_name\" content=\"mastercam.com\" \/>\n<meta property=\"article:publisher\" content=\"https:\/\/www.facebook.com\/Mastercam\/\" \/>\n<meta property=\"article:modified_time\" content=\"2026-01-16T16:13:29+00:00\" \/>\n<meta property=\"og:image\" content=\"https:\/\/www.mastercam.com\/wp-content\/uploads\/2024\/02\/drill-wide-photo-1200x675-1.jpg\" \/>\n\t<meta property=\"og:image:width\" content=\"1200\" \/>\n\t<meta property=\"og:image:height\" content=\"675\" \/>\n\t<meta property=\"og:image:type\" content=\"image\/jpeg\" \/>\n<meta name=\"twitter:card\" content=\"summary_large_image\" \/>\n<meta name=\"twitter:site\" content=\"@mastercam\" \/>\n<script type=\"application\/ld+json\" class=\"yoast-schema-graph\">{\"@context\":\"https:\\\/\\\/schema.org\",\"@graph\":[{\"@type\":\"WebPage\",\"@id\":\"https:\\\/\\\/www.mastercam.com\\\/pl\\\/mastercam-2024\\\/\",\"url\":\"https:\\\/\\\/www.mastercam.com\\\/pl\\\/mastercam-2024\\\/\",\"name\":\"Mastercam 2024 - mastercam.com\",\"isPartOf\":{\"@id\":\"https:\\\/\\\/www.mastercam.com\\\/pl\\\/#website\"},\"datePublished\":\"2024-01-11T01:51:53+00:00\",\"dateModified\":\"2026-01-16T16:13:29+00:00\",\"description\":\"Otrzymuj najnowsze wiadomo\u015bci Mastercam Zapisz si\u0119 do newslettera Mastercam Filmy wideo z podpisanymi cz\u0119\u015bciami\",\"breadcrumb\":{\"@id\":\"https:\\\/\\\/www.mastercam.com\\\/pl\\\/mastercam-2024\\\/#breadcrumb\"},\"inLanguage\":\"pl-PL\",\"potentialAction\":[{\"@type\":\"ReadAction\",\"target\":[\"https:\\\/\\\/www.mastercam.com\\\/pl\\\/mastercam-2024\\\/\"]}]},{\"@type\":\"BreadcrumbList\",\"@id\":\"https:\\\/\\\/www.mastercam.com\\\/pl\\\/mastercam-2024\\\/#breadcrumb\",\"itemListElement\":[{\"@type\":\"ListItem\",\"position\":1,\"name\":\"Home\",\"item\":\"https:\\\/\\\/www.mastercam.com\\\/pl\\\/\"},{\"@type\":\"ListItem\",\"position\":2,\"name\":\"Mastercam 2024\"}]},{\"@type\":\"WebSite\",\"@id\":\"https:\\\/\\\/www.mastercam.com\\\/pl\\\/#website\",\"url\":\"https:\\\/\\\/www.mastercam.com\\\/pl\\\/\",\"name\":\"Mastercam\",\"description\":\"Creating software and services that solve the world&#039;s manufacturing challenges\",\"publisher\":{\"@id\":\"https:\\\/\\\/www.mastercam.com\\\/pl\\\/#organization\"},\"potentialAction\":[{\"@type\":\"SearchAction\",\"target\":{\"@type\":\"EntryPoint\",\"urlTemplate\":\"https:\\\/\\\/www.mastercam.com\\\/pl\\\/?s={search_term_string}\"},\"query-input\":{\"@type\":\"PropertyValueSpecification\",\"valueRequired\":true,\"valueName\":\"search_term_string\"}}],\"inLanguage\":\"pl-PL\"},{\"@type\":\"Organization\",\"@id\":\"https:\\\/\\\/www.mastercam.com\\\/pl\\\/#organization\",\"name\":\"Mastercam\",\"url\":\"https:\\\/\\\/www.mastercam.com\\\/pl\\\/\",\"logo\":{\"@type\":\"ImageObject\",\"inLanguage\":\"pl-PL\",\"@id\":\"https:\\\/\\\/www.mastercam.com\\\/pl\\\/#\\\/schema\\\/logo\\\/image\\\/\",\"url\":\"https:\\\/\\\/www.mastercam.com\\\/wp-content\\\/uploads\\\/2023\\\/02\\\/MC_logo.svg\",\"contentUrl\":\"https:\\\/\\\/www.mastercam.com\\\/wp-content\\\/uploads\\\/2023\\\/02\\\/MC_logo.svg\",\"width\":230,\"height\":40,\"caption\":\"Mastercam\"},\"image\":{\"@id\":\"https:\\\/\\\/www.mastercam.com\\\/pl\\\/#\\\/schema\\\/logo\\\/image\\\/\"},\"sameAs\":[\"https:\\\/\\\/www.facebook.com\\\/Mastercam\\\/\",\"https:\\\/\\\/x.com\\\/mastercam\",\"https:\\\/\\\/www.linkedin.com\\\/company\\\/mastercam\",\"https:\\\/\\\/www.youtube.com\\\/channel\\\/UChJt5ruSkqnmFH44WsXVZLw\",\"https:\\\/\\\/www.instagram.com\\\/mastercam\\\/\"]}]}<\/script>\n<!-- \/ Yoast SEO plugin. -->","yoast_head_json":{"title":"Mastercam 2024 - mastercam.com","description":"Otrzymuj najnowsze wiadomo\u015bci Mastercam Zapisz si\u0119 do newslettera Mastercam Filmy wideo z podpisanymi cz\u0119\u015bciami","robots":{"index":"index","follow":"follow","max-snippet":"max-snippet:-1","max-image-preview":"max-image-preview:large","max-video-preview":"max-video-preview:-1"},"canonical":"https:\/\/www.mastercam.com\/pl\/mastercam-2024\/","og_locale":"pl_PL","og_type":"article","og_title":"Mastercam 2024 - mastercam.com","og_description":"Otrzymuj najnowsze wiadomo\u015bci Mastercam Zapisz si\u0119 do newslettera Mastercam Filmy wideo z podpisanymi cz\u0119\u015bciami","og_url":"https:\/\/www.mastercam.com\/pl\/mastercam-2024\/","og_site_name":"mastercam.com","article_publisher":"https:\/\/www.facebook.com\/Mastercam\/","article_modified_time":"2026-01-16T16:13:29+00:00","og_image":[{"width":1200,"height":675,"url":"https:\/\/www.mastercam.com\/wp-content\/uploads\/2024\/02\/drill-wide-photo-1200x675-1.jpg","type":"image\/jpeg"}],"twitter_card":"summary_large_image","twitter_site":"@mastercam","schema":{"@context":"https:\/\/schema.org","@graph":[{"@type":"WebPage","@id":"https:\/\/www.mastercam.com\/pl\/mastercam-2024\/","url":"https:\/\/www.mastercam.com\/pl\/mastercam-2024\/","name":"Mastercam 2024 - mastercam.com","isPartOf":{"@id":"https:\/\/www.mastercam.com\/pl\/#website"},"datePublished":"2024-01-11T01:51:53+00:00","dateModified":"2026-01-16T16:13:29+00:00","description":"Otrzymuj najnowsze wiadomo\u015bci Mastercam Zapisz si\u0119 do newslettera Mastercam Filmy wideo z podpisanymi cz\u0119\u015bciami","breadcrumb":{"@id":"https:\/\/www.mastercam.com\/pl\/mastercam-2024\/#breadcrumb"},"inLanguage":"pl-PL","potentialAction":[{"@type":"ReadAction","target":["https:\/\/www.mastercam.com\/pl\/mastercam-2024\/"]}]},{"@type":"BreadcrumbList","@id":"https:\/\/www.mastercam.com\/pl\/mastercam-2024\/#breadcrumb","itemListElement":[{"@type":"ListItem","position":1,"name":"Home","item":"https:\/\/www.mastercam.com\/pl\/"},{"@type":"ListItem","position":2,"name":"Mastercam 2024"}]},{"@type":"WebSite","@id":"https:\/\/www.mastercam.com\/pl\/#website","url":"https:\/\/www.mastercam.com\/pl\/","name":"Mastercam","description":"Creating software and services that solve the world&#039;s manufacturing challenges","publisher":{"@id":"https:\/\/www.mastercam.com\/pl\/#organization"},"potentialAction":[{"@type":"SearchAction","target":{"@type":"EntryPoint","urlTemplate":"https:\/\/www.mastercam.com\/pl\/?s={search_term_string}"},"query-input":{"@type":"PropertyValueSpecification","valueRequired":true,"valueName":"search_term_string"}}],"inLanguage":"pl-PL"},{"@type":"Organization","@id":"https:\/\/www.mastercam.com\/pl\/#organization","name":"Mastercam","url":"https:\/\/www.mastercam.com\/pl\/","logo":{"@type":"ImageObject","inLanguage":"pl-PL","@id":"https:\/\/www.mastercam.com\/pl\/#\/schema\/logo\/image\/","url":"https:\/\/www.mastercam.com\/wp-content\/uploads\/2023\/02\/MC_logo.svg","contentUrl":"https:\/\/www.mastercam.com\/wp-content\/uploads\/2023\/02\/MC_logo.svg","width":230,"height":40,"caption":"Mastercam"},"image":{"@id":"https:\/\/www.mastercam.com\/pl\/#\/schema\/logo\/image\/"},"sameAs":["https:\/\/www.facebook.com\/Mastercam\/","https:\/\/x.com\/mastercam","https:\/\/www.linkedin.com\/company\/mastercam","https:\/\/www.youtube.com\/channel\/UChJt5ruSkqnmFH44WsXVZLw","https:\/\/www.instagram.com\/mastercam\/"]}]}},"_links":{"self":[{"href":"https:\/\/www.mastercam.com\/pl\/wp-json\/wp\/v2\/pages\/35786","targetHints":{"allow":["GET"]}}],"collection":[{"href":"https:\/\/www.mastercam.com\/pl\/wp-json\/wp\/v2\/pages"}],"about":[{"href":"https:\/\/www.mastercam.com\/pl\/wp-json\/wp\/v2\/types\/page"}],"author":[{"embeddable":true,"href":"https:\/\/www.mastercam.com\/pl\/wp-json\/wp\/v2\/users\/1"}],"replies":[{"embeddable":true,"href":"https:\/\/www.mastercam.com\/pl\/wp-json\/wp\/v2\/comments?post=35786"}],"version-history":[{"count":0,"href":"https:\/\/www.mastercam.com\/pl\/wp-json\/wp\/v2\/pages\/35786\/revisions"}],"wp:attachment":[{"href":"https:\/\/www.mastercam.com\/pl\/wp-json\/wp\/v2\/media?parent=35786"}],"curies":[{"name":"wp","href":"https:\/\/api.w.org\/{rel}","templated":true}]}}