{"id":35777,"date":"2024-01-10T22:07:09","date_gmt":"2024-01-11T03:07:09","guid":{"rendered":"https:\/\/www.mastercam.com\/mastercam-wielka-brytania-i-irlandia\/"},"modified":"2026-01-16T11:11:31","modified_gmt":"2026-01-16T16:11:31","slug":"mastercam-wielka-brytania-i-irlandia","status":"publish","type":"page","link":"https:\/\/www.mastercam.com\/pl\/aktualnosci\/mastercam-wielka-brytania-i-irlandia\/","title":{"rendered":"Mastercam Wielka Brytania i Irlandia"},"content":{"rendered":"<figure class=\"wp-block-image size-full\"><img loading=\"lazy\" decoding=\"async\" width=\"2560\" height=\"578\" src=\"https:\/\/www.mastercam.com\/wp-content\/uploads\/2025\/12\/Mastercam-2Color-Logo-scaled.jpg\" alt=\"\" class=\"wp-image-34233\" srcset=\"https:\/\/www.mastercam.com\/wp-content\/uploads\/2025\/12\/Mastercam-2Color-Logo-scaled.jpg 2560w, https:\/\/www.mastercam.com\/wp-content\/uploads\/2025\/12\/Mastercam-2Color-Logo-300x68.jpg 300w, https:\/\/www.mastercam.com\/wp-content\/uploads\/2025\/12\/Mastercam-2Color-Logo-1024x231.jpg 1024w, https:\/\/www.mastercam.com\/wp-content\/uploads\/2025\/12\/Mastercam-2Color-Logo-768x173.jpg 768w, https:\/\/www.mastercam.com\/wp-content\/uploads\/2025\/12\/Mastercam-2Color-Logo-1536x347.jpg 1536w, https:\/\/www.mastercam.com\/wp-content\/uploads\/2025\/12\/Mastercam-2Color-Logo-2048x462.jpg 2048w, https:\/\/www.mastercam.com\/wp-content\/uploads\/2025\/12\/Mastercam-2Color-Logo-120x27.jpg 120w, https:\/\/www.mastercam.com\/wp-content\/uploads\/2025\/12\/Mastercam-2Color-Logo-240x54.jpg 240w, https:\/\/www.mastercam.com\/wp-content\/uploads\/2025\/12\/Mastercam-2Color-Logo-1063x240.jpg 1063w, https:\/\/www.mastercam.com\/wp-content\/uploads\/2025\/12\/Mastercam-2Color-Logo-1600x361.jpg 1600w\" sizes=\"auto, (max-width: 2560px) 100vw, 2560px\" \/><\/figure>\n\n<p>Ka\u017cdy producent zna to uczucie. Ten moment, gdy projekt l\u0105duje na biurku, a wszyscy inni kr\u0119c\u0105 g\u0142owami. Zbyt z\u0142o\u017cony. Zbyt trudny. Zbyt ryzykowny. My w Mastercam \u017cyjemy dla tego momentu.     <\/p>\n\n<p><\/p>\n\n<p>Od ponad czterech dekad <strong>oprogramowanie Mastercam CAD\/CAM<\/strong> rozwija si\u0119 tam, &hellip;<\/p>","protected":false},"excerpt":{"rendered":"<figure class=\"wp-block-image size-full\"><img loading=\"lazy\" decoding=\"async\" width=\"2560\" height=\"578\" src=\"https:\/\/www.mastercam.com\/wp-content\/uploads\/2025\/12\/Mastercam-2Color-Logo-scaled.jpg\" alt=\"\" class=\"wp-image-34233\" srcset=\"https:\/\/www.mastercam.com\/wp-content\/uploads\/2025\/12\/Mastercam-2Color-Logo-scaled.jpg 2560w, https:\/\/www.mastercam.com\/wp-content\/uploads\/2025\/12\/Mastercam-2Color-Logo-300x68.jpg 300w, https:\/\/www.mastercam.com\/wp-content\/uploads\/2025\/12\/Mastercam-2Color-Logo-1024x231.jpg 1024w, https:\/\/www.mastercam.com\/wp-content\/uploads\/2025\/12\/Mastercam-2Color-Logo-768x173.jpg 768w, https:\/\/www.mastercam.com\/wp-content\/uploads\/2025\/12\/Mastercam-2Color-Logo-1536x347.jpg 1536w, https:\/\/www.mastercam.com\/wp-content\/uploads\/2025\/12\/Mastercam-2Color-Logo-2048x462.jpg 2048w, https:\/\/www.mastercam.com\/wp-content\/uploads\/2025\/12\/Mastercam-2Color-Logo-120x27.jpg 120w, https:\/\/www.mastercam.com\/wp-content\/uploads\/2025\/12\/Mastercam-2Color-Logo-240x54.jpg 240w, https:\/\/www.mastercam.com\/wp-content\/uploads\/2025\/12\/Mastercam-2Color-Logo-1063x240.jpg 1063w, https:\/\/www.mastercam.com\/wp-content\/uploads\/2025\/12\/Mastercam-2Color-Logo-1600x361.jpg 1600w\" sizes=\"auto, (max-width: 2560px) 100vw, 2560px\" \/><\/figure>\n\n<p>Ka\u017cdy producent zna to uczucie. Ten moment, gdy projekt l\u0105duje na biurku, a wszyscy inni kr\u0119c\u0105 g\u0142owami. Zbyt z\u0142o\u017cony. Zbyt trudny. Zbyt ryzykowny. My w Mastercam \u017cyjemy dla tego momentu.     <\/p>\n\n<p><\/p>\n\n<p>Od ponad czterech dekad <strong>oprogramowanie Mastercam CAD\/CAM<\/strong> rozwija si\u0119 tam, &hellip;<\/p>","protected":false},"author":1,"featured_media":35782,"parent":36907,"menu_order":0,"comment_status":"closed","ping_status":"closed","template":"","meta":{"_acf_changed":false,"footnotes":""},"class_list":["post-35777","page","type-page","status-publish","has-post-thumbnail","hentry"],"acf":[],"yoast_head":"<!-- This site is optimized with the Yoast SEO plugin v27.3 - https:\/\/yoast.com\/product\/yoast-seo-wordpress\/ -->\n<title>Mastercam UK i Irlandia - mastercam.com<\/title>\n<meta name=\"description\" content=\"Zesp\u00f3\u0142 Mastercam UK and Ireland ma wieloletnie do\u015bwiadczenie w bran\u017cy produkcyjnej i CAD\/CAM i jest bardzo do\u015bwiadczony w zakresie potrzeb klient\u00f3w z\" \/>\n<meta name=\"robots\" content=\"index, follow, max-snippet:-1, max-image-preview:large, max-video-preview:-1\" \/>\n<link rel=\"canonical\" href=\"https:\/\/www.mastercam.com\/pl\/aktualnosci\/mastercam-wielka-brytania-i-irlandia\/\" \/>\n<meta property=\"og:locale\" content=\"pl_PL\" \/>\n<meta property=\"og:type\" content=\"article\" \/>\n<meta property=\"og:title\" content=\"Mastercam UK i Irlandia - mastercam.com\" \/>\n<meta property=\"og:description\" content=\"Zesp\u00f3\u0142 Mastercam UK and Ireland ma wieloletnie do\u015bwiadczenie w bran\u017cy produkcyjnej i CAD\/CAM i jest bardzo do\u015bwiadczony w zakresie potrzeb klient\u00f3w z\" \/>\n<meta property=\"og:url\" content=\"https:\/\/www.mastercam.com\/pl\/aktualnosci\/mastercam-wielka-brytania-i-irlandia\/\" \/>\n<meta property=\"og:site_name\" content=\"mastercam.com\" \/>\n<meta property=\"article:publisher\" content=\"https:\/\/www.facebook.com\/Mastercam\/\" \/>\n<meta property=\"article:modified_time\" content=\"2026-01-16T16:11:31+00:00\" \/>\n<meta property=\"og:image\" content=\"https:\/\/www.mastercam.com\/wp-content\/uploads\/2025\/11\/Mastercam-UK-Team-scaled.jpg\" \/>\n\t<meta property=\"og:image:width\" content=\"2560\" \/>\n\t<meta property=\"og:image:height\" content=\"1707\" \/>\n\t<meta property=\"og:image:type\" content=\"image\/jpeg\" \/>\n<meta name=\"twitter:card\" content=\"summary_large_image\" \/>\n<meta name=\"twitter:site\" content=\"@mastercam\" \/>\n<meta name=\"twitter:label1\" content=\"Est. reading time\" \/>\n\t<meta name=\"twitter:data1\" content=\"1 minute\" \/>\n<script type=\"application\/ld+json\" class=\"yoast-schema-graph\">{\"@context\":\"https:\\\/\\\/schema.org\",\"@graph\":[{\"@type\":\"WebPage\",\"@id\":\"https:\\\/\\\/www.mastercam.com\\\/pl\\\/aktualnosci\\\/mastercam-wielka-brytania-i-irlandia\\\/\",\"url\":\"https:\\\/\\\/www.mastercam.com\\\/pl\\\/aktualnosci\\\/mastercam-wielka-brytania-i-irlandia\\\/\",\"name\":\"Mastercam UK i Irlandia - mastercam.com\",\"isPartOf\":{\"@id\":\"https:\\\/\\\/www.mastercam.com\\\/pl\\\/#website\"},\"primaryImageOfPage\":{\"@id\":\"https:\\\/\\\/www.mastercam.com\\\/pl\\\/aktualnosci\\\/mastercam-wielka-brytania-i-irlandia\\\/#primaryimage\"},\"image\":{\"@id\":\"https:\\\/\\\/www.mastercam.com\\\/pl\\\/aktualnosci\\\/mastercam-wielka-brytania-i-irlandia\\\/#primaryimage\"},\"thumbnailUrl\":\"https:\\\/\\\/www.mastercam.com\\\/wp-content\\\/uploads\\\/2025\\\/11\\\/Mastercam-UK-Team-scaled.jpg\",\"datePublished\":\"2024-01-11T03:07:09+00:00\",\"dateModified\":\"2026-01-16T16:11:31+00:00\",\"description\":\"Zesp\u00f3\u0142 Mastercam UK and Ireland ma wieloletnie do\u015bwiadczenie w bran\u017cy produkcyjnej i CAD\\\/CAM i jest bardzo do\u015bwiadczony w zakresie potrzeb klient\u00f3w z\",\"breadcrumb\":{\"@id\":\"https:\\\/\\\/www.mastercam.com\\\/pl\\\/aktualnosci\\\/mastercam-wielka-brytania-i-irlandia\\\/#breadcrumb\"},\"inLanguage\":\"pl-PL\",\"potentialAction\":[{\"@type\":\"ReadAction\",\"target\":[\"https:\\\/\\\/www.mastercam.com\\\/pl\\\/aktualnosci\\\/mastercam-wielka-brytania-i-irlandia\\\/\"]}]},{\"@type\":\"ImageObject\",\"inLanguage\":\"pl-PL\",\"@id\":\"https:\\\/\\\/www.mastercam.com\\\/pl\\\/aktualnosci\\\/mastercam-wielka-brytania-i-irlandia\\\/#primaryimage\",\"url\":\"https:\\\/\\\/www.mastercam.com\\\/wp-content\\\/uploads\\\/2025\\\/11\\\/Mastercam-UK-Team-scaled.jpg\",\"contentUrl\":\"https:\\\/\\\/www.mastercam.com\\\/wp-content\\\/uploads\\\/2025\\\/11\\\/Mastercam-UK-Team-scaled.jpg\",\"width\":2560,\"height\":1707},{\"@type\":\"BreadcrumbList\",\"@id\":\"https:\\\/\\\/www.mastercam.com\\\/pl\\\/aktualnosci\\\/mastercam-wielka-brytania-i-irlandia\\\/#breadcrumb\",\"itemListElement\":[{\"@type\":\"ListItem\",\"position\":1,\"name\":\"Home\",\"item\":\"https:\\\/\\\/www.mastercam.com\\\/pl\\\/\"},{\"@type\":\"ListItem\",\"position\":2,\"name\":\"Aktualno\u015bci\",\"item\":\"https:\\\/\\\/www.mastercam.com\\\/pl\\\/aktualnosci\\\/\"},{\"@type\":\"ListItem\",\"position\":3,\"name\":\"Mastercam Wielka Brytania i Irlandia\"}]},{\"@type\":\"WebSite\",\"@id\":\"https:\\\/\\\/www.mastercam.com\\\/pl\\\/#website\",\"url\":\"https:\\\/\\\/www.mastercam.com\\\/pl\\\/\",\"name\":\"Mastercam\",\"description\":\"Creating software and services that solve the world&#039;s manufacturing challenges\",\"publisher\":{\"@id\":\"https:\\\/\\\/www.mastercam.com\\\/pl\\\/#organization\"},\"potentialAction\":[{\"@type\":\"SearchAction\",\"target\":{\"@type\":\"EntryPoint\",\"urlTemplate\":\"https:\\\/\\\/www.mastercam.com\\\/pl\\\/?s={search_term_string}\"},\"query-input\":{\"@type\":\"PropertyValueSpecification\",\"valueRequired\":true,\"valueName\":\"search_term_string\"}}],\"inLanguage\":\"pl-PL\"},{\"@type\":\"Organization\",\"@id\":\"https:\\\/\\\/www.mastercam.com\\\/pl\\\/#organization\",\"name\":\"Mastercam\",\"url\":\"https:\\\/\\\/www.mastercam.com\\\/pl\\\/\",\"logo\":{\"@type\":\"ImageObject\",\"inLanguage\":\"pl-PL\",\"@id\":\"https:\\\/\\\/www.mastercam.com\\\/pl\\\/#\\\/schema\\\/logo\\\/image\\\/\",\"url\":\"https:\\\/\\\/www.mastercam.com\\\/wp-content\\\/uploads\\\/2023\\\/02\\\/MC_logo.svg\",\"contentUrl\":\"https:\\\/\\\/www.mastercam.com\\\/wp-content\\\/uploads\\\/2023\\\/02\\\/MC_logo.svg\",\"width\":230,\"height\":40,\"caption\":\"Mastercam\"},\"image\":{\"@id\":\"https:\\\/\\\/www.mastercam.com\\\/pl\\\/#\\\/schema\\\/logo\\\/image\\\/\"},\"sameAs\":[\"https:\\\/\\\/www.facebook.com\\\/Mastercam\\\/\",\"https:\\\/\\\/x.com\\\/mastercam\",\"https:\\\/\\\/www.linkedin.com\\\/company\\\/mastercam\",\"https:\\\/\\\/www.youtube.com\\\/channel\\\/UChJt5ruSkqnmFH44WsXVZLw\",\"https:\\\/\\\/www.instagram.com\\\/mastercam\\\/\"]}]}<\/script>\n<!-- \/ Yoast SEO plugin. -->","yoast_head_json":{"title":"Mastercam UK i Irlandia - mastercam.com","description":"Zesp\u00f3\u0142 Mastercam UK and Ireland ma wieloletnie do\u015bwiadczenie w bran\u017cy produkcyjnej i CAD\/CAM i jest bardzo do\u015bwiadczony w zakresie potrzeb klient\u00f3w z","robots":{"index":"index","follow":"follow","max-snippet":"max-snippet:-1","max-image-preview":"max-image-preview:large","max-video-preview":"max-video-preview:-1"},"canonical":"https:\/\/www.mastercam.com\/pl\/aktualnosci\/mastercam-wielka-brytania-i-irlandia\/","og_locale":"pl_PL","og_type":"article","og_title":"Mastercam UK i Irlandia - mastercam.com","og_description":"Zesp\u00f3\u0142 Mastercam UK and Ireland ma wieloletnie do\u015bwiadczenie w bran\u017cy produkcyjnej i CAD\/CAM i jest bardzo do\u015bwiadczony w zakresie potrzeb klient\u00f3w z","og_url":"https:\/\/www.mastercam.com\/pl\/aktualnosci\/mastercam-wielka-brytania-i-irlandia\/","og_site_name":"mastercam.com","article_publisher":"https:\/\/www.facebook.com\/Mastercam\/","article_modified_time":"2026-01-16T16:11:31+00:00","og_image":[{"width":2560,"height":1707,"url":"https:\/\/www.mastercam.com\/wp-content\/uploads\/2025\/11\/Mastercam-UK-Team-scaled.jpg","type":"image\/jpeg"}],"twitter_card":"summary_large_image","twitter_site":"@mastercam","twitter_misc":{"Est. reading time":"1 minute"},"schema":{"@context":"https:\/\/schema.org","@graph":[{"@type":"WebPage","@id":"https:\/\/www.mastercam.com\/pl\/aktualnosci\/mastercam-wielka-brytania-i-irlandia\/","url":"https:\/\/www.mastercam.com\/pl\/aktualnosci\/mastercam-wielka-brytania-i-irlandia\/","name":"Mastercam UK i Irlandia - mastercam.com","isPartOf":{"@id":"https:\/\/www.mastercam.com\/pl\/#website"},"primaryImageOfPage":{"@id":"https:\/\/www.mastercam.com\/pl\/aktualnosci\/mastercam-wielka-brytania-i-irlandia\/#primaryimage"},"image":{"@id":"https:\/\/www.mastercam.com\/pl\/aktualnosci\/mastercam-wielka-brytania-i-irlandia\/#primaryimage"},"thumbnailUrl":"https:\/\/www.mastercam.com\/wp-content\/uploads\/2025\/11\/Mastercam-UK-Team-scaled.jpg","datePublished":"2024-01-11T03:07:09+00:00","dateModified":"2026-01-16T16:11:31+00:00","description":"Zesp\u00f3\u0142 Mastercam UK and Ireland ma wieloletnie do\u015bwiadczenie w bran\u017cy produkcyjnej i CAD\/CAM i jest bardzo do\u015bwiadczony w zakresie potrzeb klient\u00f3w z","breadcrumb":{"@id":"https:\/\/www.mastercam.com\/pl\/aktualnosci\/mastercam-wielka-brytania-i-irlandia\/#breadcrumb"},"inLanguage":"pl-PL","potentialAction":[{"@type":"ReadAction","target":["https:\/\/www.mastercam.com\/pl\/aktualnosci\/mastercam-wielka-brytania-i-irlandia\/"]}]},{"@type":"ImageObject","inLanguage":"pl-PL","@id":"https:\/\/www.mastercam.com\/pl\/aktualnosci\/mastercam-wielka-brytania-i-irlandia\/#primaryimage","url":"https:\/\/www.mastercam.com\/wp-content\/uploads\/2025\/11\/Mastercam-UK-Team-scaled.jpg","contentUrl":"https:\/\/www.mastercam.com\/wp-content\/uploads\/2025\/11\/Mastercam-UK-Team-scaled.jpg","width":2560,"height":1707},{"@type":"BreadcrumbList","@id":"https:\/\/www.mastercam.com\/pl\/aktualnosci\/mastercam-wielka-brytania-i-irlandia\/#breadcrumb","itemListElement":[{"@type":"ListItem","position":1,"name":"Home","item":"https:\/\/www.mastercam.com\/pl\/"},{"@type":"ListItem","position":2,"name":"Aktualno\u015bci","item":"https:\/\/www.mastercam.com\/pl\/aktualnosci\/"},{"@type":"ListItem","position":3,"name":"Mastercam Wielka Brytania i Irlandia"}]},{"@type":"WebSite","@id":"https:\/\/www.mastercam.com\/pl\/#website","url":"https:\/\/www.mastercam.com\/pl\/","name":"Mastercam","description":"Creating software and services that solve the world&#039;s manufacturing challenges","publisher":{"@id":"https:\/\/www.mastercam.com\/pl\/#organization"},"potentialAction":[{"@type":"SearchAction","target":{"@type":"EntryPoint","urlTemplate":"https:\/\/www.mastercam.com\/pl\/?s={search_term_string}"},"query-input":{"@type":"PropertyValueSpecification","valueRequired":true,"valueName":"search_term_string"}}],"inLanguage":"pl-PL"},{"@type":"Organization","@id":"https:\/\/www.mastercam.com\/pl\/#organization","name":"Mastercam","url":"https:\/\/www.mastercam.com\/pl\/","logo":{"@type":"ImageObject","inLanguage":"pl-PL","@id":"https:\/\/www.mastercam.com\/pl\/#\/schema\/logo\/image\/","url":"https:\/\/www.mastercam.com\/wp-content\/uploads\/2023\/02\/MC_logo.svg","contentUrl":"https:\/\/www.mastercam.com\/wp-content\/uploads\/2023\/02\/MC_logo.svg","width":230,"height":40,"caption":"Mastercam"},"image":{"@id":"https:\/\/www.mastercam.com\/pl\/#\/schema\/logo\/image\/"},"sameAs":["https:\/\/www.facebook.com\/Mastercam\/","https:\/\/x.com\/mastercam","https:\/\/www.linkedin.com\/company\/mastercam","https:\/\/www.youtube.com\/channel\/UChJt5ruSkqnmFH44WsXVZLw","https:\/\/www.instagram.com\/mastercam\/"]}]}},"_links":{"self":[{"href":"https:\/\/www.mastercam.com\/pl\/wp-json\/wp\/v2\/pages\/35777","targetHints":{"allow":["GET"]}}],"collection":[{"href":"https:\/\/www.mastercam.com\/pl\/wp-json\/wp\/v2\/pages"}],"about":[{"href":"https:\/\/www.mastercam.com\/pl\/wp-json\/wp\/v2\/types\/page"}],"author":[{"embeddable":true,"href":"https:\/\/www.mastercam.com\/pl\/wp-json\/wp\/v2\/users\/1"}],"replies":[{"embeddable":true,"href":"https:\/\/www.mastercam.com\/pl\/wp-json\/wp\/v2\/comments?post=35777"}],"version-history":[{"count":0,"href":"https:\/\/www.mastercam.com\/pl\/wp-json\/wp\/v2\/pages\/35777\/revisions"}],"up":[{"embeddable":true,"href":"https:\/\/www.mastercam.com\/pl\/wp-json\/wp\/v2\/pages\/36907"}],"wp:featuredmedia":[{"embeddable":true,"href":"https:\/\/www.mastercam.com\/pl\/wp-json\/wp\/v2\/media\/35782"}],"wp:attachment":[{"href":"https:\/\/www.mastercam.com\/pl\/wp-json\/wp\/v2\/media?parent=35777"}],"curies":[{"name":"wp","href":"https:\/\/api.w.org\/{rel}","templated":true}]}}