{"id":35718,"date":"2023-03-24T14:31:57","date_gmt":"2023-03-24T18:31:57","guid":{"rendered":"https:\/\/www.mastercam.com\/wniosek-o-udostepnienie-danych-osobowych\/"},"modified":"2026-01-16T11:09:07","modified_gmt":"2026-01-16T16:09:07","slug":"wniosek-o-udostepnienie-danych-osobowych","status":"publish","type":"page","link":"https:\/\/www.mastercam.com\/pl\/prywatnosc\/wniosek-o-udostepnienie-danych-osobowych\/","title":{"rendered":"Wniosek o udost\u0119pnienie danych osobowych"},"content":{"rendered":"\n<div class=\"wp-block-columns is-style-container is-layout-flex wp-container-core-columns-is-layout-28f84493 wp-block-columns-is-layout-flex\">\n<div class=\"wp-block-column is-layout-flow wp-block-column-is-layout-flow\">\n<p>Poni\u017cej znajduje si\u0119 formularz s\u0142u\u017c\u0105cy do skorzystania z prawa dost\u0119pu, sprostowania lub \u017c\u0105dania zaprzestania przetwarzania danych osobowych.<\/p>\n\n\n\n<!-- OneTrust Web Form start -->\n<style>\n    .ot-form-wrapper {\n        max-width: 750px;\n        height: 2150px;\n        border: 1px solid #c0c2c7;\n        margin: 30px 0;\n    }\n    .ot-form-wrapper iframe {\n        width: 100%;\n        height: 100%;\n        border: none;\n    }\n\n    @media (min-width: 640px) {\n        .ot-form-wrapper {\n            height: 1500px;\n        }\n    }\n<\/style>\n<div class=\"ot-form-wrapper\">\n    <iframe src=\"https:\/\/privacyportal-de.onetrust.com\/webform\/5432bf2b-8c79-4fee-8a05-0e864ece0650\/b5a73528-f796-4d6c-bdde-e5924ed1f7aa\"><\/iframe>\n<\/div>\n<!-- OneTrust Web Form end -->\n<\/div>\n<\/div>\n","protected":false},"excerpt":{"rendered":"<p>Poni\u017cej znajduje si\u0119 formularz s\u0142u\u017c\u0105cy do skorzystania z prawa dost\u0119pu, sprostowania lub \u017c\u0105dania zaprzestania przetwarzania [&hellip;]<\/p>\n","protected":false},"author":1,"featured_media":0,"parent":36930,"menu_order":0,"comment_status":"closed","ping_status":"closed","template":"","meta":{"_acf_changed":false,"footnotes":""},"class_list":["post-35718","page","type-page","status-publish","hentry"],"acf":[],"yoast_head":"<!-- This site is optimized with the Yoast SEO plugin v27.3 - https:\/\/yoast.com\/product\/yoast-seo-wordpress\/ -->\n<title>Wniosek o udost\u0119pnienie danych osobowych - mastercam.com<\/title>\n<meta name=\"description\" content=\"Poni\u017cej znajduje si\u0119 formularz s\u0142u\u017c\u0105cy do skorzystania z prawa dost\u0119pu, sprostowania lub \u017c\u0105dania zaprzestania przetwarzania danych osobowych.\" \/>\n<meta name=\"robots\" content=\"index, follow, max-snippet:-1, max-image-preview:large, max-video-preview:-1\" \/>\n<link rel=\"canonical\" href=\"https:\/\/www.mastercam.com\/pl\/prywatnosc\/wniosek-o-udostepnienie-danych-osobowych\/\" \/>\n<meta property=\"og:locale\" content=\"pl_PL\" \/>\n<meta property=\"og:type\" content=\"article\" \/>\n<meta property=\"og:title\" content=\"Wniosek o udost\u0119pnienie danych osobowych - mastercam.com\" \/>\n<meta property=\"og:description\" content=\"Poni\u017cej znajduje si\u0119 formularz s\u0142u\u017c\u0105cy do skorzystania z prawa dost\u0119pu, sprostowania lub \u017c\u0105dania zaprzestania przetwarzania danych osobowych.\" \/>\n<meta property=\"og:url\" content=\"https:\/\/www.mastercam.com\/pl\/prywatnosc\/wniosek-o-udostepnienie-danych-osobowych\/\" \/>\n<meta property=\"og:site_name\" content=\"mastercam.com\" \/>\n<meta property=\"article:publisher\" content=\"https:\/\/www.facebook.com\/Mastercam\/\" \/>\n<meta property=\"article:modified_time\" content=\"2026-01-16T16:09:07+00:00\" \/>\n<meta property=\"og:image\" content=\"https:\/\/www.mastercam.com\/wp-content\/uploads\/2024\/02\/drill-wide-photo-1200x675-1.jpg\" \/>\n\t<meta property=\"og:image:width\" content=\"1200\" \/>\n\t<meta property=\"og:image:height\" content=\"675\" \/>\n\t<meta property=\"og:image:type\" content=\"image\/jpeg\" \/>\n<meta name=\"twitter:card\" content=\"summary_large_image\" \/>\n<meta name=\"twitter:site\" content=\"@mastercam\" \/>\n<script type=\"application\/ld+json\" class=\"yoast-schema-graph\">{\"@context\":\"https:\\\/\\\/schema.org\",\"@graph\":[{\"@type\":\"WebPage\",\"@id\":\"https:\\\/\\\/www.mastercam.com\\\/pl\\\/prywatnosc\\\/wniosek-o-udostepnienie-danych-osobowych\\\/\",\"url\":\"https:\\\/\\\/www.mastercam.com\\\/pl\\\/prywatnosc\\\/wniosek-o-udostepnienie-danych-osobowych\\\/\",\"name\":\"Wniosek o udost\u0119pnienie danych osobowych - mastercam.com\",\"isPartOf\":{\"@id\":\"https:\\\/\\\/www.mastercam.com\\\/pl\\\/#website\"},\"datePublished\":\"2023-03-24T18:31:57+00:00\",\"dateModified\":\"2026-01-16T16:09:07+00:00\",\"description\":\"Poni\u017cej znajduje si\u0119 formularz s\u0142u\u017c\u0105cy do skorzystania z prawa dost\u0119pu, sprostowania lub \u017c\u0105dania zaprzestania przetwarzania danych osobowych.\",\"breadcrumb\":{\"@id\":\"https:\\\/\\\/www.mastercam.com\\\/pl\\\/prywatnosc\\\/wniosek-o-udostepnienie-danych-osobowych\\\/#breadcrumb\"},\"inLanguage\":\"pl-PL\",\"potentialAction\":[{\"@type\":\"ReadAction\",\"target\":[\"https:\\\/\\\/www.mastercam.com\\\/pl\\\/prywatnosc\\\/wniosek-o-udostepnienie-danych-osobowych\\\/\"]}]},{\"@type\":\"BreadcrumbList\",\"@id\":\"https:\\\/\\\/www.mastercam.com\\\/pl\\\/prywatnosc\\\/wniosek-o-udostepnienie-danych-osobowych\\\/#breadcrumb\",\"itemListElement\":[{\"@type\":\"ListItem\",\"position\":1,\"name\":\"Home\",\"item\":\"https:\\\/\\\/www.mastercam.com\\\/pl\\\/\"},{\"@type\":\"ListItem\",\"position\":2,\"name\":\"Prywatno\u015b\u0107\",\"item\":\"https:\\\/\\\/www.mastercam.com\\\/pl\\\/prywatnosc\\\/\"},{\"@type\":\"ListItem\",\"position\":3,\"name\":\"Wniosek o udost\u0119pnienie danych osobowych\"}]},{\"@type\":\"WebSite\",\"@id\":\"https:\\\/\\\/www.mastercam.com\\\/pl\\\/#website\",\"url\":\"https:\\\/\\\/www.mastercam.com\\\/pl\\\/\",\"name\":\"Mastercam\",\"description\":\"Creating software and services that solve the world&#039;s manufacturing challenges\",\"publisher\":{\"@id\":\"https:\\\/\\\/www.mastercam.com\\\/pl\\\/#organization\"},\"potentialAction\":[{\"@type\":\"SearchAction\",\"target\":{\"@type\":\"EntryPoint\",\"urlTemplate\":\"https:\\\/\\\/www.mastercam.com\\\/pl\\\/?s={search_term_string}\"},\"query-input\":{\"@type\":\"PropertyValueSpecification\",\"valueRequired\":true,\"valueName\":\"search_term_string\"}}],\"inLanguage\":\"pl-PL\"},{\"@type\":\"Organization\",\"@id\":\"https:\\\/\\\/www.mastercam.com\\\/pl\\\/#organization\",\"name\":\"Mastercam\",\"url\":\"https:\\\/\\\/www.mastercam.com\\\/pl\\\/\",\"logo\":{\"@type\":\"ImageObject\",\"inLanguage\":\"pl-PL\",\"@id\":\"https:\\\/\\\/www.mastercam.com\\\/pl\\\/#\\\/schema\\\/logo\\\/image\\\/\",\"url\":\"https:\\\/\\\/www.mastercam.com\\\/wp-content\\\/uploads\\\/2023\\\/02\\\/MC_logo.svg\",\"contentUrl\":\"https:\\\/\\\/www.mastercam.com\\\/wp-content\\\/uploads\\\/2023\\\/02\\\/MC_logo.svg\",\"width\":230,\"height\":40,\"caption\":\"Mastercam\"},\"image\":{\"@id\":\"https:\\\/\\\/www.mastercam.com\\\/pl\\\/#\\\/schema\\\/logo\\\/image\\\/\"},\"sameAs\":[\"https:\\\/\\\/www.facebook.com\\\/Mastercam\\\/\",\"https:\\\/\\\/x.com\\\/mastercam\",\"https:\\\/\\\/www.linkedin.com\\\/company\\\/mastercam\",\"https:\\\/\\\/www.youtube.com\\\/channel\\\/UChJt5ruSkqnmFH44WsXVZLw\",\"https:\\\/\\\/www.instagram.com\\\/mastercam\\\/\"]}]}<\/script>\n<!-- \/ Yoast SEO plugin. -->","yoast_head_json":{"title":"Wniosek o udost\u0119pnienie danych osobowych - mastercam.com","description":"Poni\u017cej znajduje si\u0119 formularz s\u0142u\u017c\u0105cy do skorzystania z prawa dost\u0119pu, sprostowania lub \u017c\u0105dania zaprzestania przetwarzania danych osobowych.","robots":{"index":"index","follow":"follow","max-snippet":"max-snippet:-1","max-image-preview":"max-image-preview:large","max-video-preview":"max-video-preview:-1"},"canonical":"https:\/\/www.mastercam.com\/pl\/prywatnosc\/wniosek-o-udostepnienie-danych-osobowych\/","og_locale":"pl_PL","og_type":"article","og_title":"Wniosek o udost\u0119pnienie danych osobowych - mastercam.com","og_description":"Poni\u017cej znajduje si\u0119 formularz s\u0142u\u017c\u0105cy do skorzystania z prawa dost\u0119pu, sprostowania lub \u017c\u0105dania zaprzestania przetwarzania danych osobowych.","og_url":"https:\/\/www.mastercam.com\/pl\/prywatnosc\/wniosek-o-udostepnienie-danych-osobowych\/","og_site_name":"mastercam.com","article_publisher":"https:\/\/www.facebook.com\/Mastercam\/","article_modified_time":"2026-01-16T16:09:07+00:00","og_image":[{"width":1200,"height":675,"url":"https:\/\/www.mastercam.com\/wp-content\/uploads\/2024\/02\/drill-wide-photo-1200x675-1.jpg","type":"image\/jpeg"}],"twitter_card":"summary_large_image","twitter_site":"@mastercam","schema":{"@context":"https:\/\/schema.org","@graph":[{"@type":"WebPage","@id":"https:\/\/www.mastercam.com\/pl\/prywatnosc\/wniosek-o-udostepnienie-danych-osobowych\/","url":"https:\/\/www.mastercam.com\/pl\/prywatnosc\/wniosek-o-udostepnienie-danych-osobowych\/","name":"Wniosek o udost\u0119pnienie danych osobowych - mastercam.com","isPartOf":{"@id":"https:\/\/www.mastercam.com\/pl\/#website"},"datePublished":"2023-03-24T18:31:57+00:00","dateModified":"2026-01-16T16:09:07+00:00","description":"Poni\u017cej znajduje si\u0119 formularz s\u0142u\u017c\u0105cy do skorzystania z prawa dost\u0119pu, sprostowania lub \u017c\u0105dania zaprzestania przetwarzania danych osobowych.","breadcrumb":{"@id":"https:\/\/www.mastercam.com\/pl\/prywatnosc\/wniosek-o-udostepnienie-danych-osobowych\/#breadcrumb"},"inLanguage":"pl-PL","potentialAction":[{"@type":"ReadAction","target":["https:\/\/www.mastercam.com\/pl\/prywatnosc\/wniosek-o-udostepnienie-danych-osobowych\/"]}]},{"@type":"BreadcrumbList","@id":"https:\/\/www.mastercam.com\/pl\/prywatnosc\/wniosek-o-udostepnienie-danych-osobowych\/#breadcrumb","itemListElement":[{"@type":"ListItem","position":1,"name":"Home","item":"https:\/\/www.mastercam.com\/pl\/"},{"@type":"ListItem","position":2,"name":"Prywatno\u015b\u0107","item":"https:\/\/www.mastercam.com\/pl\/prywatnosc\/"},{"@type":"ListItem","position":3,"name":"Wniosek o udost\u0119pnienie danych osobowych"}]},{"@type":"WebSite","@id":"https:\/\/www.mastercam.com\/pl\/#website","url":"https:\/\/www.mastercam.com\/pl\/","name":"Mastercam","description":"Creating software and services that solve the world&#039;s manufacturing challenges","publisher":{"@id":"https:\/\/www.mastercam.com\/pl\/#organization"},"potentialAction":[{"@type":"SearchAction","target":{"@type":"EntryPoint","urlTemplate":"https:\/\/www.mastercam.com\/pl\/?s={search_term_string}"},"query-input":{"@type":"PropertyValueSpecification","valueRequired":true,"valueName":"search_term_string"}}],"inLanguage":"pl-PL"},{"@type":"Organization","@id":"https:\/\/www.mastercam.com\/pl\/#organization","name":"Mastercam","url":"https:\/\/www.mastercam.com\/pl\/","logo":{"@type":"ImageObject","inLanguage":"pl-PL","@id":"https:\/\/www.mastercam.com\/pl\/#\/schema\/logo\/image\/","url":"https:\/\/www.mastercam.com\/wp-content\/uploads\/2023\/02\/MC_logo.svg","contentUrl":"https:\/\/www.mastercam.com\/wp-content\/uploads\/2023\/02\/MC_logo.svg","width":230,"height":40,"caption":"Mastercam"},"image":{"@id":"https:\/\/www.mastercam.com\/pl\/#\/schema\/logo\/image\/"},"sameAs":["https:\/\/www.facebook.com\/Mastercam\/","https:\/\/x.com\/mastercam","https:\/\/www.linkedin.com\/company\/mastercam","https:\/\/www.youtube.com\/channel\/UChJt5ruSkqnmFH44WsXVZLw","https:\/\/www.instagram.com\/mastercam\/"]}]}},"_links":{"self":[{"href":"https:\/\/www.mastercam.com\/pl\/wp-json\/wp\/v2\/pages\/35718","targetHints":{"allow":["GET"]}}],"collection":[{"href":"https:\/\/www.mastercam.com\/pl\/wp-json\/wp\/v2\/pages"}],"about":[{"href":"https:\/\/www.mastercam.com\/pl\/wp-json\/wp\/v2\/types\/page"}],"author":[{"embeddable":true,"href":"https:\/\/www.mastercam.com\/pl\/wp-json\/wp\/v2\/users\/1"}],"replies":[{"embeddable":true,"href":"https:\/\/www.mastercam.com\/pl\/wp-json\/wp\/v2\/comments?post=35718"}],"version-history":[{"count":0,"href":"https:\/\/www.mastercam.com\/pl\/wp-json\/wp\/v2\/pages\/35718\/revisions"}],"up":[{"embeddable":true,"href":"https:\/\/www.mastercam.com\/pl\/wp-json\/wp\/v2\/pages\/36930"}],"wp:attachment":[{"href":"https:\/\/www.mastercam.com\/pl\/wp-json\/wp\/v2\/media?parent=35718"}],"curies":[{"name":"wp","href":"https:\/\/api.w.org\/{rel}","templated":true}]}}