{"id":35637,"date":"2023-02-01T19:29:09","date_gmt":"2023-02-02T00:29:09","guid":{"rendered":"https:\/\/www.mastercam.com\/deweloperzy-innych-firm\/"},"modified":"2026-01-16T11:11:25","modified_gmt":"2026-01-16T16:11:25","slug":"deweloperzy-innych-firm","status":"publish","type":"page","link":"https:\/\/www.mastercam.com\/pl\/wspolnota\/deweloperzy-innych-firm\/","title":{"rendered":"Deweloperzy innych firm"},"content":{"rendered":"<div class=\"hero__breadcrumbs\">\n    <div class=\"container-fluid\">\n      <div class=\"row\">\n        <div class=\"col\">\n          <nav aria-label=\"breadcrumbs\"><ol class=\"breadcrumb\"><li><a href=\"https:\/\/www.mastercam.com\/pl\/\">Home<\/a><\/li><\/ol><\/nav>\n        <\/div>\n      <\/div>\n    <\/div>\n  <\/div>\n\n<div class=\"hero hero--minimal wp-block-acf-block-hero\">\n  <div class=\"container-fluid\">\n    <div class=\"row align-items-center\">\n      \n      \n      \n      <div class=\"col-12 col-lg-7 order-2 order-lg-2 hero__content-column\">\n        <div class=\"hero__content\">\n                      <h1 class=\"hero__heading\">\n              \n              Deweloperzy innych firm\n            <\/h1>\n          \n          \n          \n          \n          \n                  <\/div>\n      <\/div>\n    <\/div>\n  <\/div>\n<\/div>\n\n<div class=\"wp-block-columns is-style-container is-layout-flex wp-container-core-columns-is-layout-299ef634 wp-block-columns-is-layout-flex\" style=\"padding-top:var(--wp--preset--spacing--0);padding-bottom:var(--wp--preset--spacing--6)\">\n<div class=\"wp-block-column is-layout-flow wp-block-column-is-layout-flow\">\n<p>Czy jeste\u015b programist\u0105 zainteresowanym tworzeniem aplikacji dzia\u0142aj\u0105cych w Mastercam? Chcesz uzyska\u0107 przewag\u0119 w tworzeniu aplikacji dla wersji Mastercam, kt\u00f3re nie zosta\u0142y jeszcze wydane? Rozwa\u017c do\u0142\u0105czenie do naszej rodziny programist\u00f3w zapisanych do programu Mastercam 3rd Party Developer!    <\/p>\n\n\n\n<p><strong>Niekt\u00f3re z korzy\u015bci p\u0142yn\u0105cych z do\u0142\u0105czenia do programu Mastercam 3rd Party Developer Program obejmuj\u0105:<\/strong><\/p>\n\n\n\n<ul class=\"wp-block-list\">\n<li>Uzyskaj dost\u0119p do przedpremierowych wersji Mastercam i C-Hook SDK.<\/li>\n\n\n\n<li>Wypr\u00f3buj nowe funkcje przed innymi.<\/li>\n\n\n\n<li>Przeka\u017c swoj\u0105 opini\u0119 na temat programu, aby pom\u00f3c w stworzeniu lepszej, bogatszej w funkcje wersji.<\/li>\n<\/ul>\n\n\n\n<p class=\"has-text-align-left\"><strong>Je\u015bli jeste\u015b zainteresowany do\u0142\u0105czeniem do programu Mastercam 3rd Party Developer, zaloguj si\u0119 do <a href=\"https:\/\/my.mastercam.com\/communities\/3rd-party-developers\/overview\/\">myMastercam <\/a>, aby dowiedzie\u0107 si\u0119 wi\u0119cej.<\/strong><\/p>\n<\/div>\n<\/div>\n","protected":false},"excerpt":{"rendered":"<p>Czy jeste\u015b programist\u0105 zainteresowanym tworzeniem aplikacji dzia\u0142aj\u0105cych w Mastercam? Chcesz uzyska\u0107 przewag\u0119 w tworzeniu aplikacji [&hellip;]<\/p>\n","protected":false},"author":1,"featured_media":0,"parent":36542,"menu_order":0,"comment_status":"closed","ping_status":"closed","template":"","meta":{"_acf_changed":false,"footnotes":""},"class_list":["post-35637","page","type-page","status-publish","hentry"],"acf":[],"yoast_head":"<!-- This site is optimized with the Yoast SEO plugin v27.5 - https:\/\/yoast.com\/product\/yoast-seo-wordpress\/ -->\n<title>Deweloperzy zewn\u0119trzni | Mastercam<\/title>\n<meta name=\"description\" content=\"Czy jeste\u015b programist\u0105 zainteresowanym tworzeniem aplikacji dzia\u0142aj\u0105cych w Mastercam? Do\u0142\u0105cz do naszego programu 3rd Party Developer ju\u017c dzi\u015b!\" \/>\n<meta name=\"robots\" content=\"index, follow, max-snippet:-1, max-image-preview:large, max-video-preview:-1\" \/>\n<link rel=\"canonical\" href=\"https:\/\/www.mastercam.com\/pl\/wspolnota\/deweloperzy-innych-firm\/\" \/>\n<meta property=\"og:locale\" content=\"pl_PL\" \/>\n<meta property=\"og:type\" content=\"article\" \/>\n<meta property=\"og:title\" content=\"Deweloperzy zewn\u0119trzni | Mastercam\" \/>\n<meta property=\"og:description\" content=\"Czy jeste\u015b programist\u0105 zainteresowanym tworzeniem aplikacji dzia\u0142aj\u0105cych w Mastercam? Do\u0142\u0105cz do naszego programu 3rd Party Developer ju\u017c dzi\u015b!\" \/>\n<meta property=\"og:url\" content=\"https:\/\/www.mastercam.com\/pl\/wspolnota\/deweloperzy-innych-firm\/\" \/>\n<meta property=\"og:site_name\" content=\"mastercam.com\" \/>\n<meta property=\"article:publisher\" content=\"https:\/\/www.facebook.com\/Mastercam\/\" \/>\n<meta property=\"article:modified_time\" content=\"2026-01-16T16:11:25+00:00\" \/>\n<meta property=\"og:image\" content=\"https:\/\/www.mastercam.com\/wp-content\/uploads\/2024\/02\/drill-wide-photo-1200x675-1.jpg\" \/>\n\t<meta property=\"og:image:width\" content=\"1200\" \/>\n\t<meta property=\"og:image:height\" content=\"675\" \/>\n\t<meta property=\"og:image:type\" content=\"image\/jpeg\" \/>\n<meta name=\"twitter:card\" content=\"summary_large_image\" \/>\n<meta name=\"twitter:site\" content=\"@mastercam\" \/>\n<meta name=\"twitter:label1\" content=\"Est. reading time\" \/>\n\t<meta name=\"twitter:data1\" content=\"1 minute\" \/>\n<script type=\"application\/ld+json\" class=\"yoast-schema-graph\">{\"@context\":\"https:\\\/\\\/schema.org\",\"@graph\":[{\"@type\":\"WebPage\",\"@id\":\"https:\\\/\\\/www.mastercam.com\\\/pl\\\/wspolnota\\\/deweloperzy-innych-firm\\\/\",\"url\":\"https:\\\/\\\/www.mastercam.com\\\/pl\\\/wspolnota\\\/deweloperzy-innych-firm\\\/\",\"name\":\"Deweloperzy zewn\u0119trzni | Mastercam\",\"isPartOf\":{\"@id\":\"https:\\\/\\\/www.mastercam.com\\\/pl\\\/#website\"},\"datePublished\":\"2023-02-02T00:29:09+00:00\",\"dateModified\":\"2026-01-16T16:11:25+00:00\",\"description\":\"Czy jeste\u015b programist\u0105 zainteresowanym tworzeniem aplikacji dzia\u0142aj\u0105cych w Mastercam? Do\u0142\u0105cz do naszego programu 3rd Party Developer ju\u017c dzi\u015b!\",\"breadcrumb\":{\"@id\":\"https:\\\/\\\/www.mastercam.com\\\/pl\\\/wspolnota\\\/deweloperzy-innych-firm\\\/#breadcrumb\"},\"inLanguage\":\"pl-PL\",\"potentialAction\":[{\"@type\":\"ReadAction\",\"target\":[\"https:\\\/\\\/www.mastercam.com\\\/pl\\\/wspolnota\\\/deweloperzy-innych-firm\\\/\"]}]},{\"@type\":\"BreadcrumbList\",\"@id\":\"https:\\\/\\\/www.mastercam.com\\\/pl\\\/wspolnota\\\/deweloperzy-innych-firm\\\/#breadcrumb\",\"itemListElement\":[{\"@type\":\"ListItem\",\"position\":1,\"name\":\"Home\",\"item\":\"https:\\\/\\\/www.mastercam.com\\\/pl\\\/\"},{\"@type\":\"ListItem\",\"position\":2,\"name\":\"Wsp\u00f3lnota\",\"item\":\"https:\\\/\\\/www.mastercam.com\\\/pl\\\/wspolnota\\\/\"},{\"@type\":\"ListItem\",\"position\":3,\"name\":\"Deweloperzy innych firm\"}]},{\"@type\":\"WebSite\",\"@id\":\"https:\\\/\\\/www.mastercam.com\\\/pl\\\/#website\",\"url\":\"https:\\\/\\\/www.mastercam.com\\\/pl\\\/\",\"name\":\"Mastercam\",\"description\":\"Creating software and services that solve the world&#039;s manufacturing challenges\",\"publisher\":{\"@id\":\"https:\\\/\\\/www.mastercam.com\\\/pl\\\/#organization\"},\"potentialAction\":[{\"@type\":\"SearchAction\",\"target\":{\"@type\":\"EntryPoint\",\"urlTemplate\":\"https:\\\/\\\/www.mastercam.com\\\/pl\\\/?s={search_term_string}\"},\"query-input\":{\"@type\":\"PropertyValueSpecification\",\"valueRequired\":true,\"valueName\":\"search_term_string\"}}],\"inLanguage\":\"pl-PL\"},{\"@type\":\"Organization\",\"@id\":\"https:\\\/\\\/www.mastercam.com\\\/pl\\\/#organization\",\"name\":\"Mastercam\",\"url\":\"https:\\\/\\\/www.mastercam.com\\\/pl\\\/\",\"logo\":{\"@type\":\"ImageObject\",\"inLanguage\":\"pl-PL\",\"@id\":\"https:\\\/\\\/www.mastercam.com\\\/pl\\\/#\\\/schema\\\/logo\\\/image\\\/\",\"url\":\"https:\\\/\\\/www.mastercam.com\\\/wp-content\\\/uploads\\\/2023\\\/02\\\/MC_logo.svg\",\"contentUrl\":\"https:\\\/\\\/www.mastercam.com\\\/wp-content\\\/uploads\\\/2023\\\/02\\\/MC_logo.svg\",\"width\":230,\"height\":40,\"caption\":\"Mastercam\"},\"image\":{\"@id\":\"https:\\\/\\\/www.mastercam.com\\\/pl\\\/#\\\/schema\\\/logo\\\/image\\\/\"},\"sameAs\":[\"https:\\\/\\\/www.facebook.com\\\/Mastercam\\\/\",\"https:\\\/\\\/x.com\\\/mastercam\",\"https:\\\/\\\/www.linkedin.com\\\/company\\\/mastercam\",\"https:\\\/\\\/www.youtube.com\\\/channel\\\/UChJt5ruSkqnmFH44WsXVZLw\",\"https:\\\/\\\/www.instagram.com\\\/mastercam\\\/\"]}]}<\/script>\n<!-- \/ Yoast SEO plugin. -->","yoast_head_json":{"title":"Deweloperzy zewn\u0119trzni | Mastercam","description":"Czy jeste\u015b programist\u0105 zainteresowanym tworzeniem aplikacji dzia\u0142aj\u0105cych w Mastercam? Do\u0142\u0105cz do naszego programu 3rd Party Developer ju\u017c dzi\u015b!","robots":{"index":"index","follow":"follow","max-snippet":"max-snippet:-1","max-image-preview":"max-image-preview:large","max-video-preview":"max-video-preview:-1"},"canonical":"https:\/\/www.mastercam.com\/pl\/wspolnota\/deweloperzy-innych-firm\/","og_locale":"pl_PL","og_type":"article","og_title":"Deweloperzy zewn\u0119trzni | Mastercam","og_description":"Czy jeste\u015b programist\u0105 zainteresowanym tworzeniem aplikacji dzia\u0142aj\u0105cych w Mastercam? Do\u0142\u0105cz do naszego programu 3rd Party Developer ju\u017c dzi\u015b!","og_url":"https:\/\/www.mastercam.com\/pl\/wspolnota\/deweloperzy-innych-firm\/","og_site_name":"mastercam.com","article_publisher":"https:\/\/www.facebook.com\/Mastercam\/","article_modified_time":"2026-01-16T16:11:25+00:00","og_image":[{"width":1200,"height":675,"url":"https:\/\/www.mastercam.com\/wp-content\/uploads\/2024\/02\/drill-wide-photo-1200x675-1.jpg","type":"image\/jpeg"}],"twitter_card":"summary_large_image","twitter_site":"@mastercam","twitter_misc":{"Est. reading time":"1 minute"},"schema":{"@context":"https:\/\/schema.org","@graph":[{"@type":"WebPage","@id":"https:\/\/www.mastercam.com\/pl\/wspolnota\/deweloperzy-innych-firm\/","url":"https:\/\/www.mastercam.com\/pl\/wspolnota\/deweloperzy-innych-firm\/","name":"Deweloperzy zewn\u0119trzni | Mastercam","isPartOf":{"@id":"https:\/\/www.mastercam.com\/pl\/#website"},"datePublished":"2023-02-02T00:29:09+00:00","dateModified":"2026-01-16T16:11:25+00:00","description":"Czy jeste\u015b programist\u0105 zainteresowanym tworzeniem aplikacji dzia\u0142aj\u0105cych w Mastercam? Do\u0142\u0105cz do naszego programu 3rd Party Developer ju\u017c dzi\u015b!","breadcrumb":{"@id":"https:\/\/www.mastercam.com\/pl\/wspolnota\/deweloperzy-innych-firm\/#breadcrumb"},"inLanguage":"pl-PL","potentialAction":[{"@type":"ReadAction","target":["https:\/\/www.mastercam.com\/pl\/wspolnota\/deweloperzy-innych-firm\/"]}]},{"@type":"BreadcrumbList","@id":"https:\/\/www.mastercam.com\/pl\/wspolnota\/deweloperzy-innych-firm\/#breadcrumb","itemListElement":[{"@type":"ListItem","position":1,"name":"Home","item":"https:\/\/www.mastercam.com\/pl\/"},{"@type":"ListItem","position":2,"name":"Wsp\u00f3lnota","item":"https:\/\/www.mastercam.com\/pl\/wspolnota\/"},{"@type":"ListItem","position":3,"name":"Deweloperzy innych firm"}]},{"@type":"WebSite","@id":"https:\/\/www.mastercam.com\/pl\/#website","url":"https:\/\/www.mastercam.com\/pl\/","name":"Mastercam","description":"Creating software and services that solve the world&#039;s manufacturing challenges","publisher":{"@id":"https:\/\/www.mastercam.com\/pl\/#organization"},"potentialAction":[{"@type":"SearchAction","target":{"@type":"EntryPoint","urlTemplate":"https:\/\/www.mastercam.com\/pl\/?s={search_term_string}"},"query-input":{"@type":"PropertyValueSpecification","valueRequired":true,"valueName":"search_term_string"}}],"inLanguage":"pl-PL"},{"@type":"Organization","@id":"https:\/\/www.mastercam.com\/pl\/#organization","name":"Mastercam","url":"https:\/\/www.mastercam.com\/pl\/","logo":{"@type":"ImageObject","inLanguage":"pl-PL","@id":"https:\/\/www.mastercam.com\/pl\/#\/schema\/logo\/image\/","url":"https:\/\/www.mastercam.com\/wp-content\/uploads\/2023\/02\/MC_logo.svg","contentUrl":"https:\/\/www.mastercam.com\/wp-content\/uploads\/2023\/02\/MC_logo.svg","width":230,"height":40,"caption":"Mastercam"},"image":{"@id":"https:\/\/www.mastercam.com\/pl\/#\/schema\/logo\/image\/"},"sameAs":["https:\/\/www.facebook.com\/Mastercam\/","https:\/\/x.com\/mastercam","https:\/\/www.linkedin.com\/company\/mastercam","https:\/\/www.youtube.com\/channel\/UChJt5ruSkqnmFH44WsXVZLw","https:\/\/www.instagram.com\/mastercam\/"]}]}},"_links":{"self":[{"href":"https:\/\/www.mastercam.com\/pl\/wp-json\/wp\/v2\/pages\/35637","targetHints":{"allow":["GET"]}}],"collection":[{"href":"https:\/\/www.mastercam.com\/pl\/wp-json\/wp\/v2\/pages"}],"about":[{"href":"https:\/\/www.mastercam.com\/pl\/wp-json\/wp\/v2\/types\/page"}],"author":[{"embeddable":true,"href":"https:\/\/www.mastercam.com\/pl\/wp-json\/wp\/v2\/users\/1"}],"replies":[{"embeddable":true,"href":"https:\/\/www.mastercam.com\/pl\/wp-json\/wp\/v2\/comments?post=35637"}],"version-history":[{"count":0,"href":"https:\/\/www.mastercam.com\/pl\/wp-json\/wp\/v2\/pages\/35637\/revisions"}],"up":[{"embeddable":true,"href":"https:\/\/www.mastercam.com\/pl\/wp-json\/wp\/v2\/pages\/36542"}],"wp:attachment":[{"href":"https:\/\/www.mastercam.com\/pl\/wp-json\/wp\/v2\/media?parent=35637"}],"curies":[{"name":"wp","href":"https:\/\/api.w.org\/{rel}","templated":true}]}}