{"id":35549,"date":"2023-01-31T19:19:39","date_gmt":"2023-02-01T00:19:39","guid":{"rendered":"https:\/\/www.mastercam.com\/znak-towarowy-mastercam\/"},"modified":"2026-01-16T11:09:08","modified_gmt":"2026-01-16T16:09:08","slug":"znak-towarowy-mastercam","status":"publish","type":"page","link":"https:\/\/www.mastercam.com\/pl\/prywatnosc\/znak-towarowy-mastercam\/","title":{"rendered":"Znak towarowy Mastercam"},"content":{"rendered":"\n<div class=\"wp-block-group is-style-container is-layout-flow wp-block-group-is-layout-flow\" style=\"margin-bottom:var(--wp--preset--spacing--6)\">\n<figure class=\"wp-block-table is-style-stripes\"><table><thead><tr><td>NAZWA<\/td><td>OBRAZ<\/td><\/tr><\/thead><tbody><tr><td>Mastercam<\/td><td><img decoding=\"async\" class=\"wp-image-23208\" style=\"width: 600px;\" src=\"https:\/\/www.mastercam.com\/wp-content\/uploads\/2025\/12\/Mastercam-2Color-Logo-scaled.jpg\" alt=\"Logo Mastercam\"\/><\/td><\/tr><tr><td>Mastercam University<\/td><td><img decoding=\"async\" class=\"wp-image-23223\" style=\"width: 600px;\" src=\"https:\/\/www.mastercam.com\/wp-content\/uploads\/2025\/12\/Mastercam-U_Black-Red_website-scaled.png\" alt=\"Logo Mastercam University\"\/><br\/><\/td><\/tr><\/tbody><\/table><\/figure>\n\n\n\n<h2 class=\"wp-block-heading\" id=\"block-b0c8411d-f352-4dac-8e66-56201f1acd3f\">Znaki towarowe partner\u00f3w<\/h2>\n\n\n\n<ul id=\"block-92d27452-caa3-42e4-8a7e-7a458ac9fce8\" class=\"wp-block-list\">\n<li>Mastercam Verify zosta\u0142 stworzony we wsp\u00f3\u0142pracy z ModuleWorks, GmbH.<\/li>\n\n\n\n<li>SOLIDWORKS jest zastrze\u017conym znakiem towarowym firmy DS SOLIDWORKS Corporation.<\/li>\n\n\n\n<li>Mastercam Art wykorzystuje biblioteki geometryczne Wild Magic, kt\u00f3re s\u0105 chronion\u0105 prawami autorskimi w\u0142asno\u015bci\u0105 intelektualn\u0105 firmy Geometric Tools, LLC.<\/li>\n\n\n\n<li>Biblioteki geometryczne Wild Magic s\u0105 obj\u0119te licencj\u0105 GNU Lesser General Public License, dost\u0119pn\u0105 na stronie<br\/><a href=\"http:\/\/www.gnu.org\/copyleft\/lgpl.html\" target=\"_blank\" rel=\"noreferrer noopener\">online<\/a> i na no\u015bniku instalacyjnym Mastercam.<\/li>\n\n\n\n<li>PrimeTurning jest znakiem towarowym AB Sandvik Coromant.<\/li>\n\n\n\n<li>Fragmenty tego oprogramowania s\u0105 chronione prawami autorskimi firmy Renishaw Plc, wszelkie prawa zastrze\u017cone.<\/li>\n\n\n\n<li>Fragmenty tego oprogramowania s\u0105 chronione prawami autorskimi AB Sandvik Coromant, wszelkie prawa zastrze\u017cone.<\/li>\n\n\n\n<li>Fragmenty tego oprogramowania s\u0105 chronione prawami autorskimi Creative Juncture, wszelkie prawa zastrze\u017cone.<\/li>\n<\/ul>\n<\/div>\n\n<p><\/p>\n","protected":false},"excerpt":{"rendered":"<p>NAZWA OBRAZ Mastercam Mastercam University Znaki towarowe partner\u00f3w<\/p>\n","protected":false},"author":1,"featured_media":0,"parent":36930,"menu_order":0,"comment_status":"closed","ping_status":"closed","template":"","meta":{"_acf_changed":false,"footnotes":""},"class_list":["post-35549","page","type-page","status-publish","hentry"],"acf":[],"yoast_head":"<!-- This site is optimized with the Yoast SEO plugin v26.8 - https:\/\/yoast.com\/product\/yoast-seo-wordpress\/ -->\n<title>Znak towarowy Mastercam - mastercam.com<\/title>\n<meta name=\"description\" content=\"NAZWAOBRAZMastercamMastercam University Znaki towarowe partner\u00f3w Mastercam Verify zosta\u0142 stworzony we wsp\u00f3\u0142pracy z ModuleWorks, GmbH. SOLIDWORKS jest\" \/>\n<meta name=\"robots\" content=\"index, follow, max-snippet:-1, max-image-preview:large, max-video-preview:-1\" \/>\n<link rel=\"canonical\" href=\"https:\/\/www.mastercam.com\/pl\/prywatnosc\/znak-towarowy-mastercam\/\" \/>\n<meta property=\"og:locale\" content=\"pl_PL\" \/>\n<meta property=\"og:type\" content=\"article\" \/>\n<meta property=\"og:title\" content=\"Znak towarowy Mastercam - mastercam.com\" \/>\n<meta property=\"og:description\" content=\"NAZWAOBRAZMastercamMastercam University Znaki towarowe partner\u00f3w Mastercam Verify zosta\u0142 stworzony we wsp\u00f3\u0142pracy z ModuleWorks, GmbH. SOLIDWORKS jest\" \/>\n<meta property=\"og:url\" content=\"https:\/\/www.mastercam.com\/pl\/prywatnosc\/znak-towarowy-mastercam\/\" \/>\n<meta property=\"og:site_name\" content=\"mastercam.com\" \/>\n<meta property=\"article:publisher\" content=\"https:\/\/www.facebook.com\/Mastercam\/\" \/>\n<meta property=\"article:modified_time\" content=\"2026-01-16T16:09:08+00:00\" \/>\n<meta property=\"og:image\" content=\"https:\/\/www.mastercam.com\/wp-content\/uploads\/2025\/12\/Mastercam-2Color-Logo-scaled.jpg\" \/>\n<meta name=\"twitter:card\" content=\"summary_large_image\" \/>\n<meta name=\"twitter:site\" content=\"@mastercam\" \/>\n<meta name=\"twitter:label1\" content=\"Est. reading time\" \/>\n\t<meta name=\"twitter:data1\" content=\"1 minute\" \/>\n<script type=\"application\/ld+json\" class=\"yoast-schema-graph\">{\"@context\":\"https:\/\/schema.org\",\"@graph\":[{\"@type\":\"WebPage\",\"@id\":\"https:\/\/www.mastercam.com\/pl\/prywatnosc\/znak-towarowy-mastercam\/\",\"url\":\"https:\/\/www.mastercam.com\/pl\/prywatnosc\/znak-towarowy-mastercam\/\",\"name\":\"Znak towarowy Mastercam - mastercam.com\",\"isPartOf\":{\"@id\":\"https:\/\/www.mastercam.com\/pl\/#website\"},\"primaryImageOfPage\":{\"@id\":\"https:\/\/www.mastercam.com\/pl\/prywatnosc\/znak-towarowy-mastercam\/#primaryimage\"},\"image\":{\"@id\":\"https:\/\/www.mastercam.com\/pl\/prywatnosc\/znak-towarowy-mastercam\/#primaryimage\"},\"thumbnailUrl\":\"https:\/\/www.mastercam.com\/wp-content\/uploads\/2025\/12\/Mastercam-2Color-Logo-scaled.jpg\",\"datePublished\":\"2023-02-01T00:19:39+00:00\",\"dateModified\":\"2026-01-16T16:09:08+00:00\",\"description\":\"NAZWAOBRAZMastercamMastercam University Znaki towarowe partner\u00f3w Mastercam Verify zosta\u0142 stworzony we wsp\u00f3\u0142pracy z ModuleWorks, GmbH. SOLIDWORKS jest\",\"breadcrumb\":{\"@id\":\"https:\/\/www.mastercam.com\/pl\/prywatnosc\/znak-towarowy-mastercam\/#breadcrumb\"},\"inLanguage\":\"pl-PL\",\"potentialAction\":[{\"@type\":\"ReadAction\",\"target\":[\"https:\/\/www.mastercam.com\/pl\/prywatnosc\/znak-towarowy-mastercam\/\"]}]},{\"@type\":\"ImageObject\",\"inLanguage\":\"pl-PL\",\"@id\":\"https:\/\/www.mastercam.com\/pl\/prywatnosc\/znak-towarowy-mastercam\/#primaryimage\",\"url\":\"https:\/\/www.mastercam.com\/wp-content\/uploads\/2025\/12\/Mastercam-2Color-Logo-scaled.jpg\",\"contentUrl\":\"https:\/\/www.mastercam.com\/wp-content\/uploads\/2025\/12\/Mastercam-2Color-Logo-scaled.jpg\"},{\"@type\":\"BreadcrumbList\",\"@id\":\"https:\/\/www.mastercam.com\/pl\/prywatnosc\/znak-towarowy-mastercam\/#breadcrumb\",\"itemListElement\":[{\"@type\":\"ListItem\",\"position\":1,\"name\":\"Home\",\"item\":\"https:\/\/www.mastercam.com\/pl\/\"},{\"@type\":\"ListItem\",\"position\":2,\"name\":\"Prywatno\u015b\u0107\",\"item\":\"https:\/\/www.mastercam.com\/pl\/prywatnosc\/\"},{\"@type\":\"ListItem\",\"position\":3,\"name\":\"Znak towarowy Mastercam\"}]},{\"@type\":\"WebSite\",\"@id\":\"https:\/\/www.mastercam.com\/pl\/#website\",\"url\":\"https:\/\/www.mastercam.com\/pl\/\",\"name\":\"Mastercam\",\"description\":\"Creating software and services that solve the world&#039;s manufacturing challenges\",\"publisher\":{\"@id\":\"https:\/\/www.mastercam.com\/pl\/#organization\"},\"potentialAction\":[{\"@type\":\"SearchAction\",\"target\":{\"@type\":\"EntryPoint\",\"urlTemplate\":\"https:\/\/www.mastercam.com\/pl\/?s={search_term_string}\"},\"query-input\":{\"@type\":\"PropertyValueSpecification\",\"valueRequired\":true,\"valueName\":\"search_term_string\"}}],\"inLanguage\":\"pl-PL\"},{\"@type\":\"Organization\",\"@id\":\"https:\/\/www.mastercam.com\/pl\/#organization\",\"name\":\"Mastercam\",\"url\":\"https:\/\/www.mastercam.com\/pl\/\",\"logo\":{\"@type\":\"ImageObject\",\"inLanguage\":\"pl-PL\",\"@id\":\"https:\/\/www.mastercam.com\/pl\/#\/schema\/logo\/image\/\",\"url\":\"https:\/\/www.mastercam.com\/wp-content\/uploads\/2023\/02\/MC_logo.svg\",\"contentUrl\":\"https:\/\/www.mastercam.com\/wp-content\/uploads\/2023\/02\/MC_logo.svg\",\"width\":230,\"height\":40,\"caption\":\"Mastercam\"},\"image\":{\"@id\":\"https:\/\/www.mastercam.com\/pl\/#\/schema\/logo\/image\/\"},\"sameAs\":[\"https:\/\/www.facebook.com\/Mastercam\/\",\"https:\/\/x.com\/mastercam\",\"https:\/\/www.linkedin.com\/company\/mastercam\",\"https:\/\/www.youtube.com\/channel\/UChJt5ruSkqnmFH44WsXVZLw\",\"https:\/\/www.instagram.com\/mastercam\/\"]}]}<\/script>\n<!-- \/ Yoast SEO plugin. -->","yoast_head_json":{"title":"Znak towarowy Mastercam - mastercam.com","description":"NAZWAOBRAZMastercamMastercam University Znaki towarowe partner\u00f3w Mastercam Verify zosta\u0142 stworzony we wsp\u00f3\u0142pracy z ModuleWorks, GmbH. SOLIDWORKS jest","robots":{"index":"index","follow":"follow","max-snippet":"max-snippet:-1","max-image-preview":"max-image-preview:large","max-video-preview":"max-video-preview:-1"},"canonical":"https:\/\/www.mastercam.com\/pl\/prywatnosc\/znak-towarowy-mastercam\/","og_locale":"pl_PL","og_type":"article","og_title":"Znak towarowy Mastercam - mastercam.com","og_description":"NAZWAOBRAZMastercamMastercam University Znaki towarowe partner\u00f3w Mastercam Verify zosta\u0142 stworzony we wsp\u00f3\u0142pracy z ModuleWorks, GmbH. SOLIDWORKS jest","og_url":"https:\/\/www.mastercam.com\/pl\/prywatnosc\/znak-towarowy-mastercam\/","og_site_name":"mastercam.com","article_publisher":"https:\/\/www.facebook.com\/Mastercam\/","article_modified_time":"2026-01-16T16:09:08+00:00","og_image":[{"url":"https:\/\/www.mastercam.com\/wp-content\/uploads\/2025\/12\/Mastercam-2Color-Logo-scaled.jpg","type":"","width":"","height":""}],"twitter_card":"summary_large_image","twitter_site":"@mastercam","twitter_misc":{"Est. reading time":"1 minute"},"schema":{"@context":"https:\/\/schema.org","@graph":[{"@type":"WebPage","@id":"https:\/\/www.mastercam.com\/pl\/prywatnosc\/znak-towarowy-mastercam\/","url":"https:\/\/www.mastercam.com\/pl\/prywatnosc\/znak-towarowy-mastercam\/","name":"Znak towarowy Mastercam - mastercam.com","isPartOf":{"@id":"https:\/\/www.mastercam.com\/pl\/#website"},"primaryImageOfPage":{"@id":"https:\/\/www.mastercam.com\/pl\/prywatnosc\/znak-towarowy-mastercam\/#primaryimage"},"image":{"@id":"https:\/\/www.mastercam.com\/pl\/prywatnosc\/znak-towarowy-mastercam\/#primaryimage"},"thumbnailUrl":"https:\/\/www.mastercam.com\/wp-content\/uploads\/2025\/12\/Mastercam-2Color-Logo-scaled.jpg","datePublished":"2023-02-01T00:19:39+00:00","dateModified":"2026-01-16T16:09:08+00:00","description":"NAZWAOBRAZMastercamMastercam University Znaki towarowe partner\u00f3w Mastercam Verify zosta\u0142 stworzony we wsp\u00f3\u0142pracy z ModuleWorks, GmbH. SOLIDWORKS jest","breadcrumb":{"@id":"https:\/\/www.mastercam.com\/pl\/prywatnosc\/znak-towarowy-mastercam\/#breadcrumb"},"inLanguage":"pl-PL","potentialAction":[{"@type":"ReadAction","target":["https:\/\/www.mastercam.com\/pl\/prywatnosc\/znak-towarowy-mastercam\/"]}]},{"@type":"ImageObject","inLanguage":"pl-PL","@id":"https:\/\/www.mastercam.com\/pl\/prywatnosc\/znak-towarowy-mastercam\/#primaryimage","url":"https:\/\/www.mastercam.com\/wp-content\/uploads\/2025\/12\/Mastercam-2Color-Logo-scaled.jpg","contentUrl":"https:\/\/www.mastercam.com\/wp-content\/uploads\/2025\/12\/Mastercam-2Color-Logo-scaled.jpg"},{"@type":"BreadcrumbList","@id":"https:\/\/www.mastercam.com\/pl\/prywatnosc\/znak-towarowy-mastercam\/#breadcrumb","itemListElement":[{"@type":"ListItem","position":1,"name":"Home","item":"https:\/\/www.mastercam.com\/pl\/"},{"@type":"ListItem","position":2,"name":"Prywatno\u015b\u0107","item":"https:\/\/www.mastercam.com\/pl\/prywatnosc\/"},{"@type":"ListItem","position":3,"name":"Znak towarowy Mastercam"}]},{"@type":"WebSite","@id":"https:\/\/www.mastercam.com\/pl\/#website","url":"https:\/\/www.mastercam.com\/pl\/","name":"Mastercam","description":"Creating software and services that solve the world&#039;s manufacturing challenges","publisher":{"@id":"https:\/\/www.mastercam.com\/pl\/#organization"},"potentialAction":[{"@type":"SearchAction","target":{"@type":"EntryPoint","urlTemplate":"https:\/\/www.mastercam.com\/pl\/?s={search_term_string}"},"query-input":{"@type":"PropertyValueSpecification","valueRequired":true,"valueName":"search_term_string"}}],"inLanguage":"pl-PL"},{"@type":"Organization","@id":"https:\/\/www.mastercam.com\/pl\/#organization","name":"Mastercam","url":"https:\/\/www.mastercam.com\/pl\/","logo":{"@type":"ImageObject","inLanguage":"pl-PL","@id":"https:\/\/www.mastercam.com\/pl\/#\/schema\/logo\/image\/","url":"https:\/\/www.mastercam.com\/wp-content\/uploads\/2023\/02\/MC_logo.svg","contentUrl":"https:\/\/www.mastercam.com\/wp-content\/uploads\/2023\/02\/MC_logo.svg","width":230,"height":40,"caption":"Mastercam"},"image":{"@id":"https:\/\/www.mastercam.com\/pl\/#\/schema\/logo\/image\/"},"sameAs":["https:\/\/www.facebook.com\/Mastercam\/","https:\/\/x.com\/mastercam","https:\/\/www.linkedin.com\/company\/mastercam","https:\/\/www.youtube.com\/channel\/UChJt5ruSkqnmFH44WsXVZLw","https:\/\/www.instagram.com\/mastercam\/"]}]}},"_links":{"self":[{"href":"https:\/\/www.mastercam.com\/pl\/wp-json\/wp\/v2\/pages\/35549","targetHints":{"allow":["GET"]}}],"collection":[{"href":"https:\/\/www.mastercam.com\/pl\/wp-json\/wp\/v2\/pages"}],"about":[{"href":"https:\/\/www.mastercam.com\/pl\/wp-json\/wp\/v2\/types\/page"}],"author":[{"embeddable":true,"href":"https:\/\/www.mastercam.com\/pl\/wp-json\/wp\/v2\/users\/1"}],"replies":[{"embeddable":true,"href":"https:\/\/www.mastercam.com\/pl\/wp-json\/wp\/v2\/comments?post=35549"}],"version-history":[{"count":0,"href":"https:\/\/www.mastercam.com\/pl\/wp-json\/wp\/v2\/pages\/35549\/revisions"}],"up":[{"embeddable":true,"href":"https:\/\/www.mastercam.com\/pl\/wp-json\/wp\/v2\/pages\/36930"}],"wp:attachment":[{"href":"https:\/\/www.mastercam.com\/pl\/wp-json\/wp\/v2\/media?parent=35549"}],"curies":[{"name":"wp","href":"https:\/\/api.w.org\/{rel}","templated":true}]}}