{"id":35511,"date":"2023-01-31T19:19:21","date_gmt":"2023-02-01T00:19:21","guid":{"rendered":"https:\/\/www.mastercam.com\/piractwo\/"},"modified":"2026-01-16T11:09:05","modified_gmt":"2026-01-16T16:09:05","slug":"piractwo","status":"publish","type":"page","link":"https:\/\/www.mastercam.com\/pl\/prywatnosc\/piractwo\/","title":{"rendered":"Piractwo"},"content":{"rendered":"\n<div class=\"wp-block-group is-style-container is-layout-flow wp-block-group-is-layout-flow\" style=\"margin-bottom:var(--wp--preset--spacing--6)\">\n<p><strong>O\u015bwiadczenie antypirackie<\/strong><\/p>\n\n\n\n<p>Piractwo oprogramowania to powa\u017cny problem dla bran\u017cy oprogramowania. Wed\u0142ug niekt\u00f3rych analityk\u00f3w bran\u017cowych, wi\u0119cej ni\u017c 1 na 3 kopie oprogramowania zainstalowanego na komputerach na ca\u0142ym \u015bwiecie jest piracka. Firmy korzystaj\u0105ce z nielicencjonowanego oprogramowania wydaj\u0105 prawie 359 miliard\u00f3w dolar\u00f3w rocznie z powodu z\u0142o\u015bliwego oprogramowania.  <\/p>\n\n\n\n<p>CNC Software, LLC bardzo powa\u017cnie traktuje piractwo. Zobowi\u0105zali\u015bmy si\u0119 do zapewnienia ochrony inwestycji naszych licencjonowanych klient\u00f3w poprzez nietolerowanie piractwa oprogramowania Mastercam. Opr\u00f3cz naszych w\u0142asnych dzia\u0142a\u0144 przeciwko piractwu, kt\u00f3re obejmuj\u0105 pisma prawne i dzia\u0142ania nast\u0119pcze, wspieramy wysi\u0142ki Business Software Alliance (BSA), wiod\u0105cej organizacji antypirackiej na \u015bwiecie, w celu zwalczania piractwa oprogramowania poprzez edukacj\u0119 i dzia\u0142ania egzekucyjne.  <\/p>\n\n\n\n<p><strong>Pom\u00f3\u017c nam powstrzyma\u0107 piractwo oprogramowania<\/strong><\/p>\n\n\n\n<p>Aby uzyska\u0107 informacje o tym, jak ustanowi\u0107 program zgodno\u015bci oprogramowania lub dowiedzie\u0107 si\u0119 wi\u0119cej na temat piractwa, odwied\u017a stron\u0119: <a href=\"http:\/\/www.bsa.org\/\" target=\"_blank\" rel=\"noreferrer noopener\">http:\/\/www.bsa.org\/.<\/a><\/p>\n\n\n\n<p>Je\u015bli wiesz o sytuacji, kt\u00f3ra Twoim zdaniem wi\u0105\u017ce si\u0119 z piractwem oprogramowania, mo\u017cesz dokona\u0107 poufnego zg\u0142oszenia, kontaktuj\u0105c si\u0119 bezpo\u015brednio z Mastercam pod adresem:<\/p>\n\n\n\n<p><a href=\"mailto:piracy@mastercam.com\">Piracy@mastercam.com<\/a><\/p>\n\n\n\n<p>Je\u015bli wiesz o sytuacji, kt\u00f3ra Twoim zdaniem wi\u0105\u017ce si\u0119 z piractwem oprogramowania innych pakiet\u00f3w oprogramowania, mo\u017cesz z\u0142o\u017cy\u0107 poufne zg\u0142oszenie:<\/p>\n\n\n\n<ul class=\"wp-block-list\">\n<li>Przes\u0142anie raportu do BSA online na stronie <a href=\"https:\/\/reporting.bsa.org\/r\/report\/add.aspx?src=us&amp;ln=en-us\" target=\"_blank\" rel=\"noreferrer noopener\">http:\/\/www.bsa.org\/usa\/report\/<\/a><\/li>\n\n\n\n<li>Dzwoni\u0105c pod bezp\u0142atny numer antypirackiej gor\u0105cej linii BSA (tylko w USA) 1 (888) &#8211; NOPIRACY<\/li>\n\n\n\n<li>Odwied\u017a stron\u0119 internetow\u0105 BSA, aby uzyska\u0107 informacje o bezp\u0142atnych numerach infolinii na ca\u0142ym \u015bwiecie: <a href=\"https:\/\/www.bsa.org\/about-bsa\/contact-us\" target=\"_blank\" rel=\"noreferrer noopener\">http:\/\/www.bsa.org\/usa\/report\/BSA-Offices-and-Hotlines.cfm<\/a><\/li>\n<\/ul>\n<\/div>\n","protected":false},"excerpt":{"rendered":"<p>O\u015bwiadczenie antypirackie Piractwo oprogramowania to powa\u017cny problem dla bran\u017cy oprogramowania. Wed\u0142ug niekt\u00f3rych analityk\u00f3w bran\u017cowych, wi\u0119cej [&hellip;]<\/p>\n","protected":false},"author":1,"featured_media":0,"parent":36930,"menu_order":0,"comment_status":"closed","ping_status":"closed","template":"","meta":{"_acf_changed":false,"footnotes":""},"class_list":["post-35511","page","type-page","status-publish","hentry"],"acf":[],"yoast_head":"<!-- This site is optimized with the Yoast SEO plugin v26.8 - https:\/\/yoast.com\/product\/yoast-seo-wordpress\/ -->\n<title>Piractwo - mastercam.com<\/title>\n<meta name=\"description\" content=\"O\u015bwiadczenie antypirackie Piractwo oprogramowania to powa\u017cny problem dla bran\u017cy oprogramowania. Wed\u0142ug niekt\u00f3rych analityk\u00f3w bran\u017cowych, wi\u0119cej ni\u017c 1 na 3\" \/>\n<meta name=\"robots\" content=\"index, follow, max-snippet:-1, max-image-preview:large, max-video-preview:-1\" \/>\n<link rel=\"canonical\" href=\"https:\/\/www.mastercam.com\/pl\/prywatnosc\/piractwo\/\" \/>\n<meta property=\"og:locale\" content=\"pl_PL\" \/>\n<meta property=\"og:type\" content=\"article\" \/>\n<meta property=\"og:title\" content=\"Piractwo - mastercam.com\" \/>\n<meta property=\"og:description\" content=\"O\u015bwiadczenie antypirackie Piractwo oprogramowania to powa\u017cny problem dla bran\u017cy oprogramowania. Wed\u0142ug niekt\u00f3rych analityk\u00f3w bran\u017cowych, wi\u0119cej ni\u017c 1 na 3\" \/>\n<meta property=\"og:url\" content=\"https:\/\/www.mastercam.com\/pl\/prywatnosc\/piractwo\/\" \/>\n<meta property=\"og:site_name\" content=\"mastercam.com\" \/>\n<meta property=\"article:publisher\" content=\"https:\/\/www.facebook.com\/Mastercam\/\" \/>\n<meta property=\"article:modified_time\" content=\"2026-01-16T16:09:05+00:00\" \/>\n<meta property=\"og:image\" content=\"https:\/\/www.mastercam.com\/wp-content\/uploads\/2024\/02\/drill-wide-photo-1200x675-1.jpg\" \/>\n\t<meta property=\"og:image:width\" content=\"1200\" \/>\n\t<meta property=\"og:image:height\" content=\"675\" \/>\n\t<meta property=\"og:image:type\" content=\"image\/jpeg\" \/>\n<meta name=\"twitter:card\" content=\"summary_large_image\" \/>\n<meta name=\"twitter:site\" content=\"@mastercam\" \/>\n<meta name=\"twitter:label1\" content=\"Est. reading time\" \/>\n\t<meta name=\"twitter:data1\" content=\"1 minute\" \/>\n<script type=\"application\/ld+json\" class=\"yoast-schema-graph\">{\"@context\":\"https:\/\/schema.org\",\"@graph\":[{\"@type\":\"WebPage\",\"@id\":\"https:\/\/www.mastercam.com\/pl\/prywatnosc\/piractwo\/\",\"url\":\"https:\/\/www.mastercam.com\/pl\/prywatnosc\/piractwo\/\",\"name\":\"Piractwo - mastercam.com\",\"isPartOf\":{\"@id\":\"https:\/\/www.mastercam.com\/pl\/#website\"},\"datePublished\":\"2023-02-01T00:19:21+00:00\",\"dateModified\":\"2026-01-16T16:09:05+00:00\",\"description\":\"O\u015bwiadczenie antypirackie Piractwo oprogramowania to powa\u017cny problem dla bran\u017cy oprogramowania. Wed\u0142ug niekt\u00f3rych analityk\u00f3w bran\u017cowych, wi\u0119cej ni\u017c 1 na 3\",\"breadcrumb\":{\"@id\":\"https:\/\/www.mastercam.com\/pl\/prywatnosc\/piractwo\/#breadcrumb\"},\"inLanguage\":\"pl-PL\",\"potentialAction\":[{\"@type\":\"ReadAction\",\"target\":[\"https:\/\/www.mastercam.com\/pl\/prywatnosc\/piractwo\/\"]}]},{\"@type\":\"BreadcrumbList\",\"@id\":\"https:\/\/www.mastercam.com\/pl\/prywatnosc\/piractwo\/#breadcrumb\",\"itemListElement\":[{\"@type\":\"ListItem\",\"position\":1,\"name\":\"Home\",\"item\":\"https:\/\/www.mastercam.com\/pl\/\"},{\"@type\":\"ListItem\",\"position\":2,\"name\":\"Prywatno\u015b\u0107\",\"item\":\"https:\/\/www.mastercam.com\/pl\/prywatnosc\/\"},{\"@type\":\"ListItem\",\"position\":3,\"name\":\"Piractwo\"}]},{\"@type\":\"WebSite\",\"@id\":\"https:\/\/www.mastercam.com\/pl\/#website\",\"url\":\"https:\/\/www.mastercam.com\/pl\/\",\"name\":\"Mastercam\",\"description\":\"Creating software and services that solve the world&#039;s manufacturing challenges\",\"publisher\":{\"@id\":\"https:\/\/www.mastercam.com\/pl\/#organization\"},\"potentialAction\":[{\"@type\":\"SearchAction\",\"target\":{\"@type\":\"EntryPoint\",\"urlTemplate\":\"https:\/\/www.mastercam.com\/pl\/?s={search_term_string}\"},\"query-input\":{\"@type\":\"PropertyValueSpecification\",\"valueRequired\":true,\"valueName\":\"search_term_string\"}}],\"inLanguage\":\"pl-PL\"},{\"@type\":\"Organization\",\"@id\":\"https:\/\/www.mastercam.com\/pl\/#organization\",\"name\":\"Mastercam\",\"url\":\"https:\/\/www.mastercam.com\/pl\/\",\"logo\":{\"@type\":\"ImageObject\",\"inLanguage\":\"pl-PL\",\"@id\":\"https:\/\/www.mastercam.com\/pl\/#\/schema\/logo\/image\/\",\"url\":\"https:\/\/www.mastercam.com\/wp-content\/uploads\/2023\/02\/MC_logo.svg\",\"contentUrl\":\"https:\/\/www.mastercam.com\/wp-content\/uploads\/2023\/02\/MC_logo.svg\",\"width\":230,\"height\":40,\"caption\":\"Mastercam\"},\"image\":{\"@id\":\"https:\/\/www.mastercam.com\/pl\/#\/schema\/logo\/image\/\"},\"sameAs\":[\"https:\/\/www.facebook.com\/Mastercam\/\",\"https:\/\/x.com\/mastercam\",\"https:\/\/www.linkedin.com\/company\/mastercam\",\"https:\/\/www.youtube.com\/channel\/UChJt5ruSkqnmFH44WsXVZLw\",\"https:\/\/www.instagram.com\/mastercam\/\"]}]}<\/script>\n<!-- \/ Yoast SEO plugin. -->","yoast_head_json":{"title":"Piractwo - mastercam.com","description":"O\u015bwiadczenie antypirackie Piractwo oprogramowania to powa\u017cny problem dla bran\u017cy oprogramowania. Wed\u0142ug niekt\u00f3rych analityk\u00f3w bran\u017cowych, wi\u0119cej ni\u017c 1 na 3","robots":{"index":"index","follow":"follow","max-snippet":"max-snippet:-1","max-image-preview":"max-image-preview:large","max-video-preview":"max-video-preview:-1"},"canonical":"https:\/\/www.mastercam.com\/pl\/prywatnosc\/piractwo\/","og_locale":"pl_PL","og_type":"article","og_title":"Piractwo - mastercam.com","og_description":"O\u015bwiadczenie antypirackie Piractwo oprogramowania to powa\u017cny problem dla bran\u017cy oprogramowania. Wed\u0142ug niekt\u00f3rych analityk\u00f3w bran\u017cowych, wi\u0119cej ni\u017c 1 na 3","og_url":"https:\/\/www.mastercam.com\/pl\/prywatnosc\/piractwo\/","og_site_name":"mastercam.com","article_publisher":"https:\/\/www.facebook.com\/Mastercam\/","article_modified_time":"2026-01-16T16:09:05+00:00","og_image":[{"width":1200,"height":675,"url":"https:\/\/www.mastercam.com\/wp-content\/uploads\/2024\/02\/drill-wide-photo-1200x675-1.jpg","type":"image\/jpeg"}],"twitter_card":"summary_large_image","twitter_site":"@mastercam","twitter_misc":{"Est. reading time":"1 minute"},"schema":{"@context":"https:\/\/schema.org","@graph":[{"@type":"WebPage","@id":"https:\/\/www.mastercam.com\/pl\/prywatnosc\/piractwo\/","url":"https:\/\/www.mastercam.com\/pl\/prywatnosc\/piractwo\/","name":"Piractwo - mastercam.com","isPartOf":{"@id":"https:\/\/www.mastercam.com\/pl\/#website"},"datePublished":"2023-02-01T00:19:21+00:00","dateModified":"2026-01-16T16:09:05+00:00","description":"O\u015bwiadczenie antypirackie Piractwo oprogramowania to powa\u017cny problem dla bran\u017cy oprogramowania. Wed\u0142ug niekt\u00f3rych analityk\u00f3w bran\u017cowych, wi\u0119cej ni\u017c 1 na 3","breadcrumb":{"@id":"https:\/\/www.mastercam.com\/pl\/prywatnosc\/piractwo\/#breadcrumb"},"inLanguage":"pl-PL","potentialAction":[{"@type":"ReadAction","target":["https:\/\/www.mastercam.com\/pl\/prywatnosc\/piractwo\/"]}]},{"@type":"BreadcrumbList","@id":"https:\/\/www.mastercam.com\/pl\/prywatnosc\/piractwo\/#breadcrumb","itemListElement":[{"@type":"ListItem","position":1,"name":"Home","item":"https:\/\/www.mastercam.com\/pl\/"},{"@type":"ListItem","position":2,"name":"Prywatno\u015b\u0107","item":"https:\/\/www.mastercam.com\/pl\/prywatnosc\/"},{"@type":"ListItem","position":3,"name":"Piractwo"}]},{"@type":"WebSite","@id":"https:\/\/www.mastercam.com\/pl\/#website","url":"https:\/\/www.mastercam.com\/pl\/","name":"Mastercam","description":"Creating software and services that solve the world&#039;s manufacturing challenges","publisher":{"@id":"https:\/\/www.mastercam.com\/pl\/#organization"},"potentialAction":[{"@type":"SearchAction","target":{"@type":"EntryPoint","urlTemplate":"https:\/\/www.mastercam.com\/pl\/?s={search_term_string}"},"query-input":{"@type":"PropertyValueSpecification","valueRequired":true,"valueName":"search_term_string"}}],"inLanguage":"pl-PL"},{"@type":"Organization","@id":"https:\/\/www.mastercam.com\/pl\/#organization","name":"Mastercam","url":"https:\/\/www.mastercam.com\/pl\/","logo":{"@type":"ImageObject","inLanguage":"pl-PL","@id":"https:\/\/www.mastercam.com\/pl\/#\/schema\/logo\/image\/","url":"https:\/\/www.mastercam.com\/wp-content\/uploads\/2023\/02\/MC_logo.svg","contentUrl":"https:\/\/www.mastercam.com\/wp-content\/uploads\/2023\/02\/MC_logo.svg","width":230,"height":40,"caption":"Mastercam"},"image":{"@id":"https:\/\/www.mastercam.com\/pl\/#\/schema\/logo\/image\/"},"sameAs":["https:\/\/www.facebook.com\/Mastercam\/","https:\/\/x.com\/mastercam","https:\/\/www.linkedin.com\/company\/mastercam","https:\/\/www.youtube.com\/channel\/UChJt5ruSkqnmFH44WsXVZLw","https:\/\/www.instagram.com\/mastercam\/"]}]}},"_links":{"self":[{"href":"https:\/\/www.mastercam.com\/pl\/wp-json\/wp\/v2\/pages\/35511","targetHints":{"allow":["GET"]}}],"collection":[{"href":"https:\/\/www.mastercam.com\/pl\/wp-json\/wp\/v2\/pages"}],"about":[{"href":"https:\/\/www.mastercam.com\/pl\/wp-json\/wp\/v2\/types\/page"}],"author":[{"embeddable":true,"href":"https:\/\/www.mastercam.com\/pl\/wp-json\/wp\/v2\/users\/1"}],"replies":[{"embeddable":true,"href":"https:\/\/www.mastercam.com\/pl\/wp-json\/wp\/v2\/comments?post=35511"}],"version-history":[{"count":0,"href":"https:\/\/www.mastercam.com\/pl\/wp-json\/wp\/v2\/pages\/35511\/revisions"}],"up":[{"embeddable":true,"href":"https:\/\/www.mastercam.com\/pl\/wp-json\/wp\/v2\/pages\/36930"}],"wp:attachment":[{"href":"https:\/\/www.mastercam.com\/pl\/wp-json\/wp\/v2\/media?parent=35511"}],"curies":[{"name":"wp","href":"https:\/\/api.w.org\/{rel}","templated":true}]}}