{"id":43517,"date":"2025-05-01T16:47:57","date_gmt":"2025-05-01T20:47:57","guid":{"rendered":"https:\/\/www.mastercam.com\/privacy\/politica-del-livello-di-servizio\/"},"modified":"2026-01-28T14:49:42","modified_gmt":"2026-01-28T19:49:42","slug":"politica-del-livello-di-servizio","status":"publish","type":"page","link":"https:\/\/www.mastercam.com\/it\/privacy\/politica-del-livello-di-servizio\/","title":{"rendered":"Politica del livello di servizio"},"content":{"rendered":"\n<div class=\"wp-block-group is-style-container is-layout-flow wp-block-group-is-layout-flow\">\n<div class=\"wp-block-group is-style-container is-layout-flow wp-block-group-is-layout-flow\">\n<h1 class=\"wp-block-heading\">Politica dei livelli di servizio di Mastercam CONNECT<\/h1>\n\n\n\n<div style=\"height:30px\" aria-hidden=\"true\" class=\"wp-block-spacer\"><\/div>\n\n\n\n<h2 class=\"wp-block-heading\"><\/h2>\n\n\n\n<p>La presente Politica sui livelli di servizio (SLP) definisce i termini dell&#8217;Assistenza <sup>Tecnica1<\/sup> fornita direttamente da Mastercam attraverso Mastercam CONNECT. Definisce i tempi di risposta agli incidenti, la disponibilit\u00e0 del supporto tecnico e le procedure per gli aggiornamenti software relativi ai prodotti software desktop Mastercam. <\/p>\n\n\n\n<p>Questa SLP si applica esclusivamente all&#8217;Assistenza Tecnica fornita da Mastercam direttamente ai Partner (Canale, OEM, altre partnership) e ai clienti che hanno un accordo Mastercam CONNECT attivo. Non si applica agli utenti finali supportati esclusivamente dai partner di canale o da fornitori terzi. <\/p>\n\n\n\n<p>Il supporto tecnico coperto da questa SLP si applica solo alla versione corrente e a quella immediatamente precedente del software Mastercam. Le versioni precedenti alla precedente non possono beneficiare dell&#8217;assistenza tecnica prevista dal presente SLP. <\/p>\n\n\n\n<p>I tempi di risposta agli <sup>incidenti2<\/sup> e i tempi di risoluzione degli <sup>incidenti3<\/sup> definiti nel presente documento sono concepiti per ridurre al minimo le interruzioni e promuovere la risoluzione tempestiva dei problemi.<\/p>\n\n\n\n<h2 class=\"wp-block-heading\">Impegni di servizio<\/h2>\n\n\n\n<p>Mastercam si impegna a fornire un&#8217;assistenza tecnica di alta qualit\u00e0 per i suoi prodotti software. Mastercam si impegna a garantire: <\/p>\n\n\n\n<ul class=\"wp-block-list\">\n<li>Assistenza tecnica tempestiva e professionale durante gli orari di assistenza indicati nella colonna Disponibilit\u00e0 dell&#8217;assistenza.<\/li>\n\n\n\n<li>Rispondere tempestivamente ai problemi tecnici, alle richieste di assistenza e alle segnalazioni di incidenti in base alla loro gravit\u00e0, garantendo un&#8217;interruzione minima delle operazioni aziendali.<\/li>\n<\/ul>\n\n\n\n<h3 class=\"wp-block-heading\">Livelli di priorit\u00e0 dell&#8217;assistenza tecnica<\/h3>\n\n\n\n<p><br\/>Mastercam classifica gli <sup>incidenti4<\/sup> in base ai seguenti livelli di priorit\u00e0:<\/p>\n\n\n\n<figure class=\"wp-block-table\"><table><tbody><tr><td>Priorit\u00e0<\/td><td>Classificazione<\/td><td>Descrizione<\/td><td>Esempio\/i<\/td><\/tr><tr><td>P1<\/td><td>Urgente<\/td><td>Gli incidenti urgenti hanno un grave impatto sulla capacit\u00e0 di funzionamento del software, interessando pi\u00f9 utenti o funzioni critiche.  <\/td><td>Il software \u00e8 completamente inutilizzabile per tutti gli utenti o non si avvia su pi\u00f9 computer in un ambiente di produzione, bloccando le operazioni.<br\/><\/td><\/tr><tr><td>P2<\/td><td>Critico<\/td><td>Gli incidenti critici degradano in modo significativo<br\/>la funzionalit\u00e0 o le prestazioni, ma \u00e8 ancora possibile un funzionamento parziale<br\/>.<\/td><td>Funzionalit\u00e0 chiave, come l&#8217;impossibilit\u00e0 di generare percorsi utensile<br\/>per macchine specifiche, non sono disponibili per pi\u00f9 utenti.<br\/><br\/>L&#8217;accesso alla licenza per un singolo utente client non funziona, mentre le altre licenze utente funzionano senza problemi.<\/td><\/tr><tr><td>P3<\/td><td>Media<\/td><td>Le funzionalit\u00e0 non essenziali sono compromesse o degradate. I problemi di media priorit\u00e0 causano una perdita di funzionalit\u00e0, ma le operazioni possono continuare con alcune limitazioni. <\/td><td>Gli utenti non possono accedere a funzioni non critiche, come le simulazioni o le visualizzazioni dei modelli. Ad esempio, gli strumenti di simulazione utilizzati per verificare i percorsi utensile prima della lavorazione potrebbero non essere funzionanti per alcuni utenti, ma questi possono comunque programmare e generare codice G. <\/td><\/tr><tr><td>P4<\/td><td>Basso<\/td><td>Problemi minori che hanno un impatto minimo sulle operazioni aziendali.<\/td><td>Bug minori o incoerenze visive che non ostacolano le funzionalit\u00e0 principali. Ad esempio, un problema estetico dell&#8217;interfaccia utente in cui alcune finestre di dialogo o pulsanti vengono visualizzati in modo errato, ma tutte le funzioni del software rimangono pienamente accessibili e operative. <br\/><br\/>Assistenza alla formazione degli utenti e domande generali sulle modalit\u00e0 di utilizzo.<br\/><br\/>Richieste di informazioni sullo stato delle licenze che non influiscono sulle operazioni immediate.<\/td><\/tr><\/tbody><\/table><\/figure>\n\n\n\n<h4 class=\"wp-block-heading\">Tempi di risposta agli incidenti e tempi di risoluzione degli incidenti<\/h4>\n\n\n\n<p>Mastercam si impegna a rispettare i seguenti tempi di risposta agli incidenti e di risoluzione degli incidenti, all&#8217;interno del fuso orario locale dell&#8217;utente autorizzato della licenza Mastercam, per le richieste di assistenza tecnica generale e per i problemi, esclusi i <sup>bug5<\/sup> o i <sup>difetti<\/sup> del software6.<\/p>\n\n\n\n<figure class=\"wp-block-table\"><table class=\"has-fixed-layout\"><tbody><tr><td><strong>Priorit\u00e0<\/strong><\/td><td><strong>*Orari di assistenza<\/strong><\/td><td><strong>Supporto alla geografia<\/strong><\/td><td><strong>Tempo di risposta agli incidenti<sub><sup>7<\/sup><\/sub><\/strong><\/td><td><strong>Tempo di risoluzione degli <sup>incidenti8<\/sup><\/strong><\/td><\/tr><tr><td>P1<\/td><td>DALLE 8:00 ALLE 17:00<\/td><td>Globale<\/td><td>2 ore<\/td><td>8 ore<\/td><\/tr><tr><td>P2<\/td><td>DALLE 8:00 ALLE 17:00<\/td><td>Globale<\/td><td>8 ore<\/td><td>24 ore<\/td><\/tr><tr><td>P3<\/td><td>DALLE 8:00 ALLE 17:00<\/td><td>Globale<\/td><td>24 ore<\/td><td>48 ore<\/td><\/tr><tr><td>P4<\/td><td>DALLE 8:00 ALLE 17:00<\/td><td>Globale<\/td><td>48 ore<\/td><td>2 settimane<\/td><\/tr><\/tbody><\/table><\/figure>\n<\/div>\n<\/div>\n\n<p style=\"padding-right:var(--wp--preset--spacing--40);padding-left:var(--wp--preset--spacing--40)\"><em>* Gli orari di assistenza nel Regno Unito sono dalle 9:00 alle 17:00.<\/em><\/p>\n\n<p style=\"padding-right:var(--wp--preset--spacing--40);padding-left:var(--wp--preset--spacing--40)\">I tempi di risposta agli incidenti e i tempi di risoluzione degli incidenti si riferiscono agli orari di assistenza definiti e comprendono l&#8217;assistenza telefonica e online.<br\/><\/p>\n\n<h5 class=\"wp-block-heading\" style=\"padding-right:var(--wp--preset--spacing--40);padding-left:var(--wp--preset--spacing--40)\">Risoluzione degli incidenti e comunicazione<\/h5>\n\n<p style=\"padding-right:var(--wp--preset--spacing--40);padding-left:var(--wp--preset--spacing--40)\"><br\/>Dopo una risposta, Mastercam fornir\u00e0 aggiornamenti regolari sullo stato del problema al contatto tecnico designato dal cliente, in base alla complessit\u00e0 del problema e al tempo di risoluzione dell&#8217;incidente.<\/p>\n\n<p style=\"padding-right:var(--wp--preset--spacing--40);padding-left:var(--wp--preset--spacing--40)\">Mastercam si impegna a rispettare i tempi di risoluzione degli incidenti, ma i tempi di risoluzione degli incidenti possono variare a seconda della complessit\u00e0 dell&#8217;incidente.<\/p>\n\n<p style=\"padding-right:var(--wp--preset--spacing--40);padding-left:var(--wp--preset--spacing--40)\">Anche se il nostro team di assistenza lavorer\u00e0 diligentemente per risolvere i bug e i difetti nel pi\u00f9 breve tempo possibile, questi problemi sono soggetti a processi di prioritizzazione e risoluzione separati e le tempistiche di risoluzione possono variare. Non esistono garanzie specifiche sui tempi di risoluzione dei bug e dei difetti. I tempi di risoluzione degli incidenti iniziano quando l&#8217;Assistenza Tecnica assegna un livello di priorit\u00e0 e riceve le informazioni richieste dal cliente.  <\/p>\n\n<p style=\"padding-right:var(--wp--preset--spacing--40);padding-left:var(--wp--preset--spacing--40)\"><strong>Procedura di escalation<br\/><\/strong>Se un incidente non viene risolto nei tempi previsti o se il cliente non \u00e8 soddisfatto dei progressi compiuti, pu\u00f2 escalare il caso facendo riferimento al numero del caso e richiedendo l&#8217;escalation attraverso il canale di assistenza originale o contattando il rappresentante dell&#8217;assistenza assegnato. Il caso sar\u00e0 prima esaminato da un responsabile dell&#8217;assistenza o da un supervisore e, se necessario, sar\u00e0 sottoposto alla gestione dell&#8217;assistenza tecnica. Per i problemi critici che richiedono maggiore attenzione, l&#8217;escalation a un Executive Sponsor Mastercam o a un Customer Success Manager pu\u00f2 essere avviata attraverso lo stesso canale di assistenza con oggetto &#8220;Richiesta di escalation&#8221;.  <\/p>\n\n<p style=\"padding-right:var(--wp--preset--spacing--40);padding-left:var(--wp--preset--spacing--40)\"><br\/><strong>Disponibilit\u00e0 dell&#8217;assistenza<br\/><\/strong>Mastercam fornisce assistenza tecnica nei seguenti orari all&#8217;interno del fuso orario locale dell&#8217;utente autorizzato della licenza Mastercam:<\/p>\n\n<ul class=\"wp-block-list\">\n<li>L&#8217;assistenza telefonica per gli Stati Uniti (1.860.875.5006 o 1.800.228.2877) \u00e8 disponibile dal luned\u00ec al venerd\u00ec, dalle 8:00 alle 17:00, escluse le festivit\u00e0 federali degli Stati Uniti.<\/li>\n\n\n\n<li>I casi online possono essere inviati per tutte le regioni attraverso myMastercam o il portale Salesforce in qualsiasi momento, ma le risposte ai casi online saranno fornite dal luned\u00ec al venerd\u00ec, dalle 8:00 alle 17:00, durante gli orari di assistenza locali, escluse le festivit\u00e0 federali degli Stati Uniti.<\/li>\n\n\n\n<li>L&#8217;assistenza per il Regno Unito (0121.504.5200) \u00e8 disponibile dal luned\u00ec al venerd\u00ec, dalle 9:00 alle 17:00 ora universale coordinata (UTC), escluse le festivit\u00e0 del Regno Unito.<\/li>\n<\/ul>\n\n<h5 class=\"wp-block-heading\" style=\"padding-right:var(--wp--preset--spacing--40);padding-left:var(--wp--preset--spacing--40)\">Aggiornamenti software e patch<\/h5>\n\n<p style=\"padding-right:var(--wp--preset--spacing--40);padding-left:var(--wp--preset--spacing--40)\">Mastercam fornisce aggiornamenti regolari ai suoi prodotti software desktop, tra cui correzioni di bug, patch di sicurezza e miglioramenti delle funzionalit\u00e0. Questi aggiornamenti sono pensati per migliorare le prestazioni, risolvere i problemi e mantenere la sicurezza senza causare tempi di inattivit\u00e0 per il cliente. <br\/><\/p>\n\n<ul class=\"wp-block-list\">\n<li><strong>Aggiornamenti programmati del software: <\/strong>Mastercam notificher\u00e0 ai clienti gli aggiornamenti significativi del software non appena saranno disponibili. Gli aggiornamenti sono in genere progettati per essere applicati senza interrompere il normale utilizzo del software. <\/li>\n\n\n\n<li><strong>Aggiornamenti urgenti:<\/strong> In casi rari, quando un problema critico di sicurezza o di funzionalit\u00e0 deve essere affrontato immediatamente, Mastercam ne dar\u00e0 notizia il prima possibile e collaborer\u00e0 con i clienti per applicare le patch con un impatto minimo.<br\/><\/li>\n<\/ul>\n\n<h5 class=\"wp-block-heading\" style=\"padding-right:var(--wp--preset--spacing--40);padding-left:var(--wp--preset--spacing--40)\">Responsabilit\u00e0 del cliente<\/h5>\n\n<p style=\"padding-right:var(--wp--preset--spacing--40);padding-left:var(--wp--preset--spacing--40)\">Per garantire un&#8217;assistenza tempestiva, i clienti devono:<\/p>\n\n<ul class=\"wp-block-list\">\n<li>Assicurarsi che tutti gli utenti finali abbiano ricevuto una formazione adeguata su tutte le aree di utilizzo del software.<\/li>\n\n\n\n<li>Fornisci descrizioni accurate e dettagliate dei problemi.<\/li>\n\n\n\n<li>Assicurati che tutti gli hardware e gli ambienti siano conformi ai requisiti di sistema di Mastercam.<\/li>\n\n\n\n<li>Applicare tempestivamente le patch e gli aggiornamenti consigliati.<\/li>\n<\/ul>\n\n<p style=\"padding-right:var(--wp--preset--spacing--40);padding-left:var(--wp--preset--spacing--40)\"><strong>Esclusioni<\/strong><\/p>\n\n<p style=\"padding-right:var(--wp--preset--spacing--40);padding-left:var(--wp--preset--spacing--40)\">Mastercam non \u00e8 obbligata a fornire assistenza tecnica ai sensi della presente SLP nei seguenti casi:<\/p>\n\n<ul class=\"wp-block-list\">\n<li>Il cliente non ha un contratto Mastercam CONNECT attivo per il sito in cui viene utilizzata la licenza.<\/li>\n\n\n\n<li>Il software \u00e8 stato alterato, danneggiato o modificato dal cliente o da terzi senza autorizzazione.<\/li>\n\n\n\n<li>I problemi sono causati da malfunzionamenti dell&#8217;hardware, negligenza del cliente o altre cause al di fuori del controllo di Mastercam.<\/li>\n\n\n\n<li>Il cliente utilizza hardware, ambienti operativi o configurazioni software non supportati.<\/li>\n\n\n\n<li>Il problema richiede una formazione correttiva, un&#8217;assistenza in loco, servizi di consulenza per lo sviluppo, l&#8217;ingegneria o la produzione.<\/li>\n<\/ul>\n\n<p style=\"padding-right:var(--wp--preset--spacing--40);padding-left:var(--wp--preset--spacing--40)\">Oltre alle esclusioni di cui sopra, \u00e8 necessario tenere presente quanto segue:<\/p>\n\n<ul class=\"wp-block-list\">\n<li>L&#8217;assistenza tecnica si applica solo alla versione attuale e a quella immediatamente precedente del software. Tutte le versioni precedenti sono escluse. <\/li>\n\n\n\n<li>Gli eventuali aggiornamenti del software saranno applicati alla versione corrente e immediatamente precedente del software. Tutte le versioni precedenti sono escluse. <\/li>\n\n\n\n<li>Le richieste relative all&#8217;SDK, allo sviluppo di percorsi utensile personalizzati o alle modifiche al post processor non rientrano nell&#8217;ambito di questa SLP e possono essere gestite attraverso servizi di consulenza separati. Contatta le vendite attraverso il portale Salesforce per discutere i requisiti dei servizi professionali. <\/li>\n<\/ul>\n\n<p style=\"padding-right:var(--wp--preset--spacing--40);padding-left:var(--wp--preset--spacing--40)\"><strong>Emendamenti e avvisi<\/strong><\/p>\n\n<p style=\"padding-right:var(--wp--preset--spacing--40);padding-left:var(--wp--preset--spacing--40)\">Il presente SLP pu\u00f2 essere modificato da Mastercam a sua discrezione. Mastercam informer\u00e0 i clienti per iscritto con almeno trenta (30) giorni di anticipo di eventuali modifiche. <\/p>\n\n<hr class=\"wp-block-separator has-alpha-channel-opacity\"\/>\n\n<p style=\"padding-right:var(--wp--preset--spacing--40);padding-left:var(--wp--preset--spacing--40)\"><sup>1<\/sup>&#8220;Assistenza Tecnica&#8221; significa rispondere alle normali richieste di informazioni relative all&#8217;ultima versione del Software o alla versione immediatamente precedente<br\/>, compresi eventuali Incidenti, in conformit\u00e0 con la Politica sul Livello di Servizio. L&#8217;Assistenza Tecnica non comprende la formazione, l&#8217;assistenza in loco<br\/>o i servizi di consulenza per lo sviluppo, l&#8217;ingegneria o la produzione. <br\/><br\/><sup>2<\/sup> Per &#8220;Tempo di risposta agli incidenti&#8221; si intende il tempo necessario a Mastercam per rispondere a un incidente.<br\/><br\/><sup>3<\/sup> Per &#8220;Tempo di risoluzione degli incidenti&#8221; si intende il tempo target assegnato per un particolare livello di priorit\u00e0, come stabilito nella SLP, necessario a<br\/>Mastercam per risolvere un incidente.<br\/><br\/><sup>4<\/sup> Per &#8220;Incidente&#8221; si intende qualsiasi problema, malfunzionamento, comportamento inatteso o richiesta generale relativa al software che viene classificata<br\/>in base ai livelli di priorit\u00e0 P1, P2, P3 e P4 come indicato nella presente SLP. Un incidente pu\u00f2 essere o meno un bug o un difetto. <br\/><br\/><sup>5<\/sup> Per &#8220;bug&#8221; si intende un difetto, un errore o un&#8217;anomalia del software che ne causa un comportamento inaspettato o errato.<br\/><br\/><sup>6<\/sup> Per &#8220;difetto&#8221; si intende una deviazione dai requisiti o dalle specifiche previste, come indicato nella Documentazione.<br\/><br\/><sup>7<\/sup> &#8220;Risposta&#8221; o &#8220;Rispondere&#8221; significa rispondere al cliente entro i tempi previsti per un determinato livello di priorit\u00e0, come indicato su<br\/>in questa SLP, per stabilire un contatto iniziale con il cliente dopo l&#8217;assegnazione del caso.<br\/><br\/><sup>8<\/sup> &#8220;Risolvere&#8221; o &#8220;Risoluzione&#8221; significa che Mastercam (i) risolve un Incidente, (ii) risponde al cliente con una tempistica per<br\/>la Risoluzione di un Incidente, che pu\u00f2 includere un piano per un Aggiornamento del Software o un Upgrade del Software in una data successiva, o (iii) conclude che<br\/>l&#8217;Incidente non \u00e8 un Bug o un Difetto o non pu\u00f2 essere risolto entro il Tempo di Risposta all&#8217;Incidente.  <\/p>\n","protected":false},"excerpt":{"rendered":"<p>Politica dei livelli di servizio di Mastercam CONNECT La presente Politica sui livelli di servizio [&hellip;]<\/p>\n","protected":false},"author":4,"featured_media":0,"parent":42073,"menu_order":0,"comment_status":"closed","ping_status":"closed","template":"","meta":{"_acf_changed":false,"footnotes":""},"class_list":["post-43517","page","type-page","status-publish","hentry"],"acf":[],"yoast_head":"<!-- This site is optimized with the Yoast SEO plugin v26.8 - https:\/\/yoast.com\/product\/yoast-seo-wordpress\/ -->\n<title>Politica del livello di servizio - mastercam.com<\/title>\n<meta name=\"description\" content=\"Politica dei livelli di servizio di Mastercam CONNECT La presente Politica sui livelli di servizio (SLP) definisce i termini dell&#039;Assistenza Tecnica1\" \/>\n<meta name=\"robots\" content=\"index, follow, max-snippet:-1, max-image-preview:large, max-video-preview:-1\" \/>\n<link rel=\"canonical\" href=\"https:\/\/www.mastercam.com\/it\/privacy\/politica-del-livello-di-servizio\/\" \/>\n<meta property=\"og:locale\" content=\"it_IT\" \/>\n<meta property=\"og:type\" content=\"article\" \/>\n<meta property=\"og:title\" content=\"Politica del livello di servizio - mastercam.com\" \/>\n<meta property=\"og:description\" content=\"Politica dei livelli di servizio di Mastercam CONNECT La presente Politica sui livelli di servizio (SLP) definisce i termini dell&#039;Assistenza Tecnica1\" \/>\n<meta property=\"og:url\" content=\"https:\/\/www.mastercam.com\/it\/privacy\/politica-del-livello-di-servizio\/\" \/>\n<meta property=\"og:site_name\" content=\"mastercam.com\" \/>\n<meta property=\"article:publisher\" content=\"https:\/\/www.facebook.com\/Mastercam\/\" \/>\n<meta property=\"article:modified_time\" content=\"2026-01-28T19:49:42+00:00\" \/>\n<meta property=\"og:image\" content=\"https:\/\/www.mastercam.com\/wp-content\/uploads\/2024\/02\/drill-wide-photo-1200x675-1.jpg\" \/>\n\t<meta property=\"og:image:width\" content=\"1200\" \/>\n\t<meta property=\"og:image:height\" content=\"675\" \/>\n\t<meta property=\"og:image:type\" content=\"image\/jpeg\" \/>\n<meta name=\"twitter:card\" content=\"summary_large_image\" \/>\n<meta name=\"twitter:site\" content=\"@mastercam\" \/>\n<meta name=\"twitter:label1\" content=\"Est. reading time\" \/>\n\t<meta name=\"twitter:data1\" content=\"8 minuti\" \/>\n<script type=\"application\/ld+json\" class=\"yoast-schema-graph\">{\"@context\":\"https:\/\/schema.org\",\"@graph\":[{\"@type\":\"WebPage\",\"@id\":\"https:\/\/www.mastercam.com\/it\/privacy\/politica-del-livello-di-servizio\/\",\"url\":\"https:\/\/www.mastercam.com\/it\/privacy\/politica-del-livello-di-servizio\/\",\"name\":\"Politica del livello di servizio - mastercam.com\",\"isPartOf\":{\"@id\":\"https:\/\/www.mastercam.com\/it\/#website\"},\"datePublished\":\"2025-05-01T20:47:57+00:00\",\"dateModified\":\"2026-01-28T19:49:42+00:00\",\"description\":\"Politica dei livelli di servizio di Mastercam CONNECT La presente Politica sui livelli di servizio (SLP) definisce i termini dell'Assistenza Tecnica1\",\"breadcrumb\":{\"@id\":\"https:\/\/www.mastercam.com\/it\/privacy\/politica-del-livello-di-servizio\/#breadcrumb\"},\"inLanguage\":\"it-IT\",\"potentialAction\":[{\"@type\":\"ReadAction\",\"target\":[\"https:\/\/www.mastercam.com\/it\/privacy\/politica-del-livello-di-servizio\/\"]}]},{\"@type\":\"BreadcrumbList\",\"@id\":\"https:\/\/www.mastercam.com\/it\/privacy\/politica-del-livello-di-servizio\/#breadcrumb\",\"itemListElement\":[{\"@type\":\"ListItem\",\"position\":1,\"name\":\"Home\",\"item\":\"https:\/\/www.mastercam.com\/it\/\"},{\"@type\":\"ListItem\",\"position\":2,\"name\":\"Privacy\",\"item\":\"https:\/\/www.mastercam.com\/it\/privacy\/\"},{\"@type\":\"ListItem\",\"position\":3,\"name\":\"Politica del livello di servizio\"}]},{\"@type\":\"WebSite\",\"@id\":\"https:\/\/www.mastercam.com\/it\/#website\",\"url\":\"https:\/\/www.mastercam.com\/it\/\",\"name\":\"Mastercam\",\"description\":\"Creating software and services that solve the world&#039;s manufacturing challenges\",\"publisher\":{\"@id\":\"https:\/\/www.mastercam.com\/it\/#organization\"},\"potentialAction\":[{\"@type\":\"SearchAction\",\"target\":{\"@type\":\"EntryPoint\",\"urlTemplate\":\"https:\/\/www.mastercam.com\/it\/?s={search_term_string}\"},\"query-input\":{\"@type\":\"PropertyValueSpecification\",\"valueRequired\":true,\"valueName\":\"search_term_string\"}}],\"inLanguage\":\"it-IT\"},{\"@type\":\"Organization\",\"@id\":\"https:\/\/www.mastercam.com\/it\/#organization\",\"name\":\"Mastercam\",\"url\":\"https:\/\/www.mastercam.com\/it\/\",\"logo\":{\"@type\":\"ImageObject\",\"inLanguage\":\"it-IT\",\"@id\":\"https:\/\/www.mastercam.com\/it\/#\/schema\/logo\/image\/\",\"url\":\"https:\/\/www.mastercam.com\/wp-content\/uploads\/2023\/02\/MC_logo.svg\",\"contentUrl\":\"https:\/\/www.mastercam.com\/wp-content\/uploads\/2023\/02\/MC_logo.svg\",\"width\":230,\"height\":40,\"caption\":\"Mastercam\"},\"image\":{\"@id\":\"https:\/\/www.mastercam.com\/it\/#\/schema\/logo\/image\/\"},\"sameAs\":[\"https:\/\/www.facebook.com\/Mastercam\/\",\"https:\/\/x.com\/mastercam\",\"https:\/\/www.linkedin.com\/company\/mastercam\",\"https:\/\/www.youtube.com\/channel\/UChJt5ruSkqnmFH44WsXVZLw\",\"https:\/\/www.instagram.com\/mastercam\/\"]}]}<\/script>\n<!-- \/ Yoast SEO plugin. -->","yoast_head_json":{"title":"Politica del livello di servizio - mastercam.com","description":"Politica dei livelli di servizio di Mastercam CONNECT La presente Politica sui livelli di servizio (SLP) definisce i termini dell'Assistenza Tecnica1","robots":{"index":"index","follow":"follow","max-snippet":"max-snippet:-1","max-image-preview":"max-image-preview:large","max-video-preview":"max-video-preview:-1"},"canonical":"https:\/\/www.mastercam.com\/it\/privacy\/politica-del-livello-di-servizio\/","og_locale":"it_IT","og_type":"article","og_title":"Politica del livello di servizio - mastercam.com","og_description":"Politica dei livelli di servizio di Mastercam CONNECT La presente Politica sui livelli di servizio (SLP) definisce i termini dell'Assistenza Tecnica1","og_url":"https:\/\/www.mastercam.com\/it\/privacy\/politica-del-livello-di-servizio\/","og_site_name":"mastercam.com","article_publisher":"https:\/\/www.facebook.com\/Mastercam\/","article_modified_time":"2026-01-28T19:49:42+00:00","og_image":[{"width":1200,"height":675,"url":"https:\/\/www.mastercam.com\/wp-content\/uploads\/2024\/02\/drill-wide-photo-1200x675-1.jpg","type":"image\/jpeg"}],"twitter_card":"summary_large_image","twitter_site":"@mastercam","twitter_misc":{"Est. reading time":"8 minuti"},"schema":{"@context":"https:\/\/schema.org","@graph":[{"@type":"WebPage","@id":"https:\/\/www.mastercam.com\/it\/privacy\/politica-del-livello-di-servizio\/","url":"https:\/\/www.mastercam.com\/it\/privacy\/politica-del-livello-di-servizio\/","name":"Politica del livello di servizio - mastercam.com","isPartOf":{"@id":"https:\/\/www.mastercam.com\/it\/#website"},"datePublished":"2025-05-01T20:47:57+00:00","dateModified":"2026-01-28T19:49:42+00:00","description":"Politica dei livelli di servizio di Mastercam CONNECT La presente Politica sui livelli di servizio (SLP) definisce i termini dell'Assistenza Tecnica1","breadcrumb":{"@id":"https:\/\/www.mastercam.com\/it\/privacy\/politica-del-livello-di-servizio\/#breadcrumb"},"inLanguage":"it-IT","potentialAction":[{"@type":"ReadAction","target":["https:\/\/www.mastercam.com\/it\/privacy\/politica-del-livello-di-servizio\/"]}]},{"@type":"BreadcrumbList","@id":"https:\/\/www.mastercam.com\/it\/privacy\/politica-del-livello-di-servizio\/#breadcrumb","itemListElement":[{"@type":"ListItem","position":1,"name":"Home","item":"https:\/\/www.mastercam.com\/it\/"},{"@type":"ListItem","position":2,"name":"Privacy","item":"https:\/\/www.mastercam.com\/it\/privacy\/"},{"@type":"ListItem","position":3,"name":"Politica del livello di servizio"}]},{"@type":"WebSite","@id":"https:\/\/www.mastercam.com\/it\/#website","url":"https:\/\/www.mastercam.com\/it\/","name":"Mastercam","description":"Creating software and services that solve the world&#039;s manufacturing challenges","publisher":{"@id":"https:\/\/www.mastercam.com\/it\/#organization"},"potentialAction":[{"@type":"SearchAction","target":{"@type":"EntryPoint","urlTemplate":"https:\/\/www.mastercam.com\/it\/?s={search_term_string}"},"query-input":{"@type":"PropertyValueSpecification","valueRequired":true,"valueName":"search_term_string"}}],"inLanguage":"it-IT"},{"@type":"Organization","@id":"https:\/\/www.mastercam.com\/it\/#organization","name":"Mastercam","url":"https:\/\/www.mastercam.com\/it\/","logo":{"@type":"ImageObject","inLanguage":"it-IT","@id":"https:\/\/www.mastercam.com\/it\/#\/schema\/logo\/image\/","url":"https:\/\/www.mastercam.com\/wp-content\/uploads\/2023\/02\/MC_logo.svg","contentUrl":"https:\/\/www.mastercam.com\/wp-content\/uploads\/2023\/02\/MC_logo.svg","width":230,"height":40,"caption":"Mastercam"},"image":{"@id":"https:\/\/www.mastercam.com\/it\/#\/schema\/logo\/image\/"},"sameAs":["https:\/\/www.facebook.com\/Mastercam\/","https:\/\/x.com\/mastercam","https:\/\/www.linkedin.com\/company\/mastercam","https:\/\/www.youtube.com\/channel\/UChJt5ruSkqnmFH44WsXVZLw","https:\/\/www.instagram.com\/mastercam\/"]}]}},"_links":{"self":[{"href":"https:\/\/www.mastercam.com\/it\/wp-json\/wp\/v2\/pages\/43517","targetHints":{"allow":["GET"]}}],"collection":[{"href":"https:\/\/www.mastercam.com\/it\/wp-json\/wp\/v2\/pages"}],"about":[{"href":"https:\/\/www.mastercam.com\/it\/wp-json\/wp\/v2\/types\/page"}],"author":[{"embeddable":true,"href":"https:\/\/www.mastercam.com\/it\/wp-json\/wp\/v2\/users\/4"}],"replies":[{"embeddable":true,"href":"https:\/\/www.mastercam.com\/it\/wp-json\/wp\/v2\/comments?post=43517"}],"version-history":[{"count":0,"href":"https:\/\/www.mastercam.com\/it\/wp-json\/wp\/v2\/pages\/43517\/revisions"}],"up":[{"embeddable":true,"href":"https:\/\/www.mastercam.com\/it\/wp-json\/wp\/v2\/pages\/42073"}],"wp:attachment":[{"href":"https:\/\/www.mastercam.com\/it\/wp-json\/wp\/v2\/media?parent=43517"}],"curies":[{"name":"wp","href":"https:\/\/api.w.org\/{rel}","templated":true}]}}