{"id":43191,"date":"2024-01-10T21:28:50","date_gmt":"2024-01-11T02:28:50","guid":{"rendered":"https:\/\/www.mastercam.com\/community\/programma-mastercam-worldskills\/"},"modified":"2026-01-28T14:47:16","modified_gmt":"2026-01-28T19:47:16","slug":"programma-mastercam-worldskills","status":"publish","type":"page","link":"https:\/\/www.mastercam.com\/it\/community\/programma-mastercam-worldskills\/","title":{"rendered":"Programma Mastercam WorldSkills"},"content":{"rendered":"<div class=\"hero__breadcrumbs\">\n    <div class=\"container-fluid\">\n      <div class=\"row\">\n        <div class=\"col\">\n          <nav aria-label=\"breadcrumbs\"><ol class=\"breadcrumb\"><li><a href=\"https:\/\/www.mastercam.com\/it\/\">Home<\/a><\/li><\/ol><\/nav>\n        <\/div>\n      <\/div>\n    <\/div>\n  <\/div>\n\n<div class=\"hero hero--minimal wp-block-acf-block-hero\">\n  <div class=\"container-fluid\">\n    <div class=\"row align-items-center\">\n      \n      \n      \n      <div class=\"col-12 col-lg-7 order-2 order-lg-2 hero__content-column\">\n        <div class=\"hero__content\">\n                      <h1 class=\"hero__heading\">\n              \n              Programma Mastercam WorldSkills\n            <\/h1>\n          \n          \n          \n          \n          \n                  <\/div>\n      <\/div>\n    <\/div>\n  <\/div>\n<\/div>\n\n<div class=\"wp-block-columns is-style-container is-layout-flex wp-container-core-columns-is-layout-28f84493 wp-block-columns-is-layout-flex\">\n<div class=\"wp-block-column is-layout-flow wp-block-column-is-layout-flow\"><div class=\"container-fluid align wp-block-acf-block-media-object\">\n  <div class=\"row\">\n    <div class=\"col\">\n      <div class=\"d-flex flex-column flex-lg-row media-object media-object--shaded\">\n        <div class=\"flex-shrink-0 media-object__image order-1  order-lg-3 \">\n                                    <img decoding=\"async\" src=\"https:\/\/www.mastercam.com\/wp-content\/uploads\/2024\/01\/WS_Logo_DarkBlue_RGB-1024x677.png\" alt=\"WorldSkills logo\" loading=\"lazy\">\n                              <\/div>\n        <div class=\"media-object__body flex-grow-1 d-lg-flex flex-column order-2 justify-content-lg-center\">\n                                <h2 class=\"media-object__header h3\">Promuovere le competenze in tutto il mondo<\/h2>\n                                <div class=\"media-object__content\">\n              <p>Mastercam \u00e8 un Global Partner di WorldSkills, un movimento mondiale che sta cambiando la vita dei giovani creando opportunit\u00e0 e collegando le societ\u00e0. Siamo orgogliosi di sponsorizzare le competizioni di Tornitura CNC e Fresatura CNC. <\/p>\n<p>Gli istituti scolastici scelgono Mastercam per preparare i loro studenti alle competizioni WorldSkills CNC e per le entusiasmanti carriere nel settore manifatturiero. Grazie alla conoscenza del software CAM leader a livello mondiale, gli studenti migliorano notevolmente le loro possibilit\u00e0 di inserimento nel mondo del lavoro dopo il diploma. <\/p>\n<p>Leggi il <a href=\"https:\/\/www.mastercam.com\/wp-content\/uploads\/2024\/02\/WorldSkills-Sponsorship-Agreement1.pdf\">Contratto di Sponsorizzazione Mastercam<\/a> per i partecipanti alle WorldSkills, quindi completa il modulo di iscrizione per iniziare.<\/p>\n\n            <\/div>\n                            <\/div>\n      <\/div>\n    <\/div>\n  <\/div>\n<\/div>\n\n\n\n<div style=\"height:100px\" aria-hidden=\"true\" class=\"wp-block-spacer\"><\/div>\n\n\n\n<div class=\"wp-block-columns is-layout-flex wp-container-core-columns-is-layout-28f84493 wp-block-columns-is-layout-flex\">\n<div class=\"wp-block-column is-layout-flow wp-block-column-is-layout-flow\" style=\"padding-right:var(--wp--preset--spacing--80);padding-left:var(--wp--preset--spacing--80)\">\n<figure class=\"wp-block-embed is-type-video is-provider-youtube wp-block-embed-youtube wp-embed-aspect-16-9 wp-has-aspect-ratio\"><div class=\"wp-block-embed__wrapper\">\n<iframe loading=\"lazy\" title=\"Mastercam Education | WorldSkills\" width=\"500\" height=\"281\" src=\"https:\/\/www.youtube.com\/embed\/WUoyPzcepZo?feature=oembed\" frameborder=\"0\" allow=\"accelerometer; autoplay; clipboard-write; encrypted-media; gyroscope; picture-in-picture; web-share\" referrerpolicy=\"strict-origin-when-cross-origin\" allowfullscreen><\/iframe>\n<\/div><\/figure>\n<\/div>\n<\/div>\n\n\n\n<div style=\"height:100px\" aria-hidden=\"true\" class=\"wp-block-spacer\"><\/div>\n\n\n\n<script charset=\"utf-8\" type=\"text\/javascript\" src=\"\/\/js.hsforms.net\/forms\/embed\/v2.js\"><\/script><script>hbspt.forms.create({\n    portalId: \"3375755\",\n    formId: \"a81c1d5e-5d4b-4f91-84ff-ea236074a4aa\",\n    region: \"na1\"\n  });\n<\/script>\n\n\n\n<div style=\"height:100px\" aria-hidden=\"true\" class=\"wp-block-spacer\"><\/div>\n\n\n\n<h2 class=\"wp-block-heading\">Domande frequenti<\/h2>\n\n\n<div class=\"accordion aligncenter wp-block-acf-block-accordion\" id=\"blockAccordion\">\n          <div class=\"accordion-item\">\n      <h2 class=\"accordion-header\" id=\"heading-0\">\n        <button class=\"accordion-button collapsed\" type=\"button\" data-bs-toggle=\"collapse\" data-bs-target=\"#collapse-0\" aria-expanded=\"false\" aria-controls=\"collapse-0\" aria-label=\"Toggle accordion for Chi devo contattare per l&#039;assistenza Mastercam?\">\n          Chi devo contattare per l&#039;assistenza Mastercam?\n        <\/button>\n      <\/h2>\n      <div id=\"collapse-0\" class=\"accordion-collapse collapse\" aria-labelledby=\"heading-0\" data-bs-parent=\"#blockAccordion\">\n        <div class=\"accordion-body\">\n                      <p>Il tuo rappresentante Mastercam locale dovrebbe essere sempre il tuo primo punto di contatto per informazioni e supporto tecnico. Trova il tuo <a href=\"\/it\/?page_id=42729\">rappresentante Mastercam<\/a> <\/p>\n<p>Se il tuo rappresentante Mastercam non \u00e8 disponibile, puoi chiamare Mastercam dal luned\u00ec al venerd\u00ec dalle 8:00 alle 17:00, ET.<\/p>\n<p>Segui queste linee guida:<\/p>\n<ul>\n<li>Assicurati di aver gi\u00e0 provato a contattare il tuo rappresentante Mastercam.<\/li>\n<li>Fornisci le tue informazioni di contatto, la versione di Mastercam che stai utilizzando e il numero di serie della tua licenza.<\/li>\n<li>Sii pronto a descrivere il problema nel dettaglio.<\/li>\n<li>Sii davanti al computer quando chiami.<\/li>\n<li>Prova a duplicare il problema prima di chiamare. Il nostro tecnico potrebbe chiederti di duplicare il problema mentre sei al telefono. <\/li>\n<li>Tieni a portata di mano una descrizione completa del tuo hardware, compreso il sistema operativo (OS), l&#8217;unit\u00e0 di elaborazione centrale (CPU), il mouse e la memoria.<\/li>\n<\/ul>\n\n                    <button type=\"button\" class=\"close\" data-bs-toggle=\"crollo\" data-bs-target=\"#collapse-0\" aria-label=\"Close Chi devo contattare per l&amp;#039;assistenza Mastercam?\">\n            Close\n          <\/button>\n        <\/div>\n      <\/div>\n    <\/div>\n              <div class=\"accordion-item\">\n      <h2 class=\"accordion-header\" id=\"heading-1\">\n        <button class=\"accordion-button collapsed\" type=\"button\" data-bs-toggle=\"collapse\" data-bs-target=\"#collapse-1\" aria-expanded=\"false\" aria-controls=\"collapse-1\" aria-label=\"Toggle accordion for Quali sono le competizioni sponsorizzate da Mastercam nella WorldSkills Competition?  \">\n          Quali sono le competizioni sponsorizzate da Mastercam nella WorldSkills Competition?  \n        <\/button>\n      <\/h2>\n      <div id=\"collapse-1\" class=\"accordion-collapse collapse\" aria-labelledby=\"heading-1\" data-bs-parent=\"#blockAccordion\">\n        <div class=\"accordion-body\">\n                      <p><span class=\"TextRun SCXW232916845 BCX8\" lang=\"EN-US\" data-contrast=\"auto\" xml:lang=\"EN-US\"><span class=\"NormalTextRun SCXW232916845 BCX8\" data-ccp-parastyle=\"Mastercam Header\">Mastercam \u00e8 un Global Partner di WorldSkills e fornisce esclusivamente <\/span><span class=\"NormalTextRun SCXW232916845 BCX8\" data-ccp-parastyle=\"Mastercam Header\">fornisce<\/span><span class=\"NormalTextRun SCXW232916845 BCX8\" data-ccp-parastyle=\"Mastercam Header\"> software per queste competizioni<\/span><span class=\"NormalTextRun SCXW232916845 BCX8\" data-ccp-parastyle=\"Mastercam Header\">ti<\/span><span class=\"NormalTextRun SCXW232916845 BCX8\" data-ccp-parastyle=\"Mastercam Header\">zioni: Fresatura CNC e Tornitura CNC.<\/span><\/span><\/p>\n\n                    <button type=\"button\" class=\"close\" data-bs-toggle=\"crollo\" data-bs-target=\"#collapse-1\" aria-label=\"Close Quali sono le competizioni sponsorizzate da Mastercam nella WorldSkills Competition?  \">\n            Close\n          <\/button>\n        <\/div>\n      <\/div>\n    <\/div>\n              <div class=\"accordion-item\">\n      <h2 class=\"accordion-header\" id=\"heading-2\">\n        <button class=\"accordion-button collapsed\" type=\"button\" data-bs-toggle=\"collapse\" data-bs-target=\"#collapse-2\" aria-expanded=\"false\" aria-controls=\"collapse-2\" aria-label=\"Toggle accordion for Che tipo di Mastercam ricevo come concorrente di WorldSkills?  \">\n          Che tipo di Mastercam ricevo come concorrente di WorldSkills?  \n        <\/button>\n      <\/h2>\n      <div id=\"collapse-2\" class=\"accordion-collapse collapse\" aria-labelledby=\"heading-2\" data-bs-parent=\"#blockAccordion\">\n        <div class=\"accordion-body\">\n                      <p><span data-contrast=\"auto\">I concorrenti delle WorldSkills ricevono la versione attuale di Mastercam o la versione che verr\u00e0 utilizzata alle WorldSkills (se diversa dalla versione attuale). Questa versione \u00e8 a tempo e scadr\u00e0 al termine della competizione o in un&#8217;altra data stabilita di comune accordo. <\/span><span> <\/span><\/p>\n<p><span data-contrast=\"auto\">La versione che riceverai \u00e8 la nostra Mastercam Educational Suite, che \u00e8 completamente funzionale, ma incompatibile con le nostre licenze industriali. La suite educativa comprende le funzioni di fresatura, tornitura e progettazione. Questa licenza non ha alcun costo.  <\/span><span> <\/span><\/p>\n\n                    <button type=\"button\" class=\"close\" data-bs-toggle=\"crollo\" data-bs-target=\"#collapse-2\" aria-label=\"Close Che tipo di Mastercam ricevo come concorrente di WorldSkills?  \">\n            Close\n          <\/button>\n        <\/div>\n      <\/div>\n    <\/div>\n              <div class=\"accordion-item\">\n      <h2 class=\"accordion-header\" id=\"heading-3\">\n        <button class=\"accordion-button collapsed\" type=\"button\" data-bs-toggle=\"collapse\" data-bs-target=\"#collapse-3\" aria-expanded=\"false\" aria-controls=\"collapse-3\" aria-label=\"Toggle accordion for Ho Mastercam per WorldSkills, ma \u00e8 scaduto. Cosa devo fare? \">\n          Ho Mastercam per WorldSkills, ma \u00e8 scaduto. Cosa devo fare? \n        <\/button>\n      <\/h2>\n      <div id=\"collapse-3\" class=\"accordion-collapse collapse\" aria-labelledby=\"heading-3\" data-bs-parent=\"#blockAccordion\">\n        <div class=\"accordion-body\">\n                      <p>Per rinnovare la licenza, contatta education@mastercam.com.<\/p>\n\n                    <button type=\"button\" class=\"close\" data-bs-toggle=\"crollo\" data-bs-target=\"#collapse-3\" aria-label=\"Close Ho Mastercam per WorldSkills, ma \u00e8 scaduto. Cosa devo fare? \">\n            Close\n          <\/button>\n        <\/div>\n      <\/div>\n    <\/div>\n              <div class=\"accordion-item\">\n      <h2 class=\"accordion-header\" id=\"heading-4\">\n        <button class=\"accordion-button collapsed\" type=\"button\" data-bs-toggle=\"collapse\" data-bs-target=\"#collapse-4\" aria-expanded=\"false\" aria-controls=\"collapse-4\" aria-label=\"Toggle accordion for Con quale frequenza si svolgono le WorldSkills e dove si tengono?  \">\n          Con quale frequenza si svolgono le WorldSkills e dove si tengono?  \n        <\/button>\n      <\/h2>\n      <div id=\"collapse-4\" class=\"accordion-collapse collapse\" aria-labelledby=\"heading-4\" data-bs-parent=\"#blockAccordion\">\n        <div class=\"accordion-body\">\n                      <p>Le WorldSkills si svolgono ogni due anni. Prima dell&#8217;epidemia di Covid, le WorldSkills si svolgevano negli anni dispari. Tuttavia, a seguito dell&#8217;interruzione di Covid, le WorldSkills si svolgono ora negli anni pari: le prossime competizioni WorldSkills sono previste per il 2024 a Lione, in Francia, e per il 2026 a Shanghai, in Cina.  <\/p>\n\n                    <button type=\"button\" class=\"close\" data-bs-toggle=\"crollo\" data-bs-target=\"#collapse-4\" aria-label=\"Close Con quale frequenza si svolgono le WorldSkills e dove si tengono?  \">\n            Close\n          <\/button>\n        <\/div>\n      <\/div>\n    <\/div>\n              <div class=\"accordion-item\">\n      <h2 class=\"accordion-header\" id=\"heading-5\">\n        <button class=\"accordion-button collapsed\" type=\"button\" data-bs-toggle=\"collapse\" data-bs-target=\"#collapse-5\" aria-expanded=\"false\" aria-controls=\"collapse-5\" aria-label=\"Toggle accordion for Posso ottenere una licenza a tempo di Mastercam per la gara di abilit\u00e0 del mio paese o per una gara di abilit\u00e0 regionale come EuroSkills?  \">\n          Posso ottenere una licenza a tempo di Mastercam per la gara di abilit\u00e0 del mio paese o per una gara di abilit\u00e0 regionale come EuroSkills?  \n        <\/button>\n      <\/h2>\n      <div id=\"collapse-5\" class=\"accordion-collapse collapse\" aria-labelledby=\"heading-5\" data-bs-parent=\"#blockAccordion\">\n        <div class=\"accordion-body\">\n                      <p>S\u00ec, per ottenere una licenza a tempo di Mastercam, vedi tutte le competizioni che supportiamo qui: <a href=\"https:\/\/www.mastercam.com\/it\/community\/competizioni\/\">Mastercam sponsorizza i concorsi CAD\/CAM per studenti e professionisti<\/a><\/p>\n\n                    <button type=\"button\" class=\"close\" data-bs-toggle=\"crollo\" data-bs-target=\"#collapse-5\" aria-label=\"Close Posso ottenere una licenza a tempo di Mastercam per la gara di abilit\u00e0 del mio paese o per una gara di abilit\u00e0 regionale come EuroSkills?  \">\n            Close\n          <\/button>\n        <\/div>\n      <\/div>\n    <\/div>\n      <\/div>\n<\/div>\n<\/div>\n","protected":false},"excerpt":{"rendered":"<p>Domande frequenti<\/p>\n","protected":false},"author":1,"featured_media":0,"parent":28976,"menu_order":0,"comment_status":"closed","ping_status":"closed","template":"","meta":{"_acf_changed":false,"footnotes":""},"class_list":["post-43191","page","type-page","status-publish","hentry"],"acf":[],"yoast_head":"<!-- This site is optimized with the Yoast SEO plugin v27.5 - https:\/\/yoast.com\/product\/yoast-seo-wordpress\/ -->\n<title>Programma Mastercam WorldSkills - mastercam.com<\/title>\n<meta name=\"description\" content=\"https:\/\/www.youtube.com\/watch?v=WUoyPzcepZo          Domande frequenti\" \/>\n<meta name=\"robots\" content=\"index, follow, max-snippet:-1, max-image-preview:large, max-video-preview:-1\" \/>\n<link rel=\"canonical\" href=\"https:\/\/www.mastercam.com\/it\/community\/programma-mastercam-worldskills\/\" \/>\n<meta property=\"og:locale\" content=\"it_IT\" \/>\n<meta property=\"og:type\" content=\"article\" \/>\n<meta property=\"og:title\" content=\"Programma Mastercam WorldSkills - mastercam.com\" \/>\n<meta property=\"og:description\" content=\"https:\/\/www.youtube.com\/watch?v=WUoyPzcepZo          Domande frequenti\" \/>\n<meta property=\"og:url\" content=\"https:\/\/www.mastercam.com\/it\/community\/programma-mastercam-worldskills\/\" \/>\n<meta property=\"og:site_name\" content=\"mastercam.com\" \/>\n<meta property=\"article:publisher\" content=\"https:\/\/www.facebook.com\/Mastercam\/\" \/>\n<meta property=\"article:modified_time\" content=\"2026-01-28T19:47:16+00:00\" \/>\n<meta property=\"og:image\" content=\"https:\/\/www.mastercam.com\/wp-content\/uploads\/2024\/02\/drill-wide-photo-1200x675-1.jpg\" \/>\n\t<meta property=\"og:image:width\" content=\"1200\" \/>\n\t<meta property=\"og:image:height\" content=\"675\" \/>\n\t<meta property=\"og:image:type\" content=\"image\/jpeg\" \/>\n<meta name=\"twitter:card\" content=\"summary_large_image\" \/>\n<meta name=\"twitter:site\" content=\"@mastercam\" \/>\n<script type=\"application\/ld+json\" class=\"yoast-schema-graph\">{\"@context\":\"https:\\\/\\\/schema.org\",\"@graph\":[{\"@type\":\"WebPage\",\"@id\":\"https:\\\/\\\/www.mastercam.com\\\/it\\\/community\\\/programma-mastercam-worldskills\\\/\",\"url\":\"https:\\\/\\\/www.mastercam.com\\\/it\\\/community\\\/programma-mastercam-worldskills\\\/\",\"name\":\"Programma Mastercam WorldSkills - mastercam.com\",\"isPartOf\":{\"@id\":\"https:\\\/\\\/www.mastercam.com\\\/it\\\/#website\"},\"datePublished\":\"2024-01-11T02:28:50+00:00\",\"dateModified\":\"2026-01-28T19:47:16+00:00\",\"description\":\"https:\\\/\\\/www.youtube.com\\\/watch?v=WUoyPzcepZo Domande frequenti\",\"breadcrumb\":{\"@id\":\"https:\\\/\\\/www.mastercam.com\\\/it\\\/community\\\/programma-mastercam-worldskills\\\/#breadcrumb\"},\"inLanguage\":\"it-IT\",\"potentialAction\":[{\"@type\":\"ReadAction\",\"target\":[\"https:\\\/\\\/www.mastercam.com\\\/it\\\/community\\\/programma-mastercam-worldskills\\\/\"]}]},{\"@type\":\"BreadcrumbList\",\"@id\":\"https:\\\/\\\/www.mastercam.com\\\/it\\\/community\\\/programma-mastercam-worldskills\\\/#breadcrumb\",\"itemListElement\":[{\"@type\":\"ListItem\",\"position\":1,\"name\":\"Home\",\"item\":\"https:\\\/\\\/www.mastercam.com\\\/it\\\/\"},{\"@type\":\"ListItem\",\"position\":2,\"name\":\"Comunit\u00e0\",\"item\":\"https:\\\/\\\/www.mastercam.com\\\/it\\\/community\\\/\"},{\"@type\":\"ListItem\",\"position\":3,\"name\":\"Programma Mastercam WorldSkills\"}]},{\"@type\":\"WebSite\",\"@id\":\"https:\\\/\\\/www.mastercam.com\\\/it\\\/#website\",\"url\":\"https:\\\/\\\/www.mastercam.com\\\/it\\\/\",\"name\":\"Mastercam\",\"description\":\"Creating software and services that solve the world&#039;s manufacturing challenges\",\"publisher\":{\"@id\":\"https:\\\/\\\/www.mastercam.com\\\/it\\\/#organization\"},\"potentialAction\":[{\"@type\":\"SearchAction\",\"target\":{\"@type\":\"EntryPoint\",\"urlTemplate\":\"https:\\\/\\\/www.mastercam.com\\\/it\\\/?s={search_term_string}\"},\"query-input\":{\"@type\":\"PropertyValueSpecification\",\"valueRequired\":true,\"valueName\":\"search_term_string\"}}],\"inLanguage\":\"it-IT\"},{\"@type\":\"Organization\",\"@id\":\"https:\\\/\\\/www.mastercam.com\\\/it\\\/#organization\",\"name\":\"Mastercam\",\"url\":\"https:\\\/\\\/www.mastercam.com\\\/it\\\/\",\"logo\":{\"@type\":\"ImageObject\",\"inLanguage\":\"it-IT\",\"@id\":\"https:\\\/\\\/www.mastercam.com\\\/it\\\/#\\\/schema\\\/logo\\\/image\\\/\",\"url\":\"https:\\\/\\\/www.mastercam.com\\\/wp-content\\\/uploads\\\/2023\\\/02\\\/MC_logo.svg\",\"contentUrl\":\"https:\\\/\\\/www.mastercam.com\\\/wp-content\\\/uploads\\\/2023\\\/02\\\/MC_logo.svg\",\"width\":230,\"height\":40,\"caption\":\"Mastercam\"},\"image\":{\"@id\":\"https:\\\/\\\/www.mastercam.com\\\/it\\\/#\\\/schema\\\/logo\\\/image\\\/\"},\"sameAs\":[\"https:\\\/\\\/www.facebook.com\\\/Mastercam\\\/\",\"https:\\\/\\\/x.com\\\/mastercam\",\"https:\\\/\\\/www.linkedin.com\\\/company\\\/mastercam\",\"https:\\\/\\\/www.youtube.com\\\/channel\\\/UChJt5ruSkqnmFH44WsXVZLw\",\"https:\\\/\\\/www.instagram.com\\\/mastercam\\\/\"]}]}<\/script>\n<!-- \/ Yoast SEO plugin. -->","yoast_head_json":{"title":"Programma Mastercam WorldSkills - mastercam.com","description":"https:\/\/www.youtube.com\/watch?v=WUoyPzcepZo          Domande frequenti","robots":{"index":"index","follow":"follow","max-snippet":"max-snippet:-1","max-image-preview":"max-image-preview:large","max-video-preview":"max-video-preview:-1"},"canonical":"https:\/\/www.mastercam.com\/it\/community\/programma-mastercam-worldskills\/","og_locale":"it_IT","og_type":"article","og_title":"Programma Mastercam WorldSkills - mastercam.com","og_description":"https:\/\/www.youtube.com\/watch?v=WUoyPzcepZo          Domande frequenti","og_url":"https:\/\/www.mastercam.com\/it\/community\/programma-mastercam-worldskills\/","og_site_name":"mastercam.com","article_publisher":"https:\/\/www.facebook.com\/Mastercam\/","article_modified_time":"2026-01-28T19:47:16+00:00","og_image":[{"width":1200,"height":675,"url":"https:\/\/www.mastercam.com\/wp-content\/uploads\/2024\/02\/drill-wide-photo-1200x675-1.jpg","type":"image\/jpeg"}],"twitter_card":"summary_large_image","twitter_site":"@mastercam","schema":{"@context":"https:\/\/schema.org","@graph":[{"@type":"WebPage","@id":"https:\/\/www.mastercam.com\/it\/community\/programma-mastercam-worldskills\/","url":"https:\/\/www.mastercam.com\/it\/community\/programma-mastercam-worldskills\/","name":"Programma Mastercam WorldSkills - mastercam.com","isPartOf":{"@id":"https:\/\/www.mastercam.com\/it\/#website"},"datePublished":"2024-01-11T02:28:50+00:00","dateModified":"2026-01-28T19:47:16+00:00","description":"https:\/\/www.youtube.com\/watch?v=WUoyPzcepZo Domande frequenti","breadcrumb":{"@id":"https:\/\/www.mastercam.com\/it\/community\/programma-mastercam-worldskills\/#breadcrumb"},"inLanguage":"it-IT","potentialAction":[{"@type":"ReadAction","target":["https:\/\/www.mastercam.com\/it\/community\/programma-mastercam-worldskills\/"]}]},{"@type":"BreadcrumbList","@id":"https:\/\/www.mastercam.com\/it\/community\/programma-mastercam-worldskills\/#breadcrumb","itemListElement":[{"@type":"ListItem","position":1,"name":"Home","item":"https:\/\/www.mastercam.com\/it\/"},{"@type":"ListItem","position":2,"name":"Comunit\u00e0","item":"https:\/\/www.mastercam.com\/it\/community\/"},{"@type":"ListItem","position":3,"name":"Programma Mastercam WorldSkills"}]},{"@type":"WebSite","@id":"https:\/\/www.mastercam.com\/it\/#website","url":"https:\/\/www.mastercam.com\/it\/","name":"Mastercam","description":"Creating software and services that solve the world&#039;s manufacturing challenges","publisher":{"@id":"https:\/\/www.mastercam.com\/it\/#organization"},"potentialAction":[{"@type":"SearchAction","target":{"@type":"EntryPoint","urlTemplate":"https:\/\/www.mastercam.com\/it\/?s={search_term_string}"},"query-input":{"@type":"PropertyValueSpecification","valueRequired":true,"valueName":"search_term_string"}}],"inLanguage":"it-IT"},{"@type":"Organization","@id":"https:\/\/www.mastercam.com\/it\/#organization","name":"Mastercam","url":"https:\/\/www.mastercam.com\/it\/","logo":{"@type":"ImageObject","inLanguage":"it-IT","@id":"https:\/\/www.mastercam.com\/it\/#\/schema\/logo\/image\/","url":"https:\/\/www.mastercam.com\/wp-content\/uploads\/2023\/02\/MC_logo.svg","contentUrl":"https:\/\/www.mastercam.com\/wp-content\/uploads\/2023\/02\/MC_logo.svg","width":230,"height":40,"caption":"Mastercam"},"image":{"@id":"https:\/\/www.mastercam.com\/it\/#\/schema\/logo\/image\/"},"sameAs":["https:\/\/www.facebook.com\/Mastercam\/","https:\/\/x.com\/mastercam","https:\/\/www.linkedin.com\/company\/mastercam","https:\/\/www.youtube.com\/channel\/UChJt5ruSkqnmFH44WsXVZLw","https:\/\/www.instagram.com\/mastercam\/"]}]}},"_links":{"self":[{"href":"https:\/\/www.mastercam.com\/it\/wp-json\/wp\/v2\/pages\/43191","targetHints":{"allow":["GET"]}}],"collection":[{"href":"https:\/\/www.mastercam.com\/it\/wp-json\/wp\/v2\/pages"}],"about":[{"href":"https:\/\/www.mastercam.com\/it\/wp-json\/wp\/v2\/types\/page"}],"author":[{"embeddable":true,"href":"https:\/\/www.mastercam.com\/it\/wp-json\/wp\/v2\/users\/1"}],"replies":[{"embeddable":true,"href":"https:\/\/www.mastercam.com\/it\/wp-json\/wp\/v2\/comments?post=43191"}],"version-history":[{"count":0,"href":"https:\/\/www.mastercam.com\/it\/wp-json\/wp\/v2\/pages\/43191\/revisions"}],"up":[{"embeddable":true,"href":"https:\/\/www.mastercam.com\/it\/wp-json\/wp\/v2\/pages\/28976"}],"wp:attachment":[{"href":"https:\/\/www.mastercam.com\/it\/wp-json\/wp\/v2\/media?parent=43191"}],"curies":[{"name":"wp","href":"https:\/\/api.w.org\/{rel}","templated":true}]}}