{"id":43135,"date":"2023-01-31T19:19:00","date_gmt":"2023-02-01T00:19:00","guid":{"rendered":"https:\/\/www.mastercam.com\/privacy\/consenso-al-collegamento\/"},"modified":"2026-01-28T14:46:28","modified_gmt":"2026-01-28T19:46:28","slug":"consenso-al-collegamento","status":"publish","type":"page","link":"https:\/\/www.mastercam.com\/it\/privacy\/consenso-al-collegamento\/","title":{"rendered":"Consenso al collegamento"},"content":{"rendered":"\n<div class=\"wp-block-group is-style-container is-layout-flow wp-container-core-group-is-layout-c918c4c1 wp-block-group-is-layout-flow\" style=\"padding-top:0;padding-bottom:var(--wp--preset--spacing--7)\">\n<ul class=\"wp-block-list\">\n<li>In base ai termini e alle condizioni stabilite nel presente Consenso per il collegamento (&#8220;Consenso&#8221;), CNC Software, LLC(&#8220;CNC&#8221;) ti concede il permesso di fornire un collegamento ipertestuale dal tuo sito web al sito web Mastercam, a condizione che il tuo sito web:\n<ul class=\"wp-block-list\">\n<li>Pu\u00f2 linkare, ma non replicare, i contenuti del sito web di Mastercam;<\/li>\n\n\n\n<li>Non deve creare un ambiente di confine o un browser intorno ai contenuti del sito web di Mastercam;<\/li>\n\n\n\n<li>Non deve presentare informazioni denigratorie, fuorvianti o false sul contenuto del sito web Mastercam, sui servizi o sui prodotti CNC;<\/li>\n\n\n\n<li>Non deve essere utilizzato per confrontare i prodotti con altri prodotti della concorrenza o per mostrare altri prodotti in una luce favorevole;<\/li>\n\n\n\n<li>Non deve travisare la relazione della CNC con te;<\/li>\n\n\n\n<li>Non deve far credere che il CNC stia appoggiando o sponsorizzando l&#8217;utente o i suoi contenuti, servizi o prodotti;<\/li>\n\n\n\n<li>Non deve utilizzare i marchi di fabbrica, i loghi, i nomi commerciali, la veste grafica o altre propriet\u00e0 intellettuali di CNC Software senza previa autorizzazione scritta da parte di CNC Software;<\/li>\n\n\n\n<li>Non deve contenere contenuti che possano essere considerati osceni, calunniosi, diffamatori, pornografici o inappropriati per tutte le et\u00e0;<\/li>\n\n\n\n<li>Non deve contenere materiali che violino le leggi vigenti; e<\/li>\n\n\n\n<li>Non deve creare &#8220;link profondi&#8221; ai contenuti, alle informazioni, ai prodotti o ai servizi della CNC.<\/li>\n<\/ul>\n<\/li>\n\n\n\n<li>La CNC non sar\u00e0 responsabile nei confronti dell&#8217;utente per il contenuto del sito web Mastercam o per i link presenti sul sito web Mastercam ad altri siti web.<\/li>\n\n\n\n<li>L&#8217;utente riconosce che la CNC pu\u00f2 terminare immediatamente questo consenso in qualsiasi momento, senza penalit\u00e0, con o senza causa e con o senza preavviso. Se la concessione fornita in questo Consenso viene terminata, l&#8217;utente dovr\u00e0 rimuovere il link ipertestuale in questione al sito web di Mastercam entro un (1) giorno lavorativo dalla cessazione. <\/li>\n\n\n\n<li>CNC NON SAR\u00c0 RESPONSABILE NEI CONFRONTI DELL&#8217;UTENTE PER DANNI DIRETTI, INDIRETTI, INCIDENTALI, CONSEQUENZIALI, SPECIALI O ESEMPLARI (ANCHE SE AVVISATA DELLA POSSIBILIT\u00c0 DI TALI DANNI) QUALI, A TITOLO ESEMPLIFICATIVO E NON ESAUSTIVO, PERDITA DI RICAVI, BENI\/SERVIZI SOSTITUTIVI O PROFITTI ANTICIPATI O PERDITA DI AFFARI.<\/li>\n\n\n\n<li>Il presente Consenso sar\u00e0 disciplinato e interpretato in conformit\u00e0 alle leggi dello Stato del Connecticut, USA, senza tener conto dei principi di conflitto di leggi del Connecticut. L&#8217;unica ed esclusiva giurisdizione e sede per qualsiasi controversia derivante da o correlata al presente Consenso o all&#8217;oggetto dello stesso sar\u00e0 il tribunale statale o federale di Hartford, Connecticut. L&#8217;utente si sottopone alla giurisdizione personale della Corte Distrettuale degli Stati Uniti per il Distretto del Connecticut e della Corte Superiore dello Stato del Connecticut. Il presente Consenso rappresenta l&#8217;intera intesa tra le parti in relazione all&#8217;argomento qui trattato e sostituisce tutte le intese precedenti o contemporanee, sia scritte che orali. L&#8217;utente dovr\u00e0 indennizzare, difendere e tenere indenne la CNC e i suoi direttori, funzionari, dipendenti, agenti, azionisti e rappresentanti da qualsiasi reclamo, azione legale, accusa, danno o responsabilit\u00e0 (comprese le spese legali) derivanti da o relativi alla violazione o ad azioni o omissioni negligenti da parte dell&#8217;utente in relazione agli obblighi previsti dal presente Consenso. Le indennit\u00e0 di cui sopra sopravvivono alla scadenza o alla risoluzione del presente Consenso. L&#8217;utente non pu\u00f2 cedere il presente Consenso, in tutto o in parte, senza il preventivo consenso scritto della CNC. L&#8217;utente non avr\u00e0 il potere o l&#8217;autorit\u00e0 di assumere o creare alcun obbligo o responsabilit\u00e0 per conto della CNC n\u00e9 potr\u00e0 dichiararsi, implicitamente o altrimenti, come detentore di tale potere o autorit\u00e0. Il presente Consenso pu\u00f2 essere modificato e una parte pu\u00f2 rinunciare ai propri diritti ai sensi del presente Consenso solo mediante un documento scritto sottoscritto dall&#8217;utente e dalla CNC. La mancata applicazione di qualsiasi disposizione del presente Consenso non costituir\u00e0 una rinuncia alla stessa o a qualsiasi altra disposizione del presente documento. Nel caso in cui una qualsiasi clausola del presente consenso sia ritenuta nulla o altrimenti inapplicabile da un tribunale, il resto del presente consenso rimarr\u00e0 valido e applicabile come se tale clausola fosse assente.          <\/li>\n<\/ul>\n<\/div>\n","protected":false},"excerpt":{"rendered":"","protected":false},"author":1,"featured_media":0,"parent":42073,"menu_order":0,"comment_status":"closed","ping_status":"closed","template":"","meta":{"_acf_changed":false,"footnotes":""},"class_list":["post-43135","page","type-page","status-publish","hentry"],"acf":[],"yoast_head":"<!-- This site is optimized with the Yoast SEO plugin v26.8 - https:\/\/yoast.com\/product\/yoast-seo-wordpress\/ -->\n<title>Consenso al collegamento - mastercam.com<\/title>\n<meta name=\"description\" content=\"In base ai termini e alle condizioni stabilite nel presente Consenso per il collegamento (&quot;Consenso&quot;), CNC Software, LLC(&quot;CNC&quot;) ti concede il permesso di\" \/>\n<meta name=\"robots\" content=\"index, follow, max-snippet:-1, max-image-preview:large, max-video-preview:-1\" \/>\n<link rel=\"canonical\" href=\"https:\/\/www.mastercam.com\/it\/privacy\/consenso-al-collegamento\/\" \/>\n<meta property=\"og:locale\" content=\"it_IT\" \/>\n<meta property=\"og:type\" content=\"article\" \/>\n<meta property=\"og:title\" content=\"Consenso al collegamento - mastercam.com\" \/>\n<meta property=\"og:description\" content=\"In base ai termini e alle condizioni stabilite nel presente Consenso per il collegamento (&quot;Consenso&quot;), CNC Software, LLC(&quot;CNC&quot;) ti concede il permesso di\" \/>\n<meta property=\"og:url\" content=\"https:\/\/www.mastercam.com\/it\/privacy\/consenso-al-collegamento\/\" \/>\n<meta property=\"og:site_name\" content=\"mastercam.com\" \/>\n<meta property=\"article:publisher\" content=\"https:\/\/www.facebook.com\/Mastercam\/\" \/>\n<meta property=\"article:modified_time\" content=\"2026-01-28T19:46:28+00:00\" \/>\n<meta property=\"og:image\" content=\"https:\/\/www.mastercam.com\/wp-content\/uploads\/2024\/02\/drill-wide-photo-1200x675-1.jpg\" \/>\n\t<meta property=\"og:image:width\" content=\"1200\" \/>\n\t<meta property=\"og:image:height\" content=\"675\" \/>\n\t<meta property=\"og:image:type\" content=\"image\/jpeg\" \/>\n<meta name=\"twitter:card\" content=\"summary_large_image\" \/>\n<meta name=\"twitter:site\" content=\"@mastercam\" \/>\n<meta name=\"twitter:label1\" content=\"Est. reading time\" \/>\n\t<meta name=\"twitter:data1\" content=\"3 minuti\" \/>\n<script type=\"application\/ld+json\" class=\"yoast-schema-graph\">{\"@context\":\"https:\/\/schema.org\",\"@graph\":[{\"@type\":\"WebPage\",\"@id\":\"https:\/\/www.mastercam.com\/it\/privacy\/consenso-al-collegamento\/\",\"url\":\"https:\/\/www.mastercam.com\/it\/privacy\/consenso-al-collegamento\/\",\"name\":\"Consenso al collegamento - mastercam.com\",\"isPartOf\":{\"@id\":\"https:\/\/www.mastercam.com\/it\/#website\"},\"datePublished\":\"2023-02-01T00:19:00+00:00\",\"dateModified\":\"2026-01-28T19:46:28+00:00\",\"description\":\"In base ai termini e alle condizioni stabilite nel presente Consenso per il collegamento (\\\"Consenso\\\"), CNC Software, LLC(\\\"CNC\\\") ti concede il permesso di\",\"breadcrumb\":{\"@id\":\"https:\/\/www.mastercam.com\/it\/privacy\/consenso-al-collegamento\/#breadcrumb\"},\"inLanguage\":\"it-IT\",\"potentialAction\":[{\"@type\":\"ReadAction\",\"target\":[\"https:\/\/www.mastercam.com\/it\/privacy\/consenso-al-collegamento\/\"]}]},{\"@type\":\"BreadcrumbList\",\"@id\":\"https:\/\/www.mastercam.com\/it\/privacy\/consenso-al-collegamento\/#breadcrumb\",\"itemListElement\":[{\"@type\":\"ListItem\",\"position\":1,\"name\":\"Home\",\"item\":\"https:\/\/www.mastercam.com\/it\/\"},{\"@type\":\"ListItem\",\"position\":2,\"name\":\"Privacy\",\"item\":\"https:\/\/www.mastercam.com\/it\/privacy\/\"},{\"@type\":\"ListItem\",\"position\":3,\"name\":\"Consenso al collegamento\"}]},{\"@type\":\"WebSite\",\"@id\":\"https:\/\/www.mastercam.com\/it\/#website\",\"url\":\"https:\/\/www.mastercam.com\/it\/\",\"name\":\"Mastercam\",\"description\":\"Creating software and services that solve the world&#039;s manufacturing challenges\",\"publisher\":{\"@id\":\"https:\/\/www.mastercam.com\/it\/#organization\"},\"potentialAction\":[{\"@type\":\"SearchAction\",\"target\":{\"@type\":\"EntryPoint\",\"urlTemplate\":\"https:\/\/www.mastercam.com\/it\/?s={search_term_string}\"},\"query-input\":{\"@type\":\"PropertyValueSpecification\",\"valueRequired\":true,\"valueName\":\"search_term_string\"}}],\"inLanguage\":\"it-IT\"},{\"@type\":\"Organization\",\"@id\":\"https:\/\/www.mastercam.com\/it\/#organization\",\"name\":\"Mastercam\",\"url\":\"https:\/\/www.mastercam.com\/it\/\",\"logo\":{\"@type\":\"ImageObject\",\"inLanguage\":\"it-IT\",\"@id\":\"https:\/\/www.mastercam.com\/it\/#\/schema\/logo\/image\/\",\"url\":\"https:\/\/www.mastercam.com\/wp-content\/uploads\/2023\/02\/MC_logo.svg\",\"contentUrl\":\"https:\/\/www.mastercam.com\/wp-content\/uploads\/2023\/02\/MC_logo.svg\",\"width\":230,\"height\":40,\"caption\":\"Mastercam\"},\"image\":{\"@id\":\"https:\/\/www.mastercam.com\/it\/#\/schema\/logo\/image\/\"},\"sameAs\":[\"https:\/\/www.facebook.com\/Mastercam\/\",\"https:\/\/x.com\/mastercam\",\"https:\/\/www.linkedin.com\/company\/mastercam\",\"https:\/\/www.youtube.com\/channel\/UChJt5ruSkqnmFH44WsXVZLw\",\"https:\/\/www.instagram.com\/mastercam\/\"]}]}<\/script>\n<!-- \/ Yoast SEO plugin. -->","yoast_head_json":{"title":"Consenso al collegamento - mastercam.com","description":"In base ai termini e alle condizioni stabilite nel presente Consenso per il collegamento (\"Consenso\"), CNC Software, LLC(\"CNC\") ti concede il permesso di","robots":{"index":"index","follow":"follow","max-snippet":"max-snippet:-1","max-image-preview":"max-image-preview:large","max-video-preview":"max-video-preview:-1"},"canonical":"https:\/\/www.mastercam.com\/it\/privacy\/consenso-al-collegamento\/","og_locale":"it_IT","og_type":"article","og_title":"Consenso al collegamento - mastercam.com","og_description":"In base ai termini e alle condizioni stabilite nel presente Consenso per il collegamento (\"Consenso\"), CNC Software, LLC(\"CNC\") ti concede il permesso di","og_url":"https:\/\/www.mastercam.com\/it\/privacy\/consenso-al-collegamento\/","og_site_name":"mastercam.com","article_publisher":"https:\/\/www.facebook.com\/Mastercam\/","article_modified_time":"2026-01-28T19:46:28+00:00","og_image":[{"width":1200,"height":675,"url":"https:\/\/www.mastercam.com\/wp-content\/uploads\/2024\/02\/drill-wide-photo-1200x675-1.jpg","type":"image\/jpeg"}],"twitter_card":"summary_large_image","twitter_site":"@mastercam","twitter_misc":{"Est. reading time":"3 minuti"},"schema":{"@context":"https:\/\/schema.org","@graph":[{"@type":"WebPage","@id":"https:\/\/www.mastercam.com\/it\/privacy\/consenso-al-collegamento\/","url":"https:\/\/www.mastercam.com\/it\/privacy\/consenso-al-collegamento\/","name":"Consenso al collegamento - mastercam.com","isPartOf":{"@id":"https:\/\/www.mastercam.com\/it\/#website"},"datePublished":"2023-02-01T00:19:00+00:00","dateModified":"2026-01-28T19:46:28+00:00","description":"In base ai termini e alle condizioni stabilite nel presente Consenso per il collegamento (\"Consenso\"), CNC Software, LLC(\"CNC\") ti concede il permesso di","breadcrumb":{"@id":"https:\/\/www.mastercam.com\/it\/privacy\/consenso-al-collegamento\/#breadcrumb"},"inLanguage":"it-IT","potentialAction":[{"@type":"ReadAction","target":["https:\/\/www.mastercam.com\/it\/privacy\/consenso-al-collegamento\/"]}]},{"@type":"BreadcrumbList","@id":"https:\/\/www.mastercam.com\/it\/privacy\/consenso-al-collegamento\/#breadcrumb","itemListElement":[{"@type":"ListItem","position":1,"name":"Home","item":"https:\/\/www.mastercam.com\/it\/"},{"@type":"ListItem","position":2,"name":"Privacy","item":"https:\/\/www.mastercam.com\/it\/privacy\/"},{"@type":"ListItem","position":3,"name":"Consenso al collegamento"}]},{"@type":"WebSite","@id":"https:\/\/www.mastercam.com\/it\/#website","url":"https:\/\/www.mastercam.com\/it\/","name":"Mastercam","description":"Creating software and services that solve the world&#039;s manufacturing challenges","publisher":{"@id":"https:\/\/www.mastercam.com\/it\/#organization"},"potentialAction":[{"@type":"SearchAction","target":{"@type":"EntryPoint","urlTemplate":"https:\/\/www.mastercam.com\/it\/?s={search_term_string}"},"query-input":{"@type":"PropertyValueSpecification","valueRequired":true,"valueName":"search_term_string"}}],"inLanguage":"it-IT"},{"@type":"Organization","@id":"https:\/\/www.mastercam.com\/it\/#organization","name":"Mastercam","url":"https:\/\/www.mastercam.com\/it\/","logo":{"@type":"ImageObject","inLanguage":"it-IT","@id":"https:\/\/www.mastercam.com\/it\/#\/schema\/logo\/image\/","url":"https:\/\/www.mastercam.com\/wp-content\/uploads\/2023\/02\/MC_logo.svg","contentUrl":"https:\/\/www.mastercam.com\/wp-content\/uploads\/2023\/02\/MC_logo.svg","width":230,"height":40,"caption":"Mastercam"},"image":{"@id":"https:\/\/www.mastercam.com\/it\/#\/schema\/logo\/image\/"},"sameAs":["https:\/\/www.facebook.com\/Mastercam\/","https:\/\/x.com\/mastercam","https:\/\/www.linkedin.com\/company\/mastercam","https:\/\/www.youtube.com\/channel\/UChJt5ruSkqnmFH44WsXVZLw","https:\/\/www.instagram.com\/mastercam\/"]}]}},"_links":{"self":[{"href":"https:\/\/www.mastercam.com\/it\/wp-json\/wp\/v2\/pages\/43135","targetHints":{"allow":["GET"]}}],"collection":[{"href":"https:\/\/www.mastercam.com\/it\/wp-json\/wp\/v2\/pages"}],"about":[{"href":"https:\/\/www.mastercam.com\/it\/wp-json\/wp\/v2\/types\/page"}],"author":[{"embeddable":true,"href":"https:\/\/www.mastercam.com\/it\/wp-json\/wp\/v2\/users\/1"}],"replies":[{"embeddable":true,"href":"https:\/\/www.mastercam.com\/it\/wp-json\/wp\/v2\/comments?post=43135"}],"version-history":[{"count":0,"href":"https:\/\/www.mastercam.com\/it\/wp-json\/wp\/v2\/pages\/43135\/revisions"}],"up":[{"embeddable":true,"href":"https:\/\/www.mastercam.com\/it\/wp-json\/wp\/v2\/pages\/42073"}],"wp:attachment":[{"href":"https:\/\/www.mastercam.com\/it\/wp-json\/wp\/v2\/media?parent=43135"}],"curies":[{"name":"wp","href":"https:\/\/api.w.org\/{rel}","templated":true}]}}