{"id":43114,"date":"2023-01-31T19:19:21","date_gmt":"2023-02-01T00:19:21","guid":{"rendered":"https:\/\/www.mastercam.com\/privacy\/pirateria\/"},"modified":"2026-01-28T14:46:28","modified_gmt":"2026-01-28T19:46:28","slug":"pirateria","status":"publish","type":"page","link":"https:\/\/www.mastercam.com\/it\/privacy\/pirateria\/","title":{"rendered":"Pirateria"},"content":{"rendered":"\n<div class=\"wp-block-group is-style-container is-layout-flow wp-block-group-is-layout-flow\" style=\"margin-bottom:var(--wp--preset--spacing--6)\">\n<p><strong>Dichiarazione antipirateria<\/strong><\/p>\n\n\n\n<p>La pirateria software \u00e8 un problema serio per l&#8217;industria del software. Secondo alcuni analisti del settore, pi\u00f9 di una copia su tre del software installato sui computer di tutto il mondo \u00e8 pirata. Le aziende che utilizzano software senza licenza spendono circa 359 miliardi di dollari all&#8217;anno a causa del malware.  <\/p>\n\n\n\n<p>CNC Software, LLC prende molto sul serio la pirateria. Ci siamo impegnati a garantire che l&#8217;investimento dei nostri clienti con licenza sia protetto, non tollerando la pirateria del software Mastercam. Oltre ai nostri sforzi contro la pirateria, che comprendono lettere legali e azioni di follow-up, appoggiamo gli sforzi della Business Software Alliance (BSA), la principale organizzazione anti-pirateria al mondo, per combattere la pirateria del software attraverso attivit\u00e0 di educazione e applicazione.  <\/p>\n\n\n\n<p><strong>Aiutaci a fermare la pirateria del software<\/strong><\/p>\n\n\n\n<p>Per ottenere informazioni su come stabilire un programma di conformit\u00e0 del software o per saperne di pi\u00f9 sui problemi di pirateria, visita il sito: <a href=\"http:\/\/www.bsa.org\/\" target=\"_blank\" rel=\"noreferrer noopener\">http:\/\/www.bsa.org\/<\/a><\/p>\n\n\n\n<p>Se sei a conoscenza di una situazione che ritieni coinvolga la pirateria software, puoi fare una segnalazione confidenziale contattando direttamente Mastercam all&#8217;indirizzo:<\/p>\n\n\n\n<p><a href=\"mailto:piracy@mastercam.com\">Piracy@mastercam.com<\/a><\/p>\n\n\n\n<p>Se sei a conoscenza di una situazione che ritieni coinvolga la pirateria software di altri pacchetti software, puoi fare una segnalazione confidenziale a:<\/p>\n\n\n\n<ul class=\"wp-block-list\">\n<li>Invia una segnalazione alla BSA online all&#8217;indirizzo <a href=\"https:\/\/reporting.bsa.org\/r\/report\/add.aspx?src=us&amp;ln=en-us\" target=\"_blank\" rel=\"noreferrer noopener\">http:\/\/www.bsa.org\/usa\/report\/<\/a>.<\/li>\n\n\n\n<li>Chiamando il numero verde antipirateria della BSA (solo negli Stati Uniti) 1 (888) &#8211; NOPIRACY<\/li>\n\n\n\n<li>Visita il sito web della BSA per i numeri verdi di tutto il mondo: <a href=\"https:\/\/www.bsa.org\/about-bsa\/contact-us\" target=\"_blank\" rel=\"noreferrer noopener\">http:\/\/www.bsa.org\/usa\/report\/BSA-Offices-and-Hotlines.cfm<\/a><\/li>\n<\/ul>\n<\/div>\n","protected":false},"excerpt":{"rendered":"<p>Dichiarazione antipirateria La pirateria software \u00e8 un problema serio per l&#8217;industria del software. Secondo alcuni [&hellip;]<\/p>\n","protected":false},"author":1,"featured_media":0,"parent":42073,"menu_order":0,"comment_status":"closed","ping_status":"closed","template":"","meta":{"_acf_changed":false,"footnotes":""},"class_list":["post-43114","page","type-page","status-publish","hentry"],"acf":[],"yoast_head":"<!-- This site is optimized with the Yoast SEO plugin v26.8 - https:\/\/yoast.com\/product\/yoast-seo-wordpress\/ -->\n<title>Pirateria - mastercam.com<\/title>\n<meta name=\"description\" content=\"Dichiarazione antipirateria La pirateria software \u00e8 un problema serio per l&#039;industria del software. Secondo alcuni analisti del settore, pi\u00f9 di una copia\" \/>\n<meta name=\"robots\" content=\"index, follow, max-snippet:-1, max-image-preview:large, max-video-preview:-1\" \/>\n<link rel=\"canonical\" href=\"https:\/\/www.mastercam.com\/it\/privacy\/pirateria\/\" \/>\n<meta property=\"og:locale\" content=\"it_IT\" \/>\n<meta property=\"og:type\" content=\"article\" \/>\n<meta property=\"og:title\" content=\"Pirateria - mastercam.com\" \/>\n<meta property=\"og:description\" content=\"Dichiarazione antipirateria La pirateria software \u00e8 un problema serio per l&#039;industria del software. Secondo alcuni analisti del settore, pi\u00f9 di una copia\" \/>\n<meta property=\"og:url\" content=\"https:\/\/www.mastercam.com\/it\/privacy\/pirateria\/\" \/>\n<meta property=\"og:site_name\" content=\"mastercam.com\" \/>\n<meta property=\"article:publisher\" content=\"https:\/\/www.facebook.com\/Mastercam\/\" \/>\n<meta property=\"article:modified_time\" content=\"2026-01-28T19:46:28+00:00\" \/>\n<meta property=\"og:image\" content=\"https:\/\/www.mastercam.com\/wp-content\/uploads\/2024\/02\/drill-wide-photo-1200x675-1.jpg\" \/>\n\t<meta property=\"og:image:width\" content=\"1200\" \/>\n\t<meta property=\"og:image:height\" content=\"675\" \/>\n\t<meta property=\"og:image:type\" content=\"image\/jpeg\" \/>\n<meta name=\"twitter:card\" content=\"summary_large_image\" \/>\n<meta name=\"twitter:site\" content=\"@mastercam\" \/>\n<meta name=\"twitter:label1\" content=\"Est. reading time\" \/>\n\t<meta name=\"twitter:data1\" content=\"1 minuto\" \/>\n<script type=\"application\/ld+json\" class=\"yoast-schema-graph\">{\"@context\":\"https:\/\/schema.org\",\"@graph\":[{\"@type\":\"WebPage\",\"@id\":\"https:\/\/www.mastercam.com\/it\/privacy\/pirateria\/\",\"url\":\"https:\/\/www.mastercam.com\/it\/privacy\/pirateria\/\",\"name\":\"Pirateria - mastercam.com\",\"isPartOf\":{\"@id\":\"https:\/\/www.mastercam.com\/it\/#website\"},\"datePublished\":\"2023-02-01T00:19:21+00:00\",\"dateModified\":\"2026-01-28T19:46:28+00:00\",\"description\":\"Dichiarazione antipirateria La pirateria software \u00e8 un problema serio per l'industria del software. Secondo alcuni analisti del settore, pi\u00f9 di una copia\",\"breadcrumb\":{\"@id\":\"https:\/\/www.mastercam.com\/it\/privacy\/pirateria\/#breadcrumb\"},\"inLanguage\":\"it-IT\",\"potentialAction\":[{\"@type\":\"ReadAction\",\"target\":[\"https:\/\/www.mastercam.com\/it\/privacy\/pirateria\/\"]}]},{\"@type\":\"BreadcrumbList\",\"@id\":\"https:\/\/www.mastercam.com\/it\/privacy\/pirateria\/#breadcrumb\",\"itemListElement\":[{\"@type\":\"ListItem\",\"position\":1,\"name\":\"Home\",\"item\":\"https:\/\/www.mastercam.com\/it\/\"},{\"@type\":\"ListItem\",\"position\":2,\"name\":\"Privacy\",\"item\":\"https:\/\/www.mastercam.com\/it\/privacy\/\"},{\"@type\":\"ListItem\",\"position\":3,\"name\":\"Pirateria\"}]},{\"@type\":\"WebSite\",\"@id\":\"https:\/\/www.mastercam.com\/it\/#website\",\"url\":\"https:\/\/www.mastercam.com\/it\/\",\"name\":\"Mastercam\",\"description\":\"Creating software and services that solve the world&#039;s manufacturing challenges\",\"publisher\":{\"@id\":\"https:\/\/www.mastercam.com\/it\/#organization\"},\"potentialAction\":[{\"@type\":\"SearchAction\",\"target\":{\"@type\":\"EntryPoint\",\"urlTemplate\":\"https:\/\/www.mastercam.com\/it\/?s={search_term_string}\"},\"query-input\":{\"@type\":\"PropertyValueSpecification\",\"valueRequired\":true,\"valueName\":\"search_term_string\"}}],\"inLanguage\":\"it-IT\"},{\"@type\":\"Organization\",\"@id\":\"https:\/\/www.mastercam.com\/it\/#organization\",\"name\":\"Mastercam\",\"url\":\"https:\/\/www.mastercam.com\/it\/\",\"logo\":{\"@type\":\"ImageObject\",\"inLanguage\":\"it-IT\",\"@id\":\"https:\/\/www.mastercam.com\/it\/#\/schema\/logo\/image\/\",\"url\":\"https:\/\/www.mastercam.com\/wp-content\/uploads\/2023\/02\/MC_logo.svg\",\"contentUrl\":\"https:\/\/www.mastercam.com\/wp-content\/uploads\/2023\/02\/MC_logo.svg\",\"width\":230,\"height\":40,\"caption\":\"Mastercam\"},\"image\":{\"@id\":\"https:\/\/www.mastercam.com\/it\/#\/schema\/logo\/image\/\"},\"sameAs\":[\"https:\/\/www.facebook.com\/Mastercam\/\",\"https:\/\/x.com\/mastercam\",\"https:\/\/www.linkedin.com\/company\/mastercam\",\"https:\/\/www.youtube.com\/channel\/UChJt5ruSkqnmFH44WsXVZLw\",\"https:\/\/www.instagram.com\/mastercam\/\"]}]}<\/script>\n<!-- \/ Yoast SEO plugin. -->","yoast_head_json":{"title":"Pirateria - mastercam.com","description":"Dichiarazione antipirateria La pirateria software \u00e8 un problema serio per l'industria del software. Secondo alcuni analisti del settore, pi\u00f9 di una copia","robots":{"index":"index","follow":"follow","max-snippet":"max-snippet:-1","max-image-preview":"max-image-preview:large","max-video-preview":"max-video-preview:-1"},"canonical":"https:\/\/www.mastercam.com\/it\/privacy\/pirateria\/","og_locale":"it_IT","og_type":"article","og_title":"Pirateria - mastercam.com","og_description":"Dichiarazione antipirateria La pirateria software \u00e8 un problema serio per l'industria del software. Secondo alcuni analisti del settore, pi\u00f9 di una copia","og_url":"https:\/\/www.mastercam.com\/it\/privacy\/pirateria\/","og_site_name":"mastercam.com","article_publisher":"https:\/\/www.facebook.com\/Mastercam\/","article_modified_time":"2026-01-28T19:46:28+00:00","og_image":[{"width":1200,"height":675,"url":"https:\/\/www.mastercam.com\/wp-content\/uploads\/2024\/02\/drill-wide-photo-1200x675-1.jpg","type":"image\/jpeg"}],"twitter_card":"summary_large_image","twitter_site":"@mastercam","twitter_misc":{"Est. reading time":"1 minuto"},"schema":{"@context":"https:\/\/schema.org","@graph":[{"@type":"WebPage","@id":"https:\/\/www.mastercam.com\/it\/privacy\/pirateria\/","url":"https:\/\/www.mastercam.com\/it\/privacy\/pirateria\/","name":"Pirateria - mastercam.com","isPartOf":{"@id":"https:\/\/www.mastercam.com\/it\/#website"},"datePublished":"2023-02-01T00:19:21+00:00","dateModified":"2026-01-28T19:46:28+00:00","description":"Dichiarazione antipirateria La pirateria software \u00e8 un problema serio per l'industria del software. Secondo alcuni analisti del settore, pi\u00f9 di una copia","breadcrumb":{"@id":"https:\/\/www.mastercam.com\/it\/privacy\/pirateria\/#breadcrumb"},"inLanguage":"it-IT","potentialAction":[{"@type":"ReadAction","target":["https:\/\/www.mastercam.com\/it\/privacy\/pirateria\/"]}]},{"@type":"BreadcrumbList","@id":"https:\/\/www.mastercam.com\/it\/privacy\/pirateria\/#breadcrumb","itemListElement":[{"@type":"ListItem","position":1,"name":"Home","item":"https:\/\/www.mastercam.com\/it\/"},{"@type":"ListItem","position":2,"name":"Privacy","item":"https:\/\/www.mastercam.com\/it\/privacy\/"},{"@type":"ListItem","position":3,"name":"Pirateria"}]},{"@type":"WebSite","@id":"https:\/\/www.mastercam.com\/it\/#website","url":"https:\/\/www.mastercam.com\/it\/","name":"Mastercam","description":"Creating software and services that solve the world&#039;s manufacturing challenges","publisher":{"@id":"https:\/\/www.mastercam.com\/it\/#organization"},"potentialAction":[{"@type":"SearchAction","target":{"@type":"EntryPoint","urlTemplate":"https:\/\/www.mastercam.com\/it\/?s={search_term_string}"},"query-input":{"@type":"PropertyValueSpecification","valueRequired":true,"valueName":"search_term_string"}}],"inLanguage":"it-IT"},{"@type":"Organization","@id":"https:\/\/www.mastercam.com\/it\/#organization","name":"Mastercam","url":"https:\/\/www.mastercam.com\/it\/","logo":{"@type":"ImageObject","inLanguage":"it-IT","@id":"https:\/\/www.mastercam.com\/it\/#\/schema\/logo\/image\/","url":"https:\/\/www.mastercam.com\/wp-content\/uploads\/2023\/02\/MC_logo.svg","contentUrl":"https:\/\/www.mastercam.com\/wp-content\/uploads\/2023\/02\/MC_logo.svg","width":230,"height":40,"caption":"Mastercam"},"image":{"@id":"https:\/\/www.mastercam.com\/it\/#\/schema\/logo\/image\/"},"sameAs":["https:\/\/www.facebook.com\/Mastercam\/","https:\/\/x.com\/mastercam","https:\/\/www.linkedin.com\/company\/mastercam","https:\/\/www.youtube.com\/channel\/UChJt5ruSkqnmFH44WsXVZLw","https:\/\/www.instagram.com\/mastercam\/"]}]}},"_links":{"self":[{"href":"https:\/\/www.mastercam.com\/it\/wp-json\/wp\/v2\/pages\/43114","targetHints":{"allow":["GET"]}}],"collection":[{"href":"https:\/\/www.mastercam.com\/it\/wp-json\/wp\/v2\/pages"}],"about":[{"href":"https:\/\/www.mastercam.com\/it\/wp-json\/wp\/v2\/types\/page"}],"author":[{"embeddable":true,"href":"https:\/\/www.mastercam.com\/it\/wp-json\/wp\/v2\/users\/1"}],"replies":[{"embeddable":true,"href":"https:\/\/www.mastercam.com\/it\/wp-json\/wp\/v2\/comments?post=43114"}],"version-history":[{"count":0,"href":"https:\/\/www.mastercam.com\/it\/wp-json\/wp\/v2\/pages\/43114\/revisions"}],"up":[{"embeddable":true,"href":"https:\/\/www.mastercam.com\/it\/wp-json\/wp\/v2\/pages\/42073"}],"wp:attachment":[{"href":"https:\/\/www.mastercam.com\/it\/wp-json\/wp\/v2\/media?parent=43114"}],"curies":[{"name":"wp","href":"https:\/\/api.w.org\/{rel}","templated":true}]}}