{"id":43112,"date":"2023-01-31T18:25:29","date_gmt":"2023-01-31T23:25:29","guid":{"rendered":"https:\/\/www.mastercam.com\/industrie\/trasporto\/"},"modified":"2026-01-28T14:46:20","modified_gmt":"2026-01-28T19:46:20","slug":"trasporto","status":"publish","type":"page","link":"https:\/\/www.mastercam.com\/it\/soluzioni\/industrie\/trasporto\/","title":{"rendered":"Trasporto"},"content":{"rendered":"<div class=\"hero__breadcrumbs\">\n    <div class=\"container-fluid\">\n      <div class=\"row\">\n        <div class=\"col\">\n          <nav aria-label=\"breadcrumbs\"><ol class=\"breadcrumb\"><li><a href=\"https:\/\/www.mastercam.com\/it\/\">Home<\/a><\/li><\/ol><\/nav>\n        <\/div>\n      <\/div>\n    <\/div>\n  <\/div>\n\n<div class=\"hero hero--minimal wp-block-acf-block-hero\">\n  <div class=\"container-fluid\">\n    <div class=\"row align-items-center\">\n      \n      \n      \n      <div class=\"col-12 col-lg-7 order-2 order-lg-2 hero__content-column\">\n        <div class=\"hero__content\">\n                      <h1 class=\"hero__heading\">\n              \n              Trasporto\n            <\/h1>\n          \n                      <p class=\"hero__text\">Soluzioni Mastercam per la produzione di trasporti<\/p>\n          \n          \n          \n          \n                  <\/div>\n      <\/div>\n    <\/div>\n  <\/div>\n<\/div>\n\n<div class=\"wp-block-group is-style-light-gray-bg is-layout-constrained wp-block-group-is-layout-constrained\" style=\"padding-top:var(--wp--preset--spacing--6);padding-bottom:var(--wp--preset--spacing--6)\">\n<div class=\"wp-block-columns is-style-container is-layout-flex wp-container-core-columns-is-layout-28f84493 wp-block-columns-is-layout-flex\">\n<div class=\"wp-block-column is-layout-flow wp-block-column-is-layout-flow\" style=\"flex-basis:50%\">\n<p>I produttori di mezzi di trasporto e di automobili cercano di migliorare la produttivit\u00e0 in diverse applicazioni.<\/p>\n\n\n\n<p>Quale modo migliore per raggiungere questo obiettivo se non con il software pi\u00f9 recente del sistema CAM numero uno al mondo? Affidati a Mastercam per ottenere una precisione affidabile sui tuoi pezzi finiti con le nostre soluzioni CAD\/CAM complete per produttori e fornitori del settore automobilistico e dei trasporti. <\/p>\n<\/div>\n\n\n\n<div class=\"wp-block-column is-layout-flow wp-block-column-is-layout-flow\" style=\"flex-basis:50%\">\n<p>Nella produzione di trasporti, il successo dipende da precisione, affidabilit\u00e0 e velocit\u00e0. Mastercam \u00e8 un leader affermato in questo settore e fornisce soluzioni CAD\/CAM per soddisfare un&#8217;ampia gamma di richieste di produttivit\u00e0 nel settore. <\/p>\n\n\n\n<ul class=\"wp-block-list\">\n<li>Hai a disposizione un&#8217;ampia gamma di strumenti CAM per risolvere problemi di lavorazione complessi.<\/li>\n\n\n\n<li>Mastercam \u00e8 utilizzato dalla maggior parte delle aziende e dei fornitori leader del settore automobilistico.<\/li>\n\n\n\n<li>Il settore automobilistico e gli sport motoristici sono uno dei nostri maggiori segmenti industriali.<\/li>\n\n\n\n<li>Dynamic Motion\u2122 regola gli avanzamenti, le velocit\u00e0, i punti di entrata e la sosta per un taglio pi\u00f9 veloce e una minore usura degli utensili.<\/li>\n\n\n\n<li>Elimina la necessit\u00e0 di un PLM costoso o si integra con il PLM esistente.<\/li>\n\n\n\n<li>Le strategie proprietarie migliorano la produzione di stampi, modelli e altri elementi fondamentali.<\/li>\n\n\n\n<li>L&#8217;Accelerated Finishing\u2122 riduce i tempi di lavorazione.<\/li>\n\n\n\n<li>Molte soluzioni di terze parti si integrano con Mastercam per il tracciamento dei processi in officina.<\/li>\n<\/ul>\n<\/div>\n<\/div>\n<\/div>\n\n<div class=\"wp-block-columns is-style-medium is-layout-flex wp-container-core-columns-is-layout-b9053888 wp-block-columns-is-layout-flex\" style=\"padding-top:var(--wp--preset--spacing--5)\">\n<div class=\"wp-block-column is-layout-flow wp-block-column-is-layout-flow\">\n<h2 class=\"wp-block-heading\">Soluzioni Mastercam per la produzione di trasporti<\/h2>\n\n\n\n<p>Il software ideale per la produzione di trasporti \u00e8 solo uno degli ingredienti del successo. La nostra comunit\u00e0 globale di utenti, esperti, educatori e appassionati di Mastercam costituisce una preziosa risorsa di conoscenza e innovazione. Inoltre, i nostri rappresentanti Mastercam vantano anni di esperienza pratica in vari settori e mercati locali, contribuendo a garantirti sempre il supporto necessario per ottenere il massimo dal tuo investimento CAD\/CAM.  <\/p>\n\n\n\n<p>Abbiamo sviluppato la pi\u00f9 grande rete globale di partner CAM per offrire ai nostri utenti del settore automobilistico e dei trasporti una serie di opzioni per far scomparire le sfide della produzione. Le nostre soluzioni sfruttano le pi\u00f9 recenti tecnologie sviluppate dai produttori di utensili, software e macchine utensili di tutto il mondo. <\/p>\n\n\n\n<p>La nostra capacit\u00e0 a 5 assi e le strategie proprietarie di rimozione del metallo sono lo standard del settore dei trasporti e degli sport motoristici. Con gli utensili giusti, nessun altro software CAD\/CAM \u00e8 in grado di rimuovere tanto materiale da un pezzo in un tempo cos\u00ec breve e di prolungare la durata degli utensili. <\/p>\n\n\n\n<p>Nella produzione di trasporti, la velocit\u00e0 non \u00e8 nulla senza un risultato accurato, e noi offriamo strumenti che completano le esigenze di precisione della tua officina, dalla progettazione alla tornitura, all&#8217;elettroerosione a filo e molto altro. Dai un&#8217;occhiata alla gamma completa di <a href=\"http:\/\/www.mastercam.com\/solutions\/products\/\">prodotti Mastercam<\/a> per trovare le soluzioni giuste per le tue sfide produttive. Se la tua officina lo fa, noi ti aiuteremo a farlo meglio.  <\/p>\n\n\n\n<div class=\"wp-block-buttons is-layout-flex wp-block-buttons-is-layout-flex\">\n<div class=\"wp-block-button is-style-secondary\"><a class=\"wp-block-button__link wp-element-button\" href=\"https:\/\/www.mastercam.com\/it\/prodotti\/\">Visualizza i prodotti<\/a><\/div>\n<\/div>\n<\/div>\n<\/div>\n\n<div class=\"wp-block-columns is-style-container is-layout-flex wp-container-core-columns-is-layout-28f84493 wp-block-columns-is-layout-flex\">\n<div class=\"wp-block-column is-layout-flow wp-block-column-is-layout-flow\">\n<h2 class=\"wp-block-heading\" style=\"padding-top:var(--wp--preset--spacing--6)\">Add-Ons<\/h2>\n\n\n<div class=\"aligncenter wp-block-acf-block-add-ons\">\n  <div class=\"row block-addons\">\n                                        <div class=\"block-addons__item col-xs-12 col-sm-6 col-md-4 col-lg-3\">\n              <a href=\"https:\/\/www.mastercam.com\/it\/solutions\/add-ons\/port-expert\/\" class=\"btn btn-outline-secondary w-100\">\n                Port Expert\n              <\/a>\n            <\/div>\n                                                                <div class=\"block-addons__item col-xs-12 col-sm-6 col-md-4 col-lg-3\">\n              <a href=\"https:\/\/www.mastercam.com\/it\/solutions\/add-ons\/blade-expert\/\" class=\"btn btn-outline-secondary w-100\">\n                Blade Expert\n              <\/a>\n            <\/div>\n                                                                <div class=\"block-addons__item col-xs-12 col-sm-6 col-md-4 col-lg-3\">\n              <a href=\"https:\/\/www.mastercam.com\/it\/solutions\/add-ons\/multiaxis\/\" class=\"btn btn-outline-secondary w-100\">\n                MultiAxis\n              <\/a>\n            <\/div>\n                                                                <div class=\"block-addons__item col-xs-12 col-sm-6 col-md-4 col-lg-3\">\n              <a href=\"https:\/\/www.mastercam.com\/it\/?post_type=addon&amp;p=43859\" class=\"btn btn-outline-secondary w-100\">\n                Produttivit\u00e0+\n              <\/a>\n            <\/div>\n                              <\/div>\n<\/div>\n<\/div>\n<\/div>\n<div style=\"padding-bottom:var(--wp--preset--spacing--6);\" class=\"container-fluid align wp-block-acf-block-media-object\">\n  <div class=\"row\">\n    <div class=\"col\">\n      <div class=\"d-flex flex-column flex-lg-row media-object media-object--shaded\">\n        <div class=\"flex-shrink-0 media-object__image order-1  order-lg-3 \">\n                                    \n              <a href=\"https:\/\/www.mastercam.com\/it\/?page_id=42729\" tabindex=\"-1\">\n                <img decoding=\"async\" src=\"https:\/\/www.mastercam.com\/wp-content\/uploads\/2023\/01\/Rectangle-2.jpg\" alt=\"man wearing a headset typing on a desktop computer\" loading=\"lazy\">\n              <\/a>\n                              <\/div>\n        <div class=\"media-object__body flex-grow-1 d-lg-flex flex-column order-2 justify-content-lg-center\">\n                                <h2 class=\"media-object__header h3\">Contatta Mastercam<\/h2>\n                                <div class=\"media-object__content\">\n              <p>Contattaci per esplorare le soluzioni software CAD\/CAM per la produzione di trasporti.<\/p>\n\n            <\/div>\n                                <div class=\"media-object__cta\">\n              <a href=\"https:\/\/www.mastercam.com\/it\/?page_id=42729\" class=\"btn btn-outline-secondary\">Contatta Mastercam<\/a>\n            <\/div>\n                  <\/div>\n      <\/div>\n    <\/div>\n  <\/div>\n<\/div>\n\n<div class=\"wp-block-group is-style-light-gray-bg is-layout-constrained wp-block-group-is-layout-constrained\" style=\"margin-top:0;margin-bottom:0;padding-top:var(--wp--preset--spacing--6);padding-bottom:var(--wp--preset--spacing--6)\"><div class=\"container-fluid aligncenter wp-block-acf-block-case-studies\">\n  <div id=\"case-studies\" class=\"row\">\n    <div class=\"col-12 col-md-8\">\n      <h2>Success Stories<\/h2>\n          <\/div>\n    <div class=\"col-12 col-md-4 mt-5 mt-md-0 text-md-end\">\n      <a href=\"https:\/\/www.mastercam.com\/it\/success-stories\/\" class=\"btn btn-outline-secondary btn-view-all\">View all<\/a>\n    <\/div>\n  <\/div>\n  <div class=\"cards mt-5\">\n          \n              <div class=\"col col-12 col-md-6 col-lg-6\">\n  <div class=\"card h-100 case-studies card--linked\">\n          \n      <a href=\"https:\/\/www.mastercam.com\/it\/success-stories\/potenza-achates\/\" aria-hidden=\"true\" tabindex=\"-1\">\n        <div class=\"skeleton-image card-img-top\" style=\"--skeleton-aspect-ratio: 375 \/ 236;\">\n          <img decoding=\"async\" src=\"https:\/\/www.mastercam.com\/wp-content\/uploads\/2023\/04\/AchatesGroupShot-1024x341.jpeg\" alt=\"\" loading=\"lazy\" onload=\"this.classList.add('loaded')\" \/>\n        <\/div>\n      <\/a>\n    \n    <div class=\"card-body\">\n              <span class=\"card-category card-category--static\">Success Stories<\/span>\n      \n      <h3 class=\"card-title\">Potenza Achates<\/h3>\n\n              <p class=\"card-text\">Achates Power di San Diego, California, utilizza Mastercam per creare parti prototipo per un motore ecologico a benzina ad accensione per compressione e pistoni contrapposti. La ricerca collaborativa \u00e8 opera di Achates, Argonne National Laboratory e Delphi Technologies. \u00c8 stata realizzata grazie ai finanziamenti del programma ARPA-E del Dipartimento dell&#039;Energia degli Stati Uniti.<\/p>\n      \n          <\/div>\n\n          \n      <div class=\"card-footer\">\n        <a class=\"btn btn-outline-secondary\" href=\"https:\/\/www.mastercam.com\/it\/success-stories\/potenza-achates\/\">\n          Read more<span class=\"sr-only\"> about Potenza Achates<\/span>\n        <\/a>\n      <\/div>\n      <\/div>\n\n  <\/div>\n                \n              <div class=\"col col-12 col-md-6 col-lg-6\">\n  <div class=\"card h-100 case-studies card--linked\">\n          \n      <a href=\"https:\/\/www.mastercam.com\/it\/success-stories\/storia-di-successo-di-allstrap\/\" aria-hidden=\"true\" tabindex=\"-1\">\n        <div class=\"skeleton-image card-img-top\" style=\"--skeleton-aspect-ratio: 375 \/ 236;\">\n          <img decoding=\"async\" src=\"https:\/\/www.mastercam.com\/wp-content\/uploads\/2023\/04\/Allstrap-1400x420-1-1024x356.jpeg\" alt=\"\" loading=\"lazy\" onload=\"this.classList.add('loaded')\" \/>\n        <\/div>\n      <\/a>\n    \n    <div class=\"card-body\">\n              <span class=\"card-category card-category--static\">Success Stories<\/span>\n      \n      <h3 class=\"card-title\">Storia di successo di Allstrap<\/h3>\n\n              <p class=\"card-text\">Allstrap, Inc. (Upper Arlington, OH) \u00e8 specializzata nella produzione di cinghie in acciaio e polietilene che tengono insieme carichi di grandi dimensioni, nonch\u00e9 di strumenti di tensionamento pneumatici e a batteria che mantengono le cinghie in tensione. L&#039;azienda ha riscontrato un aumento della domanda di strumenti a batteria che eseguono operazioni di taglio, tensionamento e\u2026<\/p>\n      \n          <\/div>\n\n          \n      <div class=\"card-footer\">\n        <a class=\"btn btn-outline-secondary\" href=\"https:\/\/www.mastercam.com\/it\/success-stories\/storia-di-successo-di-allstrap\/\">\n          Read more<span class=\"sr-only\"> about Storia di successo di Allstrap<\/span>\n        <\/a>\n      <\/div>\n      <\/div>\n\n  <\/div>\n            <\/div>\n<\/div>\n<\/div>\n","protected":false},"excerpt":{"rendered":"<p>I produttori di mezzi di trasporto e di automobili cercano di migliorare la produttivit\u00e0 in [&hellip;]<\/p>\n","protected":false},"author":1,"featured_media":0,"parent":42070,"menu_order":0,"comment_status":"closed","ping_status":"closed","template":"","meta":{"_acf_changed":false,"footnotes":""},"class_list":["post-43112","page","type-page","status-publish","hentry"],"acf":[],"yoast_head":"<!-- This site is optimized with the Yoast SEO plugin v26.8 - https:\/\/yoast.com\/product\/yoast-seo-wordpress\/ -->\n<title>Software CAD\/CAM per l&#039;industria dei trasporti | Mastercam<\/title>\n<meta name=\"description\" content=\"Le nostre soluzioni CAD\/CAM aiutano i produttori dell&#039;industria dei trasporti a produrre veicoli, parti, prototipi e altro ancora.\" \/>\n<meta name=\"robots\" content=\"index, follow, max-snippet:-1, max-image-preview:large, max-video-preview:-1\" \/>\n<link rel=\"canonical\" href=\"https:\/\/www.mastercam.com\/it\/soluzioni\/industrie\/trasporto\/\" \/>\n<meta property=\"og:locale\" content=\"it_IT\" \/>\n<meta property=\"og:type\" content=\"article\" \/>\n<meta property=\"og:title\" content=\"Software CAD\/CAM per l&#039;industria dei trasporti | Mastercam\" \/>\n<meta property=\"og:description\" content=\"Le nostre soluzioni CAD\/CAM aiutano i produttori dell&#039;industria dei trasporti a produrre veicoli, parti, prototipi e altro ancora.\" \/>\n<meta property=\"og:url\" content=\"https:\/\/www.mastercam.com\/it\/soluzioni\/industrie\/trasporto\/\" \/>\n<meta property=\"og:site_name\" content=\"mastercam.com\" \/>\n<meta property=\"article:publisher\" content=\"https:\/\/www.facebook.com\/Mastercam\/\" \/>\n<meta property=\"article:modified_time\" content=\"2026-01-28T19:46:20+00:00\" \/>\n<meta property=\"og:image\" content=\"https:\/\/www.mastercam.com\/wp-content\/uploads\/2024\/02\/drill-wide-photo-1200x675-1.jpg\" \/>\n\t<meta property=\"og:image:width\" content=\"1200\" \/>\n\t<meta property=\"og:image:height\" content=\"675\" \/>\n\t<meta property=\"og:image:type\" content=\"image\/jpeg\" \/>\n<meta name=\"twitter:card\" content=\"summary_large_image\" \/>\n<meta name=\"twitter:site\" content=\"@mastercam\" \/>\n<meta name=\"twitter:label1\" content=\"Est. reading time\" \/>\n\t<meta name=\"twitter:data1\" content=\"2 minuti\" \/>\n<script type=\"application\/ld+json\" class=\"yoast-schema-graph\">{\"@context\":\"https:\/\/schema.org\",\"@graph\":[{\"@type\":\"WebPage\",\"@id\":\"https:\/\/www.mastercam.com\/it\/soluzioni\/industrie\/trasporto\/\",\"url\":\"https:\/\/www.mastercam.com\/it\/soluzioni\/industrie\/trasporto\/\",\"name\":\"Software CAD\/CAM per l'industria dei trasporti | Mastercam\",\"isPartOf\":{\"@id\":\"https:\/\/www.mastercam.com\/it\/#website\"},\"datePublished\":\"2023-01-31T23:25:29+00:00\",\"dateModified\":\"2026-01-28T19:46:20+00:00\",\"description\":\"Le nostre soluzioni CAD\/CAM aiutano i produttori dell'industria dei trasporti a produrre veicoli, parti, prototipi e altro ancora.\",\"breadcrumb\":{\"@id\":\"https:\/\/www.mastercam.com\/it\/soluzioni\/industrie\/trasporto\/#breadcrumb\"},\"inLanguage\":\"it-IT\",\"potentialAction\":[{\"@type\":\"ReadAction\",\"target\":[\"https:\/\/www.mastercam.com\/it\/soluzioni\/industrie\/trasporto\/\"]}]},{\"@type\":\"BreadcrumbList\",\"@id\":\"https:\/\/www.mastercam.com\/it\/soluzioni\/industrie\/trasporto\/#breadcrumb\",\"itemListElement\":[{\"@type\":\"ListItem\",\"position\":1,\"name\":\"Home\",\"item\":\"https:\/\/www.mastercam.com\/it\/\"},{\"@type\":\"ListItem\",\"position\":2,\"name\":\"Soluzioni\",\"item\":\"https:\/\/www.mastercam.com\/it\/soluzioni\/\"},{\"@type\":\"ListItem\",\"position\":3,\"name\":\"Industrie\",\"item\":\"https:\/\/www.mastercam.com\/it\/soluzioni\/industrie\/\"},{\"@type\":\"ListItem\",\"position\":4,\"name\":\"Trasporto\"}]},{\"@type\":\"WebSite\",\"@id\":\"https:\/\/www.mastercam.com\/it\/#website\",\"url\":\"https:\/\/www.mastercam.com\/it\/\",\"name\":\"Mastercam\",\"description\":\"Creating software and services that solve the world&#039;s manufacturing challenges\",\"publisher\":{\"@id\":\"https:\/\/www.mastercam.com\/it\/#organization\"},\"potentialAction\":[{\"@type\":\"SearchAction\",\"target\":{\"@type\":\"EntryPoint\",\"urlTemplate\":\"https:\/\/www.mastercam.com\/it\/?s={search_term_string}\"},\"query-input\":{\"@type\":\"PropertyValueSpecification\",\"valueRequired\":true,\"valueName\":\"search_term_string\"}}],\"inLanguage\":\"it-IT\"},{\"@type\":\"Organization\",\"@id\":\"https:\/\/www.mastercam.com\/it\/#organization\",\"name\":\"Mastercam\",\"url\":\"https:\/\/www.mastercam.com\/it\/\",\"logo\":{\"@type\":\"ImageObject\",\"inLanguage\":\"it-IT\",\"@id\":\"https:\/\/www.mastercam.com\/it\/#\/schema\/logo\/image\/\",\"url\":\"https:\/\/www.mastercam.com\/wp-content\/uploads\/2023\/02\/MC_logo.svg\",\"contentUrl\":\"https:\/\/www.mastercam.com\/wp-content\/uploads\/2023\/02\/MC_logo.svg\",\"width\":230,\"height\":40,\"caption\":\"Mastercam\"},\"image\":{\"@id\":\"https:\/\/www.mastercam.com\/it\/#\/schema\/logo\/image\/\"},\"sameAs\":[\"https:\/\/www.facebook.com\/Mastercam\/\",\"https:\/\/x.com\/mastercam\",\"https:\/\/www.linkedin.com\/company\/mastercam\",\"https:\/\/www.youtube.com\/channel\/UChJt5ruSkqnmFH44WsXVZLw\",\"https:\/\/www.instagram.com\/mastercam\/\"]}]}<\/script>\n<!-- \/ Yoast SEO plugin. -->","yoast_head_json":{"title":"Software CAD\/CAM per l'industria dei trasporti | Mastercam","description":"Le nostre soluzioni CAD\/CAM aiutano i produttori dell'industria dei trasporti a produrre veicoli, parti, prototipi e altro ancora.","robots":{"index":"index","follow":"follow","max-snippet":"max-snippet:-1","max-image-preview":"max-image-preview:large","max-video-preview":"max-video-preview:-1"},"canonical":"https:\/\/www.mastercam.com\/it\/soluzioni\/industrie\/trasporto\/","og_locale":"it_IT","og_type":"article","og_title":"Software CAD\/CAM per l'industria dei trasporti | Mastercam","og_description":"Le nostre soluzioni CAD\/CAM aiutano i produttori dell'industria dei trasporti a produrre veicoli, parti, prototipi e altro ancora.","og_url":"https:\/\/www.mastercam.com\/it\/soluzioni\/industrie\/trasporto\/","og_site_name":"mastercam.com","article_publisher":"https:\/\/www.facebook.com\/Mastercam\/","article_modified_time":"2026-01-28T19:46:20+00:00","og_image":[{"width":1200,"height":675,"url":"https:\/\/www.mastercam.com\/wp-content\/uploads\/2024\/02\/drill-wide-photo-1200x675-1.jpg","type":"image\/jpeg"}],"twitter_card":"summary_large_image","twitter_site":"@mastercam","twitter_misc":{"Est. reading time":"2 minuti"},"schema":{"@context":"https:\/\/schema.org","@graph":[{"@type":"WebPage","@id":"https:\/\/www.mastercam.com\/it\/soluzioni\/industrie\/trasporto\/","url":"https:\/\/www.mastercam.com\/it\/soluzioni\/industrie\/trasporto\/","name":"Software CAD\/CAM per l'industria dei trasporti | Mastercam","isPartOf":{"@id":"https:\/\/www.mastercam.com\/it\/#website"},"datePublished":"2023-01-31T23:25:29+00:00","dateModified":"2026-01-28T19:46:20+00:00","description":"Le nostre soluzioni CAD\/CAM aiutano i produttori dell'industria dei trasporti a produrre veicoli, parti, prototipi e altro ancora.","breadcrumb":{"@id":"https:\/\/www.mastercam.com\/it\/soluzioni\/industrie\/trasporto\/#breadcrumb"},"inLanguage":"it-IT","potentialAction":[{"@type":"ReadAction","target":["https:\/\/www.mastercam.com\/it\/soluzioni\/industrie\/trasporto\/"]}]},{"@type":"BreadcrumbList","@id":"https:\/\/www.mastercam.com\/it\/soluzioni\/industrie\/trasporto\/#breadcrumb","itemListElement":[{"@type":"ListItem","position":1,"name":"Home","item":"https:\/\/www.mastercam.com\/it\/"},{"@type":"ListItem","position":2,"name":"Soluzioni","item":"https:\/\/www.mastercam.com\/it\/soluzioni\/"},{"@type":"ListItem","position":3,"name":"Industrie","item":"https:\/\/www.mastercam.com\/it\/soluzioni\/industrie\/"},{"@type":"ListItem","position":4,"name":"Trasporto"}]},{"@type":"WebSite","@id":"https:\/\/www.mastercam.com\/it\/#website","url":"https:\/\/www.mastercam.com\/it\/","name":"Mastercam","description":"Creating software and services that solve the world&#039;s manufacturing challenges","publisher":{"@id":"https:\/\/www.mastercam.com\/it\/#organization"},"potentialAction":[{"@type":"SearchAction","target":{"@type":"EntryPoint","urlTemplate":"https:\/\/www.mastercam.com\/it\/?s={search_term_string}"},"query-input":{"@type":"PropertyValueSpecification","valueRequired":true,"valueName":"search_term_string"}}],"inLanguage":"it-IT"},{"@type":"Organization","@id":"https:\/\/www.mastercam.com\/it\/#organization","name":"Mastercam","url":"https:\/\/www.mastercam.com\/it\/","logo":{"@type":"ImageObject","inLanguage":"it-IT","@id":"https:\/\/www.mastercam.com\/it\/#\/schema\/logo\/image\/","url":"https:\/\/www.mastercam.com\/wp-content\/uploads\/2023\/02\/MC_logo.svg","contentUrl":"https:\/\/www.mastercam.com\/wp-content\/uploads\/2023\/02\/MC_logo.svg","width":230,"height":40,"caption":"Mastercam"},"image":{"@id":"https:\/\/www.mastercam.com\/it\/#\/schema\/logo\/image\/"},"sameAs":["https:\/\/www.facebook.com\/Mastercam\/","https:\/\/x.com\/mastercam","https:\/\/www.linkedin.com\/company\/mastercam","https:\/\/www.youtube.com\/channel\/UChJt5ruSkqnmFH44WsXVZLw","https:\/\/www.instagram.com\/mastercam\/"]}]}},"_links":{"self":[{"href":"https:\/\/www.mastercam.com\/it\/wp-json\/wp\/v2\/pages\/43112","targetHints":{"allow":["GET"]}}],"collection":[{"href":"https:\/\/www.mastercam.com\/it\/wp-json\/wp\/v2\/pages"}],"about":[{"href":"https:\/\/www.mastercam.com\/it\/wp-json\/wp\/v2\/types\/page"}],"author":[{"embeddable":true,"href":"https:\/\/www.mastercam.com\/it\/wp-json\/wp\/v2\/users\/1"}],"replies":[{"embeddable":true,"href":"https:\/\/www.mastercam.com\/it\/wp-json\/wp\/v2\/comments?post=43112"}],"version-history":[{"count":0,"href":"https:\/\/www.mastercam.com\/it\/wp-json\/wp\/v2\/pages\/43112\/revisions"}],"up":[{"embeddable":true,"href":"https:\/\/www.mastercam.com\/it\/wp-json\/wp\/v2\/pages\/42070"}],"wp:attachment":[{"href":"https:\/\/www.mastercam.com\/it\/wp-json\/wp\/v2\/media?parent=43112"}],"curies":[{"name":"wp","href":"https:\/\/api.w.org\/{rel}","templated":true}]}}