{"id":42138,"date":"2024-08-29T16:04:24","date_gmt":"2024-08-29T20:04:24","guid":{"rendered":"https:\/\/www.mastercam.com\/privacy\/divulgazione-della-vulnerabilita-di-mastercam\/"},"modified":"2026-01-28T14:38:48","modified_gmt":"2026-01-28T19:38:48","slug":"divulgazione-della-vulnerabilita-di-mastercam","status":"publish","type":"page","link":"https:\/\/www.mastercam.com\/it\/privacy\/divulgazione-della-vulnerabilita-di-mastercam\/","title":{"rendered":"Divulgazione della vulnerabilit\u00e0 di Mastercam"},"content":{"rendered":"<div class=\"hero__breadcrumbs\">\n    <div class=\"container-fluid\">\n      <div class=\"row\">\n        <div class=\"col\">\n          <nav aria-label=\"breadcrumbs\"><ol class=\"breadcrumb\"><li><a href=\"https:\/\/www.mastercam.com\/it\/\">Home<\/a><\/li><\/ol><\/nav>\n        <\/div>\n      <\/div>\n    <\/div>\n  <\/div>\n\n<div class=\"hero hero--minimal wp-block-acf-block-hero\">\n  <div class=\"container-fluid\">\n    <div class=\"row align-items-center\">\n      \n      \n      \n      <div class=\"col-12 col-lg-7 order-2 order-lg-2 hero__content-column\">\n        <div class=\"hero__content\">\n                      <h1 class=\"hero__heading\">\n              \n              Divulgazione della vulnerabilit\u00e0 di Mastercam\n            <\/h1>\n          \n          \n          \n          \n          \n                  <\/div>\n      <\/div>\n    <\/div>\n  <\/div>\n<\/div>\n\n<div class=\"wp-block-columns is-style-container is-layout-flex wp-container-core-columns-is-layout-28f84493 wp-block-columns-is-layout-flex\">\n<div class=\"wp-block-column is-layout-flow wp-block-column-is-layout-flow\">\n<h2 class=\"wp-block-heading\">Panoramica<\/h2>\n\n\n\n<p>Mastercam si impegna a risolvere qualsiasi vulnerabilit\u00e0 dei suoi prodotti. Siamo lieti di collaborare con i ricercatori che scoprono questi problemi e ci impegniamo a risolverli tempestivamente. Inoltre, attribuiamo grande importanza al riconoscimento e all&#8217;apprezzamento dei contributi dei ricercatori che collaborano con noi per migliorare la sicurezza di Mastercam.  <\/p>\n\n\n\n<h2 class=\"wp-block-heading\">Domini<\/h2>\n\n\n\n<ul class=\"wp-block-list\">\n<li>Mastercam.com<\/li>\n\n\n\n<li>my.Mastercam.com<\/li>\n<\/ul>\n\n\n\n<h2 class=\"wp-block-heading\">Obiettivi di risposta<\/h2>\n\n\n\n<p>Mastercam si impegner\u00e0 a soddisfare i seguenti SLA per i partecipanti al nostro programma:<\/p>\n\n\n\n<figure class=\"wp-block-table\"><table class=\"has-fixed-layout\"><tbody><tr><td><strong>Tipo di risposta<\/strong><\/td><td><strong>SLA in giorni lavorativi<\/strong><\/td><\/tr><tr><td>Prima risposta<\/td><td>2 giorni<\/td><\/tr><tr><td>Tempo per il triage<\/td><td>5 giorni<\/td><\/tr><tr><td>Tempo per la risoluzione<\/td><td>Dipende dalla gravit\u00e0 e dalla complessit\u00e0<\/td><\/tr><\/tbody><\/table><\/figure>\n\n\n\n<p><em>Ci impegneremo a tenerti informato sui nostri progressi durante tutto il processo.<\/em><\/p>\n\n\n\n<h2 class=\"wp-block-heading\">Regole del programma<\/h2>\n\n\n\n<ul class=\"wp-block-list\">\n<li>Ai dipendenti o ai parenti dei dipendenti \u00e8 vietato partecipare.<\/li>\n\n\n\n<li>Fornisci rapporti dettagliati con passaggi riproducibili o un Proof of Concept funzionante.<\/li>\n\n\n\n<li>Invia una vulnerabilit\u00e0 per ogni rapporto, a meno che non sia necessario concatenare le vulnerabilit\u00e0 per fornire l&#8217;impatto.<\/li>\n\n\n\n<li>Non divulgare pubblicamente un problema di sicurezza prima che sia stato risolto.<\/li>\n<\/ul>\n\n\n\n<h2 class=\"wp-block-heading\">Priorit\u00e0<\/h2>\n\n\n\n<p>La nostra attenzione si concentra soprattutto sulle vulnerabilit\u00e0 critiche e di gravit\u00e0 elevata che mettono a rischio la riservatezza, la disponibilit\u00e0 e l&#8217;integrit\u00e0 di un&#8217;applicazione, con particolare attenzione alla <a href=\"https:\/\/owasp.org\/www-project-desktop-app-security-top-10\/\">OWASP Top 10 Desktop Application Security Risks<\/a>. Diamo priorit\u00e0 ai seguenti tipi di vulnerabilit\u00e0:   <\/p>\n\n\n\n<ul class=\"wp-block-list\">\n<li>Esposizione di dati sensibili<\/li>\n\n\n\n<li>Uso improprio della crittografia  <\/li>\n\n\n\n<li>Utilizzo di componenti con vulnerabilit\u00e0 note<\/li>\n\n\n\n<li>Registrazione e monitoraggio insufficienti<\/li>\n\n\n\n<li>Scarsa qualit\u00e0 del codice<\/li>\n\n\n\n<li>Esecuzione di codice remoto<\/li>\n\n\n\n<li>Bypass dell&#8217;autenticazione<\/li>\n\n\n\n<li>Precarico della DLL<\/li>\n\n\n\n<li>Problemi di serializzazione<\/li>\n\n\n\n<li>Overflow dei buffer dello stack e dell&#8217;heap e sovrascrittura della memoria<\/li>\n\n\n\n<li>Utilizza dopo la gratuit\u00e0<\/li>\n\n\n\n<li>Elaborazione di entit\u00e0 esterne XML in azioni critiche<\/li>\n<\/ul>\n\n\n\n<h2 class=\"wp-block-heading\">Ambito di applicazione<\/h2>\n\n\n\n<h3 class=\"wp-block-heading\">In ambito<\/h3>\n\n\n\n<p>Al momento stiamo cercando feedback sulle vulnerabilit\u00e0 solo per le versioni supportate delle seguenti applicazioni e servizi:  <\/p>\n\n\n\n<ul class=\"wp-block-list\">\n<li>Prodotti Mastercam<\/li>\n<\/ul>\n\n\n\n<h3 class=\"wp-block-heading\">Fuori dal campo di applicazione<\/h3>\n\n\n\n<ul class=\"wp-block-list\">\n<li>Le segnalazioni relative a CVE o vulnerabilit\u00e0 note in applicazioni desktop e versioni non supportate saranno classificate come informative, a meno che non siano considerate critiche o di gravit\u00e0 elevata. Le segnalazioni critiche e ad alta gravit\u00e0 saranno valutate caso per caso. <\/li>\n\n\n\n<li>Rapporti provenienti da strumenti o scansioni automatizzate.<\/li>\n\n\n\n<li>Divulgazione del percorso a seguito di messaggi di errore.<\/li>\n\n\n\n<li>Siti di terze parti (siti che fanno riferimento al marchio Mastercam ma che non sono di propriet\u00e0 dell&#8217;azienda, n\u00e9 di branding, etc.).  <\/li>\n<\/ul>\n\n\n\n<h3 class=\"wp-block-heading\">Vulnerabilit\u00e0 fuori portata<\/h3>\n\n\n\n<p>Nel segnalare le vulnerabilit\u00e0, ti preghiamo di considerare (1) lo scenario di attacco\/exploitability e (2) l&#8217;impatto sulla sicurezza del bug. I seguenti problemi sono considerati fuori portata: <\/p>\n\n\n\n<ul class=\"wp-block-list\">\n<li>Attacchi che richiedono il MITM o l&#8217;accesso fisico al dispositivo dell&#8217;utente.<\/li>\n\n\n\n<li>Librerie vulnerabili precedentemente conosciute senza un Proof of Concept funzionante.<\/li>\n\n\n\n<li>Qualsiasi attivit\u00e0 che possa portare all&#8217;interruzione del nostro servizio (DoS).<\/li>\n<\/ul>\n\n\n\n<h2 class=\"wp-block-heading\">Esclusioni<\/h2>\n\n\n\n<p>Durante la ricerca, astieniti da:<\/p>\n\n\n\n<ul class=\"wp-block-list\">\n<li>Negazione del servizio (inclusi DoS, DDoS).<\/li>\n\n\n\n<li>Spamming.<\/li>\n\n\n\n<li>Ingegneria sociale (incluso il phishing) del personale, degli appaltatori o dei clienti di Mastercam.<\/li>\n\n\n\n<li>Qualsiasi tentativo di attacco fisico alle propriet\u00e0 o ai centri dati di Mastercam.<\/li>\n<\/ul>\n\n\n\n<h2 class=\"wp-block-heading\">Politica di ammissibilit\u00e0 e divulgazione<\/h2>\n\n\n\n<ul class=\"wp-block-list\">\n<li>Comunicaci il prima possibile la scoperta di una potenziale vulnerabilit\u00e0 e faremo il possibile per risolvere rapidamente il problema.<\/li>\n\n\n\n<li>Fornirci un periodo di tempo ragionevole per risolvere il problema prima di qualsiasi divulgazione al pubblico o a terzi.<\/li>\n\n\n\n<li>Fornisci rapporti dettagliati con passaggi riproducibili.<\/li>\n\n\n\n<li>Invia una vulnerabilit\u00e0 per ogni rapporto, a meno che non sia necessario concatenare le vulnerabilit\u00e0 per fornire l&#8217;impatto.<\/li>\n<\/ul>\n\n\n\n<h2 class=\"wp-block-heading\">Porto sicuro<\/h2>\n\n\n\n<p><a href=\"https:\/\/www.hackerone.com\/policies\/code-of-conduct\">Codice di condotta<\/a> di HackerOne  <\/p>\n\n\n\n<p>Le attivit\u00e0 in linea con questa politica e con il Codice di Condotta di HackerOne saranno considerate autorizzate e non intraprenderemo azioni legali nei tuoi confronti. Nel caso in cui una terza parte dovesse avviare un procedimento legale relativo ad azioni intraprese in base a questa politica, ci impegneremo attivamente per dimostrare che le tue attivit\u00e0 erano conformi. Apprezziamo il tuo impegno nel contribuire a mantenere Mastercam e i nostri utenti al sicuro.  <\/p>\n\n\n\n<h2 class=\"wp-block-heading\">Modulo di divulgazione delle vulnerabilit\u00e0<\/h2>\n\n\n\n<div class=\"wp-block-columns is-style-container is-layout-flex wp-container-core-columns-is-layout-28f84493 wp-block-columns-is-layout-flex\">\n<div class=\"wp-block-column is-layout-flow wp-block-column-is-layout-flow\" style=\"flex-basis:66.66%\">\n<script charset=\"utf-8\" type=\"text\/javascript\" src=\"\/\/js.hsforms.net\/forms\/embed\/v2.js\"><\/script><script>hbspt.forms.create({\n    region: \"na1\",\n    portalId: \"3375755\",\n    formId: \"227a2bad-bfc7-4221-9474-a65effa9b361\"\n  });\n<\/script>\n<\/div>\n\n\n\n<div class=\"wp-block-column is-layout-flow wp-block-column-is-layout-flow\" style=\"flex-basis:33.33%\"><\/div>\n<\/div>\n<\/div>\n<\/div>\n","protected":false},"excerpt":{"rendered":"<p>Panoramica Mastercam si impegna a risolvere qualsiasi vulnerabilit\u00e0 dei suoi prodotti. Siamo lieti di collaborare [&hellip;]<\/p>\n","protected":false},"author":1,"featured_media":0,"parent":42073,"menu_order":0,"comment_status":"closed","ping_status":"closed","template":"","meta":{"_acf_changed":false,"footnotes":""},"class_list":["post-42138","page","type-page","status-publish","hentry"],"acf":[],"yoast_head":"<!-- This site is optimized with the Yoast SEO plugin v26.8 - https:\/\/yoast.com\/product\/yoast-seo-wordpress\/ -->\n<title>Divulgazione della vulnerabilit\u00e0 di Mastercam - mastercam.com<\/title>\n<meta name=\"description\" content=\"Panoramica Mastercam si impegna a risolvere qualsiasi vulnerabilit\u00e0 dei suoi prodotti. Siamo lieti di collaborare con i ricercatori che scoprono questi\" \/>\n<meta name=\"robots\" content=\"index, follow, max-snippet:-1, max-image-preview:large, max-video-preview:-1\" \/>\n<link rel=\"canonical\" href=\"https:\/\/www.mastercam.com\/it\/privacy\/divulgazione-della-vulnerabilita-di-mastercam\/\" \/>\n<meta property=\"og:locale\" content=\"it_IT\" \/>\n<meta property=\"og:type\" content=\"article\" \/>\n<meta property=\"og:title\" content=\"Divulgazione della vulnerabilit\u00e0 di Mastercam - mastercam.com\" \/>\n<meta property=\"og:description\" content=\"Panoramica Mastercam si impegna a risolvere qualsiasi vulnerabilit\u00e0 dei suoi prodotti. Siamo lieti di collaborare con i ricercatori che scoprono questi\" \/>\n<meta property=\"og:url\" content=\"https:\/\/www.mastercam.com\/it\/privacy\/divulgazione-della-vulnerabilita-di-mastercam\/\" \/>\n<meta property=\"og:site_name\" content=\"mastercam.com\" \/>\n<meta property=\"article:publisher\" content=\"https:\/\/www.facebook.com\/Mastercam\/\" \/>\n<meta property=\"article:modified_time\" content=\"2026-01-28T19:38:48+00:00\" \/>\n<meta property=\"og:image\" content=\"https:\/\/www.mastercam.com\/wp-content\/uploads\/2024\/02\/drill-wide-photo-1200x675-1.jpg\" \/>\n\t<meta property=\"og:image:width\" content=\"1200\" \/>\n\t<meta property=\"og:image:height\" content=\"675\" \/>\n\t<meta property=\"og:image:type\" content=\"image\/jpeg\" \/>\n<meta name=\"twitter:card\" content=\"summary_large_image\" \/>\n<meta name=\"twitter:site\" content=\"@mastercam\" \/>\n<meta name=\"twitter:label1\" content=\"Est. reading time\" \/>\n\t<meta name=\"twitter:data1\" content=\"3 minuti\" \/>\n<script type=\"application\/ld+json\" class=\"yoast-schema-graph\">{\"@context\":\"https:\/\/schema.org\",\"@graph\":[{\"@type\":\"WebPage\",\"@id\":\"https:\/\/www.mastercam.com\/it\/privacy\/divulgazione-della-vulnerabilita-di-mastercam\/\",\"url\":\"https:\/\/www.mastercam.com\/it\/privacy\/divulgazione-della-vulnerabilita-di-mastercam\/\",\"name\":\"Divulgazione della vulnerabilit\u00e0 di Mastercam - mastercam.com\",\"isPartOf\":{\"@id\":\"https:\/\/www.mastercam.com\/it\/#website\"},\"datePublished\":\"2024-08-29T20:04:24+00:00\",\"dateModified\":\"2026-01-28T19:38:48+00:00\",\"description\":\"Panoramica Mastercam si impegna a risolvere qualsiasi vulnerabilit\u00e0 dei suoi prodotti. Siamo lieti di collaborare con i ricercatori che scoprono questi\",\"breadcrumb\":{\"@id\":\"https:\/\/www.mastercam.com\/it\/privacy\/divulgazione-della-vulnerabilita-di-mastercam\/#breadcrumb\"},\"inLanguage\":\"it-IT\",\"potentialAction\":[{\"@type\":\"ReadAction\",\"target\":[\"https:\/\/www.mastercam.com\/it\/privacy\/divulgazione-della-vulnerabilita-di-mastercam\/\"]}]},{\"@type\":\"BreadcrumbList\",\"@id\":\"https:\/\/www.mastercam.com\/it\/privacy\/divulgazione-della-vulnerabilita-di-mastercam\/#breadcrumb\",\"itemListElement\":[{\"@type\":\"ListItem\",\"position\":1,\"name\":\"Home\",\"item\":\"https:\/\/www.mastercam.com\/it\/\"},{\"@type\":\"ListItem\",\"position\":2,\"name\":\"Privacy\",\"item\":\"https:\/\/www.mastercam.com\/it\/privacy\/\"},{\"@type\":\"ListItem\",\"position\":3,\"name\":\"Divulgazione della vulnerabilit\u00e0 di Mastercam\"}]},{\"@type\":\"WebSite\",\"@id\":\"https:\/\/www.mastercam.com\/it\/#website\",\"url\":\"https:\/\/www.mastercam.com\/it\/\",\"name\":\"Mastercam\",\"description\":\"Creating software and services that solve the world&#039;s manufacturing challenges\",\"publisher\":{\"@id\":\"https:\/\/www.mastercam.com\/it\/#organization\"},\"potentialAction\":[{\"@type\":\"SearchAction\",\"target\":{\"@type\":\"EntryPoint\",\"urlTemplate\":\"https:\/\/www.mastercam.com\/it\/?s={search_term_string}\"},\"query-input\":{\"@type\":\"PropertyValueSpecification\",\"valueRequired\":true,\"valueName\":\"search_term_string\"}}],\"inLanguage\":\"it-IT\"},{\"@type\":\"Organization\",\"@id\":\"https:\/\/www.mastercam.com\/it\/#organization\",\"name\":\"Mastercam\",\"url\":\"https:\/\/www.mastercam.com\/it\/\",\"logo\":{\"@type\":\"ImageObject\",\"inLanguage\":\"it-IT\",\"@id\":\"https:\/\/www.mastercam.com\/it\/#\/schema\/logo\/image\/\",\"url\":\"https:\/\/www.mastercam.com\/wp-content\/uploads\/2023\/02\/MC_logo.svg\",\"contentUrl\":\"https:\/\/www.mastercam.com\/wp-content\/uploads\/2023\/02\/MC_logo.svg\",\"width\":230,\"height\":40,\"caption\":\"Mastercam\"},\"image\":{\"@id\":\"https:\/\/www.mastercam.com\/it\/#\/schema\/logo\/image\/\"},\"sameAs\":[\"https:\/\/www.facebook.com\/Mastercam\/\",\"https:\/\/x.com\/mastercam\",\"https:\/\/www.linkedin.com\/company\/mastercam\",\"https:\/\/www.youtube.com\/channel\/UChJt5ruSkqnmFH44WsXVZLw\",\"https:\/\/www.instagram.com\/mastercam\/\"]}]}<\/script>\n<!-- \/ Yoast SEO plugin. -->","yoast_head_json":{"title":"Divulgazione della vulnerabilit\u00e0 di Mastercam - mastercam.com","description":"Panoramica Mastercam si impegna a risolvere qualsiasi vulnerabilit\u00e0 dei suoi prodotti. Siamo lieti di collaborare con i ricercatori che scoprono questi","robots":{"index":"index","follow":"follow","max-snippet":"max-snippet:-1","max-image-preview":"max-image-preview:large","max-video-preview":"max-video-preview:-1"},"canonical":"https:\/\/www.mastercam.com\/it\/privacy\/divulgazione-della-vulnerabilita-di-mastercam\/","og_locale":"it_IT","og_type":"article","og_title":"Divulgazione della vulnerabilit\u00e0 di Mastercam - mastercam.com","og_description":"Panoramica Mastercam si impegna a risolvere qualsiasi vulnerabilit\u00e0 dei suoi prodotti. Siamo lieti di collaborare con i ricercatori che scoprono questi","og_url":"https:\/\/www.mastercam.com\/it\/privacy\/divulgazione-della-vulnerabilita-di-mastercam\/","og_site_name":"mastercam.com","article_publisher":"https:\/\/www.facebook.com\/Mastercam\/","article_modified_time":"2026-01-28T19:38:48+00:00","og_image":[{"width":1200,"height":675,"url":"https:\/\/www.mastercam.com\/wp-content\/uploads\/2024\/02\/drill-wide-photo-1200x675-1.jpg","type":"image\/jpeg"}],"twitter_card":"summary_large_image","twitter_site":"@mastercam","twitter_misc":{"Est. reading time":"3 minuti"},"schema":{"@context":"https:\/\/schema.org","@graph":[{"@type":"WebPage","@id":"https:\/\/www.mastercam.com\/it\/privacy\/divulgazione-della-vulnerabilita-di-mastercam\/","url":"https:\/\/www.mastercam.com\/it\/privacy\/divulgazione-della-vulnerabilita-di-mastercam\/","name":"Divulgazione della vulnerabilit\u00e0 di Mastercam - mastercam.com","isPartOf":{"@id":"https:\/\/www.mastercam.com\/it\/#website"},"datePublished":"2024-08-29T20:04:24+00:00","dateModified":"2026-01-28T19:38:48+00:00","description":"Panoramica Mastercam si impegna a risolvere qualsiasi vulnerabilit\u00e0 dei suoi prodotti. Siamo lieti di collaborare con i ricercatori che scoprono questi","breadcrumb":{"@id":"https:\/\/www.mastercam.com\/it\/privacy\/divulgazione-della-vulnerabilita-di-mastercam\/#breadcrumb"},"inLanguage":"it-IT","potentialAction":[{"@type":"ReadAction","target":["https:\/\/www.mastercam.com\/it\/privacy\/divulgazione-della-vulnerabilita-di-mastercam\/"]}]},{"@type":"BreadcrumbList","@id":"https:\/\/www.mastercam.com\/it\/privacy\/divulgazione-della-vulnerabilita-di-mastercam\/#breadcrumb","itemListElement":[{"@type":"ListItem","position":1,"name":"Home","item":"https:\/\/www.mastercam.com\/it\/"},{"@type":"ListItem","position":2,"name":"Privacy","item":"https:\/\/www.mastercam.com\/it\/privacy\/"},{"@type":"ListItem","position":3,"name":"Divulgazione della vulnerabilit\u00e0 di Mastercam"}]},{"@type":"WebSite","@id":"https:\/\/www.mastercam.com\/it\/#website","url":"https:\/\/www.mastercam.com\/it\/","name":"Mastercam","description":"Creating software and services that solve the world&#039;s manufacturing challenges","publisher":{"@id":"https:\/\/www.mastercam.com\/it\/#organization"},"potentialAction":[{"@type":"SearchAction","target":{"@type":"EntryPoint","urlTemplate":"https:\/\/www.mastercam.com\/it\/?s={search_term_string}"},"query-input":{"@type":"PropertyValueSpecification","valueRequired":true,"valueName":"search_term_string"}}],"inLanguage":"it-IT"},{"@type":"Organization","@id":"https:\/\/www.mastercam.com\/it\/#organization","name":"Mastercam","url":"https:\/\/www.mastercam.com\/it\/","logo":{"@type":"ImageObject","inLanguage":"it-IT","@id":"https:\/\/www.mastercam.com\/it\/#\/schema\/logo\/image\/","url":"https:\/\/www.mastercam.com\/wp-content\/uploads\/2023\/02\/MC_logo.svg","contentUrl":"https:\/\/www.mastercam.com\/wp-content\/uploads\/2023\/02\/MC_logo.svg","width":230,"height":40,"caption":"Mastercam"},"image":{"@id":"https:\/\/www.mastercam.com\/it\/#\/schema\/logo\/image\/"},"sameAs":["https:\/\/www.facebook.com\/Mastercam\/","https:\/\/x.com\/mastercam","https:\/\/www.linkedin.com\/company\/mastercam","https:\/\/www.youtube.com\/channel\/UChJt5ruSkqnmFH44WsXVZLw","https:\/\/www.instagram.com\/mastercam\/"]}]}},"_links":{"self":[{"href":"https:\/\/www.mastercam.com\/it\/wp-json\/wp\/v2\/pages\/42138","targetHints":{"allow":["GET"]}}],"collection":[{"href":"https:\/\/www.mastercam.com\/it\/wp-json\/wp\/v2\/pages"}],"about":[{"href":"https:\/\/www.mastercam.com\/it\/wp-json\/wp\/v2\/types\/page"}],"author":[{"embeddable":true,"href":"https:\/\/www.mastercam.com\/it\/wp-json\/wp\/v2\/users\/1"}],"replies":[{"embeddable":true,"href":"https:\/\/www.mastercam.com\/it\/wp-json\/wp\/v2\/comments?post=42138"}],"version-history":[{"count":0,"href":"https:\/\/www.mastercam.com\/it\/wp-json\/wp\/v2\/pages\/42138\/revisions"}],"up":[{"embeddable":true,"href":"https:\/\/www.mastercam.com\/it\/wp-json\/wp\/v2\/pages\/42073"}],"wp:attachment":[{"href":"https:\/\/www.mastercam.com\/it\/wp-json\/wp\/v2\/media?parent=42138"}],"curies":[{"name":"wp","href":"https:\/\/api.w.org\/{rel}","templated":true}]}}