{"id":29034,"date":"2023-01-13T18:25:15","date_gmt":"2023-01-13T23:25:15","guid":{"rendered":"https:\/\/www.mastercam.com\/chi-siamo\/"},"modified":"2026-01-28T14:38:12","modified_gmt":"2026-01-28T19:38:12","slug":"chi-siamo","status":"publish","type":"page","link":"https:\/\/www.mastercam.com\/it\/notizie\/chi-siamo\/","title":{"rendered":"Chi siamo"},"content":{"rendered":"<div class=\"hero__breadcrumbs\">\n    <div class=\"container-fluid\">\n      <div class=\"row\">\n        <div class=\"col\">\n          <nav aria-label=\"breadcrumbs\"><ol class=\"breadcrumb\"><li><a href=\"https:\/\/www.mastercam.com\/it\/\">Home<\/a><\/li><\/ol><\/nav>\n        <\/div>\n      <\/div>\n    <\/div>\n  <\/div>\n\n<div class=\"hero hero--minimal wp-block-acf-block-hero\">\n  <div class=\"container-fluid\">\n    <div class=\"row align-items-center\">\n      \n      \n      \n      <div class=\"col-12 col-lg-7 order-2 order-lg-2 hero__content-column\">\n        <div class=\"hero__content\">\n                      <h1 class=\"hero__heading\">\n              \n              Mastercam\n            <\/h1>\n          \n          \n          \n          \n          \n                  <\/div>\n      <\/div>\n    <\/div>\n  <\/div>\n<\/div>\n\n<div class=\"wp-block-columns is-style-container is-layout-flex wp-container-core-columns-is-layout-28f84493 wp-block-columns-is-layout-flex\">\n<div class=\"wp-block-column is-layout-flow wp-block-column-is-layout-flow\">\n<h2 class=\"wp-block-heading has-text-align-left\">La nostra missione<\/h2>\n\n\n\n<p>Creare software e servizi che risolvano le sfide produttive del mondo.<\/p>\n\n\n\n<h2 class=\"wp-block-heading\">Forza e stabilit\u00e0<\/h2>\n\n\n\n<figure class=\"wp-block-image alignright size-full is-resized is-style-default\"><img loading=\"lazy\" decoding=\"async\" width=\"525\" height=\"350\" src=\"https:\/\/www.mastercam.com\/wp-content\/uploads\/2023\/10\/Building.jpg\" alt=\"Esterno dell'edificio\" class=\"wp-image-20588\" style=\"width:651px;height:auto\" srcset=\"https:\/\/www.mastercam.com\/wp-content\/uploads\/2023\/10\/Building.jpg 525w, https:\/\/www.mastercam.com\/wp-content\/uploads\/2023\/10\/Building-300x200.jpg 300w, https:\/\/www.mastercam.com\/wp-content\/uploads\/2023\/10\/Building-112x75.jpg 112w, https:\/\/www.mastercam.com\/wp-content\/uploads\/2023\/10\/Building-224x149.jpg 224w\" sizes=\"auto, (max-width: 525px) 100vw, 525px\" \/><\/figure>\n\n\n\n<p>Da oltre 40 anni, Mastercam \u00e8 alla base dei produttori pi\u00f9 esigenti del mondo. Costruiamo il nostro software dove conta: in officina, nei reparti di programmazione e accanto alle persone che lo usano ogni giorno. <\/p>\n\n\n\n<p>Il nostro approccio \u00e8 semplice: combinare una tecnologia all&#8217;avanguardia con un&#8217;esperienza di produzione reale. Non ci limitiamo a sviluppare funzioni isolate, ma risolviamo le reali sfide produttive che i nostri clienti devono affrontare. Questo collegamento diretto con la realt\u00e0 produttiva \u00e8 il motivo per cui oltre 450.000 installazioni in tutto il mondo si affidano a Mastercam per gestire le loro attivit\u00e0, dal settore aerospaziale e automobilistico alla produzione di stampi e oltre.  <\/p>\n\n\n\n<p>Rimaniamo all&#8217;avanguardia rimanendo connessi. Ogni aggiornamento, ogni funzione, ogni innovazione nasce dall&#8217;ascolto di ci\u00f2 che ti serve per avere successo. Perch\u00e9 il miglior software CAD\/CAM non \u00e8 costruito nelle sale riunioni, ma \u00e8 costruito per le persone che fanno le cose.  <\/p>\n\n\n\n<h2 class=\"wp-block-heading\">Raggiungere il mercato<\/h2>\n\n\n\n<p>Mastercam fornisce soluzioni ai progettisti e ai programmatori CNC di tutto il mondo, in una gamma di applicazioni che comprendono la fresatura, la tornitura e l&#8217;elettroerosione a filo da 2 a 5 assi; la progettazione e il disegno 2D e 3D; la modellazione di superfici e solidi; il taglio artistico a rilievo e la tornitura. I clienti spaziano da officine individuali a produttori Fortune 100. Con Mastercam, lo stesso software utilizzato da aziende come Boeing, IBM e Sikorsky \u00e8 ancora abbastanza accessibile per le piccole officine. Per garantire una fornitura continua di programmatori e macchinisti qualificati, Mastercam \u00e8 disponibile per gli istituti di formazione con sconti considerevoli.   <\/p>\n\n\n\n<p>Mentre il nostro prodotto di punta continua a crescere e ad espandersi in nuovi mercati e tecnologie, l&#8217;attenzione dell&#8217;azienda rimane rivolta ai nostri clienti. Mastercam si impegna a fornire soluzioni che favoriscano una maggiore produttivit\u00e0 e precisione per le pi\u00f9 svariate esigenze del settore manifatturiero. <\/p>\n\n\n<div class=\"container-fluid align wp-block-acf-block-icon-ctas\">\n  \n      <div class=\"row icon-ctas\">\n              \n                  <div class=\"icon-ctas__item col-12 col-md-6 icon-ctas__item--horizontal\">\n            <div class=\"card h-100\">\n\n              \n              \n              <div class=\"card-content\">\n                \n                <div class=\"card-title h3\">\n                  Gestione ambientale\n                <\/div>\n\n                \n                                  <div class=\"card-text lead\">\n                    <p>Per Mastercam, essere ecologici non significa solo ridurre l&#8217;impronta di carbonio dell&#8217;azienda, ma anche adottare metodi di vita sostenibili che preservino l&#8217;ambiente. L&#8217;accento \u00e8 posto sull&#8217;utilizzo di prodotti ed energie pulite e rinnovabili. <\/p>\n\n                  <\/div>\n                \n                \n                                  <div class=\"card-footer\">\n                    <a href=\"http:\/\/www.mastercam.com\/it\/about-us\/green-initiative\/\" class=\"btn btn-outline-secondary mb-5 mb-lg-0\" target=\"\">\n                      Scopri l&#039;Iniziativa Verde\n                    <\/a>\n                  <\/div>\n                              <\/div>\n\n            <\/div>\n          <\/div>\n                      \n                  <div class=\"icon-ctas__item col-12 col-md-6 icon-ctas__item--horizontal\">\n            <div class=\"card h-100\">\n\n              \n              \n              <div class=\"card-content\">\n                \n                <div class=\"card-title h3\">\n                  Team di gestione\n                <\/div>\n\n                \n                                  <div class=\"card-text lead\">\n                    <p>L&#8217;azienda \u00e8 guidata da un team manageriale composto da membri con una lunga esperienza nel campo della tecnologia e della produzione. La leadership di Mastercam ha la capacit\u00e0 di rispondere direttamente alle esigenze dell&#8217;industria e degli utenti Mastercam. Il team si impegna affinch\u00e9 l&#8217;azienda nel suo complesso si concentri sulla creazione di soluzioni per le sfide produttive del mondo.  <\/p>\n\n                  <\/div>\n                \n                \n                                  <div class=\"card-footer\">\n                    <a href=\"http:\/\/www.mastercam.com\/it\/about-us\/management\/\" class=\"btn btn-outline-secondary mb-5 mb-lg-0\" target=\"\">\n                      Incontra il team di gestione\n                    <\/a>\n                  <\/div>\n                              <\/div>\n\n            <\/div>\n          <\/div>\n                      \n                  <div class=\"icon-ctas__item col-12 col-md-6 icon-ctas__item--horizontal\">\n            <div class=\"card h-100\">\n\n              \n              \n              <div class=\"card-content\">\n                \n                <div class=\"card-title h3\">\n                  Creare opportunit\u00e0 attraverso le connessioni\n                <\/div>\n\n                \n                                  <div class=\"card-text lead\">\n                    <p>L&#8217;introduzione, l&#8217;accesso e l&#8217;esposizione sono alcuni dei modi migliori per introdurre la diversit\u00e0 nei nostri settori. Ci piace avere l&#8217;opportunit\u00e0 di entrare in contatto con le nostre comunit\u00e0 locali e mondiali. <\/p>\n\n                  <\/div>\n                \n                \n                                  <div class=\"card-footer\">\n                    <a href=\"https:\/\/www.mastercam.com\/it\/about-us\/diversity-equity-and-inclusion\/\" class=\"btn btn-outline-secondary mb-5 mb-lg-0\" target=\"\">\n                      Iniziative per la diversit\u00e0, l&#039;equit\u00e0 e l&#039;inclusione\n                    <\/a>\n                  <\/div>\n                              <\/div>\n\n            <\/div>\n          <\/div>\n                      \n                  <div class=\"icon-ctas__item col-12 col-md-6 icon-ctas__item--horizontal\">\n            <div class=\"card h-100\">\n\n              \n              \n              <div class=\"card-content\">\n                \n                <div class=\"card-title h3\">\n                  Opportunit\u00e0 di lavoro\n                <\/div>\n\n                \n                                  <div class=\"card-text lead\">\n                    <p>Unisciti al team che produce il software CAM pi\u00f9 diffuso al mondo.<\/p>\n\n                  <\/div>\n                \n                \n                                  <div class=\"card-footer\">\n                    <a href=\"http:\/\/www.mastercam.com\/it\/about-us\/careers\/\" class=\"btn btn-outline-secondary mb-5 mb-lg-0\" target=\"\">\n                      Carriere in Mastercam\n                    <\/a>\n                  <\/div>\n                              <\/div>\n\n            <\/div>\n          <\/div>\n                  <\/div>\n  <\/div>\n<\/div>\n<\/div>\n\n<div class=\"wp-block-group is-style-dark-bg is-layout-constrained wp-block-group-is-layout-constrained\" style=\"padding-top:var(--wp--preset--spacing--7);padding-bottom:var(--wp--preset--spacing--7)\"><div class=\"container-fluid aligncenter wp-block-acf-block-case-studies\">\n  <div id=\"case-studies\" class=\"row\">\n    <div class=\"col-12 col-md-8\">\n      <h2>Success Stories<\/h2>\n          <\/div>\n    <div class=\"col-12 col-md-4 mt-5 mt-md-0 text-md-end\">\n      <a href=\"https:\/\/www.mastercam.com\/it\/success-stories\/\" class=\"btn btn-outline-secondary btn-view-all\">View all<\/a>\n    <\/div>\n  <\/div>\n  <div class=\"cards mt-5\">\n          \n              <div class=\"col col-12 col-md-6 col-lg-6\">\n  <div class=\"card h-100 case-studies card--linked\">\n          \n      <a href=\"https:\/\/www.mastercam.com\/it\/success-stories\/3d-machine-inc\/\" aria-hidden=\"true\" tabindex=\"-1\">\n        <div class=\"skeleton-image card-img-top\" style=\"--skeleton-aspect-ratio: 375 \/ 236;\">\n          <img decoding=\"async\" src=\"https:\/\/www.mastercam.com\/wp-content\/uploads\/2023\/04\/HoistdrumMachine-1024x356.jpeg\" alt=\"\" loading=\"lazy\" onload=\"this.classList.add('loaded')\" \/>\n        <\/div>\n      <\/a>\n    \n    <div class=\"card-body\">\n              <span class=\"card-category card-category--static\">Success Stories<\/span>\n      \n      <h3 class=\"card-title\">3D-Machine, Inc.<\/h3>\n\n              <p class=\"card-text\">Prima di utilizzare il percorso utensile Mastercam Lathe Custom Thread, la produzione di un tamburo di sollevamento &#8211; compresa l&#039;impostazione della macchina, gli utensili e la lavorazione &#8211; richiedeva almeno 40 ore. Con il percorso utensile CAM, 3D-Machine, Inc. ha prodotto il pezzo in sole sette ore.<\/p>\n      \n          <\/div>\n\n          \n      <div class=\"card-footer\">\n        <a class=\"btn btn-outline-secondary\" href=\"https:\/\/www.mastercam.com\/it\/success-stories\/3d-machine-inc\/\">\n          Read more<span class=\"sr-only\"> about 3D-Machine, Inc.<\/span>\n        <\/a>\n      <\/div>\n      <\/div>\n\n  <\/div>\n                \n              <div class=\"col col-12 col-md-6 col-lg-6\">\n  <div class=\"card h-100 case-studies card--linked\">\n          \n      <a href=\"https:\/\/www.mastercam.com\/it\/success-stories\/hi-tech-machining-company\/\" aria-hidden=\"true\" tabindex=\"-1\">\n        <div class=\"skeleton-image card-img-top\" style=\"--skeleton-aspect-ratio: 375 \/ 236;\">\n          <img decoding=\"async\" src=\"https:\/\/www.mastercam.com\/wp-content\/uploads\/2023\/04\/HiTechWireEDM-1024x356.jpeg\" alt=\"\" loading=\"lazy\" onload=\"this.classList.add('loaded')\" \/>\n        <\/div>\n      <\/a>\n    \n    <div class=\"card-body\">\n              <span class=\"card-category card-category--static\">Success Stories<\/span>\n      \n      <h3 class=\"card-title\">Hi-Tech Machining Company<\/h3>\n\n              <p class=\"card-text\">Hi-Tech Machining Company di Spartanburg, nella Carolina del Sud, ha fatto molta strada dagli inizi nel cortile di casa di Robert Fowler nel 1987. Oggi \u00e8 una forza trainante dell&#039;industria manifatturiera, Hi-Tech \u00e8 specializzata nella progettazione, lavorazione e riparazione di stampi e parti personalizzate per un&#039;ampia gamma di clienti.<\/p>\n      \n          <\/div>\n\n          \n      <div class=\"card-footer\">\n        <a class=\"btn btn-outline-secondary\" href=\"https:\/\/www.mastercam.com\/it\/success-stories\/hi-tech-machining-company\/\">\n          Read more<span class=\"sr-only\"> about Hi-Tech Machining Company<\/span>\n        <\/a>\n      <\/div>\n      <\/div>\n\n  <\/div>\n            <\/div>\n<\/div>\n<\/div>\n\n<div class=\"wp-block-group is-style-light-gray-bg is-layout-constrained wp-block-group-is-layout-constrained\" style=\"padding-top:var(--wp--preset--spacing--7);padding-bottom:var(--wp--preset--spacing--7)\"><div class=\"container-fluid align wp-block-acf-block-media-object\">\n  <div class=\"row\">\n    <div class=\"col\">\n      <div class=\"d-flex flex-column flex-lg-row media-object media-object--shaded\">\n        <div class=\"flex-shrink-0 media-object__image order-1 \">\n                                    \n              <a href=\"https:\/\/health1.meritain.com\/app\/public\/#\/one\/insurerCode=MERITAIN_I&#038;brandCode=MERITAINOVER\/machine-readable-transparency-in-coverage?reportingEntityType=TPA_15891&#038;lock=true\" tabindex=\"-1\" target=\"_blank\" rel=\"noopener noreferrer\" >\n                <img decoding=\"async\" src=\"https:\/\/www.mastercam.com\/wp-content\/uploads\/2023\/01\/Rectangle-2.jpg\" alt=\"man wearing a headset typing on a desktop computer\" loading=\"lazy\">\n              <\/a>\n                              <\/div>\n        <div class=\"media-object__body flex-grow-1 d-lg-flex flex-column order-2 justify-content-lg-center\">\n                                <h2 class=\"media-object__header h3\">Trasparenza nella copertura<\/h2>\n                                <div class=\"media-object__content\">\n              <p>Questo link conduce ai file leggibili elettronicamente resi disponibili in risposta alla Transparency in Coverage Rule federale e comprende le tariffe dei servizi negoziati e gli importi consentiti fuori rete tra i piani sanitari e i fornitori di assistenza sanitaria. I file leggibili elettronicamente sono formattati in modo da consentire a ricercatori, enti normativi e sviluppatori di applicazioni di accedere ai dati e analizzarli pi\u00f9 facilmente. <\/p>\n\n            <\/div>\n                                <div class=\"media-object__cta\">\n              <a href=\"https:\/\/health1.meritain.com\/app\/public\/#\/one\/insurerCode=MERITAIN_I&#038;brandCode=MERITAINOVER\/machine-readable-transparency-in-coverage?reportingEntityType=TPA_15891&#038;lock=true\" class=\"btn btn-outline-secondary\" target=\"_blank\" rel=\"noopener noreferrer\" >Leggi la trasparenza della copertura<\/a>\n            <\/div>\n                  <\/div>\n      <\/div>\n    <\/div>\n  <\/div>\n<\/div>\n<\/div>\n","protected":false},"excerpt":{"rendered":"<p>La nostra missione Creare software e servizi che risolvano le sfide produttive del mondo. Forza [&hellip;]<\/p>\n","protected":false},"author":1,"featured_media":0,"parent":42665,"menu_order":0,"comment_status":"closed","ping_status":"closed","template":"","meta":{"_acf_changed":false,"footnotes":""},"class_list":["post-29034","page","type-page","status-publish","hentry"],"acf":[],"yoast_head":"<!-- This site is optimized with the Yoast SEO plugin v27.5 - https:\/\/yoast.com\/product\/yoast-seo-wordpress\/ -->\n<title>Chi siamo | Mastercam<\/title>\n<meta name=\"description\" content=\"Mastercam si impegna a creare software e servizi che risolvano le sfide produttive del mondo. Clicca per saperne di pi\u00f9 su ci\u00f2 che facciamo.\" \/>\n<meta name=\"robots\" content=\"index, follow, max-snippet:-1, max-image-preview:large, max-video-preview:-1\" \/>\n<link rel=\"canonical\" href=\"https:\/\/www.mastercam.com\/it\/notizie\/chi-siamo\/\" \/>\n<meta property=\"og:locale\" content=\"it_IT\" \/>\n<meta property=\"og:type\" content=\"article\" \/>\n<meta property=\"og:title\" content=\"Chi siamo | Mastercam\" \/>\n<meta property=\"og:description\" content=\"Mastercam si impegna a creare software e servizi che risolvano le sfide produttive del mondo. Clicca per saperne di pi\u00f9 su ci\u00f2 che facciamo.\" \/>\n<meta property=\"og:url\" content=\"https:\/\/www.mastercam.com\/it\/notizie\/chi-siamo\/\" \/>\n<meta property=\"og:site_name\" content=\"mastercam.com\" \/>\n<meta property=\"article:publisher\" content=\"https:\/\/www.facebook.com\/Mastercam\/\" \/>\n<meta property=\"article:modified_time\" content=\"2026-01-28T19:38:12+00:00\" \/>\n<meta property=\"og:image\" content=\"https:\/\/www.mastercam.com\/wp-content\/uploads\/2023\/10\/Building.jpg\" \/>\n<meta name=\"twitter:card\" content=\"summary_large_image\" \/>\n<meta name=\"twitter:site\" content=\"@mastercam\" \/>\n<meta name=\"twitter:label1\" content=\"Est. reading time\" \/>\n\t<meta name=\"twitter:data1\" content=\"2 minuti\" \/>\n<script type=\"application\/ld+json\" class=\"yoast-schema-graph\">{\"@context\":\"https:\\\/\\\/schema.org\",\"@graph\":[{\"@type\":\"WebPage\",\"@id\":\"https:\\\/\\\/www.mastercam.com\\\/it\\\/notizie\\\/chi-siamo\\\/\",\"url\":\"https:\\\/\\\/www.mastercam.com\\\/it\\\/notizie\\\/chi-siamo\\\/\",\"name\":\"Chi siamo | Mastercam\",\"isPartOf\":{\"@id\":\"https:\\\/\\\/www.mastercam.com\\\/it\\\/#website\"},\"primaryImageOfPage\":{\"@id\":\"https:\\\/\\\/www.mastercam.com\\\/it\\\/notizie\\\/chi-siamo\\\/#primaryimage\"},\"image\":{\"@id\":\"https:\\\/\\\/www.mastercam.com\\\/it\\\/notizie\\\/chi-siamo\\\/#primaryimage\"},\"thumbnailUrl\":\"https:\\\/\\\/www.mastercam.com\\\/wp-content\\\/uploads\\\/2023\\\/10\\\/Building.jpg\",\"datePublished\":\"2023-01-13T23:25:15+00:00\",\"dateModified\":\"2026-01-28T19:38:12+00:00\",\"description\":\"Mastercam si impegna a creare software e servizi che risolvano le sfide produttive del mondo. Clicca per saperne di pi\u00f9 su ci\u00f2 che facciamo.\",\"breadcrumb\":{\"@id\":\"https:\\\/\\\/www.mastercam.com\\\/it\\\/notizie\\\/chi-siamo\\\/#breadcrumb\"},\"inLanguage\":\"it-IT\",\"potentialAction\":[{\"@type\":\"ReadAction\",\"target\":[\"https:\\\/\\\/www.mastercam.com\\\/it\\\/notizie\\\/chi-siamo\\\/\"]}]},{\"@type\":\"ImageObject\",\"inLanguage\":\"it-IT\",\"@id\":\"https:\\\/\\\/www.mastercam.com\\\/it\\\/notizie\\\/chi-siamo\\\/#primaryimage\",\"url\":\"https:\\\/\\\/www.mastercam.com\\\/wp-content\\\/uploads\\\/2023\\\/10\\\/Building.jpg\",\"contentUrl\":\"https:\\\/\\\/www.mastercam.com\\\/wp-content\\\/uploads\\\/2023\\\/10\\\/Building.jpg\"},{\"@type\":\"BreadcrumbList\",\"@id\":\"https:\\\/\\\/www.mastercam.com\\\/it\\\/notizie\\\/chi-siamo\\\/#breadcrumb\",\"itemListElement\":[{\"@type\":\"ListItem\",\"position\":1,\"name\":\"Home\",\"item\":\"https:\\\/\\\/www.mastercam.com\\\/it\\\/\"},{\"@type\":\"ListItem\",\"position\":2,\"name\":\"Notizie\",\"item\":\"https:\\\/\\\/www.mastercam.com\\\/it\\\/notizie\\\/\"},{\"@type\":\"ListItem\",\"position\":3,\"name\":\"Chi siamo\"}]},{\"@type\":\"WebSite\",\"@id\":\"https:\\\/\\\/www.mastercam.com\\\/it\\\/#website\",\"url\":\"https:\\\/\\\/www.mastercam.com\\\/it\\\/\",\"name\":\"Mastercam\",\"description\":\"Creating software and services that solve the world&#039;s manufacturing challenges\",\"publisher\":{\"@id\":\"https:\\\/\\\/www.mastercam.com\\\/it\\\/#organization\"},\"potentialAction\":[{\"@type\":\"SearchAction\",\"target\":{\"@type\":\"EntryPoint\",\"urlTemplate\":\"https:\\\/\\\/www.mastercam.com\\\/it\\\/?s={search_term_string}\"},\"query-input\":{\"@type\":\"PropertyValueSpecification\",\"valueRequired\":true,\"valueName\":\"search_term_string\"}}],\"inLanguage\":\"it-IT\"},{\"@type\":\"Organization\",\"@id\":\"https:\\\/\\\/www.mastercam.com\\\/it\\\/#organization\",\"name\":\"Mastercam\",\"url\":\"https:\\\/\\\/www.mastercam.com\\\/it\\\/\",\"logo\":{\"@type\":\"ImageObject\",\"inLanguage\":\"it-IT\",\"@id\":\"https:\\\/\\\/www.mastercam.com\\\/it\\\/#\\\/schema\\\/logo\\\/image\\\/\",\"url\":\"https:\\\/\\\/www.mastercam.com\\\/wp-content\\\/uploads\\\/2023\\\/02\\\/MC_logo.svg\",\"contentUrl\":\"https:\\\/\\\/www.mastercam.com\\\/wp-content\\\/uploads\\\/2023\\\/02\\\/MC_logo.svg\",\"width\":230,\"height\":40,\"caption\":\"Mastercam\"},\"image\":{\"@id\":\"https:\\\/\\\/www.mastercam.com\\\/it\\\/#\\\/schema\\\/logo\\\/image\\\/\"},\"sameAs\":[\"https:\\\/\\\/www.facebook.com\\\/Mastercam\\\/\",\"https:\\\/\\\/x.com\\\/mastercam\",\"https:\\\/\\\/www.linkedin.com\\\/company\\\/mastercam\",\"https:\\\/\\\/www.youtube.com\\\/channel\\\/UChJt5ruSkqnmFH44WsXVZLw\",\"https:\\\/\\\/www.instagram.com\\\/mastercam\\\/\"]}]}<\/script>\n<!-- \/ Yoast SEO plugin. -->","yoast_head_json":{"title":"Chi siamo | Mastercam","description":"Mastercam si impegna a creare software e servizi che risolvano le sfide produttive del mondo. Clicca per saperne di pi\u00f9 su ci\u00f2 che facciamo.","robots":{"index":"index","follow":"follow","max-snippet":"max-snippet:-1","max-image-preview":"max-image-preview:large","max-video-preview":"max-video-preview:-1"},"canonical":"https:\/\/www.mastercam.com\/it\/notizie\/chi-siamo\/","og_locale":"it_IT","og_type":"article","og_title":"Chi siamo | Mastercam","og_description":"Mastercam si impegna a creare software e servizi che risolvano le sfide produttive del mondo. Clicca per saperne di pi\u00f9 su ci\u00f2 che facciamo.","og_url":"https:\/\/www.mastercam.com\/it\/notizie\/chi-siamo\/","og_site_name":"mastercam.com","article_publisher":"https:\/\/www.facebook.com\/Mastercam\/","article_modified_time":"2026-01-28T19:38:12+00:00","og_image":[{"url":"https:\/\/www.mastercam.com\/wp-content\/uploads\/2023\/10\/Building.jpg","type":"","width":"","height":""}],"twitter_card":"summary_large_image","twitter_site":"@mastercam","twitter_misc":{"Est. reading time":"2 minuti"},"schema":{"@context":"https:\/\/schema.org","@graph":[{"@type":"WebPage","@id":"https:\/\/www.mastercam.com\/it\/notizie\/chi-siamo\/","url":"https:\/\/www.mastercam.com\/it\/notizie\/chi-siamo\/","name":"Chi siamo | Mastercam","isPartOf":{"@id":"https:\/\/www.mastercam.com\/it\/#website"},"primaryImageOfPage":{"@id":"https:\/\/www.mastercam.com\/it\/notizie\/chi-siamo\/#primaryimage"},"image":{"@id":"https:\/\/www.mastercam.com\/it\/notizie\/chi-siamo\/#primaryimage"},"thumbnailUrl":"https:\/\/www.mastercam.com\/wp-content\/uploads\/2023\/10\/Building.jpg","datePublished":"2023-01-13T23:25:15+00:00","dateModified":"2026-01-28T19:38:12+00:00","description":"Mastercam si impegna a creare software e servizi che risolvano le sfide produttive del mondo. Clicca per saperne di pi\u00f9 su ci\u00f2 che facciamo.","breadcrumb":{"@id":"https:\/\/www.mastercam.com\/it\/notizie\/chi-siamo\/#breadcrumb"},"inLanguage":"it-IT","potentialAction":[{"@type":"ReadAction","target":["https:\/\/www.mastercam.com\/it\/notizie\/chi-siamo\/"]}]},{"@type":"ImageObject","inLanguage":"it-IT","@id":"https:\/\/www.mastercam.com\/it\/notizie\/chi-siamo\/#primaryimage","url":"https:\/\/www.mastercam.com\/wp-content\/uploads\/2023\/10\/Building.jpg","contentUrl":"https:\/\/www.mastercam.com\/wp-content\/uploads\/2023\/10\/Building.jpg"},{"@type":"BreadcrumbList","@id":"https:\/\/www.mastercam.com\/it\/notizie\/chi-siamo\/#breadcrumb","itemListElement":[{"@type":"ListItem","position":1,"name":"Home","item":"https:\/\/www.mastercam.com\/it\/"},{"@type":"ListItem","position":2,"name":"Notizie","item":"https:\/\/www.mastercam.com\/it\/notizie\/"},{"@type":"ListItem","position":3,"name":"Chi siamo"}]},{"@type":"WebSite","@id":"https:\/\/www.mastercam.com\/it\/#website","url":"https:\/\/www.mastercam.com\/it\/","name":"Mastercam","description":"Creating software and services that solve the world&#039;s manufacturing challenges","publisher":{"@id":"https:\/\/www.mastercam.com\/it\/#organization"},"potentialAction":[{"@type":"SearchAction","target":{"@type":"EntryPoint","urlTemplate":"https:\/\/www.mastercam.com\/it\/?s={search_term_string}"},"query-input":{"@type":"PropertyValueSpecification","valueRequired":true,"valueName":"search_term_string"}}],"inLanguage":"it-IT"},{"@type":"Organization","@id":"https:\/\/www.mastercam.com\/it\/#organization","name":"Mastercam","url":"https:\/\/www.mastercam.com\/it\/","logo":{"@type":"ImageObject","inLanguage":"it-IT","@id":"https:\/\/www.mastercam.com\/it\/#\/schema\/logo\/image\/","url":"https:\/\/www.mastercam.com\/wp-content\/uploads\/2023\/02\/MC_logo.svg","contentUrl":"https:\/\/www.mastercam.com\/wp-content\/uploads\/2023\/02\/MC_logo.svg","width":230,"height":40,"caption":"Mastercam"},"image":{"@id":"https:\/\/www.mastercam.com\/it\/#\/schema\/logo\/image\/"},"sameAs":["https:\/\/www.facebook.com\/Mastercam\/","https:\/\/x.com\/mastercam","https:\/\/www.linkedin.com\/company\/mastercam","https:\/\/www.youtube.com\/channel\/UChJt5ruSkqnmFH44WsXVZLw","https:\/\/www.instagram.com\/mastercam\/"]}]}},"_links":{"self":[{"href":"https:\/\/www.mastercam.com\/it\/wp-json\/wp\/v2\/pages\/29034","targetHints":{"allow":["GET"]}}],"collection":[{"href":"https:\/\/www.mastercam.com\/it\/wp-json\/wp\/v2\/pages"}],"about":[{"href":"https:\/\/www.mastercam.com\/it\/wp-json\/wp\/v2\/types\/page"}],"author":[{"embeddable":true,"href":"https:\/\/www.mastercam.com\/it\/wp-json\/wp\/v2\/users\/1"}],"replies":[{"embeddable":true,"href":"https:\/\/www.mastercam.com\/it\/wp-json\/wp\/v2\/comments?post=29034"}],"version-history":[{"count":0,"href":"https:\/\/www.mastercam.com\/it\/wp-json\/wp\/v2\/pages\/29034\/revisions"}],"up":[{"embeddable":true,"href":"https:\/\/www.mastercam.com\/it\/wp-json\/wp\/v2\/pages\/42665"}],"wp:attachment":[{"href":"https:\/\/www.mastercam.com\/it\/wp-json\/wp\/v2\/media?parent=29034"}],"curies":[{"name":"wp","href":"https:\/\/api.w.org\/{rel}","templated":true}]}}